{"id":949,"date":"2025-05-22T23:48:53","date_gmt":"2025-05-23T07:48:53","guid":{"rendered":"https:\/\/taichytomato.com\/?post_type=product&#038;p=949"},"modified":"2026-01-08T00:11:54","modified_gmt":"2026-01-08T08:11:54","slug":"3kg-canned-tomato-paste-tin","status":"publish","type":"product","link":"https:\/\/taichytomato.com\/vi\/san-pham\/3kg-canned-tomato-paste-tin\/","title":{"rendered":"M\u1eadt ong c\u00e0 chua \u0111\u00f3ng h\u1ed9p 3kg \u2013 Ch\u1ea5t l\u01b0\u1ee3ng cao c\u1ea5p"},"content":{"rendered":"<h2><span style=\"color: #ff0000;\">B\u1ed9t c\u00e0 chua \u0111\u00f3ng h\u1ed9p 3kg<\/span><\/h2>\n<p>C\u00e1i <strong data-start=\"947\" data-end=\"967\">b\u1ed9t c\u00e0 chua 3kg<\/strong> (c\u00f2n g\u1ecdi l\u00e0 <strong data-start=\"983\" data-end=\"1007\">h\u1ed9p b\u1ed9t c\u00e0 chua 3kg<\/strong>) l\u00e0 k\u00edch th\u01b0\u1edbc \u0111\u00f3ng g\u00f3i ph\u1ed5 bi\u1ebfn \u0111\u01b0\u1ee3c s\u1eed d\u1ee5ng r\u1ed9ng r\u00e3i trong d\u1ecbch v\u1ee5 \u0103n u\u1ed1ng, nh\u00e0 h\u00e0ng v\u00e0 ng\u00e0nh c\u00f4ng nghi\u1ec7p ch\u1ebf bi\u1ebfn th\u1ef1c ph\u1ea9m. N\u00f3 cung c\u1ea5p s\u1ef1 c\u00e2n b\u1eb1ng ho\u00e0n h\u1ea3o gi\u1eefa <strong data-start=\"1157\" data-end=\"1190\">kh\u1ed1i l\u01b0\u1ee3ng l\u1edbn v\u00e0 d\u1ec5 d\u00e0ng x\u1eed l\u00fd<\/strong>, khi\u1ebfn n\u00f3 tr\u1edf th\u00e0nh m\u1ed9t trong nh\u1eefng s\u1ea3n ph\u1ea9m \u0111\u01b0\u1ee3c y\u00eau c\u1ea7u nhi\u1ec1u nh\u1ea5t trong th\u01b0\u01a1ng m\u1ea1i b\u1ed9t c\u00e0 chua to\u00e0n c\u1ea7u.<\/p>\n<hr \/>\n<h2><span style=\"color: #ff0000;\"><strong>1. M\u00f4 t\u1ea3 s\u1ea3n ph\u1ea9m<\/strong><\/span><\/h2>\n<p>S\u1ea3n ph\u1ea9m c\u1ee7a ch\u00fang t\u00f4i <strong data-start=\"1307\" data-end=\"1327\">b\u1ed9t c\u00e0 chua 3kg<\/strong> \u0111\u01b0\u1ee3c s\u1ea3n xu\u1ea5t t\u1eeb c\u00e0 chua t\u01b0\u01a1i, ch\u00edn, kh\u00f4ng bi\u1ebfn \u0111\u1ed5i gen 100%. N\u00f3 \u0111\u01b0\u1ee3c ch\u1ebf bi\u1ebfn c\u1ea9n th\u1eadn \u0111\u1ec3 gi\u1eef \u0111\u01b0\u1ee3c <strong data-start=\"1423\" data-end=\"1444\">m\u00e0u \u0111\u1ecf t\u1ef1 nhi\u00ean<\/strong>, <strong data-start=\"1446\" data-end=\"1461\">h\u01b0\u01a1ng v\u1ecb \u0111\u1eadm \u0111\u00e0<\/strong>, v\u00e0 <strong data-start=\"1467\" data-end=\"1487\">\u0111\u1ed9 \u0111\u1eb7c cao<\/strong>. S\u1ea3n ph\u1ea9m c\u00f3 s\u1eb5n trong<strong> 22-24% , 28\u201330% Brix ho\u1eb7c 36\u201338% Brix<\/strong>, t\u00f9y theo y\u00eau c\u1ea7u c\u1ee7a kh\u00e1ch h\u00e0ng.<\/p>\n<p data-start=\"1588\" data-end=\"1770\">M\u1ed7i <strong data-start=\"1593\" data-end=\"1617\">h\u1ed9p s\u1ed1t c\u00e0 chua 3kg<\/strong> \u0111\u01b0\u1ee3c h\u00fat ch\u00e2n kh\u00f4ng v\u00e0 ti\u1ec7t tr\u00f9ng \u0111\u1ec3 \u0111\u1ea3m b\u1ea3o an to\u00e0n th\u1ef1c ph\u1ea9m, th\u1eddi gian b\u1ea3o qu\u1ea3n l\u00e2u d\u00e0i v\u00e0 b\u1ea3o qu\u1ea3n t\u1ed1t m\u00e0 kh\u00f4ng c\u1ea7n ph\u1ee5 gia ho\u1eb7c ch\u1ea5t b\u1ea3o qu\u1ea3n h\u00f3a h\u1ecdc.<\/p>\n<hr \/>\n<h2><span style=\"color: #ff0000;\"><strong>2. Th\u00f4ng s\u1ed1 k\u1ef9 thu\u1eadt s\u1ea3n ph\u1ea9m\u00a0<\/strong><\/span><\/h2>\n<p><strong>Th\u00f4ng s\u1ed1 k\u1ef9 thu\u1eadt 1:<\/strong><\/p>\n<table>\n<tbody>\n<tr>\n<td width=\"189\">T\u00ean s\u1ea3n ph\u1ea9m<\/td>\n<td width=\"610\">M\u1eadt Ng\u00f4<\/td>\n<\/tr>\n<tr>\n<td width=\"189\">N\u1ed3ng \u0111\u1ed9<\/td>\n<td width=\"610\">18-20%, 22-24%, 26-28%, 28-30%, v.v.<\/td>\n<\/tr>\n<tr>\n<td width=\"189\">K\u00edch th\u01b0\u1edbc h\u1ed9p<\/td>\n<td width=\"610\">3000g<\/td>\n<\/tr>\n<tr>\n<td width=\"189\">Lo\u1ea1i h\u1ed9p<\/td>\n<td width=\"610\">N\u1eafp m\u1edf c\u1ee9ng<\/td>\n<\/tr>\n<tr>\n<td width=\"189\">Nh\u00e3n<\/td>\n<td width=\"610\">In litho<\/td>\n<\/tr>\n<tr>\n<td width=\"189\">M\u00e3 HS<\/td>\n<td width=\"610\">20029011<\/td>\n<\/tr>\n<tr>\n<td width=\"189\">Th\u1eddi h\u1ea1n s\u1eed d\u1ee5ng<\/td>\n<td width=\"610\">24 th\u00e1ng<\/td>\n<\/tr>\n<tr>\n<td width=\"189\">T\u00ean th\u01b0\u01a1ng hi\u1ec7u<\/td>\n<td width=\"610\">d\u01b0\u1edbi d\u1ea1ng<\/td>\n<\/tr>\n<tr>\n<td width=\"189\">T\u1ef7 l\u1ec7 \u0111\u1ea7u v\u00e0o-\u0111\u1ea7u ra<\/td>\n<td width=\"610\">25%-100%<\/td>\n<\/tr>\n<\/tbody>\n<\/table>\n<p>&nbsp;<\/p>\n<p>Th\u00f4ng s\u1ed1 k\u1ef9 thu\u1eadt 2:<\/p>\n<table>\n<tbody>\n<tr>\n<td>1<\/td>\n<td width=\"367\">3000g*6 lon\/th\u00f9ng (HO)<\/td>\n<td width=\"139\">1100 Th\u00f9ng<\/td>\n<\/tr>\n<\/tbody>\n<\/table>\n<p>\u0110\u1ed1i v\u1edbi c\u00e1c gi\u1ea3i ph\u00e1p t\u00f9y ch\u1ec9nh ho\u1eb7c mua s\u1ed1 l\u01b0\u1ee3ng l\u1edbn,\u00a0<a href=\"https:\/\/taichytomato.com\/vi\/contact\/\">vui l\u00f2ng li\u00ean h\u1ec7 v\u1edbi \u0111\u1ed9i ng\u0169 b\u00e1n h\u00e0ng c\u1ee7a ch\u00fang t\u00f4i b\u1ea5t c\u1ee9 l\u00fac n\u00e0o.<\/a><\/p>\n<hr \/>\n<h3 data-start=\"1777\" data-end=\"1822\"><strong data-start=\"1781\" data-end=\"1822\">Quy tr\u00ecnh \u0111\u00f3ng g\u00f3i M\u1eadt ong C\u00e0 chua 3kg<\/strong><\/h3>\n<p data-start=\"1824\" data-end=\"2006\">S\u1ea3n ph\u1ea9m c\u1ee7a ch\u00fang t\u00f4i <strong data-start=\"1828\" data-end=\"1866\">quy tr\u00ecnh \u0111\u00f3ng g\u00f3i m\u1eadt ong c\u00e0 chua 3kg<\/strong> tu\u00e2n th\u1ee7 nghi\u00eam ng\u1eb7t <strong data-start=\"1884\" data-end=\"1893\">HACCP<\/strong>, <strong data-start=\"1895\" data-end=\"1902\">ISO<\/strong>, v\u00e0 <strong data-start=\"1908\" data-end=\"1915\">FDA<\/strong> .<br data-start=\"1926\" data-end=\"1929\" \/>M\u1ed7i b\u01b0\u1edbc s\u1ea3n xu\u1ea5t \u0111\u1ec1u \u0111\u01b0\u1ee3c ki\u1ec3m so\u00e1t \u0111\u1ec3 \u0111\u1ea3m b\u1ea3o \u0111\u1ed9 \u1ed5n \u0111\u1ecbnh v\u00e0 ch\u1ea5t l\u01b0\u1ee3ng s\u1ea3n ph\u1ea9m:<\/p>\n<ol data-start=\"2008\" data-end=\"2489\">\n<li data-start=\"2008\" data-end=\"2079\">\n<p data-start=\"2011\" data-end=\"2079\"><strong data-start=\"2011\" data-end=\"2037\">L\u1ef1a ch\u1ecdn nguy\u00ean li\u1ec7u<\/strong> \u2013 C\u00e0 chua t\u01b0\u01a1i \u0111\u01b0\u1ee3c r\u1eeda s\u1ea1ch v\u00e0 ph\u00e2n lo\u1ea1i.<\/p>\n<\/li>\n<li data-start=\"2080\" data-end=\"2165\">\n<p data-start=\"2083\" data-end=\"2165\"><strong data-start=\"2083\" data-end=\"2113\">Nghi\u1ec1n v\u00e0 c\u00f4 \u0111\u1eb7c<\/strong> \u2013 N\u01b0\u1edbc \u00e9p \u0111\u01b0\u1ee3c bay h\u01a1i \u0111\u1ec3 \u0111\u1ea1t \u0111\u1ed9 Brix y\u00eau c\u1ea7u.<\/p>\n<\/li>\n<li data-start=\"2166\" data-end=\"2252\">\n<p data-start=\"2169\" data-end=\"2252\"><strong data-start=\"2169\" data-end=\"2184\">\u0110\u00f3ng n\u00f3ng<\/strong> \u2013 M\u1eadt \u0111\u1eb7c \u0111\u01b0\u1ee3c \u0111\u00f3ng v\u00e0o <strong data-start=\"2221\" data-end=\"2239\">h\u1ed9p kim lo\u1ea1i 3kg<\/strong> khi c\u00f2n n\u00f3ng.<\/p>\n<\/li>\n<li data-start=\"2253\" data-end=\"2313\">\n<p data-start=\"2256\" data-end=\"2313\"><strong data-start=\"2256\" data-end=\"2267\">H\u00e0n k\u00edn<\/strong> \u2013 H\u1ed9p \u0111\u01b0\u1ee3c h\u00fat ch\u00e2n kh\u00f4ng v\u1edbi c\u00e1c m\u1ed1i h\u00e0n \u0111\u00f4i.<\/p>\n<\/li>\n<li data-start=\"2314\" data-end=\"2398\">\n<p data-start=\"2317\" data-end=\"2398\"><strong data-start=\"2317\" data-end=\"2334\">Ti\u1ec7t tr\u00f9ng<\/strong> \u2013 Ti\u1ec7t tr\u00f9ng b\u1eb1ng nhi\u1ec7t \u0111\u1ed9 cao \u0111\u1ea3m b\u1ea3o \u0111\u1ed9 \u1ed5n \u0111\u1ecbnh l\u00e2u d\u00e0i.<\/p>\n<\/li>\n<li data-start=\"2399\" data-end=\"2489\">\n<p data-start=\"2402\" data-end=\"2489\"><strong data-start=\"2402\" data-end=\"2424\">L\u00e0m m\u00e1t &amp; D\u00e1n nh\u00e3n<\/strong> \u2013 Sau khi l\u00e0m m\u00e1t, c\u00e1c h\u1ed9p \u0111\u01b0\u1ee3c d\u00e1n nh\u00e3n, \u0111\u00f3ng g\u00f3i v\u00e0 x\u1ebfp pallet.<\/p>\n<\/li>\n<\/ol>\n<p data-start=\"2491\" data-end=\"2623\">C\u00e1i n\u00e0y <strong data-start=\"2496\" data-end=\"2545\">d\u00e2y chuy\u1ec1n \u0111\u00f3ng g\u00f3i s\u1ed1t c\u00e0 chua 3kg t\u1ef1 \u0111\u1ed9ng<\/strong> \u0111\u1ea3m b\u1ea3o tr\u1ecdng l\u01b0\u1ee3ng \u0111\u00f3ng \u0111\u1ea7y \u0111\u1ee7, v\u1ec7 sinh v\u00e0 \u0111\u1ed9 b\u1ec1n trong qu\u00e1 tr\u00ecnh v\u1eadn chuy\u1ec3n.<\/p>\n<hr \/>\n<h3 data-start=\"2630\" data-end=\"2658\"><strong data-start=\"2634\" data-end=\"2658\">4. Chi ti\u1ebft \u0111\u00f3ng g\u00f3i<\/strong><\/h3>\n<ul data-start=\"2660\" data-end=\"2920\">\n<li data-start=\"2660\" data-end=\"2699\">\n<p data-start=\"2662\" data-end=\"2699\"><strong data-start=\"2662\" data-end=\"2677\">Tr\u1ecdng l\u01b0\u1ee3ng t\u1ecbnh:<\/strong> 3kg m\u1ed7i h\u1ed9p (3000g)<\/p>\n<\/li>\n<li data-start=\"2700\" data-end=\"2729\">\n<p data-start=\"2702\" data-end=\"2729\"><strong data-start=\"2702\" data-end=\"2711\">\u0110\u1ed9 Brix:<\/strong> 18-20%, 22-24%, 26-28%, 28-30%, v.v.<\/p>\n<\/li>\n<li data-start=\"2730\" data-end=\"2785\">\n<p data-start=\"2732\" data-end=\"2785\"><strong data-start=\"2732\" data-end=\"2745\">Lo\u1ea1i h\u1ed9p:<\/strong> Thi\u1ebfc tr\u00e1ng men ph\u1ee7 l\u1edbp s\u01a1n ph\u1ee7 b\u00ean trong<\/p>\n<\/li>\n<li data-start=\"2786\" data-end=\"2837\">\n<p data-start=\"2788\" data-end=\"2837\"><strong data-start=\"2788\" data-end=\"2798\">Nh\u00e3n:<\/strong> Nh\u00e3n gi\u1ea5y ho\u1eb7c in litho<\/p>\n<\/li>\n<li data-start=\"2838\" data-end=\"2887\">\n<p data-start=\"2840\" data-end=\"2887\"><strong data-start=\"2840\" data-end=\"2852\">\u0110\u00f3ng g\u00f3i:<\/strong> 6 h\u1ed9p trong m\u1ed9t th\u00f9ng carton (t\u00f9y ch\u1ec9nh)<\/p>\n<\/li>\n<li data-start=\"2888\" data-end=\"2920\">\n<p data-start=\"2890\" data-end=\"2920\"><strong data-start=\"2890\" data-end=\"2905\">Th\u1eddi h\u1ea1n s\u1eed d\u1ee5ng:<\/strong> 24\u201336 th\u00e1ng<\/p>\n<\/li>\n<\/ul>\n<p data-start=\"2922\" data-end=\"3022\">Thi\u1ebft k\u1ebf nh\u00e3n ri\u00eang v\u00e0 c\u00e1c th\u00f4ng s\u1ed1 t\u00f9y ch\u1ec9nh c\u00f3 s\u1eb5n theo y\u00eau c\u1ea7u c\u1ee7a kh\u00e1ch h\u00e0ng.<\/p>\n<hr \/>\n<h3 data-start=\"3029\" data-end=\"3052\"><strong data-start=\"3033\" data-end=\"3052\">5. \u1ee8ng d\u1ee5ng<\/strong><\/h3>\n<p data-start=\"3054\" data-end=\"3101\">C\u00e1i <strong data-start=\"3058\" data-end=\"3078\">b\u1ed9t c\u00e0 chua 3kg<\/strong> \u0111\u1ecbnh d\u1ea1ng l\u00fd t\u01b0\u1edfng cho:<\/p>\n<ul data-start=\"3102\" data-end=\"3328\">\n<li data-start=\"3102\" data-end=\"3140\">\n<p data-start=\"3104\" data-end=\"3140\">Nh\u00e0 h\u00e0ng v\u00e0 c\u00f4ng ty d\u1ecbch v\u1ee5 \u0103n u\u1ed1ng<\/p>\n<\/li>\n<li data-start=\"3141\" data-end=\"3207\">\n<p data-start=\"3143\" data-end=\"3207\">Nh\u00e0 s\u1ea3n xu\u1ea5t th\u1ef1c ph\u1ea9m (s\u1ed1t, ketchup, s\u00fap v\u00e0 h\u1ea7m)<\/p>\n<\/li>\n<li data-start=\"3208\" data-end=\"3257\">\n<p data-start=\"3210\" data-end=\"3257\">Nh\u00e0 ph\u00e2n ph\u1ed1i cho th\u1ecb tr\u01b0\u1eddng b\u00e1n l\u1ebb v\u00e0 s\u1ec9<\/p>\n<\/li>\n<li data-start=\"3258\" data-end=\"3328\">\n<p data-start=\"3260\" data-end=\"3328\">Nh\u00e0 xu\u1ea5t kh\u1ea9u ph\u1ee5c v\u1ee5 ch\u00e2u Phi, Trung \u0110\u00f4ng, Nam M\u1ef9 v\u00e0 ch\u00e2u \u00c1<\/p>\n<\/li>\n<\/ul>\n<hr \/>\n<h3 data-start=\"3335\" data-end=\"3380\"><strong data-start=\"3339\" data-end=\"3380\">6. \u01afu \u0111i\u1ec3m c\u1ee7a M\u1eadt Ng\u00f4 C\u00e0 Chua 3kg c\u1ee7a Ch\u00fang T\u00f4i<\/strong><\/h3>\n<p data-start=\"3382\" data-end=\"3649\">\u2705 L\u00e0m t\u1eeb c\u00e0 chua t\u1ef1 nhi\u00ean, t\u01b0\u01a1i 100%<br data-start=\"3422\" data-end=\"3425\" \/>\u2705 Kh\u00f4ng ch\u1ea5t b\u1ea3o qu\u1ea3n ho\u1eb7c m\u00e0u nh\u00e2n t\u1ea1o<br data-start=\"3464\" data-end=\"3467\" \/>\u2705 H\u00e0m l\u01b0\u1ee3ng Brix cao v\u00e0 k\u1ebft c\u1ea5u \u0111\u1eb7c<br data-start=\"3496\" data-end=\"3499\" \/>\u2705 Th\u1eddi gian b\u1ea3o qu\u1ea3n l\u00e2u v\u1edbi ch\u1ea5t l\u01b0\u1ee3ng \u1ed5n \u0111\u1ecbnh<br data-start=\"3536\" data-end=\"3539\" \/>\u2705 D\u1ecbch v\u1ee5 OEM \/ Nh\u00e3n ri\u00eang c\u00f3 s\u1eb5n<br data-start=\"3578\" data-end=\"3581\" \/>\u2705 C\u1ea1nh tranh <strong data-start=\"3595\" data-end=\"3621\">gi\u00e1 m\u1eadt ng\u00f4 c\u00e0 chua 3kg<\/strong> tr\u1ef1c ti\u1ebfp t\u1eeb nh\u00e0 m\u00e1y<\/p>\n<hr data-start=\"3651\" data-end=\"3654\" \/>\n<h3 data-start=\"3656\" data-end=\"3694\"><strong data-start=\"3660\" data-end=\"3694\">7. Th\u00f4ng tin Xu\u1ea5t kh\u1ea9u &amp; Cung c\u1ea5p<\/strong><\/h3>\n<p data-start=\"3696\" data-end=\"3905\">Ch\u00fang t\u00f4i cung c\u1ea5p <strong data-start=\"3706\" data-end=\"3731\">h\u1ed9p m\u1eadt ng\u00f4 c\u00e0 chua 3kg<\/strong> v\u00e0 <strong data-start=\"3736\" data-end=\"3761\">h\u1ed9p s\u1ed1t c\u00e0 chua 3kg<\/strong> \u0111\u1ebfn h\u01a1n 50 qu\u1ed1c gia tr\u00ean to\u00e0n th\u1ebf gi\u1edbi. Nh\u00e0 m\u00e1y c\u1ee7a ch\u00fang t\u00f4i h\u1ed7 tr\u1ee3 th\u01b0\u01a1ng hi\u1ec7u OEM, nh\u00e3n \u0111a ng\u00f4n ng\u1eef v\u00e0 c\u00e1c t\u00f9y ch\u1ecdn v\u1eadn chuy\u1ec3n linh ho\u1ea1t (b\u1eb1ng \u0111\u01b0\u1eddng bi\u1ec3n, FCL\/LCL).<\/p>\n<hr \/>\n<h2><span style=\"color: #ff0000;\"><strong>8<\/strong><strong>.FAQ<\/strong><\/span><\/h2>\n<p>&nbsp;<\/p>\n<p><strong>1.Khi n\u00e0o t\u00f4i c\u00f3 th\u1ec3 nh\u1eadn \u0111\u01b0\u1ee3c b\u00e1o gi\u00e1?\u00a0<\/strong><\/p>\n<p>Ch\u00fang t\u00f4i th\u01b0\u1eddng b\u00e1o gi\u00e1 trong v\u00f2ng 12 gi\u1edd sau khi nh\u1eadn \u0111\u01b0\u1ee3c y\u00eau c\u1ea7u c\u1ee7a b\u1ea1n. N\u1ebfu b\u1ea1n c\u1ea7n g\u1ea5p \u0111\u1ec3 l\u1ea5y gi\u00e1, vui l\u00f2ng cho ch\u00fang t\u00f4i bi\u1ebft \u0111\u1ec3 ch\u00fang t\u00f4i xem y\u00eau c\u1ea7u c\u1ee7a b\u1ea1n l\u00e0 \u01b0u ti\u00ean. B\u1ea1n c\u0169ng c\u00f3 th\u1ec3 li\u00ean h\u1ec7 v\u1edbi ch\u00fang t\u00f4i qua WhatsApp g\u1ea5p. v\u00e0 \u0111\u1ed9i ng\u0169 marketing c\u1ee7a ch\u00fang t\u00f4i s\u1ebd lu\u00f4n tr\u1ef1c tuy\u1ebfn 24 gi\u1edd.<\/p>\n<p>&nbsp;<\/p>\n<p><strong>2.L\u00e0m th\u1ebf n\u00e0o \u0111\u1ec3 t\u00f4i l\u1ea5y m\u1eabu \u0111\u1ec3 ki\u1ec3m tra ch\u1ea5t l\u01b0\u1ee3ng c\u1ee7a b\u1ea1n?\u00a0<\/strong><\/p>\n<p>Sau khi x\u00e1c nh\u1eadn gi\u00e1, b\u1ea1n c\u00f3 th\u1ec3 y\u00eau c\u1ea7u m\u1eabu \u0111\u1ec3 ki\u1ec3m tra ch\u1ea5t l\u01b0\u1ee3ng c\u1ee7a ch\u00fang t\u00f4i.<\/p>\n<p>Ch\u00fang t\u00f4i c\u0169ng ch\u1ea5p nh\u1eadn ki\u1ec3m tra c\u1ee7a b\u00ean th\u1ee9 ba (SGS\/BV) tr\u01b0\u1edbc khi giao h\u00e0ng.<\/p>\n<p>&nbsp;<\/p>\n<p><strong>3.B\u1ea1n ch\u1ea5p nh\u1eadn c\u00e1c lo\u1ea1i t\u1ec7p n\u00e0o \u0111\u1ec3 in?<\/strong><\/p>\n<p>PDF, Core Draw, JPG \u0111\u1ed9 ph\u00e2n gi\u1ea3i cao ho\u1eb7c \u0111\u1ecbnh d\u1ea1ng AI<\/p>\n<p>&nbsp;<\/p>\n<p><strong>4.B\u1ea1n c\u00f3 th\u1ec3 thi\u1ebft k\u1ebf gi\u00fap ch\u00fang t\u00f4i kh\u00f4ng?\u00a0<\/strong><\/p>\n<p>C\u00f3. Ch\u00fang t\u00f4i c\u00f3 \u0111\u1ed9i ng\u0169 chuy\u00ean nghi\u1ec7p c\u00f3 nhi\u1ec1u kinh nghi\u1ec7m trong thi\u1ebft k\u1ebf v\u00e0 s\u1ea3n xu\u1ea5t.<\/p>\n<p>V\u00e0 d\u1ecbch v\u1ee5 n\u00e0y l\u00e0 Mi\u1ec5n ph\u00ed.<\/p>\n<p>&nbsp;<\/p>\n<p><strong>5.T\u00f4i c\u00f3 th\u1ec3 mong \u0111\u1ee3i nh\u1eadn m\u1eabu trong bao l\u00e2u?\u00a0<\/strong><\/p>\n<p>3-5 ng\u00e0y l\u00e0m vi\u1ec7c cho m\u1eabu. Ch\u00fang t\u00f4i \u0111\u00e3 k\u00fd h\u1ee3p \u0111\u1ed3ng v\u1edbi DHL, TNT, UPS v\u00e0 Fedex.<\/p>\n<p>&nbsp;<\/p>\n<p><strong>6.Th\u1eddi gian s\u1ea3n xu\u1ea5t h\u00e0ng lo\u1ea1t l\u00e0 bao l\u00e2u?\u00a0<\/strong><\/p>\n<p>25 ng\u00e0y l\u00e0m vi\u1ec7c cho s\u1ea3n xu\u1ea5t h\u00e0ng lo\u1ea1t. Th\u1eddi gian ph\u1ee5 thu\u1ed9c v\u00e0o s\u1ed1 l\u01b0\u1ee3ng c\u1ee7a b\u1ea1n, v\u00e0 ch\u00fang t\u00f4i s\u1ebd c\u1ed1 g\u1eafng h\u1ebft s\u1ee9c \u0111\u1ec3 \u0111\u00e1p \u1ee9ng nhu c\u1ea7u c\u1ee7a b\u1ea1n.<\/p>\n<p>\ud83d\udce9 <a href=\"https:\/\/taichytomato.com\/vi\/contact\/\"><u>Li\u00ean h\u1ec7 v\u1edbi ch\u00fang t\u00f4i ngay b\u00e2y gi\u1edd<\/u><\/a>\u00a0\u0111\u1ec3 bi\u1ebft gi\u00e1 c\u1ea3, b\u1ea3ng th\u00f4ng s\u1ed1 k\u1ef9 thu\u1eadt v\u00e0 c\u00e1c t\u00f9y ch\u1ecdn \u0111\u00f3ng g\u00f3i OEM!<\/p>\n<p>N\u1ebeU b\u1ea1n c\u00f3 b\u1ea5t k\u1ef3 th\u1eafc m\u1eafc n\u00e0o, nh\u1ea5n v\u00e0o \u0111\u00e2y\u201d<a href=\"https:\/\/taichytomato.com\/vi\/buyers-guide-for-canned-tomato-paste\/\"><u>H\u01b0\u1edbng D\u1eabn Ng\u01b0\u1eddi Mua M\u1eadt Ong C\u00e0 Chua H\u1ed9p<\/u><\/a>\u201d\u0111i\u1ec1u n\u00e0y s\u1ebd gi\u00fap b\u1ea1n<\/p>\n<p>n\u1ebfu b\u1ea1n c\u00f3 b\u1ea5t k\u1ef3 c\u00e2u h\u1ecfi n\u00e0o, b\u1ea1n c\u00f3 th\u1ec3 nh\u1ea5n v\u00e0o b\u00e0i vi\u1ebft n\u00e0y. .<\/p>\n<p><a href=\"https:\/\/taichytomato.com\/vi\/your-reliable-tomato-paste-supplier-drum-canned-tomato-paste-available\/\"> Nh\u00e0 cung c\u1ea5p t\u01b0\u01a1ng c\u00e0 ch\u00edn \u0111\u00e1ng tin c\u1eady c\u1ee7a b\u1ea1n | H\u0169 v\u00e0 lon t\u01b0\u01a1ng c\u00e0 ch\u00edn c\u00f3 s\u1eb5n<\/a><\/p>","protected":false},"excerpt":{"rendered":"<p>Brix:18-20%,22-24%,26-28%,28-30%<br \/>\nH\u1ed9p thi\u1ebfc ch\u1ed1ng r\u1ec9 s\u00e9t\/ ch\u1ed1ng c\u0103ng th\u1eb3ng\/ ch\u1ed1ng \u1ea9m<br \/>\nTh\u01b0\u01a1ng hi\u1ec7u: Thi\u1ebft k\u1ebf ho\u1eb7c OEM<br \/>\nS\u1ed1 l\u01b0\u1ee3ng t\u1ed1i thi\u1ec3u: 1X20ft<br \/>\nChi ti\u1ebft giao h\u00e0ng: 30-35 ng\u00e0y sau khi nh\u1eadn \u0111\u1eb7t c\u1ecdc ho\u1eb7c LC. Giao h\u00e0ng nhanh nh\u1ea5t.<br \/>\nM\u00e3 HS:2002901100<\/p>","protected":false},"featured_media":3280,"template":"","meta":{"_acf_changed":false,"_seopress_robots_primary_cat":"none","_seopress_titles_title":"Industrial 3 kg Canned Tomato Paste & Tomato Paste Tins","_seopress_titles_desc":"Our large-format canned tomato paste is ideal for industrial use. 3000g tomato paste tins provide a stable and cost-effective supply for manufacturers.","_seopress_robots_index":"","site-sidebar-layout":"default","site-content-layout":"","ast-site-content-layout":"default","site-content-style":"default","site-sidebar-style":"default","ast-global-header-display":"","ast-banner-title-visibility":"","ast-main-header-display":"","ast-hfb-above-header-display":"","ast-hfb-below-header-display":"","ast-hfb-mobile-header-display":"","site-post-title":"","ast-breadcrumbs-content":"","ast-featured-img":"","footer-sml-layout":"","ast-disable-related-posts":"","theme-transparent-header-meta":"default","adv-header-id-meta":"","stick-header-meta":"","header-above-stick-meta":"","header-main-stick-meta":"","header-below-stick-meta":"","astra-migrate-meta-layouts":"set","ast-page-background-enabled":"default","ast-page-background-meta":{"desktop":{"background-color":"var(--ast-global-color-5)","background-image":"","background-repeat":"repeat","background-position":"center center","background-size":"auto","background-attachment":"scroll","background-type":"","background-media":"","overlay-type":"","overlay-color":"","overlay-opacity":"","overlay-gradient":""},"tablet":{"background-color":"","background-image":"","background-repeat":"repeat","background-position":"center center","background-size":"auto","background-attachment":"scroll","background-type":"","background-media":"","overlay-type":"","overlay-color":"","overlay-opacity":"","overlay-gradient":""},"mobile":{"background-color":"","background-image":"","background-repeat":"repeat","background-position":"center center","background-size":"auto","background-attachment":"scroll","background-type":"","background-media":"","overlay-type":"","overlay-color":"","overlay-opacity":"","overlay-gradient":""}},"ast-content-background-meta":{"desktop":{"background-color":"var(--ast-global-color-4)","background-image":"","background-repeat":"repeat","background-position":"center center","background-size":"auto","background-attachment":"scroll","background-type":"","background-media":"","overlay-type":"","overlay-color":"","overlay-opacity":"","overlay-gradient":""},"tablet":{"background-color":"var(--ast-global-color-4)","background-image":"","background-repeat":"repeat","background-position":"center center","background-size":"auto","background-attachment":"scroll","background-type":"","background-media":"","overlay-type":"","overlay-color":"","overlay-opacity":"","overlay-gradient":""},"mobile":{"background-color":"var(--ast-global-color-4)","background-image":"","background-repeat":"repeat","background-position":"center center","background-size":"auto","background-attachment":"scroll","background-type":"","background-media":"","overlay-type":"","overlay-color":"","overlay-opacity":"","overlay-gradient":""}}},"product_brand":[],"product_cat":[96],"product_tag":[214,156,45,151],"class_list":{"0":"post-949","1":"product","2":"type-product","3":"status-publish","4":"has-post-thumbnail","6":"product_cat-canned-tomato-paste","7":"product_tag-3000g-canned-tomato-paste","8":"product_tag-3kg-canned-tomato-paste","9":"product_tag-canned-tomato-paste","10":"product_tag-canned-tomato-paste-manufacture","11":"desktop-align-left","12":"tablet-align-left","13":"mobile-align-left","15":"first","16":"instock","17":"sale","18":"shipping-taxable","19":"purchasable","20":"product-type-simple"},"acf":[],"_links":{"self":[{"href":"https:\/\/taichytomato.com\/vi\/wp-json\/wp\/v2\/product\/949","targetHints":{"allow":["GET"]}}],"collection":[{"href":"https:\/\/taichytomato.com\/vi\/wp-json\/wp\/v2\/product"}],"about":[{"href":"https:\/\/taichytomato.com\/vi\/wp-json\/wp\/v2\/types\/product"}],"version-history":[{"count":0,"href":"https:\/\/taichytomato.com\/vi\/wp-json\/wp\/v2\/product\/949\/revisions"}],"wp:featuredmedia":[{"embeddable":true,"href":"https:\/\/taichytomato.com\/vi\/wp-json\/wp\/v2\/media\/3280"}],"wp:attachment":[{"href":"https:\/\/taichytomato.com\/vi\/wp-json\/wp\/v2\/media?parent=949"}],"wp:term":[{"taxonomy":"product_brand","embeddable":true,"href":"https:\/\/taichytomato.com\/vi\/wp-json\/wp\/v2\/product_brand?post=949"},{"taxonomy":"product_cat","embeddable":true,"href":"https:\/\/taichytomato.com\/vi\/wp-json\/wp\/v2\/product_cat?post=949"},{"taxonomy":"product_tag","embeddable":true,"href":"https:\/\/taichytomato.com\/vi\/wp-json\/wp\/v2\/product_tag?post=949"}],"curies":[{"name":"wp","href":"https:\/\/api.w.org\/{rel}","templated":true}]}}