{"id":941,"date":"2025-05-22T23:45:00","date_gmt":"2025-05-23T07:45:00","guid":{"rendered":"https:\/\/taichytomato.com\/?post_type=product&#038;p=941"},"modified":"2026-03-23T23:38:04","modified_gmt":"2026-03-24T07:38:04","slug":"2-2kg-canned-tomato-paste","status":"publish","type":"product","link":"https:\/\/taichytomato.com\/vi\/san-pham\/2-2kg-canned-tomato-paste\/","title":{"rendered":"T\u01b0\u01a1ng c\u00e0 2.2kg \u2013 Ch\u1ea5t l\u01b0\u1ee3ng cao c\u1ea5p, \u0111\u00f3ng g\u00f3i chuy\u00ean nghi\u1ec7p cho ngu\u1ed3n cung to\u00e0n c\u1ea7u"},"content":{"rendered":"<h2><span style=\"color: #ff0000;\">B\u1ed9t c\u00e0 chua \u0111\u00f3ng h\u1ed9p 2.2kg<\/span><\/h2>\n<p>C\u00e1i <strong data-start=\"984\" data-end=\"1006\">b\u1ed9t c\u00e0 chua 2.2kg<\/strong> (c\u00f2n g\u1ecdi l\u00e0 <strong data-start=\"1022\" data-end=\"1048\">h\u1ed9p b\u1ed9t c\u00e0 chua 2200g<\/strong>) l\u00e0 m\u1ed9t trong nh\u1eefng k\u00edch th\u01b0\u1edbc \u0111\u00f3ng g\u00f3i ph\u1ed5 bi\u1ebfn nh\u1ea5t cho c\u1ea3 s\u1eed d\u1ee5ng gia \u0111\u00ecnh v\u00e0 c\u00f4ng nghi\u1ec7p. N\u00f3 \u0111\u01b0\u1ee3c s\u1eed d\u1ee5ng r\u1ed9ng r\u00e3i trong d\u1ecbch v\u1ee5 \u0103n u\u1ed1ng, nh\u00e0 h\u00e0ng v\u00e0 ng\u00e0nh s\u1ea3n xu\u1ea5t th\u1ef1c ph\u1ea9m \u0111\u1ec3 chu\u1ea9n b\u1ecb s\u1ed1t, s\u00fap v\u00e0 h\u1ea7m.<\/p>\n<h2><span style=\"color: #ff0000;\"><strong>1. M\u00f4 t\u1ea3 s\u1ea3n ph\u1ea9m<\/strong><\/span><\/h2>\n<p data-start=\"1288\" data-end=\"1549\">S\u1ea3n ph\u1ea9m c\u1ee7a ch\u00fang t\u00f4i <strong data-start=\"1292\" data-end=\"1315\">b\u1ed9t c\u00e0 chua 2.2 kg<\/strong> \u0111\u01b0\u1ee3c l\u00e0m t\u1eeb c\u00e0 chua t\u01b0\u01a1i v\u00e0 ch\u00edn m\u1ecdng 100%, \u0111\u01b0\u1ee3c ch\u1ecdn l\u1ecdc k\u1ef9 l\u01b0\u1ee1ng v\u00e0 x\u1eed l\u00fd \u0111\u1ec3 gi\u1eef nguy\u00ean h\u01b0\u01a1ng v\u1ecb t\u1ef1 nhi\u00ean, m\u00e0u s\u1eafc \u0111\u1eadm \u0111\u00e0 v\u00e0 \u0111\u1ed9 nh\u1edbt cao. B\u1ed9t \u0111\u01b0\u1ee3c c\u00f4 \u0111\u1eb7c \u0111\u1ebfn <strong>20-22%<\/strong> , <strong data-start=\"1485\" data-end=\"1510\">28\u201330% ho\u1eb7c 36\u201338% Brix<\/strong>, t\u00f9y theo y\u00eau c\u1ea7u c\u1ee7a kh\u00e1ch h\u00e0ng.<\/p>\n<p data-start=\"1551\" data-end=\"1698\">M\u1ed7i <strong data-start=\"1556\" data-end=\"1582\">h\u1ed9p b\u1ed9t c\u00e0 chua 2.2kg<\/strong> \u0111\u01b0\u1ee3c ni\u00eam phong k\u00edn \u0111\u1ec3 \u0111\u1ea3m b\u1ea3o th\u1eddi gian b\u1ea3o qu\u1ea3n l\u00e2u d\u00e0i v\u00e0 \u0111\u1ed9 t\u01b0\u01a1i ngon m\u00e0 kh\u00f4ng c\u1ea7n ch\u1ea5t b\u1ea3o qu\u1ea3n ho\u1eb7c ph\u1ee5 gia nh\u00e2n t\u1ea1o.<\/p>\n<hr \/>\n<h2><span style=\"color: #ff0000;\"><strong>2. Th\u00f4ng s\u1ed1 k\u1ef9 thu\u1eadt s\u1ea3n ph\u1ea9m\u00a0<\/strong><\/span><\/h2>\n<p><strong>Th\u00f4ng s\u1ed1 k\u1ef9 thu\u1eadt 1:<\/strong><\/p>\n<table>\n<tbody>\n<tr>\n<td width=\"189\">T\u00ean s\u1ea3n ph\u1ea9m<\/td>\n<td width=\"610\"><strong>H\u1ed9p b\u1ed9t c\u00e0 chua<\/strong><\/td>\n<\/tr>\n<tr>\n<td width=\"189\">N\u1ed3ng \u0111\u1ed9<\/td>\n<td width=\"610\">18-20%, 22-24%, 26-28%, 28-30%, v.v.<\/td>\n<\/tr>\n<tr>\n<td width=\"189\">K\u00edch th\u01b0\u1edbc h\u1ed9p<\/td>\n<td width=\"610\">2200g<\/td>\n<\/tr>\n<tr>\n<td width=\"189\">Lo\u1ea1i h\u1ed9p<\/td>\n<td width=\"610\">N\u1eafp d\u1ec5 m\u1edf \/ N\u1eafp c\u1ee9ng m\u1edf<\/td>\n<\/tr>\n<tr>\n<td width=\"189\">Nh\u00e3n<\/td>\n<td width=\"610\">In litho<\/td>\n<\/tr>\n<tr>\n<td width=\"189\">M\u00e3 HS<\/td>\n<td width=\"610\">20029011<\/td>\n<\/tr>\n<tr>\n<td width=\"189\">Th\u1eddi h\u1ea1n s\u1eed d\u1ee5ng<\/td>\n<td width=\"610\">24 th\u00e1ng<\/td>\n<\/tr>\n<tr>\n<td width=\"189\">T\u00ean th\u01b0\u01a1ng hi\u1ec7u<\/td>\n<td width=\"610\">d\u01b0\u1edbi d\u1ea1ng<\/td>\n<\/tr>\n<tr>\n<td width=\"189\">T\u1ef7 l\u1ec7 \u0111\u1ea7u v\u00e0o-\u0111\u1ea7u ra<\/td>\n<td width=\"610\">25%-100%<\/td>\n<\/tr>\n<\/tbody>\n<\/table>\n<p>&nbsp;<\/p>\n<p>Th\u00f4ng s\u1ed1 k\u1ef9 thu\u1eadt 2:<\/p>\n<table>\n<tbody>\n<tr>\n<td>1<\/td>\n<td width=\"367\">2200g*6 h\u1ed9p\/th\u00f9ng (HO&amp;EO)<\/td>\n<td width=\"139\">1710 Th\u00f9ng<\/td>\n<\/tr>\n<\/tbody>\n<\/table>\n<p>\u0110\u1ed1i v\u1edbi c\u00e1c gi\u1ea3i ph\u00e1p t\u00f9y ch\u1ec9nh ho\u1eb7c mua s\u1ed1 l\u01b0\u1ee3ng l\u1edbn,\u00a0<a href=\"https:\/\/taichytomato.com\/vi\/contact\/\">vui l\u00f2ng li\u00ean h\u1ec7 v\u1edbi \u0111\u1ed9i ng\u0169 b\u00e1n h\u00e0ng c\u1ee7a ch\u00fang t\u00f4i b\u1ea5t c\u1ee9 l\u00fac n\u00e0o.<\/a><\/p>\n<hr \/>\n<h2><strong>3.<\/strong><strong data-start=\"1710\" data-end=\"1768\">\u00a0Quy tr\u00ecnh \u0111\u00f3ng g\u00f3i cho H\u1ed9p b\u1ed9t c\u00e0 chua 2.2kg<\/strong><\/h2>\n<p data-start=\"1770\" data-end=\"1890\">C\u00e1i <strong data-start=\"1774\" data-end=\"1814\">quy tr\u00ecnh \u0111\u00f3ng g\u00f3i b\u1ed9t c\u00e0 chua 2.2kg<\/strong> tu\u00e2n th\u1ee7 nghi\u00eam ng\u1eb7t c\u00e1c ti\u00eau chu\u1ea9n an to\u00e0n th\u1ef1c ph\u1ea9m qu\u1ed1c t\u1ebf (HACCP, ISO, v\u00e0 FDA).<\/p>\n<p data-start=\"1892\" data-end=\"1922\"><strong data-start=\"1892\" data-end=\"1920\">C\u00e1c b\u01b0\u1edbc \u0111\u00f3ng g\u00f3i bao g\u1ed3m:<\/strong><\/p>\n<ol data-start=\"1923\" data-end=\"2425\">\n<li data-start=\"1923\" data-end=\"1992\">\n<p data-start=\"1926\" data-end=\"1992\"><strong data-start=\"1926\" data-end=\"1942\">Chu\u1ea9n b\u1ecb:<\/strong> C\u00e0 chua t\u01b0\u01a1i \u0111\u01b0\u1ee3c r\u1eeda s\u1ea1ch, ph\u00e2n lo\u1ea1i v\u00e0 nghi\u1ec1n nh\u1ecf.<\/p>\n<\/li>\n<li data-start=\"1993\" data-end=\"2082\">\n<p data-start=\"1996\" data-end=\"2082\"><strong data-start=\"1996\" data-end=\"2014\">N\u1ed3ng \u0111\u1ed9:<\/strong> N\u01b0\u1edbc c\u00e0 chua \u0111\u01b0\u1ee3c bay h\u01a1i \u0111\u1ec3 \u0111\u1ea1t m\u1ee9c Brix mong mu\u1ed1n.<\/p>\n<\/li>\n<li data-start=\"2083\" data-end=\"2173\">\n<p data-start=\"2086\" data-end=\"2173\"><strong data-start=\"2086\" data-end=\"2098\">N\u1ea1p:<\/strong> B\u1ed9t n\u00f3ng \u0111\u01b0\u1ee3c \u0111\u00f3ng v\u00e0o <strong data-start=\"2128\" data-end=\"2148\">h\u1ed9p kim lo\u1ea1i 2.2kg<\/strong> ho\u1eb7c b\u00ecnh ch\u1ee9a v\u00f4 tr\u00f9ng.<\/p>\n<\/li>\n<li data-start=\"2174\" data-end=\"2240\">\n<p data-start=\"2177\" data-end=\"2240\"><strong data-start=\"2177\" data-end=\"2189\">H\u00e0n k\u00edn:<\/strong> H\u1ed9p \u0111\u01b0\u1ee3c ni\u00eam phong ch\u00e2n kh\u00f4ng \u0111\u1ec3 tr\u00e1nh nhi\u1ec5m khu\u1ea9n.<\/p>\n<\/li>\n<li data-start=\"2241\" data-end=\"2332\">\n<p data-start=\"2244\" data-end=\"2332\"><strong data-start=\"2244\" data-end=\"2262\">Ti\u1ec7t tr\u00f9ng:<\/strong> H\u1ed9p \u0111\u00e3 ni\u00eam phong \u0111\u01b0\u1ee3c ti\u1ec7t tr\u00f9ng d\u01b0\u1edbi nhi\u1ec7t \u0111\u1ed9 v\u00e0 \u00e1p su\u1ea5t cao.<\/p>\n<\/li>\n<li data-start=\"2333\" data-end=\"2425\">\n<p data-start=\"2336\" data-end=\"2425\"><strong data-start=\"2336\" data-end=\"2359\">L\u00e0m m\u00e1t &amp; D\u00e1n nh\u00e3n:<\/strong> H\u1ed9p \u0111\u01b0\u1ee3c l\u00e0m m\u00e1t, d\u00e1n nh\u00e3n v\u00e0 \u0111\u00f3ng v\u00e0o th\u00f9ng carton \u0111\u1ec3 v\u1eadn chuy\u1ec3n.<\/p>\n<\/li>\n<\/ol>\n<p data-start=\"2427\" data-end=\"2548\">C\u00e1i n\u00e0y <strong data-start=\"2432\" data-end=\"2483\">D\u00e2y chuy\u1ec1n \u0111\u00f3ng g\u00f3i b\u1ed9t c\u00e0 chua t\u1ef1 \u0111\u1ed9ng 2.2kg<\/strong> \u0111\u1ea3m b\u1ea3o t\u00ednh nh\u1ea5t qu\u00e1n, v\u1ec7 sinh v\u00e0 \u0111\u1ed9 b\u1ec1n trong qu\u00e1 tr\u00ecnh v\u1eadn chuy\u1ec3n.<\/p>\n<h2 data-start=\"2555\" data-end=\"2584\"><strong data-start=\"2560\" data-end=\"2584\">4. L\u1ef1a ch\u1ecdn container<\/strong><\/h2>\n<p data-start=\"2586\" data-end=\"2689\">Ch\u00fang t\u00f4i cung c\u1ea5p c\u00e1c <strong data-start=\"2603\" data-end=\"2638\">v\u1eadt li\u1ec7u v\u00e0 thi\u1ebft k\u1ebf container kh\u00e1c nhau<\/strong> cho <strong data-start=\"2643\" data-end=\"2675\">\u0111\u00f3ng g\u00f3i b\u1ed9t c\u00e0 chua 2.2kg<\/strong>, bao g\u1ed3m:<\/p>\n<ul data-start=\"2690\" data-end=\"2820\">\n<li data-start=\"2690\" data-end=\"2727\">\n<p data-start=\"2692\" data-end=\"2727\">H\u1ed9p thi\u1ebfc c\u00f3 n\u1eafp m\u1edf d\u1ec5 d\u00e0ng<\/p>\n<\/li>\n<li data-start=\"2760\" data-end=\"2820\">\n<p data-start=\"2762\" data-end=\"2820\">Thi\u1ebft k\u1ebf nh\u00e3n ri\u00eang theo y\u00eau c\u1ea7u c\u1ee7a kh\u00e1ch h\u00e0ng<\/p>\n<\/li>\n<\/ul>\n<h2 data-start=\"2827\" data-end=\"2851\"><strong data-start=\"2832\" data-end=\"2851\">5. \u1ee8ng d\u1ee5ng<\/strong><\/h2>\n<p data-start=\"2853\" data-end=\"2902\">C\u00e1i <strong data-start=\"2857\" data-end=\"2879\">b\u1ed9t c\u00e0 chua 2.2kg<\/strong> \u0111\u1ecbnh d\u1ea1ng l\u00fd t\u01b0\u1edfng cho:<\/p>\n<ul data-start=\"2903\" data-end=\"3070\">\n<li data-start=\"2903\" data-end=\"2946\">\n<p data-start=\"2905\" data-end=\"2946\">Chu\u1ed7i nh\u00e0 h\u00e0ng v\u00e0 d\u1ecbch v\u1ee5 catering<\/p>\n<\/li>\n<li data-start=\"2947\" data-end=\"3002\">\n<p data-start=\"2949\" data-end=\"3002\">Nh\u00e0 s\u1ea3n xu\u1ea5t th\u1ef1c ph\u1ea9m (s\u1ed1t, ketchup, v\u00e0 n\u1ec1n s\u00fap)<\/p>\n<\/li>\n<li data-start=\"3003\" data-end=\"3070\">\n<p data-start=\"3005\" data-end=\"3070\">Th\u1ecb tr\u01b0\u1eddng xu\u1ea5t kh\u1ea9u y\u00eau c\u1ea7u c\u00e1c k\u00edch c\u1ee1 \u0111\u00f3ng g\u00f3i b\u1ec1n v\u00e0 ti\u1ebft ki\u1ec7m<\/p>\n<\/li>\n<\/ul>\n<hr data-start=\"3072\" data-end=\"3075\" \/>\n<h2 data-start=\"3077\" data-end=\"3127\"><strong data-start=\"3082\" data-end=\"3127\">6. T\u1ea1i sao ch\u1ecdn h\u1ed9p b\u1ed9t c\u00e0 chua 2.2kg c\u1ee7a ch\u00fang t\u00f4i<\/strong><\/h2>\n<p data-start=\"3129\" data-end=\"3325\">\u2705 L\u00e0m t\u1eeb c\u00e0 chua t\u1ef1 nhi\u00ean, kh\u00f4ng bi\u1ebfn \u0111\u1ed5i gen, 100% ch\u1ea5t l\u01b0\u1ee3ng<br data-start=\"3171\" data-end=\"3174\" \/>\u2705 M\u00e0u \u0111\u1ecf \u0111\u1eadm v\u00e0 k\u1ebft c\u1ea5u \u0111\u1eb7c<br data-start=\"3208\" data-end=\"3211\" \/>\u2705 Th\u1eddi gian b\u1ea3o qu\u1ea3n l\u00e2u (24\u201336 th\u00e1ng)<br data-start=\"3243\" data-end=\"3246\" \/>\u2705 C\u00f3 s\u1eb5n OEM &amp; Nh\u00e3n ri\u00eang<br data-start=\"3277\" data-end=\"3280\" \/>\u2705 Gi\u00e1 nh\u00e0 m\u00e1y c\u1ea1nh tranh cho \u0111\u01a1n h\u00e0ng s\u1ed1 l\u01b0\u1ee3ng l\u1edbn<\/p>\n<hr \/>\n<h2 data-start=\"3332\" data-end=\"3361\"><strong data-start=\"3337\" data-end=\"3361\">7. Xu\u1ea5t kh\u1ea9u &amp; Giao h\u00e0ng<\/strong><\/h2>\n<p data-start=\"3363\" data-end=\"3583\">S\u1ea3n ph\u1ea9m c\u1ee7a ch\u00fang t\u00f4i <strong data-start=\"3367\" data-end=\"3396\">2.2kg s\u1ed1t c\u00e0 chua \u0111\u00f3ng h\u1ed9p<\/strong> s\u1ea3n ph\u1ea9m \u0111\u01b0\u1ee3c xu\u1ea5t kh\u1ea9u sang Ch\u00e2u Phi, Trung \u0110\u00f4ng, Nam M\u1ef9 v\u00e0 \u0110\u00f4ng Nam \u00c1. Ch\u00fang t\u00f4i cung c\u1ea5p <strong data-start=\"3493\" data-end=\"3517\">\u0111\u00f3ng g\u00f3i t\u00f9y ch\u1ec9nh<\/strong>, v\u1eadn chuy\u1ec3n nhanh, v\u00e0 \u0111\u1ea7y \u0111\u1ee7 gi\u1ea5y t\u1edd cho th\u01b0\u01a1ng m\u1ea1i qu\u1ed1c t\u1ebf.<\/p>\n<h2><strong>8<\/strong><strong>.FAQ<\/strong><\/h2>\n<p>&nbsp;<\/p>\n<p><strong>1.Khi n\u00e0o t\u00f4i c\u00f3 th\u1ec3 nh\u1eadn \u0111\u01b0\u1ee3c b\u00e1o gi\u00e1?\u00a0<\/strong><\/p>\n<p>Ch\u00fang t\u00f4i th\u01b0\u1eddng b\u00e1o gi\u00e1 trong v\u00f2ng 12 gi\u1edd sau khi nh\u1eadn \u0111\u01b0\u1ee3c y\u00eau c\u1ea7u c\u1ee7a b\u1ea1n. N\u1ebfu b\u1ea1n c\u1ea7n g\u1ea5p \u0111\u1ec3 l\u1ea5y gi\u00e1, vui l\u00f2ng cho ch\u00fang t\u00f4i bi\u1ebft \u0111\u1ec3 ch\u00fang t\u00f4i xem y\u00eau c\u1ea7u c\u1ee7a b\u1ea1n l\u00e0 \u01b0u ti\u00ean. B\u1ea1n c\u0169ng c\u00f3 th\u1ec3 li\u00ean h\u1ec7 v\u1edbi ch\u00fang t\u00f4i qua WhatsApp g\u1ea5p. v\u00e0 \u0111\u1ed9i ng\u0169 marketing c\u1ee7a ch\u00fang t\u00f4i s\u1ebd lu\u00f4n tr\u1ef1c tuy\u1ebfn 24 gi\u1edd.<\/p>\n<p>&nbsp;<\/p>\n<p><strong>2.L\u00e0m th\u1ebf n\u00e0o \u0111\u1ec3 t\u00f4i l\u1ea5y m\u1eabu \u0111\u1ec3 ki\u1ec3m tra ch\u1ea5t l\u01b0\u1ee3ng c\u1ee7a b\u1ea1n?\u00a0<\/strong><\/p>\n<p>Sau khi x\u00e1c nh\u1eadn gi\u00e1, b\u1ea1n c\u00f3 th\u1ec3 y\u00eau c\u1ea7u m\u1eabu \u0111\u1ec3 ki\u1ec3m tra ch\u1ea5t l\u01b0\u1ee3ng c\u1ee7a ch\u00fang t\u00f4i.<\/p>\n<p>Ch\u00fang t\u00f4i c\u0169ng ch\u1ea5p nh\u1eadn ki\u1ec3m tra c\u1ee7a b\u00ean th\u1ee9 ba (SGS\/BV) tr\u01b0\u1edbc khi giao h\u00e0ng.<\/p>\n<p>&nbsp;<\/p>\n<p><strong>3.B\u1ea1n ch\u1ea5p nh\u1eadn c\u00e1c lo\u1ea1i t\u1ec7p n\u00e0o \u0111\u1ec3 in?<\/strong><\/p>\n<p>PDF, Core Draw, JPG \u0111\u1ed9 ph\u00e2n gi\u1ea3i cao ho\u1eb7c \u0111\u1ecbnh d\u1ea1ng AI<\/p>\n<p>&nbsp;<\/p>\n<p><strong>4.B\u1ea1n c\u00f3 th\u1ec3 thi\u1ebft k\u1ebf gi\u00fap ch\u00fang t\u00f4i kh\u00f4ng?\u00a0<\/strong><\/p>\n<p>C\u00f3. Ch\u00fang t\u00f4i c\u00f3 \u0111\u1ed9i ng\u0169 chuy\u00ean nghi\u1ec7p c\u00f3 nhi\u1ec1u kinh nghi\u1ec7m trong thi\u1ebft k\u1ebf v\u00e0 s\u1ea3n xu\u1ea5t.<\/p>\n<p>V\u00e0 d\u1ecbch v\u1ee5 n\u00e0y l\u00e0 Mi\u1ec5n ph\u00ed.<\/p>\n<p>&nbsp;<\/p>\n<p><strong>5.T\u00f4i c\u00f3 th\u1ec3 mong \u0111\u1ee3i nh\u1eadn m\u1eabu trong bao l\u00e2u?\u00a0<\/strong><\/p>\n<p>3-5 ng\u00e0y l\u00e0m vi\u1ec7c cho m\u1eabu. Ch\u00fang t\u00f4i \u0111\u00e3 k\u00fd h\u1ee3p \u0111\u1ed3ng v\u1edbi DHL, TNT, UPS v\u00e0 Fedex.<\/p>\n<p>&nbsp;<\/p>\n<p><strong>6.Th\u1eddi gian s\u1ea3n xu\u1ea5t h\u00e0ng lo\u1ea1t l\u00e0 bao l\u00e2u?\u00a0<\/strong><\/p>\n<p>25 ng\u00e0y l\u00e0m vi\u1ec7c cho s\u1ea3n xu\u1ea5t h\u00e0ng lo\u1ea1t. Th\u1eddi gian ph\u1ee5 thu\u1ed9c v\u00e0o s\u1ed1 l\u01b0\u1ee3ng c\u1ee7a b\u1ea1n, v\u00e0 ch\u00fang t\u00f4i s\u1ebd c\u1ed1 g\u1eafng h\u1ebft s\u1ee9c \u0111\u1ec3 \u0111\u00e1p \u1ee9ng nhu c\u1ea7u c\u1ee7a b\u1ea1n.<\/p>\n<p>\ud83d\udce9 <a href=\"https:\/\/taichytomato.com\/vi\/contact\/\"><u>Li\u00ean h\u1ec7 v\u1edbi ch\u00fang t\u00f4i ngay b\u00e2y gi\u1edd<\/u><\/a>\u00a0\u0111\u1ec3 bi\u1ebft gi\u00e1 c\u1ea3, b\u1ea3ng th\u00f4ng s\u1ed1 k\u1ef9 thu\u1eadt v\u00e0 c\u00e1c t\u00f9y ch\u1ecdn \u0111\u00f3ng g\u00f3i OEM!<\/p>\n<p>N\u1ebeU b\u1ea1n c\u00f3 b\u1ea5t k\u1ef3 th\u1eafc m\u1eafc n\u00e0o, nh\u1ea5n v\u00e0o \u0111\u00e2y\u201d<a href=\"https:\/\/taichytomato.com\/vi\/buyers-guide-for-canned-tomato-paste\/\"><u>H\u01b0\u1edbng D\u1eabn Ng\u01b0\u1eddi Mua M\u1eadt Ong C\u00e0 Chua H\u1ed9p<\/u><\/a>\u201d\u0111i\u1ec1u n\u00e0y s\u1ebd gi\u00fap b\u1ea1n<\/p>","protected":false},"excerpt":{"rendered":"<p>Brix:18-20%,22-24%,26-28%,28-30%<br \/>\nH\u1ed9p thi\u1ebfc ch\u1ed1ng r\u1ec9 s\u00e9t\/ ch\u1ed1ng c\u0103ng th\u1eb3ng\/ ch\u1ed1ng \u1ea9m<br \/>\nTh\u01b0\u01a1ng hi\u1ec7u: Thi\u1ebft k\u1ebf ho\u1eb7c OEM<br \/>\nS\u1ed1 l\u01b0\u1ee3ng t\u1ed1i thi\u1ec3u: 1X20ft<br \/>\nChi ti\u1ebft giao h\u00e0ng: 30-35 ng\u00e0y sau khi nh\u1eadn \u0111\u1eb7t c\u1ecdc ho\u1eb7c LC. Giao h\u00e0ng nhanh nh\u1ea5t.<br \/>\nM\u00e3 HS:2002901100<\/p>","protected":false},"featured_media":3267,"template":"","meta":{"_acf_changed":false,"_seopress_robots_primary_cat":"none","_seopress_titles_title":"Industrial 2.2kg Canned Tomato Paste & Tomato Paste Tins","_seopress_titles_desc":"Our large-format canned tomato paste is ideal for industrial use. 2200g tins tomato paste provide a stable and cost-effective supply for manufacturers.","_seopress_robots_index":"","site-sidebar-layout":"default","site-content-layout":"","ast-site-content-layout":"default","site-content-style":"default","site-sidebar-style":"default","ast-global-header-display":"","ast-banner-title-visibility":"","ast-main-header-display":"","ast-hfb-above-header-display":"","ast-hfb-below-header-display":"","ast-hfb-mobile-header-display":"","site-post-title":"","ast-breadcrumbs-content":"","ast-featured-img":"","footer-sml-layout":"","ast-disable-related-posts":"","theme-transparent-header-meta":"default","adv-header-id-meta":"","stick-header-meta":"","header-above-stick-meta":"","header-main-stick-meta":"","header-below-stick-meta":"","astra-migrate-meta-layouts":"set","ast-page-background-enabled":"default","ast-page-background-meta":{"desktop":{"background-color":"var(--ast-global-color-5)","background-image":"","background-repeat":"repeat","background-position":"center center","background-size":"auto","background-attachment":"scroll","background-type":"","background-media":"","overlay-type":"","overlay-color":"","overlay-opacity":"","overlay-gradient":""},"tablet":{"background-color":"","background-image":"","background-repeat":"repeat","background-position":"center center","background-size":"auto","background-attachment":"scroll","background-type":"","background-media":"","overlay-type":"","overlay-color":"","overlay-opacity":"","overlay-gradient":""},"mobile":{"background-color":"","background-image":"","background-repeat":"repeat","background-position":"center center","background-size":"auto","background-attachment":"scroll","background-type":"","background-media":"","overlay-type":"","overlay-color":"","overlay-opacity":"","overlay-gradient":""}},"ast-content-background-meta":{"desktop":{"background-color":"var(--ast-global-color-4)","background-image":"","background-repeat":"repeat","background-position":"center center","background-size":"auto","background-attachment":"scroll","background-type":"","background-media":"","overlay-type":"","overlay-color":"","overlay-opacity":"","overlay-gradient":""},"tablet":{"background-color":"var(--ast-global-color-4)","background-image":"","background-repeat":"repeat","background-position":"center center","background-size":"auto","background-attachment":"scroll","background-type":"","background-media":"","overlay-type":"","overlay-color":"","overlay-opacity":"","overlay-gradient":""},"mobile":{"background-color":"var(--ast-global-color-4)","background-image":"","background-repeat":"repeat","background-position":"center center","background-size":"auto","background-attachment":"scroll","background-type":"","background-media":"","overlay-type":"","overlay-color":"","overlay-opacity":"","overlay-gradient":""}}},"product_brand":[],"product_cat":[96],"product_tag":[155,215,45,151],"class_list":{"0":"post-941","1":"product","2":"type-product","3":"status-publish","4":"has-post-thumbnail","6":"product_cat-canned-tomato-paste","7":"product_tag-2-2kg-canned-tomato-paste","8":"product_tag-2200g-canned-tomato-paste","9":"product_tag-canned-tomato-paste","10":"product_tag-canned-tomato-paste-manufacture","11":"desktop-align-left","12":"tablet-align-left","13":"mobile-align-left","15":"first","16":"instock","17":"sale","18":"shipping-taxable","19":"purchasable","20":"product-type-simple"},"acf":[],"_links":{"self":[{"href":"https:\/\/taichytomato.com\/vi\/wp-json\/wp\/v2\/product\/941","targetHints":{"allow":["GET"]}}],"collection":[{"href":"https:\/\/taichytomato.com\/vi\/wp-json\/wp\/v2\/product"}],"about":[{"href":"https:\/\/taichytomato.com\/vi\/wp-json\/wp\/v2\/types\/product"}],"version-history":[{"count":0,"href":"https:\/\/taichytomato.com\/vi\/wp-json\/wp\/v2\/product\/941\/revisions"}],"wp:featuredmedia":[{"embeddable":true,"href":"https:\/\/taichytomato.com\/vi\/wp-json\/wp\/v2\/media\/3267"}],"wp:attachment":[{"href":"https:\/\/taichytomato.com\/vi\/wp-json\/wp\/v2\/media?parent=941"}],"wp:term":[{"taxonomy":"product_brand","embeddable":true,"href":"https:\/\/taichytomato.com\/vi\/wp-json\/wp\/v2\/product_brand?post=941"},{"taxonomy":"product_cat","embeddable":true,"href":"https:\/\/taichytomato.com\/vi\/wp-json\/wp\/v2\/product_cat?post=941"},{"taxonomy":"product_tag","embeddable":true,"href":"https:\/\/taichytomato.com\/vi\/wp-json\/wp\/v2\/product_tag?post=941"}],"curies":[{"name":"wp","href":"https:\/\/api.w.org\/{rel}","templated":true}]}}