{"id":935,"date":"2025-05-22T23:35:34","date_gmt":"2025-05-23T07:35:34","guid":{"rendered":"https:\/\/taichytomato.com\/?post_type=product&#038;p=935"},"modified":"2026-01-08T00:14:37","modified_gmt":"2026-01-08T08:14:37","slug":"850g-canned-tomato-paste","status":"publish","type":"product","link":"https:\/\/taichytomato.com\/vi\/san-pham\/850g-canned-tomato-paste\/","title":{"rendered":"T\u01b0\u01a1ng c\u00e0 \u0111\u00f3ng h\u1ed9p 850g"},"content":{"rendered":"<h2>T\u01b0\u01a1ng c\u00e0 \u0111\u00f3ng h\u1ed9p 850g<\/h2>\n<h3 data-start=\"610\" data-end=\"701\"><strong data-start=\"614\" data-end=\"701\">850g M\u1eadt ong c\u00e0 chua \u2013 M\u1eadt ong c\u00e0 chua \u0111\u00f3ng h\u1ed9p cao c\u1ea5p d\u00e0nh cho gia \u0111\u00ecnh, d\u1ecbch v\u1ee5 \u0103n u\u1ed1ng v\u00e0 xu\u1ea5t kh\u1ea9u<\/strong><\/h3>\n<p data-start=\"703\" data-end=\"944\">C\u00e1i <strong data-start=\"707\" data-end=\"728\">850g m\u1eadt ong c\u00e0 chua<\/strong> l\u00e0 gi\u1ea3i ph\u00e1p \u0111\u00f3ng g\u00f3i \u0111a d\u1ee5ng k\u00edch c\u1ee1 trung b\u00ecnh, ph\u00f9 h\u1ee3p cho <strong data-start=\"789\" data-end=\"850\">b\u1ebfp gia \u0111\u00ecnh, d\u1ecbch v\u1ee5 \u0103n u\u1ed1ng v\u00e0 th\u1ecb tr\u01b0\u1eddng xu\u1ea5t kh\u1ea9u<\/strong>. \u0110\u01b0\u1ee3c \u0111\u00e1nh gi\u00e1 cao v\u1ec1 <strong data-start=\"880\" data-end=\"941\">m\u00e0u s\u1eafc \u0111\u1eadm \u0111\u00e0, k\u1ebft c\u1ea5u \u0111\u1eb7c v\u00e0 h\u01b0\u01a1ng v\u1ecb c\u00e0 chua c\u00f4 \u0111\u1eb7c<\/strong>.<\/p>\n<h2><strong>1. M\u00f4 t\u1ea3 s\u1ea3n ph\u1ea9m<\/strong><\/h2>\n<p data-start=\"980\" data-end=\"1227\">S\u1ea3n ph\u1ea9m c\u1ee7a ch\u00fang t\u00f4i <strong data-start=\"984\" data-end=\"1012\">850g m\u1eadt ong c\u00e0 chua \u0111\u00f3ng h\u1ed9p<\/strong> \u0111\u01b0\u1ee3c l\u00e0m t\u1eeb <strong data-start=\"1026\" data-end=\"1064\">100% c\u00e0 chua t\u01b0\u01a1i, ch\u00edn, kh\u00f4ng bi\u1ebfn \u0111\u1ed5i gen<\/strong>.<br data-start=\"1065\" data-end=\"1068\" \/>N\u00f3 c\u00f3 s\u1eb5n trong <strong data-start=\"1087\" data-end=\"1112\">18-20%, 22-24%, 26-28%, 28-30%, v.v.<\/strong>, \u0111\u1ea3m b\u1ea3o cung c\u1ea5p <strong data-start=\"1134\" data-end=\"1166\">m\u00e0u s\u1eafc, h\u01b0\u01a1ng v\u1ecb v\u00e0 \u0111\u1ed9 nh\u1edbt<\/strong> d\u00f9ng cho s\u1ed1t, s\u00fap, h\u1ea7m v\u00e0 c\u00e1c \u1ee9ng d\u1ee5ng \u1ea9m th\u1ef1c kh\u00e1c.<\/p>\n<p data-start=\"1229\" data-end=\"1423\">M\u1ed7i <strong data-start=\"1234\" data-end=\"1259\">H\u1ed9p thi\u1ebfc m\u1eadt ong c\u00e0 chua 850g<\/strong> \u0111\u01b0\u1ee3c s\u1ea3n xu\u1ea5t theo quy tr\u00ecnh ki\u1ec3m so\u00e1t ch\u1ea5t l\u01b0\u1ee3ng nghi\u00eam ng\u1eb7t v\u00e0 ti\u1ec7t tr\u00f9ng \u0111\u1ec3 \u0111\u1ea3m b\u1ea3o <strong data-start=\"1326\" data-end=\"1373\">th\u1eddi gian b\u1ea3o qu\u1ea3n l\u00e2u d\u00e0i, t\u01b0\u01a1i ngon v\u00e0 an to\u00e0n th\u1ef1c ph\u1ea9m<\/strong>, kh\u00f4ng ch\u1ee9a ch\u1ea5t b\u1ea3o qu\u1ea3n ho\u1eb7c ph\u1ee5 gia nh\u00e2n t\u1ea1o.<\/p>\n<p>&nbsp;<\/p>\n<hr \/>\n<h2><strong>2. Th\u00f4ng s\u1ed1 k\u1ef9 thu\u1eadt s\u1ea3n ph\u1ea9m\u00a0<\/strong><\/h2>\n<p><strong>Th\u00f4ng s\u1ed1 k\u1ef9 thu\u1eadt 1:<\/strong><\/p>\n<table>\n<tbody>\n<tr>\n<td width=\"189\">T\u00ean s\u1ea3n ph\u1ea9m<\/td>\n<td width=\"610\">M\u1eadt Ng\u00f4<\/td>\n<\/tr>\n<tr>\n<td width=\"189\">N\u1ed3ng \u0111\u1ed9<\/td>\n<td width=\"610\">18-20%, 22-24%, 26-28%, 28-30%, v.v.<\/td>\n<\/tr>\n<tr>\n<td width=\"189\">K\u00edch th\u01b0\u1edbc h\u1ed9p<\/td>\n<td width=\"610\">850g<\/td>\n<\/tr>\n<tr>\n<td width=\"189\">Lo\u1ea1i h\u1ed9p<\/td>\n<td width=\"610\">N\u1eafp d\u1ec5 m\u1edf \/ N\u1eafp c\u1ee9ng m\u1edf<\/td>\n<\/tr>\n<tr>\n<td width=\"189\">Nh\u00e3n<\/td>\n<td width=\"610\">In litho<\/td>\n<\/tr>\n<tr>\n<td width=\"189\">M\u00e3 HS<\/td>\n<td width=\"610\">20029011<\/td>\n<\/tr>\n<tr>\n<td width=\"189\">Th\u1eddi h\u1ea1n s\u1eed d\u1ee5ng<\/td>\n<td width=\"610\">24 th\u00e1ng<\/td>\n<\/tr>\n<tr>\n<td width=\"189\">T\u00ean th\u01b0\u01a1ng hi\u1ec7u<\/td>\n<td width=\"610\">d\u01b0\u1edbi d\u1ea1ng<\/td>\n<\/tr>\n<tr>\n<td width=\"189\">T\u1ef7 l\u1ec7 \u0111\u1ea7u v\u00e0o-\u0111\u1ea7u ra<\/td>\n<td width=\"610\">25%-100%<\/td>\n<\/tr>\n<\/tbody>\n<\/table>\n<p>&nbsp;<\/p>\n<p>Th\u00f4ng s\u1ed1 k\u1ef9 thu\u1eadt 2:<\/p>\n<table>\n<tbody>\n<tr>\n<td>1<\/td>\n<td width=\"367\">850g*12 h\u1ed9p\/th\u00f9ng (HO&amp;EO)<\/td>\n<td width=\"139\">1960 Th\u00f9ng<\/td>\n<\/tr>\n<\/tbody>\n<\/table>\n<p>\u0110\u1ed1i v\u1edbi c\u00e1c gi\u1ea3i ph\u00e1p t\u00f9y ch\u1ec9nh ho\u1eb7c mua s\u1ed1 l\u01b0\u1ee3ng l\u1edbn,\u00a0<a href=\"https:\/\/taichytomato.com\/vi\/contact\/\">vui l\u00f2ng li\u00ean h\u1ec7 v\u1edbi \u0111\u1ed9i ng\u0169 b\u00e1n h\u00e0ng c\u1ee7a ch\u00fang t\u00f4i b\u1ea5t c\u1ee9 l\u00fac n\u00e0o.<\/a><\/p>\n<hr \/>\n<h2><strong>3.<\/strong><strong data-start=\"1434\" data-end=\"1458\">Quy tr\u00ecnh \u0111\u00f3ng g\u00f3i<\/strong><\/h2>\n<p data-start=\"1460\" data-end=\"1581\">C\u00e1i <strong data-start=\"1464\" data-end=\"1507\">Quy tr\u00ecnh \u0111\u00f3ng h\u1ed9p m\u1eadt ong c\u00e0 chua 850g<\/strong> \u0111\u01b0\u1ee3c t\u1ef1 \u0111\u1ed9ng h\u00f3a ho\u00e0n to\u00e0n v\u00e0 tu\u00e2n th\u1ee7 <strong data-start=\"1545\" data-end=\"1568\">HACCP, ISO, v\u00e0 FDA<\/strong> ti\u00eau chu\u1ea9n:<\/p>\n<ol data-start=\"1583\" data-end=\"2085\">\n<li data-start=\"1583\" data-end=\"1652\">\n<p data-start=\"1586\" data-end=\"1652\"><strong data-start=\"1586\" data-end=\"1613\">L\u1ef1a ch\u1ecdn nguy\u00ean li\u1ec7u:<\/strong> Ch\u1ec9 s\u1eed d\u1ee5ng c\u00e0 chua ch\u1ea5t l\u01b0\u1ee3ng cao.<\/p>\n<\/li>\n<li data-start=\"1653\" data-end=\"1716\">\n<p data-start=\"1656\" data-end=\"1716\"><strong data-start=\"1656\" data-end=\"1678\">R\u1eeda &amp; ph\u00e2n lo\u1ea1i:<\/strong> C\u00e0 chua \u0111\u01b0\u1ee3c l\u00e0m s\u1ea1ch v\u00e0 ki\u1ec3m tra.<\/p>\n<\/li>\n<li data-start=\"1717\" data-end=\"1798\">\n<p data-start=\"1720\" data-end=\"1798\"><strong data-start=\"1720\" data-end=\"1749\">Nghi\u1ec1n &amp; c\u00f4 \u0111\u1eb7c:<\/strong> N\u01b0\u1edbc \u00e9p c\u00e0 chua \u0111\u01b0\u1ee3c bay h\u01a1i \u0111\u1ebfn \u0111\u1ed9 Brix mong mu\u1ed1n.<\/p>\n<\/li>\n<li data-start=\"1799\" data-end=\"1856\">\n<p data-start=\"1802\" data-end=\"1856\"><strong data-start=\"1802\" data-end=\"1818\">\u0110\u00f3ng h\u1ed9p nhi\u1ec7t:<\/strong> M\u1eadt paste \u0111\u01b0\u1ee3c \u0111\u00f3ng v\u00e0o h\u1ed9p thi\u1ebfc 850g.<\/p>\n<\/li>\n<li data-start=\"1857\" data-end=\"1923\">\n<p data-start=\"1860\" data-end=\"1923\"><strong data-start=\"1860\" data-end=\"1872\">H\u00e0n k\u00edn:<\/strong> H\u1ed9p \u0111\u01b0\u1ee3c ni\u00eam phong ch\u00e2n kh\u00f4ng \u0111\u1ec3 tr\u00e1nh nhi\u1ec5m khu\u1ea9n.<\/p>\n<\/li>\n<li data-start=\"1924\" data-end=\"2005\">\n<p data-start=\"1927\" data-end=\"2005\"><strong data-start=\"1927\" data-end=\"1945\">Ti\u1ec7t tr\u00f9ng:<\/strong> Ti\u1ec7t tr\u00f9ng \u1edf nhi\u1ec7t \u0111\u1ed9 cao \u0111\u1ea3m b\u1ea3o \u0111\u1ed9 \u1ed5n \u0111\u1ecbnh c\u1ee7a s\u1ea3n ph\u1ea9m.<\/p>\n<\/li>\n<li data-start=\"2006\" data-end=\"2085\">\n<p data-start=\"2009\" data-end=\"2085\"><strong data-start=\"2009\" data-end=\"2032\">L\u00e0m m\u00e1t &amp; D\u00e1n nh\u00e3n:<\/strong> H\u1ed9p \u0111\u01b0\u1ee3c l\u00e0m m\u00e1t, d\u00e1n nh\u00e3n v\u00e0 \u0111\u00f3ng g\u00f3i \u0111\u1ec3 v\u1eadn chuy\u1ec3n.<\/p>\n<\/li>\n<\/ol>\n<p data-start=\"2087\" data-end=\"2193\">Quy tr\u00ecnh n\u00e0y \u0111\u1ea3m b\u1ea3o m\u1ed7i <strong data-start=\"2114\" data-end=\"2142\">850g m\u1eadt ong c\u00e0 chua \u0111\u00f3ng h\u1ed9p<\/strong> duy tr\u00ec ch\u1ea5t l\u01b0\u1ee3ng, m\u00e0u s\u1eafc v\u00e0 h\u01b0\u01a1ng v\u1ecb \u0111\u1ed3ng nh\u1ea5t.<\/p>\n<p>&nbsp;<\/p>\n<figure id=\"attachment_308\" aria-describedby=\"caption-attachment-308\" style=\"width: 502px\" class=\"wp-caption aligncenter\"><img fetchpriority=\"high\" decoding=\"async\" class=\"wp-image-308\" src=\"https:\/\/taichytomato.com\/wp-content\/uploads\/2025\/04\/35d2ab71-895d-4351-8ae6-2cff5003f202-300x180.jpg\" alt=\"s\u1ed1t c\u00e0 chua \u0111\u00f3ng h\u1ed9p\" width=\"502\" height=\"301\" srcset=\"https:\/\/taichytomato.com\/wp-content\/uploads\/2025\/04\/35d2ab71-895d-4351-8ae6-2cff5003f202-300x180.jpg 300w, https:\/\/taichytomato.com\/wp-content\/uploads\/2025\/04\/35d2ab71-895d-4351-8ae6-2cff5003f202-768x461.jpg 768w, https:\/\/taichytomato.com\/wp-content\/uploads\/2025\/04\/35d2ab71-895d-4351-8ae6-2cff5003f202-600x360.jpg 600w, https:\/\/taichytomato.com\/wp-content\/uploads\/2025\/04\/35d2ab71-895d-4351-8ae6-2cff5003f202.jpg 900w\" sizes=\"(max-width: 502px) 100vw, 502px\" \/><figcaption id=\"caption-attachment-308\" class=\"wp-caption-text\">s\u1ed1t c\u00e0 chua \u0111\u00f3ng h\u1ed9p<\/figcaption><\/figure>\n<hr \/>\n<h2><strong>4.<\/strong><strong data-start=\"2851\" data-end=\"2870\">\u00a0\u1ee8ng d\u1ee5ng<\/strong><\/h2>\n<p data-start=\"2872\" data-end=\"2913\">C\u00e1i <strong data-start=\"2876\" data-end=\"2897\">850g m\u1eadt ong c\u00e0 chua<\/strong> l\u00e0 l\u00fd t\u01b0\u1edfng cho:<\/p>\n<ul data-start=\"2914\" data-end=\"3094\">\n<li data-start=\"2914\" data-end=\"2964\">\n<p data-start=\"2916\" data-end=\"2964\">N\u1ea5u \u0103n h\u00e0ng ng\u00e0y trong gia \u0111\u00ecnh (s\u00fap, s\u1ed1t, h\u1ea7m)<\/p>\n<\/li>\n<li data-start=\"2965\" data-end=\"3003\">\n<p data-start=\"2967\" data-end=\"3003\">Ho\u1ea1t \u0111\u1ed9ng nh\u00e0 h\u00e0ng v\u00e0 d\u1ecbch v\u1ee5 \u0103n u\u1ed1ng<\/p>\n<\/li>\n<li data-start=\"3004\" data-end=\"3035\">\n<p data-start=\"3006\" data-end=\"3035\">B\u00e1n l\u1ebb v\u00e0 si\u00eau th\u1ecb<\/p>\n<\/li>\n<li data-start=\"3036\" data-end=\"3094\">\n<p data-start=\"3038\" data-end=\"3094\">Th\u1ecb tr\u01b0\u1eddng xu\u1ea5t kh\u1ea9u y\u00eau c\u1ea7u \u0111\u00f3ng g\u00f3i s\u1ed1 l\u01b0\u1ee3ng l\u1edbn ho\u1eb7c trung b\u00ecnh<\/p>\n<\/li>\n<\/ul>\n<p>T\u00ecm hi\u1ec3u th\u00eam v\u1ec1 ki\u1ec3m so\u00e1t ch\u1ea5t l\u01b0\u1ee3ng, ch\u1ee9ng nh\u1eadn v\u00e0 quy tr\u00ecnh s\u1ea3n xu\u1ea5t c\u1ee7a ch\u00fang t\u00f4i b\u1eb1ng c\u00e1ch nh\u1ea5n\u00a0<a href=\"https:\/\/taichytomato.com\/vi\/how-is-tomato-paste-made-in-a-factory\/\">t\u1ea1i \u0111\u00e2y.<\/a><\/p>\n<hr \/>\n<h2><strong>5.\u0110\u00f3ng g\u00f3i &amp; V\u1eadn chuy\u1ec3n<\/strong><\/h2>\n<p><strong>Bao b\u00ec c\u1ee7a ch\u00fang t\u00f4i<\/strong><\/p>\n<ol>\n<li>H\u1ed9p carton gi\u1ea5y c\u1ee9ng v\u00e0 ch\u1eafc ch\u1eafn ph\u00f9 h\u1ee3p v\u1edbi v\u1eadn chuy\u1ec3n xu\u1ea5t kh\u1ea9u.<\/li>\n<li>B\u1ecdc m\u00e0ng co k\u00e8m khay<\/li>\n<li>Ch\u1ec9 b\u1ecdc m\u00e0ng co<\/li>\n<\/ol>\n<figure id=\"attachment_1380\" aria-describedby=\"caption-attachment-1380\" style=\"width: 509px\" class=\"wp-caption alignnone\"><img decoding=\"async\" class=\"wp-image-1380\" src=\"https:\/\/taichytomato.com\/wp-content\/uploads\/2025\/05\/\u56fe\u72471-300x76.jpg\" alt=\"Ph\u01b0\u01a1ng th\u1ee9c \u0111\u00f3ng g\u00f3i\" width=\"509\" height=\"129\" srcset=\"https:\/\/taichytomato.com\/wp-content\/uploads\/2025\/05\/\u56fe\u72471-300x76.jpg 300w, https:\/\/taichytomato.com\/wp-content\/uploads\/2025\/05\/\u56fe\u72471.jpg 600w\" sizes=\"(max-width: 509px) 100vw, 509px\" \/><figcaption id=\"caption-attachment-1380\" class=\"wp-caption-text\">Ph\u01b0\u01a1ng th\u1ee9c \u0111\u00f3ng g\u00f3i<\/figcaption><\/figure>\n<hr \/>\n<h3 data-start=\"3101\" data-end=\"3144\"><strong data-start=\"3105\" data-end=\"3144\">6. T\u1ea1i sao ch\u1ecdn M\u1eadt paste c\u00e0 chua 850g c\u1ee7a ch\u00fang t\u00f4i<\/strong><\/h3>\n<p data-start=\"3146\" data-end=\"3236\">L\u00e0 m\u1ed9t nh\u00e0 <strong data-start=\"3164\" data-end=\"3221\">nh\u00e0 s\u1ea3n xu\u1ea5t v\u00e0 xu\u1ea5t kh\u1ea9u m\u1ee9t c\u00e0 chua \u0111\u00f3ng h\u1ed9p 4500g<\/strong>, ch\u00fang t\u00f4i cung c\u1ea5p:<\/p>\n<ul data-start=\"3237\" data-end=\"3412\">\n<li data-start=\"3237\" data-end=\"3270\">\n<p data-start=\"3239\" data-end=\"3270\">T\u00f9y ch\u1ecdn OEM v\u00e0 nh\u00e3n ri\u00eang<\/p>\n<\/li>\n<li data-start=\"3271\" data-end=\"3312\">\n<p data-start=\"3273\" data-end=\"3312\">C\u00e1c m\u1ee9c Brix kh\u00e1c nhau (18-20%, 22-24%, 26-28%, 28-30%, v.v.)<\/p>\n<\/li>\n<li data-start=\"3313\" data-end=\"3360\">\n<p data-start=\"3315\" data-end=\"3360\">Gi\u00e1 nh\u00e0 m\u00e1y c\u1ea1nh tranh v\u00e0 giao h\u00e0ng nhanh<\/p>\n<\/li>\n<li data-start=\"3361\" data-end=\"3412\">\n<p data-start=\"3363\" data-end=\"3412\">T\u00e0i li\u1ec7u xu\u1ea5t kh\u1ea9u \u0111\u1ea7y \u0111\u1ee7 v\u00e0 \u0111\u1ea3m b\u1ea3o ch\u1ea5t l\u01b0\u1ee3ng<\/p>\n<\/li>\n<\/ul>\n<hr \/>\n<h2><strong>7<\/strong><strong>.FAQ<\/strong><\/h2>\n<p>&nbsp;<\/p>\n<p><strong>1.Khi n\u00e0o t\u00f4i c\u00f3 th\u1ec3 nh\u1eadn \u0111\u01b0\u1ee3c b\u00e1o gi\u00e1?\u00a0<\/strong><\/p>\n<p>Ch\u00fang t\u00f4i th\u01b0\u1eddng b\u00e1o gi\u00e1 trong v\u00f2ng 12 gi\u1edd sau khi nh\u1eadn \u0111\u01b0\u1ee3c y\u00eau c\u1ea7u c\u1ee7a b\u1ea1n. N\u1ebfu b\u1ea1n c\u1ea7n g\u1ea5p \u0111\u1ec3 l\u1ea5y gi\u00e1, vui l\u00f2ng cho ch\u00fang t\u00f4i bi\u1ebft \u0111\u1ec3 ch\u00fang t\u00f4i xem y\u00eau c\u1ea7u c\u1ee7a b\u1ea1n l\u00e0 \u01b0u ti\u00ean. B\u1ea1n c\u0169ng c\u00f3 th\u1ec3 li\u00ean h\u1ec7 v\u1edbi ch\u00fang t\u00f4i qua WhatsApp g\u1ea5p. v\u00e0 \u0111\u1ed9i ng\u0169 marketing c\u1ee7a ch\u00fang t\u00f4i s\u1ebd lu\u00f4n tr\u1ef1c tuy\u1ebfn 24 gi\u1edd.<\/p>\n<p>&nbsp;<\/p>\n<p><strong>2.L\u00e0m th\u1ebf n\u00e0o \u0111\u1ec3 t\u00f4i l\u1ea5y m\u1eabu \u0111\u1ec3 ki\u1ec3m tra ch\u1ea5t l\u01b0\u1ee3ng c\u1ee7a b\u1ea1n?\u00a0<\/strong><\/p>\n<p>Sau khi x\u00e1c nh\u1eadn gi\u00e1, b\u1ea1n c\u00f3 th\u1ec3 y\u00eau c\u1ea7u m\u1eabu \u0111\u1ec3 ki\u1ec3m tra ch\u1ea5t l\u01b0\u1ee3ng c\u1ee7a ch\u00fang t\u00f4i.<\/p>\n<p>Ch\u00fang t\u00f4i c\u0169ng ch\u1ea5p nh\u1eadn ki\u1ec3m tra c\u1ee7a b\u00ean th\u1ee9 ba (SGS\/BV) tr\u01b0\u1edbc khi giao h\u00e0ng.<\/p>\n<p>&nbsp;<\/p>\n<p><strong>3.B\u1ea1n ch\u1ea5p nh\u1eadn c\u00e1c lo\u1ea1i t\u1ec7p n\u00e0o \u0111\u1ec3 in?<\/strong><\/p>\n<p>PDF, Core Draw, JPG \u0111\u1ed9 ph\u00e2n gi\u1ea3i cao ho\u1eb7c \u0111\u1ecbnh d\u1ea1ng AI<\/p>\n<p>&nbsp;<\/p>\n<p><strong>4.B\u1ea1n c\u00f3 th\u1ec3 thi\u1ebft k\u1ebf gi\u00fap ch\u00fang t\u00f4i kh\u00f4ng?\u00a0<\/strong><\/p>\n<p>C\u00f3. Ch\u00fang t\u00f4i c\u00f3 \u0111\u1ed9i ng\u0169 chuy\u00ean nghi\u1ec7p c\u00f3 nhi\u1ec1u kinh nghi\u1ec7m trong thi\u1ebft k\u1ebf v\u00e0 s\u1ea3n xu\u1ea5t.<\/p>\n<p>V\u00e0 d\u1ecbch v\u1ee5 n\u00e0y l\u00e0 Mi\u1ec5n ph\u00ed.<\/p>\n<p>&nbsp;<\/p>\n<p><strong>5.T\u00f4i c\u00f3 th\u1ec3 mong \u0111\u1ee3i nh\u1eadn m\u1eabu trong bao l\u00e2u?\u00a0<\/strong><\/p>\n<p>3-5 ng\u00e0y l\u00e0m vi\u1ec7c cho m\u1eabu. Ch\u00fang t\u00f4i \u0111\u00e3 k\u00fd h\u1ee3p \u0111\u1ed3ng v\u1edbi DHL, TNT, UPS v\u00e0 Fedex.<\/p>\n<p>&nbsp;<\/p>\n<p><strong>6.Th\u1eddi gian s\u1ea3n xu\u1ea5t h\u00e0ng lo\u1ea1t l\u00e0 bao l\u00e2u?\u00a0<\/strong><\/p>\n<p>25 ng\u00e0y l\u00e0m vi\u1ec7c cho s\u1ea3n xu\u1ea5t h\u00e0ng lo\u1ea1t. Th\u1eddi gian ph\u1ee5 thu\u1ed9c v\u00e0o s\u1ed1 l\u01b0\u1ee3ng c\u1ee7a b\u1ea1n, v\u00e0 ch\u00fang t\u00f4i s\u1ebd c\u1ed1 g\u1eafng h\u1ebft s\u1ee9c \u0111\u1ec3 \u0111\u00e1p \u1ee9ng nhu c\u1ea7u c\u1ee7a b\u1ea1n.<\/p>\n<p>\ud83d\udce9 <a href=\"https:\/\/taichytomato.com\/vi\/contact\/\"><u>Li\u00ean h\u1ec7 v\u1edbi ch\u00fang t\u00f4i ngay b\u00e2y gi\u1edd<\/u><\/a>\u00a0\u0111\u1ec3 bi\u1ebft gi\u00e1 c\u1ea3, b\u1ea3ng th\u00f4ng s\u1ed1 k\u1ef9 thu\u1eadt v\u00e0 c\u00e1c t\u00f9y ch\u1ecdn \u0111\u00f3ng g\u00f3i OEM!<\/p>\n<p>N\u1ebeU b\u1ea1n c\u00f3 b\u1ea5t k\u1ef3 th\u1eafc m\u1eafc n\u00e0o, nh\u1ea5n v\u00e0o \u0111\u00e2y\u201d<a href=\"https:\/\/taichytomato.com\/vi\/buyers-guide-for-canned-tomato-paste\/\"><u>H\u01b0\u1edbng D\u1eabn Ng\u01b0\u1eddi Mua M\u1eadt Ong C\u00e0 Chua H\u1ed9p<\/u><\/a>\u201d\u0111i\u1ec1u n\u00e0y s\u1ebd gi\u00fap b\u1ea1n<\/p>","protected":false},"excerpt":{"rendered":"<p>Brix:18-20%,22-24%,26-28%,28-30%<br \/>\nH\u1ed9p thi\u1ebfc ch\u1ed1ng r\u1ec9 s\u00e9t\/ ch\u1ed1ng c\u0103ng th\u1eb3ng\/ ch\u1ed1ng \u1ea9m<br \/>\nTh\u01b0\u01a1ng hi\u1ec7u: Thi\u1ebft k\u1ebf ho\u1eb7c OEM<br \/>\nS\u1ed1 l\u01b0\u1ee3ng t\u1ed1i thi\u1ec3u: 1X20ft<br \/>\nChi ti\u1ebft giao h\u00e0ng: 30-35 ng\u00e0y sau khi nh\u1eadn \u0111\u1eb7t c\u1ecdc ho\u1eb7c LC. Giao h\u00e0ng nhanh nh\u1ea5t.<br \/>\nM\u00e3 HS:2002901100<\/p>","protected":false},"featured_media":3268,"template":"","meta":{"_acf_changed":false,"_seopress_robots_primary_cat":"none","_seopress_titles_title":"Canned 850g Tomato Paste Tins | Catering Bulk Size | Taichy","_seopress_titles_desc":"Our 850g canned tomato paste is a high-quality ingredient for professional kitchens. These large tomato paste tins are available for bulk purchase.","_seopress_robots_index":"","site-sidebar-layout":"default","site-content-layout":"","ast-site-content-layout":"default","site-content-style":"default","site-sidebar-style":"default","ast-global-header-display":"","ast-banner-title-visibility":"","ast-main-header-display":"","ast-hfb-above-header-display":"","ast-hfb-below-header-display":"","ast-hfb-mobile-header-display":"","site-post-title":"","ast-breadcrumbs-content":"","ast-featured-img":"","footer-sml-layout":"","ast-disable-related-posts":"","theme-transparent-header-meta":"default","adv-header-id-meta":"","stick-header-meta":"","header-above-stick-meta":"","header-main-stick-meta":"","header-below-stick-meta":"","astra-migrate-meta-layouts":"set","ast-page-background-enabled":"default","ast-page-background-meta":{"desktop":{"background-color":"var(--ast-global-color-5)","background-image":"","background-repeat":"repeat","background-position":"center center","background-size":"auto","background-attachment":"scroll","background-type":"","background-media":"","overlay-type":"","overlay-color":"","overlay-opacity":"","overlay-gradient":""},"tablet":{"background-color":"","background-image":"","background-repeat":"repeat","background-position":"center center","background-size":"auto","background-attachment":"scroll","background-type":"","background-media":"","overlay-type":"","overlay-color":"","overlay-opacity":"","overlay-gradient":""},"mobile":{"background-color":"","background-image":"","background-repeat":"repeat","background-position":"center center","background-size":"auto","background-attachment":"scroll","background-type":"","background-media":"","overlay-type":"","overlay-color":"","overlay-opacity":"","overlay-gradient":""}},"ast-content-background-meta":{"desktop":{"background-color":"var(--ast-global-color-4)","background-image":"","background-repeat":"repeat","background-position":"center center","background-size":"auto","background-attachment":"scroll","background-type":"","background-media":"","overlay-type":"","overlay-color":"","overlay-opacity":"","overlay-gradient":""},"tablet":{"background-color":"var(--ast-global-color-4)","background-image":"","background-repeat":"repeat","background-position":"center center","background-size":"auto","background-attachment":"scroll","background-type":"","background-media":"","overlay-type":"","overlay-color":"","overlay-opacity":"","overlay-gradient":""},"mobile":{"background-color":"var(--ast-global-color-4)","background-image":"","background-repeat":"repeat","background-position":"center center","background-size":"auto","background-attachment":"scroll","background-type":"","background-media":"","overlay-type":"","overlay-color":"","overlay-opacity":"","overlay-gradient":""}}},"product_brand":[],"product_cat":[96],"product_tag":[154,45],"class_list":{"0":"post-935","1":"product","2":"type-product","3":"status-publish","4":"has-post-thumbnail","6":"product_cat-canned-tomato-paste","7":"product_tag-850g-canned-tomato-paste","8":"product_tag-canned-tomato-paste","9":"desktop-align-left","10":"tablet-align-left","11":"mobile-align-left","13":"first","14":"instock","15":"sale","16":"shipping-taxable","17":"purchasable","18":"product-type-simple"},"acf":[],"_links":{"self":[{"href":"https:\/\/taichytomato.com\/vi\/wp-json\/wp\/v2\/product\/935","targetHints":{"allow":["GET"]}}],"collection":[{"href":"https:\/\/taichytomato.com\/vi\/wp-json\/wp\/v2\/product"}],"about":[{"href":"https:\/\/taichytomato.com\/vi\/wp-json\/wp\/v2\/types\/product"}],"version-history":[{"count":0,"href":"https:\/\/taichytomato.com\/vi\/wp-json\/wp\/v2\/product\/935\/revisions"}],"wp:featuredmedia":[{"embeddable":true,"href":"https:\/\/taichytomato.com\/vi\/wp-json\/wp\/v2\/media\/3268"}],"wp:attachment":[{"href":"https:\/\/taichytomato.com\/vi\/wp-json\/wp\/v2\/media?parent=935"}],"wp:term":[{"taxonomy":"product_brand","embeddable":true,"href":"https:\/\/taichytomato.com\/vi\/wp-json\/wp\/v2\/product_brand?post=935"},{"taxonomy":"product_cat","embeddable":true,"href":"https:\/\/taichytomato.com\/vi\/wp-json\/wp\/v2\/product_cat?post=935"},{"taxonomy":"product_tag","embeddable":true,"href":"https:\/\/taichytomato.com\/vi\/wp-json\/wp\/v2\/product_tag?post=935"}],"curies":[{"name":"wp","href":"https:\/\/api.w.org\/{rel}","templated":true}]}}