{"id":924,"date":"2025-05-22T23:14:02","date_gmt":"2025-05-23T07:14:02","guid":{"rendered":"https:\/\/taichytomato.com\/?post_type=product&#038;p=924"},"modified":"2026-01-07T23:58:13","modified_gmt":"2026-01-08T07:58:13","slug":"800g-canned-tomato-paste","status":"publish","type":"product","link":"https:\/\/taichytomato.com\/vi\/san-pham\/800g-canned-tomato-paste\/","title":{"rendered":"T\u01b0\u01a1ng c\u00e0 \u0111\u00f3ng h\u1ed9p 800g \u2013 T\u01b0\u01a1ng c\u00e0 ch\u1ea5t l\u01b0\u1ee3ng cao cho gia \u0111\u00ecnh v\u00e0 xu\u1ea5t kh\u1ea9u"},"content":{"rendered":"<h2>800g M\u00ec Paste C\u00e0 Chua H\u1ed9p<\/h2>\n<p data-start=\"882\" data-end=\"1209\">C\u00e1i <strong data-start=\"886\" data-end=\"914\">800g m\u00ec paste c\u00e0 chua h\u1ed9p<\/strong> (c\u00f2n g\u1ecdi l\u00e0 <strong data-start=\"930\" data-end=\"955\">h\u1ed9p m\u00ec paste c\u00e0 chua 800g<\/strong>) l\u00e0 m\u1ed9t trong nh\u1eefng k\u00edch th\u01b0\u1edbc \u0111\u00f3ng g\u00f3i ph\u1ed5 bi\u1ebfn nh\u1ea5t cho th\u1ecb tr\u01b0\u1eddng b\u00e1n l\u1ebb, gia \u0111\u00ecnh v\u00e0 d\u1ecbch v\u1ee5 \u0103n u\u1ed1ng. N\u00f3 cung c\u1ea5p s\u1ef1 c\u00e2n b\u1eb1ng ho\u00e0n h\u1ea3o gi\u1eefa ti\u1ec7n l\u1ee3i cho gia \u0111\u00ecnh v\u00e0 gi\u00e1 c\u1ea3 ph\u1ea3i ch\u0103ng cho s\u1ed1 l\u01b0\u1ee3ng l\u1edbn, l\u00e0m cho n\u00f3 l\u00fd t\u01b0\u1edfng cho c\u00e1c nh\u00e0 ph\u00e2n ph\u1ed1i qu\u1ed1c t\u1ebf v\u00e0 nh\u00e0 cung c\u1ea5p d\u1ecbch v\u1ee5 th\u1ef1c ph\u1ea9m.<\/p>\n<h2><strong>1. M\u00f4 t\u1ea3 s\u1ea3n ph\u1ea9m<\/strong><\/h2>\n<p data-start=\"1245\" data-end=\"1532\">S\u1ea3n ph\u1ea9m c\u1ee7a ch\u00fang t\u00f4i <strong data-start=\"1249\" data-end=\"1270\">m\u00ec paste c\u00e0 chua 800g<\/strong> \u0111\u01b0\u1ee3c l\u00e0m t\u1eeb <strong data-start=\"1284\" data-end=\"1313\">100% c\u00e0 chua t\u01b0\u01a1i, ch\u00edn m\u1ecdng<\/strong>, \u0111\u01b0\u1ee3c ch\u1ecdn l\u1ecdc k\u1ef9 l\u01b0\u1ee1ng v\u00e0 ch\u1ebf bi\u1ebfn \u0111\u1ec3 \u0111\u1ea3m b\u1ea3o h\u01b0\u01a1ng v\u1ecb \u0111\u1eadm \u0111\u00e0, m\u00e0u \u0111\u1ecf t\u1ef1 nhi\u00ean v\u00e0 k\u1ebft c\u1ea5u m\u1ecbn m\u00e0ng.<br data-start=\"1411\" data-end=\"1414\" \/>N\u00f3 c\u00f3 s\u1eb5n trong <strong>18-20%, 22-24%, 26-28%, 28-30%, v.v. Brix,<\/strong> t\u00f9y theo y\u00eau c\u1ea7u c\u1ee7a kh\u00e1ch h\u00e0ng v\u00e0 ti\u00eau chu\u1ea9n th\u1ecb tr\u01b0\u1eddng khu v\u1ef1c.<\/p>\n<p data-start=\"1534\" data-end=\"1708\">M\u1ed7i <strong data-start=\"1539\" data-end=\"1564\">h\u1ed9p m\u00ec paste c\u00e0 chua 800g<\/strong> \u0111\u01b0\u1ee3c ni\u00eam phong ch\u00e2n kh\u00f4ng v\u00e0 ti\u1ec7t tr\u00f9ng d\u01b0\u1edbi s\u1ef1 ki\u1ec3m so\u00e1t v\u1ec7 sinh nghi\u00eam ng\u1eb7t \u0111\u1ec3 \u0111\u1ea3m b\u1ea3o an to\u00e0n th\u1ef1c ph\u1ea9m v\u00e0 th\u1eddi gian b\u1ea3o qu\u1ea3n l\u00e2u d\u00e0i m\u00e0 kh\u00f4ng c\u1ea7n ch\u1ea5t b\u1ea3o qu\u1ea3n ho\u1eb7c ph\u1ee5 gia.<\/p>\n<hr \/>\n<h2><strong>2. Th\u00f4ng s\u1ed1 k\u1ef9 thu\u1eadt s\u1ea3n ph\u1ea9m\u00a0<\/strong><\/h2>\n<p><strong>Th\u00f4ng s\u1ed1 k\u1ef9 thu\u1eadt 1:<\/strong><\/p>\n<table>\n<tbody>\n<tr>\n<td width=\"189\">T\u00ean s\u1ea3n ph\u1ea9m<\/td>\n<td width=\"610\">M\u1eadt Ng\u00f4<\/td>\n<\/tr>\n<tr>\n<td width=\"189\">N\u1ed3ng \u0111\u1ed9<\/td>\n<td width=\"610\">18-20%, 22-24%, 26-28%, 28-30%, v.v.<\/td>\n<\/tr>\n<tr>\n<td width=\"189\">K\u00edch th\u01b0\u1edbc h\u1ed9p<\/td>\n<td width=\"610\"><strong>800g<\/strong><\/td>\n<\/tr>\n<tr>\n<td width=\"189\">Lo\u1ea1i h\u1ed9p<\/td>\n<td width=\"610\"><strong>N\u1eafp d\u1ec5 m\u1edf \/ N\u1eafp c\u1ee9ng m\u1edf<\/strong><\/td>\n<\/tr>\n<tr>\n<td width=\"189\">Nh\u00e3n<\/td>\n<td width=\"610\">In litho<\/td>\n<\/tr>\n<tr>\n<td width=\"189\">M\u00e3 HS<\/td>\n<td width=\"610\">20029011<\/td>\n<\/tr>\n<tr>\n<td width=\"189\">Th\u1eddi h\u1ea1n s\u1eed d\u1ee5ng<\/td>\n<td width=\"610\">24 th\u00e1ng<\/td>\n<\/tr>\n<tr>\n<td width=\"189\">T\u00ean th\u01b0\u01a1ng hi\u1ec7u<\/td>\n<td width=\"610\">d\u01b0\u1edbi d\u1ea1ng<\/td>\n<\/tr>\n<tr>\n<td width=\"189\">T\u1ef7 l\u1ec7 \u0111\u1ea7u v\u00e0o-\u0111\u1ea7u ra<\/td>\n<td width=\"610\">25%-100%<\/td>\n<\/tr>\n<\/tbody>\n<\/table>\n<p>&nbsp;<\/p>\n<p>Th\u00f4ng s\u1ed1 k\u1ef9 thu\u1eadt 2:<\/p>\n<table>\n<tbody>\n<tr>\n<td>1<\/td>\n<td width=\"367\">12 h\u1ed9p\/th\u00f9ng 800g* (HO&amp;EO)<\/td>\n<td width=\"139\">2060 Th\u00f9ng<\/td>\n<\/tr>\n<\/tbody>\n<\/table>\n<p>\u0110\u1ed1i v\u1edbi c\u00e1c gi\u1ea3i ph\u00e1p t\u00f9y ch\u1ec9nh ho\u1eb7c mua s\u1ed1 l\u01b0\u1ee3ng l\u1edbn,\u00a0<a href=\"https:\/\/taichytomato.com\/vi\/contact\/\">vui l\u00f2ng li\u00ean h\u1ec7 v\u1edbi \u0111\u1ed9i ng\u0169 b\u00e1n h\u00e0ng c\u1ee7a ch\u00fang t\u00f4i b\u1ea5t c\u1ee9 l\u00fac n\u00e0o.<\/a><\/p>\n<hr \/>\n<h2><strong data-start=\"1813\" data-end=\"1837\">3. Quy tr\u00ecnh \u0111\u00f3ng g\u00f3i<\/strong><\/h2>\n<p>&nbsp;<\/p>\n<p data-start=\"1839\" data-end=\"1994\">C\u00e1i <strong data-start=\"1843\" data-end=\"1886\">quy tr\u00ecnh \u0111\u00f3ng g\u00f3i h\u1ed9p m\u00ec paste c\u00e0 chua 800g<\/strong> \u0111\u01b0\u1ee3c th\u1ef1c hi\u1ec7n theo \u0111\u00fang quy \u0111\u1ecbnh <strong data-start=\"1921\" data-end=\"1944\">HACCP, ISO, v\u00e0 FDA<\/strong> Ti\u00eau chu\u1ea9n \u0111\u1ec3 \u0111\u1ea3m b\u1ea3o v\u1ec7 sinh v\u00e0 an to\u00e0n s\u1ea3n ph\u1ea9m:<\/p>\n<ol data-start=\"1996\" data-end=\"2515\">\n<li data-start=\"1996\" data-end=\"2071\">\n<p data-start=\"1999\" data-end=\"2071\"><strong data-start=\"1999\" data-end=\"2020\">L\u1ef1a ch\u1ecdn c\u00e0 chua:<\/strong> Ch\u1ec9 ch\u1ecdn nh\u1eefng qu\u1ea3 c\u00e0 chua ch\u00edn m\u1ecdng, ch\u1ea5t l\u01b0\u1ee3ng cao.<\/p>\n<\/li>\n<li data-start=\"2072\" data-end=\"2142\">\n<p data-start=\"2075\" data-end=\"2142\"><strong data-start=\"2075\" data-end=\"2098\">R\u1eeda &amp; Nghi\u1ec1n:<\/strong> C\u00e0 chua \u0111\u01b0\u1ee3c r\u1eeda s\u1ea1ch, ph\u00e2n lo\u1ea1i v\u00e0 nghi\u1ec1n n\u00e1t.<\/p>\n<\/li>\n<li data-start=\"2143\" data-end=\"2220\">\n<p data-start=\"2146\" data-end=\"2220\"><strong data-start=\"2146\" data-end=\"2164\">N\u1ed3ng \u0111\u1ed9:<\/strong> N\u01b0\u1edbc \u00e9p \u0111\u01b0\u1ee3c bay h\u01a1i \u0111\u1ec3 \u0111\u1ea1t m\u1ee9c Brix y\u00eau c\u1ea7u.<\/p>\n<\/li>\n<li data-start=\"2221\" data-end=\"2300\">\n<p data-start=\"2224\" data-end=\"2300\"><strong data-start=\"2224\" data-end=\"2240\">\u0110\u00f3ng h\u1ed9p nhi\u1ec7t:<\/strong> M\u1eadt ong c\u00f4 \u0111\u1eb7c \u0111\u01b0\u1ee3c \u0111\u00f3ng v\u00e0o h\u1ed9p thi\u1ebfc 800g.<\/p>\n<\/li>\n<li data-start=\"2301\" data-end=\"2367\">\n<p data-start=\"2304\" data-end=\"2367\"><strong data-start=\"2304\" data-end=\"2316\">H\u00e0n k\u00edn:<\/strong> H\u1ed9p \u0111\u01b0\u1ee3c ni\u00eam phong ch\u00e2n kh\u00f4ng \u0111\u1ec3 tr\u00e1nh nhi\u1ec5m khu\u1ea9n.<\/p>\n<\/li>\n<li data-start=\"2368\" data-end=\"2437\">\n<p data-start=\"2371\" data-end=\"2437\"><strong data-start=\"2371\" data-end=\"2389\">Ti\u1ec7t tr\u00f9ng:<\/strong> Ti\u1ec7t tr\u00f9ng nhi\u1ec7t \u0111\u1ea3m b\u1ea3o \u0111\u1ed9 \u1ed5n \u0111\u1ecbnh c\u1ee7a s\u1ea3n ph\u1ea9m.<\/p>\n<\/li>\n<li data-start=\"2438\" data-end=\"2515\">\n<p data-start=\"2441\" data-end=\"2515\"><strong data-start=\"2441\" data-end=\"2464\">L\u00e0m m\u00e1t &amp; D\u00e1n nh\u00e3n:<\/strong> H\u1ed9p \u0111\u01b0\u1ee3c l\u00e0m m\u00e1t, d\u00e1n nh\u00e3n v\u00e0 \u0111\u00f3ng g\u00f3i \u0111\u1ec3 xu\u1ea5t kh\u1ea9u.<\/p>\n<\/li>\n<\/ol>\n<p data-start=\"2517\" data-end=\"2661\">H\u1ec7 th\u1ed1ng t\u1ef1 \u0111\u1ed9ng c\u1ee7a ch\u00fang t\u00f4i <strong data-start=\"2531\" data-end=\"2575\">d\u00e2y chuy\u1ec1n s\u1ea3n xu\u1ea5t s\u1ed1t c\u00e0 chua \u0111\u00f3ng h\u1ed9p 800g<\/strong> \u0111\u1ea3m b\u1ea3o tr\u1ecdng l\u01b0\u1ee3ng \u0111\u00f3ng \u0111\u1ea7y \u0111\u1ee7, ni\u00eam phong s\u1ea1ch s\u1ebd v\u00e0 ch\u1ea5t l\u01b0\u1ee3ng s\u1ea3n ph\u1ea9m xu\u1ea5t s\u1eafc.<\/p>\n<hr \/>\n<h2><strong data-start=\"3024\" data-end=\"3047\">4. \u0110\u1eb7c \u0111i\u1ec3m s\u1ea3n ph\u1ea9m<\/strong><\/h2>\n<p>&nbsp;<\/p>\n<p data-start=\"3049\" data-end=\"3321\">\u2705 C\u00e0 chua t\u1ef1 nhi\u00ean 100% v\u00e0 kh\u00f4ng bi\u1ebfn \u0111\u1ed5i gen<br data-start=\"3084\" data-end=\"3087\" \/>\u2705 M\u00e0u \u0111\u1ecf \u0111\u1eadm v\u00e0 k\u1ebft c\u1ea5u m\u1ecbn m\u00e0ng<br data-start=\"3122\" data-end=\"3125\" \/>\u2705 Kh\u00f4ng ch\u1ee9a m\u00e0u nh\u00e2n t\u1ea1o ho\u1eb7c ch\u1ea5t b\u1ea3o qu\u1ea3n<br data-start=\"3164\" data-end=\"3167\" \/>\u2705 Ch\u1ea5t l\u01b0\u1ee3ng \u1ed5n \u0111\u1ecbnh v\u00e0 th\u1eddi gian b\u1ea3o qu\u1ea3n l\u00e2u d\u00e0i<br data-start=\"3203\" data-end=\"3206\" \/>\u2705 C\u00f3 th\u1ec3 t\u00f9y ch\u1ec9nh nh\u00e3n ri\u00eang<br data-start=\"3249\" data-end=\"3252\" \/>\u2705 C\u1ea1nh tranh <strong data-start=\"3266\" data-end=\"3293\">Gi\u00e1 800g s\u1ed1t c\u00e0 chua<\/strong> tr\u1ef1c ti\u1ebfp t\u1eeb nh\u00e0 m\u00e1y<\/p>\n<h3 data-start=\"3328\" data-end=\"3351\"><strong data-start=\"3332\" data-end=\"3351\">5. \u1ee8ng d\u1ee5ng<\/strong><\/h3>\n<p data-start=\"3353\" data-end=\"3407\">C\u00e1i <strong data-start=\"3357\" data-end=\"3385\">S\u1ed1t c\u00e0 chua \u0111\u00f3ng h\u1ed9p 800g<\/strong> \u0111\u01b0\u1ee3c s\u1eed d\u1ee5ng r\u1ed9ng r\u00e3i cho:<\/p>\n<ul data-start=\"3408\" data-end=\"3584\">\n<li data-start=\"3408\" data-end=\"3458\">\n<p data-start=\"3410\" data-end=\"3458\">N\u1ea5u \u0103n h\u00e0ng ng\u00e0y gia \u0111\u00ecnh (s\u00fap, h\u1ea7m, s\u1ed1t)<\/p>\n<\/li>\n<li data-start=\"3459\" data-end=\"3497\">\n<p data-start=\"3461\" data-end=\"3497\">Ho\u1ea1t \u0111\u1ed9ng nh\u00e0 h\u00e0ng v\u00e0 d\u1ecbch v\u1ee5 \u0103n u\u1ed1ng<\/p>\n<\/li>\n<li data-start=\"3498\" data-end=\"3526\">\n<p data-start=\"3500\" data-end=\"3526\">B\u00e1n l\u1ebb t\u1ea1i si\u00eau th\u1ecb<\/p>\n<\/li>\n<li data-start=\"3527\" data-end=\"3584\">\n<p data-start=\"3529\" data-end=\"3584\">Th\u1ecb tr\u01b0\u1eddng xu\u1ea5t kh\u1ea9u c\u1ea7n k\u00edch c\u1ee1 \u0111\u00f3ng g\u00f3i ti\u1ebft ki\u1ec7m chi ph\u00ed<\/p>\n<\/li>\n<\/ul>\n<h3 data-start=\"3591\" data-end=\"3634\"><strong data-start=\"3595\" data-end=\"3634\">6. T\u1ea1i sao ch\u1ecdn s\u1ed1t c\u00e0 chua 800g c\u1ee7a ch\u00fang t\u00f4i<\/strong><\/h3>\n<p data-start=\"3636\" data-end=\"3723\">L\u00e0 m\u1ed9t nh\u00e0 <strong data-start=\"3649\" data-end=\"3708\">Nh\u00e0 s\u1ea3n xu\u1ea5t OEM v\u00e0 nh\u00e3n ri\u00eang c\u1ee7a s\u1ed1t c\u00e0 chua 800g<\/strong>, ch\u00fang t\u00f4i cung c\u1ea5p:<\/p>\n<ul data-start=\"3724\" data-end=\"3905\">\n<li data-start=\"3724\" data-end=\"3773\">\n<p data-start=\"3726\" data-end=\"3773\">D\u1ecbch v\u1ee5 xu\u1ea5t kh\u1ea9u to\u00e0n di\u1ec7n v\u00e0 ch\u1ee9ng nh\u1eadn ch\u1ea5t l\u01b0\u1ee3ng<\/p>\n<\/li>\n<li data-start=\"3774\" data-end=\"3820\">\n<p data-start=\"3776\" data-end=\"3820\">T\u00f9y ch\u1ec9nh nh\u00e3n m\u00e1c v\u00e0 \u0111\u00f3ng g\u00f3i linh ho\u1ea1t<\/p>\n<\/li>\n<li data-start=\"3821\" data-end=\"3853\">\n<p data-start=\"3823\" data-end=\"3853\">S\u1ea3n xu\u1ea5t v\u00e0 giao h\u00e0ng nhanh ch\u00f3ng<\/p>\n<\/li>\n<li data-start=\"3854\" data-end=\"3905\">\n<p data-start=\"3856\" data-end=\"3905\">\u1ed4n \u0111\u1ecbnh <strong data-start=\"3863\" data-end=\"3880\">gi\u00e1 nh\u00e0 m\u00e1y<\/strong> d\u00e0nh cho \u0111\u1ed1i t\u00e1c l\u00e2u d\u00e0i<\/p>\n<\/li>\n<\/ul>\n<figure id=\"attachment_1352\" aria-describedby=\"caption-attachment-1352\" style=\"width: 500px\" class=\"wp-caption aligncenter\"><img fetchpriority=\"high\" decoding=\"async\" class=\"wp-image-1352\" src=\"https:\/\/taichytomato.com\/wp-content\/uploads\/2025\/04\/1749522102558-300x225.jpg\" alt=\"D\u00f2ng s\u1ea3n ph\u1ea9m\" width=\"500\" height=\"375\" srcset=\"https:\/\/taichytomato.com\/wp-content\/uploads\/2025\/04\/1749522102558-300x225.jpg 300w, https:\/\/taichytomato.com\/wp-content\/uploads\/2025\/04\/1749522102558-1024x768.jpg 1024w, https:\/\/taichytomato.com\/wp-content\/uploads\/2025\/04\/1749522102558-768x576.jpg 768w, https:\/\/taichytomato.com\/wp-content\/uploads\/2025\/04\/1749522102558-1536x1152.jpg 1536w, https:\/\/taichytomato.com\/wp-content\/uploads\/2025\/04\/1749522102558-2048x1536.jpg 2048w, https:\/\/taichytomato.com\/wp-content\/uploads\/2025\/04\/1749522102558-600x450.jpg 600w\" sizes=\"(max-width: 500px) 100vw, 500px\" \/><figcaption id=\"caption-attachment-1352\" class=\"wp-caption-text\">D\u00f2ng s\u1ea3n ph\u1ea9m<\/figcaption><\/figure>\n<p>T\u00ecm hi\u1ec3u th\u00eam v\u1ec1 ki\u1ec3m so\u00e1t ch\u1ea5t l\u01b0\u1ee3ng, ch\u1ee9ng nh\u1eadn v\u00e0 quy tr\u00ecnh s\u1ea3n xu\u1ea5t c\u1ee7a ch\u00fang t\u00f4i b\u1eb1ng c\u00e1ch nh\u1ea5n\u00a0<a href=\"https:\/\/taichytomato.com\/vi\/how-is-tomato-paste-made-in-a-factory\/\">t\u1ea1i \u0111\u00e2y.<\/a><\/p>\n<hr \/>\n<h2><strong>7<\/strong><strong>.FAQ<\/strong><\/h2>\n<p>&nbsp;<\/p>\n<p><strong>1.Khi n\u00e0o t\u00f4i c\u00f3 th\u1ec3 nh\u1eadn \u0111\u01b0\u1ee3c b\u00e1o gi\u00e1?\u00a0<\/strong><\/p>\n<p>Ch\u00fang t\u00f4i th\u01b0\u1eddng b\u00e1o gi\u00e1 trong v\u00f2ng 12 gi\u1edd sau khi nh\u1eadn \u0111\u01b0\u1ee3c y\u00eau c\u1ea7u c\u1ee7a b\u1ea1n. N\u1ebfu b\u1ea1n c\u1ea7n g\u1ea5p \u0111\u1ec3 l\u1ea5y gi\u00e1, vui l\u00f2ng cho ch\u00fang t\u00f4i bi\u1ebft \u0111\u1ec3 ch\u00fang t\u00f4i xem y\u00eau c\u1ea7u c\u1ee7a b\u1ea1n l\u00e0 \u01b0u ti\u00ean. B\u1ea1n c\u0169ng c\u00f3 th\u1ec3 li\u00ean h\u1ec7 v\u1edbi ch\u00fang t\u00f4i qua WhatsApp g\u1ea5p. v\u00e0 \u0111\u1ed9i ng\u0169 marketing c\u1ee7a ch\u00fang t\u00f4i s\u1ebd lu\u00f4n tr\u1ef1c tuy\u1ebfn 24 gi\u1edd.<\/p>\n<p>&nbsp;<\/p>\n<p><strong>2.L\u00e0m th\u1ebf n\u00e0o \u0111\u1ec3 t\u00f4i l\u1ea5y m\u1eabu \u0111\u1ec3 ki\u1ec3m tra ch\u1ea5t l\u01b0\u1ee3ng c\u1ee7a b\u1ea1n?\u00a0<\/strong><\/p>\n<p>Sau khi x\u00e1c nh\u1eadn gi\u00e1, b\u1ea1n c\u00f3 th\u1ec3 y\u00eau c\u1ea7u m\u1eabu \u0111\u1ec3 ki\u1ec3m tra ch\u1ea5t l\u01b0\u1ee3ng c\u1ee7a ch\u00fang t\u00f4i.<\/p>\n<p>Ch\u00fang t\u00f4i c\u0169ng ch\u1ea5p nh\u1eadn ki\u1ec3m tra c\u1ee7a b\u00ean th\u1ee9 ba (SGS\/BV) tr\u01b0\u1edbc khi giao h\u00e0ng.<\/p>\n<p>&nbsp;<\/p>\n<p><strong>3.B\u1ea1n ch\u1ea5p nh\u1eadn c\u00e1c lo\u1ea1i t\u1ec7p n\u00e0o \u0111\u1ec3 in?<\/strong><\/p>\n<p>PDF, Core Draw, JPG \u0111\u1ed9 ph\u00e2n gi\u1ea3i cao ho\u1eb7c \u0111\u1ecbnh d\u1ea1ng AI<\/p>\n<p>&nbsp;<\/p>\n<p><strong>4.B\u1ea1n c\u00f3 th\u1ec3 thi\u1ebft k\u1ebf gi\u00fap ch\u00fang t\u00f4i kh\u00f4ng?\u00a0<\/strong><\/p>\n<p>C\u00f3. Ch\u00fang t\u00f4i c\u00f3 \u0111\u1ed9i ng\u0169 chuy\u00ean nghi\u1ec7p c\u00f3 nhi\u1ec1u kinh nghi\u1ec7m trong thi\u1ebft k\u1ebf v\u00e0 s\u1ea3n xu\u1ea5t.<\/p>\n<p>V\u00e0 d\u1ecbch v\u1ee5 n\u00e0y l\u00e0 Mi\u1ec5n ph\u00ed.<\/p>\n<p>&nbsp;<\/p>\n<p><strong>5.T\u00f4i c\u00f3 th\u1ec3 mong \u0111\u1ee3i nh\u1eadn m\u1eabu trong bao l\u00e2u?\u00a0<\/strong><\/p>\n<p>3-5 ng\u00e0y l\u00e0m vi\u1ec7c cho m\u1eabu. Ch\u00fang t\u00f4i \u0111\u00e3 k\u00fd h\u1ee3p \u0111\u1ed3ng v\u1edbi DHL, TNT, UPS v\u00e0 Fedex.<\/p>\n<p>&nbsp;<\/p>\n<p><strong>6.Th\u1eddi gian s\u1ea3n xu\u1ea5t h\u00e0ng lo\u1ea1t l\u00e0 bao l\u00e2u?\u00a0<\/strong><\/p>\n<p>25 ng\u00e0y l\u00e0m vi\u1ec7c cho s\u1ea3n xu\u1ea5t h\u00e0ng lo\u1ea1t. Th\u1eddi gian ph\u1ee5 thu\u1ed9c v\u00e0o s\u1ed1 l\u01b0\u1ee3ng c\u1ee7a b\u1ea1n, v\u00e0 ch\u00fang t\u00f4i s\u1ebd c\u1ed1 g\u1eafng h\u1ebft s\u1ee9c \u0111\u1ec3 \u0111\u00e1p \u1ee9ng nhu c\u1ea7u c\u1ee7a b\u1ea1n.<\/p>\n<p>\ud83d\udce9 <a href=\"https:\/\/taichytomato.com\/vi\/contact\/\"><u>Li\u00ean h\u1ec7 v\u1edbi ch\u00fang t\u00f4i ngay b\u00e2y gi\u1edd<\/u><\/a>\u00a0\u0111\u1ec3 bi\u1ebft gi\u00e1 c\u1ea3, b\u1ea3ng th\u00f4ng s\u1ed1 k\u1ef9 thu\u1eadt v\u00e0 c\u00e1c t\u00f9y ch\u1ecdn \u0111\u00f3ng g\u00f3i OEM!<\/p>\n<p>N\u1ebeU b\u1ea1n c\u00f3 b\u1ea5t k\u1ef3 th\u1eafc m\u1eafc n\u00e0o, nh\u1ea5n v\u00e0o \u0111\u00e2y\u201d<a href=\"https:\/\/taichytomato.com\/vi\/buyers-guide-for-canned-tomato-paste\/\"><u>H\u01b0\u1edbng D\u1eabn Ng\u01b0\u1eddi Mua M\u1eadt Ong C\u00e0 Chua H\u1ed9p<\/u><\/a>\u201d\u0111i\u1ec1u n\u00e0y s\u1ebd gi\u00fap b\u1ea1n<\/p>","protected":false},"excerpt":{"rendered":"<p>Brix:18-20%,22-24%,26-28%,28-30%<br \/>\nH\u1ed9p thi\u1ebfc ch\u1ed1ng r\u1ec9 s\u00e9t\/ ch\u1ed1ng c\u0103ng th\u1eb3ng\/ ch\u1ed1ng \u1ea9m<br \/>\nTh\u01b0\u01a1ng hi\u1ec7u: Thi\u1ebft k\u1ebf ho\u1eb7c OEM<br \/>\nS\u1ed1 l\u01b0\u1ee3ng t\u1ed1i thi\u1ec3u: 1X20ft<br \/>\nChi ti\u1ebft giao h\u00e0ng: 30-35 ng\u00e0y sau khi nh\u1eadn \u0111\u1eb7t c\u1ecdc ho\u1eb7c LC. Giao h\u00e0ng nhanh nh\u1ea5t.<br \/>\nM\u00e3 HS:2002901100<\/p>","protected":false},"featured_media":3273,"template":"","meta":{"_acf_changed":false,"_seopress_robots_primary_cat":"none","_seopress_titles_title":"800g Tomato Paste Tins | Catering Bulk Size | Taichy","_seopress_titles_desc":"Our 800g tomato paste canned is a high-quality ingredient for professional kitchens. These large tomato paste tins are available for bulk purchase.","_seopress_robots_index":"","site-sidebar-layout":"default","site-content-layout":"","ast-site-content-layout":"default","site-content-style":"default","site-sidebar-style":"default","ast-global-header-display":"","ast-banner-title-visibility":"","ast-main-header-display":"","ast-hfb-above-header-display":"","ast-hfb-below-header-display":"","ast-hfb-mobile-header-display":"","site-post-title":"","ast-breadcrumbs-content":"","ast-featured-img":"","footer-sml-layout":"","ast-disable-related-posts":"","theme-transparent-header-meta":"default","adv-header-id-meta":"","stick-header-meta":"","header-above-stick-meta":"","header-main-stick-meta":"","header-below-stick-meta":"","astra-migrate-meta-layouts":"set","ast-page-background-enabled":"default","ast-page-background-meta":{"desktop":{"background-color":"var(--ast-global-color-5)","background-image":"","background-repeat":"repeat","background-position":"center center","background-size":"auto","background-attachment":"scroll","background-type":"","background-media":"","overlay-type":"","overlay-color":"","overlay-opacity":"","overlay-gradient":""},"tablet":{"background-color":"","background-image":"","background-repeat":"repeat","background-position":"center center","background-size":"auto","background-attachment":"scroll","background-type":"","background-media":"","overlay-type":"","overlay-color":"","overlay-opacity":"","overlay-gradient":""},"mobile":{"background-color":"","background-image":"","background-repeat":"repeat","background-position":"center center","background-size":"auto","background-attachment":"scroll","background-type":"","background-media":"","overlay-type":"","overlay-color":"","overlay-opacity":"","overlay-gradient":""}},"ast-content-background-meta":{"desktop":{"background-color":"var(--ast-global-color-4)","background-image":"","background-repeat":"repeat","background-position":"center center","background-size":"auto","background-attachment":"scroll","background-type":"","background-media":"","overlay-type":"","overlay-color":"","overlay-opacity":"","overlay-gradient":""},"tablet":{"background-color":"var(--ast-global-color-4)","background-image":"","background-repeat":"repeat","background-position":"center center","background-size":"auto","background-attachment":"scroll","background-type":"","background-media":"","overlay-type":"","overlay-color":"","overlay-opacity":"","overlay-gradient":""},"mobile":{"background-color":"var(--ast-global-color-4)","background-image":"","background-repeat":"repeat","background-position":"center center","background-size":"auto","background-attachment":"scroll","background-type":"","background-media":"","overlay-type":"","overlay-color":"","overlay-opacity":"","overlay-gradient":""}}},"product_brand":[],"product_cat":[96],"product_tag":[153,45,44],"class_list":{"0":"post-924","1":"product","2":"type-product","3":"status-publish","4":"has-post-thumbnail","6":"product_cat-canned-tomato-paste","7":"product_tag-800g-canned-tomato-paste","8":"product_tag-canned-tomato-paste","9":"product_tag-tomato-paste","10":"desktop-align-left","11":"tablet-align-left","12":"mobile-align-left","14":"first","15":"instock","16":"sale","17":"shipping-taxable","18":"purchasable","19":"product-type-simple"},"acf":[],"_links":{"self":[{"href":"https:\/\/taichytomato.com\/vi\/wp-json\/wp\/v2\/product\/924","targetHints":{"allow":["GET"]}}],"collection":[{"href":"https:\/\/taichytomato.com\/vi\/wp-json\/wp\/v2\/product"}],"about":[{"href":"https:\/\/taichytomato.com\/vi\/wp-json\/wp\/v2\/types\/product"}],"version-history":[{"count":0,"href":"https:\/\/taichytomato.com\/vi\/wp-json\/wp\/v2\/product\/924\/revisions"}],"wp:featuredmedia":[{"embeddable":true,"href":"https:\/\/taichytomato.com\/vi\/wp-json\/wp\/v2\/media\/3273"}],"wp:attachment":[{"href":"https:\/\/taichytomato.com\/vi\/wp-json\/wp\/v2\/media?parent=924"}],"wp:term":[{"taxonomy":"product_brand","embeddable":true,"href":"https:\/\/taichytomato.com\/vi\/wp-json\/wp\/v2\/product_brand?post=924"},{"taxonomy":"product_cat","embeddable":true,"href":"https:\/\/taichytomato.com\/vi\/wp-json\/wp\/v2\/product_cat?post=924"},{"taxonomy":"product_tag","embeddable":true,"href":"https:\/\/taichytomato.com\/vi\/wp-json\/wp\/v2\/product_tag?post=924"}],"curies":[{"name":"wp","href":"https:\/\/api.w.org\/{rel}","templated":true}]}}