{"id":920,"date":"2025-05-22T23:08:04","date_gmt":"2025-05-23T07:08:04","guid":{"rendered":"https:\/\/taichytomato.com\/?post_type=product&#038;p=920"},"modified":"2026-01-07T23:43:02","modified_gmt":"2026-01-08T07:43:02","slug":"400g-canned-tomato-paste","status":"publish","type":"product","link":"https:\/\/taichytomato.com\/vi\/san-pham\/400g-canned-tomato-paste\/","title":{"rendered":"T\u01b0\u01a1ng c\u00e0 400g \u2013 T\u01b0\u01a1ng c\u00e0 \u0111\u00f3ng h\u1ed9p ch\u1ea5t l\u01b0\u1ee3ng cao cho th\u1ecb tr\u01b0\u1eddng gia \u0111\u00ecnh v\u00e0 b\u00e1n l\u1ebb"},"content":{"rendered":"<h2>B\u1ed9t c\u00e0 chua \u0111\u00f3ng h\u1ed9p 400g<\/h2>\n<p>C\u00e1i <strong data-start=\"896\" data-end=\"917\">b\u1ed9t c\u00e0 chua 400g<\/strong> (c\u00f2n g\u1ecdi l\u00e0 <strong data-start=\"933\" data-end=\"958\">h\u1ed9p thi\u1ebfc b\u1ed9t c\u00e0 chua 400g<\/strong>) l\u00e0 m\u1ed9t trong nh\u1eefng k\u00edch c\u1ee1 \u0111\u00f3ng g\u00f3i ph\u1ed5 bi\u1ebfn nh\u1ea5t cho ti\u00eau d\u00f9ng b\u00e1n l\u1ebb v\u00e0 gia \u0111\u00ecnh. Nh\u1ecf g\u1ecdn, ti\u1ec7n l\u1ee3i, d\u1ec5 l\u01b0u tr\u1eef, \u0111\u01b0\u1ee3c s\u1eed d\u1ee5ng r\u1ed9ng r\u00e3i b\u1edfi ng\u01b0\u1eddi ti\u00eau d\u00f9ng, si\u00eau th\u1ecb v\u00e0 c\u00e1c c\u00f4ng ty d\u1ecbch v\u1ee5 \u0103n u\u1ed1ng tr\u00ean to\u00e0n th\u1ebf gi\u1edbi.<\/p>\n<h2><strong>1. M\u00f4 t\u1ea3 s\u1ea3n ph\u1ea9m<\/strong><\/h2>\n<p data-start=\"1198\" data-end=\"1438\">S\u1ea3n ph\u1ea9m c\u1ee7a ch\u00fang t\u00f4i <strong data-start=\"1202\" data-end=\"1223\">b\u1ed9t c\u00e0 chua 400g<\/strong> \u0111\u01b0\u1ee3c l\u00e0m t\u1eeb c\u00e0 chua t\u01b0\u01a1i v\u00e0 ch\u00edn m\u1ecdng thu ho\u1ea1ch v\u00e0o th\u1eddi \u0111i\u1ec3m ch\u00edn nh\u1ea5t. B\u1ed9t \u0111\u1eb7c, m\u1ecbn v\u00e0 \u0111\u1eadm \u0111\u00e0 h\u01b0\u01a1ng v\u1ecb c\u00e0 chua t\u1ef1 nhi\u00ean.<br data-start=\"1356\" data-end=\"1359\" \/>N\u00f3 c\u00f3 s\u1eb5n trong <strong>22-24 %<\/strong> \uff0c<strong data-start=\"1378\" data-end=\"1408\">28\u201330% Brix ho\u1eb7c 36\u201338% Brix<\/strong> t\u00f9y thu\u1ed9c v\u00e0o nhu c\u1ea7u th\u1ecb tr\u01b0\u1eddng.<\/p>\n<p data-start=\"1440\" data-end=\"1603\">M\u1ed7i <strong data-start=\"1445\" data-end=\"1480\">H\u1ed9p thi\u1ebfc ho\u1eb7c t\u00fai nh\u1ecf b\u1ed9t c\u00e0 chua 400g<\/strong> \u0111\u01b0\u1ee3c \u0111\u00f3ng trong \u0111i\u1ec1u ki\u1ec7n v\u1ec7 sinh nghi\u00eam ng\u1eb7t v\u00e0 ti\u1ec7t tr\u00f9ng \u0111\u1ec3 \u0111\u1ea3m b\u1ea3o <strong data-start=\"1548\" data-end=\"1600\">th\u1eddi gian b\u1ea3o qu\u1ea3n l\u00e2u d\u00e0i, ch\u1ea5t l\u01b0\u1ee3ng \u1ed5n \u0111\u1ecbnh v\u00e0 an to\u00e0n th\u1ef1c ph\u1ea9m<\/strong>.<\/p>\n<hr \/>\n<h2><strong>2. Th\u00f4ng s\u1ed1 k\u1ef9 thu\u1eadt s\u1ea3n ph\u1ea9m\u00a0<\/strong><\/h2>\n<p><strong>Th\u00f4ng s\u1ed1 k\u1ef9 thu\u1eadt 1:<\/strong><\/p>\n<table>\n<tbody>\n<tr>\n<td width=\"189\">T\u00ean s\u1ea3n ph\u1ea9m<\/td>\n<td width=\"610\">M\u1eadt Ng\u00f4<\/td>\n<\/tr>\n<tr>\n<td width=\"189\">N\u1ed3ng \u0111\u1ed9<\/td>\n<td width=\"610\">18-20%, 22-24%, 26-28%, 28-30%, v.v.<\/td>\n<\/tr>\n<tr>\n<td width=\"189\">K\u00edch th\u01b0\u1edbc h\u1ed9p<\/td>\n<td width=\"610\">400g<\/td>\n<\/tr>\n<tr>\n<td width=\"189\">Lo\u1ea1i h\u1ed9p<\/td>\n<td width=\"610\">N\u1eafp d\u1ec5 m\u1edf \/ N\u1eafp c\u1ee9ng m\u1edf<\/td>\n<\/tr>\n<tr>\n<td width=\"189\">Nh\u00e3n<\/td>\n<td width=\"610\">In litho<\/td>\n<\/tr>\n<tr>\n<td width=\"189\">M\u00e3 HS<\/td>\n<td width=\"610\">20029011<\/td>\n<\/tr>\n<tr>\n<td width=\"189\">Th\u1eddi h\u1ea1n s\u1eed d\u1ee5ng<\/td>\n<td width=\"610\">24 th\u00e1ng<\/td>\n<\/tr>\n<tr>\n<td width=\"189\">T\u00ean th\u01b0\u01a1ng hi\u1ec7u<\/td>\n<td width=\"610\">d\u01b0\u1edbi d\u1ea1ng<\/td>\n<\/tr>\n<tr>\n<td width=\"189\">T\u1ef7 l\u1ec7 \u0111\u1ea7u v\u00e0o-\u0111\u1ea7u ra<\/td>\n<td width=\"610\">25%-100%<\/td>\n<\/tr>\n<\/tbody>\n<\/table>\n<p>&nbsp;<\/p>\n<p>Th\u00f4ng s\u1ed1 k\u1ef9 thu\u1eadt 2:<\/p>\n<table>\n<tbody>\n<tr>\n<td>1<\/td>\n<td width=\"367\">400g*24 h\u1ed9p\/th\u00f9ng (HO&amp;EO)<\/td>\n<td width=\"139\">2080 Th\u00f9ng<\/td>\n<\/tr>\n<\/tbody>\n<\/table>\n<p>\u0110\u1ed1i v\u1edbi c\u00e1c gi\u1ea3i ph\u00e1p t\u00f9y ch\u1ec9nh ho\u1eb7c mua s\u1ed1 l\u01b0\u1ee3ng l\u1edbn,\u00a0<a href=\"https:\/\/taichytomato.com\/vi\/contact\/\">vui l\u00f2ng li\u00ean h\u1ec7 v\u1edbi \u0111\u1ed9i ng\u0169 b\u00e1n h\u00e0ng c\u1ee7a ch\u00fang t\u00f4i b\u1ea5t c\u1ee9 l\u00fac n\u00e0o.<\/a><\/p>\n<hr \/>\n<h2 data-start=\"1610\" data-end=\"1638\"><strong data-start=\"1614\" data-end=\"1638\">3. L\u1ef1a ch\u1ecdn \u0111\u00f3ng g\u00f3i<\/strong><\/h2>\n<p data-start=\"1640\" data-end=\"1731\">Ch\u00fang t\u00f4i cung c\u1ea5p c\u00e1c gi\u1ea3i ph\u00e1p \u0111\u00f3ng g\u00f3i linh ho\u1ea1t <strong data-start=\"1658\" data-end=\"1689\">\u0111\u00f3ng g\u00f3i b\u1ed9t c\u00e0 chua 400g<\/strong> \u0111\u1ec3 \u0111\u00e1p \u1ee9ng s\u1edf th\u00edch kh\u00e1c nhau c\u1ee7a kh\u00e1ch h\u00e0ng:<\/p>\n<ul data-start=\"1733\" data-end=\"2092\">\n<li data-start=\"1733\" data-end=\"1843\">\n<p data-start=\"1735\" data-end=\"1843\"><strong data-start=\"1735\" data-end=\"1752\">H\u1ed9p thi\u1ebfc 400g:<\/strong> H\u1ed9p thi\u1ebfc th\u00e9p tr\u00e1ng men v\u1edbi l\u1edbp ph\u1ee7 trong, nh\u00e3n gi\u1ea5y ho\u1eb7c nh\u00e3n litho, n\u1eafp m\u1edf d\u1ec5 d\u00e0ng t\u00f9y ch\u1ecdn.<\/p>\n<\/li>\n<li data-start=\"1963\" data-end=\"2022\">\n<p data-start=\"1965\" data-end=\"2022\"><strong data-start=\"1965\" data-end=\"1975\">Nh\u00e3n:<\/strong> Thi\u1ebft k\u1ebf t\u00f9y ch\u1ec9nh ho\u1eb7c in nh\u00e3n ri\u00eang OEM.<\/p>\n<\/li>\n<li data-start=\"2023\" data-end=\"2092\">\n<p data-start=\"2025\" data-end=\"2092\"><strong data-start=\"2025\" data-end=\"2044\">\u0110\u00f3ng g\u00f3i b\u1eb1ng h\u1ed9p carton:<\/strong> 24 lon ho\u1eb7c t\u00fai nh\u1ecf m\u1ed7i th\u00f9ng (c\u00f3 th\u1ec3 t\u00f9y ch\u1ec9nh).<\/p>\n<\/li>\n<\/ul>\n<figure id=\"attachment_902\" aria-describedby=\"caption-attachment-902\" style=\"width: 371px\" class=\"wp-caption aligncenter\"><img fetchpriority=\"high\" decoding=\"async\" class=\"wp-image-902\" src=\"https:\/\/taichytomato.com\/wp-content\/uploads\/2025\/05\/2023120517403839_55540-300x200.jpg\" alt=\"s\u1ed1t c\u00e0 chua \u0111\u00f3ng h\u1ed9p\" width=\"371\" height=\"246\" srcset=\"https:\/\/taichytomato.com\/wp-content\/uploads\/2025\/05\/2023120517403839_55540-300x200.jpg 300w, https:\/\/taichytomato.com\/wp-content\/uploads\/2025\/05\/2023120517403839_55540-1024x683.jpg 1024w, https:\/\/taichytomato.com\/wp-content\/uploads\/2025\/05\/2023120517403839_55540-768x512.jpg 768w, https:\/\/taichytomato.com\/wp-content\/uploads\/2025\/05\/2023120517403839_55540-600x400.jpg 600w, https:\/\/taichytomato.com\/wp-content\/uploads\/2025\/05\/2023120517403839_55540.jpg 1474w\" sizes=\"(max-width: 371px) 100vw, 371px\" \/><figcaption id=\"caption-attachment-902\" class=\"wp-caption-text\">s\u1ed1t c\u00e0 chua \u0111\u00f3ng h\u1ed9p<\/figcaption><\/figure>\n<hr \/>\n<h3 data-start=\"2099\" data-end=\"2145\"><strong data-start=\"2103\" data-end=\"2145\">4. Quy tr\u00ecnh \u0111\u00f3ng g\u00f3i M\u1eadt ong C\u00e0 chua 400g<\/strong><\/h3>\n<p data-start=\"2147\" data-end=\"2252\">S\u1ea3n ph\u1ea9m c\u1ee7a ch\u00fang t\u00f4i <strong data-start=\"2151\" data-end=\"2190\">Quy tr\u00ecnh \u0111\u00f3ng g\u00f3i m\u1ee9t c\u00e0 chua 400g<\/strong> tu\u00e2n th\u1ee7 nghi\u00eam ng\u1eb7t <strong data-start=\"2208\" data-end=\"2217\">HACCP<\/strong>, <strong data-start=\"2219\" data-end=\"2226\">ISO<\/strong>, v\u00e0 <strong data-start=\"2232\" data-end=\"2239\">FDA<\/strong> ti\u00eau chu\u1ea9n:<\/p>\n<ol data-start=\"2254\" data-end=\"2735\">\n<li data-start=\"2254\" data-end=\"2323\">\n<p data-start=\"2257\" data-end=\"2323\"><strong data-start=\"2257\" data-end=\"2271\">L\u1ef1a ch\u1ecdn:<\/strong> C\u00e0 chua t\u01b0\u01a1i \u0111\u01b0\u1ee3c r\u1eeda s\u1ea1ch, ph\u00e2n lo\u1ea1i v\u00e0 ki\u1ec3m tra.<\/p>\n<\/li>\n<li data-start=\"2324\" data-end=\"2412\">\n<p data-start=\"2327\" data-end=\"2412\"><strong data-start=\"2327\" data-end=\"2342\">X\u1eed l\u00fd:<\/strong> C\u00e0 chua \u0111\u01b0\u1ee3c nghi\u1ec1n, bay h\u01a1i v\u00e0 c\u00f4 \u0111\u1eb7c \u0111\u1ebfn \u0111\u1ed9 Brix mong mu\u1ed1n.<\/p>\n<\/li>\n<li data-start=\"2413\" data-end=\"2499\">\n<p data-start=\"2416\" data-end=\"2499\"><strong data-start=\"2416\" data-end=\"2428\">N\u1ea1p:<\/strong> \u0110\u1ed5 n\u00f3ng v\u00e0o lon ho\u1eb7c t\u00fai nh\u1ecf 400g b\u1eb1ng d\u00e2y chuy\u1ec1n t\u1ef1 \u0111\u1ed9ng.<\/p>\n<\/li>\n<li data-start=\"2500\" data-end=\"2578\">\n<p data-start=\"2503\" data-end=\"2578\"><strong data-start=\"2503\" data-end=\"2515\">H\u00e0n k\u00edn:<\/strong> H\u00fat ch\u00e2n kh\u00f4ng \u0111\u1ec3 ng\u0103n r\u00f2 r\u1ec9 kh\u00ed v\u00e0 gi\u1eef \u0111\u1ed9 t\u01b0\u01a1i ngon.<\/p>\n<\/li>\n<li data-start=\"2579\" data-end=\"2660\">\n<p data-start=\"2582\" data-end=\"2660\"><strong data-start=\"2582\" data-end=\"2600\">Ti\u1ec7t tr\u00f9ng:<\/strong> Ti\u1ec7t tr\u00f9ng \u1edf nhi\u1ec7t \u0111\u1ed9 cao \u0111\u1ea3m b\u1ea3o \u0111\u1ed9 \u1ed5n \u0111\u1ecbnh c\u1ee7a s\u1ea3n ph\u1ea9m.<\/p>\n<\/li>\n<li data-start=\"2661\" data-end=\"2735\">\n<p data-start=\"2664\" data-end=\"2735\"><strong data-start=\"2664\" data-end=\"2689\">D\u00e1n nh\u00e3n &amp; \u0110\u00f3ng g\u00f3i:<\/strong> D\u00e1n nh\u00e3n, \u0111\u00f3ng g\u00f3i v\u00e0 x\u1ebfp pallet \u0111\u1ec3 xu\u1ea5t kh\u1ea9u.<\/p>\n<\/li>\n<\/ol>\n<p data-start=\"2737\" data-end=\"2859\">S\u1ea3n xu\u1ea5t t\u1ef1 \u0111\u1ed9ng n\u00e0y \u0111\u1ea3m b\u1ea3o tr\u1ecdng l\u01b0\u1ee3ng, ch\u1ea5t l\u01b0\u1ee3ng v\u00e0 v\u1ec7 sinh \u0111\u1ed3ng \u0111\u1ec1u trong m\u1ed7i <strong data-start=\"2827\" data-end=\"2856\">bao b\u00ec m\u1ee9t c\u00e0 chua 400g<\/strong>.<\/p>\n<figure id=\"attachment_1352\" aria-describedby=\"caption-attachment-1352\" style=\"width: 323px\" class=\"wp-caption aligncenter\"><img decoding=\"async\" class=\"wp-image-1352\" src=\"https:\/\/taichytomato.com\/wp-content\/uploads\/2025\/04\/1749522102558-300x225.jpg\" alt=\"D\u00f2ng s\u1ea3n ph\u1ea9m\" width=\"323\" height=\"242\" srcset=\"https:\/\/taichytomato.com\/wp-content\/uploads\/2025\/04\/1749522102558-300x225.jpg 300w, https:\/\/taichytomato.com\/wp-content\/uploads\/2025\/04\/1749522102558-1024x768.jpg 1024w, https:\/\/taichytomato.com\/wp-content\/uploads\/2025\/04\/1749522102558-768x576.jpg 768w, https:\/\/taichytomato.com\/wp-content\/uploads\/2025\/04\/1749522102558-1536x1152.jpg 1536w, https:\/\/taichytomato.com\/wp-content\/uploads\/2025\/04\/1749522102558-2048x1536.jpg 2048w, https:\/\/taichytomato.com\/wp-content\/uploads\/2025\/04\/1749522102558-600x450.jpg 600w\" sizes=\"(max-width: 323px) 100vw, 323px\" \/><figcaption id=\"caption-attachment-1352\" class=\"wp-caption-text\">D\u00f2ng s\u1ea3n ph\u1ea9m<\/figcaption><\/figure>\n<p>T\u00ecm hi\u1ec3u th\u00eam v\u1ec1 ki\u1ec3m so\u00e1t ch\u1ea5t l\u01b0\u1ee3ng, ch\u1ee9ng nh\u1eadn v\u00e0 quy tr\u00ecnh s\u1ea3n xu\u1ea5t c\u1ee7a ch\u00fang t\u00f4i b\u1eb1ng c\u00e1ch nh\u1ea5n\u00a0<a href=\"https:\/\/taichytomato.com\/vi\/how-is-tomato-paste-made-in-a-factory\/\">t\u1ea1i \u0111\u00e2y.<\/a><\/p>\n<hr \/>\n<p>\u2705<\/p>\n<hr \/>\n<h3 data-start=\"3188\" data-end=\"3211\"><strong data-start=\"3192\" data-end=\"3211\">6. \u1ee8ng d\u1ee5ng<\/strong><\/h3>\n<p data-start=\"3213\" data-end=\"3254\">C\u00e1i <strong data-start=\"3217\" data-end=\"3238\">b\u1ed9t c\u00e0 chua 400g<\/strong> l\u00e0 l\u00fd t\u01b0\u1edfng cho:<\/p>\n<ul data-start=\"3255\" data-end=\"3432\">\n<li data-start=\"3255\" data-end=\"3283\">\n<p data-start=\"3257\" data-end=\"3283\">B\u00e1n l\u1ebb t\u1ea1i si\u00eau th\u1ecb<\/p>\n<\/li>\n<li data-start=\"3284\" data-end=\"3334\">\n<p data-start=\"3286\" data-end=\"3334\">N\u1ea5u \u0103n h\u00e0ng ng\u00e0y gia \u0111\u00ecnh (s\u1ed1t, h\u1ea7m, s\u00fap)<\/p>\n<\/li>\n<li data-start=\"3335\" data-end=\"3369\">\n<p data-start=\"3337\" data-end=\"3369\">Cung c\u1ea5p cho d\u1ecbch v\u1ee5 \u0103n u\u1ed1ng v\u00e0 nh\u00e0 h\u00e0ng<\/p>\n<\/li>\n<li data-start=\"3370\" data-end=\"3432\">\n<p data-start=\"3372\" data-end=\"3432\">Xu\u1ea5t kh\u1ea9u sang ch\u00e2u Phi, Trung \u0110\u00f4ng, Nam M\u1ef9 v\u00e0 ch\u00e2u \u00c1<\/p>\n<\/li>\n<\/ul>\n<hr data-start=\"3434\" data-end=\"3437\" \/>\n<h3 data-start=\"3439\" data-end=\"3482\"><strong data-start=\"3443\" data-end=\"3482\">7. T\u1ea1i sao ch\u1ecdn M\u1ee9t c\u00e0 chua 400g c\u1ee7a ch\u00fang t\u00f4i<\/strong><\/h3>\n<p data-start=\"3484\" data-end=\"3571\">L\u00e0 m\u1ed9t nh\u00e0 <strong data-start=\"3502\" data-end=\"3556\">nh\u00e0 s\u1ea3n xu\u1ea5t t\u00fai v\u00e0 lon m\u1ee9t c\u00e0 chua 400g<\/strong>, ch\u00fang t\u00f4i cung c\u1ea5p:<\/p>\n<ul data-start=\"3572\" data-end=\"3784\">\n<li data-start=\"3572\" data-end=\"3605\">\n<p data-start=\"3574\" data-end=\"3605\">D\u1ecbch v\u1ee5 OEM v\u00e0 nh\u00e3n ri\u00eang<\/p>\n<\/li>\n<li data-start=\"3606\" data-end=\"3647\">\n<p data-start=\"3608\" data-end=\"3647\">C\u00e1c m\u1ee9c Brix kh\u00e1c nhau (18-20%, 22-24%, 26-28%, 28-30%, v.v.)<\/p>\n<\/li>\n<li data-start=\"3648\" data-end=\"3687\">\n<p data-start=\"3650\" data-end=\"3687\">H\u1ed7 tr\u1ee3 thi\u1ebft k\u1ebf v\u00e0 \u0111\u00f3ng g\u00f3i t\u00f9y ch\u1ec9nh<\/p>\n<\/li>\n<li data-start=\"3688\" data-end=\"3733\">\n<p data-start=\"3690\" data-end=\"3733\">Gi\u00e1 nh\u00e0 m\u00e1y c\u1ea1nh tranh cho \u0111\u01a1n h\u00e0ng s\u1ed1 l\u01b0\u1ee3ng l\u1edbn<\/p>\n<\/li>\n<li data-start=\"3734\" data-end=\"3784\">\n<p data-start=\"3736\" data-end=\"3784\">Giao h\u00e0ng nhanh v\u00e0 h\u1ed7 tr\u1ee3 th\u1ee7 t\u1ee5c xu\u1ea5t kh\u1ea9u<\/p>\n<\/li>\n<\/ul>\n<hr \/>\n<h2><strong>8<\/strong><strong>.FAQ<\/strong><\/h2>\n<p><strong>1.Khi n\u00e0o t\u00f4i c\u00f3 th\u1ec3 nh\u1eadn \u0111\u01b0\u1ee3c b\u00e1o gi\u00e1?\u00a0<\/strong><\/p>\n<p>Ch\u00fang t\u00f4i th\u01b0\u1eddng b\u00e1o gi\u00e1 trong v\u00f2ng 12 gi\u1edd sau khi nh\u1eadn \u0111\u01b0\u1ee3c y\u00eau c\u1ea7u c\u1ee7a b\u1ea1n. N\u1ebfu b\u1ea1n c\u1ea7n g\u1ea5p \u0111\u1ec3 l\u1ea5y gi\u00e1, vui l\u00f2ng cho ch\u00fang t\u00f4i bi\u1ebft \u0111\u1ec3 ch\u00fang t\u00f4i xem y\u00eau c\u1ea7u c\u1ee7a b\u1ea1n l\u00e0 \u01b0u ti\u00ean. B\u1ea1n c\u0169ng c\u00f3 th\u1ec3 li\u00ean h\u1ec7 v\u1edbi ch\u00fang t\u00f4i qua WhatsApp g\u1ea5p. v\u00e0 \u0111\u1ed9i ng\u0169 marketing c\u1ee7a ch\u00fang t\u00f4i s\u1ebd lu\u00f4n tr\u1ef1c tuy\u1ebfn 24 gi\u1edd.<\/p>\n<p>&nbsp;<\/p>\n<p><strong>2.L\u00e0m th\u1ebf n\u00e0o \u0111\u1ec3 t\u00f4i l\u1ea5y m\u1eabu \u0111\u1ec3 ki\u1ec3m tra ch\u1ea5t l\u01b0\u1ee3ng c\u1ee7a b\u1ea1n?\u00a0<\/strong><\/p>\n<p>Sau khi x\u00e1c nh\u1eadn gi\u00e1, b\u1ea1n c\u00f3 th\u1ec3 y\u00eau c\u1ea7u m\u1eabu \u0111\u1ec3 ki\u1ec3m tra ch\u1ea5t l\u01b0\u1ee3ng c\u1ee7a ch\u00fang t\u00f4i.<\/p>\n<p>Ch\u00fang t\u00f4i c\u0169ng ch\u1ea5p nh\u1eadn ki\u1ec3m tra c\u1ee7a b\u00ean th\u1ee9 ba (SGS\/BV) tr\u01b0\u1edbc khi giao h\u00e0ng.<\/p>\n<p>&nbsp;<\/p>\n<p><strong>3.B\u1ea1n ch\u1ea5p nh\u1eadn c\u00e1c lo\u1ea1i t\u1ec7p n\u00e0o \u0111\u1ec3 in?<\/strong><\/p>\n<p>PDF, Core Draw, JPG \u0111\u1ed9 ph\u00e2n gi\u1ea3i cao ho\u1eb7c \u0111\u1ecbnh d\u1ea1ng AI<\/p>\n<p>&nbsp;<\/p>\n<p><strong>4.B\u1ea1n c\u00f3 th\u1ec3 thi\u1ebft k\u1ebf gi\u00fap ch\u00fang t\u00f4i kh\u00f4ng?\u00a0<\/strong><\/p>\n<p>C\u00f3. Ch\u00fang t\u00f4i c\u00f3 \u0111\u1ed9i ng\u0169 chuy\u00ean nghi\u1ec7p c\u00f3 nhi\u1ec1u kinh nghi\u1ec7m trong thi\u1ebft k\u1ebf v\u00e0 s\u1ea3n xu\u1ea5t.<\/p>\n<p>V\u00e0 d\u1ecbch v\u1ee5 n\u00e0y l\u00e0 Mi\u1ec5n ph\u00ed.<\/p>\n<p>&nbsp;<\/p>\n<p><strong>5.T\u00f4i c\u00f3 th\u1ec3 mong \u0111\u1ee3i nh\u1eadn m\u1eabu trong bao l\u00e2u?\u00a0<\/strong><\/p>\n<p>3-5 ng\u00e0y l\u00e0m vi\u1ec7c cho m\u1eabu. Ch\u00fang t\u00f4i \u0111\u00e3 k\u00fd h\u1ee3p \u0111\u1ed3ng v\u1edbi DHL, TNT, UPS v\u00e0 Fedex.<\/p>\n<p>&nbsp;<\/p>\n<p><strong>6.Th\u1eddi gian s\u1ea3n xu\u1ea5t h\u00e0ng lo\u1ea1t l\u00e0 bao l\u00e2u?\u00a0<\/strong><\/p>\n<p>25 ng\u00e0y l\u00e0m vi\u1ec7c cho s\u1ea3n xu\u1ea5t h\u00e0ng lo\u1ea1t. Th\u1eddi gian ph\u1ee5 thu\u1ed9c v\u00e0o s\u1ed1 l\u01b0\u1ee3ng c\u1ee7a b\u1ea1n, v\u00e0 ch\u00fang t\u00f4i s\u1ebd c\u1ed1 g\u1eafng h\u1ebft s\u1ee9c \u0111\u1ec3 \u0111\u00e1p \u1ee9ng nhu c\u1ea7u c\u1ee7a b\u1ea1n.<\/p>\n<p>&nbsp;<\/p>\n<p>\ud83d\udce9 <a href=\"https:\/\/taichytomato.com\/vi\/contact\/\"><u>Li\u00ean h\u1ec7 v\u1edbi ch\u00fang t\u00f4i ngay b\u00e2y gi\u1edd<\/u><\/a>\u00a0\u0111\u1ec3 bi\u1ebft gi\u00e1 c\u1ea3, b\u1ea3ng th\u00f4ng s\u1ed1 k\u1ef9 thu\u1eadt v\u00e0 c\u00e1c t\u00f9y ch\u1ecdn \u0111\u00f3ng g\u00f3i OEM!<\/p>\n<p>N\u1ebeU b\u1ea1n c\u00f3 b\u1ea5t k\u1ef3 th\u1eafc m\u1eafc n\u00e0o, nh\u1ea5n v\u00e0o \u0111\u00e2y\u201d<a href=\"https:\/\/taichytomato.com\/vi\/buyers-guide-for-canned-tomato-paste\/\"><u>H\u01b0\u1edbng D\u1eabn Ng\u01b0\u1eddi Mua M\u1eadt Ong C\u00e0 Chua H\u1ed9p<\/u><\/a>\u201d\u0111i\u1ec1u n\u00e0y s\u1ebd gi\u00fap b\u1ea1n<\/p>","protected":false},"excerpt":{"rendered":"<p>Brix:18-20%,22-24%,26-28%,28-30%<br \/>\nH\u1ed9p thi\u1ebfc ch\u1ed1ng r\u1ec9 s\u00e9t\/ ch\u1ed1ng c\u0103ng th\u1eb3ng\/ ch\u1ed1ng \u1ea9m<br \/>\nTh\u01b0\u01a1ng hi\u1ec7u: Thi\u1ebft k\u1ebf ho\u1eb7c OEM<br \/>\nS\u1ed1 l\u01b0\u1ee3ng t\u1ed1i thi\u1ec3u: 1X20ft<br \/>\nChi ti\u1ebft giao h\u00e0ng: 30-35 ng\u00e0y sau khi nh\u1eadn \u0111\u1eb7t c\u1ecdc ho\u1eb7c LC. Giao h\u00e0ng nhanh nh\u1ea5t.<br \/>\nM\u00e3 HS:2002901100<\/p>","protected":false},"featured_media":3269,"template":"","meta":{"_acf_changed":false,"_seopress_robots_primary_cat":"none","_seopress_titles_title":"400g Canned Tomato Paste | Family Size Tomato Paste Tin","_seopress_titles_desc":"Our 400g tomato paste is the perfect size for families and small restaurants. This versatile tomato paste tin adds a rich, robust flavor to you \u3002","_seopress_robots_index":"","site-sidebar-layout":"default","site-content-layout":"","ast-site-content-layout":"default","site-content-style":"default","site-sidebar-style":"default","ast-global-header-display":"","ast-banner-title-visibility":"","ast-main-header-display":"","ast-hfb-above-header-display":"","ast-hfb-below-header-display":"","ast-hfb-mobile-header-display":"","site-post-title":"","ast-breadcrumbs-content":"","ast-featured-img":"","footer-sml-layout":"","ast-disable-related-posts":"","theme-transparent-header-meta":"default","adv-header-id-meta":"","stick-header-meta":"","header-above-stick-meta":"","header-main-stick-meta":"","header-below-stick-meta":"","astra-migrate-meta-layouts":"set","ast-page-background-enabled":"default","ast-page-background-meta":{"desktop":{"background-color":"var(--ast-global-color-5)","background-image":"","background-repeat":"repeat","background-position":"center center","background-size":"auto","background-attachment":"scroll","background-type":"","background-media":"","overlay-type":"","overlay-color":"","overlay-opacity":"","overlay-gradient":""},"tablet":{"background-color":"","background-image":"","background-repeat":"repeat","background-position":"center center","background-size":"auto","background-attachment":"scroll","background-type":"","background-media":"","overlay-type":"","overlay-color":"","overlay-opacity":"","overlay-gradient":""},"mobile":{"background-color":"","background-image":"","background-repeat":"repeat","background-position":"center center","background-size":"auto","background-attachment":"scroll","background-type":"","background-media":"","overlay-type":"","overlay-color":"","overlay-opacity":"","overlay-gradient":""}},"ast-content-background-meta":{"desktop":{"background-color":"var(--ast-global-color-4)","background-image":"","background-repeat":"repeat","background-position":"center center","background-size":"auto","background-attachment":"scroll","background-type":"","background-media":"","overlay-type":"","overlay-color":"","overlay-opacity":"","overlay-gradient":""},"tablet":{"background-color":"var(--ast-global-color-4)","background-image":"","background-repeat":"repeat","background-position":"center center","background-size":"auto","background-attachment":"scroll","background-type":"","background-media":"","overlay-type":"","overlay-color":"","overlay-opacity":"","overlay-gradient":""},"mobile":{"background-color":"var(--ast-global-color-4)","background-image":"","background-repeat":"repeat","background-position":"center center","background-size":"auto","background-attachment":"scroll","background-type":"","background-media":"","overlay-type":"","overlay-color":"","overlay-opacity":"","overlay-gradient":""}}},"product_brand":[],"product_cat":[96],"product_tag":[152,45,151],"class_list":{"0":"post-920","1":"product","2":"type-product","3":"status-publish","4":"has-post-thumbnail","6":"product_cat-canned-tomato-paste","7":"product_tag-400g-canned-tomato-paste","8":"product_tag-canned-tomato-paste","9":"product_tag-canned-tomato-paste-manufacture","10":"desktop-align-left","11":"tablet-align-left","12":"mobile-align-left","14":"first","15":"instock","16":"sale","17":"shipping-taxable","18":"purchasable","19":"product-type-simple"},"acf":[],"_links":{"self":[{"href":"https:\/\/taichytomato.com\/vi\/wp-json\/wp\/v2\/product\/920","targetHints":{"allow":["GET"]}}],"collection":[{"href":"https:\/\/taichytomato.com\/vi\/wp-json\/wp\/v2\/product"}],"about":[{"href":"https:\/\/taichytomato.com\/vi\/wp-json\/wp\/v2\/types\/product"}],"version-history":[{"count":0,"href":"https:\/\/taichytomato.com\/vi\/wp-json\/wp\/v2\/product\/920\/revisions"}],"wp:featuredmedia":[{"embeddable":true,"href":"https:\/\/taichytomato.com\/vi\/wp-json\/wp\/v2\/media\/3269"}],"wp:attachment":[{"href":"https:\/\/taichytomato.com\/vi\/wp-json\/wp\/v2\/media?parent=920"}],"wp:term":[{"taxonomy":"product_brand","embeddable":true,"href":"https:\/\/taichytomato.com\/vi\/wp-json\/wp\/v2\/product_brand?post=920"},{"taxonomy":"product_cat","embeddable":true,"href":"https:\/\/taichytomato.com\/vi\/wp-json\/wp\/v2\/product_cat?post=920"},{"taxonomy":"product_tag","embeddable":true,"href":"https:\/\/taichytomato.com\/vi\/wp-json\/wp\/v2\/product_tag?post=920"}],"curies":[{"name":"wp","href":"https:\/\/api.w.org\/{rel}","templated":true}]}}