{"id":912,"date":"2025-05-22T23:01:46","date_gmt":"2025-05-23T07:01:46","guid":{"rendered":"https:\/\/taichytomato.com\/?post_type=product&#038;p=912"},"modified":"2026-01-08T01:28:08","modified_gmt":"2026-01-08T09:28:08","slug":"198-canned-tomato-paste","status":"publish","type":"product","link":"https:\/\/taichytomato.com\/vi\/san-pham\/198-canned-tomato-paste\/","title":{"rendered":"198g M\u1eacT ONG C\u00c0 CHUA H\u1ed8P \u2013 CH\u1ea4T L\u01af\u1ee2NG CAO T\u1eea NH\u00c0 M\u00c1Y TRUNG QU\u1ed0C"},"content":{"rendered":"<h2><span style=\"color: #ff0000;\">198 B\u1ed9t C\u1ed1t C\u00e0 Chua H\u1ed9p<\/span><\/h2>\n<h2><span style=\"color: #ff0000;\"><strong>1. M\u00f4 t\u1ea3 s\u1ea3n ph\u1ea9m<\/strong><\/span><\/h2>\n<p data-start=\"337\" data-end=\"670\">S\u1ea3n ph\u1ea9m c\u1ee7a ch\u00fang t\u00f4i <strong data-start=\"341\" data-end=\"369\">198g B\u1ed8T C\u1ed0T C\u00c1 CANNED<\/strong> \u0111\u01b0\u1ee3c l\u00e0m t\u1eeb <strong data-start=\"383\" data-end=\"416\">c\u00e0 chua t\u01b0\u01a1i, ch\u00edn, kh\u00f4ng bi\u1ebfn \u0111\u1ed5i gen<\/strong>, \u0111\u01b0\u1ee3c ch\u1ebf bi\u1ebfn c\u1ea9n th\u1eadn \u0111\u1ec3 gi\u1eef g\u00ecn m\u00e0u \u0111\u1ecf t\u1ef1 nhi\u00ean, h\u01b0\u01a1ng v\u1ecb \u0111\u1eadm \u0111\u00e0 v\u00e0 h\u00e0m l\u01b0\u1ee3ng lycopene cao.<br data-start=\"512\" data-end=\"515\" \/>N\u00f3 l\u00e0 m\u1ed9t trong nh\u1eefng k\u00edch c\u1ee1 ph\u1ed5 bi\u1ebfn nh\u1ea5t cho <strong data-start=\"555\" data-end=\"623\">n\u1ea5u \u0103n gia \u0111\u00ecnh, nh\u00e0 h\u00e0ng, si\u00eau th\u1ecb v\u00e0 th\u1ecb tr\u01b0\u1eddng xu\u1ea5t kh\u1ea9u<\/strong> t\u1ea1i Ch\u00e2u Phi, Trung \u0110\u00f4ng v\u00e0 M\u1ef9 Latinh.<\/p>\n<p data-start=\"672\" data-end=\"889\">L\u00e0 m\u1ed9t nh\u00e0 <strong data-start=\"685\" data-end=\"739\">NH\u00c0 S\u1ea2N XU\u1ea4T v\u00e0 NH\u00c0 CUNG C\u1ea4P B\u1ed8T C\u1ed0T C\u00c0 CHUA 198g<\/strong>, ch\u00fang t\u00f4i cung c\u1ea5p b\u1ed9t c\u00e0 chua ch\u1ea5t l\u01b0\u1ee3ng cao v\u1edbi <strong data-start=\"781\" data-end=\"826\">ch\u1ee9ng nh\u1eadn HACCP, ISO, HALAL v\u00e0 BRC<\/strong>, \u0111\u1ea3m b\u1ea3o an to\u00e0n th\u1ef1c ph\u1ea9m v\u00e0 ch\u1ea5t l\u01b0\u1ee3ng \u1ed5n \u0111\u1ecbnh trong t\u1eebng h\u1ed9p.<\/p>\n<hr \/>\n<h2><span style=\"color: #ff0000;\"><strong>2. Th\u00f4ng s\u1ed1 k\u1ef9 thu\u1eadt s\u1ea3n ph\u1ea9m\u00a0<\/strong><\/span><\/h2>\n<p><strong>Th\u00f4ng s\u1ed1 k\u1ef9 thu\u1eadt 1:<\/strong><\/p>\n<table class=\"w-fit min-w-(--thread-content-width)\" data-start=\"267\" data-end=\"2029\">\n<thead data-start=\"267\" data-end=\"412\">\n<tr data-start=\"267\" data-end=\"412\">\n<th data-start=\"267\" data-end=\"295\" data-col-size=\"sm\"><strong data-start=\"269\" data-end=\"280\">\u0110\u1eb7c \u0111i\u1ec3m<\/strong><\/th>\n<th data-start=\"295\" data-end=\"354\" data-col-size=\"sm\"><strong data-start=\"297\" data-end=\"314\">Th\u00f4ng s\u1ed1 k\u1ef9 thu\u1eadt<\/strong><\/th>\n<th data-start=\"354\" data-end=\"412\" data-col-size=\"md\"><strong data-start=\"356\" data-end=\"369\">\u01afu \u0110i\u1ec3m<\/strong><\/th>\n<\/tr>\n<\/thead>\n<tbody data-start=\"560\" data-end=\"2029\">\n<tr data-start=\"560\" data-end=\"706\">\n<td data-start=\"560\" data-end=\"589\" data-col-size=\"sm\"><strong data-start=\"562\" data-end=\"586\">Brix (N\u1ed3ng \u0110\u1ed9)<\/strong><\/td>\n<td data-col-size=\"sm\" data-start=\"589\" data-end=\"647\">18\u201320%, 22\u201324%, 26\u201328%, 28\u201330%, 36\u201338%<\/td>\n<td data-col-size=\"md\" data-start=\"647\" data-end=\"706\">Nhi\u1ec1u t\u00f9y ch\u1ecdn n\u1ed3ng \u0111\u1ed9 cho c\u00e1c \u1ee9ng d\u1ee5ng \u0111a d\u1ea1ng<\/td>\n<\/tr>\n<tr data-start=\"707\" data-end=\"853\">\n<td data-start=\"707\" data-end=\"736\" data-col-size=\"sm\"><strong data-start=\"709\" data-end=\"725\">Lo\u1ea1i Quy Tr\u00ecnh<\/strong><\/td>\n<td data-col-size=\"sm\" data-start=\"736\" data-end=\"795\">X\u1eed L\u00fd N\u00f3ng \/ X\u1eed L\u00fd L\u1ea1nh<\/td>\n<td data-col-size=\"md\" data-start=\"795\" data-end=\"853\">HB cho k\u1ebft c\u1ea5u \u0111\u1eb7c, CB cho d\u00f2ng ch\u1ea3y m\u1ecbn<\/td>\n<\/tr>\n<tr data-start=\"854\" data-end=\"1000\">\n<td data-start=\"854\" data-end=\"883\" data-col-size=\"sm\"><strong data-start=\"856\" data-end=\"877\">M\u00e0u s\u1eafc (Gi\u00e1 tr\u1ecb A\/B)<\/strong><\/td>\n<td data-col-size=\"sm\" data-start=\"883\" data-end=\"942\">\u2265 1.90<\/td>\n<td data-col-size=\"md\" data-start=\"942\" data-end=\"1000\">M\u00e0u \u0111\u1ecf t\u1ef1 nhi\u00ean s\u00e1ng b\u00f3ng v\u1edbi h\u00e0m l\u01b0\u1ee3ng lycopene cao<\/td>\n<\/tr>\n<tr data-start=\"1001\" data-end=\"1147\">\n<td data-start=\"1001\" data-end=\"1030\" data-col-size=\"sm\"><strong data-start=\"1003\" data-end=\"1017\">Tr\u1ecdng l\u01b0\u1ee3ng t\u1ecbnh<\/strong><\/td>\n<td data-col-size=\"sm\" data-start=\"1030\" data-end=\"1089\">198g m\u1ed7i h\u1ed9p thi\u1ebfc<\/td>\n<td data-col-size=\"md\" data-start=\"1089\" data-end=\"1147\">Ph\u1ea7n ti\u1ec7n l\u1ee3i cho s\u1eed d\u1ee5ng h\u00e0ng ng\u00e0y trong gia \u0111\u00ecnh ho\u1eb7c b\u00e1n l\u1ebb<\/td>\n<\/tr>\n<tr data-start=\"1148\" data-end=\"1294\">\n<td data-start=\"1148\" data-end=\"1177\" data-col-size=\"sm\"><strong data-start=\"1150\" data-end=\"1163\">Bao b\u00ec<\/strong><\/td>\n<td data-col-size=\"sm\" data-start=\"1177\" data-end=\"1236\">H\u1ed9p thi\u1ebfc v\u1edbi N\u1eafp m\u1edf d\u1ec5 d\u00e0ng \/ N\u1eafp m\u1edf c\u1ee9ng<\/td>\n<td data-col-size=\"md\" data-start=\"1236\" data-end=\"1294\">L\u1ef1a ch\u1ecdn \u0111\u00f3ng g\u00f3i v\u1ec7 sinh, b\u1ec1n, s\u1eb5n s\u00e0ng cho b\u00e1n l\u1ebb<\/td>\n<\/tr>\n<tr data-start=\"1295\" data-end=\"1441\">\n<td data-start=\"1295\" data-end=\"1324\" data-col-size=\"sm\"><strong data-start=\"1297\" data-end=\"1310\">Ch\u1ea5t ph\u1ee5 gia<\/strong><\/td>\n<td data-col-size=\"sm\" data-start=\"1324\" data-end=\"1383\">Kh\u00f4ng, 100% t\u1ef1 nhi\u00ean, KH\u00d4NG GMO<\/td>\n<td data-col-size=\"md\" data-start=\"1383\" data-end=\"1441\">Kh\u00f4ng ch\u1ee9a ch\u1ea5t b\u1ea3o qu\u1ea3n ho\u1eb7c m\u00e0u nh\u00e2n t\u1ea1o<\/td>\n<\/tr>\n<tr data-start=\"1442\" data-end=\"1588\">\n<td data-start=\"1442\" data-end=\"1471\" data-col-size=\"sm\"><strong data-start=\"1444\" data-end=\"1458\">Th\u1eddi h\u1ea1n s\u1eed d\u1ee5ng<\/strong><\/td>\n<td data-col-size=\"sm\" data-start=\"1471\" data-end=\"1530\">24 th\u00e1ng<\/td>\n<td data-col-size=\"md\" data-start=\"1530\" data-end=\"1588\">\u1ed4n \u0111\u1ecbnh l\u00e2u d\u00e0i \u0111\u1ec3 xu\u1ea5t kh\u1ea9u to\u00e0n c\u1ea7u<\/td>\n<\/tr>\n<tr data-start=\"1589\" data-end=\"1735\">\n<td data-start=\"1589\" data-end=\"1618\" data-col-size=\"sm\"><strong data-start=\"1591\" data-end=\"1614\">OEM \/ Nh\u00e3n ri\u00eang<\/strong><\/td>\n<td data-col-size=\"sm\" data-start=\"1618\" data-end=\"1677\">Ch\u1ea5p nh\u1eadn<\/td>\n<td data-col-size=\"md\" data-start=\"1677\" data-end=\"1735\">Thi\u1ebft k\u1ebf nh\u00e3n t\u00f9y ch\u1ec9nh, th\u01b0\u01a1ng hi\u1ec7u v\u00e0 h\u1ed9p carton c\u00f3 s\u1eb5n<\/td>\n<\/tr>\n<tr data-start=\"1736\" data-end=\"1882\">\n<td data-start=\"1736\" data-end=\"1765\" data-col-size=\"sm\"><strong data-start=\"1738\" data-end=\"1760\">T\u1ef7 l\u1ec7 \u0111\u1ea7u v\u00e0o - \u0111\u1ea7u ra<\/strong><\/td>\n<td data-col-size=\"sm\" data-start=\"1765\" data-end=\"1824\">25%\u2013100%<\/td>\n<td data-col-size=\"md\" data-start=\"1824\" data-end=\"1882\">\u0110\u1ea7u ra n\u1ed3ng \u0111\u1ed9 linh ho\u1ea1t ph\u00f9 h\u1ee3p v\u1edbi nhu c\u1ea7u kh\u00e1ch h\u00e0ng<\/td>\n<\/tr>\n<tr data-start=\"1883\" data-end=\"2029\">\n<td data-start=\"1883\" data-end=\"1912\" data-col-size=\"sm\"><a href=\"https:\/\/taichytomato.com\/vi\/tomato-paste-drum-hs-code-export-guide-from-china-2025-update\/\"><strong data-start=\"1885\" data-end=\"1896\">M\u00e3 HS<\/strong><\/a><\/td>\n<td data-col-size=\"sm\" data-start=\"1912\" data-end=\"1971\">20029011<\/td>\n<td data-col-size=\"md\" data-start=\"1971\" data-end=\"2029\">M\u00e3 s\u1ed1 h\u1ea3i quan qu\u1ed1c t\u1ebf ti\u00eau chu\u1ea9n cho s\u1ed1t c\u00e0 chua<\/td>\n<\/tr>\n<\/tbody>\n<\/table>\n<p>\u0110\u1ed1i v\u1edbi c\u00e1c gi\u1ea3i ph\u00e1p t\u00f9y ch\u1ec9nh ho\u1eb7c mua s\u1ed1 l\u01b0\u1ee3ng l\u1edbn,\u00a0<a href=\"https:\/\/taichytomato.com\/vi\/contact\/\">vui l\u00f2ng li\u00ean h\u1ec7 v\u1edbi \u0111\u1ed9i ng\u0169 b\u00e1n h\u00e0ng c\u1ee7a ch\u00fang t\u00f4i b\u1ea5t c\u1ee9 l\u00fac n\u00e0o.<\/a><\/p>\n<p><!--more--><\/p>\n<h3 data-start=\"1540\" data-end=\"1579\"><strong data-start=\"1544\" data-end=\"1579\">3. Cam k\u1ebft nh\u00e0 m\u00e1y &amp; Ch\u1ea5t l\u01b0\u1ee3ng<\/strong><\/h3>\n<p data-start=\"1580\" data-end=\"1770\">L\u00e0 m\u1ed9t <strong data-start=\"1585\" data-end=\"1621\">Nh\u00e0 m\u00e1y s\u1ed1t c\u00e0 chua \u0111\u00f3ng h\u1ed9p 198g<\/strong> v\u1edbi nhi\u1ec1u n\u0103m kinh nghi\u1ec7m xu\u1ea5t kh\u1ea9u, ch\u00fang t\u00f4i k\u1ebft h\u1ee3p d\u00e2y chuy\u1ec1n s\u1ea3n xu\u1ea5t ti\u00ean ti\u1ebfn v\u00e0 h\u1ec7 th\u1ed1ng ki\u1ec3m so\u00e1t ch\u1ea5t l\u01b0\u1ee3ng nghi\u00eam ng\u1eb7t \u0111\u1ec3 \u0111\u1ea3m b\u1ea3o m\u1ed7i h\u1ed9p \u0111\u00e1p \u1ee9ng ti\u00eau chu\u1ea9n to\u00e0n c\u1ea7u.<\/p>\n<p data-start=\"1772\" data-end=\"1953\">C\u00f4ng ty ch\u00fang t\u00f4i s\u1edf h\u1eefu <strong data-start=\"1790\" data-end=\"1828\">HACCP, ISO22000, HALAL, v\u00e0 KOSHER<\/strong> ch\u1ee9ng nh\u1eadn, \u0111\u1ea3m b\u1ea3o r\u1eb1ng m\u1ed7i l\u00f4 h\u00e0ng c\u1ee7a <strong data-start=\"1878\" data-end=\"1906\">s\u1ed1t c\u00e0 chua \u0111\u00f3ng h\u1ed9p 198G<\/strong> an to\u00e0n, c\u00f3 th\u1ec3 truy xu\u1ea5t ngu\u1ed3n g\u1ed1c v\u00e0 ch\u1ea5t l\u01b0\u1ee3ng \u1ed5n \u0111\u1ecbnh.<\/p>\n<p data-start=\"1955\" data-end=\"2135\">Ch\u00fang t\u00f4i c\u0169ng cung c\u1ea5p <strong data-start=\"1971\" data-end=\"2012\">d\u1ecbch v\u1ee5 OEM s\u1ed1t c\u00e0 chua \u0111\u00f3ng h\u1ed9p 198g<\/strong>, b\u1ed9t c\u00e0 chua \u0111\u00f3ng th\u00f9ng 1000L <strong data-start=\"2024\" data-end=\"2048\">thi\u1ebft k\u1ebf nh\u00e3n ri\u00eang<\/strong>, <strong data-start=\"2050\" data-end=\"2070\">\u0111\u00f3ng g\u00f3i t\u00f9y ch\u1ec9nh<\/strong>, v\u00e0 <strong data-start=\"2076\" data-end=\"2097\">ph\u00e1t tri\u1ec3n th\u01b0\u01a1ng hi\u1ec7u<\/strong> \u0111\u00e1p \u1ee9ng y\u00eau c\u1ea7u \u0111\u1eb7c th\u00f9 c\u1ee7a kh\u00e1ch h\u00e0ng.<\/p>\n<hr \/>\n<h3 data-start=\"2142\" data-end=\"2172\"><strong data-start=\"2146\" data-end=\"2172\">4. Bao b\u00ec &amp; V\u1eadn chuy\u1ec3n<\/strong><\/h3>\n<p data-start=\"2173\" data-end=\"2207\"><strong data-start=\"2176\" data-end=\"2207\">C\u00e1c t\u00f9y ch\u1ecdn \u0111\u00f3ng g\u00f3i ti\u00eau chu\u1ea9n:<\/strong><\/p>\n<ul data-start=\"2208\" data-end=\"2316\">\n<li data-start=\"2208\" data-end=\"2237\">\n<p data-start=\"2210\" data-end=\"2237\">198g x 48 h\u1ed9p m\u1ed7i th\u00f9ng<\/p>\n<\/li>\n<li data-start=\"2238\" data-end=\"2274\">\n<p data-start=\"2240\" data-end=\"2274\">N\u1eafp m\u1edf d\u1ec5 ho\u1eb7c n\u1eafp th\u01b0\u1eddng t\u00f9y ch\u1ecdn<\/p>\n<\/li>\n<li data-start=\"2275\" data-end=\"2316\">\n<p data-start=\"2277\" data-end=\"2316\">Container 20\u2019FCL c\u00f3 th\u1ec3 ch\u1ee9a kho\u1ea3ng 2.400 th\u00f9ng<\/p>\n<\/li>\n<\/ul>\n<p data-start=\"2318\" data-end=\"2492\">M\u1ed7i <strong data-start=\"2323\" data-end=\"2348\">H\u1ed9p s\u1ed1t c\u00e0 chua 198g<\/strong> \u0111\u01b0\u1ee3c \u0111\u1ed5 \u0111\u1ea7y <strong data-start=\"2364\" data-end=\"2400\">b\u1ed9t s\u1ed1t c\u00e0 chua c\u00f4 \u0111\u1eb7c g\u1ea5p \u0111\u00f4i<\/strong>, ni\u00eam phong d\u01b0\u1edbi nhi\u1ec7t \u0111\u1ed9 cao, v\u00e0 ti\u1ec7t tr\u00f9ng \u0111\u1ec3 duy tr\u00ec \u0111\u1ed9 t\u01b0\u01a1i v\u00e0 th\u1eddi gian b\u1ea3o qu\u1ea3n l\u00e2u d\u00e0i.<\/p>\n<hr \/>\n<h2><span style=\"color: #ff0000;\"><strong>4.X\u01b0\u1edfng s\u1ea3n xu\u1ea5t<\/strong><\/span><\/h2>\n<p>Ch\u00e0o m\u1eebng \u0111\u1ebfn th\u0103m nh\u00e0 m\u00e1y s\u1ea3n ph\u1ea9m c\u00e0 chua c\u1ee7a ch\u00fang t\u00f4i v\u00e0 li\u00ean h\u1ec7 v\u1edbi ch\u00fang t\u00f4i.<\/p>\n<figure id=\"attachment_1352\" aria-describedby=\"caption-attachment-1352\" style=\"width: 501px\" class=\"wp-caption alignnone\"><img fetchpriority=\"high\" decoding=\"async\" class=\"wp-image-1352\" src=\"https:\/\/taichytomato.com\/wp-content\/uploads\/2025\/04\/1749522102558-300x225.jpg\" alt=\"D\u00f2ng s\u1ea3n ph\u1ea9m\" width=\"501\" height=\"376\" srcset=\"https:\/\/taichytomato.com\/wp-content\/uploads\/2025\/04\/1749522102558-300x225.jpg 300w, https:\/\/taichytomato.com\/wp-content\/uploads\/2025\/04\/1749522102558-1024x768.jpg 1024w, https:\/\/taichytomato.com\/wp-content\/uploads\/2025\/04\/1749522102558-768x576.jpg 768w, https:\/\/taichytomato.com\/wp-content\/uploads\/2025\/04\/1749522102558-1536x1152.jpg 1536w, https:\/\/taichytomato.com\/wp-content\/uploads\/2025\/04\/1749522102558-2048x1536.jpg 2048w, https:\/\/taichytomato.com\/wp-content\/uploads\/2025\/04\/1749522102558-600x450.jpg 600w\" sizes=\"(max-width: 501px) 100vw, 501px\" \/><figcaption id=\"caption-attachment-1352\" class=\"wp-caption-text\">D\u00f2ng s\u1ea3n ph\u1ea9m<\/figcaption><\/figure>\n<p>T\u00ecm hi\u1ec3u th\u00eam v\u1ec1 ki\u1ec3m so\u00e1t ch\u1ea5t l\u01b0\u1ee3ng, ch\u1ee9ng nh\u1eadn v\u00e0 quy tr\u00ecnh s\u1ea3n xu\u1ea5t c\u1ee7a ch\u00fang t\u00f4i b\u1eb1ng c\u00e1ch nh\u1ea5n\u00a0<a href=\"https:\/\/taichytomato.com\/vi\/how-is-tomato-paste-made-in-a-factory\/\">t\u1ea1i \u0111\u00e2y.<\/a><\/p>\n<hr \/>\n<h2><span style=\"color: #ff0000;\"><strong>5.\u0110\u00f3ng g\u00f3i &amp; V\u1eadn chuy\u1ec3n<\/strong><\/span><\/h2>\n<p><strong>Bao b\u00ec c\u1ee7a ch\u00fang t\u00f4i<\/strong><\/p>\n<ol>\n<li>H\u1ed9p carton gi\u1ea5y c\u1ee9ng v\u00e0 ch\u1eafc ch\u1eafn ph\u00f9 h\u1ee3p v\u1edbi v\u1eadn chuy\u1ec3n xu\u1ea5t kh\u1ea9u.<\/li>\n<li>B\u1ecdc m\u00e0ng co k\u00e8m khay<\/li>\n<li>Ch\u1ec9 b\u1ecdc m\u00e0ng co<\/li>\n<\/ol>\n<figure id=\"attachment_1380\" aria-describedby=\"caption-attachment-1380\" style=\"width: 505px\" class=\"wp-caption alignnone\"><img decoding=\"async\" class=\"wp-image-1380\" src=\"https:\/\/taichytomato.com\/wp-content\/uploads\/2025\/05\/\u56fe\u72471-300x76.jpg\" alt=\"Ph\u01b0\u01a1ng th\u1ee9c \u0111\u00f3ng g\u00f3i\" width=\"505\" height=\"128\" srcset=\"https:\/\/taichytomato.com\/wp-content\/uploads\/2025\/05\/\u56fe\u72471-300x76.jpg 300w, https:\/\/taichytomato.com\/wp-content\/uploads\/2025\/05\/\u56fe\u72471.jpg 600w\" sizes=\"(max-width: 505px) 100vw, 505px\" \/><figcaption id=\"caption-attachment-1380\" class=\"wp-caption-text\">Ph\u01b0\u01a1ng th\u1ee9c \u0111\u00f3ng g\u00f3i<\/figcaption><\/figure>\n<hr \/>\n<h2><span style=\"color: #ff0000;\"><strong>6. Ch\u1ee9ng ch\u1ec9<\/strong><\/span><\/h2>\n<figure id=\"attachment_1381\" aria-describedby=\"caption-attachment-1381\" style=\"width: 502px\" class=\"wp-caption alignnone\"><img decoding=\"async\" class=\"wp-image-1381\" src=\"https:\/\/taichytomato.com\/wp-content\/uploads\/2025\/05\/\u56fe\u72472-300x247.jpg\" alt=\"Ch\u1ee9ng Nh\u1eadn\" width=\"502\" height=\"413\" srcset=\"https:\/\/taichytomato.com\/wp-content\/uploads\/2025\/05\/\u56fe\u72472-300x247.jpg 300w, https:\/\/taichytomato.com\/wp-content\/uploads\/2025\/05\/\u56fe\u72472.jpg 600w\" sizes=\"(max-width: 502px) 100vw, 502px\" \/><figcaption id=\"caption-attachment-1381\" class=\"wp-caption-text\">Ch\u1ee9ng Nh\u1eadn<strong style=\"font-size: 16px;\">\u00a0<\/strong><\/figcaption><\/figure>\n<hr \/>\n<h2><span style=\"color: #ff0000;\"><strong>7<\/strong><strong>.FAQ<\/strong><\/span><\/h2>\n<p><strong>1.Khi n\u00e0o t\u00f4i c\u00f3 th\u1ec3 nh\u1eadn \u0111\u01b0\u1ee3c b\u00e1o gi\u00e1?\u00a0<\/strong><\/p>\n<p>Ch\u00fang t\u00f4i th\u01b0\u1eddng b\u00e1o gi\u00e1 trong v\u00f2ng 12 gi\u1edd sau khi nh\u1eadn \u0111\u01b0\u1ee3c y\u00eau c\u1ea7u c\u1ee7a b\u1ea1n. N\u1ebfu b\u1ea1n c\u1ea7n g\u1ea5p \u0111\u1ec3 l\u1ea5y gi\u00e1, vui l\u00f2ng cho ch\u00fang t\u00f4i bi\u1ebft \u0111\u1ec3 ch\u00fang t\u00f4i xem y\u00eau c\u1ea7u c\u1ee7a b\u1ea1n l\u00e0 \u01b0u ti\u00ean. B\u1ea1n c\u0169ng c\u00f3 th\u1ec3 li\u00ean h\u1ec7 v\u1edbi ch\u00fang t\u00f4i qua WhatsApp g\u1ea5p. v\u00e0 \u0111\u1ed9i ng\u0169 marketing c\u1ee7a ch\u00fang t\u00f4i s\u1ebd lu\u00f4n tr\u1ef1c tuy\u1ebfn 24 gi\u1edd.<\/p>\n<p>&nbsp;<\/p>\n<p><strong>2.L\u00e0m th\u1ebf n\u00e0o \u0111\u1ec3 t\u00f4i l\u1ea5y m\u1eabu \u0111\u1ec3 ki\u1ec3m tra ch\u1ea5t l\u01b0\u1ee3ng c\u1ee7a b\u1ea1n?\u00a0<\/strong><\/p>\n<p>Sau khi x\u00e1c nh\u1eadn gi\u00e1, b\u1ea1n c\u00f3 th\u1ec3 y\u00eau c\u1ea7u m\u1eabu \u0111\u1ec3 ki\u1ec3m tra ch\u1ea5t l\u01b0\u1ee3ng c\u1ee7a ch\u00fang t\u00f4i.<\/p>\n<p>Ch\u00fang t\u00f4i c\u0169ng ch\u1ea5p nh\u1eadn ki\u1ec3m tra c\u1ee7a b\u00ean th\u1ee9 ba (SGS\/BV) tr\u01b0\u1edbc khi giao h\u00e0ng.<\/p>\n<p>&nbsp;<\/p>\n<p><strong>3.B\u1ea1n ch\u1ea5p nh\u1eadn c\u00e1c lo\u1ea1i t\u1ec7p n\u00e0o \u0111\u1ec3 in?<\/strong><\/p>\n<p>PDF, Core Draw, JPG \u0111\u1ed9 ph\u00e2n gi\u1ea3i cao ho\u1eb7c \u0111\u1ecbnh d\u1ea1ng AI<\/p>\n<p>&nbsp;<\/p>\n<p><strong>4.B\u1ea1n c\u00f3 th\u1ec3 thi\u1ebft k\u1ebf gi\u00fap ch\u00fang t\u00f4i kh\u00f4ng?\u00a0<\/strong><\/p>\n<p>C\u00f3. Ch\u00fang t\u00f4i c\u00f3 \u0111\u1ed9i ng\u0169 chuy\u00ean nghi\u1ec7p c\u00f3 nhi\u1ec1u kinh nghi\u1ec7m trong thi\u1ebft k\u1ebf v\u00e0 s\u1ea3n xu\u1ea5t.<\/p>\n<p>V\u00e0 d\u1ecbch v\u1ee5 n\u00e0y l\u00e0 Mi\u1ec5n ph\u00ed.<\/p>\n<p>&nbsp;<\/p>\n<p><strong>5.T\u00f4i c\u00f3 th\u1ec3 mong \u0111\u1ee3i nh\u1eadn m\u1eabu trong bao l\u00e2u?\u00a0<\/strong><\/p>\n<p>3-5 ng\u00e0y l\u00e0m vi\u1ec7c cho m\u1eabu. Ch\u00fang t\u00f4i \u0111\u00e3 k\u00fd h\u1ee3p \u0111\u1ed3ng v\u1edbi DHL, TNT, UPS v\u00e0 Fedex.<\/p>\n<p>&nbsp;<\/p>\n<p><strong>6.Th\u1eddi gian s\u1ea3n xu\u1ea5t h\u00e0ng lo\u1ea1t l\u00e0 bao l\u00e2u?\u00a0<\/strong><\/p>\n<p>25 ng\u00e0y l\u00e0m vi\u1ec7c cho s\u1ea3n xu\u1ea5t h\u00e0ng lo\u1ea1t. Th\u1eddi gian ph\u1ee5 thu\u1ed9c v\u00e0o s\u1ed1 l\u01b0\u1ee3ng c\u1ee7a b\u1ea1n, v\u00e0 ch\u00fang t\u00f4i s\u1ebd c\u1ed1 g\u1eafng h\u1ebft s\u1ee9c \u0111\u1ec3 \u0111\u00e1p \u1ee9ng nhu c\u1ea7u c\u1ee7a b\u1ea1n.<\/p>\n<p>\ud83d\udce9 <a href=\"https:\/\/taichytomato.com\/vi\/contact\/\"><u>Li\u00ean h\u1ec7 v\u1edbi ch\u00fang t\u00f4i ngay b\u00e2y gi\u1edd<\/u><\/a>\u00a0\u0111\u1ec3 bi\u1ebft gi\u00e1 c\u1ea3, b\u1ea3ng th\u00f4ng s\u1ed1 k\u1ef9 thu\u1eadt v\u00e0 c\u00e1c t\u00f9y ch\u1ecdn \u0111\u00f3ng g\u00f3i OEM!<\/p>\n<p>N\u1ebeU b\u1ea1n c\u00f3 b\u1ea5t k\u1ef3 th\u1eafc m\u1eafc n\u00e0o, nh\u1ea5n v\u00e0o \u0111\u00e2y\u201d<a href=\"https:\/\/taichytomato.com\/vi\/buyers-guide-for-canned-tomato-paste\/\"><u>H\u01b0\u1edbng D\u1eabn Ng\u01b0\u1eddi Mua M\u1eadt Ong C\u00e0 Chua H\u1ed9p<\/u><\/a>\u201d\u0111i\u1ec1u n\u00e0y s\u1ebd gi\u00fap b\u1ea1n<\/p>","protected":false},"excerpt":{"rendered":"<p>Brix:18-20%,22-24%,26-28%,28-30%<br \/>\nH\u1ed9p thi\u1ebfc ch\u1ed1ng r\u1ec9 s\u00e9t\/ ch\u1ed1ng c\u0103ng th\u1eb3ng\/ ch\u1ed1ng \u1ea9m<br \/>\nTh\u01b0\u01a1ng hi\u1ec7u: Thi\u1ebft k\u1ebf ho\u1eb7c OEM<br \/>\nS\u1ed1 l\u01b0\u1ee3ng t\u1ed1i thi\u1ec3u: 1X20ft<br \/>\nChi ti\u1ebft giao h\u00e0ng: 30-35 ng\u00e0y sau khi nh\u1eadn \u0111\u1eb7t c\u1ecdc ho\u1eb7c LC. Giao h\u00e0ng nhanh nh\u1ea5t.<br \/>\nM\u00e3 HS:2002901100<\/p>","protected":false},"featured_media":897,"template":"","meta":{"_acf_changed":false,"_seopress_robots_primary_cat":"none","_seopress_titles_title":"198g Canned & Tin Tomato Paste | Taichy tomato","_seopress_titles_desc":"Our 198g canned tomato paste is a reliable choice. Each tomato paste tin is filled with  tomatoes, providing pure and authentic flavor for all your dishes.","_seopress_robots_index":"","site-sidebar-layout":"default","site-content-layout":"","ast-site-content-layout":"default","site-content-style":"default","site-sidebar-style":"default","ast-global-header-display":"","ast-banner-title-visibility":"","ast-main-header-display":"","ast-hfb-above-header-display":"","ast-hfb-below-header-display":"","ast-hfb-mobile-header-display":"","site-post-title":"","ast-breadcrumbs-content":"","ast-featured-img":"","footer-sml-layout":"","ast-disable-related-posts":"","theme-transparent-header-meta":"default","adv-header-id-meta":"","stick-header-meta":"","header-above-stick-meta":"","header-main-stick-meta":"","header-below-stick-meta":"","astra-migrate-meta-layouts":"set","ast-page-background-enabled":"default","ast-page-background-meta":{"desktop":{"background-color":"var(--ast-global-color-5)","background-image":"","background-repeat":"repeat","background-position":"center center","background-size":"auto","background-attachment":"scroll","background-type":"","background-media":"","overlay-type":"","overlay-color":"","overlay-opacity":"","overlay-gradient":""},"tablet":{"background-color":"","background-image":"","background-repeat":"repeat","background-position":"center center","background-size":"auto","background-attachment":"scroll","background-type":"","background-media":"","overlay-type":"","overlay-color":"","overlay-opacity":"","overlay-gradient":""},"mobile":{"background-color":"","background-image":"","background-repeat":"repeat","background-position":"center center","background-size":"auto","background-attachment":"scroll","background-type":"","background-media":"","overlay-type":"","overlay-color":"","overlay-opacity":"","overlay-gradient":""}},"ast-content-background-meta":{"desktop":{"background-color":"var(--ast-global-color-4)","background-image":"","background-repeat":"repeat","background-position":"center center","background-size":"auto","background-attachment":"scroll","background-type":"","background-media":"","overlay-type":"","overlay-color":"","overlay-opacity":"","overlay-gradient":""},"tablet":{"background-color":"var(--ast-global-color-4)","background-image":"","background-repeat":"repeat","background-position":"center center","background-size":"auto","background-attachment":"scroll","background-type":"","background-media":"","overlay-type":"","overlay-color":"","overlay-opacity":"","overlay-gradient":""},"mobile":{"background-color":"var(--ast-global-color-4)","background-image":"","background-repeat":"repeat","background-position":"center center","background-size":"auto","background-attachment":"scroll","background-type":"","background-media":"","overlay-type":"","overlay-color":"","overlay-opacity":"","overlay-gradient":""}}},"product_brand":[],"product_cat":[96],"product_tag":[150,151,44],"class_list":{"0":"post-912","1":"product","2":"type-product","3":"status-publish","4":"has-post-thumbnail","6":"product_cat-canned-tomato-paste","7":"product_tag-198-canend-tomato-paste","8":"product_tag-canned-tomato-paste-manufacture","9":"product_tag-tomato-paste","10":"desktop-align-left","11":"tablet-align-left","12":"mobile-align-left","14":"first","15":"instock","16":"sale","17":"shipping-taxable","18":"purchasable","19":"product-type-simple"},"acf":[],"_links":{"self":[{"href":"https:\/\/taichytomato.com\/vi\/wp-json\/wp\/v2\/product\/912","targetHints":{"allow":["GET"]}}],"collection":[{"href":"https:\/\/taichytomato.com\/vi\/wp-json\/wp\/v2\/product"}],"about":[{"href":"https:\/\/taichytomato.com\/vi\/wp-json\/wp\/v2\/types\/product"}],"version-history":[{"count":0,"href":"https:\/\/taichytomato.com\/vi\/wp-json\/wp\/v2\/product\/912\/revisions"}],"wp:featuredmedia":[{"embeddable":true,"href":"https:\/\/taichytomato.com\/vi\/wp-json\/wp\/v2\/media\/897"}],"wp:attachment":[{"href":"https:\/\/taichytomato.com\/vi\/wp-json\/wp\/v2\/media?parent=912"}],"wp:term":[{"taxonomy":"product_brand","embeddable":true,"href":"https:\/\/taichytomato.com\/vi\/wp-json\/wp\/v2\/product_brand?post=912"},{"taxonomy":"product_cat","embeddable":true,"href":"https:\/\/taichytomato.com\/vi\/wp-json\/wp\/v2\/product_cat?post=912"},{"taxonomy":"product_tag","embeddable":true,"href":"https:\/\/taichytomato.com\/vi\/wp-json\/wp\/v2\/product_tag?post=912"}],"curies":[{"name":"wp","href":"https:\/\/api.w.org\/{rel}","templated":true}]}}