{"id":906,"date":"2025-05-22T22:43:11","date_gmt":"2025-05-23T06:43:11","guid":{"rendered":"https:\/\/taichytomato.com\/?post_type=product&#038;p=906"},"modified":"2026-01-08T19:48:37","modified_gmt":"2026-01-09T03:48:37","slug":"210g-canned-tomato-paste","status":"publish","type":"product","link":"https:\/\/taichytomato.com\/vi\/san-pham\/210g-canned-tomato-paste\/","title":{"rendered":"M\u1eacT ONG C\u00c0 CHUA C\u00d3 H\u1ed8P 210G CAO C\u1ea4P \u2013 H\u01af\u01a0NG V\u1eca \u0110\u1eacM \u0110\u00c0, PH\u00d9 H\u1ee2P CHO TH\u1eca TR\u01af\u1edcNG TO\u00c0N C\u1ea6U"},"content":{"rendered":"<h2>210g S\u1eefa \u0111\u1eb7c c\u00e0 chua \u0111\u00f3ng h\u1ed9p<\/h2>\n<h2><span style=\"color: #ff0000;\"><strong>1. T\u1ed5ng quan v\u1ec1 s\u1ea3n ph\u1ea9m<\/strong><\/span><\/h2>\n<p>&nbsp;<\/p>\n<p>S\u1ea3n ph\u1ea9m c\u1ee7a ch\u00fang t\u00f4i <strong data-start=\"1883\" data-end=\"1911\">210g s\u1eefa \u0111\u1eb7c c\u00e0 chua \u0111\u00f3ng h\u1ed9p<\/strong> l\u00e0 k\u00edch th\u01b0\u1edbc \u0111\u00f3ng g\u00f3i ph\u1ed5 bi\u1ebfn v\u00e0 th\u1ef1c t\u1ebf cho th\u1ecb tr\u01b0\u1eddng b\u00e1n l\u1ebb qu\u1ed1c t\u1ebf v\u00e0 gia \u0111\u00ecnh.<br data-start=\"2001\" data-end=\"2004\" \/>L\u00e0 m\u1ed9t nh\u00e0 <strong data-start=\"2022\" data-end=\"2078\">Nh\u00e0 s\u1ea3n xu\u1ea5t v\u00e0 cung c\u1ea5p s\u1eefa \u0111\u1eb7c c\u00e0 chua 210g t\u1ea1i Trung Qu\u1ed1c<\/strong>, b\u1ed9t c\u00e0 chua \u0111\u00f3ng th\u00f9ng 1000L <strong data-start=\"2091\" data-end=\"2116\">gi\u00e1 tr\u1ef1c ti\u1ebfp t\u1eeb nh\u00e0 m\u00e1y<\/strong>, <strong data-start=\"2118\" data-end=\"2135\">cung c\u1ea5p \u1ed5n \u0111\u1ecbnh<\/strong>, v\u00e0 <strong data-start=\"2141\" data-end=\"2170\">th\u01b0\u01a1ng hi\u1ec7u OEM t\u00f9y ch\u1ec9nh<\/strong> \u0111\u00e1p \u1ee9ng nhu c\u1ea7u c\u1ee7a nh\u00e0 ph\u00e2n ph\u1ed1i v\u00e0 si\u00eau th\u1ecb tr\u00ean to\u00e0n th\u1ebf gi\u1edbi.<\/p>\n<p data-start=\"2234\" data-end=\"2404\">\u0110\u01b0\u1ee3c l\u00e0m t\u1eeb <strong data-start=\"2244\" data-end=\"2282\">c\u00e0 chua t\u01b0\u01a1i, ch\u00edn, kh\u00f4ng bi\u1ebfn \u0111\u1ed5i gen 100%<\/strong>, s\u1eefa \u0111\u1eb7c c\u00e0 chua c\u1ee7a ch\u00fang t\u00f4i mang l\u1ea1i m\u00e0u s\u1eafc, h\u01b0\u01a1ng v\u1ecb v\u00e0 \u0111\u1ed9 \u0111\u1ed3ng nh\u1ea5t ch\u00e2n th\u1ef1c \u2014 ho\u00e0n h\u1ea3o cho s\u1ed1t, s\u00fap, h\u1ea7m v\u00e0 n\u1ea5u \u0103n h\u00e0ng ng\u00e0y.<\/p>\n<hr \/>\n<h2><span style=\"color: #ff0000;\"><strong>2. Th\u00f4ng s\u1ed1 k\u1ef9 thu\u1eadt s\u1ea3n ph\u1ea9m\u00a0<\/strong><\/span><\/h2>\n<p>&nbsp;<\/p>\n<table>\n<thead>\n<tr>\n<th><strong>\u0110\u1eb7c \u0111i\u1ec3m<\/strong><\/th>\n<th><strong>Th\u00f4ng s\u1ed1 k\u1ef9 thu\u1eadt<\/strong><\/th>\n<th><strong>\u01afu \u0110i\u1ec3m<\/strong><\/th>\n<\/tr>\n<\/thead>\n<tbody>\n<tr>\n<td><strong>Brix (N\u1ed3ng \u0110\u1ed9)<\/strong><\/td>\n<td>18\u201320%, 22\u201324%, 26\u201328%, 28\u201330%, 36\u201338%<\/td>\n<td>Ph\u00f9 h\u1ee3p v\u1edbi c\u00e1c c\u00f4ng th\u1ee9c v\u00e0 s\u1edf th\u00edch v\u1ec1 h\u01b0\u01a1ng v\u1ecb kh\u00e1c nhau<\/td>\n<\/tr>\n<tr>\n<td><strong>Lo\u1ea1i Quy Tr\u00ecnh<\/strong><\/td>\n<td>X\u1eed L\u00fd N\u00f3ng \/ X\u1eed L\u00fd L\u1ea1nh<\/td>\n<td>HB cho k\u1ebft c\u1ea5u \u0111\u1eb7c, CB cho v\u1ecb m\u01b0\u1ee3t<\/td>\n<\/tr>\n<tr>\n<td><strong>M\u00e0u s\u1eafc (Gi\u00e1 tr\u1ecb A\/B)<\/strong><\/td>\n<td>\u2265 1.90<\/td>\n<td>\u0110\u1ecf t\u1ef1 nhi\u00ean r\u1ef1c r\u1ee1, gi\u1eef lycopene cao<\/td>\n<\/tr>\n<tr>\n<td><strong>Tr\u1ecdng l\u01b0\u1ee3ng t\u1ecbnh<\/strong><\/td>\n<td>210g m\u1ed7i h\u1ed9p thi\u1ebfc<\/td>\n<td>K\u00edch th\u01b0\u1edbc \u0111\u00f3ng g\u00f3i b\u00e1n l\u1ebb ho\u00e0n h\u1ea3o cho n\u1ea5u \u0103n v\u00e0 d\u1ecbch v\u1ee5 \u0103n u\u1ed1ng<\/td>\n<\/tr>\n<tr>\n<td><strong>Bao b\u00ec<\/strong><\/td>\n<td>H\u1ed9p thi\u1ebfc v\u1edbi N\u1eafp m\u1edf d\u1ec5 d\u00e0ng \/ N\u1eafp m\u1edf c\u1ee9ng<\/td>\n<td>Ti\u1ec7n l\u1ee3i v\u00e0 b\u1ec1n b\u1ec9, l\u00fd t\u01b0\u1edfng \u0111\u1ec3 tr\u01b0ng b\u00e0y b\u00e1n l\u1ebb<\/td>\n<\/tr>\n<tr>\n<td><strong>Ch\u1ea5t ph\u1ee5 gia<\/strong><\/td>\n<td>Kh\u00f4ng, 100% Thu\u1ea7n khi\u1ebft, KH\u00d4NG GMO<\/td>\n<td>Kh\u00f4ng ch\u1ea5t b\u1ea3o qu\u1ea3n, kh\u00f4ng ph\u1ea9m m\u00e0u nh\u00e2n t\u1ea1o<\/td>\n<\/tr>\n<tr>\n<td><strong>Th\u1eddi h\u1ea1n s\u1eed d\u1ee5ng<\/strong><\/td>\n<td>24 th\u00e1ng<\/td>\n<td>Th\u1eddi gian b\u1ea3o qu\u1ea3n l\u00e2u d\u00e0i cho l\u01b0u kho xu\u1ea5t kh\u1ea9u<\/td>\n<\/tr>\n<tr>\n<td><strong>OEM \/ Nh\u00e3n ri\u00eang<\/strong><\/td>\n<td>Ch\u1ea5p nh\u1eadn<\/td>\n<td>D\u1ecbch v\u1ee5 logo t\u00f9y ch\u1ec9nh, \u0111\u00f3ng h\u1ed9p v\u00e0 thi\u1ebft k\u1ebf s\u1eb5n c\u00f3<\/td>\n<\/tr>\n<tr>\n<td><strong>T\u1ef7 l\u1ec7 \u0111\u1ea7u v\u00e0o - \u0111\u1ea7u ra<\/strong><\/td>\n<td>25%\u2013100%<\/td>\n<td>T\u1eadp trung s\u1ea3n xu\u1ea5t linh ho\u1ea1t theo y\u00eau c\u1ea7u c\u1ee7a kh\u00e1ch h\u00e0ng<\/td>\n<\/tr>\n<tr>\n<td><strong>M\u00e3 HS<\/strong><\/td>\n<td>20029011<\/td>\n<td>M\u00e3 s\u1ed1 h\u1ea3i quan ti\u00eau chu\u1ea9n cho s\u1ea3n ph\u1ea9m s\u1ed1t c\u00e0 chua<\/td>\n<\/tr>\n<\/tbody>\n<\/table>\n<hr \/>\n<h3 data-start=\"4258\" data-end=\"4289\"><strong data-start=\"4262\" data-end=\"4289\">3.T\u1ea1i sao ch\u1ecdn nh\u00e0 m\u00e1y c\u1ee7a ch\u00fang t\u00f4i?<\/strong><\/h3>\n<p data-start=\"4291\" data-end=\"4845\">\u2705 <strong data-start=\"4293\" data-end=\"4314\">Ch\u1ea5t l\u01b0\u1ee3ng \u0111\u01b0\u1ee3c ch\u1ee9ng nh\u1eadn<\/strong> \u2013 Nh\u00e0 m\u00e1y \u0111\u1ea1t ch\u1ee9ng nh\u1eadn HACCP, ISO, HALAL \u0111\u1ea3m b\u1ea3o an to\u00e0n th\u1ef1c ph\u1ea9m v\u00e0 tu\u00e2n th\u1ee7 xu\u1ea5t kh\u1ea9u.<br data-start=\"4396\" data-end=\"4399\" \/>\u2705 <strong data-start=\"4401\" data-end=\"4426\">Cung c\u1ea5p tr\u1ef1c ti\u1ebfp t\u1eeb nh\u00e0 m\u00e1y<\/strong> \u2013 Cung c\u1ea5p <strong data-start=\"4438\" data-end=\"4475\">s\u1ed1t c\u00e0 chua \u0111\u00f3ng h\u1ed9p 210g v\u1edbi chi ph\u00ed th\u1ea5p<\/strong> v\u1edbi ch\u1ea5t l\u01b0\u1ee3ng \u1ed5n \u0111\u1ecbnh.<br data-start=\"4500\" data-end=\"4503\" \/>\u2705 <strong data-start=\"4505\" data-end=\"4527\">D\u1ecbch v\u1ee5 OEM t\u00f9y ch\u1ec9nh<\/strong> \u2013 H\u1ed7 tr\u1ee3 nh\u00e3n hi\u1ec7u ri\u00eang, thi\u1ebft k\u1ebf logo v\u00e0 in h\u1ed9p carton.<br data-start=\"4604\" data-end=\"4607\" \/>\u2705 <strong data-start=\"4609\" data-end=\"4639\">N\u0103ng l\u1ef1c s\u1ea3n xu\u1ea5t \u1ed5n \u0111\u1ecbnh<\/strong> \u2013 S\u1ea3n l\u01b0\u1ee3ng h\u00e0ng th\u00e1ng tr\u00ean 5.000 t\u1ea5n \u0111\u1ea3m b\u1ea3o ngu\u1ed3n cung \u0111\u00e1ng tin c\u1eady cho \u0111\u01a1n h\u00e0ng s\u1ed1 l\u01b0\u1ee3ng l\u1edbn.<br data-start=\"4713\" data-end=\"4716\" \/>\u2705 <strong data-start=\"4718\" data-end=\"4746\">Kinh nghi\u1ec7m xu\u1ea5t kh\u1ea9u to\u00e0n c\u1ea7u<\/strong> \u2013 H\u1ee3p t\u00e1c l\u00e2u d\u00e0i v\u1edbi c\u00e1c \u0111\u1ed1i t\u00e1c tr\u00ean kh\u1eafp <strong data-start=\"4792\" data-end=\"4842\">Ch\u00e2u Phi, Trung \u0110\u00f4ng, M\u1ef9 Latinh v\u00e0 Ch\u00e2u \u00c2u<\/strong>.<\/p>\n<hr \/>\n<h3 data-start=\"4852\" data-end=\"4872\"><strong data-start=\"4856\" data-end=\"4872\">4.\u1ee8ng d\u1ee5ng<\/strong><\/h3>\n<p data-start=\"4874\" data-end=\"5223\">S\u1ea3n ph\u1ea9m c\u1ee7a ch\u00fang t\u00f4i <strong data-start=\"4878\" data-end=\"4899\">S\u1ed1t c\u00e0 chua 210g<\/strong> \u0111\u01b0\u1ee3c s\u1eed d\u1ee5ng r\u1ed9ng r\u00e3i trong:<br data-start=\"4918\" data-end=\"4921\" \/>\ud83c\udf5d <strong data-start=\"4924\" data-end=\"4947\">S\u1ea3n xu\u1ea5t s\u1ed1t<\/strong> \u2013 M\u00f9 t\u1ea1t c\u00e0 chua, s\u1ed1t m\u00ec \u1ed1ng, s\u1ed1t \u1edbt<br data-start=\"4990\" data-end=\"4993\" \/>\ud83e\udd6b <strong data-start=\"4996\" data-end=\"5018\">Th\u1ef1c ph\u1ea9m s\u1eb5n s\u00e0ng \u0103n<\/strong> \u2013 S\u00fap, h\u1ea7m, v\u00e0 c\u00e1c b\u1eefa \u0103n \u0111\u00f3ng h\u1ed9p<br data-start=\"5051\" data-end=\"5054\" \/>\ud83c\udf5b <strong data-start=\"5057\" data-end=\"5089\">D\u1ecbch v\u1ee5 \u0103n u\u1ed1ng &amp; N\u1ea5u \u0103n gia \u0111\u00ecnh<\/strong> \u2013 K\u00edch th\u01b0\u1edbc ph\u1ea7n l\u00fd t\u01b0\u1edfng cho kh\u1ea9u ph\u1ea7n \u0111\u01a1n ho\u1eb7c gia \u0111\u00ecnh<br data-start=\"5140\" data-end=\"5143\" \/>\ud83d\uded2 <strong data-start=\"5146\" data-end=\"5171\">B\u00e1n l\u1ebb &amp; Si\u00eau th\u1ecb<\/strong> \u2013 S\u1ea3n ph\u1ea9m s\u1eb5n tr\u00ean k\u1ec7 v\u1edbi bao b\u00ec t\u00f9y ch\u1ec9nh<\/p>\n<hr data-start=\"5225\" data-end=\"5228\" \/>\n<h3 data-start=\"5230\" data-end=\"5267\"><strong data-start=\"5234\" data-end=\"5267\">5.Th\u00f4ng tin Th\u01b0\u01a1ng m\u1ea1i &amp; Logistics<\/strong><\/h3>\n<ul data-start=\"5269\" data-end=\"5487\">\n<li data-start=\"5269\" data-end=\"5316\">\n<p data-start=\"5271\" data-end=\"5316\"><strong data-start=\"5271\" data-end=\"5279\">MOQ:<\/strong> 1 x 20\u2019 FCL (kho\u1ea3ng 2000 th\u00f9ng carton)<\/p>\n<\/li>\n<li data-start=\"5317\" data-end=\"5377\">\n<p data-start=\"5319\" data-end=\"5377\"><strong data-start=\"5319\" data-end=\"5339\">C\u1ea3ng x\u1ebfp h\u00e0ng:<\/strong> Tianjin \/ Qingdao \/ Th\u01b0\u1ee3ng H\u1ea3i, Trung Qu\u1ed1c<\/p>\n<\/li>\n<li data-start=\"5378\" data-end=\"5414\">\n<p data-start=\"5380\" data-end=\"5414\"><strong data-start=\"5380\" data-end=\"5396\">\u0110i\u1ec1u kho\u1ea3n Th\u01b0\u01a1ng m\u1ea1i:<\/strong> FOB \/ CFR \/ CIF<\/p>\n<\/li>\n<li data-start=\"5415\" data-end=\"5444\">\n<p data-start=\"5417\" data-end=\"5444\"><strong data-start=\"5417\" data-end=\"5429\">Thanh to\u00e1n:<\/strong> T\/T, L\/C, D\/P<\/p>\n<\/li>\n<li data-start=\"5445\" data-end=\"5487\">\n<p data-start=\"5447\" data-end=\"5487\"><strong data-start=\"5447\" data-end=\"5460\">Giao h\u00e0ng:<\/strong> 15\u201325 ng\u00e0y sau khi \u0111\u1eb7t c\u1ecdc<\/p>\n<\/li>\n<\/ul>\n<hr data-start=\"5489\" data-end=\"5492\" \/>\n<h3 data-start=\"5494\" data-end=\"5512\"><strong data-start=\"5498\" data-end=\"5512\">6. Li\u00ean h\u1ec7 v\u1edbi ch\u00fang t\u00f4i<\/strong><\/h3>\n<p data-start=\"5514\" data-end=\"5714\">Cho <strong data-start=\"5518\" data-end=\"5562\">gi\u00e1 b\u00e1n bu\u00f4n s\u1ed1t c\u00e0 chua \u0111\u00f3ng h\u1ed9p 210g<\/strong> ho\u1eb7c h\u1ee3p t\u00e1c OEM,<br data-start=\"5643\" data-end=\"5646\" \/>\u0111\u1ed1i t\u00e1c \u0111\u00e1ng tin c\u1eady c\u1ee7a b\u1ea1n <strong data-start=\"5659\" data-end=\"5711\">nh\u00e0 cung c\u1ea5p v\u00e0 xu\u1ea5t kh\u1ea9u m\u00f9 t\u1ea1t c\u00e0 chua 210g t\u1ea1i Trung Qu\u1ed1c<\/strong>.<\/p>\n<p data-start=\"5716\" data-end=\"5774\">\ud83d\udce7<a href=\"mailto:info@taichysupply.com\"> <strong data-start=\"5719\" data-end=\"5744\">info@taichysupply.com<\/strong><\/a><\/p>\n<hr \/>\n<h2><strong>7.C\u00e2u h\u1ecfi th\u01b0\u1eddng g\u1eb7p<\/strong><\/h2>\n<h2><strong style=\"font-size: 16px;\">1.Khi n\u00e0o t\u00f4i c\u00f3 th\u1ec3 nh\u1eadn \u0111\u01b0\u1ee3c b\u00e1o gi\u00e1?\u00a0<\/strong><\/h2>\n<p>Ch\u00fang t\u00f4i th\u01b0\u1eddng b\u00e1o gi\u00e1 trong v\u00f2ng 12 gi\u1edd sau khi nh\u1eadn \u0111\u01b0\u1ee3c y\u00eau c\u1ea7u c\u1ee7a b\u1ea1n. N\u1ebfu b\u1ea1n c\u1ea7n g\u1ea5p \u0111\u1ec3 l\u1ea5y gi\u00e1, vui l\u00f2ng cho ch\u00fang t\u00f4i bi\u1ebft \u0111\u1ec3 ch\u00fang t\u00f4i xem y\u00eau c\u1ea7u c\u1ee7a b\u1ea1n l\u00e0 \u01b0u ti\u00ean. B\u1ea1n c\u0169ng c\u00f3 th\u1ec3 li\u00ean h\u1ec7 v\u1edbi ch\u00fang t\u00f4i qua WhatsApp g\u1ea5p. v\u00e0 \u0111\u1ed9i ng\u0169 marketing c\u1ee7a ch\u00fang t\u00f4i s\u1ebd lu\u00f4n tr\u1ef1c tuy\u1ebfn 24 gi\u1edd.<\/p>\n<p><strong>2.L\u00e0m th\u1ebf n\u00e0o \u0111\u1ec3 t\u00f4i l\u1ea5y m\u1eabu \u0111\u1ec3 ki\u1ec3m tra ch\u1ea5t l\u01b0\u1ee3ng c\u1ee7a b\u1ea1n?\u00a0<\/strong><\/p>\n<p>Sau khi x\u00e1c nh\u1eadn gi\u00e1, b\u1ea1n c\u00f3 th\u1ec3 y\u00eau c\u1ea7u m\u1eabu \u0111\u1ec3 ki\u1ec3m tra ch\u1ea5t l\u01b0\u1ee3ng c\u1ee7a ch\u00fang t\u00f4i.<\/p>\n<p>Ch\u00fang t\u00f4i c\u0169ng ch\u1ea5p nh\u1eadn ki\u1ec3m tra c\u1ee7a b\u00ean th\u1ee9 ba (SGS\/BV) tr\u01b0\u1edbc khi giao h\u00e0ng.<\/p>\n<p><strong>3.B\u1ea1n ch\u1ea5p nh\u1eadn c\u00e1c lo\u1ea1i t\u1ec7p n\u00e0o \u0111\u1ec3 in?<\/strong><\/p>\n<p>PDF, Core Draw, JPG \u0111\u1ed9 ph\u00e2n gi\u1ea3i cao ho\u1eb7c \u0111\u1ecbnh d\u1ea1ng AI<\/p>\n<p><strong>4.B\u1ea1n c\u00f3 th\u1ec3 thi\u1ebft k\u1ebf gi\u00fap ch\u00fang t\u00f4i kh\u00f4ng?\u00a0<\/strong><\/p>\n<p>C\u00f3. Ch\u00fang t\u00f4i c\u00f3 \u0111\u1ed9i ng\u0169 chuy\u00ean nghi\u1ec7p c\u00f3 nhi\u1ec1u kinh nghi\u1ec7m trong thi\u1ebft k\u1ebf v\u00e0 s\u1ea3n xu\u1ea5t.<\/p>\n<p>V\u00e0 d\u1ecbch v\u1ee5 n\u00e0y l\u00e0 Mi\u1ec5n ph\u00ed.<\/p>\n<p><strong>5.T\u00f4i c\u00f3 th\u1ec3 mong \u0111\u1ee3i nh\u1eadn m\u1eabu trong bao l\u00e2u?\u00a0<\/strong><\/p>\n<p>3-5 ng\u00e0y l\u00e0m vi\u1ec7c cho m\u1eabu. Ch\u00fang t\u00f4i \u0111\u00e3 k\u00fd h\u1ee3p \u0111\u1ed3ng v\u1edbi DHL, TNT, UPS v\u00e0 Fedex.<\/p>\n<p><strong>6.Th\u1eddi gian s\u1ea3n xu\u1ea5t h\u00e0ng lo\u1ea1t l\u00e0 bao l\u00e2u?\u00a0<\/strong><\/p>\n<p>25 ng\u00e0y l\u00e0m vi\u1ec7c cho s\u1ea3n xu\u1ea5t h\u00e0ng lo\u1ea1t. Th\u1eddi gian ph\u1ee5 thu\u1ed9c v\u00e0o s\u1ed1 l\u01b0\u1ee3ng c\u1ee7a b\u1ea1n, v\u00e0 ch\u00fang t\u00f4i s\u1ebd c\u1ed1 g\u1eafng h\u1ebft s\u1ee9c \u0111\u1ec3 \u0111\u00e1p \u1ee9ng nhu c\u1ea7u c\u1ee7a b\u1ea1n.<\/p>\n<p>\ud83d\udce9 <a href=\"https:\/\/taichytomato.com\/vi\/contact\/\"><u>Li\u00ean h\u1ec7 v\u1edbi ch\u00fang t\u00f4i ngay b\u00e2y gi\u1edd<\/u><\/a>\u00a0\u0111\u1ec3 bi\u1ebft gi\u00e1 c\u1ea3, b\u1ea3ng th\u00f4ng s\u1ed1 k\u1ef9 thu\u1eadt v\u00e0 c\u00e1c t\u00f9y ch\u1ecdn \u0111\u00f3ng g\u00f3i OEM!<\/p>\n<p>N\u1ebeU b\u1ea1n c\u00f3 b\u1ea5t k\u1ef3 th\u1eafc m\u1eafc n\u00e0o, nh\u1ea5n v\u00e0o \u0111\u00e2y\u201d<a href=\"https:\/\/taichytomato.com\/vi\/buyers-guide-for-canned-tomato-paste\/\">H\u01b0\u1edbng D\u1eabn Ng\u01b0\u1eddi Mua M\u1eadt Ong C\u00e0 Chua H\u1ed9p<\/a>\u201d\u0111i\u1ec1u n\u00e0y s\u1ebd gi\u00fap b\u1ea1n<\/p>","protected":false},"excerpt":{"rendered":"<p>Brix:18-20%,<a href=\"https:\/\/taichytomato.com\/vi\/san-pham\/canned-tomato-paste-22-24\/\">22-24%<\/a>,<a href=\"https:\/\/taichytomato.com\/vi\/san-pham\/canned-tomato-paste-26-28\/\">26-28%<\/a>,<a href=\"https:\/\/taichytomato.com\/vi\/san-pham\/canned-tomato-paste-28-30\/\">28-30%<\/a><br \/>\nH\u1ed9p thi\u1ebfc ch\u1ed1ng r\u1ec9 s\u00e9t\/ ch\u1ed1ng c\u0103ng th\u1eb3ng\/ ch\u1ed1ng \u1ea9m<br \/>\nTh\u01b0\u01a1ng hi\u1ec7u: Thi\u1ebft k\u1ebf ho\u1eb7c OEM<br \/>\nS\u1ed1 l\u01b0\u1ee3ng t\u1ed1i thi\u1ec3u: 1X20ft<br \/>\nChi ti\u1ebft giao h\u00e0ng: 30-35 ng\u00e0y sau khi nh\u1eadn \u0111\u1eb7t c\u1ecdc ho\u1eb7c LC. Giao h\u00e0ng nhanh nh\u1ea5t.<br \/>\nM\u00e3 HS:2002901100<\/p>","protected":false},"featured_media":3306,"template":"","meta":{"_acf_changed":false,"_seopress_robots_primary_cat":"none","_seopress_titles_title":"210g Canned & Tin Tomato Paste | Taichy tomato","_seopress_titles_desc":"Our 210g canned tomato paste is a reliable choice. Each tomato paste tin is filled with  tomatoes, providing pure and authentic flavor for all your dishes.","_seopress_robots_index":"","site-sidebar-layout":"default","site-content-layout":"","ast-site-content-layout":"default","site-content-style":"default","site-sidebar-style":"default","ast-global-header-display":"","ast-banner-title-visibility":"","ast-main-header-display":"","ast-hfb-above-header-display":"","ast-hfb-below-header-display":"","ast-hfb-mobile-header-display":"","site-post-title":"","ast-breadcrumbs-content":"","ast-featured-img":"","footer-sml-layout":"","ast-disable-related-posts":"","theme-transparent-header-meta":"default","adv-header-id-meta":"","stick-header-meta":"","header-above-stick-meta":"","header-main-stick-meta":"","header-below-stick-meta":"","astra-migrate-meta-layouts":"set","ast-page-background-enabled":"default","ast-page-background-meta":{"desktop":{"background-color":"var(--ast-global-color-5)","background-image":"","background-repeat":"repeat","background-position":"center center","background-size":"auto","background-attachment":"scroll","background-type":"","background-media":"","overlay-type":"","overlay-color":"","overlay-opacity":"","overlay-gradient":""},"tablet":{"background-color":"","background-image":"","background-repeat":"repeat","background-position":"center center","background-size":"auto","background-attachment":"scroll","background-type":"","background-media":"","overlay-type":"","overlay-color":"","overlay-opacity":"","overlay-gradient":""},"mobile":{"background-color":"","background-image":"","background-repeat":"repeat","background-position":"center center","background-size":"auto","background-attachment":"scroll","background-type":"","background-media":"","overlay-type":"","overlay-color":"","overlay-opacity":"","overlay-gradient":""}},"ast-content-background-meta":{"desktop":{"background-color":"var(--ast-global-color-4)","background-image":"","background-repeat":"repeat","background-position":"center center","background-size":"auto","background-attachment":"scroll","background-type":"","background-media":"","overlay-type":"","overlay-color":"","overlay-opacity":"","overlay-gradient":""},"tablet":{"background-color":"var(--ast-global-color-4)","background-image":"","background-repeat":"repeat","background-position":"center center","background-size":"auto","background-attachment":"scroll","background-type":"","background-media":"","overlay-type":"","overlay-color":"","overlay-opacity":"","overlay-gradient":""},"mobile":{"background-color":"var(--ast-global-color-4)","background-image":"","background-repeat":"repeat","background-position":"center center","background-size":"auto","background-attachment":"scroll","background-type":"","background-media":"","overlay-type":"","overlay-color":"","overlay-opacity":"","overlay-gradient":""}}},"product_brand":[],"product_cat":[96],"product_tag":[216,45],"class_list":{"0":"post-906","1":"product","2":"type-product","3":"status-publish","4":"has-post-thumbnail","6":"product_cat-canned-tomato-paste","7":"product_tag-210g-canned-tomato-paste","8":"product_tag-canned-tomato-paste","9":"desktop-align-left","10":"tablet-align-left","11":"mobile-align-left","13":"first","14":"instock","15":"sale","16":"shipping-taxable","17":"purchasable","18":"product-type-simple"},"acf":[],"_links":{"self":[{"href":"https:\/\/taichytomato.com\/vi\/wp-json\/wp\/v2\/product\/906","targetHints":{"allow":["GET"]}}],"collection":[{"href":"https:\/\/taichytomato.com\/vi\/wp-json\/wp\/v2\/product"}],"about":[{"href":"https:\/\/taichytomato.com\/vi\/wp-json\/wp\/v2\/types\/product"}],"version-history":[{"count":0,"href":"https:\/\/taichytomato.com\/vi\/wp-json\/wp\/v2\/product\/906\/revisions"}],"wp:featuredmedia":[{"embeddable":true,"href":"https:\/\/taichytomato.com\/vi\/wp-json\/wp\/v2\/media\/3306"}],"wp:attachment":[{"href":"https:\/\/taichytomato.com\/vi\/wp-json\/wp\/v2\/media?parent=906"}],"wp:term":[{"taxonomy":"product_brand","embeddable":true,"href":"https:\/\/taichytomato.com\/vi\/wp-json\/wp\/v2\/product_brand?post=906"},{"taxonomy":"product_cat","embeddable":true,"href":"https:\/\/taichytomato.com\/vi\/wp-json\/wp\/v2\/product_cat?post=906"},{"taxonomy":"product_tag","embeddable":true,"href":"https:\/\/taichytomato.com\/vi\/wp-json\/wp\/v2\/product_tag?post=906"}],"curies":[{"name":"wp","href":"https:\/\/api.w.org\/{rel}","templated":true}]}}