{"id":894,"date":"2026-01-03T18:06:40","date_gmt":"2026-01-04T02:06:40","guid":{"rendered":"https:\/\/taichytomato.com\/?post_type=product&#038;p=894"},"modified":"2026-01-07T23:41:42","modified_gmt":"2026-01-08T07:41:42","slug":"70g-canned-tomato-paste","status":"publish","type":"product","link":"https:\/\/taichytomato.com\/vi\/san-pham\/70g-canned-tomato-paste\/","title":{"rendered":"70g M\u1eadt Ong C\u00e0 Chua Nguy\u00ean H\u1ed9p \u2013 H\u1ed9p Nh\u1ecf, H\u01b0\u01a1ng V\u1ecb \u0110\u1eadm \u0110\u1eb7c"},"content":{"rendered":"<h2>M\u1eadt Ong C\u00e0 Chua Nguy\u00ean H\u1ed9p 70g<\/h2>\n<h3 data-start=\"1416\" data-end=\"1482\"><strong data-start=\"1420\" data-end=\"1482\">1. M\u1eadt Ong C\u00e0 Chua Cao C\u1ea5p 70g | Cung C\u1ea5p Nh\u00e0 M\u00e1y, OEM &amp; B\u00e1n Bu\u00f4n<\/strong><\/h3>\n<p data-start=\"1484\" data-end=\"1833\">L\u00e0 m\u1ed9t <strong data-start=\"1489\" data-end=\"1542\">nh\u00e0 s\u1ea3n xu\u1ea5t m\u1eadt ong c\u00e0 chua \u0111\u00f3ng h\u1ed9p chuy\u00ean nghi\u1ec7p<\/strong>, ch\u00fang t\u00f4i chuy\u00ean s\u1ea3n xu\u1ea5t <strong data-start=\"1571\" data-end=\"1604\">m\u1eadt ong c\u00e0 chua ch\u1ea5t l\u01b0\u1ee3ng cao 70g<\/strong> d\u00e0nh cho th\u1ecb tr\u01b0\u1eddng xu\u1ea5t kh\u1ea9u to\u00e0n c\u1ea7u. D\u00f9 b\u1ea1n c\u1ea7n <strong data-start=\"1649\" data-end=\"1739\">m\u1eadt ong c\u00e0 chua 70g cho si\u00eau th\u1ecb b\u00e1n l\u1ebb, n\u1ea5u \u0103n h\u00e0ng ng\u00e0y, ho\u1eb7c d\u1ef1 \u00e1n th\u01b0\u01a1ng hi\u1ec7u ri\u00eang OEM<\/strong>, ch\u00fang t\u00f4i cung c\u1ea5p h\u01b0\u01a1ng v\u1ecb, m\u00e0u s\u1eafc v\u00e0 ch\u1ea5t l\u01b0\u1ee3ng nh\u1ea5t qu\u00e1n v\u1edbi m\u1ee9c gi\u00e1 c\u1ea1nh tranh <strong data-start=\"1806\" data-end=\"1832\">gi\u00e1 m\u1eadt ong c\u00e0 chua 70g<\/strong>.<\/p>\n<hr \/>\n<h2><\/h2>\n<h2><strong>2.<\/strong>T\u00ednh N\u0103ng &amp; Th\u00f4ng S\u1ed1 K\u1ef9 Thu\u1eadt S\u1ea3n Ph\u1ea9m<\/h2>\n<p>&nbsp;<\/p>\n<div class=\"_tableContainer_1rjym_1\">\n<div class=\"group _tableWrapper_1rjym_13 flex w-fit flex-col-reverse\" tabindex=\"-1\">\n<table class=\"w-fit min-w-(--thread-content-width)\" data-start=\"1885\" data-end=\"3506\">\n<thead data-start=\"1885\" data-end=\"2019\">\n<tr data-start=\"1885\" data-end=\"2019\">\n<th data-start=\"1885\" data-end=\"1913\" data-col-size=\"sm\"><strong data-start=\"1887\" data-end=\"1898\">\u0110\u1eb7c \u0111i\u1ec3m<\/strong><\/th>\n<th data-start=\"1913\" data-end=\"1965\" data-col-size=\"sm\"><strong data-start=\"1915\" data-end=\"1932\">Th\u00f4ng s\u1ed1 k\u1ef9 thu\u1eadt<\/strong><\/th>\n<th data-start=\"1965\" data-end=\"2019\" data-col-size=\"md\"><strong data-start=\"1967\" data-end=\"1980\">\u01afu \u0110i\u1ec3m<\/strong><\/th>\n<\/tr>\n<\/thead>\n<tbody data-start=\"2156\" data-end=\"3506\">\n<tr data-start=\"2156\" data-end=\"2290\">\n<td data-start=\"2156\" data-end=\"2185\" data-col-size=\"sm\"><strong data-start=\"2158\" data-end=\"2182\">Brix (N\u1ed3ng \u0110\u1ed9)<\/strong><\/td>\n<td data-col-size=\"sm\" data-start=\"2185\" data-end=\"2236\">\u00a018\u201320%, 22\u201324%, 26\u201328%, 28\u201330%, 36\u201338%<\/td>\n<td data-col-size=\"md\" data-start=\"2236\" data-end=\"2290\">H\u01b0\u01a1ng v\u1ecb \u0111\u1eadm \u0111\u00e0 v\u00e0 \u0111\u1ed9 ng\u1ecdt t\u1ef1 nhi\u00ean<\/td>\n<\/tr>\n<tr data-start=\"2291\" data-end=\"2425\">\n<td data-start=\"2291\" data-end=\"2320\" data-col-size=\"sm\"><strong data-start=\"2293\" data-end=\"2309\">Lo\u1ea1i Quy Tr\u00ecnh<\/strong><\/td>\n<td data-col-size=\"sm\" data-start=\"2320\" data-end=\"2371\">X\u1eed L\u00fd N\u00f3ng \/ X\u1eed L\u00fd L\u1ea1nh<\/td>\n<td data-col-size=\"md\" data-start=\"2371\" data-end=\"2425\">HB cho \u0111\u1ed9 \u0111\u1eb7c \u0111\u1eb7c, CB cho k\u1ebft c\u1ea5u m\u1ecbn<\/td>\n<\/tr>\n<tr data-start=\"2426\" data-end=\"2561\">\n<td data-start=\"2426\" data-end=\"2455\" data-col-size=\"sm\"><strong data-start=\"2428\" data-end=\"2449\">M\u00e0u s\u1eafc (Gi\u00e1 tr\u1ecb A\/B)<\/strong><\/td>\n<td data-col-size=\"sm\" data-start=\"2455\" data-end=\"2507\">\u2265 1.90<\/td>\n<td data-col-size=\"md\" data-start=\"2507\" data-end=\"2561\">M\u00e0u \u0111\u1ecf t\u1ef1 nhi\u00ean s\u00e1ng v\u1edbi h\u00e0m l\u01b0\u1ee3ng lycopene cao<\/td>\n<\/tr>\n<tr data-start=\"2562\" data-end=\"2696\">\n<td data-start=\"2562\" data-end=\"2591\" data-col-size=\"sm\"><strong data-start=\"2564\" data-end=\"2578\">Tr\u1ecdng l\u01b0\u1ee3ng t\u1ecbnh<\/strong><\/td>\n<td data-col-size=\"sm\" data-start=\"2591\" data-end=\"2642\">70g m\u1ed7i h\u1ed9p thi\u1ebfc<\/td>\n<td data-col-size=\"md\" data-start=\"2642\" data-end=\"2696\">Ph\u1ea7n d\u00f9ng m\u1ed9t l\u1ea7n l\u00fd t\u01b0\u1edfng cho c\u00e1c b\u1eefa \u0103n h\u00e0ng ng\u00e0y<\/td>\n<\/tr>\n<tr data-start=\"2697\" data-end=\"2831\">\n<td data-start=\"2697\" data-end=\"2726\" data-col-size=\"sm\"><strong data-start=\"2699\" data-end=\"2712\">Bao b\u00ec<\/strong><\/td>\n<td data-col-size=\"sm\" data-start=\"2726\" data-end=\"2777\">H\u1ed9p thi\u1ebfc v\u1edbi N\u1eafp m\u1edf d\u1ec5 d\u00e0ng \/ N\u1eafp m\u1edf c\u1ee9ng<\/td>\n<td data-col-size=\"md\" data-start=\"2777\" data-end=\"2831\">Ti\u1ec7n l\u1ee3i, v\u1ec7 sinh, an to\u00e0n xu\u1ea5t kh\u1ea9u<\/td>\n<\/tr>\n<tr data-start=\"2832\" data-end=\"2966\">\n<td data-start=\"2832\" data-end=\"2861\" data-col-size=\"sm\"><strong data-start=\"2834\" data-end=\"2847\">Ch\u1ea5t ph\u1ee5 gia<\/strong><\/td>\n<td data-col-size=\"sm\" data-start=\"2861\" data-end=\"2912\">Kh\u00f4ng, 100% t\u1ef1 nhi\u00ean, KH\u00d4NG GMO<\/td>\n<td data-col-size=\"md\" data-start=\"2912\" data-end=\"2966\">Kh\u00f4ng ch\u1ea5t b\u1ea3o qu\u1ea3n, kh\u00f4ng m\u00e0u nh\u00e2n t\u1ea1o<\/td>\n<\/tr>\n<tr data-start=\"2967\" data-end=\"3101\">\n<td data-start=\"2967\" data-end=\"2996\" data-col-size=\"sm\"><strong data-start=\"2969\" data-end=\"2983\">Th\u1eddi h\u1ea1n s\u1eed d\u1ee5ng<\/strong><\/td>\n<td data-col-size=\"sm\" data-start=\"2996\" data-end=\"3047\">24 th\u00e1ng<\/td>\n<td data-col-size=\"md\" data-start=\"3047\" data-end=\"3101\">\u1ed4n \u0111\u1ecbnh l\u00e2u d\u00e0i cho v\u1eadn chuy\u1ec3n to\u00e0n c\u1ea7u<\/td>\n<\/tr>\n<tr data-start=\"3102\" data-end=\"3236\">\n<td data-start=\"3102\" data-end=\"3131\" data-col-size=\"sm\"><strong data-start=\"3104\" data-end=\"3127\">OEM \/ Nh\u00e3n ri\u00eang<\/strong><\/td>\n<td data-col-size=\"sm\" data-start=\"3131\" data-end=\"3182\">Ch\u1ea5p nh\u1eadn<\/td>\n<td data-col-size=\"md\" data-start=\"3182\" data-end=\"3236\">Thi\u1ebft k\u1ebf t\u00f9y ch\u1ec9nh, in th\u01b0\u01a1ng hi\u1ec7u, \u0111\u00f3ng g\u00f3i carton<\/td>\n<\/tr>\n<tr data-start=\"3237\" data-end=\"3371\">\n<td data-start=\"3237\" data-end=\"3266\" data-col-size=\"sm\"><strong data-start=\"3239\" data-end=\"3261\">T\u1ef7 l\u1ec7 \u0111\u1ea7u v\u00e0o - \u0111\u1ea7u ra<\/strong><\/td>\n<td data-col-size=\"sm\" data-start=\"3266\" data-end=\"3317\">25%\u2013100%<\/td>\n<td data-col-size=\"md\" data-start=\"3317\" data-end=\"3371\">M\u1ee9c \u0111\u1ed9 t\u1eadp trung linh ho\u1ea1t theo y\u00eau c\u1ea7u<\/td>\n<\/tr>\n<tr data-start=\"3372\" data-end=\"3506\">\n<td data-start=\"3372\" data-end=\"3401\" data-col-size=\"sm\"><strong data-start=\"3374\" data-end=\"3385\">M\u00e3 HS<\/strong><\/td>\n<td data-col-size=\"sm\" data-start=\"3401\" data-end=\"3452\">20029011<\/td>\n<td data-col-size=\"md\" data-start=\"3452\" data-end=\"3506\">M\u00e3 s\u1ed1 h\u1ea3i quan ti\u00eau chu\u1ea9n cho t\u01b0\u01a1ng c\u00e0 \u0111\u00f3ng h\u1ed9p<\/td>\n<\/tr>\n<\/tbody>\n<\/table>\n<\/div>\n<\/div>\n<hr \/>\n<h2 data-start=\"3513\" data-end=\"3560\"><strong data-start=\"3519\" data-end=\"3560\">Cam k\u1ebft v\u1ec1 S\u1ee9c m\u1ea1nh &amp; Ch\u1ea5t l\u01b0\u1ee3ng Nh\u00e0 m\u00e1y<\/strong><\/h2>\n<p data-start=\"3562\" data-end=\"3809\">C\u00f4ng ty c\u1ee7a ch\u00fang t\u00f4i l\u00e0 m\u1ed9t <strong data-start=\"3579\" data-end=\"3646\">nh\u00e0 m\u00e1y s\u1ea3n xu\u1ea5t m\u1ef3 c\u00e0 chua \u0111\u00f3ng h\u1ed9p 70g \u0111\u1ea1t ch\u1ee9ng nh\u1eadn HACCP, ISO v\u00e0 HALAL<\/strong> t\u1ea1i Trung Qu\u1ed1c.<br data-start=\"3656\" data-end=\"3659\" \/>Ch\u00fang t\u00f4i ch\u1ecdn <strong data-start=\"3669\" data-end=\"3707\">c\u00e0 chua t\u01b0\u01a1i, ch\u00edn, kh\u00f4ng bi\u1ebfn \u0111\u1ed5i gen 100%<\/strong> t\u1eeb c\u00e1c trang tr\u1ea1i \u0111\u00e1ng tin c\u1eady v\u00e0 x\u1eed l\u00fd trong v\u00f2ng v\u00e0i gi\u1edd sau thu ho\u1ea1ch \u0111\u1ec3 gi\u1eef l\u1ea1i t\u1ed1i \u0111a h\u01b0\u01a1ng v\u1ecb v\u00e0 m\u00e0u s\u1eafc.<\/p>\n<p data-start=\"3811\" data-end=\"4019\">Th\u00f4ng qua c\u00f4ng ngh\u1ec7 <strong data-start=\"3828\" data-end=\"3867\">hot break v\u00e0 cold break ti\u00ean ti\u1ebfn<\/strong>, ch\u00fang t\u00f4i <strong data-start=\"3873\" data-end=\"3893\">m\u1ef3 c\u00e0 chua 70g<\/strong> duy tr\u00ec s\u1ef1 c\u00e2n b\u1eb1ng ho\u00e0n h\u1ea3o c\u1ee7a <strong data-start=\"3925\" data-end=\"3963\">m\u00e0u s\u1eafc \u0111\u1eadm \u0111\u00e0, h\u01b0\u01a1ng th\u01a1m v\u00e0 \u0111\u1ed9 \u0111\u1eb7c<\/strong>, l\u00e0m cho n\u00f3 l\u00fd t\u01b0\u1edfng cho c\u1ea3 s\u1eed d\u1ee5ng gia \u0111\u00ecnh v\u00e0 c\u00f4ng nghi\u1ec7p.<\/p>\n<p data-start=\"4021\" data-end=\"4191\">Ch\u00fang t\u00f4i cung c\u1ea5p <strong data-start=\"4032\" data-end=\"4056\">b\u00e1n h\u00e0ng tr\u1ef1c ti\u1ebfp t\u1eeb nh\u00e0 m\u00e1y<\/strong>, \u0111\u1ea3m b\u1ea3o m\u1ee9c gi\u00e1 <strong data-start=\"4076\" data-end=\"4114\">m\u1ef3 c\u00e0 chua 70g c\u1ea1nh tranh nh\u1ea5t<\/strong> trong khi duy tr\u00ec ki\u1ec3m so\u00e1t ch\u1ea5t l\u01b0\u1ee3ng nghi\u00eam ng\u1eb7t v\u00e0 truy xu\u1ea5t ngu\u1ed3n g\u1ed1c trong to\u00e0n b\u1ed9 qu\u00e1 tr\u00ecnh s\u1ea3n xu\u1ea5t.<\/p>\n<hr \/>\n<h2 data-start=\"4198\" data-end=\"4234\"><strong data-start=\"4204\" data-end=\"4234\">4. Bao b\u00ec &amp; T\u00f9y ch\u1ecdn Xu\u1ea5t kh\u1ea9u<\/strong><\/h2>\n<ul data-start=\"4236\" data-end=\"4512\">\n<li data-start=\"4236\" data-end=\"4299\">\n<p data-start=\"4238\" data-end=\"4299\"><strong data-start=\"4238\" data-end=\"4256\">K\u00edch th\u01b0\u1edbc ti\u00eau chu\u1ea9n:<\/strong> H\u1ed9p thi\u1ebfc 70g (n\u1eafp m\u1edf d\u1ec5 ho\u1eb7c n\u1eafp m\u1edf c\u1ee9ng)<\/p>\n<p><figure id=\"attachment_900\" aria-describedby=\"caption-attachment-900\" style=\"width: 188px\" class=\"wp-caption aligncenter\"><img decoding=\"async\" class=\"wp-image-900\" src=\"https:\/\/taichytomato.com\/wp-content\/uploads\/2025\/05\/20230921140250-300x300.jpg\" alt=\"H\u1ed9p s\u1ed1t c\u00e0 chua 210g \u0111\u00f3ng h\u1ed9p\" width=\"188\" height=\"188\" srcset=\"https:\/\/taichytomato.com\/wp-content\/uploads\/2025\/05\/20230921140250-300x300.jpg 300w, https:\/\/taichytomato.com\/wp-content\/uploads\/2025\/05\/20230921140250-150x150.jpg 150w, https:\/\/taichytomato.com\/wp-content\/uploads\/2025\/05\/20230921140250-100x100.jpg 100w, https:\/\/taichytomato.com\/wp-content\/uploads\/2025\/05\/20230921140250.jpg 400w\" sizes=\"(max-width: 188px) 100vw, 188px\" \/><figcaption id=\"caption-attachment-900\" class=\"wp-caption-text\">S\u1ed1t c\u00e0 chua \u0111\u00f3ng h\u1ed9p 70g<\/figcaption><\/figure><\/li>\n<li data-start=\"4300\" data-end=\"4346\">\n<p data-start=\"4302\" data-end=\"4346\"><strong data-start=\"4302\" data-end=\"4321\">\u0110\u00f3ng g\u00f3i b\u1eb1ng h\u1ed9p carton:<\/strong> 50 h\u1ed9p thi\u1ebfc \u00d7 70g \/ h\u1ed9p ho\u1eb7c 100 h\u1ed9p thi\u1ebfc \u00d7 70g \/ h\u1ed9p<\/p>\n<\/li>\n<li data-start=\"4347\" data-end=\"4402\">\n<p data-start=\"4349\" data-end=\"4402\"><strong data-start=\"4349\" data-end=\"4367\">C\u00f4ng su\u1ea5t t\u1ea3i:<\/strong> Kho\u1ea3ng 4980 ho\u1eb7c 2.550 h\u1ed9p \/ container 20\u2019FCL<\/p>\n<\/li>\n<li data-start=\"4403\" data-end=\"4464\">\n<p data-start=\"4405\" data-end=\"4464\"><strong data-start=\"4405\" data-end=\"4426\">C\u1ea3ng giao h\u00e0ng:<\/strong> Qu\u1ea3ng Ch\u00e2u \/ Thi\u00ean T\u00e2n \/ Th\u01b0\u1ee3ng H\u1ea3i, Trung Qu\u1ed1c<\/p>\n<\/li>\n<li data-start=\"4465\" data-end=\"4512\">\n<p data-start=\"4467\" data-end=\"4512\"><strong data-start=\"4467\" data-end=\"4486\">\u0110i\u1ec1u ki\u1ec7n giao h\u00e0ng:<\/strong> FOB, CFR, CIF c\u00f3 s\u1eb5n<\/p>\n<\/li>\n<\/ul>\n<hr data-start=\"4514\" data-end=\"4517\" \/>\n<h2 data-start=\"4519\" data-end=\"4541\"><strong data-start=\"4525\" data-end=\"4541\">5. \u1ee8ng d\u1ee5ng<\/strong><\/h2>\n<p data-start=\"4543\" data-end=\"4597\">S\u1ea3n ph\u1ea9m c\u1ee7a ch\u00fang t\u00f4i <strong data-start=\"4547\" data-end=\"4567\">m\u1ef3 c\u00e0 chua 70g<\/strong> \u0111\u01b0\u1ee3c ph\u00e2n chia ph\u00f9 h\u1ee3p cho:<\/p>\n<ul data-start=\"4598\" data-end=\"4782\">\n<li data-start=\"4598\" data-end=\"4643\">\n<p data-start=\"4600\" data-end=\"4643\">N\u1ea5u \u0103n t\u1ea1i nh\u00e0 (s\u00fap, h\u1ea7m, s\u1ed1t m\u00ec \u1ed1ng)<\/p>\n<\/li>\n<li data-start=\"4644\" data-end=\"4687\">\n<p data-start=\"4646\" data-end=\"4687\">B\u00e1n l\u1ebb si\u00eau th\u1ecb &amp; c\u1eeda h\u00e0ng ti\u1ec7n l\u1ee3i<\/p>\n<\/li>\n<li data-start=\"4688\" data-end=\"4717\">\n<p data-start=\"4690\" data-end=\"4717\">D\u1ecbch v\u1ee5 catering &amp; nh\u00e0 h\u00e0ng<\/p>\n<\/li>\n<li data-start=\"4718\" data-end=\"4782\">\n<p data-start=\"4720\" data-end=\"4782\">Xu\u1ea5t kh\u1ea9u sang c\u00e1c th\u1ecb tr\u01b0\u1eddng ch\u00e2u Phi, Trung \u0110\u00f4ng v\u00e0 M\u1ef9 Latinh<\/p>\n<\/li>\n<\/ul>\n<hr data-start=\"4784\" data-end=\"4787\" \/>\n<h2 data-start=\"4789\" data-end=\"4839\">6. <strong data-start=\"4795\" data-end=\"4839\">T\u1ea1i sao ch\u1ecdn nh\u00e0 m\u00e1y S\u1ed1t c\u00e0 chua 70g c\u1ee7a ch\u00fang t\u00f4i?<\/strong><\/h2>\n<ul data-start=\"4841\" data-end=\"5207\">\n<li data-start=\"4841\" data-end=\"4908\">\n<p data-start=\"4843\" data-end=\"4908\">\u2705 <strong data-start=\"4845\" data-end=\"4871\">N\u0103ng l\u1ef1c cung c\u1ea5p \u1ed5n \u0111\u1ecbnh<\/strong> \u2013 S\u1ea3n xu\u1ea5t h\u01a1n 3.000 t\u1ea5n\/th\u00e1ng<\/p>\n<\/li>\n<li data-start=\"4909\" data-end=\"4976\">\n<p data-start=\"4911\" data-end=\"4976\">\u2705 <strong data-start=\"4913\" data-end=\"4935\">Ch\u1ea5t l\u01b0\u1ee3ng nh\u1ea5t qu\u00e1n<\/strong> \u2013 H\u1ec7 th\u1ed1ng ki\u1ec3m so\u00e1t ch\u1ea5t l\u01b0\u1ee3ng nghi\u00eam ng\u1eb7t v\u00e0 ph\u00e1t hi\u1ec7n kim lo\u1ea1i<\/p>\n<\/li>\n<li data-start=\"4977\" data-end=\"5054\">\n<p data-start=\"4979\" data-end=\"5054\">\u2705 <strong data-start=\"4981\" data-end=\"5005\">D\u1ecbch v\u1ee5 OEM linh ho\u1ea1t<\/strong> \u2013 In nh\u00e3n ri\u00eang, t\u00f9y ch\u1ec9nh h\u1ed9p carton<\/p>\n<\/li>\n<li data-start=\"5055\" data-end=\"5130\">\n<p data-start=\"5057\" data-end=\"5130\">\u2705 <strong data-start=\"5059\" data-end=\"5091\">Gi\u00e1 s\u1ec9 c\u1ea1nh tranh<\/strong> \u2013 Tr\u1ef1c ti\u1ebfp t\u1eeb nh\u00e0 m\u00e1y v\u1edbi chi\u1ebft kh\u1ea5u s\u1ed1 l\u01b0\u1ee3ng l\u1edbn<\/p>\n<\/li>\n<li data-start=\"5131\" data-end=\"5207\">\n<p data-start=\"5133\" data-end=\"5207\">\u2705 <strong data-start=\"5135\" data-end=\"5163\">Kinh nghi\u1ec7m xu\u1ea5t kh\u1ea9u to\u00e0n c\u1ea7u<\/strong> \u2013 H\u1ee3p t\u00e1c l\u00e2u d\u00e0i t\u1ea1i h\u01a1n 50 qu\u1ed1c gia<\/p>\n<\/li>\n<\/ul>\n<hr data-start=\"5209\" data-end=\"5212\" \/>\n<h2><strong>7.C\u00e2u h\u1ecfi th\u01b0\u1eddng g\u1eb7p<\/strong><\/h2>\n<p><strong>1.Khi n\u00e0o t\u00f4i c\u00f3 th\u1ec3 nh\u1eadn \u0111\u01b0\u1ee3c b\u00e1o gi\u00e1?\u00a0<\/strong><\/p>\n<p>Ch\u00fang t\u00f4i th\u01b0\u1eddng b\u00e1o gi\u00e1 trong v\u00f2ng 12 gi\u1edd sau khi nh\u1eadn \u0111\u01b0\u1ee3c y\u00eau c\u1ea7u c\u1ee7a b\u1ea1n. N\u1ebfu b\u1ea1n c\u1ea7n g\u1ea5p \u0111\u1ec3 l\u1ea5y gi\u00e1, vui l\u00f2ng cho ch\u00fang t\u00f4i bi\u1ebft \u0111\u1ec3 ch\u00fang t\u00f4i xem y\u00eau c\u1ea7u c\u1ee7a b\u1ea1n l\u00e0 \u01b0u ti\u00ean. B\u1ea1n c\u0169ng c\u00f3 th\u1ec3 li\u00ean h\u1ec7 v\u1edbi ch\u00fang t\u00f4i qua WhatsApp g\u1ea5p. v\u00e0 \u0111\u1ed9i ng\u0169 marketing c\u1ee7a ch\u00fang t\u00f4i s\u1ebd lu\u00f4n tr\u1ef1c tuy\u1ebfn 24 gi\u1edd.<\/p>\n<p><strong>2.L\u00e0m th\u1ebf n\u00e0o \u0111\u1ec3 t\u00f4i l\u1ea5y m\u1eabu \u0111\u1ec3 ki\u1ec3m tra ch\u1ea5t l\u01b0\u1ee3ng c\u1ee7a b\u1ea1n?\u00a0<\/strong><\/p>\n<p>Sau khi x\u00e1c nh\u1eadn gi\u00e1, b\u1ea1n c\u00f3 th\u1ec3 y\u00eau c\u1ea7u m\u1eabu \u0111\u1ec3 ki\u1ec3m tra ch\u1ea5t l\u01b0\u1ee3ng c\u1ee7a ch\u00fang t\u00f4i.<\/p>\n<p>Ch\u00fang t\u00f4i c\u0169ng ch\u1ea5p nh\u1eadn ki\u1ec3m tra c\u1ee7a b\u00ean th\u1ee9 ba (SGS\/BV) tr\u01b0\u1edbc khi giao h\u00e0ng.<\/p>\n<p><strong>3.B\u1ea1n ch\u1ea5p nh\u1eadn c\u00e1c lo\u1ea1i t\u1ec7p n\u00e0o \u0111\u1ec3 in?<\/strong><\/p>\n<p>PDF, Core Draw, JPG \u0111\u1ed9 ph\u00e2n gi\u1ea3i cao ho\u1eb7c \u0111\u1ecbnh d\u1ea1ng AI<\/p>\n<p><strong>4.B\u1ea1n c\u00f3 th\u1ec3 thi\u1ebft k\u1ebf gi\u00fap ch\u00fang t\u00f4i kh\u00f4ng?\u00a0<\/strong><\/p>\n<p>C\u00f3. Ch\u00fang t\u00f4i c\u00f3 \u0111\u1ed9i ng\u0169 chuy\u00ean nghi\u1ec7p c\u00f3 nhi\u1ec1u kinh nghi\u1ec7m trong thi\u1ebft k\u1ebf v\u00e0 s\u1ea3n xu\u1ea5t.<\/p>\n<p>V\u00e0 d\u1ecbch v\u1ee5 n\u00e0y l\u00e0 Mi\u1ec5n ph\u00ed.<\/p>\n<p><strong>5.T\u00f4i c\u00f3 th\u1ec3 mong \u0111\u1ee3i nh\u1eadn m\u1eabu trong bao l\u00e2u?\u00a0<\/strong><\/p>\n<p>3-5 ng\u00e0y l\u00e0m vi\u1ec7c cho m\u1eabu. Ch\u00fang t\u00f4i \u0111\u00e3 k\u00fd h\u1ee3p \u0111\u1ed3ng v\u1edbi DHL, TNT, UPS v\u00e0 Fedex.<\/p>\n<p><strong>6.Th\u1eddi gian s\u1ea3n xu\u1ea5t h\u00e0ng lo\u1ea1t l\u00e0 bao l\u00e2u?\u00a0<\/strong><\/p>\n<p>25 ng\u00e0y l\u00e0m vi\u1ec7c cho s\u1ea3n xu\u1ea5t h\u00e0ng lo\u1ea1t. Th\u1eddi gian ph\u1ee5 thu\u1ed9c v\u00e0o s\u1ed1 l\u01b0\u1ee3ng c\u1ee7a b\u1ea1n, v\u00e0 ch\u00fang t\u00f4i s\u1ebd c\u1ed1 g\u1eafng h\u1ebft s\u1ee9c \u0111\u1ec3 \u0111\u00e1p \u1ee9ng nhu c\u1ea7u c\u1ee7a b\u1ea1n.<\/p>\n<p>\ud83d\udce9 <a href=\"https:\/\/taichytomato.com\/vi\/contact\/\"><u>Li\u00ean h\u1ec7 v\u1edbi ch\u00fang t\u00f4i ngay b\u00e2y gi\u1edd<\/u><\/a>\u00a0\u0111\u1ec3 bi\u1ebft gi\u00e1 c\u1ea3, b\u1ea3ng th\u00f4ng s\u1ed1 k\u1ef9 thu\u1eadt v\u00e0 c\u00e1c t\u00f9y ch\u1ecdn \u0111\u00f3ng g\u00f3i OEM!<\/p>\n<p>&nbsp;<\/p>","protected":false},"excerpt":{"rendered":"<h3 data-start=\"1416\" data-end=\"1482\"><strong data-start=\"1420\" data-end=\"1482\">M\u1eadt Ong C\u00e0 Chua Cao C\u1ea5p 70g | Cung C\u1ea5p Nh\u00e0 M\u00e1y, OEM &amp; B\u00e1n Bu\u00f4n<\/strong><\/h3>\n<p data-start=\"1484\" data-end=\"1833\">L\u00e0 m\u1ed9t <strong data-start=\"1489\" data-end=\"1542\">nh\u00e0 s\u1ea3n xu\u1ea5t m\u1eadt ong c\u00e0 chua \u0111\u00f3ng h\u1ed9p chuy\u00ean nghi\u1ec7p<\/strong>, ch\u00fang t\u00f4i chuy\u00ean s\u1ea3n xu\u1ea5t <strong data-start=\"1571\" data-end=\"1604\">m\u1eadt ong c\u00e0 chua ch\u1ea5t l\u01b0\u1ee3ng cao 70g<\/strong> d\u00e0nh cho th\u1ecb tr\u01b0\u1eddng xu\u1ea5t kh\u1ea9u to\u00e0n c\u1ea7u. D\u00f9 b\u1ea1n c\u1ea7n <strong data-start=\"1649\" data-end=\"1739\">m\u1eadt ong c\u00e0 chua 70g cho si\u00eau th\u1ecb b\u00e1n l\u1ebb, n\u1ea5u \u0103n h\u00e0ng ng\u00e0y, ho\u1eb7c d\u1ef1 \u00e1n th\u01b0\u01a1ng hi\u1ec7u ri\u00eang OEM<\/strong>, ch\u00fang t\u00f4i cung c\u1ea5p h\u01b0\u01a1ng v\u1ecb, m\u00e0u s\u1eafc v\u00e0 ch\u1ea5t l\u01b0\u1ee3ng nh\u1ea5t qu\u00e1n v\u1edbi m\u1ee9c gi\u00e1 c\u1ea1nh tranh <strong data-start=\"1806\" data-end=\"1832\">gi\u00e1 m\u1eadt ong c\u00e0 chua 70g<\/strong>.<\/p>","protected":false},"featured_media":3267,"template":"","meta":{"_acf_changed":false,"_seopress_robots_primary_cat":"none","_seopress_titles_title":"70g Canned Tomato Paste & Tomato Paste Tin | Taichy tomato","_seopress_titles_desc":"The perfect 70g canned tomato paste for individual meals. Our small tomato paste tin offers concentrated flavor and is ideal for quick cooking .","_seopress_robots_index":"","site-sidebar-layout":"default","site-content-layout":"","ast-site-content-layout":"default","site-content-style":"default","site-sidebar-style":"default","ast-global-header-display":"","ast-banner-title-visibility":"","ast-main-header-display":"","ast-hfb-above-header-display":"","ast-hfb-below-header-display":"","ast-hfb-mobile-header-display":"","site-post-title":"","ast-breadcrumbs-content":"","ast-featured-img":"","footer-sml-layout":"","ast-disable-related-posts":"","theme-transparent-header-meta":"default","adv-header-id-meta":"","stick-header-meta":"","header-above-stick-meta":"","header-main-stick-meta":"","header-below-stick-meta":"","astra-migrate-meta-layouts":"set","ast-page-background-enabled":"default","ast-page-background-meta":{"desktop":{"background-color":"var(--ast-global-color-5)","background-image":"","background-repeat":"repeat","background-position":"center center","background-size":"auto","background-attachment":"scroll","background-type":"","background-media":"","overlay-type":"","overlay-color":"","overlay-opacity":"","overlay-gradient":""},"tablet":{"background-color":"","background-image":"","background-repeat":"repeat","background-position":"center center","background-size":"auto","background-attachment":"scroll","background-type":"","background-media":"","overlay-type":"","overlay-color":"","overlay-opacity":"","overlay-gradient":""},"mobile":{"background-color":"","background-image":"","background-repeat":"repeat","background-position":"center center","background-size":"auto","background-attachment":"scroll","background-type":"","background-media":"","overlay-type":"","overlay-color":"","overlay-opacity":"","overlay-gradient":""}},"ast-content-background-meta":{"desktop":{"background-color":"var(--ast-global-color-4)","background-image":"","background-repeat":"repeat","background-position":"center center","background-size":"auto","background-attachment":"scroll","background-type":"","background-media":"","overlay-type":"","overlay-color":"","overlay-opacity":"","overlay-gradient":""},"tablet":{"background-color":"var(--ast-global-color-4)","background-image":"","background-repeat":"repeat","background-position":"center center","background-size":"auto","background-attachment":"scroll","background-type":"","background-media":"","overlay-type":"","overlay-color":"","overlay-opacity":"","overlay-gradient":""},"mobile":{"background-color":"var(--ast-global-color-4)","background-image":"","background-repeat":"repeat","background-position":"center center","background-size":"auto","background-attachment":"scroll","background-type":"","background-media":"","overlay-type":"","overlay-color":"","overlay-opacity":"","overlay-gradient":""}}},"product_brand":[],"product_cat":[96],"product_tag":[149],"class_list":{"0":"post-894","1":"product","2":"type-product","3":"status-publish","4":"has-post-thumbnail","6":"product_cat-canned-tomato-paste","7":"product_tag-70g-tomato-paste","8":"desktop-align-left","9":"tablet-align-left","10":"mobile-align-left","12":"first","13":"instock","14":"sale","15":"shipping-taxable","16":"purchasable","17":"product-type-simple"},"acf":[],"_links":{"self":[{"href":"https:\/\/taichytomato.com\/vi\/wp-json\/wp\/v2\/product\/894","targetHints":{"allow":["GET"]}}],"collection":[{"href":"https:\/\/taichytomato.com\/vi\/wp-json\/wp\/v2\/product"}],"about":[{"href":"https:\/\/taichytomato.com\/vi\/wp-json\/wp\/v2\/types\/product"}],"version-history":[{"count":0,"href":"https:\/\/taichytomato.com\/vi\/wp-json\/wp\/v2\/product\/894\/revisions"}],"wp:featuredmedia":[{"embeddable":true,"href":"https:\/\/taichytomato.com\/vi\/wp-json\/wp\/v2\/media\/3267"}],"wp:attachment":[{"href":"https:\/\/taichytomato.com\/vi\/wp-json\/wp\/v2\/media?parent=894"}],"wp:term":[{"taxonomy":"product_brand","embeddable":true,"href":"https:\/\/taichytomato.com\/vi\/wp-json\/wp\/v2\/product_brand?post=894"},{"taxonomy":"product_cat","embeddable":true,"href":"https:\/\/taichytomato.com\/vi\/wp-json\/wp\/v2\/product_cat?post=894"},{"taxonomy":"product_tag","embeddable":true,"href":"https:\/\/taichytomato.com\/vi\/wp-json\/wp\/v2\/product_tag?post=894"}],"curies":[{"name":"wp","href":"https:\/\/api.w.org\/{rel}","templated":true}]}}