{"id":757,"date":"2025-05-12T18:45:40","date_gmt":"2025-05-13T02:45:40","guid":{"rendered":"https:\/\/taichytomato.com\/?post_type=product&#038;p=757"},"modified":"2026-03-24T23:29:40","modified_gmt":"2026-03-25T07:29:40","slug":"30-32-drum-tomato-paste","status":"publish","type":"product","link":"https:\/\/taichytomato.com\/vi\/san-pham\/30-32-drum-tomato-paste\/","title":{"rendered":"T\u1eadp trung C\u00e0 Chua Cao C\u1ea5p \u2013 H\u1ed9p M\u1eadt Ong C\u00e0 Chua BRIX 30-32%"},"content":{"rendered":"<h2><strong><b>30<\/b><\/strong><strong><b>%-3<\/b><\/strong><strong><b>2<\/b><\/strong><strong><b>M\u1eadt ong c\u00e0 chua n\u00f3ng ph\u00e1 % Brix\uff08H<\/b><\/strong><strong><b>B<\/b><\/strong><strong><b>\uff09 220L<\/b><\/strong><\/h2>\n<h2><strong>1. S\u1ee9c m\u1ea1nh c\u1ee7a nh\u00e0 s\u1ea3n xu\u1ea5t &amp; Cam k\u1ebft ch\u1ea5t l\u01b0\u1ee3ng<\/strong><\/h2>\n<p data-start=\"229\" data-end=\"498\">L\u00e0 m\u1ed9t <strong data-start=\"235\" data-end=\"308\">nh\u00e0 m\u00e1y s\u1ea3n xu\u1ea5t d\u1ea7u c\u00f4 \u0111\u1eb7c c\u00e0 chua th\u00f9ng \u0111\u1ea1t ch\u1ee9ng nh\u1eadn HACCP, ISO22000 v\u00e0 HALAL<\/strong>, ch\u00fang t\u00f4i cam k\u1ebft cung c\u1ea5p d\u1ea7u c\u00f4 \u0111\u1eb7c c\u00e0 chua ch\u1ea5t l\u01b0\u1ee3ng cao cho c\u00e1c c\u00f4ng ty ch\u1ebf bi\u1ebfn th\u1ef1c ph\u1ea9m to\u00e0n c\u1ea7u.<br data-start=\"409\" data-end=\"412\" \/><strong data-start=\"412\" data-end=\"498\">Ch\u1ea5t l\u01b0\u1ee3ng l\u00e0 n\u1ec1n t\u1ea3ng c\u1ee7a h\u1ee3p t\u00e1c, v\u00e0 s\u1ef1 \u1ed5n \u0111\u1ecbnh l\u00e0 \u0111\u1ea3m b\u1ea3o c\u1ee7a s\u1ef1 tin t\u01b0\u1edfng.<\/strong><\/p>\n<h3 data-start=\"500\" data-end=\"529\"><strong data-start=\"506\" data-end=\"529\">\u0110\u1ed9 tinh khi\u1ebft c\u1ee7a nguy\u00ean li\u1ec7u<\/strong><\/h3>\n<p data-start=\"531\" data-end=\"812\">S\u1ea3n ph\u1ea9m c\u1ee7a ch\u00fang t\u00f4i <strong data-start=\"535\" data-end=\"583\">d\u1ea7u c\u00f4 \u0111\u1eb7c c\u00e0 chua 30-32% Brix trong th\u00f9ng th\u00e9p<\/strong> \u0111\u01b0\u1ee3c l\u00e0m t\u1eeb c\u00e0 chua t\u01b0\u01a1i, ch\u00edn, 100% thu ho\u1ea1ch t\u1eeb c\u00e1c trang tr\u1ea1i c\u1ee7a ch\u00fang t\u00f4i v\u00e0 \u0111\u1ed1i t\u00e1c.<br data-start=\"664\" data-end=\"667\" \/>T\u1ea5t c\u1ea3 nguy\u00ean li\u1ec7u \u0111\u1ec1u <strong data-start=\"689\" data-end=\"700\">KH\u00d4NG-GMO<\/strong>, v\u00e0 c\u00e0 chua \u0111\u01b0\u1ee3c x\u1eed l\u00fd trong v\u00f2ng 4 gi\u1edd sau thu ho\u1ea1ch \u0111\u1ec3 gi\u1eef g\u00ecn m\u00e0u s\u1eafc t\u1ef1 nhi\u00ean, h\u01b0\u01a1ng th\u01a1m v\u00e0 v\u1ecb ngon c\u1ee7a ch\u00fang.<\/p>\n<h3 data-start=\"814\" data-end=\"845\"><strong data-start=\"820\" data-end=\"845\">Ch\u1ee9ng nh\u1eadn to\u00e0n c\u1ea7u<\/strong><\/h3>\n<p data-start=\"847\" data-end=\"1111\">L\u00e0 m\u1ed9t nh\u00e0 s\u1ea3n xu\u1ea5t \u0111\u00e1ng tin c\u1eady <strong data-start=\"860\" data-end=\"909\">d\u1ea7u c\u00f4 \u0111\u1eb7c c\u00e0 chua th\u00f9ng 30-32% Brix<\/strong>, ch\u00fang t\u00f4i c\u00f3 c\u00e1c ch\u1ee9ng nh\u1eadn qu\u1ed1c t\u1ebf bao g\u1ed3m <strong data-start=\"958\" data-end=\"983\">HACCP, ISO, v\u00e0 HALAL<\/strong>, \u0111\u1ea3m b\u1ea3o r\u1eb1ng s\u1ea3n ph\u1ea9m c\u1ee7a ch\u00fang t\u00f4i \u0111\u00e1p \u1ee9ng c\u00e1c ti\u00eau chu\u1ea9n an to\u00e0n th\u1ef1c ph\u1ea9m nghi\u00eam ng\u1eb7t \u0111\u1ec3 xu\u1ea5t kh\u1ea9u sang ch\u00e2u \u00c2u, Trung \u0110\u00f4ng, ch\u00e2u Phi v\u00e0 M\u1ef9 Latinh.<\/p>\n<h3 data-start=\"1113\" data-end=\"1146\"><strong data-start=\"1119\" data-end=\"1146\">L\u1ee3i th\u1ebf cung c\u1ea5p tr\u1ef1c ti\u1ebfp<\/strong><\/h3>\n<p data-start=\"1148\" data-end=\"1348\">Th\u00f4ng qua <strong data-start=\"1160\" data-end=\"1183\">b\u00e1n h\u00e0ng tr\u1ef1c ti\u1ebfp t\u1eeb nh\u00e0 m\u00e1y<\/strong> m\u1eabu m\u00e3, ch\u00fang t\u00f4i lo\u1ea1i b\u1ecf trung gian v\u00e0 cung c\u1ea5p m\u1ee9c gi\u00e1 c\u1ea1nh tranh cao <strong data-start=\"1243\" data-end=\"1288\">gi\u00e1 b\u1ed9t c\u00e0 chua \u0111\u00f3ng h\u1ed9p 30-32% b\u00e1n bu\u00f4n<\/strong>, \u0111\u1ea3m b\u1ea3o c\u1ea3 ch\u1ea5t l\u01b0\u1ee3ng s\u1ea3n ph\u1ea9m v\u00e0 hi\u1ec7u qu\u1ea3 chu\u1ed7i cung \u1ee9ng.<\/p>\n<h2>2.\u00a0<strong>Th\u00f4ng s\u1ed1 k\u1ef9 thu\u1eadt s\u1ea3n ph\u1ea9m<\/strong><\/h2>\n<table style=\"height: 832px;\" width=\"1547\">\n<tbody>\n<tr>\n<td width=\"147\">Brix (ch\u1ea5t r\u1eafn)%<\/td>\n<td width=\"460\">30-32%<\/td>\n<\/tr>\n<tr>\n<td width=\"147\">Lo\u1ea1i<\/td>\n<td width=\"460\">Ph\u00e1 nhi\u1ec7t n\u00f3ng<\/td>\n<\/tr>\n<tr>\n<td width=\"147\">Lycopene (mg\/100g)<\/td>\n<td width=\"460\">&gt;50(30-32%)<\/td>\n<\/tr>\n<tr>\n<td width=\"147\">Ph\u01b0\u01a1ng ph\u00e1p n\u00e0y ph\u1ee9c t\u1ea1p h\u01a1n so v\u1edbi \u0111o Brix ho\u1eb7c<br \/>\n(t\u1ea1i brix12.5%cm\/30gi\u00e2y)<\/td>\n<td width=\"460\">7.0-9.0<\/td>\n<\/tr>\n<tr>\n<td width=\"147\">T\u1ed5ng Axit %<\/td>\n<td width=\"460\">&lt;8<\/td>\n<\/tr>\n<tr>\n<td width=\"147\">H.M.C.%<\/td>\n<td width=\"460\">&lt;45<\/td>\n<\/tr>\n<tr>\n<td width=\"147\">PH<\/td>\n<td width=\"460\">4.2\u00b10.2<\/td>\n<\/tr>\n<tr>\n<td width=\"147\">AB<\/td>\n<td width=\"460\">&gt;2.1<\/td>\n<\/tr>\n<tr>\n<td width=\"147\">Ch\u00ec(mg)<\/td>\n<td width=\"460\">&lt;200<\/td>\n<\/tr>\n<tr>\n<td width=\"147\">\u0110\u1ed3ng(mg)<\/td>\n<td width=\"460\">&lt;10<\/td>\n<\/tr>\n<tr>\n<td width=\"147\">Ch\u00ec(mg)<\/td>\n<td width=\"460\">&lt;1<\/td>\n<\/tr>\n<tr>\n<td width=\"147\">Asen(mg)<\/td>\n<td width=\"460\">&lt;0.5<\/td>\n<\/tr>\n<tr>\n<td width=\"147\">M\u00e0n h\u00ecnh<\/td>\n<td width=\"460\">0.6mm<\/td>\n<\/tr>\n<tr>\n<td width=\"147\"><\/td>\n<td width=\"460\"><\/td>\n<\/tr>\n<tr>\n<td width=\"147\"><\/td>\n<td width=\"460\"><\/td>\n<\/tr>\n<tr>\n<td width=\"147\"><\/td>\n<td width=\"460\"><\/td>\n<\/tr>\n<\/tbody>\n<\/table>\n<p>\u0110\u1ed1i v\u1edbi c\u00e1c gi\u1ea3i ph\u00e1p t\u00f9y ch\u1ec9nh ho\u1eb7c mua s\u1ed1 l\u01b0\u1ee3ng l\u1edbn,\u00a0<a href=\"https:\/\/taichytomato.com\/vi\/contact\/\">vui l\u00f2ng li\u00ean h\u1ec7 v\u1edbi \u0111\u1ed9i ng\u0169 b\u00e1n h\u00e0ng c\u1ee7a ch\u00fang t\u00f4i b\u1ea5t c\u1ee9 l\u00fac n\u00e0o.<\/a><\/p>\n<h2 data-start=\"2699\" data-end=\"2743\"><strong data-start=\"2702\" data-end=\"2743\">3. Bao b\u00ec, V\u1eadn chuy\u1ec3n &amp; \u1ee8ng d\u1ee5ng<\/strong><\/h2>\n<h3 data-start=\"2745\" data-end=\"2775\"><strong data-start=\"2752\" data-end=\"2775\">Bao b\u00ec &amp; T\u1ea3i h\u00e0ng<\/strong><\/h3>\n<ul data-start=\"2776\" data-end=\"3066\">\n<li data-start=\"2776\" data-end=\"2864\">\n<p data-start=\"2778\" data-end=\"2864\"><strong data-start=\"2778\" data-end=\"2801\">Bao b\u00ec ti\u00eau chu\u1ea9n:<\/strong> Th\u00f9ng ch\u1ee9a 220L m\u1eadt ong c\u00e0 chua 30-32% Brix (Tr\u1ecdng l\u01b0\u1ee3ng t\u1ecbnh: ~230kg\/th\u00f9ng)<\/p>\n<\/li>\n<li data-start=\"2865\" data-end=\"2935\">\n<p data-start=\"2867\" data-end=\"2935\"><strong data-start=\"2867\" data-end=\"2890\">Bao b\u00ec t\u00f9y ch\u1ecdn:<\/strong> B\u1ed3n ch\u1ee9a IBC 1000L ho\u1eb7c T\u00fai trong Th\u00f9ng<\/p>\n<\/li>\n<li data-start=\"2865\" data-end=\"2935\"><strong data-start=\"2938\" data-end=\"2960\">T\u1ea3i container:<\/strong> 4 th\u00f9ng tr\u00ean pallet; kho\u1ea3ng 80 th\u00f9ng tr\u00ean FCL 20\u2019\u2014l\u00fd t\u01b0\u1edfng cho <strong data-start=\"3020\" data-end=\"3037\">v\u1eadn chuy\u1ec3n s\u1ed1 l\u01b0\u1ee3ng l\u1edbn<\/strong> v\u00e0 v\u1eadn chuy\u1ec3n \u0111\u01b0\u1eddng d\u00e0i.<\/li>\n<\/ul>\n<figure id=\"attachment_3013\" aria-describedby=\"caption-attachment-3013\" style=\"width: 225px\" class=\"wp-caption alignleft\"><img fetchpriority=\"high\" decoding=\"async\" class=\"size-medium wp-image-3013\" src=\"https:\/\/taichytomato.com\/wp-content\/uploads\/2025\/07\/b3ba7277fb5ead084d98032eacc1580-225x300.jpg\" alt=\"M\u1eadt ong c\u00e0 chua th\u00f9ng\" width=\"225\" height=\"300\" srcset=\"https:\/\/taichytomato.com\/wp-content\/uploads\/2025\/07\/b3ba7277fb5ead084d98032eacc1580-225x300.jpg 225w, https:\/\/taichytomato.com\/wp-content\/uploads\/2025\/07\/b3ba7277fb5ead084d98032eacc1580-768x1024.jpg 768w, https:\/\/taichytomato.com\/wp-content\/uploads\/2025\/07\/b3ba7277fb5ead084d98032eacc1580-1152x1536.jpg 1152w, https:\/\/taichytomato.com\/wp-content\/uploads\/2025\/07\/b3ba7277fb5ead084d98032eacc1580-9x12.jpg 9w, https:\/\/taichytomato.com\/wp-content\/uploads\/2025\/07\/b3ba7277fb5ead084d98032eacc1580-600x800.jpg 600w, https:\/\/taichytomato.com\/wp-content\/uploads\/2025\/07\/b3ba7277fb5ead084d98032eacc1580.jpg 1279w\" sizes=\"(max-width: 225px) 100vw, 225px\" \/><figcaption id=\"caption-attachment-3013\" class=\"wp-caption-text\">M\u1eadt ong c\u00e0 chua th\u00f9ng<\/figcaption><\/figure>\n<figure id=\"attachment_2552\" aria-describedby=\"caption-attachment-2552\" style=\"width: 391px\" class=\"wp-caption alignleft\"><img decoding=\"async\" class=\"wp-image-2552\" src=\"https:\/\/taichytomato.com\/wp-content\/uploads\/2025\/09\/1000L_Drum_Tomato_Paste_TREn2R9j8-300x225.webp\" alt=\"Th\u00f9ng 1000L_M\u1eadt ong c\u00e0 chua\" width=\"391\" height=\"293\" srcset=\"https:\/\/taichytomato.com\/wp-content\/uploads\/2025\/09\/1000L_Drum_Tomato_Paste_TREn2R9j8-300x225.webp 300w, https:\/\/taichytomato.com\/wp-content\/uploads\/2025\/09\/1000L_Drum_Tomato_Paste_TREn2R9j8-1024x767.webp 1024w, https:\/\/taichytomato.com\/wp-content\/uploads\/2025\/09\/1000L_Drum_Tomato_Paste_TREn2R9j8-768x575.webp 768w, https:\/\/taichytomato.com\/wp-content\/uploads\/2025\/09\/1000L_Drum_Tomato_Paste_TREn2R9j8-600x450.webp 600w, https:\/\/taichytomato.com\/wp-content\/uploads\/2025\/09\/1000L_Drum_Tomato_Paste_TREn2R9j8.webp 1300w\" sizes=\"(max-width: 391px) 100vw, 391px\" \/><figcaption id=\"caption-attachment-2552\" class=\"wp-caption-text\">Th\u00f9ng 1000L_M\u1eadt ong c\u00e0 chua<\/figcaption><\/figure>\n<p>&nbsp;<\/p>\n<div class=\"mceTemp\"><\/div>\n<h3 data-start=\"3068\" data-end=\"3088\"><strong data-start=\"3075\" data-end=\"3088\">V\u1eadn chuy\u1ec3n<\/strong><\/h3>\n<p data-start=\"3090\" data-end=\"3283\">Ch\u00fang t\u00f4i cung c\u1ea5p c\u00e1c t\u00f9y ch\u1ecdn xu\u1ea5t kh\u1ea9u \u0111a c\u1ea3ng t\u1eeb c\u00e1c c\u1ea3ng l\u1edbn c\u1ee7a Trung Qu\u1ed1c nh\u01b0 <strong data-start=\"3160\" data-end=\"3194\">Tianjin, Qingdao, v\u00e0 Th\u01b0\u1ee3ng H\u1ea3i<\/strong>, v\u00e0 cung c\u1ea5p c\u00e1c ph\u01b0\u01a1ng \u00e1n v\u1eadn chuy\u1ec3n linh ho\u1ea1t d\u1ef1a tr\u00ean \u0111i\u1ec1u ki\u1ec7n th\u01b0\u01a1ng m\u1ea1i c\u1ee7a b\u1ea1n (<strong data-start=\"3264\" data-end=\"3281\">FOB, CFR, CIF<\/strong>).<\/p>\n<h3 data-start=\"3285\" data-end=\"3314\"><strong data-start=\"3292\" data-end=\"3314\">\u1ee8ng d\u1ee5ng l\u00fd t\u01b0\u1edfng<\/strong><\/h3>\n<p data-start=\"3316\" data-end=\"3408\">S\u1ea3n ph\u1ea9m c\u1ee7a ch\u00fang t\u00f4i <strong data-start=\"3320\" data-end=\"3347\">30-32 th\u00f9ng t\u01b0\u01a1ng c\u00e0<\/strong> l\u00e0 th\u00e0nh ph\u1ea7n c\u01a1 s\u1edf \u0111\u01b0\u1ee3c \u01b0a chu\u1ed9ng cho nhi\u1ec1u \u1ee9ng d\u1ee5ng th\u1ef1c ph\u1ea9m:<\/p>\n<ul data-start=\"3409\" data-end=\"3627\">\n<li data-start=\"3409\" data-end=\"3475\">\n<p data-start=\"3411\" data-end=\"3475\"><strong data-start=\"3411\" data-end=\"3432\">S\u1ea3n xu\u1ea5t s\u1ed1t:<\/strong> S\u1ed1t c\u00e0 chua, s\u1ed1t b\u00f2, s\u1ed1t \u1edbt<\/p>\n<\/li>\n<li data-start=\"3476\" data-end=\"3538\">\n<p data-start=\"3478\" data-end=\"3538\"><strong data-start=\"3478\" data-end=\"3495\">D\u1ecbch v\u1ee5 \u0103n u\u1ed1ng:<\/strong> S\u1ed1t m\u00ec \u1ed1ng, s\u1ed1t pizza, v\u00e0 gia v\u1ecb<\/p>\n<\/li>\n<li data-start=\"3539\" data-end=\"3627\">\n<p data-start=\"3541\" data-end=\"3627\"><strong data-start=\"3541\" data-end=\"3560\">S\u1eed d\u1ee5ng c\u00f4ng nghi\u1ec7p:<\/strong> S\u00fap \u0111\u00f3ng h\u1ed9p, b\u1eefa \u0103n nhanh, gia v\u1ecb pha ch\u1ebf, v\u00e0 \u01b0\u1edbp th\u1ecbt<\/p>\n<\/li>\n<\/ul>\n<hr data-start=\"3629\" data-end=\"3632\" \/>\n<h2 data-start=\"3634\" data-end=\"3672\"><strong data-start=\"3637\" data-end=\"3672\">4. T\u1ea1i sao h\u1ee3p t\u00e1c v\u1edbi nh\u00e0 m\u00e1y c\u1ee7a ch\u00fang t\u00f4i<\/strong><\/h2>\n<h3 data-start=\"3674\" data-end=\"3704\"><strong data-start=\"3678\" data-end=\"3704\">N\u0103ng l\u1ef1c cung c\u1ea5p \u1ed5n \u0111\u1ecbnh<\/strong><\/h3>\n<p data-start=\"3705\" data-end=\"3846\">Trang b\u1ecb d\u00e2y chuy\u1ec1n s\u1ea3n xu\u1ea5t t\u1ef1 \u0111\u1ed9ng hi\u1ec7n \u0111\u1ea1i v\u00e0 h\u1ec7 th\u1ed1ng \u0111\u00f3ng chai v\u00f4 tr\u00f9ng ti\u00ean ti\u1ebfn, c\u00f4ng su\u1ea5t s\u1ea3n xu\u1ea5t h\u00e0ng th\u00e1ng c\u1ee7a ch\u00fang t\u00f4i v\u01b0\u1ee3t qu\u00e1 <strong data-start=\"3831\" data-end=\"3845\">5.000 t\u1ea5n<\/strong>.<\/p>\n<h3 data-start=\"3848\" data-end=\"3874\"><strong data-start=\"3852\" data-end=\"3874\">Ch\u1ea5t l\u01b0\u1ee3ng nh\u1ea5t qu\u00e1n<\/strong><\/h3>\n<p data-start=\"3875\" data-end=\"4026\">T\u1eeb vi\u1ec7c l\u1ef1a ch\u1ecdn nguy\u00ean li\u1ec7u th\u00f4 \u0111\u1ebfn \u0111\u00f3ng chai v\u00f4 tr\u00f9ng, m\u1ecdi b\u01b0\u1edbc \u0111\u1ec1u \u0111\u01b0\u1ee3c gi\u00e1m s\u00e1t k\u1ef9 thu\u1eadt s\u1ed1 \u0111\u1ec3 \u0111\u1ea3m b\u1ea3o m\u1ed7i l\u00f4 c\u00f3 m\u00e0u s\u1eafc, n\u1ed3ng \u0111\u1ed9 v\u00e0 h\u01b0\u01a1ng v\u1ecb nh\u1ea5t qu\u00e1n.<\/p>\n<h3 data-start=\"4028\" data-end=\"4060\"><strong data-start=\"4032\" data-end=\"4060\">Kinh nghi\u1ec7m xu\u1ea5t kh\u1ea9u to\u00e0n c\u1ea7u<\/strong><\/h3>\n<p data-start=\"4061\" data-end=\"4251\">Ch\u00fang t\u00f4i c\u00f3 c\u00e1c m\u1ed1i quan h\u1ec7 h\u1ee3p t\u00e1c l\u00e2u d\u00e0i v\u1edbi kh\u00e1ch h\u00e0ng trong <strong data-start=\"4110\" data-end=\"4162\">Ch\u00e2u \u00c1, Ch\u00e2u Phi, Nam M\u1ef9 v\u00e0 Trung \u0110\u00f4ng<\/strong>, v\u00e0 ho\u00e0n to\u00e0n quen thu\u1ed9c v\u1edbi ti\u00eau chu\u1ea9n nh\u1eadp kh\u1ea9u \u0111\u1ecba ph\u01b0\u01a1ng, nh\u00e3n m\u00e1c v\u00e0 y\u00eau c\u1ea7u h\u1ea3i quan.<\/p>\n<h3 data-start=\"4253\" data-end=\"4281\"><strong data-start=\"4257\" data-end=\"4281\">H\u1ed7 tr\u1ee3 chuy\u00ean nghi\u1ec7p<\/strong><\/h3>\n<p data-start=\"4282\" data-end=\"4412\">Ch\u00fang t\u00f4i cung c\u1ea5p <strong data-start=\"4291\" data-end=\"4348\">ki\u1ec3m tra m\u1eabu, nh\u00e3n ri\u00eang, h\u1ee3p t\u00e1c OEM<\/strong>, cung c\u1ea5p gi\u1ea3i ph\u00e1p xu\u1ea5t kh\u1ea9u tr\u1ecdn g\u00f3i cho kh\u00e1ch h\u00e0ng tr\u00ean to\u00e0n th\u1ebf gi\u1edbi.<\/p>\n<hr data-start=\"4414\" data-end=\"4417\" \/>\n<h3 data-start=\"4419\" data-end=\"4538\"><strong data-start=\"4426\" data-end=\"4536\">Ch\u00fang t\u00f4i hoan ngh\u00eanh c\u00e1c nh\u00e0 s\u1ea3n xu\u1ea5t th\u1ef1c ph\u1ea9m to\u00e0n c\u1ea7u, th\u01b0\u01a1ng hi\u1ec7u v\u00e0 \u0111\u1ed1i t\u00e1c th\u01b0\u01a1ng m\u1ea1i x\u00e2y d\u1ef1ng h\u1ee3p t\u00e1c l\u00e2u d\u00e0i v\u1edbi ch\u00fang t\u00f4i.<\/strong><\/h3>\n<p data-start=\"4539\" data-end=\"4752\">b\u00e1o gi\u00e1 b\u00e1n bu\u00f4n ch\u00ednh x\u00e1c <strong data-start=\"4567\" data-end=\"4619\"><a href=\"https:\/\/taichytomato.com\/vi\/what-is-hot-break-tomato-paste-key-features-industrial-applications\/\">Ph\u00e1 nhi\u1ec7t n\u00f3ng<\/a>\u00a0 M\u1eadt ong c\u00e0 chua trong th\u00f9ng 30-32% Brix<\/strong>,<br data-start=\"4620\" data-end=\"4623\" \/>ch\u00fang t\u00f4i s\u1eb5n s\u00e0ng cung c\u1ea5p <strong data-start=\"4647\" data-end=\"4721\">ch\u1ea5t l\u01b0\u1ee3ng \u0111\u00e1ng tin c\u1eady, gi\u00e1 c\u1ea3 c\u1ea1nh tranh v\u00e0 d\u1ecbch v\u1ee5 xu\u1ea5t kh\u1ea9u chuy\u00ean nghi\u1ec7p<\/strong> \u0111\u00e1p \u1ee9ng nhu c\u1ea7u s\u1ea3n xu\u1ea5t c\u1ee7a b\u1ea1n.<\/p>\n<p><span style=\"color: #000000;\"><strong style=\"font-size: 27.2px;\">5.C\u00e2u h\u1ecfi th\u01b0\u1eddng g\u1eb7p<\/strong><\/span><\/p>\n<p><strong>H: B\u1ea1n c\u00f3 cung c\u1ea5p m\u1eabu kh\u00f4ng? C\u00f3 mi\u1ec5n ph\u00ed kh\u00f4ng?\u00a0<\/strong><\/p>\n<p>\u0110: Ch\u00fang t\u00f4i c\u00f3 th\u1ec3 cung c\u1ea5p m\u1eabu mi\u1ec5n ph\u00ed, nh\u01b0ng b\u1ea1n c\u1ea7n tr\u1ea3 ph\u00ed v\u1eadn chuy\u1ec3n. n\u1ebfu b\u1ea1n mu\u1ed1n vui l\u00f2ng nh\u1ea5n\u00a0<a href=\"https:\/\/taichytomato.com\/vi\/contact\/\">t\u1ea1i \u0111\u00e2y\u00a0<\/a><\/p>\n<p><strong>H: B\u1ea1n c\u00f3 ch\u1ee9ng ch\u1ec9 n\u00e0o?\u00a0<\/strong><\/p>\n<p>\u0110: Ch\u00fang t\u00f4i c\u00f3 ch\u1ee9ng nh\u1eadn HACCP, ISO, BRC, HALAL.<\/p>\n<p><strong>H: D\u1ecbch v\u1ee5 v\u1eadn chuy\u1ec3n c\u1ee7a b\u1ea1n l\u00e0 g\u00ec?\u00a0<\/strong><\/p>\n<p>\u0110: Ch\u00fang t\u00f4i c\u00f3 th\u1ec3 cung c\u1ea5p d\u1ecbch v\u1ee5 \u0111\u1eb7t t\u00e0u, h\u1ee3p nh\u1ea5t h\u00e0ng h\u00f3a, khai b\u00e1o h\u1ea3i quan, chu\u1ea9n b\u1ecb ch\u1ee9ng t\u1eeb v\u1eadn chuy\u1ec3n v\u00e0 giao h\u00e0ng s\u1ed1 l\u01b0\u1ee3ng l\u1edbn t\u1ea1i c\u1ea3ng.<\/p>\n<p><strong>H: MOQ c\u1ee7a b\u1ea1n l\u00e0 g\u00ec?\u00a0<\/strong><\/p>\n<p>\u0110: MOQ c\u1ee7a ch\u00fang t\u00f4i th\u01b0\u1eddng l\u00e0 m\u1ed9t container, nh\u01b0ng ch\u00fang t\u00f4i c\u0169ng c\u00f3 th\u1ec3 gi\u00fap LCL n\u1ebfu b\u1ea1n c\u1ea7n.<\/p>\n<p><strong>H: Mu\u1ed1n t\u00ecm hi\u1ec3u th\u00eam v\u1ec1 mua h\u00e0ng<\/strong><\/p>\n<p>\u0110: vui l\u00f2ng xem c\u00e1i n\u00e0y<a href=\"https:\/\/taichytomato.com\/vi\/buyers-guide-for-drum-tomato-paste\/\">\u00a0h\u01b0\u1edbng d\u1eabn mua h\u1ed9p c\u00e0 chua\u00a0<\/a><\/p>","protected":false},"excerpt":{"rendered":"<p>M\u1eadt ong c\u00e0 chua n\u00f3ng ph\u00e1 30\u201332% Brix ($650 \u0111\u1ebfn $850 USD m\u1ed7i t\u1ea5n) \u0111\u01b0\u1ee3c l\u00e0m t\u1eeb c\u00e0 chua ch\u00edn, t\u01b0\u01a1i, \u0111\u01b0\u1ee3c x\u1eed l\u00fd d\u01b0\u1edbi \u0111i\u1ec1u ki\u1ec7n ki\u1ec3m so\u00e1t \u0111\u1ec3 gi\u1eef m\u00e0u \u0111\u1ecf t\u01b0\u01a1i v\u00e0 h\u01b0\u01a1ng v\u1ecb t\u1ef1 nhi\u00ean c\u1ee7a c\u00e0 chua. Qu\u00e1 tr\u00ecnh n\u00f3ng ph\u00e1 gi\u00fap gi\u1eef l\u1ea1i nhi\u1ec1u pectin t\u1ef1 nhi\u00ean h\u01a1n v\u00e0 c\u00f3 \u0111\u1ed9 \u0111\u1eb7c s\u1ec7t d\u00e0y h\u01a1n, ph\u00f9 h\u1ee3p cho s\u1ed1t ketchup, s\u1ed1t v\u00e0 c\u00e1c \u1ee9ng d\u1ee5ng kh\u00e1c \u0111\u00f2i h\u1ecfi k\u1ebft c\u1ea5u v\u00e0 h\u01b0\u01a1ng v\u1ecb \u0111\u1eadm \u0111\u00e0.<\/p>","protected":false},"featured_media":3346,"template":"","meta":{"_acf_changed":false,"_seopress_robots_primary_cat":"none","_seopress_titles_title":"30-32% Hot Break Tomato Paste in 220L Drum | Quotes","_seopress_titles_desc":"Reliable  30\u201332% drum tomato paste in 220L drums. $650 to $850 USD per metric ton, fast quotes, ,stable quality, and export-ready packaging \u3002","_seopress_robots_index":"","site-sidebar-layout":"default","site-content-layout":"","ast-site-content-layout":"default","site-content-style":"default","site-sidebar-style":"default","ast-global-header-display":"","ast-banner-title-visibility":"","ast-main-header-display":"","ast-hfb-above-header-display":"","ast-hfb-below-header-display":"","ast-hfb-mobile-header-display":"","site-post-title":"","ast-breadcrumbs-content":"","ast-featured-img":"","footer-sml-layout":"","ast-disable-related-posts":"","theme-transparent-header-meta":"default","adv-header-id-meta":"","stick-header-meta":"","header-above-stick-meta":"","header-main-stick-meta":"","header-below-stick-meta":"","astra-migrate-meta-layouts":"set","ast-page-background-enabled":"default","ast-page-background-meta":{"desktop":{"background-color":"var(--ast-global-color-5)","background-image":"","background-repeat":"repeat","background-position":"center center","background-size":"auto","background-attachment":"scroll","background-type":"","background-media":"","overlay-type":"","overlay-color":"","overlay-opacity":"","overlay-gradient":""},"tablet":{"background-color":"","background-image":"","background-repeat":"repeat","background-position":"center center","background-size":"auto","background-attachment":"scroll","background-type":"","background-media":"","overlay-type":"","overlay-color":"","overlay-opacity":"","overlay-gradient":""},"mobile":{"background-color":"","background-image":"","background-repeat":"repeat","background-position":"center center","background-size":"auto","background-attachment":"scroll","background-type":"","background-media":"","overlay-type":"","overlay-color":"","overlay-opacity":"","overlay-gradient":""}},"ast-content-background-meta":{"desktop":{"background-color":"var(--ast-global-color-4)","background-image":"","background-repeat":"repeat","background-position":"center center","background-size":"auto","background-attachment":"scroll","background-type":"","background-media":"","overlay-type":"","overlay-color":"","overlay-opacity":"","overlay-gradient":""},"tablet":{"background-color":"var(--ast-global-color-4)","background-image":"","background-repeat":"repeat","background-position":"center center","background-size":"auto","background-attachment":"scroll","background-type":"","background-media":"","overlay-type":"","overlay-color":"","overlay-opacity":"","overlay-gradient":""},"mobile":{"background-color":"var(--ast-global-color-4)","background-image":"","background-repeat":"repeat","background-position":"center center","background-size":"auto","background-attachment":"scroll","background-type":"","background-media":"","overlay-type":"","overlay-color":"","overlay-opacity":"","overlay-gradient":""}}},"product_brand":[],"product_cat":[28],"product_tag":[186,46,44],"class_list":{"0":"post-757","1":"product","2":"type-product","3":"status-publish","4":"has-post-thumbnail","6":"product_cat-drum-tomato-paste","7":"product_tag-30-32-tomato-paste-cb","8":"product_tag-drum-tomato-paste","9":"product_tag-tomato-paste","10":"desktop-align-left","11":"tablet-align-left","12":"mobile-align-left","14":"first","15":"instock","16":"sale","17":"shipping-taxable","18":"purchasable","19":"product-type-simple"},"acf":[],"_links":{"self":[{"href":"https:\/\/taichytomato.com\/vi\/wp-json\/wp\/v2\/product\/757","targetHints":{"allow":["GET"]}}],"collection":[{"href":"https:\/\/taichytomato.com\/vi\/wp-json\/wp\/v2\/product"}],"about":[{"href":"https:\/\/taichytomato.com\/vi\/wp-json\/wp\/v2\/types\/product"}],"version-history":[{"count":1,"href":"https:\/\/taichytomato.com\/vi\/wp-json\/wp\/v2\/product\/757\/revisions"}],"predecessor-version":[{"id":3407,"href":"https:\/\/taichytomato.com\/vi\/wp-json\/wp\/v2\/product\/757\/revisions\/3407"}],"wp:featuredmedia":[{"embeddable":true,"href":"https:\/\/taichytomato.com\/vi\/wp-json\/wp\/v2\/media\/3346"}],"wp:attachment":[{"href":"https:\/\/taichytomato.com\/vi\/wp-json\/wp\/v2\/media?parent=757"}],"wp:term":[{"taxonomy":"product_brand","embeddable":true,"href":"https:\/\/taichytomato.com\/vi\/wp-json\/wp\/v2\/product_brand?post=757"},{"taxonomy":"product_cat","embeddable":true,"href":"https:\/\/taichytomato.com\/vi\/wp-json\/wp\/v2\/product_cat?post=757"},{"taxonomy":"product_tag","embeddable":true,"href":"https:\/\/taichytomato.com\/vi\/wp-json\/wp\/v2\/product_tag?post=757"}],"curies":[{"name":"wp","href":"https:\/\/api.w.org\/{rel}","templated":true}]}}