{"id":3259,"date":"2026-01-07T22:30:45","date_gmt":"2026-01-08T06:30:45","guid":{"rendered":"https:\/\/taichytomato.com\/?post_type=product&#038;p=3259"},"modified":"2026-01-07T22:33:42","modified_gmt":"2026-01-08T06:33:42","slug":"106g-stand-sachet","status":"publish","type":"product","link":"https:\/\/taichytomato.com\/vi\/san-pham\/106g-stand-sachet\/","title":{"rendered":"106g T\u00fai \u0110\u1ee9ng"},"content":{"rendered":"<h2 data-start=\"173\" data-end=\"228\">T\u1ed5ng quan v\u1ec1 s\u1ea3n ph\u1ea9m \u2014 T\u00fai \u0110\u1ee9ng 106g (Ngu\u1ed3n Cung C\u1ea5p T\u1eeb Nh\u00e0 M\u00e1y)<\/h2>\n<p data-start=\"230\" data-end=\"536\">S\u1ea3n ph\u1ea9m c\u1ee7a ch\u00fang t\u00f4i <strong data-start=\"234\" data-end=\"255\">T\u00fai \u0111\u1ee9ng 106g<\/strong> \u0111\u01b0\u1ee3c thi\u1ebft k\u1ebf cho <strong data-start=\"272\" data-end=\"315\">th\u1ecb tr\u01b0\u1eddng b\u00e1n l\u1ebb, d\u1ecbch v\u1ee5 th\u1ef1c ph\u1ea9m v\u00e0 xu\u1ea5t kh\u1ea9u<\/strong>, cung c\u1ea5p kh\u1ea9u ph\u1ea7n ho\u00e0n h\u1ea3o cho n\u01b0\u1edbc s\u1ed1t, gia v\u1ecb ho\u1eb7c nguy\u00ean li\u1ec7u s\u1eb5n s\u00e0ng s\u1eed d\u1ee5ng. \u0110\u1ecbnh d\u1ea1ng n\u00e0y c\u00e2n b\u1eb1ng <strong data-start=\"426\" data-end=\"478\">s\u1ef1 ti\u1ec7n l\u1ee3i, kh\u1ea3 n\u0103ng hi\u1ec3n th\u1ecb tr\u00ean k\u1ec7 v\u00e0 hi\u1ec7u qu\u1ea3 chi ph\u00ed<\/strong>, l\u00e0m cho n\u00f3 l\u00fd t\u01b0\u1edfng cho c\u1ea3 ng\u01b0\u1eddi ti\u00eau d\u00f9ng cu\u1ed1i v\u00e0 nh\u00e0 ph\u00e2n ph\u1ed1i.<\/p>\n<p data-start=\"538\" data-end=\"794\">\u0110\u01b0\u1ee3c s\u1ea3n xu\u1ea5t tr\u1ef1c ti\u1ebfp t\u1eeb <strong data-start=\"565\" data-end=\"588\">Nh\u00e0 m\u00e1y t\u1ea1i Trung Qu\u1ed1c<\/strong>, t\u00fai \u0111\u1ee9ng 106g c\u1ee7a ch\u00fang t\u00f4i \u0111\u1ea3m b\u1ea3o <strong data-start=\"620\" data-end=\"681\">ch\u1ea5t l\u01b0\u1ee3ng \u1ed5n \u0111\u1ecbnh, an to\u00e0n th\u1ef1c ph\u1ea9m v\u00e0 t\u00f9y ch\u1ecdn t\u00f9y ch\u1ec9nh<\/strong>, ph\u1ee5c v\u1ee5 kh\u00e1ch h\u00e0ng t\u00ecm ki\u1ebfm <strong data-start=\"716\" data-end=\"747\">nh\u00e0 cung c\u1ea5p t\u00fai \u0111\u1ee9ng 106g<\/strong>, <strong data-start=\"749\" data-end=\"766\">nh\u00e0 s\u1ea3n xu\u1ea5t<\/strong>, ho\u1eb7c <strong data-start=\"771\" data-end=\"793\">mua s\u1ec9<\/strong>.<\/p>\n<hr data-start=\"796\" data-end=\"799\" \/>\n<h3 data-start=\"801\" data-end=\"842\">Th\u00f4ng s\u1ed1 k\u1ef9 thu\u1eadt s\u1ea3n ph\u1ea9m &amp; C\u00e1c t\u00ednh n\u0103ng ch\u00ednh<\/h3>\n<div class=\"TyagGW_tableContainer\">\n<div class=\"group TyagGW_tableWrapper flex w-fit flex-col-reverse\" tabindex=\"-1\">\n<table class=\"w-fit min-w-(--thread-content-width)\" data-start=\"844\" data-end=\"1373\">\n<thead data-start=\"844\" data-end=\"868\">\n<tr data-start=\"844\" data-end=\"868\">\n<th data-start=\"844\" data-end=\"851\" data-col-size=\"sm\">M\u1ee5c<\/th>\n<th data-start=\"851\" data-end=\"868\" data-col-size=\"md\">Th\u00f4ng s\u1ed1 k\u1ef9 thu\u1eadt<\/th>\n<\/tr>\n<\/thead>\n<tbody data-start=\"879\" data-end=\"1373\">\n<tr data-start=\"879\" data-end=\"919\">\n<td data-start=\"879\" data-end=\"898\" data-col-size=\"sm\"><strong data-start=\"881\" data-end=\"897\">T\u00ean s\u1ea3n ph\u1ea9m<\/strong><\/td>\n<td data-col-size=\"md\" data-start=\"898\" data-end=\"919\">106g T\u00fai \u0110\u1ee9ng<\/td>\n<\/tr>\n<tr data-start=\"920\" data-end=\"945\">\n<td data-start=\"920\" data-end=\"937\" data-col-size=\"sm\"><strong data-start=\"922\" data-end=\"936\">Tr\u1ecdng l\u01b0\u1ee3ng t\u1ecbnh<\/strong><\/td>\n<td data-col-size=\"md\" data-start=\"937\" data-end=\"945\">106g<\/td>\n<\/tr>\n<tr data-start=\"946\" data-end=\"994\">\n<td data-start=\"946\" data-end=\"967\" data-col-size=\"sm\"><strong data-start=\"948\" data-end=\"966\">Lo\u1ea1i \u0111\u00f3ng g\u00f3i<\/strong><\/td>\n<td data-col-size=\"md\" data-start=\"967\" data-end=\"994\">T\u00fai \u0111\u1ee9ng \/ t\u00fai nh\u1ecf<\/td>\n<\/tr>\n<tr data-start=\"995\" data-end=\"1058\">\n<td data-start=\"995\" data-end=\"1024\" data-col-size=\"sm\"><strong data-start=\"997\" data-end=\"1023\">T\u00f9y ch\u1ecdn \u0111\u1ed9 ng\u1ecdt \/ h\u00e0m l\u01b0\u1ee3ng<\/strong><\/td>\n<td data-col-size=\"md\" data-start=\"1024\" data-end=\"1058\">18\u201320%, 22\u201324%, 26\u201328%, 28\u201330%<\/td>\n<\/tr>\n<tr data-start=\"1059\" data-end=\"1110\">\n<td data-start=\"1059\" data-end=\"1080\" data-col-size=\"sm\"><strong data-start=\"1061\" data-end=\"1079\">H\u01b0\u01a1ng v\u1ecb \/ M\u00f9i v\u1ecb<\/strong><\/td>\n<td data-col-size=\"md\" data-start=\"1080\" data-end=\"1110\">Ng\u1ecdt, chua ho\u1eb7c t\u00f9y ch\u1ec9nh<\/td>\n<\/tr>\n<tr data-start=\"1111\" data-end=\"1149\">\n<td data-start=\"1111\" data-end=\"1123\" data-col-size=\"sm\"><strong data-start=\"1113\" data-end=\"1122\">M\u00e0u S\u1eafc<\/strong><\/td>\n<td data-col-size=\"md\" data-start=\"1123\" data-end=\"1149\">\u0110\u1ecf t\u01b0\u01a1i \u0111\u1ebfn \u0111\u1ecf \u0111\u1eadm<\/td>\n<\/tr>\n<tr data-start=\"1150\" data-end=\"1201\">\n<td data-start=\"1150\" data-end=\"1167\" data-col-size=\"sm\"><strong data-start=\"1152\" data-end=\"1166\">Th\u1eddi h\u1ea1n s\u1eed d\u1ee5ng<\/strong><\/td>\n<td data-col-size=\"md\" data-start=\"1167\" data-end=\"1201\">24 th\u00e1ng trong \u0111i\u1ec1u ki\u1ec7n b\u1ea3o qu\u1ea3n th\u00edch h\u1ee3p<\/td>\n<\/tr>\n<tr data-start=\"1202\" data-end=\"1261\">\n<td data-start=\"1202\" data-end=\"1216\" data-col-size=\"sm\"><strong data-start=\"1204\" data-end=\"1215\">B\u1ea3o qu\u1ea3n<\/strong><\/td>\n<td data-col-size=\"md\" data-start=\"1216\" data-end=\"1261\">Kho kh\u00f4, trong nh\u00e0, tr\u00e1nh \u00e1nh s\u00e1ng m\u1eb7t tr\u1eddi<\/td>\n<\/tr>\n<tr data-start=\"1262\" data-end=\"1314\">\n<td data-start=\"1262\" data-end=\"1279\" data-col-size=\"sm\"><strong data-start=\"1264\" data-end=\"1278\">T\u00ean Th\u01b0\u01a1ng Hi\u1ec7u<\/strong><\/td>\n<td data-col-size=\"md\" data-start=\"1279\" data-end=\"1314\">C\u00f3 th\u1ec3 \u0111\u1eb7t OEM \/ t\u00f9y ch\u1ec9nh th\u01b0\u01a1ng hi\u1ec7u<\/td>\n<\/tr>\n<tr data-start=\"1315\" data-end=\"1373\">\n<td data-start=\"1315\" data-end=\"1336\" data-col-size=\"sm\"><strong data-start=\"1317\" data-end=\"1335\">Ch\u1ee9ng nh\u1eadn<\/strong><\/td>\n<td data-col-size=\"md\" data-start=\"1336\" data-end=\"1373\">ISO, HACCP, FDA, Halal (t\u00f9y ch\u1ecdn)<\/td>\n<\/tr>\n<\/tbody>\n<\/table>\n<\/div>\n<\/div>\n<p data-start=\"1375\" data-end=\"1401\"><strong data-start=\"1375\" data-end=\"1400\">L\u1ee3i \u00edch cho ng\u01b0\u1eddi mua<\/strong>:<\/p>\n<ul data-start=\"1403\" data-end=\"1816\">\n<li data-start=\"1403\" data-end=\"1500\">\n<p data-start=\"1405\" data-end=\"1500\"><strong data-start=\"1405\" data-end=\"1432\">K\u00edch th\u01b0\u1edbc ph\u1ea7n ti\u1ec7n l\u1ee3i<\/strong> \u2013 106g m\u1ed7i g\u00f3i ph\u00f9 h\u1ee3p cho s\u1eed d\u1ee5ng gia \u0111\u00ecnh ho\u1eb7c d\u1ecbch v\u1ee5 \u0103n u\u1ed1ng nh\u1ecf.<\/p>\n<\/li>\n<li data-start=\"1501\" data-end=\"1581\">\n<p data-start=\"1503\" data-end=\"1581\"><strong data-start=\"1503\" data-end=\"1528\">Thi\u1ebft k\u1ebf T\u00fai \u0111\u1ee9ng<\/strong> \u2013 D\u1ec5 d\u00e0ng tr\u01b0ng b\u00e0y v\u00e0 l\u01b0u tr\u1eef trong m\u00f4i tr\u01b0\u1eddng b\u00e1n l\u1ebb.<\/p>\n<\/li>\n<li data-start=\"1582\" data-end=\"1659\">\n<p data-start=\"1584\" data-end=\"1659\"><strong data-start=\"1584\" data-end=\"1612\">V\u1eadn chuy\u1ec3n Ti\u1ebft ki\u1ec7m Chi ph\u00ed<\/strong> \u2013 T\u00fai \u0111\u1ee9ng ph\u1eb3ng gi\u1ea3m th\u1ec3 t\u00edch v\u1eadn chuy\u1ec3n.<\/p>\n<\/li>\n<li data-start=\"1660\" data-end=\"1739\">\n<p data-start=\"1662\" data-end=\"1739\"><strong data-start=\"1662\" data-end=\"1687\">Th\u01b0\u01a1ng hi\u1ec7u t\u00f9y ch\u1ec9nh<\/strong> \u2013 H\u1ed7 tr\u1ee3 logo, ng\u00f4n ng\u1eef v\u00e0 thi\u1ebft k\u1ebf bao b\u00ec.<\/p>\n<\/li>\n<li data-start=\"1740\" data-end=\"1816\">\n<p data-start=\"1742\" data-end=\"1816\"><strong data-start=\"1742\" data-end=\"1767\">An to\u00e0n Th\u1ef1c ph\u1ea9m &amp; Ch\u1ea5t l\u01b0\u1ee3ng<\/strong> \u2013 S\u1ea3n xu\u1ea5t theo quy tr\u00ecnh ki\u1ec3m so\u00e1t ch\u1ea5t l\u01b0\u1ee3ng nh\u00e0 m\u00e1y nghi\u00eam ng\u1eb7t.<\/p>\n<\/li>\n<\/ul>\n<hr data-start=\"1818\" data-end=\"1821\" \/>\n<h3 data-start=\"1823\" data-end=\"1852\">Cung c\u1ea5p B\u00e1n bu\u00f4n &amp; Nh\u00e0 m\u00e1y<\/h3>\n<p data-start=\"1854\" data-end=\"1996\">Ch\u00fang t\u00f4i cung c\u1ea5p <strong data-start=\"1865\" data-end=\"1891\">gi\u00e1 th\u00e0nh tr\u1ef1c ti\u1ebfp t\u1eeb nh\u00e0 m\u00e1y<\/strong> cho \u0111\u01a1n h\u00e0ng s\u1ed1 l\u01b0\u1ee3ng l\u1edbn, gi\u00fap c\u00e1c t\u00fai \u0111\u1ee9ng 106g c\u1ee7a ch\u00fang t\u00f4i c\u1ea1nh tranh tr\u00ean th\u1ecb tr\u01b0\u1eddng qu\u1ed1c t\u1ebf. Ng\u01b0\u1eddi mua c\u00f3 th\u1ec3 y\u00eau c\u1ea7u:<\/p>\n<ul data-start=\"1998\" data-end=\"2156\">\n<li data-start=\"1998\" data-end=\"2030\">\n<p data-start=\"2000\" data-end=\"2030\"><strong data-start=\"2000\" data-end=\"2028\">B\u00e1o gi\u00e1 t\u00fai \u0111\u1ee9ng 106g<\/strong><\/p>\n<\/li>\n<li data-start=\"2031\" data-end=\"2072\">\n<p data-start=\"2033\" data-end=\"2072\"><strong data-start=\"2033\" data-end=\"2070\">T\u00f9y ch\u1ec9nh OEM \/ nh\u00e3n ri\u00eang<\/strong><\/p>\n<\/li>\n<li data-start=\"2073\" data-end=\"2107\">\n<p data-start=\"2075\" data-end=\"2107\"><strong data-start=\"2075\" data-end=\"2105\">MOQ linh ho\u1ea1t v\u00e0 \u0111\u00f3ng g\u00f3i<\/strong><\/p>\n<\/li>\n<li data-start=\"2108\" data-end=\"2156\">\n<p data-start=\"2110\" data-end=\"2156\"><strong data-start=\"2110\" data-end=\"2156\">H\u1ed7 tr\u1ee3 cung \u1ee9ng to\u00e0n c\u1ea7u \u1ed5n \u0111\u1ecbnh v\u00e0 logistics<\/strong><\/p>\n<\/li>\n<\/ul>\n<p data-start=\"2158\" data-end=\"2282\">D\u00f9 b\u1ea1n l\u00e0 <strong data-start=\"2176\" data-end=\"2215\">\u0111\u1ea1i l\u00fd ph\u00e2n ph\u1ed1i, nh\u00e0 b\u00e1n l\u1ebb, hay kh\u00e1ch h\u00e0ng B2B<\/strong>, nh\u00e0 m\u00e1y c\u1ee7a ch\u00fang t\u00f4i \u0111\u1ea3m b\u1ea3o <strong data-start=\"2237\" data-end=\"2281\">ch\u1ea5t l\u01b0\u1ee3ng nh\u1ea5t qu\u00e1n v\u00e0 giao h\u00e0ng \u0111\u00e1ng tin c\u1eady<\/strong>.<\/p>\n<hr data-start=\"2284\" data-end=\"2287\" \/>\n<h3 data-start=\"2289\" data-end=\"2324\">\u1ee8ng d\u1ee5ng &amp; Ng\u00e0nh c\u00f4ng nghi\u1ec7p m\u1ee5c ti\u00eau<\/h3>\n<ul data-start=\"2326\" data-end=\"2667\">\n<li data-start=\"2326\" data-end=\"2383\">\n<p data-start=\"2328\" data-end=\"2383\"><strong data-start=\"2328\" data-end=\"2349\">N\u1ea5u \u0103n gia \u0111\u00ecnh<\/strong> \u2013 s\u1ed1t, pastes ho\u1eb7c gia v\u1ecb<\/p>\n<\/li>\n<li data-start=\"2384\" data-end=\"2451\">\n<p data-start=\"2386\" data-end=\"2451\"><strong data-start=\"2386\" data-end=\"2412\">D\u1ecbch v\u1ee5 \u0103n u\u1ed1ng &amp; ti\u1ec7c c\u01b0\u1edbi<\/strong> \u2013 ki\u1ec3m so\u00e1t kh\u1ea9u ph\u1ea7n cho c\u00e1c nh\u00e0 b\u1ebfp nh\u1ecf<\/p>\n<\/li>\n<li data-start=\"2452\" data-end=\"2519\">\n<p data-start=\"2454\" data-end=\"2519\"><strong data-start=\"2454\" data-end=\"2487\">K\u00eanh b\u00e1n l\u1ebb &amp; si\u00eau th\u1ecb<\/strong> \u2013 tr\u01b0ng b\u00e0y nh\u1ecf g\u1ecdn, h\u1ea5p d\u1eabn<\/p>\n<\/li>\n<li data-start=\"2520\" data-end=\"2590\">\n<p data-start=\"2522\" data-end=\"2590\"><strong data-start=\"2522\" data-end=\"2564\">C\u00e1c b\u1eefa \u0103n s\u1eb5n ho\u1eb7c b\u1ed9 ti\u1ec7n l\u1ee3i<\/strong> \u2013 kh\u1ea9u ph\u1ea7n d\u00f9ng m\u1ed9t l\u1ea7n<\/p>\n<\/li>\n<li data-start=\"2591\" data-end=\"2667\">\n<p data-start=\"2593\" data-end=\"2667\"><strong data-start=\"2593\" data-end=\"2617\">Th\u1ecb tr\u01b0\u1eddng B2B &amp; xu\u1ea5t kh\u1ea9u<\/strong> \u2013 Ch\u00e2u Phi, Trung \u0110\u00f4ng, \u0110\u00f4ng Nam \u00c1 v\u00e0 Ch\u00e2u \u00c2u<\/p>\n<\/li>\n<\/ul>\n<hr data-start=\"2669\" data-end=\"2672\" \/>\n<h3 data-start=\"2674\" data-end=\"2699\">C\u00e2u h\u1ecfi th\u01b0\u1eddng g\u1eb7p \u2014 C\u00e1c c\u00e2u h\u1ecfi ph\u1ed5 bi\u1ebfn<\/h3>\n<p data-start=\"2701\" data-end=\"2860\"><strong data-start=\"2701\" data-end=\"2754\">Q1: T\u00f4i c\u00f3 th\u1ec3 t\u00f9y ch\u1ec9nh thi\u1ebft k\u1ebf t\u00fai \u0111\u1ee9ng 106g kh\u00f4ng?<\/strong><br data-start=\"2754\" data-end=\"2757\" \/>A1: C\u00f3, ch\u00fang t\u00f4i cung c\u1ea5p d\u1ecbch v\u1ee5 <strong data-start=\"2780\" data-end=\"2812\">OEM \/ nh\u00e3n ri\u00eang<\/strong> v\u1edbi t\u00f9y ch\u1ec9nh logo, ng\u00f4n ng\u1eef v\u00e0 t\u00e1c ph\u1ea9m ngh\u1ec7 thu\u1eadt.<\/p>\n<p data-start=\"2862\" data-end=\"2997\"><strong data-start=\"2862\" data-end=\"2909\">Q2: M\u1ee9c MOQ cho t\u00fai \u0111\u1ee9ng 106g l\u00e0 bao nhi\u00eau?<\/strong><br data-start=\"2909\" data-end=\"2912\" \/>A2: M\u1ee9c MOQ linh ho\u1ea1t; \u0111\u01a1n h\u00e0ng s\u1ed1 l\u01b0\u1ee3ng l\u1edbn c\u00f3 th\u1ec3 \u0111\u01b0\u1ee3c v\u1eadn chuy\u1ec3n tr\u1ef1c ti\u1ebfp t\u1eeb <strong data-start=\"2985\" data-end=\"2996\">nh\u00e0 m\u00e1y c\u1ee7a ch\u00fang t\u00f4i<\/strong>.<\/p>\n<p data-start=\"2999\" data-end=\"3138\"><strong data-start=\"2999\" data-end=\"3039\">H3: B\u1ea1n c\u00f3 nh\u1eefng ch\u1ee9ng ch\u1ec9 n\u00e0o?<\/strong><br data-start=\"3039\" data-end=\"3042\" \/>H3: ISO, HACCP, FDA v\u00e0 ch\u1ee9ng nh\u1eadn Halal t\u00f9y ch\u1ecdn c\u00f3 s\u1eb5n \u0111\u1ec3 \u0111\u00e1p \u1ee9ng y\u00eau c\u1ea7u th\u1ecb tr\u01b0\u1eddng.<\/p>\n<p data-start=\"3140\" data-end=\"3270\"><strong data-start=\"3140\" data-end=\"3177\">H4: B\u1ea1n c\u00f3 th\u1ec3 cung c\u1ea5p gi\u00e1 s\u1ec9 kh\u00f4ng?<\/strong><br data-start=\"3177\" data-end=\"3180\" \/>H4: C\u00f3, ch\u00fang t\u00f4i cung c\u1ea5p <strong data-start=\"3200\" data-end=\"3248\">gi\u00e1 c\u1ea3 h\u1ee3p l\u00fd, chi ph\u00ed th\u1ea5p v\u00e0 b\u00e1o gi\u00e1 c\u1ea1nh tranh<\/strong> d\u00e0nh cho kh\u00e1ch h\u00e0ng b\u00e1n bu\u00f4n.<\/p>\n<p data-start=\"3272\" data-end=\"3429\"><strong data-start=\"3272\" data-end=\"3322\">H5: S\u1ea3n ph\u1ea9m n\u00e0y c\u00f3 ph\u00f9 h\u1ee3p \u0111\u1ec3 xu\u1ea5t kh\u1ea9u qu\u1ed1c t\u1ebf kh\u00f4ng?<\/strong><br data-start=\"3322\" data-end=\"3325\" \/>H5: Ch\u1eafc ch\u1eafn r\u1ed3i. G\u00f3i <strong data-start=\"3345\" data-end=\"3374\">t\u00fai \u0111\u1ee9ng 106g c\u1ee7a ch\u00fang t\u00f4i<\/strong> s\u1eb5n s\u00e0ng xu\u1ea5t kh\u1ea9u v\u00e0 tu\u00e2n th\u1ee7 c\u00e1c quy \u0111\u1ecbnh to\u00e0n c\u1ea7u.<\/p>\n<hr data-start=\"3431\" data-end=\"3434\" \/>\n<h3 data-start=\"3436\" data-end=\"3453\">H\u00e0nh \u0111\u1ed9ng k\u00eau g\u1ecdi<\/h3>\n<p data-start=\"3455\" data-end=\"3666\">N\u1ebfu b\u1ea1n \u0111ang t\u00ecm ki\u1ebfm \u0111\u1ec3 <strong data-start=\"3477\" data-end=\"3502\">mua t\u00fai \u0111\u1ee9ng 106g<\/strong> tr\u1ef1c ti\u1ebfp t\u1eeb <strong data-start=\"3519\" data-end=\"3539\">t\u1eeb nh\u00e0 m\u00e1y<\/strong> v\u1edbi <strong data-start=\"3545\" data-end=\"3602\">t\u00f9y ch\u1ecdn OEM, gi\u00e1 c\u1ea1nh tranh v\u00e0 giao h\u00e0ng to\u00e0n c\u1ea7u<\/strong>, li\u00ean h\u1ec7 v\u1edbi ch\u00fang t\u00f4i ngay h\u00f4m nay \u0111\u1ec3 <strong data-start=\"3625\" data-end=\"3665\">m\u1eabu th\u1eed, danh m\u1ee5c s\u1ea3n ph\u1ea9m v\u00e0 b\u00e1o gi\u00e1<\/strong>.<\/p>","protected":false},"excerpt":{"rendered":"<p>S\u1ea3n ph\u1ea9m c\u1ee7a ch\u00fang t\u00f4i <strong data-start=\"131\" data-end=\"152\">T\u00fai \u0111\u1ee9ng 106g<\/strong> l\u00e0 m\u1ed9t s\u1ea3n ph\u1ea9m ti\u1ec7n l\u1ee3i, <strong data-start=\"170\" data-end=\"203\">s\u1eb5n s\u00e0ng cho b\u00e1n l\u1ebb v\u00e0 d\u1ecbch v\u1ee5 th\u1ef1c ph\u1ea9m<\/strong> gi\u1ea3i ph\u00e1p \u0111\u00f3ng g\u00f3i. \u0110\u01b0\u1ee3c s\u1ea3n xu\u1ea5t t\u1ea1i <strong data-start=\"240\" data-end=\"257\">nh\u00e0 m\u00e1y \u1edf Trung Qu\u1ed1c<\/strong>, n\u00f3 cung c\u1ea5p <strong data-start=\"269\" data-end=\"339\">ch\u1ea5t l\u01b0\u1ee3ng \u1ed5n \u0111\u1ecbnh, x\u00e2y d\u1ef1ng th\u01b0\u01a1ng hi\u1ec7u t\u00f9y ch\u1ec9nh v\u00e0 gi\u00e1 c\u1ea3 c\u1ea1nh tranh<\/strong>. L\u00fd t\u01b0\u1edfng cho n\u01b0\u1edbc s\u1ed1t, gia v\u1ecb v\u00e0 nguy\u00ean li\u1ec7u s\u1eb5n s\u00e0ng s\u1eed d\u1ee5ng, ch\u00fang t\u00f4i cung c\u1ea5p <strong data-start=\"412\" data-end=\"454\">OEM, cung c\u1ea5p s\u1ec9 v\u00e0 b\u00e1o gi\u00e1 s\u1ed1 l\u01b0\u1ee3ng l\u1edbn<\/strong> cho ng\u01b0\u1eddi mua to\u00e0n c\u1ea7u \u0111ang t\u00ecm ki\u1ebfm <strong data-start=\"481\" data-end=\"536\">t\u00fai \u0111\u1ee9ng 106g ch\u1ea5t l\u01b0\u1ee3ng cao v\u1edbi chi ph\u00ed h\u1ee3p l\u00fd ho\u1eb7c th\u1ea5p<\/strong>.<\/p>","protected":false},"featured_media":3263,"template":"","meta":{"_acf_changed":false,"_seopress_robots_primary_cat":"none","_seopress_titles_title":"106g Stand Sachet Factory | Supplier & Wholesale OEM","_seopress_titles_desc":"Factory direct 106g stand sachets. OEM, wholesale supply, competitive quotes, and customizable packaging for international B2B buyers.","_seopress_robots_index":"","site-sidebar-layout":"default","site-content-layout":"","ast-site-content-layout":"default","site-content-style":"default","site-sidebar-style":"default","ast-global-header-display":"","ast-banner-title-visibility":"","ast-main-header-display":"","ast-hfb-above-header-display":"","ast-hfb-below-header-display":"","ast-hfb-mobile-header-display":"","site-post-title":"","ast-breadcrumbs-content":"","ast-featured-img":"","footer-sml-layout":"","ast-disable-related-posts":"","theme-transparent-header-meta":"default","adv-header-id-meta":"","stick-header-meta":"","header-above-stick-meta":"","header-main-stick-meta":"","header-below-stick-meta":"","astra-migrate-meta-layouts":"set","ast-page-background-enabled":"default","ast-page-background-meta":{"desktop":{"background-color":"var(--ast-global-color-5)","background-image":"","background-repeat":"repeat","background-position":"center center","background-size":"auto","background-attachment":"scroll","background-type":"","background-media":"","overlay-type":"","overlay-color":"","overlay-opacity":"","overlay-gradient":""},"tablet":{"background-color":"","background-image":"","background-repeat":"repeat","background-position":"center center","background-size":"auto","background-attachment":"scroll","background-type":"","background-media":"","overlay-type":"","overlay-color":"","overlay-opacity":"","overlay-gradient":""},"mobile":{"background-color":"","background-image":"","background-repeat":"repeat","background-position":"center center","background-size":"auto","background-attachment":"scroll","background-type":"","background-media":"","overlay-type":"","overlay-color":"","overlay-opacity":"","overlay-gradient":""}},"ast-content-background-meta":{"desktop":{"background-color":"var(--ast-global-color-4)","background-image":"","background-repeat":"repeat","background-position":"center center","background-size":"auto","background-attachment":"scroll","background-type":"","background-media":"","overlay-type":"","overlay-color":"","overlay-opacity":"","overlay-gradient":""},"tablet":{"background-color":"var(--ast-global-color-4)","background-image":"","background-repeat":"repeat","background-position":"center center","background-size":"auto","background-attachment":"scroll","background-type":"","background-media":"","overlay-type":"","overlay-color":"","overlay-opacity":"","overlay-gradient":""},"mobile":{"background-color":"var(--ast-global-color-4)","background-image":"","background-repeat":"repeat","background-position":"center center","background-size":"auto","background-attachment":"scroll","background-type":"","background-media":"","overlay-type":"","overlay-color":"","overlay-opacity":"","overlay-gradient":""}}},"product_brand":[],"product_cat":[97],"product_tag":[],"class_list":{"0":"post-3259","1":"product","2":"type-product","3":"status-publish","4":"has-post-thumbnail","6":"product_cat-tomato-paste-in-sachet","7":"desktop-align-left","8":"tablet-align-left","9":"mobile-align-left","11":"first","12":"instock","13":"shipping-taxable","14":"product-type-simple"},"acf":[],"_links":{"self":[{"href":"https:\/\/taichytomato.com\/vi\/wp-json\/wp\/v2\/product\/3259","targetHints":{"allow":["GET"]}}],"collection":[{"href":"https:\/\/taichytomato.com\/vi\/wp-json\/wp\/v2\/product"}],"about":[{"href":"https:\/\/taichytomato.com\/vi\/wp-json\/wp\/v2\/types\/product"}],"version-history":[{"count":0,"href":"https:\/\/taichytomato.com\/vi\/wp-json\/wp\/v2\/product\/3259\/revisions"}],"wp:featuredmedia":[{"embeddable":true,"href":"https:\/\/taichytomato.com\/vi\/wp-json\/wp\/v2\/media\/3263"}],"wp:attachment":[{"href":"https:\/\/taichytomato.com\/vi\/wp-json\/wp\/v2\/media?parent=3259"}],"wp:term":[{"taxonomy":"product_brand","embeddable":true,"href":"https:\/\/taichytomato.com\/vi\/wp-json\/wp\/v2\/product_brand?post=3259"},{"taxonomy":"product_cat","embeddable":true,"href":"https:\/\/taichytomato.com\/vi\/wp-json\/wp\/v2\/product_cat?post=3259"},{"taxonomy":"product_tag","embeddable":true,"href":"https:\/\/taichytomato.com\/vi\/wp-json\/wp\/v2\/product_tag?post=3259"}],"curies":[{"name":"wp","href":"https:\/\/api.w.org\/{rel}","templated":true}]}}