{"id":3254,"date":"2026-01-07T20:02:20","date_gmt":"2026-01-08T04:02:20","guid":{"rendered":"https:\/\/taichytomato.com\/?post_type=product&#038;p=3254"},"modified":"2026-02-24T01:34:42","modified_gmt":"2026-02-24T09:34:42","slug":"235kg-tomato-paste-manufacture","status":"publish","type":"product","link":"https:\/\/taichytomato.com\/vi\/san-pham\/235kg-tomato-paste-manufacture\/","title":{"rendered":"235kg M\u1eadt Ng\u00f4"},"content":{"rendered":"<h2>\u201cT\u1ea1i sao M\u1eadt ong c\u00e0 chua 235kg c\u1ee7a ch\u00fang t\u00f4i l\u00e0 L\u1ef1a ch\u1ecdn Ti\u1ebft Ki\u1ec7m Chi Ph\u00ed Nh\u1ea5t<\/h2>\n<p data-path-to-node=\"9,1\">Nhi\u1ec1u ng\u01b0\u1eddi mua lo l\u1eafng r\u1eb1ng \u201cgi\u00e1 r\u1ebb\u201d \u0111\u1ed3ng ngh\u0129a v\u1edbi \u201cch\u1ea5t l\u01b0\u1ee3ng th\u1ea5p.\u201d T\u1ea1i Taichy, ch\u00fang t\u00f4i \u0111\u1ea1t \u0111\u01b0\u1ee3c m\u1ee9c gi\u00e1 c\u1ea1nh tranh kh\u00f4ng ph\u1ea3i b\u1eb1ng c\u00e1ch gi\u1ea3m ti\u00eau chu\u1ea9n, m\u00e0 th\u00f4ng qua <b data-path-to-node=\"9,1\" data-index-in-node=\"153\">Xu\u1ea5t s\u1eafc v\u1eadn h\u00e0nh<\/b>:<\/p>\n<ul data-path-to-node=\"9,2\">\n<li>\n<p data-path-to-node=\"9,2,0,0\"><b data-path-to-node=\"9,2,0,0\" data-index-in-node=\"0\">S\u1ea3n xu\u1ea5t quy m\u00f4 l\u1edbn:<\/b> C\u00e1c d\u00e2y chuy\u1ec1n x\u1eed l\u00fd t\u1ef1 \u0111\u1ed9ng ho\u00e0n to\u00e0n c\u1ee7a ch\u00fang t\u00f4i ho\u1ea1t \u0111\u1ed9ng 24\/7 trong m\u00f9a thu ho\u1ea1ch, gi\u1ea3m \u0111\u00e1ng k\u1ec3 chi ph\u00ed lao \u0111\u1ed9ng v\u00e0 n\u0103ng l\u01b0\u1ee3ng tr\u00ean m\u1ed7i th\u00f9ng.<\/p>\n<\/li>\n<li>\n<p data-path-to-node=\"9,2,1,0\"><b data-path-to-node=\"9,2,1,0\" data-index-in-node=\"0\">T\u1ed1i \u01b0u h\u00f3a logistics:<\/b> N\u1eb1m g\u1ea7n c\u1ea3ng ch\u00ednh, ch\u00fang t\u00f4i gi\u1ea3m thi\u1ec3u chi ph\u00ed v\u1eadn chuy\u1ec3n n\u1ed9i \u0111\u1ecba v\u00e0 t\u1eadn d\u1ee5ng c\u00e1c m\u1ed1i quan h\u1ec7 h\u1ee3p t\u00e1c l\u00e2u d\u00e0i v\u1edbi c\u00e1c h\u00e3ng v\u1eadn t\u1ea3i \u0111\u1ec3 chuy\u1ec3n kho\u1ea3n ti\u1ebft ki\u1ec7m tr\u1ef1c ti\u1ebfp \u0111\u1ebfn b\u1ea1n.<\/p>\n<\/li>\n<\/ul>\n<figure id=\"attachment_2373\" aria-describedby=\"caption-attachment-2373\" style=\"width: 300px\" class=\"wp-caption aligncenter\"><img fetchpriority=\"high\" decoding=\"async\" class=\"size-medium wp-image-2373\" src=\"https:\/\/taichytomato.com\/wp-content\/uploads\/2025\/09\/IMG_20241027_102544-300x225.jpg\" alt=\"Th\u00f9ng 220L m\u1eadt ong c\u00e0 chua\" width=\"300\" height=\"225\" srcset=\"https:\/\/taichytomato.com\/wp-content\/uploads\/2025\/09\/IMG_20241027_102544-300x225.jpg 300w, https:\/\/taichytomato.com\/wp-content\/uploads\/2025\/09\/IMG_20241027_102544-1024x768.jpg 1024w, https:\/\/taichytomato.com\/wp-content\/uploads\/2025\/09\/IMG_20241027_102544-768x576.jpg 768w, https:\/\/taichytomato.com\/wp-content\/uploads\/2025\/09\/IMG_20241027_102544-1536x1152.jpg 1536w, https:\/\/taichytomato.com\/wp-content\/uploads\/2025\/09\/IMG_20241027_102544-2048x1536.jpg 2048w, https:\/\/taichytomato.com\/wp-content\/uploads\/2025\/09\/IMG_20241027_102544-600x450.jpg 600w\" sizes=\"(max-width: 300px) 100vw, 300px\" \/><figcaption id=\"caption-attachment-2373\" class=\"wp-caption-text\">Th\u00f9ng 220L m\u1eadt ong c\u00e0 chua<\/figcaption><\/figure>\n<h2>1.235kg Th\u00f4ng s\u1ed1 k\u1ef9 thu\u1eadt &amp; Gi\u00e1 tr\u1ecb c\u1ed1t l\u00f5i c\u1ee7a B\u1ed9t Nh\u1ea5t C\u00e0 Chua<\/h2>\n<p>&nbsp;<\/p>\n<h3>235kg B\u1ed9t Nh\u1ea5t C\u00e0 Chua \u2014 Cung c\u1ea5p th\u00f9ng c\u00f4ng nghi\u1ec7p t\u1eeb Trung Qu\u1ed1c<\/h3>\n<p>Ch\u00fang t\u00f4i l\u00e0 m\u1ed9t <strong>Nh\u00e0 s\u1ea3n xu\u1ea5t v\u00e0 nh\u00e0 m\u00e1y 235kg b\u1ed9t c\u00e0 chua<\/strong>, chuy\u00ean v\u1ec1 <strong>m\u1eadt ong c\u00f4 \u0111\u1eb7c ch\u1ea5t l\u01b0\u1ee3ng c\u00f4ng nghi\u1ec7p t\u1eeb c\u00e0 chua<\/strong> \u0111\u01b0\u1ee3c \u0111\u00f3ng g\u00f3i trong th\u00f9ng th\u00e9p ti\u00eau chu\u1ea9n. C\u1ee7a ch\u00fang t\u00f4i <strong>235kg m\u1eadt ng\u00f4<\/strong> \u0111\u01b0\u1ee3c s\u1eed d\u1ee5ng r\u1ed9ng r\u00e3i nh\u01b0 m\u1ed9t <strong>nguy\u00ean li\u1ec7u ch\u00ednh<\/strong> b\u1edfi c\u00e1c nh\u00e0 ch\u1ebf bi\u1ebfn th\u1ef1c ph\u1ea9m, nh\u00e0 s\u1ea3n xu\u1ea5t s\u1ed1t, v\u00e0 ch\u1ee7 th\u01b0\u01a1ng hi\u1ec7u tr\u00ean to\u00e0n th\u1ebf gi\u1edbi.<\/p>\n<p>Trong th\u01b0\u01a1ng m\u1ea1i qu\u1ed1c t\u1ebf, <strong>235kg m\u1eadt ng\u00f4<\/strong> \u0111\u1ec1 c\u1eadp \u0111\u1ebfn s\u1ed1t c\u00e0 chua \u0111\u00f3ng v\u00e0o <strong>th\u00f9ng v\u00f4 tr\u00f9ng 220 l\u00edt<\/strong>, v\u1edbi m\u1ed9t <strong>tr\u1ecdng l\u01b0\u1ee3ng t\u1ecbnh th\u01b0\u1eddng dao \u0111\u1ed9ng t\u1eeb 235kg \u0111\u1ebfn 245kg<\/strong>, t\u00f9y thu\u1ed9c v\u00e0o m\u1ee9c Brix v\u00e0 \u0111\u1ed9 nh\u1edbt. \u0110\u1ecbnh d\u1ea1ng n\u00e0y l\u00e0 gi\u1ea3i ph\u00e1p hi\u1ec7u qu\u1ea3 nh\u1ea5t cho <strong>mua s\u1ed1 l\u01b0\u1ee3ng l\u1edbn, ki\u1ec3m so\u00e1t ch\u1ea5t l\u01b0\u1ee3ng \u1ed5n \u0111\u1ecbnh, v\u00e0 logistics t\u1ed1i \u01b0u chi ph\u00ed<\/strong>.<\/p>\n<p>D\u00e0nh cho c\u00e1c nh\u00e0 mua h\u00e0ng t\u00ecm ki\u1ebfm <strong>nh\u00e0 cung c\u1ea5p s\u1ed1t c\u00e0 chua 235kg<\/strong>, <strong>nh\u00e0 m\u00e1y s\u1ea3n xu\u1ea5t s\u1ed1t c\u00e0 chua 235kg<\/strong>, ho\u1eb7c <strong>b\u00e1n bu\u00f4n s\u1ed1t c\u00e0 chua 235kg t\u1eeb Trung Qu\u1ed1c<\/strong>, h\u1ec7 th\u1ed1ng s\u1ea3n xu\u1ea5t c\u1ee7a ch\u00fang t\u00f4i \u0111\u1ea3m b\u1ea3o <strong>m\u00e0u s\u1eafc nh\u1ea5t qu\u00e1n, n\u1ed3ng \u0111\u1ed9, v\u00e0 tu\u00e2n th\u1ee7 an to\u00e0n th\u1ef1c ph\u1ea9m<\/strong>.<\/p>\n<hr \/>\n<h3>\u0110\u1eb7c \u0111i\u1ec3m s\u1ea3n ph\u1ea9m &amp; N\u1ed5i b\u1eadt v\u1ec1 ch\u1ea5t l\u01b0\u1ee3ng<\/h3>\n<ul>\n<li><strong>100% \u0110\u1ed9 tinh khi\u1ebft c\u1ee7a c\u00e0 chua<\/strong><br \/>\nS\u1ea3n xu\u1ea5t t\u1eeb c\u00e0 chua ch\u00edn m\u1ecdng <strong>kh\u00f4ng ch\u1ee9a mu\u1ed1i, tinh b\u1ed9t, m\u00e0u nh\u00e2n t\u1ea1o ho\u1eb7c ch\u1ea5t b\u1ea3o qu\u1ea3n<\/strong>, h\u1ed7 tr\u1ee3 c\u00e1c c\u00f4ng th\u1ee9c s\u1ea1ch v\u00e0 c\u00f4ng nghi\u1ec7p.<\/li>\n<li><strong>L\u1ef1a ch\u1ecdn n\u1ed3ng \u0111\u1ed9 t\u1ed1i \u01b0u<\/strong><br \/>\nC\u00f3 s\u1eb5n trong <strong>36\u201338 Brix (t\u1eadp trung cao, ti\u1ebft ki\u1ec7m v\u1eadn chuy\u1ec3n)<\/strong> v\u00e0 <strong>28\u201330 Brix<\/strong> cho qu\u00e1 tr\u00ecnh x\u1eed l\u00fd linh ho\u1ea1t sau n\u00e0y.<\/li>\n<li><strong>X\u1eed l\u00fd Cold Break &amp; Hot Break<\/strong><br \/>\nC\u1ea3 hai <strong>CB v\u00e0 HB<\/strong> qu\u00e1 tr\u00ecnh \u0111\u1ec1u c\u00f3 s\u1eb5n \u0111\u1ec3 \u0111\u00e1p \u1ee9ng y\u00eau c\u1ea7u v\u1ec1 \u0111\u1ed9 nh\u1edbt v\u00e0 k\u1ebft c\u1ea5u cho ketchup, s\u1ed1t v\u00e0 s\u1ea3n ph\u1ea9m d\u1ea1ng paste.<\/li>\n<li><strong>M\u00e0u t\u1ef1 nhi\u00ean cao &amp; Lycopene<\/strong><br \/>\n\u1ed4n \u0111\u1ecbnh <strong>Gi\u00e1 tr\u1ecb m\u00e0u A\/B \u22652.1<\/strong>, cho th\u1ea5y h\u00e0m l\u01b0\u1ee3ng lycopene cao v\u00e0 m\u00e0u \u0111\u1ecf s\u00e1ng\u2014r\u1ea5t quan tr\u1ecdng cho c\u00e1c s\u1ea3n ph\u1ea9m ho\u00e0n thi\u1ec7n cao c\u1ea5p.<\/li>\n<li><strong>\u0110\u00f3ng g\u00f3i ti\u1ec7t tr\u00f9ng c\u00f4ng nghi\u1ec7p<\/strong><br \/>\nBao b\u00ec drum ti\u1ec7t tr\u00f9ng \u0111\u1ea3m b\u1ea3o th\u1eddi gian b\u1ea3o qu\u1ea3n l\u00e2u d\u00e0i m\u00e0 kh\u00f4ng c\u1ea7n l\u00e0m l\u1ea1nh tr\u01b0\u1edbc khi m\u1edf.<\/li>\n<\/ul>\n<hr \/>\n<h2>2. Th\u00f4ng s\u1ed1 k\u1ef9 thu\u1eadt s\u1ea3n ph\u1ea9m \u2014 Th\u00f9ng 235kg M\u1eadt ong c\u00e0 chua<\/h2>\n<table>\n<thead>\n<tr>\n<th>M\u1ee5c<\/th>\n<th>Th\u00f4ng s\u1ed1 k\u1ef9 thu\u1eadt<\/th>\n<\/tr>\n<\/thead>\n<tbody>\n<tr>\n<td><strong>Brix (Ch\u1ea5t r\u1eafn)<\/strong><\/td>\n<td><a href=\"https:\/\/taichytomato.com\/vi\/san-pham\/drum-tomato-paste-36-38\/\">36\u201338%<\/a>, <a href=\"https:\/\/taichytomato.com\/vi\/san-pham\/30-32-drum-tomato-paste\/\">30\u201332%<\/a>, <a href=\"https:\/\/taichytomato.com\/vi\/san-pham\/28-30-brix-tomato-paste\/\">28\u201330%<\/a><\/td>\n<\/tr>\n<tr>\n<td><strong>Lo\u1ea1i X\u1eed L\u00fd<\/strong><\/td>\n<td>X\u1eed L\u00fd N\u00f3ng \/ X\u1eed L\u00fd L\u1ea1nh<\/td>\n<\/tr>\n<tr>\n<td><strong>Lycopene (mg\/100g)<\/strong><\/td>\n<td>&gt;50<\/td>\n<\/tr>\n<tr>\n<td><strong>Bostwick (12.5% cm\/30s)<\/strong><\/td>\n<td>7.0\u20139.0 \/ 3\u20134<\/td>\n<\/tr>\n<tr>\n<td><strong>\u0110\u1ed9 chua t\u1ed5ng c\u1ed9ng (%)<\/strong><\/td>\n<td>&lt;8<\/td>\n<\/tr>\n<tr>\n<td><strong>HMC (%)<\/strong><\/td>\n<td>&lt;40<\/td>\n<\/tr>\n<tr>\n<td><strong>pH<\/strong><\/td>\n<td>4.2 \u00b1 0.2<\/td>\n<\/tr>\n<tr>\n<td><strong>Gi\u00e1 tr\u1ecb M\u00e0u A\/B<\/strong><\/td>\n<td>&gt;2.1<\/td>\n<\/tr>\n<tr>\n<td><strong>Tin (mg\/kg)<\/strong><\/td>\n<td>&lt;200<\/td>\n<\/tr>\n<tr>\n<td><strong>\u0110\u1ed3ng (mg\/kg)<\/strong><\/td>\n<td>&lt;10<\/td>\n<\/tr>\n<tr>\n<td><strong>Ch\u00ec (mg\/kg)<\/strong><\/td>\n<td>&lt;1<\/td>\n<\/tr>\n<tr>\n<td><strong>Asen (mg\/kg)<\/strong><\/td>\n<td>&lt;0.5<\/td>\n<\/tr>\n<tr>\n<td><strong>M\u00e0n h\u00ecnh<\/strong><\/td>\n<td>0.6 mm<\/td>\n<\/tr>\n<tr>\n<td><strong>M\u00e0u S\u1eafc<\/strong><\/td>\n<td>\u0110\u1ecf t\u01b0\u01a1i \u0111\u1ebfn \u0111\u1ecf \u0111\u1eadm, kh\u00f4ng c\u00f3 s\u1eafc n\u00e2u<\/td>\n<\/tr>\n<tr>\n<td><strong>H\u00ecnh th\u1ee9c \u0111\u00f3ng g\u00f3i<\/strong><\/td>\n<td>T\u00fai v\u00f4 tr\u00f9ng 220L trong th\u00f9ng th\u00e9p<\/td>\n<\/tr>\n<tr>\n<td><strong>Tr\u1ecdng l\u01b0\u1ee3ng t\u1ecbnh<\/strong><\/td>\n<td><strong>235\u2013260kg m\u1ed7i th\u00f9ng (\u0111\u01b0\u1ee3c ch\u1ee9ng nh\u1eadn)<\/strong><\/td>\n<\/tr>\n<tr>\n<td><strong>X\u1ebfp h\u00e0ng<\/strong><\/td>\n<td>80 th\u00f9ng \/ container 20ft<\/td>\n<\/tr>\n<tr>\n<td><strong>B\u1ea3o qu\u1ea3n<\/strong><\/td>\n<td>Kho s\u1ea1ch, kh\u00f4 r\u00e1o, th\u00f4ng gi\u00f3<\/td>\n<\/tr>\n<tr>\n<td><strong>Th\u1eddi h\u1ea1n s\u1eed d\u1ee5ng<\/strong><\/td>\n<td>24 th\u00e1ng trong \u0111i\u1ec1u ki\u1ec7n th\u00edch h\u1ee3p<\/td>\n<\/tr>\n<tr>\n<td><strong>N\u01a1i Xu\u1ea5t X\u1ee9<\/strong><\/td>\n<td>Trung Qu\u1ed1c<\/td>\n<\/tr>\n<\/tbody>\n<\/table>\n<p>Th\u00f4ng s\u1ed1 k\u1ef9 thu\u1eadt n\u00e0y ph\u00f9 h\u1ee3p v\u1edbi <strong>B\u00e1n bu\u00f4n s\u1ed1t c\u00e0 chua 235kg<\/strong> v\u00e0 <strong>Ti\u00eau chu\u1ea9n mua s\u1eafm c\u00f4ng nghi\u1ec7p<\/strong>.<\/p>\n<figure id=\"attachment_3000\" aria-describedby=\"caption-attachment-3000\" style=\"width: 225px\" class=\"wp-caption alignleft\"><img decoding=\"async\" class=\"wp-image-3000 size-medium\" src=\"https:\/\/taichytomato.com\/wp-content\/uploads\/2025\/11\/8bc62a521d6abaeffd803e3e2fd21b9-225x300.jpg\" alt=\"Th\u00f9ng s\u1ed1t c\u00e0 chua trong Continaer\" width=\"225\" height=\"300\" srcset=\"https:\/\/taichytomato.com\/wp-content\/uploads\/2025\/11\/8bc62a521d6abaeffd803e3e2fd21b9-225x300.jpg 225w, https:\/\/taichytomato.com\/wp-content\/uploads\/2025\/11\/8bc62a521d6abaeffd803e3e2fd21b9-768x1024.jpg 768w, https:\/\/taichytomato.com\/wp-content\/uploads\/2025\/11\/8bc62a521d6abaeffd803e3e2fd21b9-1152x1536.jpg 1152w, https:\/\/taichytomato.com\/wp-content\/uploads\/2025\/11\/8bc62a521d6abaeffd803e3e2fd21b9-9x12.jpg 9w, https:\/\/taichytomato.com\/wp-content\/uploads\/2025\/11\/8bc62a521d6abaeffd803e3e2fd21b9-600x800.jpg 600w, https:\/\/taichytomato.com\/wp-content\/uploads\/2025\/11\/8bc62a521d6abaeffd803e3e2fd21b9.jpg 1279w\" sizes=\"(max-width: 225px) 100vw, 225px\" \/><figcaption id=\"caption-attachment-3000\" class=\"wp-caption-text\">Th\u00f9ng s\u1ed1t c\u00e0 chua trong Continaer<\/figcaption><\/figure>\n<figure id=\"attachment_2999\" aria-describedby=\"caption-attachment-2999\" style=\"width: 225px\" class=\"wp-caption alignleft\"><img decoding=\"async\" class=\"size-medium wp-image-2999\" src=\"https:\/\/taichytomato.com\/wp-content\/uploads\/2025\/11\/6c223f042507c235723f709e61b567e-225x300.jpg\" alt=\"X\u1ebfp container v\u1edbi th\u00f9ng s\u1ed1t c\u00e0 chua\" width=\"225\" height=\"300\" srcset=\"https:\/\/taichytomato.com\/wp-content\/uploads\/2025\/11\/6c223f042507c235723f709e61b567e-225x300.jpg 225w, https:\/\/taichytomato.com\/wp-content\/uploads\/2025\/11\/6c223f042507c235723f709e61b567e-768x1024.jpg 768w, https:\/\/taichytomato.com\/wp-content\/uploads\/2025\/11\/6c223f042507c235723f709e61b567e-1152x1536.jpg 1152w, https:\/\/taichytomato.com\/wp-content\/uploads\/2025\/11\/6c223f042507c235723f709e61b567e-9x12.jpg 9w, https:\/\/taichytomato.com\/wp-content\/uploads\/2025\/11\/6c223f042507c235723f709e61b567e-600x800.jpg 600w, https:\/\/taichytomato.com\/wp-content\/uploads\/2025\/11\/6c223f042507c235723f709e61b567e.jpg 1279w\" sizes=\"(max-width: 225px) 100vw, 225px\" \/><figcaption id=\"caption-attachment-2999\" class=\"wp-caption-text\">X\u1ebfp container v\u1edbi th\u00f9ng s\u1ed1t c\u00e0 chua<\/figcaption><\/figure>\n<hr \/>\n<h2>3. Chu\u1ed7i cung \u1ee9ng to\u00e0n c\u1ea7u &amp; Mua s\u1eafm<\/h2>\n<h3>Mua s\u1eafm &amp; Gi\u00e1 c\u1ea3<\/h3>\n<p>L\u00e0 m\u1ed9t <strong>nh\u00e0 cung c\u1ea5p s\u1ed1t c\u00e0 chua 235kg<\/strong>, ch\u00fang t\u00f4i cung c\u1ea5p ngu\u1ed3n cung minh b\u1ea1ch v\u00e0 \u1ed5n \u0111\u1ecbnh cho kh\u00e1ch h\u00e0ng mua s\u1ed1 l\u01b0\u1ee3ng l\u1edbn:<\/p>\n<ul>\n<li><strong>Gi\u00e1 c\u1ea3<\/strong><br \/>\n<a href=\"https:\/\/taichytomato.com\/vi\/contact\/\">Y\u00eau c\u1ea7u c\u1eadp nh\u1eadt m\u1edbi nh\u1ea5t <strong>B\u00e1o gi\u00e1 235kg m\u1ef3 c\u00e0 chua<\/strong><\/a> v\u00e0 <strong>Gi\u00e1 b\u00e1n bu\u00f4n 235kg m\u1ef3 c\u00e0 chua tr\u00ean m\u1ed7i kg<\/strong> d\u1ef1a tr\u00ean m\u1ee9c Brix v\u00e0 kh\u1ed1i l\u01b0\u1ee3ng \u0111\u1eb7t h\u00e0ng.<\/li>\n<li><strong>T\u00f9y ch\u1ec9nh<\/strong><br \/>\nCh\u00fang t\u00f4i h\u1ed7 tr\u1ee3 <strong>Gi\u1ea3i ph\u00e1p t\u00f9y ch\u1ec9nh 235kg m\u1ef3 c\u00e0 chua<\/strong> bao g\u1ed3m \u0111\u1ed9 nh\u1edbt, Brix v\u00e0 ph\u01b0\u01a1ng ph\u00e1p x\u1eed l\u00fd ph\u00f9 h\u1ee3p v\u1edbi d\u00e2y chuy\u1ec1n s\u1ea3n xu\u1ea5t c\u1ee7a b\u1ea1n.<\/li>\n<li><strong>S\u1ed1 l\u01b0\u1ee3ng \u0111\u1eb7t h\u00e0ng t\u1ed1i thi\u1ec3u<\/strong><br \/>\nMOQ ti\u00eau chu\u1ea9n: <strong>1 container 20ft (80 th\u00f9ng)<\/strong> \u2014 \u0111\u01a1n v\u1ecb hi\u1ec7u qu\u1ea3 nh\u1ea5t \u0111\u1ec3 mua s\u1ed1 l\u01b0\u1ee3ng l\u1edbn.<\/li>\n<\/ul>\n<h2>V\u1eadn chuy\u1ec3n &amp; Xu\u1ea5t kh\u1ea9u<\/h2>\n<ul>\n<li><strong>Cung c\u1ea5p tr\u1ef1c ti\u1ebfp t\u1eeb nh\u00e0 m\u00e1y t\u1ea1i Trung Qu\u1ed1c<\/strong><br \/>\nPh\u00f9 h\u1ee3p cho kh\u00e1ch h\u00e0ng t\u00ecm ki\u1ebfm <strong>m\u1ef3 c\u00e0 chua 235kg Trung Qu\u1ed1c<\/strong> or <strong>nh\u00e0 s\u1ea3n xu\u1ea5t m\u1ef3 c\u00e0 chua 235kg<\/strong>.<\/li>\n<li><strong>H\u1ed3 s\u01a1 xu\u1ea5t kh\u1ea9u<\/strong><br \/>\nH\u1ed7 tr\u1ee3 \u0111\u1ea7y \u0111\u1ee7 CO, Gi\u1ea5y ch\u1ee9ng nh\u1eadn An to\u00e0n Th\u1ef1c ph\u1ea9m, COA v\u00e0 tu\u00e2n th\u1ee7 an to\u00e0n th\u1ef1c ph\u1ea9m.<\/li>\n<li><strong>Ph\u00e2n ph\u1ed1i to\u00e0n c\u1ea7u<\/strong><br \/>\nGiao h\u00e0ng \u0111\u00e1ng tin c\u1eady \u0111\u1ebfn Ch\u00e2u Phi, Trung \u0110\u00f4ng, Ch\u00e2u \u00c2u, Ch\u00e2u \u00c1 v\u00e0 Ch\u00e2u M\u1ef9.<\/li>\n<\/ul>\n<hr \/>\n<h2>4. \u1ee8ng d\u1ee5ng &amp; Ng\u00e0nh c\u00f4ng nghi\u1ec7p m\u1ee5c ti\u00eau<\/h2>\n<p>S\u1ea3n ph\u1ea9m c\u1ee7a ch\u00fang t\u00f4i <strong>Th\u00f9ng 235kg t\u01b0\u01a1ng c\u00e0<\/strong> \u0111\u01b0\u1ee3c s\u1eed d\u1ee5ng r\u1ed9ng r\u00e3i nh\u01b0 m\u1ed9t th\u00e0nh ph\u1ea7n n\u1ec1n trong:<\/p>\n<ul>\n<li><strong>S\u1ea3n xu\u1ea5t M\u00f9 T\u1ea1t &amp; N\u01b0\u1edbc S\u1ed1t<\/strong><br \/>\nM\u1eadt ong \u0111\u1eb7c Brix cao cho n\u01b0\u1edbc s\u1ed1t ketchup c\u00f4ng nghi\u1ec7p, s\u1ed1t c\u00e0 chua v\u00e0 n\u1ec1n gia v\u1ecb.<\/li>\n<li><strong>Ti\u1ec7t tr\u00f9ng &amp; X\u1eed l\u00fd \u0111\u00f3ng h\u1ed9p<\/strong><br \/>\nThi\u1ebft y\u1ebfu cho c\u00e1c m\u00f3n s\u00fap, h\u1ea7m, rau c\u1ee7 \u0111\u00f3ng h\u1ed9p v\u00e0 c\u00e1c m\u00f3n \u0103n d\u1ef1a tr\u00ean c\u00e0 chua.<\/li>\n<li><strong>D\u1ecbch v\u1ee5 th\u1ef1c ph\u1ea9m &amp; B\u1ebfp trung t\u00e2m<\/strong><br \/>\nTi\u1ec7c l\u1edbn, b\u1ebfp t\u1ed5 ch\u1ee9c, v\u00e0 c\u00e1c c\u01a1 s\u1edf chu\u1ea9n b\u1ecb b\u1eefa \u0103n.<\/li>\n<li><strong>X\u1eed l\u00fd l\u1ea1i &amp; S\u1ea3n xu\u1ea5t nh\u00e3n ri\u00eang<\/strong><br \/>\nPh\u00f9 h\u1ee3p cho c\u00e1c c\u00f4ng ty chuy\u1ec3n \u0111\u1ed5i s\u1ed1 l\u01b0\u1ee3ng l\u1edbn t\u01b0\u01a1ng th\u00e0nh h\u1ed9p, t\u00fai nh\u1ecf ho\u1eb7c bao b\u00ec nh\u1ecf l\u1ebb.<\/li>\n<\/ul>\n<hr \/>\n<h2>5. C\u00e1c c\u00e2u h\u1ecfi th\u01b0\u1eddng g\u1eb7p (FAQ)<\/h2>\n<h4>Q1: Tr\u1ecdng l\u01b0\u1ee3ng r\u00f2ng th\u1ef1c t\u1ebf c\u1ee7a th\u00f9ng t\u01b0\u01a1ng c\u00e0 235kg l\u00e0 bao nhi\u00eau?<\/h4>\n<p><strong>A:<\/strong> Th\u00f9ng l\u00e0 m\u1ed9t <strong>b\u00ecnh ch\u1ee9a 220 l\u00edt<\/strong>. Tr\u1ecdng l\u01b0\u1ee3ng r\u00f2ng th\u01b0\u1eddng dao \u0111\u1ed9ng t\u1eeb <strong>235kg \u0111\u1ebfn 245kg<\/strong>, t\u00f9y thu\u1ed9c v\u00e0o Brix v\u00e0 \u0111\u1ed9 nh\u1edbt. Tr\u1ecdng l\u01b0\u1ee3ng ch\u00ednh x\u00e1c \u0111\u01b0\u1ee3c ghi trong <strong>Gi\u1ea5y ch\u1ee9ng nh\u1eadn ph\u00e2n t\u00edch (COA)<\/strong>.<\/p>\n<h4>Q2: T\u1ea1i sao ch\u1ecdn \u0111\u00f3ng g\u00f3i th\u00f9ng v\u00f4 tr\u00f9ng cho t\u01b0\u01a1ng c\u00e0 235kg?<\/h4>\n<p><strong>A:<\/strong> Bao b\u00ec v\u00f4 tr\u00f9ng duy tr\u00ec \u0111\u1ed9 v\u00f4 tr\u00f9ng th\u01b0\u01a1ng m\u1ea1i m\u00e0 kh\u00f4ng c\u1ea7n l\u00e0m l\u1ea1nh, k\u00e9o d\u00e0i th\u1eddi h\u1ea1n s\u1eed d\u1ee5ng \u0111\u1ebfn <strong>18\u201324 th\u00e1ng<\/strong> v\u00e0 ng\u0103n ch\u1eb7n \u00f4 nhi\u1ec5m vi sinh v\u1eadt.<\/p>\n<h4>Q3: T\u00f4i c\u00f3 th\u1ec3 mua 235kg m\u1ee9t c\u00e0 chua v\u1edbi gi\u00e1 th\u1ea5p cho s\u1ed1 l\u01b0\u1ee3ng l\u1edbn kh\u00f4ng?<\/h4>\n<p><strong>A:<\/strong> C\u00f3. Ch\u00fang t\u00f4i cung c\u1ea5p <strong>gi\u1ea3i ph\u00e1p m\u1ee9t c\u00e0 chua 235kg gi\u00e1 th\u1ea5p<\/strong> cho kh\u00e1ch h\u00e0ng mua s\u1ed1 l\u01b0\u1ee3ng l\u1edbn th\u00f4ng qua t\u1ed1i \u01b0u h\u00f3a s\u1ea3n xu\u1ea5t v\u00e0 hi\u1ec7u qu\u1ea3 logistics.<\/p>\n<h4>Q4: B\u1ea1n c\u00f3 ph\u1ea3i l\u00e0 nh\u00e0 m\u00e1y tr\u1ef1c ti\u1ebfp s\u1ea3n xu\u1ea5t m\u1ee9t c\u00e0 chua 235kg kh\u00f4ng?<\/h4>\n<p><strong>A:<\/strong> C\u00f3. Ch\u00fang t\u00f4i l\u00e0 <strong>nh\u00e0 m\u00e1y s\u1ea3n xu\u1ea5t m\u1ee9t c\u00e0 chua 235kg<\/strong>, kh\u00f4ng ph\u1ea3i trung gian th\u01b0\u01a1ng m\u1ea1i.<\/p>\n<h4>Q5: B\u1ea1n c\u00f3 h\u1ed7 tr\u1ee3 \u0111\u01a1n h\u00e0ng s\u1ed1 l\u01b0\u1ee3ng l\u1edbn v\u00e0 t\u00f9y ch\u1ec9nh kh\u00f4ng?<\/h4>\n<p><strong>A:<\/strong> Ch\u1eafc ch\u1eafn r\u1ed3i. Ch\u00fang t\u00f4i h\u1ed7 tr\u1ee3 <strong>b\u00e1n bu\u00f4n m\u1ee9t c\u00e0 chua 235kg<\/strong>, t\u00f9y ch\u1ec9nh theo y\u00eau c\u1ea7u k\u1ef9 thu\u1eadt, v\u00e0 h\u1ee3p \u0111\u1ed3ng cung c\u1ea5p d\u00e0i h\u1ea1n.<\/p>\n<hr \/>\n<h2>H\u00e0nh \u0111\u1ed9ng k\u00eau g\u1ecdi<\/h2>\n<p>N\u1ebfu b\u1ea1n \u0111ang \u0111\u00e1nh gi\u00e1 <strong>nh\u00e0 cung c\u1ea5p m\u1ee9t c\u00e0 chua 235kg<\/strong>, nh\u00e0 s\u1ea3n xu\u1ea5t ho\u1eb7c ngu\u1ed3n tr\u1ef1c ti\u1ebfp t\u1eeb nh\u00e0 m\u00e1y t\u1ea1i Trung Qu\u1ed1c, li\u00ean h\u1ec7 v\u1edbi ch\u00fang t\u00f4i ngay h\u00f4m nay \u0111\u1ec3 c\u00f3 <a href=\"https:\/\/taichytomato.com\/vi\/contact\/\"><strong>th\u00f4ng s\u1ed1 k\u1ef9 thu\u1eadt, m\u1eabu th\u1eed v\u00e0 b\u00e1o gi\u00e1 c\u1ea1nh tranh<\/strong>.<\/a><\/p>\n<p>&nbsp;<\/p>","protected":false},"excerpt":{"rendered":"<p data-start=\"117\" data-end=\"495\">S\u1ea3n ph\u1ea9m c\u1ee7a ch\u00fang t\u00f4i <strong data-start=\"121\" data-end=\"143\">235kg m\u1eadt ng\u00f4<\/strong> l\u00e0 m\u1ed9t s\u1ea3n ph\u1ea9m c\u00e0 chua c\u00f4 \u0111\u1eb7c c\u1ea5p c\u00f4ng nghi\u1ec7p, \u0111\u00f3ng g\u00f3i trong <strong data-start=\"206\" data-end=\"228\">th\u00f9ng v\u00f4 tr\u00f9ng 220L<\/strong>. C\u00f3 s\u1eb5n t\u1ea1i <strong data-start=\"414\" data-end=\"449\">28\u201330%, 30\u201332%, v\u00e0 36\u201338% Brix<\/strong>, v\u1edbi <strong data-start=\"456\" data-end=\"484\">Ph\u01b0\u01a1ng ph\u00e1p Hot Break v\u00e0 Cold Break<\/strong> t\u00f9y ch\u1ecdn. \u0110\u01b0\u1ee3c l\u00e0m t\u1eeb <strong data-start=\"240\" data-end=\"264\">c\u00e0 chua t\u01b0\u01a1i, ch\u00edn m\u1ecdng<\/strong>, n\u00f3 mang l\u1ea1i <strong data-start=\"278\" data-end=\"339\">m\u00e0u \u0111\u1ecf t\u01b0\u01a1i, h\u00e0m l\u01b0\u1ee3ng lycopene cao, v\u00e0 \u0111\u1ed9 nh\u1edbt \u1ed5n \u0111\u1ecbnh<\/strong>\u2014ho\u00e0n h\u1ea3o cho s\u1ed1t c\u00e0 chua, s\u1ed1t, th\u1ef1c ph\u1ea9m \u0111\u00f3ng h\u1ed9p, v\u00e0 t\u00e1i ch\u1ebf.<\/p>\n<p data-start=\"497\" data-end=\"796\">L\u00e0 nh\u00e0 cung c\u1ea5p tr\u1ef1c ti\u1ebfp <strong data-start=\"509\" data-end=\"529\">t\u1eeb nh\u00e0 m\u00e1y<\/strong>, ch\u00fang t\u00f4i cung c\u1ea5p <strong data-start=\"540\" data-end=\"611\">gi\u00e1 b\u00e1n bu\u00f4n, gi\u1ea3i ph\u00e1p OEM\/t\u00f9y ch\u1ec9nh, v\u00e0 ngu\u1ed3n cung \u1ed5n \u0111\u1ecbnh s\u1ed1 l\u01b0\u1ee3ng l\u1edbn<\/strong>. \u0110\u01b0\u1ee3c ch\u1ee9ng nh\u1eadn \u0111\u1ea7y \u0111\u1ee7 v\u00e0 c\u00f3 th\u1ec3 truy xu\u1ea5t ngu\u1ed3n g\u1ed1c, b\u1ed9t c\u00e0 chua c\u1ee7a ch\u00fang t\u00f4i \u0111\u01b0\u1ee3c xu\u1ea5t kh\u1ea9u to\u00e0n c\u1ea7u \u0111\u1ebfn <strong data-start=\"685\" data-end=\"744\">Ch\u00e2u Phi, Trung \u0110\u00f4ng, Ch\u00e2u \u00c1, Ch\u00e2u \u00c2u, v\u00e0 Ch\u00e2u M\u1ef9<\/strong>, \u0111\u1ea3m b\u1ea3o ch\u1ea5t l\u01b0\u1ee3ng \u0111\u00e1ng tin c\u1eady cho kh\u00e1ch h\u00e0ng c\u00f4ng nghi\u1ec7p.<\/p>","protected":false},"featured_media":3258,"template":"","meta":{"_acf_changed":false,"_seopress_robots_primary_cat":"none","_seopress_titles_title":"Low Cost 235kg Tomato Paste | Bulk Price via Scale Production","_seopress_titles_desc":"Get the best low cost 235kg tomato paste directly from our factory. We minimize costs through large-scale automated production and optimized port logistics. High-quality 28-30% Brix at unbeatable bulk prices. Request a quote!","_seopress_robots_index":"","site-sidebar-layout":"default","site-content-layout":"","ast-site-content-layout":"default","site-content-style":"default","site-sidebar-style":"default","ast-global-header-display":"","ast-banner-title-visibility":"","ast-main-header-display":"","ast-hfb-above-header-display":"","ast-hfb-below-header-display":"","ast-hfb-mobile-header-display":"","site-post-title":"","ast-breadcrumbs-content":"","ast-featured-img":"","footer-sml-layout":"","ast-disable-related-posts":"","theme-transparent-header-meta":"default","adv-header-id-meta":"","stick-header-meta":"","header-above-stick-meta":"","header-main-stick-meta":"","header-below-stick-meta":"","astra-migrate-meta-layouts":"set","ast-page-background-enabled":"default","ast-page-background-meta":{"desktop":{"background-color":"var(--ast-global-color-5)","background-image":"","background-repeat":"repeat","background-position":"center center","background-size":"auto","background-attachment":"scroll","background-type":"","background-media":"","overlay-type":"","overlay-color":"","overlay-opacity":"","overlay-gradient":""},"tablet":{"background-color":"","background-image":"","background-repeat":"repeat","background-position":"center center","background-size":"auto","background-attachment":"scroll","background-type":"","background-media":"","overlay-type":"","overlay-color":"","overlay-opacity":"","overlay-gradient":""},"mobile":{"background-color":"","background-image":"","background-repeat":"repeat","background-position":"center center","background-size":"auto","background-attachment":"scroll","background-type":"","background-media":"","overlay-type":"","overlay-color":"","overlay-opacity":"","overlay-gradient":""}},"ast-content-background-meta":{"desktop":{"background-color":"var(--ast-global-color-4)","background-image":"","background-repeat":"repeat","background-position":"center center","background-size":"auto","background-attachment":"scroll","background-type":"","background-media":"","overlay-type":"","overlay-color":"","overlay-opacity":"","overlay-gradient":""},"tablet":{"background-color":"var(--ast-global-color-4)","background-image":"","background-repeat":"repeat","background-position":"center center","background-size":"auto","background-attachment":"scroll","background-type":"","background-media":"","overlay-type":"","overlay-color":"","overlay-opacity":"","overlay-gradient":""},"mobile":{"background-color":"var(--ast-global-color-4)","background-image":"","background-repeat":"repeat","background-position":"center center","background-size":"auto","background-attachment":"scroll","background-type":"","background-media":"","overlay-type":"","overlay-color":"","overlay-opacity":"","overlay-gradient":""}}},"product_brand":[],"product_cat":[28],"product_tag":[],"class_list":{"0":"post-3254","1":"product","2":"type-product","3":"status-publish","4":"has-post-thumbnail","6":"product_cat-drum-tomato-paste","7":"desktop-align-left","8":"tablet-align-left","9":"mobile-align-left","11":"first","12":"instock","13":"sale","14":"shipping-taxable","15":"purchasable","16":"product-type-simple"},"acf":[],"_links":{"self":[{"href":"https:\/\/taichytomato.com\/vi\/wp-json\/wp\/v2\/product\/3254","targetHints":{"allow":["GET"]}}],"collection":[{"href":"https:\/\/taichytomato.com\/vi\/wp-json\/wp\/v2\/product"}],"about":[{"href":"https:\/\/taichytomato.com\/vi\/wp-json\/wp\/v2\/types\/product"}],"version-history":[{"count":0,"href":"https:\/\/taichytomato.com\/vi\/wp-json\/wp\/v2\/product\/3254\/revisions"}],"wp:featuredmedia":[{"embeddable":true,"href":"https:\/\/taichytomato.com\/vi\/wp-json\/wp\/v2\/media\/3258"}],"wp:attachment":[{"href":"https:\/\/taichytomato.com\/vi\/wp-json\/wp\/v2\/media?parent=3254"}],"wp:term":[{"taxonomy":"product_brand","embeddable":true,"href":"https:\/\/taichytomato.com\/vi\/wp-json\/wp\/v2\/product_brand?post=3254"},{"taxonomy":"product_cat","embeddable":true,"href":"https:\/\/taichytomato.com\/vi\/wp-json\/wp\/v2\/product_cat?post=3254"},{"taxonomy":"product_tag","embeddable":true,"href":"https:\/\/taichytomato.com\/vi\/wp-json\/wp\/v2\/product_tag?post=3254"}],"curies":[{"name":"wp","href":"https:\/\/api.w.org\/{rel}","templated":true}]}}