{"id":296,"date":"2025-04-25T00:33:46","date_gmt":"2025-04-25T08:33:46","guid":{"rendered":"https:\/\/taichytomato.com\/?post_type=product&#038;p=296"},"modified":"2025-11-26T19:08:21","modified_gmt":"2025-11-27T03:08:21","slug":"drum-tomato-paste-36-38","status":"publish","type":"product","link":"https:\/\/taichytomato.com\/vi\/san-pham\/drum-tomato-paste-36-38\/","title":{"rendered":"C\u00e0 chua \u00e9p Brix 36-38% Th\u00f9ng"},"content":{"rendered":"<h2><strong><b>M\u1eadt Ng\u00f4 <\/b><\/strong><strong><b>Brix <\/b><\/strong><b><\/b><strong><b>36<\/b><\/strong><strong><b>%-3<\/b><\/strong><strong><b>8<\/b><\/strong><strong><b>%\uff08<\/b><\/strong><strong><b>CB<\/b><\/strong><strong><b>\uff09<\/b><\/strong><\/h2>\n<h3 data-start=\"328\" data-end=\"391\"><strong data-start=\"332\" data-end=\"391\">1. Ch\u1ea5t l\u01b0\u1ee3ng S\u1ea3n ph\u1ea9m: \u0110\u1ecbnh ngh\u0129a M\u1eadt Ng\u00f4 36\u201338 Brix<\/strong><\/h3>\n<p data-start=\"393\" data-end=\"683\">S\u1ea3n ph\u1ea9m c\u1ee7a ch\u00fang t\u00f4i <strong data-start=\"397\" data-end=\"424\">M\u1eadt Ng\u00f4 36\u201338 Brix<\/strong> \u0111\u1eb7t ra ti\u00eau chu\u1ea9n to\u00e0n c\u1ea7u cho c\u00e1c s\u1ea3n ph\u1ea9m t\u1eeb c\u00e0 chua c\u00f4 \u0111\u1eb7c. \u0110i\u1ec1u n\u00e0y <strong data-start=\"490\" data-end=\"519\">b\u1ed9t c\u00f4 \u0111\u1eb7c ba l\u1ea7n<\/strong> cung c\u1ea5p \u0111\u1ed9 tinh khi\u1ebft xu\u1ea5t s\u1eafc, m\u00e0u s\u1eafc \u0111\u1eadm \u0111\u00e0 v\u00e0 h\u00e0m l\u01b0\u1ee3ng ch\u1ea5t r\u1eafn cao \u2014 l\u00e0m nguy\u00ean li\u1ec7u ch\u00ednh \u0111\u01b0\u1ee3c \u01b0a chu\u1ed9ng cho s\u1ea3n xu\u1ea5t s\u1ed1 l\u01b0\u1ee3ng l\u1edbn s\u1ed1t, ketchup v\u00e0 n\u01b0\u1edbc \u00e9p.<\/p>\n<p data-start=\"685\" data-end=\"986\">Ch\u00fang t\u00f4i l\u00e0 <strong data-start=\"694\" data-end=\"747\">nh\u00e0 Xu\u1ea5t kh\u1ea9u M\u1eadt Ng\u00f4 36\u201338 Brix h\u00e0ng \u0111\u1ea7u t\u1ea1i Vi\u1ec7t Nam<\/strong>, cung c\u1ea5p <strong data-start=\"759\" data-end=\"786\">m\u1eadt ng\u00f4 c\u00f4ng nghi\u1ec7p<\/strong> \u0111\u00e1p \u1ee9ng c\u00e1c ti\u00eau chu\u1ea9n qu\u1ed1c t\u1ebf kh\u1eaft khe nh\u1ea5t (<strong>HACCP, ISO, Kosher, Halal<\/strong>). C\u00e1c <strong data-start=\"869\" data-end=\"894\">H\u00e0m l\u01b0\u1ee3ng n\u01b0\u1edbc gi\u1ea3m<\/strong> \u0111\u1ea3m b\u1ea3o logistics ti\u1ebft ki\u1ec7m chi ph\u00ed, x\u1eed l\u00fd nhanh h\u01a1n v\u00e0 ch\u1ea5t l\u01b0\u1ee3ng \u1ed5n \u0111\u1ecbnh trong t\u1eebng l\u00f4 h\u00e0ng.<\/p>\n<h3 data-start=\"993\" data-end=\"1052\"><strong data-start=\"997\" data-end=\"1052\">2. C\u00e1c lo\u1ea1i x\u1eed l\u00fd:\u00a0 <a href=\"https:\/\/taichytomato.com\/vi\/what-is-cold-break-tomato-paste-a-guide-to-the-cb-production-process\/\">Cold Break<\/a>\u00a0<\/strong><\/h3>\n<h4 data-start=\"1054\" data-end=\"1097\"><strong data-start=\"1059\" data-end=\"1097\">M\u1eadt Ng\u00f4 Cold Break 36\u201338 Brix<\/strong><\/h4>\n<ul data-start=\"1098\" data-end=\"1453\">\n<li data-start=\"1098\" data-end=\"1202\">\n<p data-start=\"1100\" data-end=\"1202\"><strong data-start=\"1100\" data-end=\"1116\">S\u1eed d\u1ee5ng Ch\u00ednh:<\/strong> L\u00fd t\u01b0\u1edfng cho n\u01b0\u1edbc \u00e9p c\u00e0 chua, s\u1ed1t v\u00e0 c\u00e1c \u1ee9ng d\u1ee5ng y\u00eau c\u1ea7u h\u01b0\u01a1ng v\u1ecb t\u1ef1 nhi\u00ean, t\u01b0\u01a1i m\u1edbi.<\/p>\n<\/li>\n<li data-start=\"1203\" data-end=\"1275\">\n<p data-start=\"1205\" data-end=\"1275\"><strong data-start=\"1205\" data-end=\"1217\">H\u1ed3 s\u01a1:<\/strong> Gi\u00e1 tr\u1ecb Bostwick th\u1ea5p h\u01a1n v\u00e0 \u0111\u1eb7c t\u00ednh ch\u1ea3y m\u01b0\u1ee3t h\u01a1n.<\/p>\n<\/li>\n<li data-start=\"1276\" data-end=\"1453\">\n<p data-start=\"1278\" data-end=\"1453\"><strong data-start=\"1278\" data-end=\"1303\">\u01afu \u0111i\u1ec3m C\u00f4ng nghi\u1ec7p:<\/strong> S\u1ea3n ph\u1ea9m c\u1ee7a ch\u00fang t\u00f4i <strong data-start=\"1308\" data-end=\"1356\">M\u1eadt ong c\u00e0 chua l\u1ea1nh d\u1ea1ng bulk 36\u201338 cho N\u01b0\u1edbc \u00e9p<\/strong> \u0111\u1ea3m b\u1ea3o m\u00e0u s\u1eafc t\u01b0\u01a1i s\u00e1ng v\u00e0 \u0111\u1ed9 nh\u1edbt c\u00e2n \u0111\u1ed1i, l\u00fd t\u01b0\u1edfng cho s\u1ea3n xu\u1ea5t \u0111\u1ed3 u\u1ed1ng v\u00e0 s\u1ed1t nh\u1eb9.<\/p>\n<\/li>\n<\/ul>\n<p data-start=\"1915\" data-end=\"2067\">Ch\u00fang t\u00f4i t\u00f9y ch\u1ec9nh m\u1ee9c \u0111\u1ed9 nh\u1edbt v\u00e0 ph\u01b0\u01a1ng ph\u00e1p x\u1eed l\u00fd theo y\u00eau c\u1ea7u c\u1ee7a kh\u00e1ch h\u00e0ng, \u0111\u1ea3m b\u1ea3o m\u1ed7i l\u00f4 h\u00e0ng \u0111\u1ea1t hi\u1ec7u su\u1ea5t c\u00f4ng nghi\u1ec7p nh\u1ea5t qu\u00e1n.<\/p>\n<h2>3. <strong>Th\u00f4ng s\u1ed1 k\u1ef9 thu\u1eadt s\u1ea3n ph\u1ea9m<\/strong><\/h2>\n<table>\n<tbody>\n<tr>\n<td width=\"147\"><a href=\"https:\/\/taichytomato.com\/vi\/brix-and-tomato-concentrate\/\">brix(h\u1ea1t r\u1eafn)%<\/a><\/td>\n<td width=\"460\">36-38%<\/td>\n<\/tr>\n<tr>\n<td width=\"147\">lo\u1ea1i<\/td>\n<td width=\"460\">Cold Break<\/td>\n<\/tr>\n<tr>\n<td width=\"147\"><a href=\"https:\/\/taichytomato.com\/vi\/lycopene-mg-100g-summary-tomato-paste-information\/\">lycopene<\/a>(mg\/100g)<\/td>\n<td width=\"460\">&gt;55<\/td>\n<\/tr>\n<tr>\n<td width=\"147\"><a href=\"https:\/\/taichytomato.com\/vi\/viscosity-metric-summary-tomato-paste\/\">bostwick<\/a>(t\u1ea1i \u0111\u1ed9 Brix<br \/>\n12.5%cm\/30 gi\u00e2y)<\/td>\n<td width=\"460\">7.0-9.0<\/td>\n<\/tr>\n<tr>\n<td width=\"147\">\u0111\u1ed9 axit t\u1ed5ng c\u1ed9ng%<\/td>\n<td width=\"460\">&lt;8<\/td>\n<\/tr>\n<tr>\n<td width=\"147\">HM.C%<\/td>\n<td width=\"460\">&lt;45<\/td>\n<\/tr>\n<tr>\n<td width=\"147\">PH<\/td>\n<td width=\"460\">4.2\u00b10.2<\/td>\n<\/tr>\n<tr>\n<td width=\"147\"><a href=\"https:\/\/taichytomato.com\/vi\/l-and-a-b-values-tomato-paste\/\">A\/B<\/a><\/td>\n<td width=\"460\">&gt;2.1<\/td>\n<\/tr>\n<tr>\n<td width=\"147\">Ch\u00ec(mg)<\/td>\n<td width=\"460\">&lt;200<\/td>\n<\/tr>\n<tr>\n<td width=\"147\">\u0110\u1ed3ng(mg)<\/td>\n<td width=\"460\">&lt;10<\/td>\n<\/tr>\n<tr>\n<td width=\"147\">Ch\u00ec(mg)<\/td>\n<td width=\"460\">&lt;1<\/td>\n<\/tr>\n<tr>\n<td width=\"147\">Asen(mg)<\/td>\n<td width=\"460\">&lt;0.5<\/td>\n<\/tr>\n<tr>\n<td width=\"147\">M\u00e0n h\u00ecnh<\/td>\n<td width=\"460\">0,6mm<\/td>\n<\/tr>\n<tr>\n<td width=\"147\">M\u00e0u s\u1eafc<\/td>\n<td width=\"460\">\u0110\u1ecf t\u01b0\u01a1i \u0111\u1ebfn \u0111\u1ecf s\u1eabm kh\u00f4ng c\u00f3 s\u1eafc n\u00e2u<\/td>\n<\/tr>\n<tr>\n<td width=\"147\">\u0110\u1ecbnh d\u1ea1ng \u0111\u00f3ng g\u00f3i<\/td>\n<td width=\"460\">Bao b\u00ec aseptic 220 l\u00edt trong th\u00f9ng<\/p>\n<p>\u0111\u00f3ng g\u00f3i 80 th\u00f9ng\/20FCL,<\/p>\n<p>224 th\u00f9ng\/xu\u1ed3ng.<\/p>\n<p>Tr\u1ecdng l\u01b0\u1ee3ng t\u1ecbnh 235-260kg\/4 th\u00f9ng tr\u00ean m\u1ed9t pallet<\/td>\n<\/tr>\n<tr>\n<td width=\"147\"><a href=\"https:\/\/taichytomato.com\/vi\/where-to-store-tomato-paste\/\">\u0110i\u1ec1u ki\u1ec7n b\u1ea3o qu\u1ea3n<\/a><\/td>\n<td width=\"460\">B\u1ea3o qu\u1ea3n \u1edf khu v\u1ef1c s\u1ea1ch s\u1ebd, kh\u00f4 r\u00e1o, th\u00f4ng gi\u00f3 t\u1ed1t, tr\u00e1nh \u00e1nh n\u1eafng tr\u1ef1c ti\u1ebfp<br \/>\n\u00e1nh n\u1eafng m\u1eb7t tr\u1eddi chi\u1ebfu v\u00e0o s\u1ea3n ph\u1ea9m<\/td>\n<\/tr>\n<\/tbody>\n<\/table>\n<p>\u0110\u1ed1i v\u1edbi c\u00e1c gi\u1ea3i ph\u00e1p t\u00f9y ch\u1ec9nh ho\u1eb7c mua s\u1ed1 l\u01b0\u1ee3ng l\u1edbn,\u00a0<a href=\"https:\/\/taichytomato.com\/vi\/contact\/\">vui l\u00f2ng li\u00ean h\u1ec7 v\u1edbi \u0111\u1ed9i ng\u0169 b\u00e1n h\u00e0ng c\u1ee7a ch\u00fang t\u00f4i b\u1ea5t c\u1ee9 l\u00fac n\u00e0o.<\/a><\/p>\n<div class=\"mceTemp\"><\/div>\n<p><!--more--><\/p>\n<h3 data-start=\"2074\" data-end=\"2115\"><strong data-start=\"2078\" data-end=\"2115\">4. \u0110\u00f3ng g\u00f3i, Logistics &amp; Gi\u00e1 c\u1ea3<\/strong><\/h3>\n<h4 data-start=\"2117\" data-end=\"2150\"><strong data-start=\"2122\" data-end=\"2150\">Gi\u1ea3i ph\u00e1p \u0111\u00f3ng g\u00f3i Bulk<\/strong><\/h4>\n<p data-start=\"2151\" data-end=\"2385\">S\u1ea3n ph\u1ea9m c\u1ee7a ch\u00fang t\u00f4i <strong data-start=\"2155\" data-end=\"2187\">M\u1eadt ong c\u00e0 chua d\u1ea1ng th\u00f9ng 36\u201338 Brix<\/strong> \u0111\u01b0\u1ee3c \u0111\u00f3ng g\u00f3i v\u00f4 tr\u00f9ng trong <strong>bao 220 l\u00edt trong th\u00f9ng th\u00e9p<\/strong>, \u0111\u1ea3m b\u1ea3o v\u00f4 tr\u00f9ng v\u00e0 <strong>th\u1eddi gian b\u1ea3o qu\u1ea3n l\u00e2u d\u00e0i (24 th\u00e1ng)<\/strong>. Bao b\u00ec ch\u1eafc ch\u1eafn gi\u1eef nguy\u00ean h\u01b0\u01a1ng v\u1ecb, m\u00e0u s\u1eafc v\u00e0 \u0111\u1ed9 nh\u1edbt trong su\u1ed1t qu\u00e1 tr\u00ecnh v\u1eadn chuy\u1ec3n qu\u1ed1c t\u1ebf.<\/p>\n<h4 data-start=\"2387\" data-end=\"2416\"><strong data-start=\"2392\" data-end=\"2416\">Mua s\u1eafm &amp; Xu\u1ea5t kh\u1ea9u<\/strong><\/h4>\n<ul data-start=\"2417\" data-end=\"2913\">\n<li data-start=\"2417\" data-end=\"2563\">\n<p data-start=\"2419\" data-end=\"2563\"><strong data-start=\"2419\" data-end=\"2427\">MOQ:<\/strong> Vui l\u00f2ng li\u00ean h\u1ec7 \u0111\u1ec3 bi\u1ebft th\u00eam th\u00f4ng tin v\u1ec1 <strong data-start=\"2453\" data-end=\"2503\">M\u1eadt ong c\u00e0 chua 36\u201338 Brix Y\u00eau c\u1ea7u \u0111\u1eb7t h\u00e0ng t\u1ed1i thi\u1ec3u<\/strong>. MOQ ti\u00eau chu\u1ea9n l\u00e0 m\u1ed9t container \u0111\u1ea7y \u0111\u1ee7 (kho\u1ea3ng 80\u2013100 th\u00f9ng).<\/p>\n<\/li>\n<li data-start=\"2564\" data-end=\"2713\">\n<p data-start=\"2566\" data-end=\"2713\"><strong data-start=\"2566\" data-end=\"2578\">Gi\u00e1 c\u1ea3:<\/strong> Li\u00ean h\u1ec7 v\u1edbi ch\u00fang t\u00f4i \u0111\u1ec3 c\u00f3 <strong data-start=\"2596\" data-end=\"2654\">gi\u00e1 c\u1ea3 c\u1ea1nh tranh cho M\u1eadt ong c\u00e0 chua ti\u1ec7t tr\u00f9ng 36\u201338 Brix<\/strong>. Gi\u00e1 d\u1ef1a tr\u00ean kh\u1ed1i l\u01b0\u1ee3ng v\u00e0 h\u1ee3p \u0111\u1ed3ng h\u00e0ng n\u0103m c\u00f3 s\u1eb5n.<\/p>\n<\/li>\n<li data-start=\"2714\" data-end=\"2913\">\n<p data-start=\"2716\" data-end=\"2913\"><strong data-start=\"2716\" data-end=\"2735\">Th\u1ecb tr\u01b0\u1eddng xu\u1ea5t kh\u1ea9u:<\/strong> L\u00e0 m\u1ed9t nh\u00e0 s\u1ea3n xu\u1ea5t \u0111\u00e1ng tin c\u1eady <strong data-start=\"2749\" data-end=\"2796\">Nh\u00e0 xu\u1ea5t kh\u1ea9u M\u1eadt ong c\u00e0 chua 36\u201338 Brix t\u1eeb Trung Qu\u1ed1c<\/strong>, ch\u00fang t\u00f4i ph\u1ee5c v\u1ee5 c\u00e1c \u0111\u1ed1i t\u00e1c tr\u00ean kh\u1eafp ch\u00e2u \u00c1, ch\u00e2u Phi, Trung \u0110\u00f4ng v\u00e0 Nam M\u1ef9 v\u1edbi \u0111\u1ea7y \u0111\u1ee7 gi\u1ea5y t\u1edd xu\u1ea5t kh\u1ea9u h\u1ed7 tr\u1ee3.<\/p>\n<\/li>\n<\/ul>\n<hr \/>\n<h3 data-start=\"2920\" data-end=\"2960\"><strong data-start=\"2924\" data-end=\"2960\">5. \u1ee8ng d\u1ee5ng c\u00f4ng nghi\u1ec7p l\u00fd t\u01b0\u1edfng<\/strong><\/h3>\n<p data-start=\"2962\" data-end=\"3125\">L\u1ef1a ch\u1ecdn <strong data-start=\"2971\" data-end=\"3018\">M\u1eadt ong c\u00e0 chua c\u00f4 \u0111\u1eb7c ba l\u1ea7n 36\u201338 Brix<\/strong> gi\u00fap nh\u00e0 s\u1ea3n xu\u1ea5t th\u1ef1c ph\u1ea9m \u0111\u1ea1t \u0111\u01b0\u1ee3c n\u1ed3ng \u0111\u1ed9 mong mu\u1ed1n nhanh h\u01a1n, n\u00e2ng cao hi\u1ec7u qu\u1ea3 v\u00e0 ti\u1ebft ki\u1ec7m chi ph\u00ed.<\/p>\n<ul data-start=\"3127\" data-end=\"3396\">\n<li data-start=\"3127\" data-end=\"3218\">\n<p data-start=\"3129\" data-end=\"3218\"><strong data-start=\"3129\" data-end=\"3155\">S\u1ed1t ketchup &amp; s\u1ed1t m\u00ec \u1ed1ng:<\/strong> M\u00e0u \u0111\u1ecf \u0111\u1eadm v\u00e0 \u0111\u1ed9 nh\u1edbt \u1ed5n \u0111\u1ecbnh cho c\u00e1c lo\u1ea1i gia v\u1ecb cao c\u1ea5p.<\/p>\n<\/li>\n<li data-start=\"3219\" data-end=\"3308\">\n<p data-start=\"3221\" data-end=\"3308\"><strong data-start=\"3221\" data-end=\"3247\">N\u01b0\u1edbc \u00e9p c\u00e0 chua &amp; \u0111\u1ed3 u\u1ed1ng:<\/strong> V\u1ecb t\u01b0\u01a1i ngon v\u00e0 m\u00e0u s\u1eafc s\u00e1ng cho c\u00e1c lo\u1ea1i \u0111\u1ed3 u\u1ed1ng t\u1ef1 nhi\u00ean t\u1eeb c\u00e0 chua.<\/p>\n<\/li>\n<li data-start=\"3309\" data-end=\"3396\">\n<p data-start=\"3311\" data-end=\"3396\"><strong data-start=\"3311\" data-end=\"3341\">S\u1ed1t n\u1ea5u \u0103n c\u00f4ng nghi\u1ec7p:<\/strong> Gi\u1eef \u0111\u01b0\u1ee3c k\u1ebft c\u1ea5u t\u1ed1t trong th\u1ef1c ph\u1ea9m x\u1eed l\u00fd nhi\u1ec7t.<\/p>\n<\/li>\n<\/ul>\n<p data-start=\"3398\" data-end=\"3583\">D\u00f9 b\u1ea1n c\u1ea7n <strong data-start=\"3415\" data-end=\"3453\">M\u1eadt Ng\u00f4 Cold Break 36\u201338 Brix<\/strong> cho \u0111\u1ed3 u\u1ed1ng ho\u1eb7c s\u1ed1t, ch\u00fang t\u00f4i cung c\u1ea5p c\u00e1c gi\u1ea3i ph\u00e1p t\u00f9y ch\u1ec9nh ph\u00f9 h\u1ee3p v\u1edbi m\u1ee5c ti\u00eau s\u1ea3n xu\u1ea5t c\u1ee7a b\u1ea1n.<\/p>\n<h2><span style=\"color: #ff0000;\"><strong>6.C\u00e2u h\u1ecfi th\u01b0\u1eddng g\u1eb7p<\/strong><\/span><\/h2>\n<p><strong>H: B\u1ea1n c\u00f3 cung c\u1ea5p m\u1eabu kh\u00f4ng? C\u00f3 mi\u1ec5n ph\u00ed kh\u00f4ng?\u00a0<\/strong><\/p>\n<p>\u0110: Ch\u00fang t\u00f4i c\u00f3 th\u1ec3 cung c\u1ea5p m\u1eabu mi\u1ec5n ph\u00ed, nh\u01b0ng b\u1ea1n c\u1ea7n tr\u1ea3 ph\u00ed v\u1eadn chuy\u1ec3n. n\u1ebfu b\u1ea1n mu\u1ed1n vui l\u00f2ng nh\u1ea5n\u00a0<a href=\"https:\/\/taichytomato.com\/vi\/contact\/\">t\u1ea1i \u0111\u00e2y\u00a0<\/a><\/p>\n<p><strong>H: B\u1ea1n c\u00f3 ch\u1ee9ng ch\u1ec9 n\u00e0o?\u00a0<\/strong><\/p>\n<p>\u0110: Ch\u00fang t\u00f4i c\u00f3 ch\u1ee9ng nh\u1eadn HACCP, ISO, BRC, HALAL.<\/p>\n<p><strong>H: D\u1ecbch v\u1ee5 v\u1eadn chuy\u1ec3n c\u1ee7a b\u1ea1n l\u00e0 g\u00ec?\u00a0<\/strong><\/p>\n<p>\u0110: Ch\u00fang t\u00f4i c\u00f3 th\u1ec3 cung c\u1ea5p d\u1ecbch v\u1ee5 \u0111\u1eb7t t\u00e0u, h\u1ee3p nh\u1ea5t h\u00e0ng h\u00f3a, khai b\u00e1o h\u1ea3i quan, chu\u1ea9n b\u1ecb ch\u1ee9ng t\u1eeb v\u1eadn chuy\u1ec3n v\u00e0 giao h\u00e0ng s\u1ed1 l\u01b0\u1ee3ng l\u1edbn t\u1ea1i c\u1ea3ng.<\/p>\n<p><strong>H: MOQ c\u1ee7a b\u1ea1n l\u00e0 g\u00ec?\u00a0<\/strong><\/p>\n<p>\u0110: MOQ c\u1ee7a ch\u00fang t\u00f4i th\u01b0\u1eddng l\u00e0 m\u1ed9t container, nh\u01b0ng ch\u00fang t\u00f4i c\u0169ng c\u00f3 th\u1ec3 gi\u00fap LCL n\u1ebfu b\u1ea1n c\u1ea7n.<\/p>\n<p><strong>H: Mu\u1ed1n t\u00ecm hi\u1ec3u th\u00eam v\u1ec1 mua h\u00e0ng<\/strong><\/p>\n<p>\u0110: vui l\u00f2ng xem c\u00e1i n\u00e0y<a href=\"https:\/\/taichytomato.com\/vi\/buyers-guide-for-drum-tomato-paste\/\">\u00a0h\u01b0\u1edbng d\u1eabn mua h\u1ed9p c\u00e0 chua\u00a0<\/a><\/p>\n<p>[<a href=\"https:\/\/taichytomato.com\/vi\/contact\/\"><strong data-start=\"4165\" data-end=\"4183\">LI\u00caN H\u1ec6 CH\u00daNG T\u00d4I NGAY<\/strong><\/a>] \u2014 N\u00f3i chuy\u1ec7n v\u1edbi m\u1ed9t trong nh\u1eefng chuy\u00ean gia c\u1ee7a ch\u00fang t\u00f4i <strong data-start=\"4222\" data-end=\"4259\">Nh\u00e0 cung c\u1ea5p M\u1eadt Ng\u00f4 36\u201338 Brix<\/strong> \u0111\u1ec3 \u0111\u1ea3m b\u1ea3o l\u00f4 h\u00e0ng ti\u1ebfp theo c\u1ee7a b\u1ea1n.<\/p>\n<p>&nbsp;<\/p>","protected":false},"excerpt":{"rendered":"<p>S\u1ea3n ph\u1ea9m n\u00e0y l\u00e0 t\u01b0\u01a1ng c\u00e0 chua 28-38% Brix, th\u00f9ng 1000L, l\u00fd t\u01b0\u1edfng cho s\u1eed d\u1ee5ng c\u00f4ng nghi\u1ec7p trong n\u01b0\u1edbc s\u1ed1t, s\u00fap v\u00e0 n\u01b0\u1edbc \u00e9p. N\u00f3 gi\u1eef l\u1ea1i h\u01b0\u01a1ng v\u1ecb v\u00e0 ch\u1ea5t dinh d\u01b0\u1ee1ng t\u1ef1 nhi\u00ean c\u1ee7a c\u00e0 chua, v\u1edbi m\u00e0u \u0111\u1ecf t\u01b0\u01a1i, \u0111\u1ed9 axit c\u00e2n b\u1eb1ng v\u00e0 h\u00e0m l\u01b0\u1ee3ng lycopene cao. \u0110\u01b0\u1ee3c l\u00e0m t\u1eeb c\u00e0 chua ch\u1ea5t l\u01b0\u1ee3ng cao c\u00f3 ngu\u1ed3n g\u1ed1c t\u1eeb t\u00e2y b\u1eafc Trung Qu\u1ed1c, n\u00f3 s\u1eed d\u1ee5ng h\u1ea1t gi\u1ed1ng Heinz v\u00e0 Delmont cao c\u1ea5p. S\u1ea3n ph\u1ea9m \u0111\u01b0\u1ee3c ch\u1ee9ng nh\u1eadn b\u1edfi ISO, HACCP, HALAL v\u00e0 KOSHER. \u0110\u00f3ng g\u00f3i trong th\u00f9ng v\u00f4 tr\u00f9ng 1000L, n\u00f3 c\u00f3 th\u1eddi h\u1ea1n s\u1eed d\u1ee5ng 24 th\u00e1ng v\u00e0 \u0111\u01b0\u1ee3c b\u1ea3o qu\u1ea3n trong m\u00f4i tr\u01b0\u1eddng m\u00e1t m\u1ebb. TAICHY FOOD c\u0169ng cung c\u1ea5p d\u1ecbch v\u1ee5 h\u1eadu c\u1ea7n m\u1ea1nh m\u1ebd, bao g\u1ed3m v\u1eadn t\u1ea3i \u0111a ph\u01b0\u01a1ng th\u1ee9c v\u00e0 c\u00f3 h\u1ed3 s\u01a1 xu\u1ea5t kh\u1ea9u t\u01b0\u01a1ng c\u00e0 chua sang Nga.<\/p>","protected":false},"featured_media":264,"template":"","meta":{"_acf_changed":false,"_seopress_robots_primary_cat":"none","_seopress_titles_title":"36-38% CB Drum Tomato Paste |Trible Concentration | Taichy","_seopress_titles_desc":"We're 36-38% Brix  Drum Tomato Past Cold Break manufacturers and suppliers in China, specialized in providing high quality customized service.","_seopress_robots_index":"","site-sidebar-layout":"default","site-content-layout":"","ast-site-content-layout":"default","site-content-style":"default","site-sidebar-style":"default","ast-global-header-display":"","ast-banner-title-visibility":"","ast-main-header-display":"","ast-hfb-above-header-display":"","ast-hfb-below-header-display":"","ast-hfb-mobile-header-display":"","site-post-title":"","ast-breadcrumbs-content":"","ast-featured-img":"","footer-sml-layout":"","ast-disable-related-posts":"","theme-transparent-header-meta":"default","adv-header-id-meta":"","stick-header-meta":"","header-above-stick-meta":"","header-main-stick-meta":"","header-below-stick-meta":"","astra-migrate-meta-layouts":"set","ast-page-background-enabled":"default","ast-page-background-meta":{"desktop":{"background-color":"var(--ast-global-color-5)","background-image":"","background-repeat":"repeat","background-position":"center center","background-size":"auto","background-attachment":"scroll","background-type":"","background-media":"","overlay-type":"","overlay-color":"","overlay-opacity":"","overlay-gradient":""},"tablet":{"background-color":"","background-image":"","background-repeat":"repeat","background-position":"center center","background-size":"auto","background-attachment":"scroll","background-type":"","background-media":"","overlay-type":"","overlay-color":"","overlay-opacity":"","overlay-gradient":""},"mobile":{"background-color":"","background-image":"","background-repeat":"repeat","background-position":"center center","background-size":"auto","background-attachment":"scroll","background-type":"","background-media":"","overlay-type":"","overlay-color":"","overlay-opacity":"","overlay-gradient":""}},"ast-content-background-meta":{"desktop":{"background-color":"var(--ast-global-color-4)","background-image":"","background-repeat":"repeat","background-position":"center center","background-size":"auto","background-attachment":"scroll","background-type":"","background-media":"","overlay-type":"","overlay-color":"","overlay-opacity":"","overlay-gradient":""},"tablet":{"background-color":"var(--ast-global-color-4)","background-image":"","background-repeat":"repeat","background-position":"center center","background-size":"auto","background-attachment":"scroll","background-type":"","background-media":"","overlay-type":"","overlay-color":"","overlay-opacity":"","overlay-gradient":""},"mobile":{"background-color":"var(--ast-global-color-4)","background-image":"","background-repeat":"repeat","background-position":"center center","background-size":"auto","background-attachment":"scroll","background-type":"","background-media":"","overlay-type":"","overlay-color":"","overlay-opacity":"","overlay-gradient":""}}},"product_brand":[],"product_cat":[28],"product_tag":[187,189,46,188],"class_list":{"0":"post-296","1":"product","2":"type-product","3":"status-publish","4":"has-post-thumbnail","6":"product_cat-drum-tomato-paste","7":"product_tag-36-38-cb","8":"product_tag-cold-break","9":"product_tag-drum-tomato-paste","10":"product_tag-tomato-paste-36-38","11":"desktop-align-left","12":"tablet-align-left","13":"mobile-align-left","15":"first","16":"instock","17":"sale","18":"shipping-taxable","19":"purchasable","20":"product-type-simple"},"acf":[],"_links":{"self":[{"href":"https:\/\/taichytomato.com\/vi\/wp-json\/wp\/v2\/product\/296","targetHints":{"allow":["GET"]}}],"collection":[{"href":"https:\/\/taichytomato.com\/vi\/wp-json\/wp\/v2\/product"}],"about":[{"href":"https:\/\/taichytomato.com\/vi\/wp-json\/wp\/v2\/types\/product"}],"version-history":[{"count":0,"href":"https:\/\/taichytomato.com\/vi\/wp-json\/wp\/v2\/product\/296\/revisions"}],"wp:featuredmedia":[{"embeddable":true,"href":"https:\/\/taichytomato.com\/vi\/wp-json\/wp\/v2\/media\/264"}],"wp:attachment":[{"href":"https:\/\/taichytomato.com\/vi\/wp-json\/wp\/v2\/media?parent=296"}],"wp:term":[{"taxonomy":"product_brand","embeddable":true,"href":"https:\/\/taichytomato.com\/vi\/wp-json\/wp\/v2\/product_brand?post=296"},{"taxonomy":"product_cat","embeddable":true,"href":"https:\/\/taichytomato.com\/vi\/wp-json\/wp\/v2\/product_cat?post=296"},{"taxonomy":"product_tag","embeddable":true,"href":"https:\/\/taichytomato.com\/vi\/wp-json\/wp\/v2\/product_tag?post=296"}],"curies":[{"name":"wp","href":"https:\/\/api.w.org\/{rel}","templated":true}]}}