{"id":2369,"date":"2025-09-03T19:23:56","date_gmt":"2025-09-04T03:23:56","guid":{"rendered":"https:\/\/taichytomato.com\/?post_type=product&#038;p=2369"},"modified":"2026-01-03T22:47:35","modified_gmt":"2026-01-04T06:47:35","slug":"220l-drum-tomato-paste","status":"publish","type":"product","link":"https:\/\/taichytomato.com\/vi\/san-pham\/220l-drum-tomato-paste\/","title":{"rendered":"D\u1ea7u c\u00e0 chua \u0111\u00f3ng th\u00f9ng 220L"},"content":{"rendered":"<h2>1. Nh\u00e0 m\u00e1y Th\u00f9ng l\u1edbn 220L B\u1ed9t c\u00e0 chua Premium | B\u00e1o gi\u00e1 b\u00e1n s\u1ec9 t\u1eeb Trung Qu\u1ed1c<\/h2>\n<p>Taichy Food l\u00e0 m\u1ed9t c\u00f4ng ty chuy\u00ean nghi\u1ec7p <strong data-start=\"244\" data-end=\"282\">nh\u00e0 m\u00e1y b\u1ed9t c\u00e0 chua 220L t\u1ea1i Trung Qu\u1ed1c<\/strong>, chuy\u00ean s\u1ea3n xu\u1ea5t b\u1ed9t c\u00e0 chua s\u1ed1 l\u01b0\u1ee3ng l\u1edbn v\u00e0 cung c\u1ea5p s\u1ec9 to\u00e0n c\u1ea7u. V\u1edbi <strong data-start=\"363\" data-end=\"403\">hai d\u00e2y chuy\u1ec1n ch\u1ebf bi\u1ebfn c\u00e0 chua ti\u00ean ti\u1ebfn<\/strong>, nh\u00e0 m\u00e1y c\u1ee7a ch\u00fang t\u00f4i c\u00f3 kh\u1ea3 n\u0103ng x\u1eed l\u00fd <strong data-start=\"445\" data-end=\"490\">h\u01a1n 1.500 t\u1ea5n c\u00e0 chua t\u01b0\u01a1i m\u1ed7i ng\u00e0y<\/strong>, \u0111\u1ea3m b\u1ea3o s\u1ea3n l\u01b0\u1ee3ng \u1ed5n \u0111\u1ecbnh cho c\u00e1c \u0111\u01a1n h\u00e0ng s\u1ed1 l\u01b0\u1ee3ng l\u1edbn.<\/p>\n<h3 data-start=\"541\" data-end=\"599\">\u01afu \u0111i\u1ec3m t\u1ef1 nhi\u00ean cho B\u1ed9t c\u00e0 chua 220L ch\u1ea5t l\u01b0\u1ee3ng cao<\/h3>\n<p data-start=\"600\" data-end=\"1019\">N\u1eb1m t\u1ea1i Tacheng, m\u1ed9t khu v\u1ef1c n\u1ed5i ti\u1ebfng v\u1edbi <strong data-start=\"643\" data-end=\"719\">th\u1eddi gian n\u1eafng d\u00e0i v\u00e0 s\u1ef1 ch\u00eanh l\u1ec7ch nhi\u1ec7t \u0111\u1ed9 ng\u00e0y \u0111\u00eam \u0111\u00e1ng k\u1ec3<\/strong>, Taichy Food t\u1eadn d\u1ee5ng \u0111i\u1ec1u ki\u1ec7n tr\u1ed3ng c\u00e0 chua l\u00fd t\u01b0\u1edfng. Nh\u1eefng y\u1ebfu t\u1ed1 t\u1ef1 nhi\u00ean n\u00e0y gi\u00fap c\u00e0 chua l\u1edbn h\u01a1n, t\u00edch l\u0169y <strong data-start=\"844\" data-end=\"868\">n\u1ed9i dung ch\u1ea5t r\u1eafn cao h\u01a1n<\/strong>, v\u00e0 ph\u00e1t tri\u1ec3n <strong data-start=\"882\" data-end=\"906\">m\u1ee9c lycopene phong ph\u00fa<\/strong>, khi\u1ebfn ch\u00fang \u0111\u1eb7c bi\u1ec7t ph\u00f9 h\u1ee3p \u0111\u1ec3 <strong data-start=\"944\" data-end=\"970\">Th\u00f9ng 220L m\u1eadt ong c\u00e0 chua<\/strong> s\u1eed d\u1ee5ng trong c\u00e1c \u1ee9ng d\u1ee5ng c\u00f4ng nghi\u1ec7p v\u00e0 d\u1ecbch v\u1ee5 th\u1ef1c ph\u1ea9m.<\/p>\n<p><!--more--><\/p>\n<h2><strong>2. V\u1ec1 M\u1ee5c N\u01b0\u1edbc S\u1ed1t C\u00e0 Chua Trong Th\u00f9ng <span class=\"math-inline\"><span class=\"katex\"><span class=\"katex-html\" aria-hidden=\"true\"><span class=\"base\"><span class=\"mord\">220<\/span><span class=\"mord text\"><span class=\"mord\">L<\/span><\/span><\/span><\/span><\/span><\/span><\/strong><\/h2>\n<p>S\u1ea3n ph\u1ea9m c\u1ee7a ch\u00fang t\u00f4i <b><span class=\"math-inline\"><span class=\"katex\"><span class=\"katex-html\" aria-hidden=\"true\"><span class=\"base\"><span class=\"mord\">220<\/span><span class=\"mord text\"><span class=\"mord\">L<\/span><\/span><\/span><\/span><\/span><\/span> <span class=\"math-inline\"><span class=\"katex\"><span class=\"katex-html\" aria-hidden=\"true\"><span class=\"base\"><span class=\"mord text\"><span class=\"mord\">n\u01b0\u1edbc s\u1ed1t c\u00e0 chua trong th\u00f9ng<\/span><\/span><\/span><\/span><\/span><\/span><\/b> \u0111\u01b0\u1ee3c l\u00e0m t\u1eeb <strong><span class=\"math-inline\"><span class=\"katex\"><span class=\"katex-html\" aria-hidden=\"true\"><span class=\"base\"><span class=\"mord\">100%<\/span><\/span><\/span><\/span><\/span> c\u00e0 chua t\u01b0\u01a1i<\/strong>, <strong>ch\u00edn m\u1ecdng<\/strong> v\u00e0 l\u00e0 nguy\u00ean li\u1ec7u th\u00f4 \u0111\u01b0\u1ee3c c\u00e1c nh\u00e0 s\u1ea3n xu\u1ea5t th\u1ef1c ph\u1ea9m to\u00e0n c\u1ea7u \u01b0a chu\u1ed9ng. Ch\u00fang t\u00f4i cung c\u1ea5p <b><span class=\"math-inline\"><span class=\"katex\"><span class=\"katex-html\" aria-hidden=\"true\"><span class=\"base\"><span class=\"mord\">220<\/span><span class=\"mord text\"><span class=\"mord\">L<\/span><\/span><\/span><\/span><\/span><\/span> <span class=\"math-inline\"><span class=\"katex\"><span class=\"katex-html\" aria-hidden=\"true\"><span class=\"base\"><span class=\"mord text\"><span class=\"mord\">b\u00e1n bu\u00f4n n\u01b0\u1edbc s\u1ed1t c\u00e0 chua trong th\u00f9ng<\/span><\/span><\/span><\/span><\/span><\/span><\/b>\u00a0\u0111\u00f3ng g\u00f3i \u0111\u1ec3 \u0111\u1ea3m b\u1ea3o ch\u1ea5t l\u01b0\u1ee3ng cao nh\u1ea5t v\u00e0 hi\u1ec7u qu\u1ea3 v\u1ec1 chi ph\u00ed.<\/p>\n<p><b>\u0110i\u1ec3m N\u1ed5i B\u1eadt B\u00e1n H\u00e0ng:<\/b><\/p>\n<ul>\n<li><b>\u0110\u1ea3m b\u1ea3o Ch\u1ea5t l\u01b0\u1ee3ng:<\/b> C\u00f3 s\u1eb5n trong c\u00e1c m\u1ee9c \u0111\u1ed9 t\u1eadp trung kh\u00e1c nhau (<strong><span class=\"math-inline\"><span class=\"katex\"><span class=\"katex-html\" aria-hidden=\"true\"><span class=\"base\"><span class=\"mord text\"><span class=\"mord\">Brix<\/span><\/span><\/span><\/span><\/span><\/span><\/strong>) t\u00f9y ch\u1ecdn, bao g\u1ed3m ti\u00eau chu\u1ea9n th\u1ecb tr\u01b0\u1eddng <strong><span class=\"math-inline\"><span class=\"katex\"><span class=\"katex-html\" aria-hidden=\"true\"><span class=\"base\"><span class=\"mord\">36<\/span><span class=\"mbin\">\u2212<\/span><\/span><span class=\"base\"><span class=\"mord\">38%<\/span><\/span><\/span><\/span><\/span> <span class=\"math-inline\"><span class=\"katex\"><span class=\"katex-html\" aria-hidden=\"true\"><span class=\"base\"><span class=\"mord text\"><span class=\"mord\">N\u01b0\u1edbc s\u1ed1t c\u00e0 chua Cold Break<\/span><\/span><\/span><\/span><\/span><\/span> n\u01b0\u1edbc s\u1ed1t c\u00e0 chua trong th\u00f9ng.<\/strong><\/li>\n<li><b>\u0110\u00f3ng g\u00f3i An To\u00e0n:<\/b> \u0110\u01b0\u1ee3c \u0111\u00f3ng g\u00f3i trong bao b\u00ec ch\u1eafc ch\u1eafn <strong><span class=\"math-inline\"><span class=\"katex\"><span class=\"katex-html\" aria-hidden=\"true\"><span class=\"base\"><span class=\"mord\">220<\/span><span class=\"mord text\"><span class=\"mord\">L<\/span><\/span><\/span><\/span><\/span><\/span> <span class=\"math-inline\"><span class=\"katex\"><span class=\"katex-html\" aria-hidden=\"true\"><span class=\"base\"><span class=\"mord text\"><span class=\"mord\">Th\u00f9ng phuy th\u00e9p<\/span><\/span><\/span><\/span><\/span><\/span><\/strong> v\u1edbi <strong>t\u00fai v\u00f4 tr\u00f9ng b\u00ean trong<\/strong>, \u0111\u1ea3m b\u1ea3o \u0111\u1ed9 t\u01b0\u01a1i ngon v\u00e0 an to\u00e0n c\u1ee7a s\u1ea3n ph\u1ea9m trong qu\u00e1 tr\u00ecnh v\u1eadn chuy\u1ec3n v\u00e0 l\u01b0u tr\u1eef.<\/li>\n<li><b>Ngu\u1ed3n cung to\u00e0n c\u1ea7u:<\/b> M\u1ea1ng l\u01b0\u1edbi logistics chuy\u00ean nghi\u1ec7p \u0111\u1ea3m b\u1ea3o giao h\u00e0ng nhanh tr\u00ean to\u00e0n th\u1ebf gi\u1edbi c\u1ee7a <b><span class=\"math-inline\"><span class=\"katex\"><span class=\"katex-html\" aria-hidden=\"true\"><span class=\"base\"><span class=\"mord\">220<\/span><span class=\"mord text\"><span class=\"mord\">L<\/span><\/span><\/span><\/span><\/span><\/span> M\u1eadt ong c\u00e0 chua Drum<\/b>, bao g\u1ed3m c\u00e1c c\u1ea3ng l\u1edbn \u1edf ch\u00e2u \u00c1 <b><span class=\"math-inline\"><span class=\"katex\"><span class=\"katex-html\" aria-hidden=\"true\"><span class=\"base\"><span class=\"mord text\"><span class=\"mord\">g\u1ea7n H\u1ed3ng K\u00f4ng<\/span><\/span><\/span><\/span><\/span><\/span><\/b>.<\/li>\n<\/ul>\n<figure id=\"attachment_171\" aria-describedby=\"caption-attachment-171\" style=\"width: 300px\" class=\"wp-caption alignleft\"><img fetchpriority=\"high\" decoding=\"async\" class=\"size-medium wp-image-171\" src=\"https:\/\/taichytomato.com\/wp-content\/uploads\/2025\/04\/top4-300x225.jpg\" alt=\"m\u1eadt ong c\u00e0 chua trong th\u00f9ng\" width=\"300\" height=\"225\" srcset=\"https:\/\/taichytomato.com\/wp-content\/uploads\/2025\/04\/top4-300x225.jpg 300w, https:\/\/taichytomato.com\/wp-content\/uploads\/2025\/04\/top4.jpg 500w\" sizes=\"(max-width: 300px) 100vw, 300px\" \/><figcaption id=\"caption-attachment-171\" class=\"wp-caption-text\">m\u1eadt ong c\u00e0 chua trong th\u00f9ng<\/figcaption><\/figure>\n<figure id=\"attachment_169\" aria-describedby=\"caption-attachment-169\" style=\"width: 300px\" class=\"wp-caption alignleft\"><img decoding=\"async\" class=\"size-medium wp-image-169\" src=\"https:\/\/taichytomato.com\/wp-content\/uploads\/2025\/04\/top1-300x224.jpg\" alt=\"m\u1eadt ong c\u00e0 chua trong th\u00f9ng\" width=\"300\" height=\"224\" srcset=\"https:\/\/taichytomato.com\/wp-content\/uploads\/2025\/04\/top1-300x224.jpg 300w, https:\/\/taichytomato.com\/wp-content\/uploads\/2025\/04\/top1-600x448.jpg 600w, https:\/\/taichytomato.com\/wp-content\/uploads\/2025\/04\/top1.jpg 610w\" sizes=\"(max-width: 300px) 100vw, 300px\" \/><figcaption id=\"caption-attachment-169\" class=\"wp-caption-text\">m\u1eadt ong c\u00e0 chua trong th\u00f9ng<\/figcaption><\/figure>\n<figure id=\"attachment_2374\" aria-describedby=\"caption-attachment-2374\" style=\"width: 260px\" class=\"wp-caption alignleft\"><img decoding=\"async\" class=\"wp-image-2374\" src=\"https:\/\/taichytomato.com\/wp-content\/uploads\/2025\/09\/220L-Standard-Barrier-Aseptic-Packaging-Plastic-Packing-Pouch-Food-Package-for-Tomato-Paste-Aseptic-Bags-300x300.webp\" alt=\"\u0110\u00f3ng g\u00f3i v\u00f4 tr\u00f9ng\" width=\"260\" height=\"260\" srcset=\"https:\/\/taichytomato.com\/wp-content\/uploads\/2025\/09\/220L-Standard-Barrier-Aseptic-Packaging-Plastic-Packing-Pouch-Food-Package-for-Tomato-Paste-Aseptic-Bags-300x300.webp 300w, https:\/\/taichytomato.com\/wp-content\/uploads\/2025\/09\/220L-Standard-Barrier-Aseptic-Packaging-Plastic-Packing-Pouch-Food-Package-for-Tomato-Paste-Aseptic-Bags-1024x1024.webp 1024w, https:\/\/taichytomato.com\/wp-content\/uploads\/2025\/09\/220L-Standard-Barrier-Aseptic-Packaging-Plastic-Packing-Pouch-Food-Package-for-Tomato-Paste-Aseptic-Bags-150x150.webp 150w, https:\/\/taichytomato.com\/wp-content\/uploads\/2025\/09\/220L-Standard-Barrier-Aseptic-Packaging-Plastic-Packing-Pouch-Food-Package-for-Tomato-Paste-Aseptic-Bags-768x768.webp 768w, https:\/\/taichytomato.com\/wp-content\/uploads\/2025\/09\/220L-Standard-Barrier-Aseptic-Packaging-Plastic-Packing-Pouch-Food-Package-for-Tomato-Paste-Aseptic-Bags-600x600.webp 600w, https:\/\/taichytomato.com\/wp-content\/uploads\/2025\/09\/220L-Standard-Barrier-Aseptic-Packaging-Plastic-Packing-Pouch-Food-Package-for-Tomato-Paste-Aseptic-Bags-100x100.webp 100w, https:\/\/taichytomato.com\/wp-content\/uploads\/2025\/09\/220L-Standard-Barrier-Aseptic-Packaging-Plastic-Packing-Pouch-Food-Package-for-Tomato-Paste-Aseptic-Bags.webp 1500w\" sizes=\"(max-width: 260px) 100vw, 260px\" \/><figcaption id=\"caption-attachment-2374\" class=\"wp-caption-text\">\u0110\u00f3ng g\u00f3i v\u00f4 tr\u00f9ng<\/figcaption><\/figure>\n<p><!--more--><\/p>\n<h2>B\u1ea3ng th\u00f4ng s\u1ed1 k\u1ef9 thu\u1eadt s\u1ea3n ph\u1ea9m<\/h2>\n<table dir=\"ltr\" style=\"height: 312px;\" border=\"1\" width=\"1337\" cellspacing=\"0\" cellpadding=\"0\" data-sheets-root=\"1\" data-sheets-baot=\"1\">\n<colgroup>\n<col width=\"100\" \/>\n<col width=\"399\" \/><\/colgroup>\n<tbody>\n<tr>\n<td>Th\u00f4ng s\u1ed1 k\u1ef9 thu\u1eadt<\/td>\n<td>Chi ti\u1ebft<\/td>\n<\/tr>\n<tr>\n<td>Lo\u1ea1i \u0111\u00f3ng g\u00f3i<\/td>\n<td><strong>T\u00fai v\u00f4 tr\u00f9ng trong th\u00f9ng th\u00e9p<\/strong><\/td>\n<\/tr>\n<tr>\n<td>Tr\u1ecdng l\u01b0\u1ee3ng t\u1ecbnh<\/td>\n<td>Kho\u1ea3ng 235KG \/ <span class=\"math-inline\"><span class=\"katex\"><span class=\"katex-html\" aria-hidden=\"true\"><span class=\"base\"><span class=\"mord\">220<\/span><span class=\"mord text\"><span class=\"mord\">\u00a0th\u00f9ng ch\u1ee9a l\u00edt<\/span><\/span><\/span><\/span><\/span><\/span><\/td>\n<\/tr>\n<tr>\n<td>Dung t\u00edch<\/td>\n<td>Th\u00f9ng ch\u1ee9a 220 l\u00edt<\/td>\n<\/tr>\n<tr>\n<td>T\u1eadp trung c\u00e0 chua (<a href=\"https:\/\/taichytomato.com\/vi\/brix-and-tomato-concentrate\/\">Brix<\/a>)<\/td>\n<td><a href=\"https:\/\/taichytomato.com\/vi\/san-pham\/drum-tomato-paste-36-38\/\">36\u221238% CB<\/a> (<a href=\"https:\/\/taichytomato.com\/vi\/what-is-cold-break-tomato-paste-a-guide-to-the-cb-production-process\/\">Cold Break<\/a>) \/<a href=\"https:\/\/taichytomato.com\/vi\/san-pham\/28-30-brix-tomato-paste\/\">28-30%CB<\/a> (Cold Break)\/ 28\u221230% HB (<a href=\"https:\/\/taichytomato.com\/vi\/what-is-hot-break-tomato-paste-key-features-industrial-applications\/\">Ph\u00e1 nhi\u1ec7t n\u00f3ng<\/a>)<\/td>\n<\/tr>\n<tr>\n<td><a href=\"https:\/\/taichytomato.com\/vi\/l-and-a-b-values-tomato-paste\/\">M\u00e0u s\u1eafc (A\/B)<\/a><\/td>\n<td>A\/B\uff1e2.1<\/td>\n<\/tr>\n<\/tbody>\n<\/table>\n<h2><!--more-->4. Th\u00f4ng tin mua h\u00e0ng v\u00e0 d\u1ecbch v\u1ee5<\/h2>\n<h2>Khuy\u1ebfn m\u00e3i &amp; B\u00e1o gi\u00e1 b\u00e1n s\u1ec9 B\u1ed9t c\u00e0 chua 220L<\/h2>\n<p data-start=\"1648\" data-end=\"1808\">Taichy Food cung c\u1ea5p m\u1ee9c c\u1ea1nh tranh <strong data-start=\"1679\" data-end=\"1711\">Khuy\u1ebfn m\u00e3i m\u1ef3 c\u00e0 chua 220L<\/strong> trong m\u00f9a ch\u1ebf bi\u1ebfn v\u00e0 cho h\u1ee3p t\u00e1c l\u00e2u d\u00e0i. L\u00e0 nh\u00e0 s\u1ea3n xu\u1ea5t tr\u1ef1c ti\u1ebfp, ch\u00fang t\u00f4i \u0111\u1ea3m b\u1ea3o:<\/p>\n<ul data-start=\"1810\" data-end=\"2004\">\n<li data-start=\"1810\" data-end=\"1868\">\n<p data-start=\"1812\" data-end=\"1868\"><strong data-start=\"1812\" data-end=\"1840\">B\u00e1o gi\u00e1 m\u1ef3 c\u00e0 chua 220L<\/strong> v\u1edbi b\u1ea3ng ph\u00e2n t\u00edch chi ph\u00ed r\u00f5 r\u00e0ng<\/p>\n<\/li>\n<li data-start=\"1869\" data-end=\"1911\">\n<p data-start=\"1871\" data-end=\"1911\">N\u0103ng l\u1ef1c cung c\u1ea5p \u1ed5n \u0111\u1ecbnh cho \u0111\u01a1n h\u00e0ng s\u1ed1 l\u01b0\u1ee3ng l\u1edbn<\/p>\n<\/li>\n<li data-start=\"1912\" data-end=\"1945\">\n<p data-start=\"1914\" data-end=\"1945\">MOQ linh ho\u1ea1t cho \u0111\u01a1n h\u00e0ng th\u1eed nghi\u1ec7m<\/p>\n<\/li>\n<li data-start=\"1946\" data-end=\"2004\">\n<p data-start=\"1948\" data-end=\"2004\">Ph\u1ea3n h\u1ed3i nhanh v\u1ec1 gi\u00e1 c\u1ea3 v\u00e0 th\u00f4ng s\u1ed1 k\u1ef9 thu\u1eadt<\/p>\n<\/li>\n<\/ul>\n<p data-start=\"2006\" data-end=\"2171\">N\u1ebfu b\u1ea1n \u0111ang t\u00ecm ngu\u1ed3n t\u1eeb Trung Qu\u1ed1c, ch\u00fang t\u00f4i <strong data-start=\"2042\" data-end=\"2074\">gi\u00e1 m\u1ef3 c\u00e0 chua trong th\u00f9ng 220L<\/strong> \u0111\u01b0\u1ee3c \u0111\u1ecbnh v\u1ecb \u0111\u1ec3 mang l\u1ea1i m\u1ed9t <strong data-start=\"2102\" data-end=\"2141\">l\u1ee3i th\u1ebf v\u1ec1 chi ph\u00ed c\u00f4ng b\u1eb1ng v\u00e0 b\u1ec1n v\u1eefng<\/strong> m\u00e0 kh\u00f4ng \u1ea3nh h\u01b0\u1edfng \u0111\u1ebfn ch\u1ea5t l\u01b0\u1ee3ng.<\/p>\n<hr \/>\n<h2 data-start=\"2173\" data-end=\"2235\">5. M\u1ef3 c\u00e0 chua trong th\u00f9ng 220L s\u1ed1 l\u01b0\u1ee3ng l\u1edbn \u2013 Gi\u00e1 c\u1ea3 h\u1ee3p l\u00fd, tr\u1ef1c ti\u1ebfp t\u1eeb nh\u00e0 m\u00e1y<\/h2>\n<p data-start=\"2236\" data-end=\"2414\">D\u00e0nh cho c\u00e1c nh\u00e0 mua h\u00e0ng t\u00ecm ki\u1ebfm <strong data-start=\"2255\" data-end=\"2297\">gi\u00e1 h\u1ee3p l\u00fd cho m\u1ef3 c\u00e0 chua trong th\u00f9ng 220L s\u1ed1 l\u01b0\u1ee3ng l\u1edbn<\/strong>, Taichy Food cung c\u1ea5p ngu\u1ed3n h\u00e0ng tr\u1ef1c ti\u1ebfp t\u1eeb nh\u00e0 m\u00e1y, gi\u1ea3m thi\u1ec3u trung gian kh\u00f4ng c\u1ea7n thi\u1ebft. S\u1ea3n ph\u1ea9m c\u1ee7a ch\u00fang t\u00f4i \u0111\u01b0\u1ee3c s\u1eed d\u1ee5ng r\u1ed9ng r\u00e3i trong:<\/p>\n<ul data-start=\"2416\" data-end=\"2526\">\n<li data-start=\"2416\" data-end=\"2458\">\n<p data-start=\"2418\" data-end=\"2458\">S\u1ea3n xu\u1ea5t s\u1ed1t c\u00e0 chua v\u00e0 ketchup<\/p>\n<\/li>\n<li data-start=\"2459\" data-end=\"2485\">\n<p data-start=\"2461\" data-end=\"2485\">Nh\u00e0 m\u00e1y ch\u1ebf bi\u1ebfn th\u1ef1c ph\u1ea9m<\/p>\n<\/li>\n<li data-start=\"2486\" data-end=\"2526\">\n<p data-start=\"2488\" data-end=\"2526\">D\u1ef1 \u00e1n \u0111\u00f3ng g\u00f3i l\u1ea1i v\u00e0 th\u01b0\u01a1ng hi\u1ec7u ri\u00eang<\/p>\n<\/li>\n<\/ul>\n<figure id=\"attachment_1353\" class=\"wp-caption alignnone\" aria-describedby=\"caption-attachment-1353\"><\/figure>\n<h2><strong>6.C\u00e2u h\u1ecfi th\u01b0\u1eddng g\u1eb7p<\/strong><\/h2>\n<p><strong>H: B\u1ea1n c\u00f3 cung c\u1ea5p m\u1eabu kh\u00f4ng? C\u00f3 mi\u1ec5n ph\u00ed kh\u00f4ng?\u00a0<\/strong><\/p>\n<p>\u0110: Ch\u00fang t\u00f4i c\u00f3 th\u1ec3 cung c\u1ea5p m\u1eabu mi\u1ec5n ph\u00ed, nh\u01b0ng b\u1ea1n c\u1ea7n tr\u1ea3 ph\u00ed v\u1eadn chuy\u1ec3n. n\u1ebfu b\u1ea1n mu\u1ed1n vui l\u00f2ng nh\u1ea5n\u00a0<a href=\"https:\/\/taichytomato.com\/vi\/contact\/\">t\u1ea1i \u0111\u00e2y\u00a0<\/a><\/p>\n<p><strong>H: B\u1ea1n c\u00f3 ch\u1ee9ng ch\u1ec9 n\u00e0o?\u00a0<\/strong><\/p>\n<p>\u0110: Ch\u00fang t\u00f4i c\u00f3 ch\u1ee9ng nh\u1eadn HACCP, ISO, BRC, HALAL.<\/p>\n<p><strong>H: D\u1ecbch v\u1ee5 v\u1eadn chuy\u1ec3n c\u1ee7a b\u1ea1n l\u00e0 g\u00ec?\u00a0<\/strong><\/p>\n<p>\u0110: Ch\u00fang t\u00f4i c\u00f3 th\u1ec3 cung c\u1ea5p d\u1ecbch v\u1ee5 \u0111\u1eb7t t\u00e0u, h\u1ee3p nh\u1ea5t h\u00e0ng h\u00f3a, khai b\u00e1o h\u1ea3i quan, chu\u1ea9n b\u1ecb ch\u1ee9ng t\u1eeb v\u1eadn chuy\u1ec3n v\u00e0 giao h\u00e0ng s\u1ed1 l\u01b0\u1ee3ng l\u1edbn t\u1ea1i c\u1ea3ng.<\/p>\n<p><strong>H: MOQ c\u1ee7a b\u1ea1n l\u00e0 bao nhi\u00eau?\u00a0<\/strong><\/p>\n<p>\u0110: MOQ c\u1ee7a ch\u00fang t\u00f4i th\u01b0\u1eddng l\u00e0 m\u1ed9t container, nh\u01b0ng ch\u00fang t\u00f4i c\u0169ng c\u00f3 th\u1ec3 gi\u00fap LCL n\u1ebfu b\u1ea1n c\u1ea7n.<\/p>\n<p><b>Q:<\/b> C\u00f3 ph\u1ea3i <b><span class=\"math-inline\"><span class=\"katex\"><span class=\"katex-html\" aria-hidden=\"true\"><span class=\"base\"><span class=\"mord\">220<\/span><span class=\"mord text\"><span class=\"mord\">L<\/span><\/span><\/span><\/span><\/span><\/span> <span class=\"math-inline\"><span class=\"katex\"><span class=\"katex-html\" aria-hidden=\"true\"><span class=\"base\"><span class=\"mord text\"><span class=\"mord\">gi\u00e1 b\u1ed9t c\u00e0 chua \u0111\u00f3ng th\u00f9ng phuy<\/span><\/span><\/span><\/span><\/span><\/span><\/b> c\u1ed1 \u0111\u1ecbnh kh\u00f4ng?<\/p>\n<p>A<b>:<\/b> Do bi\u1ebfn \u0111\u1ed9ng v\u1ec1 gi\u00e1 nguy\u00ean li\u1ec7u th\u00f4 v\u00e0 chi ph\u00ed v\u1eadn chuy\u1ec3n, gi\u00e1 <b><span class=\"math-inline\"><span class=\"katex\"><span class=\"katex-html\" aria-hidden=\"true\"><span class=\"base\"><span class=\"mord\">220<\/span><span class=\"mord text\"><span class=\"mord\">l<\/span><\/span><\/span><\/span><\/span><\/span> <span class=\"math-inline\"><span class=\"katex\"><span class=\"katex-html\" aria-hidden=\"true\"><span class=\"base\"><span class=\"mord text\"><span class=\"mord\">b\u1ed9t c\u00e0 chua \u0111\u00f3ng th\u00f9ng phuy<\/span><\/span><\/span><\/span><\/span><\/span><\/b> c\u00f3 th\u1ec3 thay \u0111\u1ed5i. Vui l\u00f2ng li\u00ean h\u1ec7 v\u1edbi ch\u00fang t\u00f4i \u0111\u1ec3 bi\u1ebft <b>b\u00e1o gi\u00e1 m\u1edbi nh\u1ea5t<\/b> d\u1ef1a tr\u00ean th\u1ecb tr\u01b0\u1eddng hi\u1ec7n t\u1ea1i v\u00e0 s\u1ed1 l\u01b0\u1ee3ng \u0111\u1eb7t h\u00e0ng c\u1ee7a b\u1ea1n.<\/p>\n<p><strong>Q<\/strong><b>:<\/b> C\u00e1i g\u00ec l\u00e0 <b><span class=\"math-inline\"><span class=\"katex\"><span class=\"katex-html\" aria-hidden=\"true\"><span class=\"base\"><span class=\"mord text\"><span class=\"mord\">B\u1ed9t C\u00e0 Chua \u0110\u00f3ng Th\u00f9ng Phuy S\u1ed1 L\u01b0\u1ee3ng L\u1edbn \u00c9p L\u1ea1nh 220L Th\u00f9ng Phuy Th\u00e9p<\/span><\/span><\/span><\/span><\/span><\/span><\/b>?<\/p>\n<p>A<b>:<\/b> \u0110i\u1ec1u n\u00e0y \u0111\u1ec1 c\u1eadp \u0111\u1ebfn <span class=\"math-inline\"><span class=\"katex\"><span class=\"katex-html\" aria-hidden=\"true\"><span class=\"base\"><span class=\"mord\">220<\/span><span class=\"mord text\"><span class=\"mord\">L<\/span><\/span><\/span><\/span><\/span><\/span> dung t\u00edch l\u1edbn <b>s\u1ed1 l\u01b0\u1ee3ng l\u1edbn<\/b> b\u1ed9t c\u00e0 chua \u0111\u00f3ng g\u00f3i, \u0111\u01b0\u1ee3c s\u1ea3n xu\u1ea5t b\u1eb1ng <b>Cold Break<\/b> quy tr\u00ecnh, t\u1ea1o ra \u0111\u1ed9 nh\u1edbt cao, th\u01b0\u1eddng \u0111\u01b0\u1ee3c s\u1eed d\u1ee5ng \u0111\u1ec3 l\u00e0m c\u00e1c s\u1ea3n ph\u1ea9m c\u00e0 chua \u0111\u1eb7c. Bao b\u00ec l\u00e0 <b>Th\u00f9ng Phuy Th\u00e9p<\/b> \u0111\u1ec3 \u0111\u1ea3m b\u1ea3o an to\u00e0n.<\/p>","protected":false},"excerpt":{"rendered":"<p>S\u1ea3n ph\u1ea9m c\u1ee7a ch\u00fang t\u00f4i <b><span class=\"math-inline\"><span class=\"katex\"><span class=\"katex-html\" aria-hidden=\"true\"><span class=\"base\"><span class=\"mord\">220<\/span><span class=\"mord text\"><span class=\"mord\">L<\/span><\/span><\/span><\/span><\/span><\/span> M\u1eadt ong c\u00e0 chua Drum<\/b> l\u00e0 m\u1ed9t s\u1ea3n ph\u1ea9m cao c\u1ea5p <strong>B\u00e1n s\u1ec9<\/strong>\u00a0th\u00e0nh ph\u1ea7n \u0111\u01b0\u1ee3c thi\u1ebft k\u1ebf \u0111\u1eb7c bi\u1ec7t cho nhu c\u1ea7u c\u00f4ng nghi\u1ec7p v\u00e0 b\u00e1n s\u1ec9. \u0110\u01b0\u1ee3c c\u00f4 \u0111\u1eb7c t\u1eeb c\u00e0 chua t\u01b0\u01a1i, ch\u00edn m\u1ecdng, s\u1ea3n ph\u1ea9m c\u00f3 s\u1eb5n \u1edf nhi\u1ec1u <span class=\"math-inline\"><span class=\"katex\"><span class=\"katex-html\" aria-hidden=\"true\"><span class=\"base\"><span class=\"mord text\"><span class=\"mord\">Brix<\/span><\/span><\/span><\/span><\/span><\/span> c\u1ea5p \u0111\u1ed9 (v\u00ed d\u1ee5:.<a href=\"https:\/\/taichytomato.com\/vi\/san-pham\/tomato-paste-28-30\/\">28-30%<\/a> ,<a href=\"https:\/\/taichytomato.com\/vi\/san-pham\/30-32-drum-tomato-paste\/\"> 30-32%<\/a> ,<a href=\"https:\/\/taichytomato.com\/vi\/san-pham\/tomato-paste-36-38\/\"> <span class=\"math-inline\"><span class=\"katex\"><span class=\"katex-html\" aria-hidden=\"true\"><span class=\"base\"><span class=\"mord\">36<\/span><span class=\"mbin\">\u2212<\/span><\/span><span class=\"base\"><span class=\"mord\">38%<\/span><\/span><\/span><\/span><\/span><\/a> ). S\u1ea3n ph\u1ea9m \u0111\u01b0\u1ee3c<strong> \u0111\u00f3ng g\u00f3i v\u00f4 tr\u00f9ng<\/strong> trong m\u1ed9t <strong>m\u1ea1nh m\u1ebd <span class=\"math-inline\"><span class=\"katex\"><span class=\"katex-html\" aria-hidden=\"true\"><span class=\"base\"><span class=\"mord text\"><span class=\"mord\">Th\u00f9ng phuy th\u00e9p<\/span><\/span><\/span><\/span><\/span><\/span><\/strong> \u0111\u1ec3 \u0111\u1ea3m b\u1ea3o <strong>ch\u1ea5t l\u01b0\u1ee3ng \u1ed5n \u0111\u1ecbnh<\/strong> v\u00e0 <strong>\u0111\u1ed9 t\u01b0\u01a1i<\/strong> t\u1eeb kh\u00e2u s\u1ea3n xu\u1ea5t \u0111\u1ebfn kh\u00e2u giao h\u00e0ng, bi\u1ebfn n\u00f3 tr\u1edf th\u00e0nh m\u1ed9t l\u1ef1a ch\u1ecdn l\u00fd t\u01b0\u1edfng cho <strong>ch\u1ebf bi\u1ebfn th\u1ef1c ph\u1ea9m<\/strong> v\u00e0 <strong>ng\u00e0nh c\u00f4ng nghi\u1ec7p ph\u1ee5c v\u1ee5 \u0103n u\u1ed1ng<\/strong>. Vui l\u00f2ng li\u00ean h\u1ec7 v\u1edbi ch\u00fang t\u00f4i \u0111\u1ec3 bi\u1ebft <b>Gi\u00e1 c\u1ea3<\/b> v\u00e0 <b>B\u00e1o gi\u00e1 B\u00e1n s\u1ec9<\/b>.<\/p>","protected":false},"featured_media":170,"template":"","meta":{"_acf_changed":false,"_seopress_robots_primary_cat":"none","_seopress_titles_title":"220L Drum Tomato Paste Factory & Wholesale Supply","_seopress_titles_desc":"China 220L tomato paste direct from factory. Low-cost pricing, fast wholesale supply, promotions, and customized drums. Request quotes today.","_seopress_robots_index":"","site-sidebar-layout":"default","site-content-layout":"","ast-site-content-layout":"default","site-content-style":"default","site-sidebar-style":"default","ast-global-header-display":"","ast-banner-title-visibility":"","ast-main-header-display":"","ast-hfb-above-header-display":"","ast-hfb-below-header-display":"","ast-hfb-mobile-header-display":"","site-post-title":"","ast-breadcrumbs-content":"","ast-featured-img":"","footer-sml-layout":"","ast-disable-related-posts":"","theme-transparent-header-meta":"default","adv-header-id-meta":"","stick-header-meta":"","header-above-stick-meta":"","header-main-stick-meta":"","header-below-stick-meta":"","astra-migrate-meta-layouts":"set","ast-page-background-enabled":"default","ast-page-background-meta":{"desktop":{"background-color":"var(--ast-global-color-5)","background-image":"","background-repeat":"repeat","background-position":"center center","background-size":"auto","background-attachment":"scroll","background-type":"","background-media":"","overlay-type":"","overlay-color":"","overlay-opacity":"","overlay-gradient":""},"tablet":{"background-color":"","background-image":"","background-repeat":"repeat","background-position":"center center","background-size":"auto","background-attachment":"scroll","background-type":"","background-media":"","overlay-type":"","overlay-color":"","overlay-opacity":"","overlay-gradient":""},"mobile":{"background-color":"","background-image":"","background-repeat":"repeat","background-position":"center center","background-size":"auto","background-attachment":"scroll","background-type":"","background-media":"","overlay-type":"","overlay-color":"","overlay-opacity":"","overlay-gradient":""}},"ast-content-background-meta":{"desktop":{"background-color":"var(--ast-global-color-4)","background-image":"","background-repeat":"repeat","background-position":"center center","background-size":"auto","background-attachment":"scroll","background-type":"","background-media":"","overlay-type":"","overlay-color":"","overlay-opacity":"","overlay-gradient":""},"tablet":{"background-color":"var(--ast-global-color-4)","background-image":"","background-repeat":"repeat","background-position":"center center","background-size":"auto","background-attachment":"scroll","background-type":"","background-media":"","overlay-type":"","overlay-color":"","overlay-opacity":"","overlay-gradient":""},"mobile":{"background-color":"var(--ast-global-color-4)","background-image":"","background-repeat":"repeat","background-position":"center center","background-size":"auto","background-attachment":"scroll","background-type":"","background-media":"","overlay-type":"","overlay-color":"","overlay-opacity":"","overlay-gradient":""}}},"product_brand":[],"product_cat":[28],"product_tag":[207],"class_list":{"0":"post-2369","1":"product","2":"type-product","3":"status-publish","4":"has-post-thumbnail","6":"product_cat-drum-tomato-paste","7":"product_tag-big-drum-tomato-paste","8":"desktop-align-left","9":"tablet-align-left","10":"mobile-align-left","12":"first","13":"instock","14":"sale","15":"shipping-taxable","16":"purchasable","17":"product-type-simple"},"acf":[],"_links":{"self":[{"href":"https:\/\/taichytomato.com\/vi\/wp-json\/wp\/v2\/product\/2369","targetHints":{"allow":["GET"]}}],"collection":[{"href":"https:\/\/taichytomato.com\/vi\/wp-json\/wp\/v2\/product"}],"about":[{"href":"https:\/\/taichytomato.com\/vi\/wp-json\/wp\/v2\/types\/product"}],"version-history":[{"count":0,"href":"https:\/\/taichytomato.com\/vi\/wp-json\/wp\/v2\/product\/2369\/revisions"}],"wp:featuredmedia":[{"embeddable":true,"href":"https:\/\/taichytomato.com\/vi\/wp-json\/wp\/v2\/media\/170"}],"wp:attachment":[{"href":"https:\/\/taichytomato.com\/vi\/wp-json\/wp\/v2\/media?parent=2369"}],"wp:term":[{"taxonomy":"product_brand","embeddable":true,"href":"https:\/\/taichytomato.com\/vi\/wp-json\/wp\/v2\/product_brand?post=2369"},{"taxonomy":"product_cat","embeddable":true,"href":"https:\/\/taichytomato.com\/vi\/wp-json\/wp\/v2\/product_cat?post=2369"},{"taxonomy":"product_tag","embeddable":true,"href":"https:\/\/taichytomato.com\/vi\/wp-json\/wp\/v2\/product_tag?post=2369"}],"curies":[{"name":"wp","href":"https:\/\/api.w.org\/{rel}","templated":true}]}}