{"id":1980,"date":"2025-07-20T23:17:02","date_gmt":"2025-07-21T07:17:02","guid":{"rendered":"https:\/\/taichytomato.com\/?post_type=product&#038;p=1980"},"modified":"2025-08-18T20:10:16","modified_gmt":"2025-08-19T04:10:16","slug":"whole-canned-peeled-tomatoes","status":"publish","type":"product","link":"https:\/\/taichytomato.com\/vi\/san-pham\/whole-canned-peeled-tomatoes\/","title":{"rendered":"C\u00e0 chua \u0111\u00f3ng h\u1ed9p \u0111\u00e3 g\u1ecdt v\u1ecf to\u00e0n ph\u1ea7n"},"content":{"rendered":"<h2><span style=\"color: #ff0000;\">C\u00e0 chua \u0111\u00f3ng h\u1ed9p \u0111\u00e3 g\u1ecdt v\u1ecf to\u00e0n ph\u1ea7n<\/span><\/h2>\n<h2><span style=\"color: #ff0000;\"><strong>1. M\u00f4 t\u1ea3 s\u1ea3n ph\u1ea9m<\/strong><\/span><\/h2>\n<p>C\u00e2y c\u00e0 chua \u1edf Gansu v\u00e0 ph\u00eda T\u00e2y B\u1eafc c\u1ee7a Trung Qu\u1ed1c, n\u01a1i c\u00f3 s\u1ef1 ch\u00eanh l\u1ec7ch nhi\u1ec7t \u0111\u1ed9 l\u1edbn nh\u1ea5t v\u00e0 th\u1eddi gian \u00e1nh s\u00e1ng ban ng\u00e0y d\u00e0i nh\u1ea5t. N\u00f3 gi\u1eef cho c\u00e0 chua ch\u1ea5t l\u01b0\u1ee3ng cao.<\/p>\n<p>B\u1ea1n mu\u1ed1n xem ch\u00fang t\u00f4i bi\u1ebfn \u0111\u1ed5i nguy\u00ean li\u1ec7u th\u00f4 cao c\u1ea5p th\u00e0nh s\u1ed1t c\u00e0 chua m\u00e0 b\u1ea1n tin t\u01b0\u1edfng?<\/p>\n<p><a href=\"https:\/\/taichytomato.com\/vi\/why-choose-us\/\">Kh\u00e1m ph\u00e1 l\u1ee3i th\u1ebf s\u1ea3n xu\u1ea5t c\u1ee7a ch\u00fang t\u00f4i.\u201d<\/a><\/p>\n<hr \/>\n<h2><span style=\"color: #ff0000;\"><strong>2. Th\u00f4ng s\u1ed1 k\u1ef9 thu\u1eadt s\u1ea3n ph\u1ea9m\u00a0<\/strong><\/span><\/h2>\n<p><strong>Th\u00f4ng s\u1ed1 k\u1ef9 thu\u1eadt 1:<\/strong><\/p>\n<div class=\"table-wrap\">\n<table class=\"table\" style=\"height: 613px;\" border=\"1\" width=\"1338\" cellspacing=\"1\" cellpadding=\"1\">\n<tbody>\n<tr>\n<td>T\u00ean s\u1ea3n ph\u1ea9m<\/td>\n<td>C\u00e0 chua \u0111\u00f3ng h\u1ed9p \u0111\u00e3 b\u00f3c v\u1ecf v\u00e0 c\u1eaft nh\u1ecf<\/td>\n<\/tr>\n<tr>\n<td>MOQ<\/td>\n<td>Container 1*20\u2019fcl<\/td>\n<\/tr>\n<tr>\n<td>Bao b\u00ec<\/td>\n<td>H\u1ed9p trong v\u00e0 carton ngo\u00e0i, c\u00f3 nh\u00e3n gi\u1ea5y<\/td>\n<\/tr>\n<tr>\n<td>\u0110i\u1ec1u kho\u1ea3n giao h\u00e0ng<\/td>\n<td>FOB, CIF, EXW<\/td>\n<\/tr>\n<tr>\n<td>Th\u1eddi gian giao h\u00e0ng<\/td>\n<td>35 ng\u00e0y sau khi nh\u1eadn \u0111\u01b0\u1ee3c ti\u1ec1n \u0111\u1eb7t c\u1ecdc<\/td>\n<\/tr>\n<tr>\n<td>\u0110i\u1ec1u kho\u1ea3n thanh to\u00e1n<\/td>\n<td>T\/T ho\u1eb7c L\/C sight, Western Union<\/td>\n<\/tr>\n<tr>\n<td>Kh\u1ea3 n\u0103ng cung \u1ee9ng<\/td>\n<td>30\u00d720\u2019fcl \/Th\u00e1ng<\/td>\n<\/tr>\n<tr>\n<td>C\u1ea3ng x\u1ebfp h\u00e0ng<\/td>\n<td>Trung Qu\u1ed1c<\/td>\n<\/tr>\n<tr>\n<td>MOQ<\/td>\n<td>Container 1*20\u2019fcl<\/td>\n<\/tr>\n<\/tbody>\n<\/table>\n<\/div>\n<div class=\"table-wrap\">\n<table class=\"table\" border=\"1\" cellspacing=\"1\" cellpadding=\"1\">\n<tbody>\n<tr>\n<td>&nbsp;<\/p>\n<p><strong>T\u00ean s\u1ea3n ph\u1ea9m<\/strong><\/td>\n<td><strong>Bao b\u00ec<\/strong><\/td>\n<td><strong>D.W. (G)<\/strong><\/td>\n<\/tr>\n<tr>\n<td rowspan=\"3\">C\u00e0 chua \u0111\u00f3ng h\u1ed9p \u0111\u00e3 b\u00f3c v\u1ecf v\u00e0 c\u1eaft nh\u1ecf<\/td>\n<td>400g x 24 lon<\/td>\n<td>220g<\/td>\n<\/tr>\n<tr>\n<td>800g x 12 lon<\/td>\n<td>440g<\/td>\n<\/tr>\n<tr>\n<td>2500g x 6 lon<\/td>\n<td>1375g<\/td>\n<\/tr>\n<\/tbody>\n<\/table>\n<\/div>\n<p>&nbsp;<\/p>\n<p>\u0110\u1ed1i v\u1edbi c\u00e1c gi\u1ea3i ph\u00e1p t\u00f9y ch\u1ec9nh ho\u1eb7c mua s\u1ed1 l\u01b0\u1ee3ng l\u1edbn,\u00a0<a href=\"https:\/\/taichytomato.com\/vi\/contact\/\">vui l\u00f2ng li\u00ean h\u1ec7 v\u1edbi \u0111\u1ed9i ng\u0169 b\u00e1n h\u00e0ng c\u1ee7a ch\u00fang t\u00f4i b\u1ea5t c\u1ee9 l\u00fac n\u00e0o.<\/a><\/p>\n<hr \/>\n<h2><span style=\"color: #ff0000;\"><strong>3. H\u00ecnh \u1ea3nh chi ti\u1ebft s\u1ea3n ph\u1ea9m<\/strong><\/span><\/h2>\n<figure id=\"attachment_1989\" aria-describedby=\"caption-attachment-1989\" style=\"width: 300px\" class=\"wp-caption alignnone\"><img fetchpriority=\"high\" decoding=\"async\" class=\"size-medium wp-image-1989\" src=\"https:\/\/taichytomato.com\/wp-content\/uploads\/2025\/07\/peeled-tomatoes-canned-oem-service2024071110171914dd3-300x300.webp\" alt=\"C\u00e0 chua b\u00f3c v\u1ecf \u0111\u00f3ng h\u1ed9p\" width=\"300\" height=\"300\" srcset=\"https:\/\/taichytomato.com\/wp-content\/uploads\/2025\/07\/peeled-tomatoes-canned-oem-service2024071110171914dd3-300x300.webp 300w, https:\/\/taichytomato.com\/wp-content\/uploads\/2025\/07\/peeled-tomatoes-canned-oem-service2024071110171914dd3-150x150.webp 150w, https:\/\/taichytomato.com\/wp-content\/uploads\/2025\/07\/peeled-tomatoes-canned-oem-service2024071110171914dd3-100x100.webp 100w, https:\/\/taichytomato.com\/wp-content\/uploads\/2025\/07\/peeled-tomatoes-canned-oem-service2024071110171914dd3.webp 600w\" sizes=\"(max-width: 300px) 100vw, 300px\" \/><figcaption id=\"caption-attachment-1989\" class=\"wp-caption-text\">C\u00e0 chua b\u00f3c v\u1ecf \u0111\u00f3ng h\u1ed9p<\/figcaption><\/figure>\n<figure id=\"attachment_1987\" aria-describedby=\"caption-attachment-1987\" style=\"width: 300px\" class=\"wp-caption alignnone\"><img decoding=\"async\" class=\"size-medium wp-image-1987\" src=\"https:\/\/taichytomato.com\/wp-content\/uploads\/2025\/07\/peeled-tomatoes-canned-oem-service20240711101719ed6e3-300x300.webp\" alt=\"C\u00e0 chua b\u00f3c v\u1ecf \u0111\u00f3ng h\u1ed9p\" width=\"300\" height=\"300\" srcset=\"https:\/\/taichytomato.com\/wp-content\/uploads\/2025\/07\/peeled-tomatoes-canned-oem-service20240711101719ed6e3-300x300.webp 300w, https:\/\/taichytomato.com\/wp-content\/uploads\/2025\/07\/peeled-tomatoes-canned-oem-service20240711101719ed6e3-150x150.webp 150w, https:\/\/taichytomato.com\/wp-content\/uploads\/2025\/07\/peeled-tomatoes-canned-oem-service20240711101719ed6e3-100x100.webp 100w, https:\/\/taichytomato.com\/wp-content\/uploads\/2025\/07\/peeled-tomatoes-canned-oem-service20240711101719ed6e3.webp 600w\" sizes=\"(max-width: 300px) 100vw, 300px\" \/><figcaption id=\"caption-attachment-1987\" class=\"wp-caption-text\">C\u00e0 chua b\u00f3c v\u1ecf \u0111\u00f3ng h\u1ed9p<\/figcaption><\/figure>\n<figure id=\"attachment_1986\" aria-describedby=\"caption-attachment-1986\" style=\"width: 300px\" class=\"wp-caption alignnone\"><img decoding=\"async\" class=\"size-medium wp-image-1986\" src=\"https:\/\/taichytomato.com\/wp-content\/uploads\/2025\/07\/peeled-tomatoes-canned-oem-service20240711101719cbc28-300x300.webp\" alt=\"C\u00e0 chua b\u00f3c v\u1ecf \u0111\u00f3ng h\u1ed9p\" width=\"300\" height=\"300\" srcset=\"https:\/\/taichytomato.com\/wp-content\/uploads\/2025\/07\/peeled-tomatoes-canned-oem-service20240711101719cbc28-300x300.webp 300w, https:\/\/taichytomato.com\/wp-content\/uploads\/2025\/07\/peeled-tomatoes-canned-oem-service20240711101719cbc28-150x150.webp 150w, https:\/\/taichytomato.com\/wp-content\/uploads\/2025\/07\/peeled-tomatoes-canned-oem-service20240711101719cbc28-100x100.webp 100w, https:\/\/taichytomato.com\/wp-content\/uploads\/2025\/07\/peeled-tomatoes-canned-oem-service20240711101719cbc28.webp 600w\" sizes=\"(max-width: 300px) 100vw, 300px\" \/><figcaption id=\"caption-attachment-1986\" class=\"wp-caption-text\">C\u00e0 chua b\u00f3c v\u1ecf \u0111\u00f3ng h\u1ed9p<\/figcaption><\/figure>\n<hr \/>\n<h2><span style=\"color: #ff0000;\"><strong>4.X\u01b0\u1edfng s\u1ea3n xu\u1ea5t<\/strong><\/span><\/h2>\n<p>Ch\u00e0o m\u1eebng \u0111\u1ebfn th\u0103m nh\u00e0 m\u00e1y s\u1ea3n ph\u1ea9m c\u00e0 chua c\u1ee7a ch\u00fang t\u00f4i v\u00e0 li\u00ean h\u1ec7 v\u1edbi ch\u00fang t\u00f4i.<\/p>\n<figure id=\"attachment_1352\" aria-describedby=\"caption-attachment-1352\" style=\"width: 500px\" class=\"wp-caption alignnone\"><img loading=\"lazy\" decoding=\"async\" class=\"wp-image-1352\" src=\"https:\/\/taichytomato.com\/wp-content\/uploads\/2025\/04\/1749522102558-300x225.jpg\" alt=\"D\u00f2ng s\u1ea3n ph\u1ea9m\" width=\"500\" height=\"375\" srcset=\"https:\/\/taichytomato.com\/wp-content\/uploads\/2025\/04\/1749522102558-300x225.jpg 300w, https:\/\/taichytomato.com\/wp-content\/uploads\/2025\/04\/1749522102558-1024x768.jpg 1024w, https:\/\/taichytomato.com\/wp-content\/uploads\/2025\/04\/1749522102558-768x576.jpg 768w, https:\/\/taichytomato.com\/wp-content\/uploads\/2025\/04\/1749522102558-1536x1152.jpg 1536w, https:\/\/taichytomato.com\/wp-content\/uploads\/2025\/04\/1749522102558-2048x1536.jpg 2048w, https:\/\/taichytomato.com\/wp-content\/uploads\/2025\/04\/1749522102558-600x450.jpg 600w\" sizes=\"(max-width: 500px) 100vw, 500px\" \/><figcaption id=\"caption-attachment-1352\" class=\"wp-caption-text\">D\u00f2ng s\u1ea3n ph\u1ea9m<\/figcaption><\/figure>\n<p>T\u00ecm hi\u1ec3u th\u00eam v\u1ec1 ki\u1ec3m so\u00e1t ch\u1ea5t l\u01b0\u1ee3ng, ch\u1ee9ng nh\u1eadn v\u00e0 quy tr\u00ecnh s\u1ea3n xu\u1ea5t c\u1ee7a ch\u00fang t\u00f4i b\u1eb1ng c\u00e1ch nh\u1ea5n\u00a0<a href=\"https:\/\/taichytomato.com\/vi\/how-is-tomato-paste-made-in-a-factory\/\">t\u1ea1i \u0111\u00e2y.<\/a><\/p>\n<hr \/>\n<h2><span style=\"color: #ff0000;\"><strong>5.\u0110\u00f3ng g\u00f3i &amp; V\u1eadn chuy\u1ec3n<\/strong><\/span><\/h2>\n<p><strong>Bao b\u00ec c\u1ee7a ch\u00fang t\u00f4i<\/strong><\/p>\n<ol>\n<li>H\u1ed9p carton gi\u1ea5y c\u1ee9ng v\u00e0 ch\u1eafc ch\u1eafn ph\u00f9 h\u1ee3p v\u1edbi v\u1eadn chuy\u1ec3n xu\u1ea5t kh\u1ea9u.<\/li>\n<li>B\u1ecdc m\u00e0ng co k\u00e8m khay<\/li>\n<li>Ch\u1ec9 b\u1ecdc m\u00e0ng co<\/li>\n<\/ol>\n<figure id=\"attachment_1380\" aria-describedby=\"caption-attachment-1380\" style=\"width: 529px\" class=\"wp-caption alignnone\"><img loading=\"lazy\" decoding=\"async\" class=\"wp-image-1380\" src=\"https:\/\/taichytomato.com\/wp-content\/uploads\/2025\/05\/\u56fe\u72471-300x76.jpg\" alt=\"Ph\u01b0\u01a1ng th\u1ee9c \u0111\u00f3ng g\u00f3i\" width=\"529\" height=\"134\" srcset=\"https:\/\/taichytomato.com\/wp-content\/uploads\/2025\/05\/\u56fe\u72471-300x76.jpg 300w, https:\/\/taichytomato.com\/wp-content\/uploads\/2025\/05\/\u56fe\u72471.jpg 600w\" sizes=\"(max-width: 529px) 100vw, 529px\" \/><figcaption id=\"caption-attachment-1380\" class=\"wp-caption-text\">Ph\u01b0\u01a1ng th\u1ee9c \u0111\u00f3ng g\u00f3i<\/figcaption><\/figure>\n<hr \/>\n<p><strong>6. Ch\u1ee9ng ch\u1ec9<\/strong><\/p>\n<figure id=\"attachment_1381\" aria-describedby=\"caption-attachment-1381\" style=\"width: 527px\" class=\"wp-caption alignnone\"><img loading=\"lazy\" decoding=\"async\" class=\"wp-image-1381\" src=\"https:\/\/taichytomato.com\/wp-content\/uploads\/2025\/05\/\u56fe\u72472-300x247.jpg\" alt=\"Ch\u1ee9ng Nh\u1eadn\" width=\"527\" height=\"434\" srcset=\"https:\/\/taichytomato.com\/wp-content\/uploads\/2025\/05\/\u56fe\u72472-300x247.jpg 300w, https:\/\/taichytomato.com\/wp-content\/uploads\/2025\/05\/\u56fe\u72472.jpg 600w\" sizes=\"(max-width: 527px) 100vw, 527px\" \/><figcaption id=\"caption-attachment-1381\" class=\"wp-caption-text\">Ch\u1ee9ng Nh\u1eadn<\/figcaption><\/figure>\n<h2><span style=\"color: #ff0000;\"><strong>7<\/strong><strong>.FAQ<\/strong><\/span><\/h2>\n<p><strong>1.Khi n\u00e0o t\u00f4i c\u00f3 th\u1ec3 nh\u1eadn \u0111\u01b0\u1ee3c b\u00e1o gi\u00e1?\u00a0<\/strong><\/p>\n<p>Ch\u00fang t\u00f4i th\u01b0\u1eddng b\u00e1o gi\u00e1 trong v\u00f2ng 12 gi\u1edd sau khi nh\u1eadn \u0111\u01b0\u1ee3c y\u00eau c\u1ea7u c\u1ee7a b\u1ea1n. N\u1ebfu b\u1ea1n c\u1ea7n g\u1ea5p \u0111\u1ec3 l\u1ea5y gi\u00e1, vui l\u00f2ng cho ch\u00fang t\u00f4i bi\u1ebft \u0111\u1ec3 ch\u00fang t\u00f4i xem y\u00eau c\u1ea7u c\u1ee7a b\u1ea1n l\u00e0 \u01b0u ti\u00ean. B\u1ea1n c\u0169ng c\u00f3 th\u1ec3 li\u00ean h\u1ec7 v\u1edbi ch\u00fang t\u00f4i qua WhatsApp g\u1ea5p. v\u00e0 \u0111\u1ed9i ng\u0169 marketing c\u1ee7a ch\u00fang t\u00f4i s\u1ebd lu\u00f4n tr\u1ef1c tuy\u1ebfn 24 gi\u1edd.<\/p>\n<p>&nbsp;<\/p>\n<p><strong>2.L\u00e0m th\u1ebf n\u00e0o \u0111\u1ec3 t\u00f4i l\u1ea5y m\u1eabu \u0111\u1ec3 ki\u1ec3m tra ch\u1ea5t l\u01b0\u1ee3ng c\u1ee7a b\u1ea1n?\u00a0<\/strong><\/p>\n<p>Sau khi x\u00e1c nh\u1eadn gi\u00e1, b\u1ea1n c\u00f3 th\u1ec3 y\u00eau c\u1ea7u m\u1eabu \u0111\u1ec3 ki\u1ec3m tra ch\u1ea5t l\u01b0\u1ee3ng c\u1ee7a ch\u00fang t\u00f4i.<\/p>\n<p>Ch\u00fang t\u00f4i c\u0169ng ch\u1ea5p nh\u1eadn ki\u1ec3m tra c\u1ee7a b\u00ean th\u1ee9 ba (SGS\/BV) tr\u01b0\u1edbc khi giao h\u00e0ng.<\/p>\n<p>&nbsp;<\/p>\n<p><strong>3.B\u1ea1n ch\u1ea5p nh\u1eadn c\u00e1c lo\u1ea1i t\u1ec7p n\u00e0o \u0111\u1ec3 in?<\/strong><\/p>\n<p>PDF, Core Draw, JPG \u0111\u1ed9 ph\u00e2n gi\u1ea3i cao ho\u1eb7c \u0111\u1ecbnh d\u1ea1ng AI<\/p>\n<p>&nbsp;<\/p>\n<p><strong>4.B\u1ea1n c\u00f3 th\u1ec3 thi\u1ebft k\u1ebf gi\u00fap ch\u00fang t\u00f4i kh\u00f4ng?\u00a0<\/strong><\/p>\n<p>C\u00f3. Ch\u00fang t\u00f4i c\u00f3 \u0111\u1ed9i ng\u0169 chuy\u00ean nghi\u1ec7p c\u00f3 nhi\u1ec1u kinh nghi\u1ec7m trong thi\u1ebft k\u1ebf v\u00e0 s\u1ea3n xu\u1ea5t.<\/p>\n<p>V\u00e0 d\u1ecbch v\u1ee5 n\u00e0y l\u00e0 Mi\u1ec5n ph\u00ed.<\/p>\n<p>&nbsp;<\/p>\n<p><strong>5.T\u00f4i c\u00f3 th\u1ec3 mong \u0111\u1ee3i nh\u1eadn m\u1eabu trong bao l\u00e2u?\u00a0<\/strong><\/p>\n<p>3-5 ng\u00e0y l\u00e0m vi\u1ec7c cho m\u1eabu. Ch\u00fang t\u00f4i \u0111\u00e3 k\u00fd h\u1ee3p \u0111\u1ed3ng v\u1edbi DHL, TNT, UPS v\u00e0 Fedex.<\/p>\n<p>&nbsp;<\/p>\n<p><strong>6.Th\u1eddi gian s\u1ea3n xu\u1ea5t h\u00e0ng lo\u1ea1t l\u00e0 bao l\u00e2u?\u00a0<\/strong><\/p>\n<p>25 ng\u00e0y l\u00e0m vi\u1ec7c cho s\u1ea3n xu\u1ea5t h\u00e0ng lo\u1ea1t. Th\u1eddi gian ph\u1ee5 thu\u1ed9c v\u00e0o s\u1ed1 l\u01b0\u1ee3ng c\u1ee7a b\u1ea1n, v\u00e0 ch\u00fang t\u00f4i s\u1ebd c\u1ed1 g\u1eafng h\u1ebft s\u1ee9c \u0111\u1ec3 \u0111\u00e1p \u1ee9ng nhu c\u1ea7u c\u1ee7a b\u1ea1n.<\/p>\n<p>\ud83d\udce9 <a href=\"https:\/\/taichytomato.com\/vi\/contact\/\"><u>Li\u00ean h\u1ec7 v\u1edbi ch\u00fang t\u00f4i ngay b\u00e2y gi\u1edd<\/u><\/a>\u00a0\u0111\u1ec3 bi\u1ebft gi\u00e1 c\u1ea3, b\u1ea3ng th\u00f4ng s\u1ed1 k\u1ef9 thu\u1eadt v\u00e0 c\u00e1c t\u00f9y ch\u1ecdn \u0111\u00f3ng g\u00f3i OEM!<\/p>\n<p>N\u1ebeU b\u1ea1n c\u00f3 b\u1ea5t k\u1ef3 th\u1eafc m\u1eafc n\u00e0o, nh\u1ea5n v\u00e0o \u0111\u00e2y\u201d<a href=\"https:\/\/taichytomato.com\/vi\/buyers-guide-for-canned-tomato-paste\/\"><u>H\u01b0\u1edbng D\u1eabn Ng\u01b0\u1eddi Mua M\u1eadt Ong C\u00e0 Chua H\u1ed9p<\/u><\/a>\u201d\u0111i\u1ec1u n\u00e0y s\u1ebd gi\u00fap b\u1ea1n<\/p>","protected":false},"excerpt":{"rendered":"<p>C\u00e0 chua \u0111\u00f3ng h\u1ed9p \u0111\u00e3 g\u1ecdt v\u1ecf 1. M\u00f4 t\u1ea3 s\u1ea3n ph\u1ea9m C\u00e1c c\u00e2y c\u00e0 chua \u1edf Gansu v\u00e0 ph\u00eda B\u1eafc T\u00e2y B\u1eafc c\u1ee7a Trung Qu\u1ed1c, n\u01a1i c\u00f3 nhi\u1ec7t \u0111\u1ed9 l\u1edbn nh\u1ea5t<\/p>","protected":false},"featured_media":1987,"template":"","meta":{"_acf_changed":false,"_seopress_robots_primary_cat":"none","_seopress_titles_title":"Whole Canned Peeled Tomatoes | Pantry Staple | Taichy","_seopress_titles_desc":"Our canned whole peeled tomatoes retain their natural shape and fresh flavor. They are a versatile pantry staple, perfect for sauces, stews, and soups.","_seopress_robots_index":"","site-sidebar-layout":"default","site-content-layout":"","ast-site-content-layout":"default","site-content-style":"default","site-sidebar-style":"default","ast-global-header-display":"","ast-banner-title-visibility":"","ast-main-header-display":"","ast-hfb-above-header-display":"","ast-hfb-below-header-display":"","ast-hfb-mobile-header-display":"","site-post-title":"","ast-breadcrumbs-content":"","ast-featured-img":"","footer-sml-layout":"","ast-disable-related-posts":"","theme-transparent-header-meta":"default","adv-header-id-meta":"","stick-header-meta":"","header-above-stick-meta":"","header-main-stick-meta":"","header-below-stick-meta":"","astra-migrate-meta-layouts":"set","ast-page-background-enabled":"default","ast-page-background-meta":{"desktop":{"background-color":"var(--ast-global-color-5)","background-image":"","background-repeat":"repeat","background-position":"center center","background-size":"auto","background-attachment":"scroll","background-type":"","background-media":"","overlay-type":"","overlay-color":"","overlay-opacity":"","overlay-gradient":""},"tablet":{"background-color":"","background-image":"","background-repeat":"repeat","background-position":"center center","background-size":"auto","background-attachment":"scroll","background-type":"","background-media":"","overlay-type":"","overlay-color":"","overlay-opacity":"","overlay-gradient":""},"mobile":{"background-color":"","background-image":"","background-repeat":"repeat","background-position":"center center","background-size":"auto","background-attachment":"scroll","background-type":"","background-media":"","overlay-type":"","overlay-color":"","overlay-opacity":"","overlay-gradient":""}},"ast-content-background-meta":{"desktop":{"background-color":"var(--ast-global-color-4)","background-image":"","background-repeat":"repeat","background-position":"center center","background-size":"auto","background-attachment":"scroll","background-type":"","background-media":"","overlay-type":"","overlay-color":"","overlay-opacity":"","overlay-gradient":""},"tablet":{"background-color":"var(--ast-global-color-4)","background-image":"","background-repeat":"repeat","background-position":"center center","background-size":"auto","background-attachment":"scroll","background-type":"","background-media":"","overlay-type":"","overlay-color":"","overlay-opacity":"","overlay-gradient":""},"mobile":{"background-color":"var(--ast-global-color-4)","background-image":"","background-repeat":"repeat","background-position":"center center","background-size":"auto","background-attachment":"scroll","background-type":"","background-media":"","overlay-type":"","overlay-color":"","overlay-opacity":"","overlay-gradient":""}}},"product_brand":[],"product_cat":[96],"product_tag":[219,45,226,44,225],"class_list":{"0":"post-1980","1":"product","2":"type-product","3":"status-publish","4":"has-post-thumbnail","6":"product_cat-canned-tomato-paste","7":"product_tag-36-38brix","8":"product_tag-canned-tomato-paste","9":"product_tag-tomato","10":"product_tag-tomato-paste","11":"product_tag-whole-canned-peeled-tomatoes","12":"desktop-align-left","13":"tablet-align-left","14":"mobile-align-left","16":"first","17":"instock","18":"sale","19":"shipping-taxable","20":"purchasable","21":"product-type-simple"},"acf":[],"_links":{"self":[{"href":"https:\/\/taichytomato.com\/vi\/wp-json\/wp\/v2\/product\/1980","targetHints":{"allow":["GET"]}}],"collection":[{"href":"https:\/\/taichytomato.com\/vi\/wp-json\/wp\/v2\/product"}],"about":[{"href":"https:\/\/taichytomato.com\/vi\/wp-json\/wp\/v2\/types\/product"}],"version-history":[{"count":0,"href":"https:\/\/taichytomato.com\/vi\/wp-json\/wp\/v2\/product\/1980\/revisions"}],"wp:featuredmedia":[{"embeddable":true,"href":"https:\/\/taichytomato.com\/vi\/wp-json\/wp\/v2\/media\/1987"}],"wp:attachment":[{"href":"https:\/\/taichytomato.com\/vi\/wp-json\/wp\/v2\/media?parent=1980"}],"wp:term":[{"taxonomy":"product_brand","embeddable":true,"href":"https:\/\/taichytomato.com\/vi\/wp-json\/wp\/v2\/product_brand?post=1980"},{"taxonomy":"product_cat","embeddable":true,"href":"https:\/\/taichytomato.com\/vi\/wp-json\/wp\/v2\/product_cat?post=1980"},{"taxonomy":"product_tag","embeddable":true,"href":"https:\/\/taichytomato.com\/vi\/wp-json\/wp\/v2\/product_tag?post=1980"}],"curies":[{"name":"wp","href":"https:\/\/api.w.org\/{rel}","templated":true}]}}