{"id":1953,"date":"2025-07-15T22:41:22","date_gmt":"2025-07-16T06:41:22","guid":{"rendered":"https:\/\/taichytomato.com\/?post_type=product&#038;p=1953"},"modified":"2026-01-08T19:14:15","modified_gmt":"2026-01-09T03:14:15","slug":"china-wholesale-flat-sachet-tomato-paste","status":"publish","type":"product","link":"https:\/\/taichytomato.com\/vi\/san-pham\/china-wholesale-flat-sachet-tomato-paste\/","title":{"rendered":"G\u00f3i c\u00e0 chua nghi\u1ec1n d\u1ea1ng t\u00fai ph\u1eb3ng \u2013 Nh\u00e0 s\u1ea3n xu\u1ea5t v\u00e0 xu\u1ea5t kh\u1ea9u chuy\u00ean nghi\u1ec7p t\u1eeb Trung Qu\u1ed1c"},"content":{"rendered":"<h2 data-start=\"851\" data-end=\"887\"><strong data-start=\"851\" data-end=\"887\">T\u00fai \u0111\u1ef1ng m\u1eadt ong c\u00f4 \u0111\u1eb7c d\u1ea1ng t\u00fai ph\u1eb3ng l\u00e0 g\u00ec<\/strong><\/h2>\n<p data-start=\"889\" data-end=\"1390\">T\u00fai \u0111\u1ef1ng m\u1eadt ong c\u00f4 \u0111\u1eb7c d\u1ea1ng t\u00fai ph\u1eb3ng l\u00e0 m\u1ed9t bao b\u00ec nh\u1ecf g\u1ecdn, k\u00edn kh\u00ed ch\u1ee9a m\u1eadt ong c\u00f4 \u0111\u1eb7c, th\u01b0\u1eddng c\u00f3 k\u00edch th\u01b0\u1edbc 18g, 50g ho\u1eb7c 70g.<br data-start=\"1018\" data-end=\"1021\" \/>Lo\u1ea1i bao b\u00ec n\u00e0y \u0111\u01b0\u1ee3c s\u1eed d\u1ee5ng r\u1ed9ng r\u00e3i trong th\u1ecb tr\u01b0\u1eddng b\u00e1n l\u1ebb c\u1ee7a c\u00e1c n\u01b0\u1edbc ch\u00e2u Phi v\u00e0 ch\u00e2u \u00c1 do t\u00ednh ti\u1ec7n l\u1ee3i v\u00e0 gi\u00e1 c\u1ea3 ph\u1ea3i ch\u0103ng.<br data-start=\"1136\" data-end=\"1139\" \/>Ng\u01b0\u1eddi ti\u00eau d\u00f9ng th\u00edch <strong data-start=\"1156\" data-end=\"1201\">t\u00fai \u0111\u1ef1ng m\u1eadt ong c\u00f4 \u0111\u1eb7c d\u1ea1ng t\u00fai ph\u1eb3ng mini (v\u00ed d\u1ee5, 18g)<\/strong> or <strong data-start=\"1205\" data-end=\"1228\">t\u00fai 50g v\u00e0 70g<\/strong> d\u00f9ng \u0111\u1ec3 n\u1ea5u \u0103n h\u00e0ng ng\u00e0y.<br data-start=\"1247\" data-end=\"1250\" \/>M\u1ed7i t\u00fai ch\u1ee9a <strong data-start=\"1271\" data-end=\"1310\">m\u1eadt ong c\u00f4 \u0111\u1eb7c nguy\u00ean ch\u1ea5t, kh\u00f4ng ch\u1ea5t ph\u1ee5 gia 100%<\/strong>, mang l\u1ea1i h\u01b0\u01a1ng v\u1ecb t\u1ef1 nhi\u00ean, \u0111\u1eadm \u0111\u00e0 ph\u00f9 h\u1ee3p cho c\u00e1c m\u00f3n s\u00fap, s\u1ed1t v\u00e0 h\u1ea7m.<\/p>\n<h2>T\u00fai Nh\u1ef1a M\u1eadt Ong C\u00e0 Chua<\/h2>\n<p>&nbsp;<\/p>\n<table dir=\"ltr\" border=\"0\" cellspacing=\"0\" cellpadding=\"0\" align=\"left\">\n<tbody>\n<tr>\n<td>N\u01a1i Xu\u1ea5t X\u1ee9<\/td>\n<td>Mi\u1ec1n B\u1eafc Trung Qu\u1ed1c<\/td>\n<td>Th\u00e0nh Ph\u1ea7n Ch\u00ednh<\/td>\n<td>C\u00e0 Chua T\u01b0\u01a1i<\/td>\n<\/tr>\n<tr>\n<td>Bao b\u00ec<\/td>\n<td>T\u00fai Ph\u1eb3ng<\/td>\n<td>Lo\u1ea1i X\u1eed L\u00fd<\/td>\n<td>C\u00f3 Gia V\u1ecb<\/td>\n<\/tr>\n<tr>\n<td>Ch\u1ee9ng Nh\u1eadn<\/td>\n<td>FDA, HACCP, ISO, QS<\/td>\n<td>Th\u00e0nh Ph\u1ea7n<\/td>\n<td>M\u1eadt Ong C\u00e0 Chua Trong Su\u1ed1t 30%-100%<\/td>\n<\/tr>\n<tr>\n<td>H\u01b0\u01a1ng V\u1ecb<\/td>\n<td>Ng\u1ecdt v\u00e0 Chua<\/td>\n<td>T\u00ean Th\u01b0\u01a1ng Hi\u1ec7u<\/td>\n<td>Ch\u00fang t\u00f4i c\u00f3 th\u1ec3 thi\u1ebft k\u1ebf ho\u1eb7c OEM<\/td>\n<\/tr>\n<tr>\n<td>Tr\u1ecdng L\u01b0\u1ee3ng (L)<\/td>\n<td>50g-70g<\/td>\n<td>A\/B<\/td>\n<td>\u22652<\/td>\n<\/tr>\n<tr>\n<td>M\u00e0u S\u1eafc<\/td>\n<td>\u0110\u1ecf \u0111\u1eadm v\u00e0 \u0110\u1ecf t\u01b0\u01a1i<\/td>\n<td>PH<\/td>\n<td>4.0-4.4<\/td>\n<\/tr>\n<tr>\n<td>Brix<\/td>\n<td>9-11%,18-20%,22-24%,26-28%,28-30%<\/td>\n<td>Th\u1eddi h\u1ea1n s\u1eed d\u1ee5ng<\/td>\n<td>2-3 n\u0103m<\/td>\n<\/tr>\n<tr>\n<td>HMC<\/td>\n<td>50%max<\/td>\n<td>\u0110i\u1ec1u ki\u1ec7n b\u1ea3o qu\u1ea3n<\/td>\n<td>Trong kho kh\u00f4 v\u00e0 trong nh\u00e0<\/td>\n<\/tr>\n<\/tbody>\n<\/table>\n<p>Ch\u00fang t\u00f4i cung c\u1ea5p c\u1ea3 hai <strong data-start=\"1785\" data-end=\"1838\">t\u00fai nh\u1ecf d\u1ea1ng ph\u1eb3ng c\u1ee7a s\u1ed1t c\u00e0 chua hot break v\u00e0 cold break<\/strong>, cho ph\u00e9p nh\u00e0 nh\u1eadp kh\u1ea9u l\u1ef1a ch\u1ecdn \u0111\u1ed9 nh\u1edbt v\u00e0 m\u00e0u s\u1eafc ph\u00f9 h\u1ee3p v\u1edbi phong c\u00e1ch \u1ea9m th\u1ef1c \u0111\u1ecba ph\u01b0\u01a1ng.<\/p>\n<h2 data-start=\"1942\" data-end=\"1987\"><strong data-start=\"1942\" data-end=\"1987\">Quy tr\u00ecnh s\u1ea3n xu\u1ea5t v\u00e0 ki\u1ec3m so\u00e1t ch\u1ea5t l\u01b0\u1ee3ng<\/strong><\/h2>\n<p data-start=\"1989\" data-end=\"2374\">D\u00e2y chuy\u1ec1n s\u1ea3n xu\u1ea5t c\u1ee7a ch\u00fang t\u00f4i s\u1eed d\u1ee5ng c\u00f4ng ngh\u1ec7 hot break ti\u00ean ti\u1ebfn \u0111\u1ec3 gi\u1eef m\u00e0u \u0111\u1ecf t\u1ef1 nhi\u00ean v\u00e0 k\u1ebft c\u1ea5u phong ph\u00fa c\u1ee7a s\u1ed1t c\u00e0 chua.<br data-start=\"2111\" data-end=\"2114\" \/>M\u1ed7i <strong data-start=\"2120\" data-end=\"2148\">s\u1ea3n ph\u1ea9m m\u1eadt ong c\u00f4 \u0111\u1eb7c d\u1ea1ng t\u00fai ph\u1eb3ng<\/strong> \u0111\u01b0\u1ee3c s\u1ea3n xu\u1ea5t t\u1eeb c\u00e0 chua t\u01b0\u01a1i 100%, kh\u00f4ng c\u00f3 ph\u1ee5 gia hay ch\u1ea5t b\u1ea3o qu\u1ea3n.<br data-start=\"2222\" data-end=\"2225\" \/>Ch\u00fang t\u00f4i tu\u00e2n th\u1ee7 h\u1ec7 th\u1ed1ng an to\u00e0n th\u1ef1c ph\u1ea9m ISO v\u00e0 HACCP nghi\u00eam ng\u1eb7t, v\u00e0 c\u00e1c s\u1ea3n ph\u1ea9m c\u1ee7a ch\u00fang t\u00f4i \u0111\u01b0\u1ee3c ch\u1ee9ng nh\u1eadn <strong data-start=\"2304\" data-end=\"2323\">Halal<\/strong>, \u0111\u1ea3m b\u1ea3o tu\u00e2n th\u1ee7 c\u00e1c ti\u00eau chu\u1ea9n xu\u1ea5t kh\u1ea9u to\u00e0n c\u1ea7u.<\/p>\n<p data-start=\"2376\" data-end=\"2507\">T\u1eeb vi\u1ec7c l\u1ef1a ch\u1ecdn nguy\u00ean li\u1ec7u th\u00f4 \u0111\u1ebfn \u0111\u00f3ng g\u00f3i v\u00f4 tr\u00f9ng v\u00e0 ni\u00eam phong t\u00fai, m\u1ed7i giai \u0111o\u1ea1n \u0111\u1ec1u \u0111\u01b0\u1ee3c ki\u1ec3m so\u00e1t \u0111\u1ec3 \u0111\u1ea3m b\u1ea3o t\u00ednh nh\u1ea5t qu\u00e1n, tinh khi\u1ebft v\u00e0 v\u1ec7 sinh.<\/p>\n<hr data-start=\"2509\" data-end=\"2512\" \/>\n<h2 data-start=\"2514\" data-end=\"2548\"><strong data-start=\"2514\" data-end=\"2548\">D\u1ecbch v\u1ee5 OEM v\u00e0 nh\u00e3n hi\u1ec7u ri\u00eang<\/strong><\/h2>\n<p data-start=\"2550\" data-end=\"2783\">L\u00e0 m\u1ed9t <strong data-start=\"2568\" data-end=\"2618\">nh\u00e0 s\u1ea3n xu\u1ea5t s\u1ed1t c\u00e0 chua t\u00fai ph\u1eb3ng t\u1ea1i Trung Qu\u1ed1c<\/strong>, Taichy Tomato cung c\u1ea5p d\u1ecbch v\u1ee5 OEM v\u00e0 nh\u00e3n hi\u1ec7u ri\u00eang ho\u00e0n ch\u1ec9nh cho nh\u00e0 nh\u1eadp kh\u1ea9u v\u00e0 ph\u00e2n ph\u1ed1i.<br data-start=\"2712\" data-end=\"2715\" \/>Ch\u00fang t\u00f4i c\u00f3 th\u1ec3 t\u00f9y ch\u1ec9nh <strong data-start=\"2737\" data-end=\"2775\">bao nh\u1ecf t\u00fai nh\u1ef1a \u0111\u1ee5c \u0111\u1ee5c th\u01b0\u01a1ng hi\u1ec7u OEM<\/strong> v\u1edbi:<\/p>\n<ul data-start=\"2784\" data-end=\"3038\">\n<li data-start=\"2784\" data-end=\"2839\">\n<p data-start=\"2786\" data-end=\"2839\">Bao nh\u1ecf in t\u00f9y ch\u1ec9nh v\u00e0 h\u1ed9p carton b\u1eb1ng ng\u00f4n ng\u1eef c\u1ee7a b\u1ea1n<\/p>\n<\/li>\n<li data-start=\"2840\" data-end=\"2892\">\n<p data-start=\"2842\" data-end=\"2892\">Thi\u1ebft k\u1ebf \u0111\u1eb7c th\u00f9 theo th\u1ecb tr\u01b0\u1eddng v\u00e0 nh\u00e3n hi\u1ec7u qu\u1ea3ng c\u00e1o<\/p>\n<\/li>\n<li data-start=\"2893\" data-end=\"2958\">\n<p data-start=\"2895\" data-end=\"2958\">Bao b\u00ec th\u01b0\u01a1ng hi\u1ec7u cho th\u1ecb tr\u01b0\u1eddng ch\u00e2u Phi, Trung \u0110\u00f4ng ho\u1eb7c ch\u00e2u \u00c1<\/p>\n<\/li>\n<li data-start=\"2959\" data-end=\"2998\">\n<p data-start=\"2961\" data-end=\"2998\">\u0110i\u1ec1u ch\u1ec9nh Brix v\u00e0 h\u1ed3 s\u01a1 h\u01b0\u01a1ng v\u1ecb<\/p>\n<\/li>\n<li data-start=\"2999\" data-end=\"3038\">\n<p data-start=\"3001\" data-end=\"3038\">T\u00f9y ch\u1ecdn h\u1ed9p carton b\u00e1n s\u1ec9 ho\u1eb7c b\u00e1n l\u1ebb s\u1eb5n s\u00e0ng<\/p>\n<\/li>\n<\/ul>\n<p data-start=\"3040\" data-end=\"3152\">V\u1edbi d\u1ecbch v\u1ee5 nh\u00e3n hi\u1ec7u ri\u00eang c\u1ee7a ch\u00fang t\u00f4i, th\u01b0\u01a1ng hi\u1ec7u c\u1ee7a b\u1ea1n c\u00f3 th\u1ec3 ra m\u1eaft nhanh ch\u00f3ng v\u1edbi <strong data-start=\"3107\" data-end=\"3151\">gi\u00e1 nh\u00e0 m\u00e1y v\u00e0 bao b\u00ec s\u1eb5n s\u00e0ng xu\u1ea5t kh\u1ea9u<\/strong>.<\/p>\n<hr data-start=\"3154\" data-end=\"3157\" \/>\n<h2 data-start=\"3159\" data-end=\"3197\"><strong data-start=\"3159\" data-end=\"3197\">Gi\u00e1 nh\u00e0 m\u00e1y v\u00e0 cung c\u1ea5p b\u00e1n s\u1ec9<\/strong><\/h2>\n<p data-start=\"3199\" data-end=\"3610\">Ch\u00fang t\u00f4i cung c\u1ea5p <strong data-start=\"3210\" data-end=\"3252\">gi\u00e1 nh\u00e0 m\u00e1y b\u1ed9t c\u00e0 chua t\u00fai \u0111\u1ee5c \u0111\u1ee5c<\/strong> tr\u1ef1c ti\u1ebfp t\u1eeb nh\u00e0 m\u00e1y c\u1ee7a ch\u00fang t\u00f4i t\u1ea1i Trung Qu\u1ed1c.<br data-start=\"3283\" data-end=\"3286\" \/>L\u00e0 m\u1ed9t <strong data-start=\"3291\" data-end=\"3334\">Nh\u00e0 xu\u1ea5t kh\u1ea9u b\u1ed9t c\u00e0 chua t\u00fai \u0111\u1ee5c \u0111\u1ee5c t\u1ea1i Trung Qu\u1ed1c<\/strong>, ch\u00fang t\u00f4i \u0111\u1ea3m b\u1ea3o chi ph\u00ed c\u1ea1nh tranh v\u00e0 cung c\u1ea5p \u1ed5n \u0111\u1ecbnh cho kh\u00e1ch h\u00e0ng mua s\u1ed1 l\u01b0\u1ee3ng l\u1edbn.<br data-start=\"3401\" data-end=\"3404\" \/>MOQ b\u1eaft \u0111\u1ea7u t\u1eeb <strong data-start=\"3420\" data-end=\"3433\">1\u00d720\u2019 FCL<\/strong>, v\u1edbi c\u00e1c k\u1ebft h\u1ee3p v\u1eadn chuy\u1ec3n linh ho\u1ea1t g\u1ed3m t\u00fai 18g, 50g ho\u1eb7c 70g.<br data-start=\"3499\" data-end=\"3502\" \/>Ch\u00fang t\u00f4i c\u0169ng cung c\u1ea5p <strong data-start=\"3516\" data-end=\"3560\">gi\u00e1 b\u00e1n bu\u00f4n b\u1ed9t c\u00e0 chua t\u00fai \u0111\u1ee5c \u0111\u1ee5c<\/strong> gi\u1ea3m gi\u00e1 cho nh\u00e0 ph\u00e2n ph\u1ed1i v\u00e0 kh\u00e1ch h\u00e0ng l\u00e2u d\u00e0i.<\/p>\n<p data-start=\"3612\" data-end=\"3769\">T\u1ea5t c\u1ea3 c\u00e1c v\u1eadt li\u1ec7u \u0111\u00f3ng g\u00f3i \u0111\u1ec1u ch\u1ed1ng \u1ea9m v\u00e0 h\u00e0n nhi\u1ec7t \u0111\u1ec3 \u0111\u1ea3m b\u1ea3o \u0111\u1ed9 \u1ed5n \u0111\u1ecbnh t\u1ed1i \u0111a c\u1ee7a s\u1ea3n ph\u1ea9m trong qu\u00e1 tr\u00ecnh v\u1eadn chuy\u1ec3n \u0111\u1ebfn ch\u00e2u Phi, Trung \u0110\u00f4ng v\u00e0 c\u00e1c khu v\u1ef1c kh\u00e1c.<\/p>\n<hr data-start=\"3771\" data-end=\"3774\" \/>\n<h2 data-start=\"3776\" data-end=\"3811\"><strong data-start=\"3776\" data-end=\"3811\">Th\u1ecb tr\u01b0\u1eddng xu\u1ea5t kh\u1ea9u v\u00e0 \u1ee8ng d\u1ee5ng<\/strong><\/h2>\n<p data-start=\"3813\" data-end=\"3870\">S\u1ea3n ph\u1ea9m c\u1ee7a ch\u00fang t\u00f4i <strong data-start=\"3817\" data-end=\"3845\">s\u1ea3n ph\u1ea9m m\u1eadt ong c\u00f4 \u0111\u1eb7c d\u1ea1ng t\u00fai ph\u1eb3ng<\/strong> \u0111\u01b0\u1ee3c xu\u1ea5t kh\u1ea9u r\u1ed9ng r\u00e3i \u0111\u1ebfn:<\/p>\n<ul data-start=\"3871\" data-end=\"4162\">\n<li data-start=\"3871\" data-end=\"3939\">\n<p data-start=\"3873\" data-end=\"3939\"><strong data-start=\"3873\" data-end=\"3884\">Ch\u00e2u Phi:<\/strong> Nigeria, Ghana, Cameroon, B\u1edd Bi\u1ec3n Ng\u00e0, Uganda, Sudan<\/p>\n<\/li>\n<li data-start=\"3940\" data-end=\"3993\">\n<p data-start=\"3942\" data-end=\"3993\"><strong data-start=\"3942\" data-end=\"3958\">Trung \u0110\u00f4ng:<\/strong> \u1ea2 R\u1eadp X\u00ea-\u00fat, Yemen, UAE, Jordan<\/p>\n<\/li>\n<li data-start=\"3994\" data-end=\"4060\">\n<p data-start=\"3996\" data-end=\"4060\"><strong data-start=\"3996\" data-end=\"4015\">\u0110\u00f4ng Nam \u00c1:<\/strong> Philippines, Indonesia, Malaysia, Th\u00e1i Lan<\/p>\n<\/li>\n<li data-start=\"4061\" data-end=\"4126\">\n<p data-start=\"4063\" data-end=\"4126\"><strong data-start=\"4063\" data-end=\"4089\">Nga &amp; Trung \u00c1:<\/strong> Uzbekistan, Kazakhstan, Kyrgyzstan<\/p>\n<\/li>\n<li data-start=\"4127\" data-end=\"4162\">\n<p data-start=\"4129\" data-end=\"4162\"><strong data-start=\"4129\" data-end=\"4141\">Ch\u00e2u M\u1ef9:<\/strong> Vietnam, Panama, Haiti<\/p>\n<\/li>\n<\/ul>\n<p data-start=\"4164\" data-end=\"4282\">Nh\u00e0 nh\u1eadp kh\u1ea9u s\u1eed d\u1ee5ng c\u00e1c t\u00fai n\u00e0y \u0111\u1ec3 b\u00e1n l\u1ebb t\u1ea1i si\u00eau th\u1ecb, ch\u01b0\u01a1ng tr\u00ecnh th\u1ef1c ph\u1ea9m kh\u1ea9n c\u1ea5p, d\u1ecbch v\u1ee5 \u0103n u\u1ed1ng v\u00e0 c\u00e1c s\u1ef1 ki\u1ec7n qu\u1ea3ng c\u00e1o.<\/p>\n<hr data-start=\"4284\" data-end=\"4287\" \/>\n<h2 data-start=\"4289\" data-end=\"4340\"><strong data-start=\"4289\" data-end=\"4340\">\u01afu \u0111i\u1ec3m c\u1ee7a vi\u1ec7c ch\u1ecdn s\u1ed1t c\u00e0 chua d\u1ea1ng t\u00fai ph\u1eb3ng<\/strong><\/h2>\n<ul data-start=\"4342\" data-end=\"4565\">\n<li data-start=\"4342\" data-end=\"4375\">\n<p data-start=\"4344\" data-end=\"4375\">Ph\u1ea7n d\u00f9ng m\u1ed9t l\u1ea7n ti\u1ec7n l\u1ee3i<\/p>\n<\/li>\n<li data-start=\"4376\" data-end=\"4415\">\n<p data-start=\"4378\" data-end=\"4415\">Bao b\u00ec nh\u1eb9, ti\u1ebft ki\u1ec7m kh\u00f4ng gian<\/p>\n<\/li>\n<li data-start=\"4416\" data-end=\"4464\">\n<p data-start=\"4418\" data-end=\"4464\">Ph\u00f9 h\u1ee3p v\u1edbi kh\u00ed h\u1eadu n\u00f3ng v\u00e0 th\u1ecb tr\u01b0\u1eddng b\u00e1n l\u1ebb<\/p>\n<\/li>\n<li data-start=\"4465\" data-end=\"4505\">\n<p data-start=\"4467\" data-end=\"4505\">Hi\u1ec7u qu\u1ea3 v\u1ec1 chi ph\u00ed cho ph\u00e2n ph\u1ed1i \u0111\u1ea1i tr\u00e0<\/p>\n<\/li>\n<li data-start=\"4506\" data-end=\"4565\">\n<p data-start=\"4508\" data-end=\"4565\">Ti\u1ec1m n\u0103ng doanh s\u1ed1 cao v\u1edbi t\u1ed1c \u0111\u1ed9 ti\u00eau th\u1ee5 nhanh c\u1ee7a ng\u01b0\u1eddi ti\u00eau d\u00f9ng<\/p>\n<\/li>\n<\/ul>\n<p data-start=\"4567\" data-end=\"4655\">\u0110\u1ecbnh d\u1ea1ng n\u00e0y gi\u00fap nh\u00e0 nh\u1eadp kh\u1ea9u gi\u1ea3m chi ph\u00ed \u0111\u00f3ng g\u00f3i l\u1ea1i v\u00e0 n\u00e2ng cao hi\u1ec7u qu\u1ea3 logistics.<\/p>\n<hr data-start=\"4657\" data-end=\"4660\" \/>\n<h2 data-start=\"4662\" data-end=\"4690\"><strong data-start=\"4662\" data-end=\"4690\">T\u1ea1i sao ch\u1ecdn Taichy Tomato<\/strong><\/h2>\n<ul data-start=\"4692\" data-end=\"4984\">\n<li data-start=\"4692\" data-end=\"4757\">\n<p data-start=\"4694\" data-end=\"4757\">Chuy\u00ean nghi\u1ec7p <strong data-start=\"4707\" data-end=\"4755\">nh\u00e0 cung c\u1ea5p s\u1ed1t c\u00e0 chua d\u1ea1ng t\u00fai ph\u1eb3ng t\u1eeb Trung Qu\u1ed1c<\/strong><\/p>\n<\/li>\n<li data-start=\"4758\" data-end=\"4812\">\n<p data-start=\"4760\" data-end=\"4812\">H\u1ec7 th\u1ed1ng s\u1ea3n xu\u1ea5t \u0111\u1ea1t ch\u1ee9ng nh\u1eadn ISO, HACCP v\u00e0 Halal<\/p>\n<\/li>\n<li data-start=\"4813\" data-end=\"4847\">\n<p data-start=\"4815\" data-end=\"4847\">H\u01a1n 15 n\u0103m kinh nghi\u1ec7m xu\u1ea5t kh\u1ea9u<\/p>\n<\/li>\n<li data-start=\"4848\" data-end=\"4885\">\n<p data-start=\"4850\" data-end=\"4885\">Linh ho\u1ea1t OEM v\u00e0 nh\u00e3n ri\u00eang<\/p>\n<\/li>\n<li data-start=\"4886\" data-end=\"4934\">\n<p data-start=\"4888\" data-end=\"4934\">Ki\u1ec3m so\u00e1t ch\u1ea5t l\u01b0\u1ee3ng \u0111\u00e1ng tin c\u1eady v\u00e0 giao h\u00e0ng \u1ed5n \u0111\u1ecbnh<\/p>\n<\/li>\n<li data-start=\"4935\" data-end=\"4984\">\n<p data-start=\"4937\" data-end=\"4984\">Gi\u00e1 c\u1ea3 c\u1ea1nh tranh v\u00e0 h\u1ed7 tr\u1ee3 thi\u1ebft k\u1ebf t\u00f9y ch\u1ec9nh<\/p>\n<\/li>\n<\/ul>\n<p data-start=\"4986\" data-end=\"5113\">Ch\u00fang t\u00f4i cam k\u1ebft cung c\u1ea5p cho t\u1eebng kh\u00e1ch h\u00e0ng s\u1ed1t c\u00e0 chua an to\u00e0n, \u1ed5n \u0111\u1ecbnh v\u00e0 ch\u1ea5t l\u01b0\u1ee3ng cao ph\u00f9 h\u1ee3p y\u00eau c\u1ea7u th\u1ecb tr\u01b0\u1eddng.<\/p>\n<hr data-start=\"5115\" data-end=\"5118\" \/>\n<h2 data-start=\"5120\" data-end=\"5144\"><strong data-start=\"5120\" data-end=\"5144\">S\u1ed1 l\u01b0\u1ee3ng \u0111\u1eb7t h\u00e0ng t\u1ed1i thi\u1ec3u v\u00e0 \u0111i\u1ec1u kho\u1ea3n xu\u1ea5t kh\u1ea9u<\/strong><\/h2>\n<p data-start=\"5146\" data-end=\"5444\">S\u1ea3n ph\u1ea9m c\u1ee7a ch\u00fang t\u00f4i <strong data-start=\"5150\" data-end=\"5182\">s\u1ed1 l\u01b0\u1ee3ng t\u1ed1i thi\u1ec3u c\u1ee7a s\u1ed1t c\u00e0 chua d\u1ea1ng t\u00fai ph\u1eb3ng<\/strong> is <strong data-start=\"5186\" data-end=\"5199\">1\u00d720\u2019 FCL<\/strong>, v\u00e0 ch\u00fang t\u00f4i h\u1ed7 tr\u1ee3 nhi\u1ec1u \u0111i\u1ec1u kho\u1ea3n incoterms nh\u01b0 FOB, CFR, v\u00e0 CIF.<br data-start=\"5261\" data-end=\"5264\" \/>Ch\u00fang t\u00f4i c\u00f3 th\u1ec3 x\u1ebfp h\u00e0ng h\u1ed7n h\u1ee3p c\u00e1c k\u00edch th\u01b0\u1edbc h\u1ed9p (v\u00ed d\u1ee5, 50g + 70g) trong m\u1ed9t container \u0111\u1ec3 t\u1ed1i \u01b0u h\u00f3a chi ph\u00ed v\u1eadn chuy\u1ec3n c\u1ee7a b\u1ea1n.<br data-start=\"5361\" data-end=\"5364\" \/>Th\u1eddi gian s\u1ea3n xu\u1ea5t t\u1ea1i nh\u00e0 m\u00e1y th\u01b0\u1eddng l\u00e0 15\u201320 ng\u00e0y sau khi x\u00e1c nh\u1eadn nh\u00e3n m\u00e1c v\u00e0 thi\u1ebft k\u1ebf.<\/p>\n<hr data-start=\"5446\" data-end=\"5449\" \/>\n<h2 data-start=\"5451\" data-end=\"5476\"><strong data-start=\"5451\" data-end=\"5476\">Li\u00ean h\u1ec7 v\u1edbi Taichy Tomato<\/strong><\/h2>\n<p data-start=\"5478\" data-end=\"5801\">N\u1ebfu b\u1ea1n \u0111ang t\u00ecm ki\u1ebfm m\u1ed9t nh\u00e0 cung c\u1ea5p <strong data-start=\"5512\" data-end=\"5558\">s\u1ed1t c\u00e0 chua d\u1ea1ng t\u00fai ph\u1eb3ng \u0111\u00e1ng tin c\u1eady t\u1ea1i Trung Qu\u1ed1c<\/strong>, h\u00e3y li\u00ean h\u1ec7 v\u1edbi Taichy Tomato t\u1ea1i <strong data-start=\"5585\" data-end=\"5610\"><a class=\"decorated-link cursor-pointer\" rel=\"noopener\" data-start=\"5587\" data-end=\"5608\">info@taichysupply.com<\/a><\/strong> \u0111\u1ec3 nh\u1eadn th\u00f4ng s\u1ed1 k\u1ef9 thu\u1eadt chi ti\u1ebft, gi\u00e1 c\u1ea3 m\u1edbi nh\u1ea5t v\u00e0 y\u00eau c\u1ea7u m\u1eabu.<br data-start=\"5683\" data-end=\"5686\" \/>Ch\u00fang t\u00f4i l\u00e0 \u0111\u1ed1i t\u00e1c \u0111\u00e1ng tin c\u1eady c\u1ee7a b\u1ea1n <strong data-start=\"5706\" data-end=\"5743\">nh\u00e0 xu\u1ea5t kh\u1ea9u s\u1ed1t c\u00e0 chua d\u1ea1ng t\u00fai ph\u1eb3ng<\/strong>, s\u1eb5n s\u00e0ng h\u1ed7 tr\u1ee3 m\u1edf r\u1ed9ng th\u01b0\u01a1ng hi\u1ec7u c\u1ee7a b\u1ea1n tr\u00ean th\u1ecb tr\u01b0\u1eddng to\u00e0n c\u1ea7u.<\/p>\n<hr data-start=\"5803\" data-end=\"5806\" \/>\n<p data-start=\"5808\" data-end=\"5849\"><strong data-start=\"5808\" data-end=\"5849\">C\u00e2u h\u1ecfi th\u01b0\u1eddng g\u1eb7p \u2013 Cung c\u1ea5p T\u00fai Ph\u1eb3ng S\u1ed1t C\u00e0 Chua<\/strong><\/p>\n<p data-start=\"5851\" data-end=\"5995\"><strong data-start=\"5851\" data-end=\"5890\">Q1: B\u1ea1n cung c\u1ea5p c\u00e1c t\u00f9y ch\u1ecdn Brix n\u00e0o?<\/strong><br data-start=\"5890\" data-end=\"5893\" \/>A: Ch\u00fang t\u00f4i cung c\u1ea5p c\u1ea3 <strong data-start=\"5912\" data-end=\"5922\">22\u201324%<\/strong> v\u00e0 <strong data-start=\"5927\" data-end=\"5942\">28\u201330% Brix<\/strong> s\u1ed1t c\u00e0 chua, ph\u00f9 h\u1ee3p v\u1edbi c\u00e1c y\u00eau c\u1ea7u th\u1ecb tr\u01b0\u1eddng kh\u00e1c nhau.<\/p>\n<p data-start=\"5997\" data-end=\"6143\"><strong data-start=\"5997\" data-end=\"6046\">Q2: T\u00f4i c\u00f3 th\u1ec3 \u0111\u1eb7t bao b\u00ec OEM ho\u1eb7c nh\u00e3n ri\u00eang kh\u00f4ng?<\/strong><br data-start=\"6046\" data-end=\"6049\" \/>A: C\u00f3, ch\u00fang t\u00f4i cung c\u1ea5p d\u1ecbch v\u1ee5 <strong data-start=\"6077\" data-end=\"6115\">bao nh\u1ecf t\u00fai nh\u1ef1a \u0111\u1ee5c \u0111\u1ee5c th\u01b0\u01a1ng hi\u1ec7u OEM<\/strong> ho\u00e0n ch\u1ec9nh v\u00e0 nh\u00e3n ri\u00eang.<\/p>\n<p data-start=\"6145\" data-end=\"6297\"><strong data-start=\"6145\" data-end=\"6210\">Q3: B\u1ea1n c\u00f3 cung c\u1ea5p t\u00fai ph\u1eb3ng nh\u1ecf cho s\u1ed1t c\u00e0 chua (v\u00ed d\u1ee5, 18g) kh\u00f4ng?<\/strong><br data-start=\"6210\" data-end=\"6213\" \/>A: C\u00f3, ch\u00fang t\u00f4i s\u1ea3n xu\u1ea5t c\u00e1c k\u00edch c\u1ee1 t\u00fai ph\u1eb3ng 18g, 50g, 56g v\u00e0 70g v\u1edbi thi\u1ebft k\u1ebf t\u00f9y ch\u1ec9nh.<\/p>\n<p data-start=\"6299\" data-end=\"6441\"><strong data-start=\"6299\" data-end=\"6339\">Q4: B\u1ea1n c\u00f3 nh\u1eefng ch\u1ee9ng nh\u1eadn n\u00e0o?<\/strong><br data-start=\"6339\" data-end=\"6342\" \/>A: Nh\u00e0 m\u00e1y c\u1ee7a ch\u00fang t\u00f4i \u0111\u01b0\u1ee3c ch\u1ee9ng nh\u1eadn v\u1edbi <strong data-start=\"6375\" data-end=\"6400\">ISO, HACCP, v\u00e0 Halal<\/strong>, \u0111\u1ea3m b\u1ea3o tu\u00e2n th\u1ee7 an to\u00e0n th\u1ef1c ph\u1ea9m to\u00e0n c\u1ea7u.<\/p>\n<p data-start=\"6443\" data-end=\"6572\"><strong data-start=\"6443\" data-end=\"6482\">Q5: MOQ v\u00e0 th\u1eddi gian giao h\u00e0ng c\u1ee7a b\u1ea1n l\u00e0 bao l\u00e2u?<\/strong><br data-start=\"6482\" data-end=\"6485\" \/>A: MOQ l\u00e0 <strong data-start=\"6495\" data-end=\"6508\">1\u00d720\u2019 FCL<\/strong>, th\u1eddi gian giao h\u00e0ng kho\u1ea3ng 15\u201320 ng\u00e0y t\u00f9y thu\u1ed9c v\u00e0o t\u00f9y ch\u1ec9nh.<\/p>\n<p data-start=\"6574\" data-end=\"6753\"><strong data-start=\"6574\" data-end=\"6623\">Q6: B\u1ea1n c\u00f3 cung c\u1ea5p gi\u00e1 s\u1ec9 ho\u1eb7c gi\u00e1 nh\u00e0 m\u00e1y kh\u00f4ng?<\/strong><br data-start=\"6623\" data-end=\"6626\" \/>A: C\u00f3, ch\u00fang t\u00f4i cung c\u1ea5p <strong data-start=\"6644\" data-end=\"6688\">gi\u00e1 b\u00e1n bu\u00f4n b\u1ed9t c\u00e0 chua t\u00fai \u0111\u1ee5c \u0111\u1ee5c<\/strong> tr\u1ef1c ti\u1ebfp t\u1eeb nh\u00e0 m\u00e1y c\u1ee7a ch\u00fang t\u00f4i v\u1edbi h\u1ed7 tr\u1ee3 l\u00e2u d\u00e0i cho nh\u00e0 ph\u00e2n ph\u1ed1i.<\/p>","protected":false},"excerpt":{"rendered":"<p data-start=\"237\" data-end=\"660\">Taichy Tomato l\u00e0 m\u1ed9t nh\u00e0 s\u1ea3n xu\u1ea5t h\u00e0ng \u0111\u1ea7u <strong data-start=\"264\" data-end=\"329\">nh\u00e0 s\u1ea3n xu\u1ea5t v\u00e0 xu\u1ea5t kh\u1ea9u t\u00fai \u0111\u1ef1ng m\u1eadt ong c\u00f4 \u0111\u1eb7c t\u1eeb Trung Qu\u1ed1c<\/strong>, cung c\u1ea5p m\u1eadt ong c\u00f4 \u0111\u1eb7c ch\u1ea5t l\u01b0\u1ee3ng cao trong bao b\u00ec t\u00fai nh\u1ecf cho Ch\u00e2u Phi, \u0110\u00f4ng Nam \u00c1, Trung \u0110\u00f4ng, Nga, Trung \u00c1 v\u00e0 c\u00e1c n\u01b0\u1edbc kh\u00e1c.<br data-start=\"480\" data-end=\"483\" \/>S\u1ea3n ph\u1ea9m c\u1ee7a ch\u00fang t\u00f4i <strong data-start=\"487\" data-end=\"515\">s\u1ea3n ph\u1ea9m m\u1eadt ong c\u00f4 \u0111\u1eb7c d\u1ea1ng t\u00fai ph\u1eb3ng<\/strong> \u0111\u01b0\u1ee3c thi\u1ebft k\u1ebf \u0111\u1ec3 d\u1ec5 s\u1eed d\u1ee5ng, thu\u1eadn ti\u1ec7n l\u01b0u tr\u1eef v\u00e0 ph\u00e2n ph\u1ed1i v\u1edbi gi\u00e1 c\u1ea3 ph\u1ea3i ch\u0103ng \u2014 l\u00fd t\u01b0\u1edfng cho si\u00eau th\u1ecb, nh\u00e0 b\u00e1n bu\u00f4n v\u00e0 nh\u00e0 nh\u1eadp kh\u1ea9u th\u1ef1c ph\u1ea9m.<\/p>\n<p data-start=\"662\" data-end=\"844\">Ch\u00fang t\u00f4i chuy\u00ean v\u1ec1 <strong data-start=\"679\" data-end=\"719\">t\u00fai \u0111\u1ef1ng m\u1eadt ong c\u00f4 \u0111\u1eb7c d\u1ea1ng t\u00fai ph\u1eb3ng 28\u201330% Brix<\/strong> v\u00e0 <strong data-start=\"724\" data-end=\"771\">t\u00fai \u0111\u1ef1ng m\u1eadt ong c\u00f4 \u0111\u1eb7c d\u1ea1ng t\u00fai ph\u1eb3ng 22\u201324% c\u00f4 \u0111\u1eb7c<\/strong>, \u0111\u00e1p \u1ee9ng c\u00e1c nhu c\u1ea7u kh\u00e1c nhau c\u1ee7a kh\u00e1ch h\u00e0ng v\u1ec1 \u0111\u1ed9 \u0111\u1eadm \u0111\u1eb7c v\u00e0 \u0111\u1ed9 \u0111\u1ed3ng nh\u1ea5t c\u1ee7a h\u01b0\u01a1ng v\u1ecb.<\/p>","protected":false},"featured_media":3283,"template":"","meta":{"_acf_changed":false,"_seopress_robots_primary_cat":"none","_seopress_titles_title":"China Wholesale Flat Sachet Tomato Paste | Factory Direct","_seopress_titles_desc":"We provide wholesale high-quality flat sachet tomato paste directly from our factory in China. Wait for you inquiry .","_seopress_robots_index":"","site-sidebar-layout":"default","site-content-layout":"","ast-site-content-layout":"default","site-content-style":"default","site-sidebar-style":"default","ast-global-header-display":"","ast-banner-title-visibility":"","ast-main-header-display":"","ast-hfb-above-header-display":"","ast-hfb-below-header-display":"","ast-hfb-mobile-header-display":"","site-post-title":"","ast-breadcrumbs-content":"","ast-featured-img":"","footer-sml-layout":"","ast-disable-related-posts":"","theme-transparent-header-meta":"default","adv-header-id-meta":"","stick-header-meta":"","header-above-stick-meta":"","header-main-stick-meta":"","header-below-stick-meta":"","astra-migrate-meta-layouts":"set","ast-page-background-enabled":"default","ast-page-background-meta":{"desktop":{"background-color":"var(--ast-global-color-5)","background-image":"","background-repeat":"repeat","background-position":"center center","background-size":"auto","background-attachment":"scroll","background-type":"","background-media":"","overlay-type":"","overlay-color":"","overlay-opacity":"","overlay-gradient":""},"tablet":{"background-color":"","background-image":"","background-repeat":"repeat","background-position":"center center","background-size":"auto","background-attachment":"scroll","background-type":"","background-media":"","overlay-type":"","overlay-color":"","overlay-opacity":"","overlay-gradient":""},"mobile":{"background-color":"","background-image":"","background-repeat":"repeat","background-position":"center center","background-size":"auto","background-attachment":"scroll","background-type":"","background-media":"","overlay-type":"","overlay-color":"","overlay-opacity":"","overlay-gradient":""}},"ast-content-background-meta":{"desktop":{"background-color":"var(--ast-global-color-4)","background-image":"","background-repeat":"repeat","background-position":"center center","background-size":"auto","background-attachment":"scroll","background-type":"","background-media":"","overlay-type":"","overlay-color":"","overlay-opacity":"","overlay-gradient":""},"tablet":{"background-color":"var(--ast-global-color-4)","background-image":"","background-repeat":"repeat","background-position":"center center","background-size":"auto","background-attachment":"scroll","background-type":"","background-media":"","overlay-type":"","overlay-color":"","overlay-opacity":"","overlay-gradient":""},"mobile":{"background-color":"var(--ast-global-color-4)","background-image":"","background-repeat":"repeat","background-position":"center center","background-size":"auto","background-attachment":"scroll","background-type":"","background-media":"","overlay-type":"","overlay-color":"","overlay-opacity":"","overlay-gradient":""}}},"product_brand":[],"product_cat":[97],"product_tag":[158,212,44],"class_list":{"0":"post-1953","1":"product","2":"type-product","3":"status-publish","4":"has-post-thumbnail","6":"product_cat-tomato-paste-in-sachet","7":"product_tag-70g-sachet-tomato-paste","8":"product_tag-70g-tomato-paste-sauce","9":"product_tag-tomato-paste","10":"desktop-align-left","11":"tablet-align-left","12":"mobile-align-left","14":"first","15":"instock","16":"sale","17":"shipping-taxable","18":"purchasable","19":"product-type-simple"},"acf":[],"_links":{"self":[{"href":"https:\/\/taichytomato.com\/vi\/wp-json\/wp\/v2\/product\/1953","targetHints":{"allow":["GET"]}}],"collection":[{"href":"https:\/\/taichytomato.com\/vi\/wp-json\/wp\/v2\/product"}],"about":[{"href":"https:\/\/taichytomato.com\/vi\/wp-json\/wp\/v2\/types\/product"}],"version-history":[{"count":0,"href":"https:\/\/taichytomato.com\/vi\/wp-json\/wp\/v2\/product\/1953\/revisions"}],"wp:featuredmedia":[{"embeddable":true,"href":"https:\/\/taichytomato.com\/vi\/wp-json\/wp\/v2\/media\/3283"}],"wp:attachment":[{"href":"https:\/\/taichytomato.com\/vi\/wp-json\/wp\/v2\/media?parent=1953"}],"wp:term":[{"taxonomy":"product_brand","embeddable":true,"href":"https:\/\/taichytomato.com\/vi\/wp-json\/wp\/v2\/product_brand?post=1953"},{"taxonomy":"product_cat","embeddable":true,"href":"https:\/\/taichytomato.com\/vi\/wp-json\/wp\/v2\/product_cat?post=1953"},{"taxonomy":"product_tag","embeddable":true,"href":"https:\/\/taichytomato.com\/vi\/wp-json\/wp\/v2\/product_tag?post=1953"}],"curies":[{"name":"wp","href":"https:\/\/api.w.org\/{rel}","templated":true}]}}