{"id":1892,"date":"2025-07-07T21:47:30","date_gmt":"2025-07-08T05:47:30","guid":{"rendered":"https:\/\/taichytomato.com\/?post_type=product&#038;p=1892"},"modified":"2026-01-04T01:02:07","modified_gmt":"2026-01-04T09:02:07","slug":"big-drum-tomato-paste","status":"publish","type":"product","link":"https:\/\/taichytomato.com\/vi\/san-pham\/big-drum-tomato-paste\/","title":{"rendered":"H\u1ed9p M\u1eadt Ong C\u00e0 Chua l\u1edbn \u2013 Nguy\u00ean li\u1ec7u c\u00f4ng nghi\u1ec7p ti\u1ec7t tr\u00f9ng"},"content":{"rendered":"<h2>1. Th\u00f4ng s\u1ed1 k\u1ef9 thu\u1eadt s\u1ea3n ph\u1ea9m &amp; Gi\u00e1 tr\u1ecb c\u1ed1t l\u00f5i<\/h2>\n<p>Ch\u00fang t\u00f4i l\u00e0 nh\u00e0 <b>S\u1ea3n xu\u1ea5t B\u1ed9t c\u00e0 chua c\u00f4 \u0111\u1eb7c th\u00f9ng l\u1edbn<\/b> v\u00e0 <b>Nh\u00e0 m\u00e1y<\/b>, h\u00e0ng \u0111\u1ea7u, chuy\u00ean v\u1ec1 b\u1ed9t c\u00e0 chua c\u00f4 \u0111\u1eb7c cao c\u1ea5p, s\u1ed1 l\u01b0\u1ee3ng l\u1edbn. S\u1ea3n ph\u1ea9m c\u1ee7a ch\u00fang t\u00f4i \u0111\u00f3ng vai tr\u00f2 l\u00e0 <b>Nguy\u00ean li\u1ec7u th\u00f4 c\u00f4ng nghi\u1ec7p B\u1ed9t c\u00e0 chua c\u00f4 \u0111\u1eb7c th\u00f9ng l\u1edbn<\/b> thi\u1ebft y\u1ebfu cho c\u00e1c nh\u00e0 ch\u1ebf bi\u1ebfn th\u1ef1c ph\u1ea9m to\u00e0n c\u1ea7u, \u0111\u1ea3m b\u1ea3o m\u00e0u s\u1eafc, h\u01b0\u01a1ng v\u1ecb v\u00e0 \u0111\u1ed9 \u0111\u1eb7c nh\u1ea5t qu\u00e1n v\u01b0\u1ee3t tr\u1ed9i.<\/p>\n<p>N\u00f3i chung, thu\u1eadt ng\u1eef \u201cm\u1eadt ong c\u00e0 chua l\u1edbn\u201d th\u01b0\u1eddng \u0111\u1ec1 c\u1eadp \u0111\u1ebfn m\u1eadt ong c\u00e0 chua \u0111\u00f3ng trong<strong> b\u00ecnh th\u00e9p 220 l\u00edt<\/strong>.<\/p>\n<h3>\u0110\u1eb7c \u0111i\u1ec3m s\u1ea3n ph\u1ea9m v\u00e0 Chi ti\u1ebft ch\u1ea5t l\u01b0\u1ee3ng<\/h3>\n<p>&nbsp;<\/p>\n<ul>\n<li><b>\u0110\u1ed9 tinh khi\u1ebft:<\/b> \u0110\u1ea3m b\u1ea3o <b>c\u00e0 chua nguy\u00ean ch\u1ea5t 100%<\/b>, kh\u00f4ng mu\u1ed1i, tinh b\u1ed9t, ph\u1ea9m m\u00e0u nh\u00e2n t\u1ea1o ho\u1eb7c ch\u1ea5t b\u1ea3o qu\u1ea3n. L\u00fd t\u01b0\u1edfng cho c\u00e1c <b>nh\u00e3n s\u1ea1ch<\/b> d\u00f2ng s\u1ea3n ph\u1ea9m.<\/li>\n<li><b>N\u1ed3ng \u0111\u1ed9:<\/b> C\u00f3 s\u1eb5n \u1edf c\u00e1c n\u1ed3ng \u0111\u1ed9 ch\u00ednh: <b>M\u1eadt ong c\u00e0 chua l\u1edbn 36-38 Brix B\u00e1n s\u1ec9<\/b> (H\u00e0m l\u01b0\u1ee3ng c\u00f4 \u0111\u1eb7c cao, ti\u1ebft ki\u1ec7m chi ph\u00ed v\u1eadn chuy\u1ec3n) v\u00e0 28-30 Brix.<\/li>\n<li><b>\u0110\u1ed9 linh ho\u1ea1t trong quy tr\u00ecnh:<\/b> Ch\u00fang t\u00f4i cung c\u1ea5p c\u1ea3 ph\u01b0\u01a1ng ph\u00e1p Cold Break (CB) v\u00e0 Hot Break (HB). C\u1ea7n hi\u1ec3u s\u1ef1 kh\u00e1c bi\u1ec7t? Xem h\u01b0\u1edbng d\u1eabn c\u1ee7a ch\u00fang t\u00f4i v\u1ec1 <b>N\u01b0\u1edbc s\u1ed1t c\u00e0 chua \u0111\u00f3ng th\u00f9ng l\u1edbn Cold Break so v\u1edbi Hot Break<\/b> \u0111\u1ec3 x\u00e1c \u0111\u1ecbnh \u0111\u1ed9 nh\u1edbt t\u1ed1i \u01b0u cho \u1ee9ng d\u1ee5ng c\u1ee7a b\u1ea1n.<\/li>\n<li><b>M\u00e0u s\u1eafc &amp; Lycopene:<\/b> M\u00e0u c\u1ee7a ch\u00fang t\u00f4i lu\u00f4n \u0111\u1ea1t gi\u00e1 tr\u1ecb m\u00e0u A\/B cao (th\u01b0\u1eddng <span class=\"math-inline\"><span class=\"katex\"><span class=\"katex-html\" aria-hidden=\"true\"><span class=\"base\"><span class=\"mrel\">\u2265<\/span><\/span><span class=\"base\"><span class=\"mord\">2.1<\/span><\/span><\/span><\/span><\/span>), cho th\u1ea5y h\u00e0m l\u01b0\u1ee3ng Lycopene t\u1ef1 nhi\u00ean cao v\u00e0 m\u00e0u \u0111\u1ecf \u0111\u1eadm\u2014m\u1ed9t y\u1ebfu t\u1ed1 quan tr\u1ecdng cho c\u00e1c lo\u1ea1i s\u1ed1t v\u00e0 ketchup cao c\u1ea5p.<\/li>\n<\/ul>\n<hr \/>\n<h2>2.\u00a0<strong>Th\u00f4ng s\u1ed1 k\u1ef9 thu\u1eadt s\u1ea3n ph\u1ea9m<\/strong><\/h2>\n<table>\n<tbody>\n<tr>\n<td width=\"191\">brix(h\u1ea1t r\u1eafn)%<\/td>\n<td width=\"396\"><a href=\"https:\/\/taichytomato.com\/vi\/san-pham\/drum-tomato-paste-36-38\/\">36-38%<\/a>\uff0c<a href=\"https:\/\/taichytomato.com\/vi\/san-pham\/28-30-brix-tomato-paste\/\">28%-30%<\/a>\uff0c<a href=\"https:\/\/taichytomato.com\/vi\/san-pham\/30-32-drum-tomato-paste\/\">30-32%<\/a><\/td>\n<\/tr>\n<tr>\n<td width=\"191\">lo\u1ea1i<\/td>\n<td width=\"396\">Hot Break\/Cold Break<\/td>\n<\/tr>\n<tr>\n<td width=\"191\">lycopene(mg\/100g)<\/td>\n<td width=\"396\">&gt;50<\/td>\n<\/tr>\n<tr>\n<td width=\"191\">bostwick(\u1edf brix<br \/>\n12.5%cm\/30 gi\u00e2y)<\/td>\n<td width=\"396\">7.0-9.0,3-4<\/td>\n<\/tr>\n<tr>\n<td width=\"191\">\u0111\u1ed9 axit t\u1ed5ng c\u1ed9ng%<\/td>\n<td width=\"396\">&lt;8<\/td>\n<\/tr>\n<tr>\n<td width=\"191\">HM.C%<\/td>\n<td width=\"396\">&lt;40<\/td>\n<\/tr>\n<tr>\n<td width=\"191\">PH<\/td>\n<td width=\"396\">4.2\u00b10.2<\/td>\n<\/tr>\n<tr>\n<td width=\"191\">A\/B<\/td>\n<td width=\"396\">&gt;2.1<\/td>\n<\/tr>\n<tr>\n<td width=\"191\">Ch\u00ec(mg)<\/td>\n<td width=\"396\">&lt;200<\/td>\n<\/tr>\n<tr>\n<td width=\"191\">\u0110\u1ed3ng(mg)<\/td>\n<td width=\"396\">&lt;10<\/td>\n<\/tr>\n<tr>\n<td width=\"191\">Ch\u00ec(mg)<\/td>\n<td width=\"396\">&lt;1<\/td>\n<\/tr>\n<tr>\n<td width=\"191\">Asen(mg)<\/td>\n<td width=\"396\">&lt;0.5<\/td>\n<\/tr>\n<tr>\n<td width=\"191\">M\u00e0n h\u00ecnh<\/td>\n<td width=\"396\">0,6mm<\/td>\n<\/tr>\n<tr>\n<td width=\"191\">M\u00e0u s\u1eafc<\/td>\n<td width=\"396\">\u0110\u1ecf t\u01b0\u01a1i \u0111\u1ebfn \u0111\u1ecf s\u1eabm kh\u00f4ng c\u00f3 s\u1eafc n\u00e2u<\/td>\n<\/tr>\n<tr>\n<td width=\"191\">\u0110\u1ecbnh d\u1ea1ng \u0111\u00f3ng g\u00f3i<\/td>\n<td width=\"396\">\u00a0T\u00fai v\u00f4 tr\u00f9ng 220 l\u00edt trong th\u00f9ng phuy \u0111\u00f3ng g\u00f3i 80<br \/>\nth\u00f9ng\/20FCL, 224 th\u00f9ng\/toa xe. Tr\u1ecdng l\u01b0\u1ee3ng t\u1ecbnh 235-260kg\/4 th\u00f9ng<br \/>\ntr\u00ean m\u1ed9t pallet<\/td>\n<\/tr>\n<tr>\n<td width=\"191\">\u0110i\u1ec1u ki\u1ec7n b\u1ea3o qu\u1ea3n<\/td>\n<td width=\"396\">B\u1ea3o qu\u1ea3n \u1edf khu v\u1ef1c s\u1ea1ch s\u1ebd, kh\u00f4 r\u00e1o, th\u00f4ng gi\u00f3 t\u1ed1t, tr\u00e1nh \u00e1nh n\u1eafng tr\u1ef1c ti\u1ebfp<br \/>\n\u00e1nh n\u1eafng m\u1eb7t tr\u1eddi chi\u1ebfu v\u00e0o s\u1ea3n ph\u1ea9m<\/td>\n<\/tr>\n<tr>\n<td width=\"191\">Th\u1eddi h\u1ea1n s\u1eed d\u1ee5ng<\/td>\n<td width=\"396\">Hai n\u0103m k\u1ec3 t\u1eeb ng\u00e0y s\u1ea3n xu\u1ea5t trong \u0111i\u1ec1u ki\u1ec7n b\u1ea3o qu\u1ea3n th\u00edch h\u1ee3p<br \/>\n\u0111i\u1ec1u ki\u1ec7n<\/td>\n<\/tr>\n<tr>\n<td width=\"191\">N\u01a1i Xu\u1ea5t X\u1ee9<\/td>\n<td width=\"396\">TRUNG QU\u1ed0C<\/td>\n<\/tr>\n<\/tbody>\n<\/table>\n<p>\u0110\u1ed1i v\u1edbi c\u00e1c gi\u1ea3i ph\u00e1p t\u00f9y ch\u1ec9nh ho\u1eb7c mua s\u1ed1 l\u01b0\u1ee3ng l\u1edbn,\u00a0<a href=\"https:\/\/taichytomato.com\/vi\/contact\/\">vui l\u00f2ng li\u00ean h\u1ec7 v\u1edbi \u0111\u1ed9i ng\u0169 b\u00e1n h\u00e0ng c\u1ee7a ch\u00fang t\u00f4i b\u1ea5t c\u1ee9 l\u00fac n\u00e0o.<\/a><\/p>\n<hr \/>\n<figure id=\"attachment_3013\" aria-describedby=\"caption-attachment-3013\" style=\"width: 291px\" class=\"wp-caption aligncenter\"><img fetchpriority=\"high\" decoding=\"async\" class=\"wp-image-3013\" src=\"https:\/\/taichytomato.com\/wp-content\/uploads\/2025\/07\/b3ba7277fb5ead084d98032eacc1580-225x300.jpg\" alt=\"M\u1eadt ong c\u00e0 chua th\u00f9ng\" width=\"291\" height=\"388\" srcset=\"https:\/\/taichytomato.com\/wp-content\/uploads\/2025\/07\/b3ba7277fb5ead084d98032eacc1580-225x300.jpg 225w, https:\/\/taichytomato.com\/wp-content\/uploads\/2025\/07\/b3ba7277fb5ead084d98032eacc1580-768x1024.jpg 768w, https:\/\/taichytomato.com\/wp-content\/uploads\/2025\/07\/b3ba7277fb5ead084d98032eacc1580-1152x1536.jpg 1152w, https:\/\/taichytomato.com\/wp-content\/uploads\/2025\/07\/b3ba7277fb5ead084d98032eacc1580-9x12.jpg 9w, https:\/\/taichytomato.com\/wp-content\/uploads\/2025\/07\/b3ba7277fb5ead084d98032eacc1580-600x800.jpg 600w, https:\/\/taichytomato.com\/wp-content\/uploads\/2025\/07\/b3ba7277fb5ead084d98032eacc1580.jpg 1279w\" sizes=\"(max-width: 291px) 100vw, 291px\" \/><figcaption id=\"caption-attachment-3013\" class=\"wp-caption-text\">M\u1eadt ong c\u00e0 chua th\u00f9ng<\/figcaption><\/figure>\n<h2>3. Chu\u1ed7i cung \u1ee9ng to\u00e0n c\u1ea7u &amp; Mua s\u1eafm<\/h2>\n<p>&nbsp;<\/p>\n<p>Ch\u00fang t\u00f4i \u0111\u01a1n gi\u1ea3n h\u00f3a quy tr\u00ecnh mua h\u00e0ng s\u1ed1 l\u01b0\u1ee3ng l\u1edbn, cung c\u1ea5p minh b\u1ea1ch v\u1ec1 gi\u00e1 c\u1ea3, logistics v\u00e0 \u0111\u1ea3m b\u1ea3o ch\u1ea5t l\u01b0\u1ee3ng.<\/p>\n<h3>Mua s\u1eafm &amp; Gi\u00e1 c\u1ea3<\/h3>\n<ul>\n<li><b>Gi\u00e1 c\u1ea3:<\/b> Li\u00ean h\u1ec7 v\u1edbi ch\u00fang t\u00f4i ngay \u0111\u1ec3 nh\u1eadn b\u00e1o gi\u00e1 <a href=\"https:\/\/taichytomato.com\/vi\/contact\/\"><b>B\u00e1o gi\u00e1 N\u01b0\u1edbc s\u1ed1t c\u00e0 chua \u0111\u00f3ng th\u00f9ng l\u1edbn<\/b><\/a> v\u00e0 ch\u00ednh x\u00e1c <b>Gi\u00e1 N\u01b0\u1edbc s\u1ed1t c\u00e0 chua \u0111\u00f3ng th\u00f9ng l\u1edbn tr\u00ean m\u1ed7i kg<\/b>. Ch\u00fang t\u00f4i th\u01b0\u1eddng xuy\u00ean t\u1ed5 ch\u1ee9c <b>Ch\u01b0\u01a1ng tr\u00ecnh khuy\u1ebfn m\u00e3i M\u1eadt Ng\u00f4 H\u0169 L\u1edbn<\/b> cho c\u00e1c \u0111\u01a1n h\u00e0ng s\u1ed1 l\u01b0\u1ee3ng l\u1edbn.<\/li>\n<li><b>T\u00f9y ch\u1ec9nh:<\/b> C\u1ea7n \u0111\u1ed9 nh\u1edbt ho\u1eb7c chi ti\u1ebft \u0111\u00f3ng g\u00f3i c\u1ee5 th\u1ec3? Ch\u00fang t\u00f4i h\u1ed7 tr\u1ee3 <b>Gi\u1ea3i ph\u00e1p T\u00f9y ch\u1ec9nh M\u1eadt Ng\u00f4 H\u0169 L\u1edbn<\/b> ph\u00f9 h\u1ee3p v\u1edbi d\u00e2y chuy\u1ec1n s\u1ea3n xu\u1ea5t c\u1ee7a b\u1ea1n.<\/li>\n<li><b>S\u1ed1 l\u01b0\u1ee3ng \u0111\u1eb7t h\u00e0ng t\u1ed1i thi\u1ec3u:<\/b> Ti\u00eau chu\u1ea9n <b>MOQ cho M\u1eadt Ng\u00f4 H\u0169 L\u1edbn<\/b> l\u00e0 m\u1ed9t container 20ft (kho\u1ea3ng. <strong>80 th\u00f9ng<\/strong>), \u0111\u1ea3m b\u1ea3o hi\u1ec7u qu\u1ea3 <b>Mua s\u1ed1 l\u01b0\u1ee3ng l\u1edbn M\u1eadt Ng\u00f4 H\u0169 L\u1edbn<\/b>.<\/li>\n<\/ul>\n<h3>V\u1eadn chuy\u1ec3n &amp; Ph\u00e2n ph\u1ed1i<\/h3>\n<ul>\n<li><b>Chuy\u00ean m\u00f4n Xu\u1ea5t kh\u1ea9u:<\/b> L\u00e0 m\u1ed9t nh\u00e0 <b>Xu\u1ea5t kh\u1ea9u M\u1eadt Ng\u00f4 H\u0169 Ti\u1ec7t Tr\u00f9ng l\u1edbn chuy\u00ean nghi\u1ec7p<\/b>, ch\u00fang t\u00f4i qu\u1ea3n l\u00fd t\u1ea5t c\u1ea3 c\u00e1c gi\u1ea5y t\u1edd qu\u1ed1c t\u1ebf v\u00e0 y\u00eau c\u1ea7u tu\u00e2n th\u1ee7.<\/li>\n<li><b>V\u1eadn chuy\u1ec3n:<\/b> Ch\u00fang t\u00f4i cung c\u1ea5p c\u00e1c gi\u1ea3i ph\u00e1p to\u00e0n di\u1ec7n cho <b>V\u1eadn chuy\u1ec3n Th\u00f9ng l\u1edbn M\u1eadt ong C\u00e0 chua 20ft Container<\/b> to\u00e0n c\u1ea7u, \u0111\u1ea3m b\u1ea3o giao h\u00e0ng nhanh ch\u00f3ng v\u00e0 an to\u00e0n.<\/li>\n<li><b>V\u1ecb tr\u00ed:<\/b> Trong khi ch\u00fang t\u00f4i ph\u1ee5c v\u1ee5 to\u00e0n c\u1ea7u, n\u1ebfu b\u1ea1n \u0111ang t\u00ecm ki\u1ebfm <b>Nh\u00e0 cung c\u1ea5p Th\u00f9ng l\u1edbn M\u1eadt ong C\u00e0 chua G\u1ea7n t\u00f4i<\/b>, \u0111\u1ed9i ng\u0169 logistics t\u1eadn t\u00e2m c\u1ee7a ch\u00fang t\u00f4i s\u1ebd cung c\u1ea5p tuy\u1ebfn \u0111\u01b0\u1eddng nhanh nh\u1ea5t v\u00e0 \u01b0\u1edbc l\u01b0\u1ee3ng giao h\u00e0ng \u0111\u1ebfn c\u01a1 s\u1edf c\u1ee7a b\u1ea1n.<\/li>\n<\/ul>\n<h2>4. \u1ee8ng d\u1ee5ng v\u00e0 Ng\u00e0nh c\u00f4ng nghi\u1ec7p m\u1ee5c ti\u00eau<\/h2>\n<p>&nbsp;<\/p>\n<p>M\u1eadt ong l\u1edbn c\u1ee7a ch\u00fang t\u00f4i l\u00e0 th\u00e0nh ph\u1ea7n n\u1ec1n t\u1ea3ng trong nhi\u1ec1u l\u0129nh v\u1ef1c kh\u00e1c nhau:<\/p>\n<ul>\n<li><b>S\u1ed1t c\u00e0 chua &amp; N\u01b0\u1edbc s\u1ed1t:<\/b> M\u1eadt ong c\u00f3 h\u00e0m l\u01b0\u1ee3ng Brix cao ch\u1ee7 y\u1ebfu \u0111\u01b0\u1ee3c s\u1eed d\u1ee5ng \u0111\u1ec3 <b>Th\u00f9ng l\u1edbn M\u1eadt ong C\u00e0 chua cho s\u1ea3n xu\u1ea5t s\u1ed1t c\u00e0 chua<\/b> v\u00e0 c\u00e1c lo\u1ea1i s\u1ed1t nh\u00fang kh\u00e1c nhau.<\/li>\n<li><b>H\u1ed9p \u0111\u00f3ng h\u1ed9p &amp; Ti\u1ec7t tr\u00f9ng:<\/b> N\u1ec1n t\u1ea3ng thi\u1ebft y\u1ebfu cho s\u00fap, m\u00f3n h\u1ea7m v\u00e0 c\u00e1c s\u1ea3n ph\u1ea9m rau c\u1ee7 \u0111\u00f3ng h\u1ed9p, y\u00eau c\u1ea7u m\u00e0u s\u1eafc v\u00e0 h\u01b0\u01a1ng v\u1ecb \u1ed5n \u0111\u1ecbnh.<\/li>\n<li><b>D\u1ecbch v\u1ee5 th\u1ef1c ph\u1ea9m:<\/b> Cung c\u1ea5p cho c\u00e1c nh\u00e0 b\u1ebfp c\u00f4ng nghi\u1ec7p l\u1edbn v\u00e0 c\u00e1c c\u01a1 s\u1edf d\u1ecbch v\u1ee5 \u0103n u\u1ed1ng t\u1eadp trung y\u00eau c\u1ea7u nguy\u00ean li\u1ec7u d\u1ea1ng l\u1edbn, th\u1eddi gian b\u1ea3o qu\u1ea3n l\u00e2u.<\/li>\n<\/ul>\n<hr \/>\n<p>&nbsp;<\/p>\n<h2>5. C\u00e1c c\u00e2u h\u1ecfi th\u01b0\u1eddng g\u1eb7p (FAQ)<\/h2>\n<p>&nbsp;<\/p>\n<p><b>Q1: C\u00e1c c\u00f4ng d\u1ee5ng ch\u00ednh c\u1ee7a m\u1eadt ong c\u00e0 chua th\u00f9ng l\u1edbn c\u00f4ng nghi\u1ec7p c\u1ee7a b\u1ea1n l\u00e0 g\u00ec?<\/b><\/p>\n<p>A: Ch\u1ee7 y\u1ebfu \u0111\u01b0\u1ee3c s\u1eed d\u1ee5ng l\u00e0m th\u00e0nh ph\u1ea7n n\u1ec1n c\u00f3 n\u1ed3ng \u0111\u1ed9 cao \u0111\u1ec3 s\u1ea3n xu\u1ea5t c\u00e1c s\u1ea3n ph\u1ea9m ho\u00e0n ch\u1ec9nh nh\u01b0 s\u1ed1t c\u00e0 chua, s\u1ed1t m\u00ec \u1ed1ng, h\u1ed7n h\u1ee3p n\u01b0\u1edbc \u00e9p c\u00e0 chua, c\u00e0 chua \u0111\u00f3ng h\u1ed9p v\u00e0 c\u00e1c b\u1eefa \u0103n s\u1eb5n.<\/p>\n<p><b>Q2: L\u1ee3i \u00edch c\u1ee7a \u0111\u00f3ng g\u00f3i v\u00f4 tr\u00f9ng trong th\u00f9ng l\u1edbn l\u00e0 g\u00ec?<\/b><\/p>\n<p>A: The <b>T\u00fai Pastes C\u00e0 Chua Thanh Tr\u00f9ng Trong Th\u00f9ng \u0110\u1ef1ng L\u1edbn<\/b> duy tr\u00ec t\u00ednh v\u00f4 tr\u00f9ng th\u01b0\u01a1ng m\u1ea1i m\u00e0 kh\u00f4ng c\u1ea7n l\u00e0m l\u1ea1nh cho \u0111\u1ebfn khi m\u1edf. \u0110i\u1ec1u n\u00e0y k\u00e9o d\u00e0i <b>Th\u1eddi Gian B\u1ea3o Qu\u1ea3n c\u1ee7a Pastes C\u00e0 Chua Thanh Tr\u00f9ng Trong Th\u00f9ng \u0110\u1ef1ng L\u1edbn<\/b> th\u01b0\u1eddng t\u1eeb 18-24 th\u00e1ng v\u00e0 \u0111\u1ea3m b\u1ea3o s\u1ea3n ph\u1ea9m kh\u00f4ng b\u1ecb nhi\u1ec5m vi sinh v\u1eadt.<\/p>\n<p><b>Q3: Pastes c\u00f3 ch\u00ednh x\u00e1c 240kg kh\u00f4ng?<\/b><\/p>\n<p>A: C\u00e1c th\u00f9ng ch\u1ee9a l\u00e0 b\u00ecnh ti\u00eau chu\u1ea9n 220L, v\u1edbi tr\u1ecdng l\u01b0\u1ee3ng t\u1ecbnh th\u01b0\u1eddng dao \u0111\u1ed9ng t\u1eeb 235kg \u0111\u1ebfn 245kg (kho\u1ea3ng. <b>240kg<\/b>) t\u00f9y thu\u1ed9c v\u00e0o m\u1ee9c Brix. Ch\u00fang t\u00f4i cung c\u1ea5p <b>Tr\u1ecdng l\u01b0\u1ee3ng T\u1ecbnh Pastes C\u00e0 Chua Thanh Tr\u00f9ng Trong Th\u00f9ng \u0110\u1ef1ng L\u1edbn 220L \u0111\u00e3 \u0111\u01b0\u1ee3c ch\u1ee9ng nh\u1eadn<\/b> tr\u00ean Gi\u1ea5y Ch\u1ee9ng Nh\u1eadn Ph\u00e2n T\u00edch (COA) cho m\u1ed7i l\u00f4 h\u00e0ng.<\/p>\n<p><b>Q4: L\u00e0m th\u1ebf n\u00e0o \u0111\u1ec3 ki\u1ec3m so\u00e1t ch\u1ea5t l\u01b0\u1ee3ng \u0111\u1ea3m b\u1ea3o Pastes C\u00e0 Chua Thanh Tr\u00f9ng Trong Th\u00f9ng \u0110\u1ef1ng L\u1edbn c\u1ee7a b\u1ea1n \u0111\u1ea1t ch\u1ee9ng nh\u1eadn HACCP?<\/b><\/p>\n<p>A: L\u00e0 m\u1ed9t \u0111\u01a1n v\u1ecb \u0111\u00e3 \u0111\u01b0\u1ee3c ch\u1ee9ng nh\u1eadn <b>S\u1ea3n xu\u1ea5t B\u1ed9t c\u00e0 chua c\u00f4 \u0111\u1eb7c th\u00f9ng l\u1edbn<\/b>, to\u00e0n b\u1ed9 quy tr\u00ecnh s\u1ea3n xu\u1ea5t c\u1ee7a ch\u00fang t\u00f4i \u2014 t\u1eeb ti\u1ebfp nh\u1eadn c\u00e0 chua t\u01b0\u01a1i \u0111\u1ebfn \u0111\u00f3ng g\u00f3i v\u00f4 tr\u00f9ng \u2014 \u0111\u1ec1u \u0111\u01b0\u1ee3c gi\u00e1m s\u00e1t theo c\u00e1c quy tr\u00ecnh HACCP nghi\u00eam ng\u1eb7t. \u0110i\u1ec1u n\u00e0y bao g\u1ed3m ph\u00e1t hi\u1ec7n v\u1eadt th\u1ec3 l\u1ea1, ki\u1ec3m so\u00e1t m\u1ea7m b\u1ec7nh, v\u00e0 ki\u1ec3m tra li\u00ean t\u1ee5c c\u00e1c gi\u00e1 tr\u1ecb Brix v\u00e0 m\u00e0u A\/B.<\/p>\n<p><b>Nh\u1eadn t\u01b0 v\u1ea5n ph\u00f9 h\u1ee3p v\u1ec1 y\u00eau c\u1ea7u Mua S\u1ec9 Pastes C\u00e0 Chua Thanh Tr\u00f9ng Trong Th\u00f9ng \u0110\u1ef1ng L\u1edbn c\u1ee7a b\u1ea1n ngay h\u00f4m nay!<\/b><\/p>","protected":false},"excerpt":{"rendered":"<p>Ch\u1ea5t l\u01b0\u1ee3ng cao <b>B\u1ed9t c\u00e0 chua c\u00f4 \u0111\u1eb7c th\u00f9ng l\u1edbn<\/b> d\u00e0nh cho s\u1ea3n xu\u1ea5t th\u1ef1c ph\u1ea9m. Nguy\u00ean ch\u1ea5t 100%, kh\u00f4ng ph\u1ee5 gia v\u00e0 \u0111\u1ea3m b\u1ea3o h\u00e0m l\u01b0\u1ee3ng Lycopene cao. Tr\u1ecdng l\u01b0\u1ee3ng t\u1ecbnh ti\u00eau chu\u1ea9n 240kg \u0111\u1ec3 v\u1eadn chuy\u1ec3n container hi\u1ec7u qu\u1ea3.<b>B\u1ea1n \u0111ang t\u00ecm ki\u1ebfm m\u1ed9t C\u00f4ng ty B\u1ed9t c\u00e0 chua c\u00f4 \u0111\u1eb7c th\u00f9ng l\u1edbn \u0111\u00e1ng tin c\u1eady? Nh\u1eadn B\u00e1o gi\u00e1 v\u00e0 Gi\u00e1 tr\u00ean m\u1ed7i kg B\u1ed9t c\u00e0 chua c\u00f4 \u0111\u1eb7c th\u00f9ng l\u1edbn c\u1ea1nh tranh nh\u1ea5t ngay h\u00f4m nay!<\/b><\/p>","protected":false},"featured_media":170,"template":"","meta":{"_acf_changed":false,"_seopress_robots_primary_cat":"none","_seopress_titles_title":"Big Drum Tomato Paste Manufacturer | Wholesale Quotes","_seopress_titles_desc":"220L big drum tomato paste direct from factory. Fast wholesale pricing and promotions. Contact us now.","_seopress_robots_index":"","site-sidebar-layout":"default","site-content-layout":"","ast-site-content-layout":"default","site-content-style":"default","site-sidebar-style":"default","ast-global-header-display":"","ast-banner-title-visibility":"","ast-main-header-display":"","ast-hfb-above-header-display":"","ast-hfb-below-header-display":"","ast-hfb-mobile-header-display":"","site-post-title":"","ast-breadcrumbs-content":"","ast-featured-img":"","footer-sml-layout":"","ast-disable-related-posts":"","theme-transparent-header-meta":"default","adv-header-id-meta":"","stick-header-meta":"","header-above-stick-meta":"","header-main-stick-meta":"","header-below-stick-meta":"","astra-migrate-meta-layouts":"set","ast-page-background-enabled":"default","ast-page-background-meta":{"desktop":{"background-color":"var(--ast-global-color-5)","background-image":"","background-repeat":"repeat","background-position":"center center","background-size":"auto","background-attachment":"scroll","background-type":"","background-media":"","overlay-type":"","overlay-color":"","overlay-opacity":"","overlay-gradient":""},"tablet":{"background-color":"","background-image":"","background-repeat":"repeat","background-position":"center center","background-size":"auto","background-attachment":"scroll","background-type":"","background-media":"","overlay-type":"","overlay-color":"","overlay-opacity":"","overlay-gradient":""},"mobile":{"background-color":"","background-image":"","background-repeat":"repeat","background-position":"center center","background-size":"auto","background-attachment":"scroll","background-type":"","background-media":"","overlay-type":"","overlay-color":"","overlay-opacity":"","overlay-gradient":""}},"ast-content-background-meta":{"desktop":{"background-color":"var(--ast-global-color-4)","background-image":"","background-repeat":"repeat","background-position":"center center","background-size":"auto","background-attachment":"scroll","background-type":"","background-media":"","overlay-type":"","overlay-color":"","overlay-opacity":"","overlay-gradient":""},"tablet":{"background-color":"var(--ast-global-color-4)","background-image":"","background-repeat":"repeat","background-position":"center center","background-size":"auto","background-attachment":"scroll","background-type":"","background-media":"","overlay-type":"","overlay-color":"","overlay-opacity":"","overlay-gradient":""},"mobile":{"background-color":"var(--ast-global-color-4)","background-image":"","background-repeat":"repeat","background-position":"center center","background-size":"auto","background-attachment":"scroll","background-type":"","background-media":"","overlay-type":"","overlay-color":"","overlay-opacity":"","overlay-gradient":""}}},"product_brand":[],"product_cat":[28],"product_tag":[207,189,46,191],"class_list":{"0":"post-1892","1":"product","2":"type-product","3":"status-publish","4":"has-post-thumbnail","6":"product_cat-drum-tomato-paste","7":"product_tag-big-drum-tomato-paste","8":"product_tag-cold-break","9":"product_tag-drum-tomato-paste","10":"product_tag-hot-break","11":"desktop-align-left","12":"tablet-align-left","13":"mobile-align-left","15":"first","16":"instock","17":"sale","18":"shipping-taxable","19":"purchasable","20":"product-type-simple"},"acf":[],"_links":{"self":[{"href":"https:\/\/taichytomato.com\/vi\/wp-json\/wp\/v2\/product\/1892","targetHints":{"allow":["GET"]}}],"collection":[{"href":"https:\/\/taichytomato.com\/vi\/wp-json\/wp\/v2\/product"}],"about":[{"href":"https:\/\/taichytomato.com\/vi\/wp-json\/wp\/v2\/types\/product"}],"version-history":[{"count":0,"href":"https:\/\/taichytomato.com\/vi\/wp-json\/wp\/v2\/product\/1892\/revisions"}],"wp:featuredmedia":[{"embeddable":true,"href":"https:\/\/taichytomato.com\/vi\/wp-json\/wp\/v2\/media\/170"}],"wp:attachment":[{"href":"https:\/\/taichytomato.com\/vi\/wp-json\/wp\/v2\/media?parent=1892"}],"wp:term":[{"taxonomy":"product_brand","embeddable":true,"href":"https:\/\/taichytomato.com\/vi\/wp-json\/wp\/v2\/product_brand?post=1892"},{"taxonomy":"product_cat","embeddable":true,"href":"https:\/\/taichytomato.com\/vi\/wp-json\/wp\/v2\/product_cat?post=1892"},{"taxonomy":"product_tag","embeddable":true,"href":"https:\/\/taichytomato.com\/vi\/wp-json\/wp\/v2\/product_tag?post=1892"}],"curies":[{"name":"wp","href":"https:\/\/api.w.org\/{rel}","templated":true}]}}