{"id":1816,"date":"2025-12-04T15:03:37","date_gmt":"2025-12-04T23:03:37","guid":{"rendered":"https:\/\/taichytomato.com\/?post_type=product&#038;p=1816"},"modified":"2026-01-07T22:57:04","modified_gmt":"2026-01-08T06:57:04","slug":"1000l-drum-tomato-paste","status":"publish","type":"product","link":"https:\/\/taichytomato.com\/vi\/san-pham\/1000l-drum-tomato-paste\/","title":{"rendered":"H\u1ed9p M\u1eadt Ong C\u00e0 Chua 1000L \u2013 Cung c\u1ea5p t\u1eeb nh\u00e0 m\u00e1y, Gi\u00e1 b\u00e1n bu\u00f4n &amp; Xu\u1ea5t kh\u1ea9u to\u00e0n c\u1ea7u"},"content":{"rendered":"<p data-start=\"385\" data-end=\"670\">L\u00e0 m\u1ed9t nh\u00e0 <strong data-start=\"398\" data-end=\"446\">cung c\u1ea5p v\u00e0 nh\u00e0 m\u00e1y s\u1ea3n xu\u1ea5t t\u01b0\u01a1ng c\u00e0 chua th\u00f9ng 1000L h\u00e0ng \u0111\u1ea7u<\/strong>, ch\u00fang t\u00f4i chuy\u00ean s\u1ea3n xu\u1ea5t t\u01b0\u01a1ng c\u00e0 chua ch\u1ea5t l\u01b0\u1ee3ng cao cho s\u1eed d\u1ee5ng c\u00f4ng nghi\u1ec7p. C\u00e1c s\u1ea3n ph\u1ea9m c\u1ee7a ch\u00fang t\u00f4i <strong data-start=\"525\" data-end=\"548\">Th\u00f9ng v\u00f4 tr\u00f9ng 1000L<\/strong> \u0111\u01b0\u1ee3c thi\u1ebft k\u1ebf cho c\u00e1c nh\u00e0 s\u1ea3n xu\u1ea5t th\u1ef1c ph\u1ea9m quy m\u00f4 l\u1edbn, nh\u1eefng ng\u01b0\u1eddi c\u1ea7n <strong data-start=\"606\" data-end=\"667\">ch\u1ea5t l\u01b0\u1ee3ng \u1ed5n \u0111\u1ecbnh, s\u1ed1 l\u01b0\u1ee3ng l\u1edbn v\u00e0 c\u00e1c gi\u1ea3i ph\u00e1p hi\u1ec7u qu\u1ea3 v\u1ec1 chi ph\u00ed<\/strong>.<\/p>\n<p data-start=\"672\" data-end=\"922\">Cho d\u00f9 b\u1ea1n \u0111ang t\u00ecm ki\u1ebfm \u0111\u1ec3 <strong data-start=\"698\" data-end=\"729\">mua t\u01b0\u01a1ng c\u00e0 chua th\u00f9ng 1000L<\/strong>, ki\u1ec3m tra <strong data-start=\"737\" data-end=\"780\">gi\u00e1 s\u1ec9 t\u01b0\u01a1ng c\u00e0 chua th\u00f9ng 1000L<\/strong>, ho\u1eb7c nh\u1eadn <strong data-start=\"798\" data-end=\"819\">ngu\u1ed3n cung c\u1ea5p v\u00e0 b\u00e1o gi\u00e1<\/strong>, \u0111\u00e1ng tin c\u1eady, c\u00f4ng ty ch\u00fang t\u00f4i cung c\u1ea5p c\u00e1c l\u1ef1a ch\u1ecdn c\u1ea1nh tranh v\u1edbi ch\u1ee9ng nh\u1eadn qu\u1ed1c t\u1ebf v\u00e0 \u0111i\u1ec1u kho\u1ea3n v\u1eadn chuy\u1ec3n linh ho\u1ea1t.<\/p>\n<h2 data-start=\"929\" data-end=\"956\"><strong data-start=\"932\" data-end=\"956\">1. V\u1ec1 nh\u00e0 m\u00e1y c\u1ee7a ch\u00fang t\u00f4i<\/strong><\/h2>\n<p data-start=\"957\" data-end=\"1264\">Ch\u00fang t\u00f4i l\u00e0 m\u1ed9t <strong data-start=\"979\" data-end=\"1014\">nh\u00e0 m\u00e1y s\u1ea3n xu\u1ea5t t\u01b0\u01a1ng c\u00e0 chua th\u00f9ng 1000L<\/strong> v\u00e0 <strong data-start=\"1019\" data-end=\"1035\">chuy\u00ean nghi\u1ec7p<\/strong> v\u1edbi nhi\u1ec1u n\u0103m kinh nghi\u1ec7m trong ch\u1ebf bi\u1ebfn c\u00e0 chua v\u00e0 \u0111\u00f3ng g\u00f3i v\u00f4 tr\u00f9ng.<br data-start=\"1104\" data-end=\"1107\" \/>C\u01a1 s\u1edf s\u1ea3n xu\u1ea5t c\u1ee7a ch\u00fang t\u00f4i <strong data-start=\"1134\" data-end=\"1169\">Ch\u1ee9ng nh\u1eadn HACCP, ISO v\u00e0 HALAL<\/strong>, \u0111\u1ea3m b\u1ea3o ch\u1ea5t l\u01b0\u1ee3ng \u0111\u1ed3ng nh\u1ea5t \u0111\u1ec3 xu\u1ea5t kh\u1ea9u \u0111\u1ebfn<strong> Ch\u00e2u \u00c2u<\/strong>, <strong>c\u00e1c \u0111\u1ecbnh d\u1ea1ng. Ch\u00fang t\u00f4i ph\u1ee5c v\u1ee5 kh\u00e1ch h\u00e0ng tr\u00ean:<\/strong>, <strong>Trung \u0110\u00f4ng<\/strong>, v\u00e0 <strong>Ch\u00e2u Phi<\/strong>.<\/p>\n<h3 data-start=\"1266\" data-end=\"1294\"><strong data-start=\"1272\" data-end=\"1294\">\u01afu \u0111i\u1ec3m c\u1ee7a c\u00f4ng ty<\/strong><\/h3>\n<ul data-start=\"1295\" data-end=\"1544\">\n<li data-start=\"1295\" data-end=\"1368\">\n<p data-start=\"1297\" data-end=\"1368\">Tr\u1ef1c ti\u1ebfp <strong data-start=\"1304\" data-end=\"1348\">b\u00e1n h\u00e0ng t\u1ea1i nh\u00e0 m\u00e1y c\u1ee7a h\u1ed9p \u0111\u1ef1ng 1000L t\u01b0\u01a1ng c\u00e0 chua<\/strong> kh\u00f4ng qua trung gian<\/p>\n<\/li>\n<li data-start=\"1369\" data-end=\"1441\">\n<p data-start=\"1371\" data-end=\"1441\">S\u1ea3n xu\u1ea5t nhanh ch\u00f3ng v\u00e0 giao h\u00e0ng \u0111\u00fang h\u1ea1n cho <strong data-start=\"1412\" data-end=\"1439\">\u0111\u01a1n h\u00e0ng mua s\u1ed1 l\u01b0\u1ee3ng l\u1edbn<\/strong><\/p>\n<\/li>\n<li data-start=\"1442\" data-end=\"1482\">\n<p data-start=\"1444\" data-end=\"1482\">Ki\u1ec3m so\u00e1t ch\u1ea5t l\u01b0\u1ee3ng nghi\u00eam ng\u1eb7t cho t\u1eebng l\u00f4 h\u00e0ng<\/p>\n<\/li>\n<li data-start=\"1483\" data-end=\"1544\">\n<p data-start=\"1485\" data-end=\"1544\">H\u1ed7 tr\u1ee3 OEM, t\u00f9y ch\u1ec9nh nh\u00e3n m\u00e1c v\u00e0 h\u1ee3p t\u00e1c th\u01b0\u01a1ng hi\u1ec7u<\/p>\n<\/li>\n<\/ul>\n<p data-start=\"1546\" data-end=\"1683\">N\u1ebfu b\u1ea1n \u0111ang t\u00ecm ki\u1ebfm m\u1ed9t <strong data-start=\"1573\" data-end=\"1616\">c\u00f4ng ty t\u01b0\u01a1ng c\u00e0 chua h\u1ed9p 1000L \u0111\u00e1ng tin c\u1eady<\/strong>, ch\u00fang t\u00f4i c\u00f3 th\u1ec3 l\u00e0 \u0111\u1ed1i t\u00e1c l\u00e2u d\u00e0i c\u1ee7a b\u1ea1n trong cung \u1ee9ng to\u00e0n c\u1ea7u v\u00e0 \u0111\u00f3ng g\u00f3i chung.<\/p>\n<hr \/>\n<h2>2.\u00a0<strong>Th\u00f4ng s\u1ed1 k\u1ef9 thu\u1eadt s\u1ea3n ph\u1ea9m<\/strong><\/h2>\n<p>\u0110\u1ed1i v\u1edbi c\u00e1c gi\u1ea3i ph\u00e1p t\u00f9y ch\u1ec9nh ho\u1eb7c mua s\u1ed1 l\u01b0\u1ee3ng l\u1edbn,\u00a0<a href=\"https:\/\/taichytomato.com\/vi\/contact\/\">vui l\u00f2ng li\u00ean h\u1ec7 v\u1edbi \u0111\u1ed9i ng\u0169 b\u00e1n h\u00e0ng c\u1ee7a ch\u00fang t\u00f4i b\u1ea5t c\u1ee9 l\u00fac n\u00e0o.<\/a><\/p>\n<div class=\"_tableContainer_1rjym_1\">\n<div class=\"group _tableWrapper_1rjym_13 flex w-fit flex-col-reverse\" tabindex=\"-1\">\n<table class=\"w-fit min-w-(--thread-content-width)\" style=\"height: 415px;\" width=\"1001\" data-start=\"1724\" data-end=\"2195\">\n<thead data-start=\"1724\" data-end=\"1759\">\n<tr data-start=\"1724\" data-end=\"1759\">\n<th data-start=\"1724\" data-end=\"1738\" data-col-size=\"sm\"><strong data-start=\"1726\" data-end=\"1737\">\u0110\u1eb7c \u0111i\u1ec3m<\/strong><\/th>\n<th data-start=\"1738\" data-end=\"1759\" data-col-size=\"md\"><strong data-start=\"1740\" data-end=\"1757\">Th\u00f4ng s\u1ed1 k\u1ef9 thu\u1eadt<\/strong><\/th>\n<\/tr>\n<\/thead>\n<tbody data-start=\"1797\" data-end=\"2195\">\n<tr data-start=\"1797\" data-end=\"1860\">\n<td data-start=\"1797\" data-end=\"1808\" data-col-size=\"sm\"><strong data-start=\"1799\" data-end=\"1807\">Lo\u1ea1i<\/strong><\/td>\n<td data-col-size=\"md\" data-start=\"1808\" data-end=\"1860\">T\u01b0\u01a1ng c\u00e0 c\u00f4ng nghi\u1ec7p (Hot Break \/ Cold Break)<\/td>\n<\/tr>\n<tr data-start=\"1861\" data-end=\"1906\">\n<td data-start=\"1861\" data-end=\"1881\" data-col-size=\"sm\"><strong data-start=\"1863\" data-end=\"1880\">N\u1ed3ng \u0111\u1ed9 (Brix)<\/strong><\/td>\n<td data-col-size=\"md\" data-start=\"1881\" data-end=\"1906\"><a href=\"https:\/\/taichytomato.com\/vi\/san-pham\/28-30-brix-tomato-paste\/\">28\u201330%<\/a> or <a href=\"https:\/\/taichytomato.com\/vi\/san-pham\/30-32-drum-tomato-paste\/\">30\u201332%<\/a> Brix ho\u1eb7c <a href=\"https:\/\/taichytomato.com\/vi\/san-pham\/drum-tomato-paste-36-38\/\">36-38%<\/a> Brix<\/td>\n<\/tr>\n<tr data-start=\"1907\" data-end=\"1967\">\n<td data-start=\"1907\" data-end=\"1923\" data-col-size=\"sm\"><strong data-start=\"1909\" data-end=\"1922\">Bao b\u00ec<\/strong><\/td>\n<td data-col-size=\"md\" data-start=\"1923\" data-end=\"1967\">Th\u00f9ng IBC ti\u1ec7t tr\u00f9ng 1000L v\u1edbi T\u00fai PE b\u00ean trong<\/td>\n<\/tr>\n<tr data-start=\"1968\" data-end=\"2010\">\n<td data-start=\"1968\" data-end=\"1985\" data-col-size=\"sm\"><strong data-start=\"1970\" data-end=\"1984\">Tr\u1ecdng l\u01b0\u1ee3ng t\u1ecbnh<\/strong><\/td>\n<td data-col-size=\"md\" data-start=\"1985\" data-end=\"2010\">1.350 kg m\u1ed7i b\u00ecnh IBC<\/td>\n<\/tr>\n<tr data-start=\"2011\" data-end=\"2068\">\n<td data-start=\"2011\" data-end=\"2028\" data-col-size=\"sm\"><strong data-start=\"2013\" data-end=\"2027\">Th\u1eddi h\u1ea1n s\u1eed d\u1ee5ng<\/strong><\/td>\n<td data-col-size=\"md\" data-start=\"2028\" data-end=\"2068\">24 th\u00e1ng trong \u0111i\u1ec1u ki\u1ec7n m\u00e1t m\u1ebb, kh\u00f4 r\u00e1o<\/td>\n<\/tr>\n<tr data-start=\"2069\" data-end=\"2145\">\n<td data-start=\"2069\" data-end=\"2085\" data-col-size=\"sm\"><strong data-start=\"2071\" data-end=\"2084\">Ch\u1ea5t ph\u1ee5 gia<\/strong><\/td>\n<td data-col-size=\"md\" data-start=\"2085\" data-end=\"2145\">Kh\u00f4ng c\u00f3 (KH\u00d4NG GMO, Kh\u00f4ng ch\u1ea5t b\u1ea3o qu\u1ea3n, Kh\u00f4ng ph\u1ea9m m\u00e0u nh\u00e2n t\u1ea1o)<\/td>\n<\/tr>\n<tr data-start=\"2146\" data-end=\"2195\">\n<td data-start=\"2146\" data-end=\"2167\" data-col-size=\"sm\"><strong data-start=\"2148\" data-end=\"2166\">Ch\u1ee9ng nh\u1eadn<\/strong><\/td>\n<td data-col-size=\"md\" data-start=\"2167\" data-end=\"2195\">HACCP \/ ISO22000 \/ HALAL<\/td>\n<\/tr>\n<\/tbody>\n<\/table>\n<\/div>\n<\/div>\n<p data-start=\"2197\" data-end=\"2373\">S\u1ea3n ph\u1ea9m c\u1ee7a ch\u00fang t\u00f4i <strong data-start=\"2201\" data-end=\"2228\">Th\u00f9ng 1000L t\u01b0\u01a1ng \u0111\u1eb7c \u0111\u00f3ng h\u1ed9p<\/strong> l\u00fd t\u01b0\u1edfng cho c\u00e1c nh\u00e0 ch\u1ebf bi\u1ebfn th\u1ef1c ph\u1ea9m c\u00f4ng nghi\u1ec7p t\u00ecm ki\u1ebfm <strong data-start=\"2277\" data-end=\"2309\">chi ph\u00ed th\u1ea5p v\u00e0 hi\u1ec7u qu\u1ea3 cao<\/strong> t\u01b0\u01a1ng c\u00f4 \u0111\u1eb7c cho s\u1ed1t, s\u00fap, ketchup v\u00e0 c\u00e1c m\u00f3n \u0103n ch\u1ebf bi\u1ebfn s\u1eb5n.<\/p>\n<figure id=\"attachment_2552\" aria-describedby=\"caption-attachment-2552\" style=\"width: 335px\" class=\"wp-caption aligncenter\"><img fetchpriority=\"high\" decoding=\"async\" class=\"wp-image-2552\" src=\"https:\/\/taichytomato.com\/wp-content\/uploads\/2025\/09\/1000L_Drum_Tomato_Paste_TREn2R9j8-300x225.webp\" alt=\"Th\u00f9ng 1000L_M\u1eadt ong c\u00e0 chua\" width=\"335\" height=\"251\" srcset=\"https:\/\/taichytomato.com\/wp-content\/uploads\/2025\/09\/1000L_Drum_Tomato_Paste_TREn2R9j8-300x225.webp 300w, https:\/\/taichytomato.com\/wp-content\/uploads\/2025\/09\/1000L_Drum_Tomato_Paste_TREn2R9j8-1024x767.webp 1024w, https:\/\/taichytomato.com\/wp-content\/uploads\/2025\/09\/1000L_Drum_Tomato_Paste_TREn2R9j8-768x575.webp 768w, https:\/\/taichytomato.com\/wp-content\/uploads\/2025\/09\/1000L_Drum_Tomato_Paste_TREn2R9j8-600x450.webp 600w, https:\/\/taichytomato.com\/wp-content\/uploads\/2025\/09\/1000L_Drum_Tomato_Paste_TREn2R9j8.webp 1300w\" sizes=\"(max-width: 335px) 100vw, 335px\" \/><figcaption id=\"caption-attachment-2552\" class=\"wp-caption-text\">Th\u00f9ng 1000L_M\u1eadt ong c\u00e0 chua<\/figcaption><\/figure>\n<hr \/>\n<h2 data-start=\"2380\" data-end=\"2429\"><strong data-start=\"2383\" data-end=\"2429\">3. T\u1ea1i sao ch\u1ecdn T\u01b0\u01a1ng \u0111\u1eb7c 1000L c\u1ee7a ch\u00fang t\u00f4i?<\/strong><\/h2>\n<h3 data-start=\"2431\" data-end=\"2466\">\ud83d\udd39 <strong data-start=\"2438\" data-end=\"2466\">T\u01b0\u01a1ng \u0111\u1eb7c ch\u1ea5t l\u01b0\u1ee3ng cao<\/strong><\/h3>\n<p data-start=\"2467\" data-end=\"2608\">\u0110\u01b0\u1ee3c l\u00e0m t\u1eeb c\u00e0 chua t\u01b0\u01a1i, ch\u00edn, KH\u00d4NG GMO, \u0111\u01b0\u1ee3c x\u1eed l\u00fd trong v\u00f2ng v\u00e0i gi\u1edd sau thu ho\u1ea1ch, t\u01b0\u01a1ng c\u1ee7a ch\u00fang t\u00f4i gi\u1eef m\u00e0u \u0111\u1ecf \u0111\u1eadm v\u00e0 h\u01b0\u01a1ng v\u1ecb t\u1ef1 nhi\u00ean c\u1ee7a c\u00e0 chua.<\/p>\n<h3 data-start=\"2610\" data-end=\"2642\">\ud83d\udd39 <strong data-start=\"2617\" data-end=\"2642\">L\u1ee3i th\u1ebf v\u1ec1 s\u1ed1 l\u01b0\u1ee3ng l\u1edbn &amp; chi ph\u00ed<\/strong><\/h3>\n<p data-start=\"2643\" data-end=\"2812\">Ch\u00fang t\u00f4i cung c\u1ea5p <strong data-start=\"2652\" data-end=\"2685\">t\u01b0\u01a1ng \u0111\u1eb7c 1000L gi\u00e1 r\u1ebb<\/strong> at <strong data-start=\"2689\" data-end=\"2714\">gi\u00e1 tr\u1ef1c ti\u1ebfp t\u1eeb nh\u00e0 m\u00e1y<\/strong>, l\u00fd t\u01b0\u1edfng cho c\u00e1c nh\u00e0 nh\u1eadp kh\u1ea9u v\u00e0 nh\u00e0 s\u1ea3n xu\u1ea5t th\u1ef1c ph\u1ea9m t\u00ecm ki\u1ebfm <strong data-start=\"2773\" data-end=\"2792\">ngu\u1ed3n cung c\u1ea5p gi\u00e1 r\u1ebb<\/strong> v\u00e0 ch\u1ea5t l\u01b0\u1ee3ng \u1ed5n \u0111\u1ecbnh.<\/p>\n<h3 data-start=\"2814\" data-end=\"2848\">\ud83d\udd39 <strong data-start=\"2821\" data-end=\"2848\">T\u00f9y ch\u1ecdn cung c\u1ea5p linh ho\u1ea1t<\/strong><\/h3>\n<p data-start=\"2849\" data-end=\"2987\">Ch\u00fang t\u00f4i x\u1eed l\u00fd c\u1ea3 <strong data-start=\"2864\" data-end=\"2886\">\u0111\u1eb7t h\u00e0ng th\u1eed nh\u1ecf<\/strong> v\u00e0 <strong data-start=\"2891\" data-end=\"2910\">mua s\u1ed1 l\u01b0\u1ee3ng l\u1edbn<\/strong>, \u0111\u1ea3m b\u1ea3o cung c\u1ea5p <strong data-start=\"2932\" data-end=\"2966\">d\u1ea7u c\u00e0 chua \u0111\u00f3ng th\u00f9ng 1000L \u1ed5n \u0111\u1ecbnh<\/strong> su\u1ed1t c\u1ea3 n\u0103m.<\/p>\n<h3 data-start=\"2989\" data-end=\"3022\">\ud83d\udd39 <strong data-start=\"2996\" data-end=\"3022\">Xu\u1ea5t kh\u1ea9u to\u00e0n c\u1ea7u \u0111\u00e1ng tin c\u1eady<\/strong><\/h3>\n<p data-start=\"3023\" data-end=\"3160\">V\u1edbi kinh nghi\u1ec7m xu\u1ea5t kh\u1ea9u phong ph\u00fa, ch\u00fang t\u00f4i qu\u1ea3n l\u00fd <strong data-start=\"3062\" data-end=\"3083\">FOB, CIF, v\u00e0 CFR<\/strong> l\u00f4 h\u00e0ng t\u1eeb c\u00e1c c\u1ea3ng l\u1edbn c\u1ee7a Trung Qu\u1ed1c, \u0111\u1ea3m b\u1ea3o logistics an to\u00e0n v\u00e0 hi\u1ec7u qu\u1ea3.<\/p>\n<hr data-start=\"3162\" data-end=\"3165\" \/>\n<h2 data-start=\"3167\" data-end=\"3189\"><strong data-start=\"3170\" data-end=\"3189\">4. \u1ee8ng d\u1ee5ng<\/strong><\/h2>\n<p data-start=\"3190\" data-end=\"3248\">S\u1ea3n ph\u1ea9m c\u1ee7a ch\u00fang t\u00f4i <strong data-start=\"3194\" data-end=\"3229\">D\u1ea7u c\u00e0 chua \u0111\u00f3ng th\u00f9ng 1000L ti\u1ec7t tr\u00f9ng<\/strong> \u0111\u01b0\u1ee3c s\u1eed d\u1ee5ng r\u1ed9ng r\u00e3i trong:<\/p>\n<ul data-start=\"3249\" data-end=\"3410\">\n<li data-start=\"3249\" data-end=\"3278\">\n<p data-start=\"3251\" data-end=\"3278\">Ketchup v\u00e0 s\u1ed1t c\u00e0 chua<\/p>\n<\/li>\n<li data-start=\"3279\" data-end=\"3305\">\n<p data-start=\"3281\" data-end=\"3305\">S\u1ed1t m\u00ec \u1ed1ng v\u00e0 pizza<\/p>\n<\/li>\n<li data-start=\"3306\" data-end=\"3338\">\n<p data-start=\"3308\" data-end=\"3338\">S\u00fap v\u00e0 c\u00e1c m\u00f3n \u0103n s\u1eb5n<\/p>\n<\/li>\n<li data-start=\"3339\" data-end=\"3370\">\n<p data-start=\"3341\" data-end=\"3370\">Th\u1ef1c ph\u1ea9m \u0111\u00f3ng h\u1ed9p v\u00e0 gia v\u1ecb<\/p>\n<\/li>\n<li data-start=\"3371\" data-end=\"3410\">\n<p data-start=\"3373\" data-end=\"3410\">D\u1ecbch v\u1ee5 \u0103n u\u1ed1ng v\u00e0 ch\u1ebf bi\u1ebfn c\u00f4ng nghi\u1ec7p<\/p>\n<\/li>\n<\/ul>\n<hr \/>\n<figure id=\"attachment_1353\" class=\"wp-caption alignnone\" aria-describedby=\"caption-attachment-1353\">\n<h2 data-start=\"3417\" data-end=\"3452\"><strong data-start=\"3420\" data-end=\"3452\">5. Gi\u00e1 c\u1ea3, Doanh s\u1ed1 &amp; Khuy\u1ebfn m\u00e3i<\/strong><\/h2>\n<p data-start=\"3454\" data-end=\"3742\">Ch\u00fang t\u00f4i cung c\u1ea5p c\u00e1c <strong data-start=\"3471\" data-end=\"3519\">khuy\u1ebfn m\u00e3i \u0111\u1ecbnh k\u1ef3 cho c\u00e1c \u0111\u01a1n h\u00e0ng b\u00e1n<\/strong>, b\u1ed9t c\u00e0 chua \u0111\u00f3ng th\u00f9ng 1000L <strong data-start=\"3531\" data-end=\"3554\">, bao g\u1ed3m<\/strong> v\u00e0 <strong data-start=\"3559\" data-end=\"3584\">gi\u1ea3m gi\u00e1 b\u00e1n bu\u00f4n<\/strong>.<br data-start=\"3585\" data-end=\"3588\" \/>S\u1ea3n ph\u1ea9m c\u1ee7a ch\u00fang t\u00f4i <strong data-start=\"3592\" data-end=\"3625\">b\u00e1o gi\u00e1 tr\u1ef1c ti\u1ebfp t\u1eeb nh\u00e0 m\u00e1y<\/strong> Gi\u00e1 b\u1ed9t c\u00e0 chua \u0111\u00f3ng th\u00f9ng 1000L <strong data-start=\"3712\" data-end=\"3741\">thay \u0111\u1ed5i t\u00f9y thu\u1ed9c v\u00e0o m\u1ee9c Brix, \u0111\u00f3ng g\u00f3i v\u00e0 s\u1ed1 l\u01b0\u1ee3ng \u0111\u01a1n h\u00e0ng \u2014 vui l\u00f2ng li\u00ean h\u1ec7 v\u1edbi ch\u00fang t\u00f4i \u0111\u1ec3 c\u00f3<\/strong>.<\/p>\n<p data-start=\"3744\" data-end=\"3945\">b\u00e1o gi\u00e1 b\u00e1n bu\u00f4n ch\u00ednh x\u00e1c <strong data-start=\"3772\" data-end=\"3805\">t\u01b0\u01a1ng \u0111\u1eb7c 1000L gi\u00e1 r\u1ebb<\/strong> D\u00f9 b\u1ea1n \u0111ang t\u00ecm ki\u1ebfm <strong data-start=\"3853\" data-end=\"3886\">cho nh\u1eadp kh\u1ea9u ho\u1eb7c mu\u1ed1n h\u1ee3p t\u00e1c v\u1edbi th\u01b0\u01a1ng hi\u1ec7u<\/strong>, b\u1ed9t c\u00e0 chua \u0111\u00f3ng th\u00f9ng 1000L <strong data-start=\"3899\" data-end=\"3944\">, ch\u00fang t\u00f4i cung c\u1ea5p<\/strong>.<\/p>\n<\/figure>\n<h2 data-start=\"3952\" data-end=\"3979\"><strong data-start=\"3955\" data-end=\"3979\">gi\u00e1 c\u1ea3 c\u1ea1nh tranh v\u00e0 ch\u1ea5t l\u01b0\u1ee3ng \u0111\u1ea3m b\u1ea3o<\/strong><\/h2>\n<p data-start=\"3981\" data-end=\"4175\">6. Nh\u1eadn B\u00e1o Gi\u00e1 Ngay H\u00f4m Nay <strong data-start=\"3993\" data-end=\"4030\">T\u00ecm ki\u1ebfm<\/strong> b\u00e1n bu\u00f4n b\u1ed9t c\u00e0 chua \u0111\u00f3ng th\u00f9ng 1000L <strong data-start=\"4046\" data-end=\"4061\">ho\u1eb7c d\u1ef1 \u0111\u1ecbnh<\/strong>?<br data-start=\"4062\" data-end=\"4065\" \/>mua s\u1ed1 l\u01b0\u1ee3ng l\u1edbn <strong data-start=\"4077\" data-end=\"4091\">nh\u00f3m b\u00e1n h\u00e0ng<\/strong> cho b\u1ea3n c\u1eadp nh\u1eadt m\u1edbi nh\u1ea5t <strong data-start=\"4107\" data-end=\"4141\">b\u00e1o gi\u00e1 th\u00f9ng 1000L t\u01b0\u01a1ng c\u00e0 chua<\/strong> v\u00e0 <strong data-start=\"4146\" data-end=\"4172\">chi ti\u1ebft cung c\u1ea5p t\u1eeb nh\u00e0 m\u00e1y<\/strong>.<\/p>\n<p data-start=\"4177\" data-end=\"4327\">\ud83d\udce7 <strong data-start=\"4180\" data-end=\"4190\">Email:<\/strong> <a class=\"decorated-link cursor-pointer\" rel=\"noopener\" data-start=\"4191\" data-end=\"4212\">info@taichysupply.com<\/a><br data-start=\"4212\" data-end=\"4215\" \/>\ud83c\udf10 <strong data-start=\"4218\" data-end=\"4230\">Trang web:<\/strong> <a class=\"decorated-link cursor-pointer\" target=\"_new\" rel=\"noopener\" data-start=\"4231\" data-end=\"4283\">www.taichytomato.com<\/a><br data-start=\"4283\" data-end=\"4286\" \/>\ud83c\udfed <strong data-start=\"4289\" data-end=\"4310\">V\u1ecb tr\u00ed nh\u00e0 m\u00e1y:<\/strong> Tianjin, Trung Qu\u1ed1c<\/p>\n<hr \/>\n<h2><strong>7.C\u00e2u h\u1ecfi th\u01b0\u1eddng g\u1eb7p<\/strong><\/h2>\n<p><strong>H: B\u1ea1n c\u00f3 cung c\u1ea5p m\u1eabu kh\u00f4ng? C\u00f3 mi\u1ec5n ph\u00ed kh\u00f4ng?\u00a0<\/strong><\/p>\n<p>\u0110: Ch\u00fang t\u00f4i c\u00f3 th\u1ec3 cung c\u1ea5p m\u1eabu mi\u1ec5n ph\u00ed, nh\u01b0ng b\u1ea1n c\u1ea7n tr\u1ea3 ph\u00ed v\u1eadn chuy\u1ec3n. n\u1ebfu b\u1ea1n mu\u1ed1n vui l\u00f2ng nh\u1ea5n\u00a0<a href=\"https:\/\/taichytomato.com\/vi\/contact\/\">t\u1ea1i \u0111\u00e2y\u00a0<\/a><\/p>\n<p><strong>H: B\u1ea1n c\u00f3 ch\u1ee9ng ch\u1ec9 n\u00e0o?\u00a0<\/strong><\/p>\n<p>A: Ch\u00fang t\u00f4i l\u00e0 <strong>HACCP, ISO, BRC, HALAL<\/strong> ch\u1ee9ng nh\u1eadn.<\/p>\n<p><strong>H: D\u1ecbch v\u1ee5 v\u1eadn chuy\u1ec3n c\u1ee7a b\u1ea1n l\u00e0 g\u00ec?\u00a0<\/strong><\/p>\n<p>\u0110: Ch\u00fang t\u00f4i c\u00f3 th\u1ec3 cung c\u1ea5p d\u1ecbch v\u1ee5 \u0111\u1eb7t t\u00e0u, h\u1ee3p nh\u1ea5t h\u00e0ng h\u00f3a, khai b\u00e1o h\u1ea3i quan, chu\u1ea9n b\u1ecb ch\u1ee9ng t\u1eeb v\u1eadn chuy\u1ec3n v\u00e0 giao h\u00e0ng s\u1ed1 l\u01b0\u1ee3ng l\u1edbn t\u1ea1i c\u1ea3ng.<\/p>\n<p><strong>H: MOQ c\u1ee7a b\u1ea1n l\u00e0 bao nhi\u00eau?\u00a0<\/strong><\/p>\n<p>\u0110: MOQ c\u1ee7a ch\u00fang t\u00f4i th\u01b0\u1eddng l\u00e0 m\u1ed9t container, nh\u01b0ng ch\u00fang t\u00f4i c\u0169ng c\u00f3 th\u1ec3 gi\u00fap LCL n\u1ebfu b\u1ea1n c\u1ea7n.<\/p>\n<p><strong>H: Mu\u1ed1n t\u00ecm hi\u1ec3u th\u00eam v\u1ec1 mua h\u00e0ng<\/strong><\/p>","protected":false},"excerpt":{"rendered":"<p>S\u1ea3n ph\u1ea9m n\u00e0y l\u00e0 t\u01b0\u01a1ng c\u00e0 chua 28-38% Brix, th\u00f9ng 1000L, l\u00fd t\u01b0\u1edfng cho s\u1eed d\u1ee5ng c\u00f4ng nghi\u1ec7p trong n\u01b0\u1edbc s\u1ed1t, s\u00fap v\u00e0 n\u01b0\u1edbc \u00e9p. N\u00f3 gi\u1eef l\u1ea1i h\u01b0\u01a1ng v\u1ecb v\u00e0 ch\u1ea5t dinh d\u01b0\u1ee1ng t\u1ef1 nhi\u00ean c\u1ee7a c\u00e0 chua, v\u1edbi m\u00e0u \u0111\u1ecf t\u01b0\u01a1i, \u0111\u1ed9 axit c\u00e2n b\u1eb1ng v\u00e0 h\u00e0m l\u01b0\u1ee3ng lycopene cao. \u0110\u01b0\u1ee3c l\u00e0m t\u1eeb c\u00e0 chua ch\u1ea5t l\u01b0\u1ee3ng cao c\u00f3 ngu\u1ed3n g\u1ed1c t\u1eeb t\u00e2y b\u1eafc Trung Qu\u1ed1c, n\u00f3 s\u1eed d\u1ee5ng h\u1ea1t gi\u1ed1ng Heinz v\u00e0 Delmont cao c\u1ea5p. S\u1ea3n ph\u1ea9m \u0111\u01b0\u1ee3c ch\u1ee9ng nh\u1eadn b\u1edfi ISO, HACCP, HALAL v\u00e0 KOSHER. \u0110\u00f3ng g\u00f3i trong th\u00f9ng v\u00f4 tr\u00f9ng 1000L, n\u00f3 c\u00f3 th\u1eddi h\u1ea1n s\u1eed d\u1ee5ng 24 th\u00e1ng v\u00e0 \u0111\u01b0\u1ee3c b\u1ea3o qu\u1ea3n trong m\u00f4i tr\u01b0\u1eddng m\u00e1t m\u1ebb. TAICHY FOOD c\u0169ng cung c\u1ea5p d\u1ecbch v\u1ee5 h\u1eadu c\u1ea7n m\u1ea1nh m\u1ebd, bao g\u1ed3m v\u1eadn t\u1ea3i \u0111a ph\u01b0\u01a1ng th\u1ee9c v\u00e0 c\u00f3 h\u1ed3 s\u01a1 xu\u1ea5t kh\u1ea9u t\u01b0\u01a1ng c\u00e0 chua sang Nga.<\/p>","protected":false},"featured_media":2552,"template":"","meta":{"_acf_changed":false,"_seopress_robots_primary_cat":"none","_seopress_titles_title":"1000L Drum Tomato Paste Manufacturer in China | Wholesale","_seopress_titles_desc":"Factory 1000L drum tomato paste for global purchasing. Low cost pricing, brand variety, and promotions available. Request wholesale quotes today.","_seopress_robots_index":"","site-sidebar-layout":"default","site-content-layout":"","ast-site-content-layout":"default","site-content-style":"default","site-sidebar-style":"default","ast-global-header-display":"","ast-banner-title-visibility":"","ast-main-header-display":"","ast-hfb-above-header-display":"","ast-hfb-below-header-display":"","ast-hfb-mobile-header-display":"","site-post-title":"","ast-breadcrumbs-content":"","ast-featured-img":"","footer-sml-layout":"","ast-disable-related-posts":"","theme-transparent-header-meta":"default","adv-header-id-meta":"","stick-header-meta":"","header-above-stick-meta":"","header-main-stick-meta":"","header-below-stick-meta":"","astra-migrate-meta-layouts":"set","ast-page-background-enabled":"default","ast-page-background-meta":{"desktop":{"background-color":"var(--ast-global-color-5)","background-image":"","background-repeat":"repeat","background-position":"center center","background-size":"auto","background-attachment":"scroll","background-type":"","background-media":"","overlay-type":"","overlay-color":"","overlay-opacity":"","overlay-gradient":""},"tablet":{"background-color":"","background-image":"","background-repeat":"repeat","background-position":"center center","background-size":"auto","background-attachment":"scroll","background-type":"","background-media":"","overlay-type":"","overlay-color":"","overlay-opacity":"","overlay-gradient":""},"mobile":{"background-color":"","background-image":"","background-repeat":"repeat","background-position":"center center","background-size":"auto","background-attachment":"scroll","background-type":"","background-media":"","overlay-type":"","overlay-color":"","overlay-opacity":"","overlay-gradient":""}},"ast-content-background-meta":{"desktop":{"background-color":"var(--ast-global-color-4)","background-image":"","background-repeat":"repeat","background-position":"center center","background-size":"auto","background-attachment":"scroll","background-type":"","background-media":"","overlay-type":"","overlay-color":"","overlay-opacity":"","overlay-gradient":""},"tablet":{"background-color":"var(--ast-global-color-4)","background-image":"","background-repeat":"repeat","background-position":"center center","background-size":"auto","background-attachment":"scroll","background-type":"","background-media":"","overlay-type":"","overlay-color":"","overlay-opacity":"","overlay-gradient":""},"mobile":{"background-color":"var(--ast-global-color-4)","background-image":"","background-repeat":"repeat","background-position":"center center","background-size":"auto","background-attachment":"scroll","background-type":"","background-media":"","overlay-type":"","overlay-color":"","overlay-opacity":"","overlay-gradient":""}}},"product_brand":[],"product_cat":[28],"product_tag":[203,186,189,191,44],"class_list":{"0":"post-1816","1":"product","2":"type-product","3":"status-publish","4":"has-post-thumbnail","6":"product_cat-drum-tomato-paste","7":"product_tag-1000l-drum-tomato-paste","8":"product_tag-30-32-tomato-paste-cb","9":"product_tag-cold-break","10":"product_tag-hot-break","11":"product_tag-tomato-paste","12":"desktop-align-left","13":"tablet-align-left","14":"mobile-align-left","16":"first","17":"instock","18":"sale","19":"shipping-taxable","20":"purchasable","21":"product-type-simple"},"acf":[],"_links":{"self":[{"href":"https:\/\/taichytomato.com\/vi\/wp-json\/wp\/v2\/product\/1816","targetHints":{"allow":["GET"]}}],"collection":[{"href":"https:\/\/taichytomato.com\/vi\/wp-json\/wp\/v2\/product"}],"about":[{"href":"https:\/\/taichytomato.com\/vi\/wp-json\/wp\/v2\/types\/product"}],"version-history":[{"count":0,"href":"https:\/\/taichytomato.com\/vi\/wp-json\/wp\/v2\/product\/1816\/revisions"}],"wp:featuredmedia":[{"embeddable":true,"href":"https:\/\/taichytomato.com\/vi\/wp-json\/wp\/v2\/media\/2552"}],"wp:attachment":[{"href":"https:\/\/taichytomato.com\/vi\/wp-json\/wp\/v2\/media?parent=1816"}],"wp:term":[{"taxonomy":"product_brand","embeddable":true,"href":"https:\/\/taichytomato.com\/vi\/wp-json\/wp\/v2\/product_brand?post=1816"},{"taxonomy":"product_cat","embeddable":true,"href":"https:\/\/taichytomato.com\/vi\/wp-json\/wp\/v2\/product_cat?post=1816"},{"taxonomy":"product_tag","embeddable":true,"href":"https:\/\/taichytomato.com\/vi\/wp-json\/wp\/v2\/product_tag?post=1816"}],"curies":[{"name":"wp","href":"https:\/\/api.w.org\/{rel}","templated":true}]}}