{"id":1054,"date":"2025-05-25T23:31:22","date_gmt":"2025-05-26T07:31:22","guid":{"rendered":"https:\/\/taichytomato.com\/?post_type=product&#038;p=1054"},"modified":"2026-01-12T23:09:05","modified_gmt":"2026-01-13T07:09:05","slug":"100g-tomato-paste-sache","status":"publish","type":"product","link":"https:\/\/taichytomato.com\/vi\/san-pham\/100g-tomato-paste-sache\/","title":{"rendered":"G\u00f3i s\u1ed1t c\u00e0 chua 100g"},"content":{"rendered":"<h2 data-start=\"280\" data-end=\"337\">T\u00fai nh\u1ecf 100g M\u1eadt ong c\u00e0 chua | Cung c\u1ea5p t\u1eeb nh\u00e0 m\u00e1y &amp; Xu\u1ea5t kh\u1ea9u OEM<\/h2>\n<p data-start=\"339\" data-end=\"708\"><strong data-start=\"339\" data-end=\"367\">T\u00fai nh\u1ecf 100g m\u1eadt ong c\u00e0 chua<\/strong> l\u00e0 gi\u1ea3i ph\u00e1p \u0111\u00f3ng g\u00f3i nh\u1ecf g\u1ecdn th\u1ef1c t\u1ebf \u0111\u01b0\u1ee3c thi\u1ebft k\u1ebf cho th\u1ecb tr\u01b0\u1eddng b\u00e1n l\u1ebb, d\u1ecbch v\u1ee5 \u0103n u\u1ed1ng v\u00e0 xu\u1ea5t kh\u1ea9u, y\u00eau c\u1ea7u ki\u1ec3m so\u00e1t kh\u1ea9u ph\u1ea7n, ch\u1ea5t l\u01b0\u1ee3ng \u1ed5n \u0111\u1ecbnh v\u00e0 chi ph\u00ed c\u1ea1nh tranh.<br data-start=\"524\" data-end=\"527\" \/>Ngu\u1ed3n cung c\u1ea5p Taichy <strong data-start=\"543\" data-end=\"612\">T\u00fai nh\u1ecf 100g m\u1eadt ong c\u00e0 chua tr\u1ef1c ti\u1ebfp t\u1eeb nh\u00e0 m\u00e1y c\u1ee7a ch\u00fang t\u00f4i t\u1ea1i B\u1eafc Trung Qu\u1ed1c<\/strong>, \u0111\u01b0\u1ee3c s\u1ea3n xu\u1ea5t t\u1eeb c\u00e0 chua t\u01b0\u01a1i v\u1edbi c\u00e1c t\u00f9y ch\u1ecdn Brix linh ho\u1ea1t v\u00e0 \u0111\u1ea7y \u0111\u1ee7 ch\u1ee9ng nh\u1eadn qu\u1ed1c t\u1ebf.<\/p>\n<p data-start=\"710\" data-end=\"904\">S\u1ea3n ph\u1ea9m n\u00e0y \u0111\u01b0\u1ee3c s\u1eed d\u1ee5ng r\u1ed9ng r\u00e3i b\u1edfi <strong data-start=\"741\" data-end=\"824\">si\u00eau th\u1ecb, th\u01b0\u01a1ng hi\u1ec7u nh\u00e3n ri\u00eang, nh\u00e0 s\u1ea3n xu\u1ea5t th\u1ee9c \u0103n s\u1eb5n, v\u00e0 c\u00e1c ch\u01b0\u01a1ng tr\u00ecnh vi\u1ec7n tr\u1ee3 l\u01b0\u01a1ng th\u1ef1c<\/strong> c\u1ea7n m\u1ed9t lo\u1ea1i m\u1eadt ong c\u00e0 chua \u0111\u00e1ng tin c\u1eady, \u1ed5n \u0111\u1ecbnh tr\u00ean k\u1ec7, trong bao b\u00ec t\u00fai ti\u1ec7n l\u1ee3i.<\/p>\n<hr data-start=\"906\" data-end=\"909\" \/>\n<h2 data-start=\"911\" data-end=\"963\">Th\u00f4ng s\u1ed1 k\u1ef9 thu\u1eadt s\u1ea3n ph\u1ea9m \u2013 T\u00fai nh\u1ecf 100g m\u1eadt ong c\u00e0 chua<\/h2>\n<ul data-start=\"965\" data-end=\"1488\">\n<li data-start=\"965\" data-end=\"1006\">\n<p data-start=\"967\" data-end=\"1006\"><strong data-start=\"967\" data-end=\"984\">Lo\u1ea1i s\u1ea3n ph\u1ea9m:<\/strong> T\u00fai nh\u1ecf m\u1eadt ong c\u00e0 chua<\/p>\n<\/li>\n<li data-start=\"1007\" data-end=\"1031\">\n<p data-start=\"1009\" data-end=\"1031\"><strong data-start=\"1009\" data-end=\"1024\">Tr\u1ecdng l\u01b0\u1ee3ng t\u1ecbnh:<\/strong> 100g<\/p>\n<\/li>\n<li data-start=\"1032\" data-end=\"1079\">\n<p data-start=\"1034\" data-end=\"1079\"><strong data-start=\"1034\" data-end=\"1057\">Th\u00e0nh ph\u1ea7n ch\u00ednh:<\/strong> 100% C\u00e0 chua t\u01b0\u01a1i<\/p>\n<\/li>\n<li data-start=\"1080\" data-end=\"1141\">\n<p data-start=\"1082\" data-end=\"1141\"><strong data-start=\"1082\" data-end=\"1093\">\u0110\u1ed9 tinh khi\u1ebft:<\/strong> 30%\u2013100% (kh\u00f4ng ch\u1ee9a tinh b\u1ed9t ho\u1eb7c ch\u1ea5t l\u00e0m \u0111\u1eb7c nh\u00e2n t\u1ea1o)<\/p>\n<\/li>\n<li data-start=\"1142\" data-end=\"1205\">\n<p data-start=\"1144\" data-end=\"1205\"><strong data-start=\"1144\" data-end=\"1161\">T\u00f9y ch\u1ecdn Brix:<\/strong> 9\u201311% \/ 18\u201320% \/ 22\u201324% \/ 26\u201328% \/ 28\u201330%<\/p>\n<\/li>\n<li data-start=\"1206\" data-end=\"1242\">\n<p data-start=\"1208\" data-end=\"1242\"><strong data-start=\"1208\" data-end=\"1218\">M\u00e0u s\u1eafc:<\/strong> \u0110\u1ecf s\u00e1ng \/ \u0110\u1ecf \u0111\u1eadm<\/p>\n<\/li>\n<li data-start=\"1243\" data-end=\"1287\">\n<p data-start=\"1245\" data-end=\"1287\"><strong data-start=\"1245\" data-end=\"1263\">H\u1ed3 s\u01a1 h\u01b0\u01a1ng v\u1ecb:<\/strong> Ng\u1ecdt c\u00e2n b\u1eb1ng &amp; chua<\/p>\n<\/li>\n<li data-start=\"1288\" data-end=\"1307\">\n<p data-start=\"1290\" data-end=\"1307\"><strong data-start=\"1290\" data-end=\"1297\">pH:<\/strong> 4.0\u20134.4<\/p>\n<\/li>\n<li data-start=\"1308\" data-end=\"1337\">\n<p data-start=\"1310\" data-end=\"1337\"><strong data-start=\"1310\" data-end=\"1325\">Th\u1eddi h\u1ea1n s\u1eed d\u1ee5ng:<\/strong> 2\u20133 n\u0103m<\/p>\n<\/li>\n<li data-start=\"1338\" data-end=\"1376\">\n<p data-start=\"1340\" data-end=\"1376\"><strong data-start=\"1340\" data-end=\"1352\">L\u01b0u tr\u1eef:<\/strong> Kho kh\u00f4, trong nh\u00e0<\/p>\n<\/li>\n<li data-start=\"1377\" data-end=\"1397\">\n<p data-start=\"1379\" data-end=\"1397\"><strong data-start=\"1379\" data-end=\"1387\">HMC:<\/strong> T\u1ed1i \u0111a 50%<\/p>\n<\/li>\n<li data-start=\"1398\" data-end=\"1440\">\n<p data-start=\"1400\" data-end=\"1440\"><strong data-start=\"1400\" data-end=\"1418\">Ch\u1ee9ng nh\u1eadn:<\/strong> FDA, HACCP, ISO, QS<\/p>\n<\/li>\n<li data-start=\"1441\" data-end=\"1488\">\n<p data-start=\"1443\" data-end=\"1488\"><strong data-start=\"1443\" data-end=\"1456\">Th\u01b0\u01a1ng hi\u1ec7u:<\/strong> C\u00f3 th\u1ec3 OEM \/ Nh\u00e3n ri\u00eang<\/p>\n<\/li>\n<\/ul>\n<hr data-start=\"1490\" data-end=\"1493\" \/>\n<h2 data-start=\"1495\" data-end=\"1545\">\u1ee8ng d\u1ee5ng l\u00fd t\u01b0\u1edfng cho t\u00fai nh\u1ecf 100g m\u1eadt ong c\u00e0 chua<\/h2>\n<p data-start=\"1547\" data-end=\"1720\">C\u00e1i <strong data-start=\"1551\" data-end=\"1579\">T\u00fai nh\u1ecf 100g m\u1eadt ong c\u00e0 chua<\/strong> \u0111\u01b0\u1ee3c \u0111\u1ecbnh v\u1ecb cho <strong data-start=\"1598\" data-end=\"1652\">ti\u00eau th\u1ee5 v\u00e0 ph\u00e2n ph\u1ed1i xu\u1ea5t kh\u1ea9u t\u1ea7n su\u1ea5t cao<\/strong>, \u0111\u1eb7c bi\u1ec7t n\u01a1i m\u00e0 \u0111\u1ed9 ch\u00ednh x\u00e1c ph\u1ea7n v\u00e0 hi\u1ec7u qu\u1ea3 \u0111\u00f3ng g\u00f3i quan tr\u1ecdng:<\/p>\n<ul data-start=\"1722\" data-end=\"2000\">\n<li data-start=\"1722\" data-end=\"1774\">\n<p data-start=\"1724\" data-end=\"1774\">N\u1ea5u \u0103n h\u00e0ng ng\u00e0y trong gia \u0111\u00ecnh (s\u1eed d\u1ee5ng m\u1ed9t l\u1ea7n, kh\u00f4ng g\u00e2y l\u00e3ng ph\u00ed)<\/p>\n<\/li>\n<li data-start=\"1775\" data-end=\"1831\">\n<p data-start=\"1777\" data-end=\"1831\">M\u00ec \u0103n li\u1ec1n, h\u1ed9p c\u01a1m tr\u01b0a v\u00e0 c\u00e1c b\u1eefa \u0103n s\u1eb5n<\/p>\n<\/li>\n<li data-start=\"1832\" data-end=\"1873\">\n<p data-start=\"1834\" data-end=\"1873\">B\u00e1n l\u1ebb si\u00eau th\u1ecb v\u00e0 chu\u1ed7i c\u1eeda h\u00e0ng t\u1ea1p h\u00f3a<\/p>\n<\/li>\n<li data-start=\"1874\" data-end=\"1931\">\n<p data-start=\"1876\" data-end=\"1931\">B\u1ed9 d\u1ee5ng c\u1ee5 vi\u1ec7n tr\u1ee3 th\u1ef1c ph\u1ea9m, l\u01b0\u01a1ng th\u1ef1c kh\u1ea9n c\u1ea5p v\u00e0 ch\u01b0\u01a1ng tr\u00ecnh xu\u1ea5t kh\u1ea9u<\/p>\n<\/li>\n<li data-start=\"1932\" data-end=\"2000\">\n<p data-start=\"1934\" data-end=\"2000\">Ph\u00e2n ph\u1ed1i nh\u00e3n ri\u00eang t\u1ea1i ch\u00e2u Phi, Trung \u0110\u00f4ng, CIS v\u00e0 ch\u00e2u \u00c1<\/p>\n<\/li>\n<\/ul>\n<p data-start=\"2002\" data-end=\"2113\">K\u00edch th\u01b0\u1edbc n\u00e0y \u0111\u1eb7c bi\u1ec7t ph\u1ed5 bi\u1ebfn trong <strong data-start=\"2037\" data-end=\"2064\">th\u1ecb tr\u01b0\u1eddng nh\u1ea1y c\u1ea3m v\u1ec1 gi\u00e1<\/strong> v\u00e0 c\u00e1c khu v\u1ef1c c\u00f3 th\u00f3i quen ti\u00eau th\u1ee5 t\u00fai nh\u1ecf cao.<\/p>\n<hr data-start=\"2115\" data-end=\"2118\" \/>\n<h2 data-start=\"2120\" data-end=\"2162\">T\u1ea1i sao ch\u1ecdn T\u00fai s\u1ed1t c\u00e0 chua 100g c\u1ee7a ch\u00fang t\u00f4i<\/h2>\n<ul data-start=\"2164\" data-end=\"2549\">\n<li data-start=\"2164\" data-end=\"2239\">\n<p data-start=\"2166\" data-end=\"2239\"><strong data-start=\"2166\" data-end=\"2191\">Ki\u1ec3m so\u00e1t ph\u1ea7n ch\u00ednh x\u00e1c<\/strong> \u2013 gi\u1ea3m l\u00e3ng ph\u00ed v\u00e0 n\u00e2ng cao ti\u1ec7n \u00edch cho ng\u01b0\u1eddi d\u00f9ng<\/p>\n<\/li>\n<li data-start=\"2240\" data-end=\"2312\">\n<p data-start=\"2242\" data-end=\"2312\"><strong data-start=\"2242\" data-end=\"2270\">T\u00fai b\u1ea1c ch\u1ed1ng r\u00e1ch cao<\/strong> \u2013 b\u1ea3o v\u1ec7 m\u00e0u s\u1eafc, h\u01b0\u01a1ng v\u1ecb v\u00e0 d\u01b0\u1ee1ng ch\u1ea5t<\/p>\n<\/li>\n<li data-start=\"2313\" data-end=\"2379\">\n<p data-start=\"2315\" data-end=\"2379\"><strong data-start=\"2315\" data-end=\"2350\">T\u00f9y ch\u1ecdn t\u00fai \u0111\u1ee9ng ho\u1eb7c t\u00fai ph\u1eb3ng<\/strong> d\u1ef1a tr\u00ean s\u1edf th\u00edch th\u1ecb tr\u01b0\u1eddng<\/p>\n<\/li>\n<li data-start=\"2380\" data-end=\"2462\">\n<p data-start=\"2382\" data-end=\"2462\"><strong data-start=\"2382\" data-end=\"2408\">Gi\u1ea3i ph\u00e1p OEM linh ho\u1ea1t<\/strong> \u2013 logo, t\u00e1c ph\u1ea9m ngh\u1ec7 thu\u1eadt, thi\u1ebft k\u1ebf h\u1ed9p carton, nh\u00e3n \u0111a ng\u00f4n ng\u1eef<\/p>\n<\/li>\n<li data-start=\"2463\" data-end=\"2549\">\n<p data-start=\"2465\" data-end=\"2549\"><strong data-start=\"2465\" data-end=\"2490\">Ngu\u1ed3n cung \u1ed5n \u0111\u1ecbnh t\u1eeb nh\u00e0 m\u00e1y<\/strong> \u2013 ph\u00f9 h\u1ee3p cho h\u1ee3p \u0111\u1ed3ng d\u00e0i h\u1ea1n v\u00e0 v\u1eadn chuy\u1ec3n h\u00e0ng th\u00e1ng<\/p>\n<\/li>\n<\/ul>\n<hr data-start=\"2551\" data-end=\"2554\" \/>\n<h2 data-start=\"2556\" data-end=\"2591\">\u0110\u00f3ng g\u00f3i, MOQ &amp; T\u1ea3i container<\/h2>\n<p data-start=\"2593\" data-end=\"2621\"><strong data-start=\"2593\" data-end=\"2621\">T\u00f9y ch\u1ecdn \u0111\u00f3ng g\u00f3i ti\u00eau chu\u1ea9n<\/strong><\/p>\n<ul data-start=\"2622\" data-end=\"2731\">\n<li data-start=\"2622\" data-end=\"2652\">\n<p data-start=\"2624\" data-end=\"2652\">100g \u00d7 50 t\u00fai \/ h\u1ed9p<\/p>\n<\/li>\n<li data-start=\"2653\" data-end=\"2684\">\n<p data-start=\"2655\" data-end=\"2684\">100g \u00d7 100 t\u00fai \/ h\u1ed9p<\/p>\n<\/li>\n<li data-start=\"2685\" data-end=\"2731\">\n<p data-start=\"2687\" data-end=\"2731\">100g \u00d7 25 t\u00fai \u00d7 4 h\u1ed9p trong \/ h\u1ed9p<\/p>\n<\/li>\n<\/ul>\n<p data-start=\"2733\" data-end=\"2764\"><strong data-start=\"2733\" data-end=\"2764\">Tham kh\u1ea3o x\u1ebfp container<\/strong><\/p>\n<ul data-start=\"2765\" data-end=\"2906\">\n<li data-start=\"2765\" data-end=\"2839\">\n<p data-start=\"2767\" data-end=\"2839\"><strong data-start=\"2767\" data-end=\"2776\">20FT:<\/strong> \u01b0\u1edbc t\u00ednh kho\u1ea3ng 1.530\u20133.200 h\u1ed9p (t\u00f9y thu\u1ed9c v\u00e0o c\u1ea5u tr\u00fac \u0111\u00f3ng g\u00f3i)<\/p>\n<\/li>\n<li data-start=\"2840\" data-end=\"2906\">\n<p data-start=\"2842\" data-end=\"2906\"><strong data-start=\"2842\" data-end=\"2851\">40HQ:<\/strong> kh\u1ed1i l\u01b0\u1ee3ng l\u1edbn h\u01a1n c\u00f3 s\u1eb5n v\u1edbi t\u1ed1i \u01b0u h\u00f3a pallet<\/p>\n<\/li>\n<\/ul>\n<p data-start=\"2908\" data-end=\"2915\"><strong data-start=\"2908\" data-end=\"2915\">MOQ<\/strong><\/p>\n<ul data-start=\"2916\" data-end=\"3058\">\n<li data-start=\"2916\" data-end=\"2992\">\n<p data-start=\"2918\" data-end=\"2992\">OEM \/ Nh\u00e3n ri\u00eang: <strong data-start=\"2939\" data-end=\"2990\">Th\u1ecfa thu\u1eadn (h\u1ed7 tr\u1ee3 MOQ th\u1ea5p cho \u0111\u01a1n h\u00e0ng th\u1eed nghi\u1ec7m)<\/strong><\/p>\n<\/li>\n<li data-start=\"2993\" data-end=\"3058\">\n<p data-start=\"2995\" data-end=\"3058\">\u0110\u1eb7t h\u00e0ng s\u1ed1 l\u01b0\u1ee3ng l\u1edbn nh\u1eadn \u01b0u \u0111\u00e3i v\u1ec1 chi ph\u00ed in \u1ea5n v\u00e0 \u0111\u00f3ng g\u00f3i<\/p>\n<\/li>\n<\/ul>\n<hr data-start=\"3060\" data-end=\"3063\" \/>\n<h2 data-start=\"3065\" data-end=\"3107\">Kh\u1ea3 n\u0103ng xu\u1ea5t kh\u1ea9u OEM &amp; Nh\u00e3n ri\u00eang<\/h2>\n<p data-start=\"3109\" data-end=\"3182\">Ch\u00fang t\u00f4i h\u1ed7 tr\u1ee3 <strong data-start=\"3120\" data-end=\"3145\">d\u1ecbch v\u1ee5 OEM\/ODM \u0111\u1ea7y \u0111\u1ee7<\/strong> cho xu\u1ea5t kh\u1ea9u t\u00fai s\u1ed1t c\u00e0 chua 100g:<\/p>\n<ul data-start=\"3184\" data-end=\"3420\">\n<li data-start=\"3184\" data-end=\"3224\">\n<p data-start=\"3186\" data-end=\"3224\">Ch\u1ea5t li\u1ec7u v\u00e0 \u0111\u1ed9 d\u00e0y t\u00fai t\u00f9y ch\u1ec9nh<\/p>\n<\/li>\n<li data-start=\"3225\" data-end=\"3299\">\n<p data-start=\"3227\" data-end=\"3299\">Bao b\u00ec \u0111a ng\u00f4n ng\u1eef (Ti\u1ebfng Anh \/ Ph\u00e1p \/ \u1ea2 R\u1eadp \/ Nga \/ T\u00e2y Ban Nha)<\/p>\n<\/li>\n<li data-start=\"3300\" data-end=\"3363\">\n<p data-start=\"3302\" data-end=\"3363\">H\u1ed7 tr\u1ee3 m\u00e3 v\u1ea1ch, b\u1ea3ng dinh d\u01b0\u1ee1ng v\u00e0 tu\u00e2n th\u1ee7 quy \u0111\u1ecbnh<\/p>\n<\/li>\n<li data-start=\"3364\" data-end=\"3420\">\n<p data-start=\"3366\" data-end=\"3420\">T\u1ed1i \u01b0u h\u00f3a h\u1ed9p carton xu\u1ea5t kh\u1ea9u \u0111\u1ec3 ki\u1ec3m so\u00e1t chi ph\u00ed v\u1eadn chuy\u1ec3n<\/p>\n<\/li>\n<\/ul>\n<p data-start=\"3422\" data-end=\"3496\">\u0110\u1ed9i ng\u0169 c\u1ee7a ch\u00fang t\u00f4i h\u1ed7 tr\u1ee3 ng\u01b0\u1eddi mua t\u1eeb <strong data-start=\"3451\" data-end=\"3495\">\u00fd t\u01b0\u1edfng \u2192 thi\u1ebft k\u1ebf \u2192 s\u1ea3n xu\u1ea5t \u2192 v\u1eadn chuy\u1ec3n<\/strong>.<\/p>\n<hr data-start=\"3498\" data-end=\"3501\" \/>\n<h2 data-start=\"3503\" data-end=\"3533\">Th\u1ecb tr\u01b0\u1eddng &amp; Kinh nghi\u1ec7m Xu\u1ea5t kh\u1ea9u<\/h2>\n<p data-start=\"3535\" data-end=\"3650\">Taichy c\u00f3 h\u01a1n <strong data-start=\"3551\" data-end=\"3615\">10 n\u0103m kinh nghi\u1ec7m s\u1ea3n xu\u1ea5t v\u00e0 xu\u1ea5t kh\u1ea9u s\u1ed1t c\u00e0 chua<\/strong>, cung c\u1ea5p s\u1ed1t c\u00e0 chua \u0111\u00f3ng g\u00f3i nh\u1ecf cho:<\/p>\n<ul data-start=\"3652\" data-end=\"3733\">\n<li data-start=\"3652\" data-end=\"3662\">\n<p data-start=\"3654\" data-end=\"3662\">c\u00e1c \u0111\u1ecbnh d\u1ea1ng. Ch\u00fang t\u00f4i ph\u1ee5c v\u1ee5 kh\u00e1ch h\u00e0ng tr\u00ean:<\/p>\n<\/li>\n<li data-start=\"3663\" data-end=\"3678\">\n<p data-start=\"3665\" data-end=\"3678\">Ch\u00e2u Phi<\/p>\n<\/li>\n<li data-start=\"3679\" data-end=\"3696\">\n<p data-start=\"3681\" data-end=\"3696\">c\u00e1c qu\u1ed1c gia<\/p>\n<\/li>\n<li data-start=\"3697\" data-end=\"3715\">\n<p data-start=\"3699\" data-end=\"3715\">\u0110\u00f4ng Nam \u00c1<\/p>\n<\/li>\n<li data-start=\"3716\" data-end=\"3733\">\n<p data-start=\"3718\" data-end=\"3733\">Ch\u00e2u M\u1ef9 Latin<\/p>\n<\/li>\n<\/ul>\n<p data-start=\"3735\" data-end=\"3825\">Ch\u00fang t\u00f4i hi\u1ec3u <strong data-start=\"3749\" data-end=\"3824\">s\u1edf th\u00edch Brix theo th\u1ecb tr\u01b0\u1eddng, quy \u0111\u1ecbnh nh\u00e3n m\u00e3n, v\u00e0 \u0111\u1ecbnh v\u1ecb gi\u00e1 c\u1ea3<\/strong>.<\/p>\n<hr data-start=\"4288\" data-end=\"4291\" \/>\n<h2 data-start=\"4293\" data-end=\"4321\">H\u01b0\u1edbng d\u1eabn li\u00ean quan d\u00e0nh cho Ng\u01b0\u1eddi mua<\/h2>\n<ul data-start=\"4323\" data-end=\"4446\">\n<li data-start=\"4323\" data-end=\"4378\">\n<p data-start=\"4325\" data-end=\"4378\"><strong data-start=\"4325\" data-end=\"4376\">H\u01b0\u1edbng D\u1eabn Mua H\u00e0ng T\u00fai Nh\u1ef1a M\u1eadt Ong C\u00e0 Chua Nh\u1ecf<\/strong><\/p>\n<\/li>\n<li data-start=\"4379\" data-end=\"4446\">\n<p data-start=\"4381\" data-end=\"4446\"><strong data-start=\"4381\" data-end=\"4444\">H\u01b0\u1edbng d\u1eabn Xu\u1ea5t kh\u1ea9u S\u1ed1t C\u00e0 Chua \u0110\u00f3ng G\u00f3i (Th\u01b0\u01a1ng hi\u1ec7u &amp; Tham kh\u1ea3o Gi\u00e1)<\/strong><\/p>\n<\/li>\n<\/ul>\n<p data-start=\"4448\" data-end=\"4571\">\ud83d\udce9 <a href=\"https:\/\/taichytomato.com\/vi\/contact\/\"><strong data-start=\"4451\" data-end=\"4469\">Li\u00ean h\u1ec7 v\u1edbi ch\u00fang t\u00f4i ngay b\u00e2y gi\u1edd<\/strong><\/a> \u0111\u1ec3 nh\u1eadn danh m\u1ee5c s\u1ea3n ph\u1ea9m, b\u00e1o gi\u00e1, m\u1eabu mi\u1ec5n ph\u00ed ho\u1eb7c \u0111\u1ec1 xu\u1ea5t OEM cho th\u1ecb tr\u01b0\u1eddng m\u1ee5c ti\u00eau c\u1ee7a b\u1ea1n.<\/p>","protected":false},"excerpt":{"rendered":"<p>Brix:18-20%,22-24%,26-28%,28-30%<br \/>\nH\u1ed9p thi\u1ebfc ch\u1ed1ng r\u1ec9 s\u00e9t\/ ch\u1ed1ng c\u0103ng th\u1eb3ng\/ ch\u1ed1ng \u1ea9m<br \/>\nTh\u01b0\u01a1ng hi\u1ec7u: Thi\u1ebft k\u1ebf ho\u1eb7c OEM<br \/>\nS\u1ed1 l\u01b0\u1ee3ng t\u1ed1i thi\u1ec3u: 1X20ft<br \/>\nChi ti\u1ebft giao h\u00e0ng: 30-35 ng\u00e0y sau khi nh\u1eadn \u0111\u1eb7t c\u1ecdc ho\u1eb7c LC. Giao h\u00e0ng nhanh nh\u1ea5t.<br \/>\nM\u00e3 HS:2002901100<\/p>","protected":false},"featured_media":3292,"template":"","meta":{"_acf_changed":false,"_seopress_robots_primary_cat":"none","_seopress_titles_title":"100g Sachet Tomato Paste | Wholesale Purchase | Best Price","_seopress_titles_desc":"Searching for a reliable source for 100g sachet tomato paste? We provide high-quality bulk supplies with traceable product quality.Contact Us Now","_seopress_robots_index":"","site-sidebar-layout":"default","site-content-layout":"","ast-site-content-layout":"default","site-content-style":"default","site-sidebar-style":"default","ast-global-header-display":"","ast-banner-title-visibility":"","ast-main-header-display":"","ast-hfb-above-header-display":"","ast-hfb-below-header-display":"","ast-hfb-mobile-header-display":"","site-post-title":"","ast-breadcrumbs-content":"","ast-featured-img":"","footer-sml-layout":"","ast-disable-related-posts":"","theme-transparent-header-meta":"default","adv-header-id-meta":"","stick-header-meta":"","header-above-stick-meta":"","header-main-stick-meta":"","header-below-stick-meta":"","astra-migrate-meta-layouts":"set","ast-page-background-enabled":"default","ast-page-background-meta":{"desktop":{"background-color":"var(--ast-global-color-5)","background-image":"","background-repeat":"repeat","background-position":"center center","background-size":"auto","background-attachment":"scroll","background-type":"","background-media":"","overlay-type":"","overlay-color":"","overlay-opacity":"","overlay-gradient":""},"tablet":{"background-color":"","background-image":"","background-repeat":"repeat","background-position":"center center","background-size":"auto","background-attachment":"scroll","background-type":"","background-media":"","overlay-type":"","overlay-color":"","overlay-opacity":"","overlay-gradient":""},"mobile":{"background-color":"","background-image":"","background-repeat":"repeat","background-position":"center center","background-size":"auto","background-attachment":"scroll","background-type":"","background-media":"","overlay-type":"","overlay-color":"","overlay-opacity":"","overlay-gradient":""}},"ast-content-background-meta":{"desktop":{"background-color":"var(--ast-global-color-4)","background-image":"","background-repeat":"repeat","background-position":"center center","background-size":"auto","background-attachment":"scroll","background-type":"","background-media":"","overlay-type":"","overlay-color":"","overlay-opacity":"","overlay-gradient":""},"tablet":{"background-color":"var(--ast-global-color-4)","background-image":"","background-repeat":"repeat","background-position":"center center","background-size":"auto","background-attachment":"scroll","background-type":"","background-media":"","overlay-type":"","overlay-color":"","overlay-opacity":"","overlay-gradient":""},"mobile":{"background-color":"var(--ast-global-color-4)","background-image":"","background-repeat":"repeat","background-position":"center center","background-size":"auto","background-attachment":"scroll","background-type":"","background-media":"","overlay-type":"","overlay-color":"","overlay-opacity":"","overlay-gradient":""}}},"product_brand":[],"product_cat":[97],"product_tag":[171],"class_list":{"0":"post-1054","1":"product","2":"type-product","3":"status-publish","4":"has-post-thumbnail","6":"product_cat-tomato-paste-in-sachet","7":"product_tag-100g-tomato-paste-sachet","8":"desktop-align-left","9":"tablet-align-left","10":"mobile-align-left","12":"first","13":"instock","14":"sale","15":"shipping-taxable","16":"purchasable","17":"product-type-simple"},"acf":[],"_links":{"self":[{"href":"https:\/\/taichytomato.com\/vi\/wp-json\/wp\/v2\/product\/1054","targetHints":{"allow":["GET"]}}],"collection":[{"href":"https:\/\/taichytomato.com\/vi\/wp-json\/wp\/v2\/product"}],"about":[{"href":"https:\/\/taichytomato.com\/vi\/wp-json\/wp\/v2\/types\/product"}],"version-history":[{"count":0,"href":"https:\/\/taichytomato.com\/vi\/wp-json\/wp\/v2\/product\/1054\/revisions"}],"wp:featuredmedia":[{"embeddable":true,"href":"https:\/\/taichytomato.com\/vi\/wp-json\/wp\/v2\/media\/3292"}],"wp:attachment":[{"href":"https:\/\/taichytomato.com\/vi\/wp-json\/wp\/v2\/media?parent=1054"}],"wp:term":[{"taxonomy":"product_brand","embeddable":true,"href":"https:\/\/taichytomato.com\/vi\/wp-json\/wp\/v2\/product_brand?post=1054"},{"taxonomy":"product_cat","embeddable":true,"href":"https:\/\/taichytomato.com\/vi\/wp-json\/wp\/v2\/product_cat?post=1054"},{"taxonomy":"product_tag","embeddable":true,"href":"https:\/\/taichytomato.com\/vi\/wp-json\/wp\/v2\/product_tag?post=1054"}],"curies":[{"name":"wp","href":"https:\/\/api.w.org\/{rel}","templated":true}]}}