{"id":1048,"date":"2025-05-25T23:24:28","date_gmt":"2025-05-26T07:24:28","guid":{"rendered":"https:\/\/taichytomato.com\/?post_type=product&#038;p=1048"},"modified":"2026-01-07T19:22:11","modified_gmt":"2026-01-08T03:22:11","slug":"200g-tomato-paste-sachet-taichy-food","status":"publish","type":"product","link":"https:\/\/taichytomato.com\/vi\/san-pham\/200g-tomato-paste-sachet-taichy-food\/","title":{"rendered":"T\u00fai s\u1ed1t c\u00e0 chua 200g"},"content":{"rendered":"<h2 data-start=\"151\" data-end=\"213\">T\u1ed5ng quan v\u1ec1 s\u1ea3n ph\u1ea9m \u2014 G\u00f3i s\u1ed1t c\u00e0 chua 200g (Cung c\u1ea5p t\u1eeb nh\u00e0 m\u00e1y)<\/h2>\n<p data-start=\"215\" data-end=\"598\">C\u00e1i <strong data-start=\"219\" data-end=\"247\">T\u00fai s\u1ed1t c\u00e0 chua 200g<\/strong> \u0111\u01b0\u1ee3c thi\u1ebft k\u1ebf cho th\u1ecb tr\u01b0\u1eddng y\u00eau c\u1ea7u <strong data-start=\"285\" data-end=\"333\">ti\u00eau th\u1ee5 l\u1edbn h\u01a1n cho m\u1ed7i l\u1ea7n d\u00f9ng ho\u1eb7c chu k\u1ef3 ng\u1eafn<\/strong>, \u0111\u1eb7c bi\u1ec7t d\u00e0nh cho <strong data-start=\"350\" data-end=\"430\">n\u1ea5u \u0103n gia \u0111\u00ecnh, chu\u1ea9n b\u1ecb d\u1ecbch v\u1ee5 \u0103n u\u1ed1ng v\u00e0 c\u00e1c \u1ee9ng d\u1ee5ng b\u1eefa \u0103n s\u1eb5n<\/strong>. So v\u1edbi c\u00e1c g\u00f3i nh\u1ecf, \u0111\u1ecbnh d\u1ea1ng 200g mang l\u1ea1i <strong data-start=\"489\" data-end=\"524\">hi\u1ec7u qu\u1ea3 chi ph\u00ed t\u1ed1t h\u01a1n tr\u00ean m\u1ed7i gram<\/strong>, gi\u1ea3m thi\u1ec3u r\u00e1c th\u1ea3i \u0111\u00f3ng g\u00f3i, v\u00e0 t\u0103ng c\u01b0\u1eddng s\u1ef1 hi\u1ec7n di\u1ec7n tr\u00ean k\u1ec7 trong c\u00e1c k\u00eanh b\u00e1n l\u1ebb.<\/p>\n<p data-start=\"600\" data-end=\"833\">S\u1ea3n xu\u1ea5t t\u1ea1i <strong data-start=\"612\" data-end=\"630\">mi\u1ec1n B\u1eafc Vi\u1ec7t Nam<\/strong> s\u1eed d\u1ee5ng <strong data-start=\"637\" data-end=\"655\">c\u00e0 chua t\u01b0\u01a1i<\/strong>, s\u1ed1t c\u00e0 chua g\u00f3i 200g c\u1ee7a ch\u00fang t\u00f4i \u0111\u01b0\u1ee3c s\u1ea3n xu\u1ea5t theo h\u1ec7 th\u1ed1ng ki\u1ec3m so\u00e1t ch\u1ea5t l\u01b0\u1ee3ng nghi\u00eam ng\u1eb7t v\u00e0 cung c\u1ea5p tr\u1ef1c ti\u1ebfp t\u1eeb nh\u00e0 m\u00e1y cho <strong data-start=\"778\" data-end=\"832\">\u0111\u01a1n h\u00e0ng s\u1ed1 l\u01b0\u1ee3ng l\u1edbn, th\u01b0\u01a1ng hi\u1ec7u OEM, v\u00e0 ph\u00e2n ph\u1ed1i xu\u1ea5t kh\u1ea9u<\/strong>.<\/p>\n<p data-start=\"835\" data-end=\"1057\">D\u00e0nh cho c\u00e1c nh\u00e0 mua h\u00e0ng t\u00ecm ki\u1ebfm <strong data-start=\"856\" data-end=\"891\">cung c\u1ea5p s\u1ed1t c\u00e0 chua g\u00f3i 200g<\/strong>, <strong data-start=\"893\" data-end=\"929\">nh\u00e0 m\u00e1y s\u1ea3n xu\u1ea5t s\u1ed1t c\u00e0 chua g\u00f3i 200g<\/strong>, ho\u1eb7c <strong data-start=\"934\" data-end=\"975\">b\u00e1o gi\u00e1 s\u1ed1t c\u00e0 chua g\u00f3i 200g t\u1ea1i Vi\u1ec7t Nam<\/strong>, s\u1ea3n ph\u1ea9m n\u00e0y \u0111\u01b0\u1ee3c \u0111\u1ecbnh v\u1ecb nh\u01b0 m\u1ed9t <strong data-start=\"1009\" data-end=\"1056\">gi\u1ea3i ph\u00e1p \u1ed5n \u0111\u1ecbnh, m\u1edf r\u1ed9ng quy m\u00f4 v\u00e0 t\u00f9y ch\u1ec9nh<\/strong>.<\/p>\n<hr data-start=\"1059\" data-end=\"1062\" \/>\n<h2 data-start=\"1064\" data-end=\"1118\">Th\u00f4ng tin mua h\u00e0ng ch\u00ednh \u2014 T\u00fai 200g s\u1ed1t c\u00e0 chua<\/h2>\n<p data-start=\"1120\" data-end=\"1247\"><strong data-start=\"1120\" data-end=\"1142\">Tr\u01b0\u1eddng h\u1ee3p s\u1eed d\u1ee5ng tham kh\u1ea3o<\/strong><br data-start=\"1142\" data-end=\"1145\" \/><strong>K\u00edch th\u01b0\u1edbc n\u00e0y ph\u00f9 h\u1ee3p khi t\u00fai 70g ho\u1eb7c 50g qu\u00e1 nh\u1ecf cho c\u00e1c nhi\u1ec7m v\u1ee5 n\u1ea5u \u0103n v\u00e0 kh\u00f4ng th\u00edch h\u1ee3p v\u1edbi h\u1ed9p.<\/strong><\/p>\n<h3 data-start=\"1249\" data-end=\"1272\">Th\u00f4ng s\u1ed1 k\u1ef9 thu\u1eadt c\u1ed1t l\u00f5i<\/h3>\n<div class=\"TyagGW_tableContainer\">\n<div class=\"group TyagGW_tableWrapper flex w-fit flex-col-reverse\" tabindex=\"-1\">\n<table class=\"w-fit min-w-(--thread-content-width)\" data-start=\"1274\" data-end=\"1935\">\n<thead data-start=\"1274\" data-end=\"1298\">\n<tr data-start=\"1274\" data-end=\"1298\">\n<th data-start=\"1274\" data-end=\"1281\" data-col-size=\"sm\">M\u1ee5c<\/th>\n<th data-start=\"1281\" data-end=\"1298\" data-col-size=\"md\">Th\u00f4ng s\u1ed1 k\u1ef9 thu\u1eadt<\/th>\n<\/tr>\n<\/thead>\n<tbody data-start=\"1309\" data-end=\"1935\">\n<tr data-start=\"1309\" data-end=\"1356\">\n<td data-start=\"1309\" data-end=\"1328\" data-col-size=\"sm\"><strong data-start=\"1311\" data-end=\"1327\">T\u00ean s\u1ea3n ph\u1ea9m<\/strong><\/td>\n<td data-start=\"1328\" data-end=\"1356\" data-col-size=\"md\">T\u00fai 200g s\u1ed1t c\u00e0 chua<\/td>\n<\/tr>\n<tr data-start=\"1357\" data-end=\"1397\">\n<td data-start=\"1357\" data-end=\"1379\" data-col-size=\"sm\"><strong data-start=\"1359\" data-end=\"1378\">N\u01a1i Xu\u1ea5t X\u1ee9<\/strong><\/td>\n<td data-start=\"1379\" data-end=\"1397\" data-col-size=\"md\">Mi\u1ec1n B\u1eafc Trung Qu\u1ed1c<\/td>\n<\/tr>\n<tr data-start=\"1398\" data-end=\"1441\">\n<td data-start=\"1398\" data-end=\"1423\" data-col-size=\"sm\"><strong data-start=\"1400\" data-end=\"1422\">Th\u00e0nh Ph\u1ea7n Ch\u00ednh<\/strong><\/td>\n<td data-start=\"1423\" data-end=\"1441\" data-col-size=\"md\">C\u00e0 Chua T\u01b0\u01a1i<\/td>\n<\/tr>\n<tr data-start=\"1442\" data-end=\"1481\">\n<td data-start=\"1442\" data-end=\"1463\" data-col-size=\"sm\"><strong data-start=\"1444\" data-end=\"1462\">Lo\u1ea1i \u0111\u00f3ng g\u00f3i<\/strong><\/td>\n<td data-start=\"1463\" data-end=\"1481\" data-col-size=\"md\">T\u00fai \/ Bao b\u00ec<\/td>\n<\/tr>\n<tr data-start=\"1482\" data-end=\"1507\">\n<td data-start=\"1482\" data-end=\"1499\" data-col-size=\"sm\"><strong data-start=\"1484\" data-end=\"1498\">Tr\u1ecdng l\u01b0\u1ee3ng t\u1ecbnh<\/strong><\/td>\n<td data-start=\"1499\" data-end=\"1507\" data-col-size=\"md\">200g<\/td>\n<\/tr>\n<tr data-start=\"1508\" data-end=\"1542\">\n<td data-start=\"1508\" data-end=\"1530\" data-col-size=\"sm\"><strong data-start=\"1510\" data-end=\"1529\">Lo\u1ea1i X\u1eed L\u00fd<\/strong><\/td>\n<td data-start=\"1530\" data-end=\"1542\" data-col-size=\"md\">C\u00f3 Gia V\u1ecb<\/td>\n<\/tr>\n<tr data-start=\"1543\" data-end=\"1611\">\n<td data-start=\"1543\" data-end=\"1562\" data-col-size=\"sm\"><strong data-start=\"1545\" data-end=\"1561\">L\u1ef1a ch\u1ecdn \u0111\u1ed9 Brix<\/strong><\/td>\n<td data-start=\"1562\" data-end=\"1611\" data-col-size=\"md\">9\u201311% \/ 18\u201320% \/ 22\u201324% \/ 26\u201328% \/ <strong data-start=\"1599\" data-end=\"1609\">28\u201330%<\/strong><\/td>\n<\/tr>\n<tr data-start=\"1612\" data-end=\"1649\">\n<td data-start=\"1612\" data-end=\"1624\" data-col-size=\"sm\"><strong data-start=\"1614\" data-end=\"1623\">M\u00e0u S\u1eafc<\/strong><\/td>\n<td data-start=\"1624\" data-end=\"1649\" data-col-size=\"md\">\u0110\u1ecf s\u1eabm \/ \u0110\u1ecf t\u01b0\u01a1i<\/td>\n<\/tr>\n<tr data-start=\"1650\" data-end=\"1686\">\n<td data-start=\"1650\" data-end=\"1670\" data-col-size=\"sm\"><strong data-start=\"1652\" data-end=\"1669\">H\u1ed3 s\u01a1 h\u01b0\u01a1ng v\u1ecb<\/strong><\/td>\n<td data-start=\"1670\" data-end=\"1686\" data-col-size=\"md\">Ng\u1ecdt &amp; Chua<\/td>\n<\/tr>\n<tr data-start=\"1687\" data-end=\"1713\">\n<td data-start=\"1687\" data-end=\"1702\" data-col-size=\"sm\"><strong data-start=\"1689\" data-end=\"1701\">Gi\u00e1 tr\u1ecb pH<\/strong><\/td>\n<td data-start=\"1702\" data-end=\"1713\" data-col-size=\"md\">4.0\u20134.4<\/td>\n<\/tr>\n<tr data-start=\"1714\" data-end=\"1752\">\n<td data-start=\"1714\" data-end=\"1727\" data-col-size=\"sm\"><strong data-start=\"1716\" data-end=\"1726\">\u0110\u1ed9 tinh khi\u1ebft<\/strong><\/td>\n<td data-start=\"1727\" data-end=\"1752\" data-col-size=\"md\">30%\u2013100% M\u1eadt ong c\u00e0 chua<\/td>\n<\/tr>\n<tr data-start=\"1753\" data-end=\"1771\">\n<td data-start=\"1753\" data-end=\"1763\" data-col-size=\"sm\"><strong data-start=\"1755\" data-end=\"1762\">HMC<\/strong><\/td>\n<td data-start=\"1763\" data-end=\"1771\" data-col-size=\"md\">\u226450%<\/td>\n<\/tr>\n<tr data-start=\"1772\" data-end=\"1802\">\n<td data-start=\"1772\" data-end=\"1789\" data-col-size=\"sm\"><strong data-start=\"1774\" data-end=\"1788\">Th\u1eddi h\u1ea1n s\u1eed d\u1ee5ng<\/strong><\/td>\n<td data-start=\"1789\" data-end=\"1802\" data-col-size=\"md\">2\u20133 N\u0103m<\/td>\n<\/tr>\n<tr data-start=\"1803\" data-end=\"1853\">\n<td data-start=\"1803\" data-end=\"1827\" data-col-size=\"sm\"><strong data-start=\"1805\" data-end=\"1826\">\u0110i\u1ec1u ki\u1ec7n b\u1ea3o qu\u1ea3n<\/strong><\/td>\n<td data-start=\"1827\" data-end=\"1853\" data-col-size=\"md\">Kho kh\u00f4 &amp; trong nh\u00e0<\/td>\n<\/tr>\n<tr data-start=\"1854\" data-end=\"1891\">\n<td data-start=\"1854\" data-end=\"1871\" data-col-size=\"sm\"><strong data-start=\"1856\" data-end=\"1870\">T\u00ean Th\u01b0\u01a1ng Hi\u1ec7u<\/strong><\/td>\n<td data-start=\"1871\" data-end=\"1891\" data-col-size=\"md\">OEM \/ T\u00f9y ch\u1ec9nh<\/td>\n<\/tr>\n<tr data-start=\"1892\" data-end=\"1935\">\n<td data-start=\"1892\" data-end=\"1912\" data-col-size=\"sm\"><strong data-start=\"1894\" data-end=\"1911\">Ch\u1ee9ng Nh\u1eadn<\/strong><\/td>\n<td data-start=\"1912\" data-end=\"1935\" data-col-size=\"md\">FDA, HACCP, ISO, QS<\/td>\n<\/tr>\n<\/tbody>\n<\/table>\n<\/div>\n<\/div>\n<p data-start=\"1937\" data-end=\"2054\">Th\u00f4ng s\u1ed1 k\u1ef9 thu\u1eadt n\u00e0y h\u1ed7 tr\u1ee3 ng\u01b0\u1eddi mua c\u1ea7n <strong data-start=\"1981\" data-end=\"2006\">c\u00f4ng th\u1ee9c linh ho\u1ea1t<\/strong> cho c\u00e1c ph\u00e2n kh\u00fac b\u00e1n l\u1ebb v\u00e0 d\u1ecbch v\u1ee5 th\u1ef1c ph\u1ea9m kh\u00e1c nhau.<\/p>\n<hr data-start=\"2056\" data-end=\"2059\" \/>\n<h2 data-start=\"2061\" data-end=\"2109\">T\u1ea1i sao ch\u1ecdn t\u00fai 200g s\u1ed1t c\u00e0 chua (Kh\u00f4ng ph\u1ea3i 70g)<\/h2>\n<p data-start=\"2111\" data-end=\"2220\">T\u1eeb g\u00f3c \u0111\u1ed9 mua h\u00e0ng, <strong data-start=\"2147\" data-end=\"2162\">t\u00fai 200g<\/strong> \u0111\u00e1p \u1ee9ng m\u1ee5c \u0111\u00edch th\u01b0\u01a1ng m\u1ea1i kh\u00e1c v\u1edbi c\u00e1c t\u00fai nh\u1ecf:<\/p>\n<ul data-start=\"2222\" data-end=\"2504\">\n<li data-start=\"2222\" data-end=\"2301\">\n<p data-start=\"2224\" data-end=\"2301\"><strong data-start=\"2224\" data-end=\"2254\">Ti\u00eau th\u1ee5 cao h\u01a1n m\u1ed7i l\u1ea7n s\u1eed d\u1ee5ng<\/strong> \u2013 ph\u00f9 h\u1ee3p cho b\u1eefa \u0103n gia \u0111\u00ecnh ho\u1eb7c n\u1ea5u theo l\u00f4<\/p>\n<\/li>\n<li data-start=\"2302\" data-end=\"2377\">\n<p data-start=\"2304\" data-end=\"2377\"><strong data-start=\"2304\" data-end=\"2340\">Chi ph\u00ed \u0111\u00f3ng g\u00f3i \u0111\u01a1n v\u1ecb th\u1ea5p h\u01a1n m\u1ed7i kg<\/strong> \u2013 l\u1ee3i nhu\u1eadn bi\u00ean c\u1ea3i thi\u1ec7n cho nh\u00e0 ph\u00e2n ph\u1ed1i<\/p>\n<\/li>\n<li data-start=\"2378\" data-end=\"2444\">\n<p data-start=\"2380\" data-end=\"2444\"><strong data-start=\"2380\" data-end=\"2409\">T\u0103ng kh\u1ea3 n\u0103ng hi\u1ec3n th\u1ecb tr\u00ean k\u1ec7<\/strong> \u2013 tr\u01b0ng b\u00e0y t\u1ed1t h\u01a1n trong si\u00eau th\u1ecb<\/p>\n<\/li>\n<li data-start=\"2445\" data-end=\"2504\">\n<p data-start=\"2447\" data-end=\"2504\"><strong data-start=\"2447\" data-end=\"2478\">Gi\u1ea3m r\u1ee7i ro m\u1edf l\u1ea1i nhi\u1ec1u l\u1ea7n<\/strong> \u2013 m\u1ed7i g\u00f3i nh\u1ecf cho m\u1ed9t c\u00f4ng th\u1ee9c<\/p>\n<\/li>\n<\/ul>\n<p data-start=\"2506\" data-end=\"2680\">\u0110i\u1ec1u n\u00e0y l\u00e0m cho \u0111\u1ecbnh d\u1ea1ng 200g \u0111\u1eb7c bi\u1ec7t h\u1ea5p d\u1eabn cho <strong data-start=\"2559\" data-end=\"2624\">th\u1ecb tr\u01b0\u1eddng ch\u00e2u Phi, Trung \u0110\u00f4ng, Trung \u00c1 v\u00e0 M\u1ef9 Latinh<\/strong>, n\u01a1i n\u1ea5u \u0103n t\u1ea1i nh\u00e0 v\u00e0 gi\u00e1 tr\u1ecb tr\u00ean m\u1ed7i \u0111\u01a1n v\u1ecb l\u00e0 nh\u1eefng y\u1ebfu t\u1ed1 ch\u00ednh.<\/p>\n<hr data-start=\"2682\" data-end=\"2685\" \/>\n<h2 data-start=\"2687\" data-end=\"2728\">C\u00e1c T\u00ecnh Hu\u1ed1ng \u1ee8ng D\u1ee5ng (H\u01b0\u1edbng \u0111\u1ebfn Ng\u01b0\u1eddi Mua)<\/h2>\n<p data-start=\"2730\" data-end=\"2782\">C\u00e1i <strong data-start=\"2734\" data-end=\"2762\">T\u00fai s\u1ed1t c\u00e0 chua 200g<\/strong> \u0111\u01b0\u1ee3c s\u1eed d\u1ee5ng r\u1ed9ng r\u00e3i cho:<\/p>\n<ul data-start=\"2784\" data-end=\"3007\">\n<li data-start=\"2784\" data-end=\"2840\">\n<p data-start=\"2786\" data-end=\"2840\">N\u1ea5u \u0103n gia \u0111\u00ecnh: s\u1ed1t, m\u00f3n c\u01a1m, s\u00fap, m\u00ec \u1ed1ng<\/p>\n<\/li>\n<li data-start=\"2841\" data-end=\"2872\">\n<p data-start=\"2843\" data-end=\"2872\">K\u00eanh b\u00e1n l\u1ebb si\u00eau th\u1ecb<\/p>\n<\/li>\n<li data-start=\"2873\" data-end=\"2926\">\n<p data-start=\"2875\" data-end=\"2926\">B\u1ed9 \u0111\u1ed3 \u0103n s\u1eb5n v\u00e0 g\u00f3i th\u1ef1c ph\u1ea9m ti\u1ec7n l\u1ee3i<\/p>\n<\/li>\n<li data-start=\"2927\" data-end=\"2973\">\n<p data-start=\"2929\" data-end=\"2973\">C\u00e1c ho\u1ea1t \u0111\u1ed9ng d\u1ecbch v\u1ee5 \u0103n u\u1ed1ng nh\u1ecf v\u00e0 catering<\/p>\n<\/li>\n<li data-start=\"2974\" data-end=\"3007\">\n<p data-start=\"2976\" data-end=\"3007\">Ph\u00e2n ph\u1ed1i xu\u1ea5t kh\u1ea9u B2B v\u00e0 B2C<\/p>\n<\/li>\n<\/ul>\n<p data-start=\"3009\" data-end=\"3139\">Dung l\u01b0\u1ee3ng c\u1ee7a n\u00f3 n\u1eb1m gi\u1eefa c\u00e1c g\u00f3i nh\u1ecf v\u00e0 lon, mang l\u1ea1i s\u1ef1 linh ho\u1ea1t m\u00e0 kh\u00f4ng l\u00e0m gi\u1ea3m hi\u1ec7u qu\u1ea3 l\u01b0u tr\u1eef ho\u1eb7c v\u1eadn chuy\u1ec3n.<\/p>\n<hr data-start=\"3141\" data-end=\"3144\" \/>\n<h2 data-start=\"3146\" data-end=\"3191\">\u0110\u00f3ng g\u00f3i, C\u1ea5u h\u00ecnh Th\u00f9ng carton &amp; Giao h\u00e0ng<\/h2>\n<ul data-start=\"3193\" data-end=\"3507\">\n<li data-start=\"3193\" data-end=\"3265\">\n<p data-start=\"3195\" data-end=\"3216\"><strong data-start=\"3195\" data-end=\"3213\">\u0110\u00f3ng g\u00f3i th\u00f9ng carton<\/strong>:<\/p>\n<ul data-start=\"3219\" data-end=\"3265\">\n<li data-start=\"3219\" data-end=\"3240\">\n<p data-start=\"3221\" data-end=\"3240\">200g \u00d7 50 g\u00f3i nh\u1ecf<\/p>\n<\/li>\n<li data-start=\"3243\" data-end=\"3265\">\n<p data-start=\"3245\" data-end=\"3265\">200g \u00d7 100 t\u00fai<\/p>\n<\/li>\n<\/ul>\n<\/li>\n<li data-start=\"3266\" data-end=\"3323\">\n<p data-start=\"3268\" data-end=\"3323\"><strong data-start=\"3268\" data-end=\"3284\">H\u1ed9p ngo\u00e0i<\/strong>: In t\u00f9y ch\u1ec9nh v\u1edbi m\u00e3 v\u1ea1ch &amp; logo<\/p>\n<\/li>\n<li data-start=\"3324\" data-end=\"3400\">\n<p data-start=\"3326\" data-end=\"3400\"><strong data-start=\"3326\" data-end=\"3343\">H\u1ed7 tr\u1ee3 nh\u00e3n m\u00e1c<\/strong>: Ti\u1ebfng Anh, Ph\u00e1p, Nga, \u1ea2 R\u1eadp v\u00e0 c\u00e1c ng\u00f4n ng\u1eef kh\u00e1c<\/p>\n<\/li>\n<li data-start=\"3401\" data-end=\"3441\">\n<p data-start=\"3403\" data-end=\"3441\"><strong data-start=\"3403\" data-end=\"3410\">MOQ<\/strong>: Linh ho\u1ea1t cho kh\u00e1ch h\u00e0ng xu\u1ea5t kh\u1ea9u<\/p>\n<\/li>\n<li data-start=\"3442\" data-end=\"3507\">\n<p data-start=\"3444\" data-end=\"3507\"><strong data-start=\"3444\" data-end=\"3461\">Th\u1eddi gian giao h\u00e0ng<\/strong>: L\u1ecbch tr\u00ecnh s\u1ea3n xu\u1ea5t \u1ed5n \u0111\u1ecbnh cho \u0111\u01a1n h\u00e0ng s\u1ed1 l\u01b0\u1ee3ng l\u1edbn<\/p>\n<\/li>\n<\/ul>\n<p data-start=\"3509\" data-end=\"3618\">C\u1ea5u tr\u00fac t\u00fai ph\u1eb3ng c\u1ea3i thi\u1ec7n kh\u1ea3 n\u0103ng s\u1eed d\u1ee5ng container v\u00e0 gi\u1ea3m chi ph\u00ed logistics so v\u1edbi bao b\u00ec c\u1ee9ng.<\/p>\n<hr data-start=\"3620\" data-end=\"3623\" \/>\n<h2 data-start=\"3625\" data-end=\"3658\">Kh\u1ea3 n\u0103ng OEM &amp; T\u00f9y ch\u1ec9nh<\/h2>\n<p data-start=\"3660\" data-end=\"3742\">D\u00e0nh cho kh\u00e1ch h\u00e0ng t\u00ecm ki\u1ebfm <strong data-start=\"3683\" data-end=\"3729\">Cung c\u1ea5p t\u00f9y ch\u1ec9nh s\u1ed1t c\u00e0 chua t\u00fai 200g<\/strong>, ch\u00fang t\u00f4i cung c\u1ea5p:<\/p>\n<ul data-start=\"3744\" data-end=\"3892\">\n<li data-start=\"3744\" data-end=\"3774\">\n<p data-start=\"3746\" data-end=\"3774\">Thi\u1ebft k\u1ebf OEM \/ nh\u00e3n ri\u00eang<\/p>\n<\/li>\n<li data-start=\"3775\" data-end=\"3821\">\n<p data-start=\"3777\" data-end=\"3821\">M\u1ee9c Brix v\u00e0 h\u01b0\u01a1ng v\u1ecb t\u00f9y ch\u1ec9nh<\/p>\n<\/li>\n<li data-start=\"3822\" data-end=\"3859\">\n<p data-start=\"3824\" data-end=\"3859\">\u0110\u1ecbnh d\u1ea1ng \u0111\u00f3ng g\u00f3i ph\u00f9 h\u1ee3p th\u1ecb tr\u01b0\u1eddng<\/p>\n<\/li>\n<li data-start=\"3860\" data-end=\"3892\">\n<p data-start=\"3862\" data-end=\"3892\">H\u1ed7 tr\u1ee3 thi\u1ebft k\u1ebf \u0111a ng\u00f4n ng\u1eef<\/p>\n<\/li>\n<\/ul>\n<p data-start=\"3894\" data-end=\"4009\">Nh\u00e0 m\u00e1y c\u1ee7a ch\u00fang t\u00f4i h\u1ee3p t\u00e1c ch\u1eb7t ch\u1ebd v\u1edbi nh\u00e0 ph\u00e2n ph\u1ed1i v\u00e0 ch\u1ee7 th\u01b0\u01a1ng hi\u1ec7u \u0111\u1ec3 \u0111\u1ea3m b\u1ea3o <strong data-start=\"3965\" data-end=\"4008\">ch\u1ea5t l\u01b0\u1ee3ng nh\u1ea5t qu\u00e1n trong c\u00e1c \u0111\u01a1n h\u00e0ng l\u1eb7p l\u1ea1i<\/strong>.<\/p>\n<hr data-start=\"4011\" data-end=\"4014\" \/>\n<h2 data-start=\"4016\" data-end=\"4050\">Ki\u1ec3m so\u00e1t ch\u1ea5t l\u01b0\u1ee3ng &amp; Ch\u1ee9ng nh\u1eadn<\/h2>\n<p data-start=\"4052\" data-end=\"4147\">An to\u00e0n th\u1ef1c ph\u1ea9m v\u00e0 tu\u00e2n th\u1ee7 l\u00e0 y\u1ebfu t\u1ed1 quan tr\u1ecdng cho c\u00e1c s\u1ea3n ph\u1ea9m t\u00fai l\u1edbn. T\u1ea5t c\u1ea3 qu\u00e1 tr\u00ecnh s\u1ea3n xu\u1ea5t tu\u00e2n theo:<\/p>\n<ul data-start=\"4149\" data-end=\"4287\">\n<li data-start=\"4149\" data-end=\"4182\">\n<p data-start=\"4151\" data-end=\"4182\">Ti\u00eau chu\u1ea9n FDA, HACCP, ISO, QS<\/p>\n<\/li>\n<li data-start=\"4183\" data-end=\"4222\">\n<p data-start=\"4185\" data-end=\"4222\">Ki\u1ec3m tra \u0111\u1ed9 chua ki\u1ec3m so\u00e1t v\u00e0 Brix<\/p>\n<\/li>\n<li data-start=\"4223\" data-end=\"4252\">\n<p data-start=\"4225\" data-end=\"4252\">Theo d\u00f5i ngu\u1ed3n nguy\u00ean li\u1ec7u<\/p>\n<\/li>\n<li data-start=\"4253\" data-end=\"4287\">\n<p data-start=\"4255\" data-end=\"4287\">Ki\u1ec3m tra ch\u1ea5t l\u01b0\u1ee3ng theo l\u00f4 h\u00e0ng<\/p>\n<\/li>\n<\/ul>\n<p data-start=\"4289\" data-end=\"4359\">\u0110i\u1ec1u n\u00e0y \u0111\u1ea3m b\u1ea3o th\u00f4ng quan su\u00f4n s\u1ebb v\u00e0 tu\u00e2n th\u1ee7 th\u1ecb tr\u01b0\u1eddng l\u00e2u d\u00e0i.<\/p>\n<hr data-start=\"4361\" data-end=\"4364\" \/>\n<h2 data-start=\"4366\" data-end=\"4428\">T\u1ea1i sao ch\u1ecdn Taichy l\u00e0m nh\u00e0 cung c\u1ea5p s\u1ed1t c\u00e0 chua t\u00fai 200g c\u1ee7a b\u1ea1n<\/h2>\n<ul data-start=\"4430\" data-end=\"4678\">\n<li data-start=\"4430\" data-end=\"4495\">\n<p data-start=\"4432\" data-end=\"4495\">Tr\u1ef1c ti\u1ebfp <strong data-start=\"4439\" data-end=\"4475\">nh\u00e0 m\u00e1y s\u1ea3n xu\u1ea5t s\u1ed1t c\u00e0 chua g\u00f3i 200g<\/strong> cung c\u1ea5p t\u1eeb Trung Qu\u1ed1c<\/p>\n<\/li>\n<li data-start=\"4496\" data-end=\"4533\">\n<p data-start=\"4498\" data-end=\"4533\">Ph\u1ee5c v\u1ee5 h\u01a1n 30 qu\u1ed1c gia to\u00e0n c\u1ea7u<\/p>\n<\/li>\n<li data-start=\"4534\" data-end=\"4578\">\n<p data-start=\"4536\" data-end=\"4578\">H\u1ed7 tr\u1ee3 Nghi\u00ean c\u1ee9u v\u00e0 Ph\u00e1t tri\u1ec3n cho c\u00f4ng th\u1ee9c v\u00e0 th\u01b0\u01a1ng hi\u1ec7u<\/p>\n<\/li>\n<li data-start=\"4579\" data-end=\"4630\">\n<p data-start=\"4581\" data-end=\"4630\">Chuy\u00ean m\u00f4n v\u1ec1 gi\u1ea3i ph\u00e1p s\u1ed1t c\u00e0 chua d\u1ea1ng t\u00fai<\/p>\n<\/li>\n<li data-start=\"4631\" data-end=\"4678\">\n<p data-start=\"4633\" data-end=\"4678\">\u0110\u1ed9i ng\u0169 xu\u1ea5t kh\u1ea9u \u0111a ng\u00f4n ng\u1eef v\u1edbi ph\u1ea3n h\u1ed3i nhanh<\/p>\n<\/li>\n<\/ul>\n<p data-start=\"4680\" data-end=\"4767\">Taichy kh\u00f4ng ch\u1ec9 l\u00e0 nh\u00e0 cung c\u1ea5p, m\u00e0 c\u00f2n l\u00e0 m\u1ed9t <strong data-start=\"4734\" data-end=\"4766\">\u0111\u1ed1i t\u00e1c s\u1ea3n xu\u1ea5t l\u00e2u d\u00e0i<\/strong>.<\/p>\n<hr data-start=\"4769\" data-end=\"4772\" \/>\n<h2 data-start=\"4774\" data-end=\"4794\">H\u01b0\u1edbng d\u1eabn mua h\u00e0ng<\/h2>\n<p data-start=\"4796\" data-end=\"5008\">N\u1ebfu b\u1ea1n \u0111ang \u0111\u00e1nh gi\u00e1 <strong data-start=\"4818\" data-end=\"4853\">b\u00e1o gi\u00e1 s\u1ed1t c\u00e0 chua t\u00fai 200g<\/strong>, \u1ed5n \u0111\u1ecbnh ngu\u1ed3n cung, ho\u1eb7c kh\u1ea3 n\u0103ng OEM, ch\u00fang t\u00f4i khuy\u00ean b\u1ea1n xem x\u00e9t l\u1ea1i <strong data-start=\"4919\" data-end=\"4951\">H\u01b0\u1edbng d\u1eabn mua s\u1ed1t c\u00e0 chua t\u00fai<\/strong> \u0111\u1ec3 so s\u00e1nh k\u00edch c\u1ee1, m\u1ee9c Brix v\u00e0 hi\u1ec7u qu\u1ea3 \u0111\u00f3ng g\u00f3i.<\/p>\n<p data-start=\"5010\" data-end=\"5086\">\ud83d\udce9 <a href=\"https:\/\/taichytomato.com\/vi\/contact\/\"><strong data-start=\"5013\" data-end=\"5031\">Li\u00ean h\u1ec7 v\u1edbi ch\u00fang t\u00f4i ngay b\u00e2y gi\u1edd<\/strong><\/a> \u0111\u1ec3 l\u1ea5y m\u1eabu, catalog v\u00e0 gi\u00e1 c\u1ea3 m\u1edbi nh\u1ea5t c\u1ee7a nh\u00e0 m\u00e1y.<\/p>","protected":false},"excerpt":{"rendered":"<p>Brix:18-20%,22-24%,26-28%,28-30%<br \/>\nH\u1ed9p thi\u1ebfc ch\u1ed1ng r\u1ec9 s\u00e9t\/ ch\u1ed1ng c\u0103ng th\u1eb3ng\/ ch\u1ed1ng \u1ea9m<br \/>\nTh\u01b0\u01a1ng hi\u1ec7u: Thi\u1ebft k\u1ebf ho\u1eb7c OEM<br \/>\nS\u1ed1 l\u01b0\u1ee3ng t\u1ed1i thi\u1ec3u: 1X20ft<br \/>\nChi ti\u1ebft giao h\u00e0ng: 30-35 ng\u00e0y sau khi nh\u1eadn \u0111\u1eb7t c\u1ecdc ho\u1eb7c LC. Giao h\u00e0ng nhanh nh\u1ea5t.<br \/>\nM\u00e3 HS:2002901100<\/p>","protected":false},"featured_media":3250,"template":"","meta":{"_acf_changed":false,"_seopress_robots_primary_cat":"none","_seopress_titles_title":"200g Sachet Tomato Sauce Factory | Supply, OEM & Quotes","_seopress_titles_desc":"Factory supply 200g sachet tomato sauce from China. OEM customization, multiple Brix options, export packaging, and competitive quotes available.","_seopress_robots_index":"","site-sidebar-layout":"default","site-content-layout":"","ast-site-content-layout":"default","site-content-style":"default","site-sidebar-style":"default","ast-global-header-display":"","ast-banner-title-visibility":"","ast-main-header-display":"","ast-hfb-above-header-display":"","ast-hfb-below-header-display":"","ast-hfb-mobile-header-display":"","site-post-title":"","ast-breadcrumbs-content":"","ast-featured-img":"","footer-sml-layout":"","ast-disable-related-posts":"","theme-transparent-header-meta":"default","adv-header-id-meta":"","stick-header-meta":"","header-above-stick-meta":"","header-main-stick-meta":"","header-below-stick-meta":"","astra-migrate-meta-layouts":"set","ast-page-background-enabled":"default","ast-page-background-meta":{"desktop":{"background-color":"var(--ast-global-color-5)","background-image":"","background-repeat":"repeat","background-position":"center center","background-size":"auto","background-attachment":"scroll","background-type":"","background-media":"","overlay-type":"","overlay-color":"","overlay-opacity":"","overlay-gradient":""},"tablet":{"background-color":"","background-image":"","background-repeat":"repeat","background-position":"center center","background-size":"auto","background-attachment":"scroll","background-type":"","background-media":"","overlay-type":"","overlay-color":"","overlay-opacity":"","overlay-gradient":""},"mobile":{"background-color":"","background-image":"","background-repeat":"repeat","background-position":"center center","background-size":"auto","background-attachment":"scroll","background-type":"","background-media":"","overlay-type":"","overlay-color":"","overlay-opacity":"","overlay-gradient":""}},"ast-content-background-meta":{"desktop":{"background-color":"var(--ast-global-color-4)","background-image":"","background-repeat":"repeat","background-position":"center center","background-size":"auto","background-attachment":"scroll","background-type":"","background-media":"","overlay-type":"","overlay-color":"","overlay-opacity":"","overlay-gradient":""},"tablet":{"background-color":"var(--ast-global-color-4)","background-image":"","background-repeat":"repeat","background-position":"center center","background-size":"auto","background-attachment":"scroll","background-type":"","background-media":"","overlay-type":"","overlay-color":"","overlay-opacity":"","overlay-gradient":""},"mobile":{"background-color":"var(--ast-global-color-4)","background-image":"","background-repeat":"repeat","background-position":"center center","background-size":"auto","background-attachment":"scroll","background-type":"","background-media":"","overlay-type":"","overlay-color":"","overlay-opacity":"","overlay-gradient":""}}},"product_brand":[],"product_cat":[97],"product_tag":[170,166],"class_list":{"0":"post-1048","1":"product","2":"type-product","3":"status-publish","4":"has-post-thumbnail","6":"product_cat-tomato-paste-in-sachet","7":"product_tag-200g-tomato-paste-sachet","8":"product_tag-tomato-paste-sachet","9":"desktop-align-left","10":"tablet-align-left","11":"mobile-align-left","13":"first","14":"instock","15":"sale","16":"shipping-taxable","17":"purchasable","18":"product-type-simple"},"acf":[],"_links":{"self":[{"href":"https:\/\/taichytomato.com\/vi\/wp-json\/wp\/v2\/product\/1048","targetHints":{"allow":["GET"]}}],"collection":[{"href":"https:\/\/taichytomato.com\/vi\/wp-json\/wp\/v2\/product"}],"about":[{"href":"https:\/\/taichytomato.com\/vi\/wp-json\/wp\/v2\/types\/product"}],"version-history":[{"count":0,"href":"https:\/\/taichytomato.com\/vi\/wp-json\/wp\/v2\/product\/1048\/revisions"}],"wp:featuredmedia":[{"embeddable":true,"href":"https:\/\/taichytomato.com\/vi\/wp-json\/wp\/v2\/media\/3250"}],"wp:attachment":[{"href":"https:\/\/taichytomato.com\/vi\/wp-json\/wp\/v2\/media?parent=1048"}],"wp:term":[{"taxonomy":"product_brand","embeddable":true,"href":"https:\/\/taichytomato.com\/vi\/wp-json\/wp\/v2\/product_brand?post=1048"},{"taxonomy":"product_cat","embeddable":true,"href":"https:\/\/taichytomato.com\/vi\/wp-json\/wp\/v2\/product_cat?post=1048"},{"taxonomy":"product_tag","embeddable":true,"href":"https:\/\/taichytomato.com\/vi\/wp-json\/wp\/v2\/product_tag?post=1048"}],"curies":[{"name":"wp","href":"https:\/\/api.w.org\/{rel}","templated":true}]}}