{"id":1042,"date":"2025-05-25T23:05:14","date_gmt":"2025-05-26T07:05:14","guid":{"rendered":"https:\/\/taichytomato.com\/?post_type=product&#038;p=1042"},"modified":"2026-01-12T22:56:31","modified_gmt":"2026-01-13T06:56:31","slug":"250g-tomato-paste-sachet-taichy-tomato","status":"publish","type":"product","link":"https:\/\/taichytomato.com\/vi\/san-pham\/250g-tomato-paste-sachet-taichy-tomato\/","title":{"rendered":"T\u00fai 250g t\u01b0\u01a1ng c\u00e0"},"content":{"rendered":"<h2 data-start=\"193\" data-end=\"271\">Bao b\u00ec T\u01b0\u01a1ng C\u00e0 Chua 250g Nh\u00e0 s\u1ea3n xu\u1ea5t | Nh\u00e0 m\u00e1y Trung Qu\u1ed1c OEM &amp; B\u00e1n bu\u00f4n<\/h2>\n<p data-start=\"273\" data-end=\"659\">C\u00e1i <strong data-start=\"277\" data-end=\"305\">t\u00fai t\u01b0\u01a1ng c\u00e0 250g<\/strong> l\u00e0 gi\u1ea3i ph\u00e1p \u0111\u00f3ng g\u00f3i th\u1ef1c t\u1ebf k\u00edch th\u01b0\u1edbc trung b\u00ecnh ph\u00f9 h\u1ee3p cho n\u1ea5u \u0103n gia \u0111\u00ecnh, k\u1ec7 b\u00e1n l\u1ebb v\u00e0 cung c\u1ea5p d\u1ecbch v\u1ee5 \u0103n u\u1ed1ng. L\u00e0 m\u1ed9t chuy\u00ean nghi\u1ec7p <strong data-start=\"439\" data-end=\"474\">nh\u00e0 s\u1ea3n xu\u1ea5t m\u1eadt ong c\u00e0 chua Trung Qu\u1ed1c<\/strong>, Taichy cung c\u1ea5p <strong data-start=\"492\" data-end=\"521\">bao b\u00ec t\u00fai t\u01b0\u01a1ng c\u00e0 250g<\/strong> tr\u1ef1c ti\u1ebfp t\u1eeb nh\u00e0 m\u00e1y, cung c\u1ea5p ch\u1ea5t l\u01b0\u1ee3ng \u1ed5n \u0111\u1ecbnh, t\u00f9y ch\u1ecdn Brix linh ho\u1ea1t v\u00e0 d\u1ecbch v\u1ee5 OEM\/nh\u00e3n ri\u00eang \u0111\u00e1ng tin c\u1eady cho kh\u00e1ch h\u00e0ng to\u00e0n c\u1ea7u.<\/p>\n<p data-start=\"661\" data-end=\"792\">K\u00edch th\u01b0\u1edbc g\u00f3i n\u00e0y \u0111\u1eb7c bi\u1ec7t ph\u00f9 h\u1ee3p v\u1edbi th\u1ecb tr\u01b0\u1eddng y\u00eau c\u1ea7u <strong data-start=\"724\" data-end=\"791\">ph\u1ea7n \u0103n gia \u0111\u00ecnh l\u1edbn h\u01a1n v\u1edbi hi\u1ec7u qu\u1ea3 chi ph\u00ed v\u00e0 d\u1ec5 d\u00e0ng l\u01b0u tr\u1eef<\/strong>.<\/p>\n<hr data-start=\"794\" data-end=\"797\" \/>\n<h2 data-start=\"799\" data-end=\"837\">T\u01b0\u01a1ng c\u00e0 250g l\u00e0 g\u00ec?<\/h2>\n<p data-start=\"839\" data-end=\"1004\">A <strong data-start=\"841\" data-end=\"869\">t\u00fai t\u01b0\u01a1ng c\u00e0 250g<\/strong> l\u00e0 \u0111\u1ecbnh d\u1ea1ng \u0111\u00f3ng g\u00f3i linh ho\u1ea1t trung b\u00ecnh \u0111\u1ebfn l\u1edbn, n\u1ed1i li\u1ec1n gi\u1eefa t\u00fai nh\u1ecf v\u00e0 h\u1ed9p \u0111\u00f3ng h\u1ed9p t\u01b0\u01a1ng c\u00e0. \u0110\u01b0\u1ee3c thi\u1ebft k\u1ebf cho:<\/p>\n<ul data-start=\"1006\" data-end=\"1186\">\n<li data-start=\"1006\" data-end=\"1038\">\n<p data-start=\"1008\" data-end=\"1038\">Ph\u1ea7n n\u1ea5u \u0103n d\u00e0nh cho gia \u0111\u00ecnh<\/p>\n<\/li>\n<li data-start=\"1039\" data-end=\"1081\">\n<p data-start=\"1041\" data-end=\"1081\">S\u1eed d\u1ee5ng nhi\u1ec1u b\u1eefa \u0103n v\u1edbi l\u01b0\u1ee3ng th\u1ea3i ki\u1ec3m so\u00e1t<\/p>\n<\/li>\n<li data-start=\"1082\" data-end=\"1133\">\n<p data-start=\"1084\" data-end=\"1133\">S\u1ea3n ph\u1ea9m b\u00e1n l\u1ebb y\u00eau c\u1ea7u kh\u1ea3 n\u0103ng tr\u01b0ng b\u00e0y t\u1ed1t h\u01a1n<\/p>\n<\/li>\n<li data-start=\"1134\" data-end=\"1186\">\n<p data-start=\"1136\" data-end=\"1186\">Nh\u00e0 cung c\u1ea5p d\u1ecbch v\u1ee5 \u0103n u\u1ed1ng t\u00ecm ki\u1ebfm \u0111\u00f3ng g\u00f3i linh ho\u1ea1t<\/p>\n<\/li>\n<\/ul>\n<p data-start=\"1188\" data-end=\"1313\">\u0110\u1ed1i v\u1edbi nh\u00e0 nh\u1eadp kh\u1ea9u, <strong data-start=\"1203\" data-end=\"1241\">b\u00e1n bu\u00f4n t\u00fai t\u01b0\u01a1ng c\u00e0 250g<\/strong> th\u01b0\u1eddng \u0111\u01b0\u1ee3c \u0111\u1ecbnh v\u1ecb nh\u01b0 m\u1ed9t <strong data-start=\"1267\" data-end=\"1286\">m\u00e3 SKU b\u00e1n l\u1ebb c\u1ed1t l\u00f5i<\/strong> v\u1edbi nhu c\u1ea7u l\u1eb7p l\u1ea1i m\u1ea1nh m\u1ebd.<\/p>\n<hr data-start=\"1315\" data-end=\"1318\" \/>\n<h2 data-start=\"1320\" data-end=\"1372\">T\u01b0\u01a1ng c\u00e0 250g \u2013 Th\u00f4ng s\u1ed1 k\u1ef9 thu\u1eadt s\u1ea3n ph\u1ea9m<\/h2>\n<ul data-start=\"1374\" data-end=\"1829\">\n<li data-start=\"1374\" data-end=\"1420\">\n<p data-start=\"1376\" data-end=\"1420\"><strong data-start=\"1376\" data-end=\"1393\">T\u00ean s\u1ea3n ph\u1ea9m:<\/strong> T\u00fai s\u1ed1t c\u00e0 chua 250g<\/p>\n<\/li>\n<li data-start=\"1421\" data-end=\"1460\">\n<p data-start=\"1423\" data-end=\"1460\"><strong data-start=\"1423\" data-end=\"1443\">N\u01a1i xu\u1ea5t x\u1ee9:<\/strong> mi\u1ec1n B\u1eafc Vi\u1ec7t Nam<\/p>\n<\/li>\n<li data-start=\"1461\" data-end=\"1503\">\n<p data-start=\"1463\" data-end=\"1503\"><strong data-start=\"1463\" data-end=\"1486\">Th\u00e0nh ph\u1ea7n ch\u00ednh:<\/strong> C\u00e0 chua t\u01b0\u01a1i<\/p>\n<\/li>\n<li data-start=\"1504\" data-end=\"1551\">\n<p data-start=\"1506\" data-end=\"1551\"><strong data-start=\"1506\" data-end=\"1525\">Lo\u1ea1i \u0111\u00f3ng g\u00f3i:<\/strong> T\u00fai nh\u1ecf \/ t\u00fai \u0111\u1ee9ng<\/p>\n<\/li>\n<li data-start=\"1552\" data-end=\"1585\">\n<p data-start=\"1554\" data-end=\"1585\"><strong data-start=\"1554\" data-end=\"1574\">Ph\u01b0\u01a1ng ph\u00e1p ch\u1ebf bi\u1ebfn:<\/strong> C\u00f3 Gia V\u1ecb<\/p>\n<\/li>\n<li data-start=\"1586\" data-end=\"1610\">\n<p data-start=\"1588\" data-end=\"1610\"><strong data-start=\"1588\" data-end=\"1603\">Tr\u1ecdng l\u01b0\u1ee3ng t\u1ecbnh:<\/strong> 250g<\/p>\n<\/li>\n<li data-start=\"1611\" data-end=\"1646\">\n<p data-start=\"1613\" data-end=\"1646\"><strong data-start=\"1613\" data-end=\"1631\">H\u1ed3 s\u01a1 h\u01b0\u01a1ng v\u1ecb:<\/strong> Ng\u1ecdt &amp; chua<\/p>\n<\/li>\n<li data-start=\"1647\" data-end=\"1683\">\n<p data-start=\"1649\" data-end=\"1683\"><strong data-start=\"1649\" data-end=\"1659\">M\u00e0u s\u1eafc:<\/strong> \u0110\u1ecf t\u01b0\u01a1i \/ \u0111\u1ecf \u0111\u1eadm<\/p>\n<\/li>\n<li data-start=\"1684\" data-end=\"1709\">\n<p data-start=\"1686\" data-end=\"1709\"><strong data-start=\"1686\" data-end=\"1699\">Gi\u00e1 tr\u1ecb pH:<\/strong> 4.0\u20134.4<\/p>\n<\/li>\n<li data-start=\"1710\" data-end=\"1731\">\n<p data-start=\"1712\" data-end=\"1731\"><strong data-start=\"1712\" data-end=\"1726\">T\u1ef7 l\u1ec7 A\/B:<\/strong> \u22652<\/p>\n<\/li>\n<li data-start=\"1732\" data-end=\"1749\">\n<p data-start=\"1734\" data-end=\"1749\"><strong data-start=\"1734\" data-end=\"1742\">HMC:<\/strong> \u226450%<\/p>\n<\/li>\n<li data-start=\"1750\" data-end=\"1779\">\n<p data-start=\"1752\" data-end=\"1779\"><strong data-start=\"1752\" data-end=\"1767\">Th\u1eddi h\u1ea1n s\u1eed d\u1ee5ng:<\/strong> 2\u20133 n\u0103m<\/p>\n<\/li>\n<li data-start=\"1780\" data-end=\"1829\">\n<p data-start=\"1782\" data-end=\"1829\"><strong data-start=\"1782\" data-end=\"1804\">\u0110i\u1ec1u ki\u1ec7n b\u1ea3o qu\u1ea3n:<\/strong> Kho ch\u1ee9a h\u00e0ng kh\u00f4 &amp; trong nh\u00e0<\/p>\n<\/li>\n<\/ul>\n<p data-start=\"1831\" data-end=\"1857\"><strong data-start=\"1831\" data-end=\"1857\">T\u00f9y ch\u1ecdn Brix c\u00f3 s\u1eb5n<\/strong><\/p>\n<ul data-start=\"1858\" data-end=\"1911\">\n<li data-start=\"1858\" data-end=\"1867\">\n<p data-start=\"1860\" data-end=\"1867\">9\u201311%<\/p>\n<\/li>\n<li data-start=\"1868\" data-end=\"1878\">\n<p data-start=\"1870\" data-end=\"1878\">18\u201320%<\/p>\n<\/li>\n<li data-start=\"1879\" data-end=\"1889\">\n<p data-start=\"1881\" data-end=\"1889\">22\u201324%<\/p>\n<\/li>\n<li data-start=\"1890\" data-end=\"1900\">\n<p data-start=\"1892\" data-end=\"1900\">26\u201328%<\/p>\n<\/li>\n<li data-start=\"1901\" data-end=\"1911\">\n<p data-start=\"1903\" data-end=\"1911\">28\u201330%<\/p>\n<\/li>\n<\/ul>\n<p data-start=\"1913\" data-end=\"1998\"><strong data-start=\"1913\" data-end=\"1932\">Ch\u1ee9ng nh\u1eadn:<\/strong> FDA, HACCP, ISO, QS<br data-start=\"1952\" data-end=\"1955\" \/><strong data-start=\"1955\" data-end=\"1968\">Th\u01b0\u01a1ng hi\u1ec7u:<\/strong> H\u1ed7 tr\u1ee3 OEM \/ nh\u00e3n ri\u00eang<\/p>\n<hr data-start=\"2000\" data-end=\"2003\" \/>\n<h2 data-start=\"2005\" data-end=\"2056\">C\u00e1c t\u00ecnh hu\u1ed1ng s\u1eed d\u1ee5ng ch\u00ednh cho t\u00fai t\u01b0\u01a1ng c\u00e0 250g<\/h2>\n<p data-start=\"2058\" data-end=\"2134\">C\u00e1i <strong data-start=\"2062\" data-end=\"2090\">t\u00fai t\u01b0\u01a1ng c\u00e0 250g<\/strong> \u0111\u01b0\u1ee3c \u1ee9ng d\u1ee5ng r\u1ed9ng r\u00e3i tr\u00ean nhi\u1ec1u k\u00eanh:<\/p>\n<ul data-start=\"2136\" data-end=\"2383\">\n<li data-start=\"2136\" data-end=\"2193\">\n<p data-start=\"2138\" data-end=\"2193\">N\u1ea5u \u0103n gia \u0111\u00ecnh h\u00e0ng ng\u00e0y: h\u1ea7m, s\u1ed1t, m\u00ec \u1ed1ng, m\u00f3n c\u01a1m<\/p>\n<\/li>\n<li data-start=\"2194\" data-end=\"2234\">\n<p data-start=\"2196\" data-end=\"2234\">D\u00f2ng s\u1ea3n ph\u1ea9m si\u00eau th\u1ecb v\u00e0 b\u00e1n l\u1ebb<\/p>\n<\/li>\n<li data-start=\"2235\" data-end=\"2279\">\n<p data-start=\"2237\" data-end=\"2279\">B\u1ed9 d\u1ee5ng c\u1ee5 n\u1ea5u \u0103n s\u1eb5n v\u00e0 g\u00f3i th\u1ef1c ph\u1ea9m<\/p>\n<\/li>\n<li data-start=\"2280\" data-end=\"2324\">\n<p data-start=\"2282\" data-end=\"2324\">Chu\u1ed7i nh\u00e0 h\u00e0ng v\u00e0 nh\u00e0 cung c\u1ea5p d\u1ecbch v\u1ee5 catering<\/p>\n<\/li>\n<li data-start=\"2325\" data-end=\"2383\">\n<p data-start=\"2327\" data-end=\"2383\">Th\u1ecb tr\u01b0\u1eddng xu\u1ea5t kh\u1ea9u y\u00eau c\u1ea7u ch\u1ea5t l\u01b0\u1ee3ng \u1ed5n \u0111\u1ecbnh v\u00e0 h\u1ea1n s\u1eed d\u1ee5ng l\u00e2u d\u00e0i<\/p>\n<\/li>\n<\/ul>\n<p data-start=\"2385\" data-end=\"2472\">K\u00edch th\u01b0\u1edbc n\u00e0y cung c\u1ea5p s\u1ef1 c\u00e2n b\u1eb1ng t\u1ed1i \u01b0u gi\u1eefa <strong data-start=\"2429\" data-end=\"2471\">s\u1ef1 ti\u1ec7n l\u1ee3i c\u1ee7a kh\u1ea9u ph\u1ea7n v\u00e0 gi\u00e1 tr\u1ecb kinh t\u1ebf<\/strong>.<\/p>\n<hr data-start=\"2474\" data-end=\"2477\" \/>\n<h2 data-start=\"2479\" data-end=\"2537\">\u01afu \u0111i\u1ec3m c\u1ee7a Nh\u00e0 m\u00e1y Sau l\u01b0ng c\u00e1c G\u00f3i M\u00ec T\u01b0\u01a1ng C\u00e0 210g c\u1ee7a Ch\u00fang T\u00f4i<\/h2>\n<p data-start=\"2539\" data-end=\"2630\">L\u00e0 m\u1ed9t <strong data-start=\"2544\" data-end=\"2587\">bao b\u00ec s\u1ed1t c\u00e0 chua 250g tr\u1ef1c ti\u1ebfp t\u1eeb nh\u00e0 m\u00e1y<\/strong>, ch\u00fang t\u00f4i ki\u1ec3m so\u00e1t to\u00e0n b\u1ed9 quy tr\u00ecnh s\u1ea3n xu\u1ea5t.<\/p>\n<h3 data-start=\"2632\" data-end=\"2663\">Cung c\u1ea5p c\u00e0 chua t\u01b0\u01a1i nguy\u00ean li\u1ec7u cao c\u1ea5p<\/h3>\n<p data-start=\"2664\" data-end=\"2715\">C\u00e0 chua \u0111\u01b0\u1ee3c l\u1ea5y t\u1eeb mi\u1ec1n B\u1eafc, \u0111\u1ea3m b\u1ea3o:<\/p>\n<ul data-start=\"2716\" data-end=\"2796\">\n<li data-start=\"2716\" data-end=\"2747\">\n<p data-start=\"2718\" data-end=\"2747\">H\u00e0m l\u01b0\u1ee3ng r\u1eafn h\u00f2a tan t\u1ef1 nhi\u00ean cao<\/p>\n<\/li>\n<li data-start=\"2748\" data-end=\"2766\">\n<p data-start=\"2750\" data-end=\"2766\">M\u00e0u \u0111\u1ecf \u0111\u1eadm phong ph\u00fa<\/p>\n<\/li>\n<li data-start=\"2767\" data-end=\"2796\">\n<p data-start=\"2769\" data-end=\"2796\">H\u01b0\u01a1ng v\u1ecb \u1ed5n \u0111\u1ecbnh<\/p>\n<\/li>\n<\/ul>\n<h3 data-start=\"2798\" data-end=\"2838\">Ki\u1ec3m so\u00e1t n\u1ed3ng \u0111\u1ed9 &amp; \u0111\u00f3ng g\u00f3i<\/h3>\n<p data-start=\"2839\" data-end=\"2868\">H\u1ec7 th\u1ed1ng x\u1eed l\u00fd c\u1ee7a ch\u00fang t\u00f4i cho ph\u00e9p:<\/p>\n<ul data-start=\"2869\" data-end=\"2976\">\n<li data-start=\"2869\" data-end=\"2894\">\n<p data-start=\"2871\" data-end=\"2894\">Ki\u1ec3m so\u00e1t \u0111\u1ed9 Brix ch\u00ednh x\u00e1c<\/p>\n<\/li>\n<li data-start=\"2895\" data-end=\"2936\">\n<p data-start=\"2897\" data-end=\"2936\">C\u00f4ng th\u1ee9c \u00edt axit, ph\u00f9 h\u1ee3p xu\u1ea5t kh\u1ea9u<\/p>\n<\/li>\n<li data-start=\"2937\" data-end=\"2976\">\n<p data-start=\"2939\" data-end=\"2976\">T\u00f9y ch\u1ecdn kh\u00f4ng ch\u1ea5t ph\u1ee5 gia trong s\u1ed1t c\u00e0 chua<\/p>\n<\/li>\n<\/ul>\n<h3 data-start=\"2978\" data-end=\"3008\">Bao b\u00ec t\u00fai linh ho\u1ea1t<\/h3>\n<p data-start=\"3009\" data-end=\"3040\">Thi\u1ebft k\u1ebf t\u00fai \u0111\u1ee9ng cung c\u1ea5p:<\/p>\n<ul data-start=\"3041\" data-end=\"3145\">\n<li data-start=\"3041\" data-end=\"3070\">\n<p data-start=\"3043\" data-end=\"3070\">C\u1ea3i thi\u1ec7n kh\u1ea3 n\u0103ng hi\u1ec3n th\u1ecb tr\u00ean k\u1ec7<\/p>\n<\/li>\n<li data-start=\"3071\" data-end=\"3095\">\n<p data-start=\"3073\" data-end=\"3095\">L\u01b0u tr\u1eef ti\u1ebft ki\u1ec7m kh\u00f4ng gian<\/p>\n<\/li>\n<li data-start=\"3096\" data-end=\"3145\">\n<p data-start=\"3098\" data-end=\"3145\">H\u00e0ng r\u00e0o b\u1ea3o v\u1ec7 ch\u1eafc ch\u1eafn k\u00e9o d\u00e0i tu\u1ed5i th\u1ecd k\u1ec7<\/p>\n<\/li>\n<\/ul>\n<hr data-start=\"3147\" data-end=\"3150\" \/>\n<h2 data-start=\"3152\" data-end=\"3213\">Gi\u1ea3i ph\u00e1p OEM &amp; Nh\u00e3n ri\u00eang cho t\u00fai s\u1ed1t c\u00e0 chua 250g<\/h2>\n<p data-start=\"3215\" data-end=\"3311\">Ch\u00fang t\u00f4i cung c\u1ea5p <strong data-start=\"3224\" data-end=\"3267\">S\u1ea3n xu\u1ea5t t\u00fai s\u1ed1t c\u00e0 chua 250g theo y\u00eau c\u1ea7u OEM<\/strong> ph\u00f9 h\u1ee3p cho ch\u1ee7 th\u01b0\u01a1ng hi\u1ec7u v\u00e0 nh\u00e0 ph\u00e2n ph\u1ed1i.<\/p>\n<p data-start=\"3313\" data-end=\"3334\">D\u1ecbch v\u1ee5 OEM bao g\u1ed3m:<\/p>\n<ul data-start=\"3335\" data-end=\"3525\">\n<li data-start=\"3335\" data-end=\"3372\">\n<p data-start=\"3337\" data-end=\"3372\">Thi\u1ebft k\u1ebf logo v\u00e0 bao b\u00ec t\u00f9y ch\u1ec9nh<\/p>\n<\/li>\n<li data-start=\"3373\" data-end=\"3437\">\n<p data-start=\"3375\" data-end=\"3437\">Nh\u00e3n \u0111a ng\u00f4n ng\u1eef (Ti\u1ebfng Anh, Ph\u00e1p, \u1ea2 R\u1eadp, Nga, v.v.)<\/p>\n<\/li>\n<li data-start=\"3438\" data-end=\"3476\">\n<p data-start=\"3440\" data-end=\"3476\">Thi\u1ebft k\u1ebf h\u1ed9p carton v\u00e0 in m\u00e3 v\u1ea1ch<\/p>\n<\/li>\n<li data-start=\"3477\" data-end=\"3525\">\n<p data-start=\"3479\" data-end=\"3525\">S\u1ed1 l\u01b0\u1ee3ng t\u1ed1i thi\u1ec3u linh ho\u1ea1t v\u1edbi th\u1eddi gian ph\u00e1t tri\u1ec3n nhanh<\/p>\n<\/li>\n<\/ul>\n<p data-start=\"3527\" data-end=\"3670\">\u0110i\u1ec1u n\u00e0y l\u00e0m cho ch\u00fang t\u00f4i <strong data-start=\"3542\" data-end=\"3587\">Cung c\u1ea5p OEM t\u00fai s\u1ed1t c\u00e0 chua 250g t\u1ea1i Trung Qu\u1ed1c<\/strong> ph\u00f9 h\u1ee3p cho ch\u00e2u Phi, Trung \u0110\u00f4ng, \u0110\u00f4ng Nam \u00c1 v\u00e0 th\u1ecb tr\u01b0\u1eddng b\u00e1n l\u1ebb m\u1edbi n\u1ed5i.<\/p>\n<hr data-start=\"3672\" data-end=\"3675\" \/>\n<h2 data-start=\"3677\" data-end=\"3707\">L\u1ef1a ch\u1ecdn \u0111\u00f3ng g\u00f3i &amp; logistics<\/h2>\n<p data-start=\"3709\" data-end=\"3737\"><strong data-start=\"3709\" data-end=\"3737\">\u0110\u1ecbnh d\u1ea1ng \u0111\u00f3ng g\u00f3i ti\u00eau chu\u1ea9n<\/strong><\/p>\n<ul data-start=\"3738\" data-end=\"3808\">\n<li data-start=\"3738\" data-end=\"3772\">\n<p data-start=\"3740\" data-end=\"3772\"><strong data-start=\"3740\" data-end=\"3770\">50 t\u00fai \u00d7 250g \/ h\u1ed9p carton<\/strong><\/p>\n<\/li>\n<li data-start=\"3773\" data-end=\"3808\">\n<p data-start=\"3775\" data-end=\"3808\"><strong data-start=\"3775\" data-end=\"3806\">100 t\u00fai \u00d7 250g \/ h\u1ed9p carton<\/strong><\/p>\n<\/li>\n<\/ul>\n<p data-start=\"3810\" data-end=\"3848\">H\u1ed9p xu\u1ea5t kh\u1ea9u c\u00f3 th\u1ec3 t\u00f9y ch\u1ec9nh v\u1edbi:<\/p>\n<ul data-start=\"3849\" data-end=\"3941\">\n<li data-start=\"3849\" data-end=\"3867\">\n<p data-start=\"3851\" data-end=\"3867\">Nh\u00e3n ri\u00eang<\/p>\n<\/li>\n<li data-start=\"3868\" data-end=\"3899\">\n<p data-start=\"3870\" data-end=\"3899\">M\u00e3 v\u1ea1ch v\u00e0 k\u00fd hi\u1ec7u tr\u00ean h\u1ed9p carton<\/p>\n<\/li>\n<li data-start=\"3900\" data-end=\"3941\">\n<p data-start=\"3902\" data-end=\"3941\">Y\u00eau c\u1ea7u ng\u00f4n ng\u1eef \u0111\u1eb7c th\u00f9 theo t\u1eebng th\u1ecb tr\u01b0\u1eddng<\/p>\n<\/li>\n<\/ul>\n<p data-start=\"3943\" data-end=\"4072\"><strong data-start=\"3943\" data-end=\"3951\">MOQ:<\/strong> 1 \u00d7 20\u2019 FCL<br data-start=\"3963\" data-end=\"3966\" \/><strong data-start=\"3966\" data-end=\"3982\">\u0110i\u1ec1u kho\u1ea3n Th\u01b0\u01a1ng m\u1ea1i:<\/strong> FOB \/ CFR \/ CIF c\u1ea3ng Trung Qu\u1ed1c<br data-start=\"4009\" data-end=\"4012\" \/>N\u0103ng l\u1ef1c cung c\u1ea5p h\u00e0ng th\u00e1ng \u1ed5n \u0111\u1ecbnh h\u1ed7 tr\u1ee3 h\u1ee3p \u0111\u1ed3ng d\u00e0i h\u1ea1n.<\/p>\n<hr data-start=\"4074\" data-end=\"4077\" \/>\n<h2 data-start=\"4079\" data-end=\"4125\">Th\u1ecb tr\u01b0\u1eddng xu\u1ea5t kh\u1ea9u cho t\u00fai s\u1ed1t c\u00e0 chua 250g<\/h2>\n<p data-start=\"4127\" data-end=\"4190\">S\u1ea3n ph\u1ea9m c\u1ee7a ch\u00fang t\u00f4i <strong data-start=\"4131\" data-end=\"4174\">Cung c\u1ea5p t\u00fai s\u1ed1t c\u00e0 chua 250g t\u1eeb nh\u00e0 m\u00e1y<\/strong> \u0111\u01b0\u1ee3c xu\u1ea5t kh\u1ea9u \u0111\u1ebfn:<\/p>\n<ul data-start=\"4192\" data-end=\"4369\">\n<li data-start=\"4192\" data-end=\"4233\">\n<p data-start=\"4194\" data-end=\"4233\">Ch\u00e2u Phi (th\u1ecb tr\u01b0\u1eddng b\u00e1n l\u1ebb v\u00e0 h\u1ed9 gia \u0111\u00ecnh)<\/p>\n<\/li>\n<li data-start=\"4234\" data-end=\"4279\">\n<p data-start=\"4236\" data-end=\"4279\">Si\u00eau th\u1ecb v\u00e0 nh\u00e0 ph\u00e2n ph\u1ed1i khu v\u1ef1c Trung \u0110\u00f4ng<\/p>\n<\/li>\n<li data-start=\"4280\" data-end=\"4326\">\n<p data-start=\"4282\" data-end=\"4326\">K\u00eanh ti\u00eau d\u00f9ng gia \u0111\u00ecnh khu v\u1ef1c \u0110\u00f4ng Nam \u00c1<\/p>\n<\/li>\n<li data-start=\"4327\" data-end=\"4369\">\n<p data-start=\"4329\" data-end=\"4369\">Th\u1ecb tr\u01b0\u1eddng CIS v\u00e0 qu\u1ed1c t\u1ebf \u0111\u01b0\u1ee3c ch\u1ecdn l\u1ecdc<\/p>\n<\/li>\n<\/ul>\n<p data-start=\"4371\" data-end=\"4486\">M\u1ee9c \u0111\u1ed9 Brix, \u0111\u1ecbnh d\u1ea1ng \u0111\u00f3ng g\u00f3i v\u00e0 nh\u00e3n m\u00e1c c\u00f3 th\u1ec3 \u0111i\u1ec1u ch\u1ec9nh theo quy \u0111\u1ecbnh \u0111\u1ecba ph\u01b0\u01a1ng v\u00e0 s\u1edf th\u00edch ng\u01b0\u1eddi ti\u00eau d\u00f9ng.<\/p>\n<hr data-start=\"4488\" data-end=\"4491\" \/>\n<h2 data-start=\"4493\" data-end=\"4547\">C\u00e1c k\u00edch th\u01b0\u1edbc t\u00fai s\u1ed1t c\u00e0 chua ho\u00e0n ch\u1ec9nh t\u1eeb m\u1ed9t nh\u00e0 m\u00e1y<\/h2>\n<p data-start=\"4549\" data-end=\"4639\">Ngo\u00e0i ra <strong data-start=\"4564\" data-end=\"4593\">bao b\u00ec t\u00fai t\u01b0\u01a1ng c\u00e0 250g<\/strong>, ch\u00fang t\u00f4i s\u1ea3n xu\u1ea5t \u0111\u1ea7y \u0111\u1ee7 c\u00e1c k\u00edch th\u01b0\u1edbc t\u00fai:<\/p>\n<ul data-start=\"4641\" data-end=\"4777\">\n<li data-start=\"4641\" data-end=\"4684\">\n<p data-start=\"4643\" data-end=\"4684\">18g, 36g, 40g, 50g, 56g, 70g, 80g, 100g<\/p>\n<\/li>\n<li data-start=\"4685\" data-end=\"4734\">\n<p data-start=\"4687\" data-end=\"4734\">Nhi\u1ec1u m\u1ee9c \u0111\u1ed9 Brix t\u1eeb 18\u201320% \u0111\u1ebfn 28\u201330%<\/p>\n<\/li>\n<li data-start=\"4735\" data-end=\"4777\">\n<p data-start=\"4737\" data-end=\"4777\">\u0110\u1ecbnh d\u1ea1ng t\u00fai ph\u1eb3ng v\u00e0 t\u00fai \u0111\u1ee9ng \u0111\u1ee9ng<\/p>\n<\/li>\n<\/ul>\n<p data-start=\"4779\" data-end=\"4876\">\u0110i\u1ec1u n\u00e0y cho ph\u00e9p ng\u01b0\u1eddi mua h\u1ee3p nh\u1ea5t ngu\u1ed3n cung v\u1edbi <strong data-start=\"4827\" data-end=\"4875\">m\u1ed9t nh\u00e0 s\u1ea3n xu\u1ea5t s\u1ed1t c\u00e0 chua \u0111\u00e1ng tin c\u1eady t\u1ea1i Trung Qu\u1ed1c<\/strong>.<\/p>\n<hr data-start=\"4878\" data-end=\"4881\" \/>\n<h2 data-start=\"4883\" data-end=\"4946\">T\u1ea1i sao ch\u1ecdn Taichy l\u00e0m nh\u00e0 cung c\u1ea5p t\u00fai s\u1ed1t c\u00e0 chua 250g c\u1ee7a b\u1ea1n?<\/h2>\n<ul data-start=\"4948\" data-end=\"5228\">\n<li data-start=\"4948\" data-end=\"5021\">\n<p data-start=\"4950\" data-end=\"5021\">H\u01a1n <strong data-start=\"4955\" data-end=\"5019\">10 n\u0103m kinh nghi\u1ec7m s\u1ea3n xu\u1ea5t v\u00e0 xu\u1ea5t kh\u1ea9u s\u1ed1t c\u00e0 chua<\/strong><\/p>\n<\/li>\n<li data-start=\"5022\" data-end=\"5075\">\n<p data-start=\"5024\" data-end=\"5075\">Ngu\u1ed3n cung c\u1ea5p c\u00e0 chua t\u01b0\u01a1i 100% v\u1edbi kh\u1ea3 n\u0103ng truy xu\u1ea5t ngu\u1ed3n g\u1ed1c \u0111\u1ea7y \u0111\u1ee7<\/p>\n<\/li>\n<li data-start=\"5076\" data-end=\"5131\">\n<p data-start=\"5078\" data-end=\"5131\">Kh\u1ea3 n\u0103ng ph\u00e1t tri\u1ec3n OEM v\u00e0 nh\u00e3n ri\u00eang m\u1ea1nh m\u1ebd<\/p>\n<\/li>\n<li data-start=\"5132\" data-end=\"5185\">\n<p data-start=\"5134\" data-end=\"5185\">Gi\u00e1 th\u00e0nh nh\u00e0 m\u00e1y c\u1ea1nh tranh v\u00e0 giao h\u00e0ng \u0111\u00e1ng tin c\u1eady<\/p>\n<\/li>\n<li data-start=\"5186\" data-end=\"5228\">\n<p data-start=\"5188\" data-end=\"5228\">Xu\u1ea5t kh\u1ea9u sang <strong data-start=\"5201\" data-end=\"5228\">H\u01a1n 30 qu\u1ed1c gia tr\u00ean to\u00e0n th\u1ebf gi\u1edbi<\/strong><\/p>\n<\/li>\n<\/ul>\n<p data-start=\"5230\" data-end=\"5377\">N\u1ebfu b\u1ea1n \u0111ang t\u00ecm ngu\u1ed3n cung c\u1ea5p <strong data-start=\"5252\" data-end=\"5302\">Bao b\u00ec s\u1ed1t c\u00e0 chua 250g s\u1ea3n xu\u1ea5t t\u1ea1i Trung Qu\u1ed1c<\/strong>, Taichy cung c\u1ea5p s\u1ef1 \u1ed5n \u0111\u1ecbnh, minh b\u1ea1ch v\u00e0 gi\u00e1 tr\u1ecb h\u1ee3p t\u00e1c l\u00e2u d\u00e0i.<\/p>\n<hr data-start=\"5379\" data-end=\"5382\" \/>\n<h2 data-start=\"5384\" data-end=\"5414\">Y\u00eau c\u1ea7u b\u00e1o gi\u00e1 &amp; B\u00e1o gi\u00e1 nh\u00e0 m\u00e1y<\/h2>\n<p data-start=\"5416\" data-end=\"5535\">Cho <strong data-start=\"5420\" data-end=\"5458\">b\u00e1n bu\u00f4n t\u00fai t\u01b0\u01a1ng c\u00e0 250g<\/strong>, OEM th\u01b0\u01a1ng hi\u1ec7u, gi\u00e1 c\u1ea3, m\u1eabu ho\u1eb7c catalog, vui l\u00f2ng li\u00ean h\u1ec7 \u0111\u1ed9i ng\u0169 b\u00e1n h\u00e0ng c\u1ee7a ch\u00fang t\u00f4i.<\/p>\n<p data-start=\"5537\" data-end=\"5656\">Ch\u00fang t\u00f4i h\u1ed7 tr\u1ee3 d\u1ef1 \u00e1n nh\u00e3n ri\u00eang, ch\u1ee9ng t\u1eeb xu\u1ea5t kh\u1ea9u v\u00e0 x\u1ebfp container hi\u1ec7u qu\u1ea3\u2014<strong data-start=\"5626\" data-end=\"5655\">tr\u1ef1c ti\u1ebfp t\u1eeb nh\u00e0 m\u00e1y<\/strong>.<\/p>","protected":false},"excerpt":{"rendered":"<p>Brix:18-20%,22-24%,26-28%,28-30%<br \/>\nH\u1ed9p thi\u1ebfc ch\u1ed1ng r\u1ec9 s\u00e9t\/ ch\u1ed1ng c\u0103ng th\u1eb3ng\/ ch\u1ed1ng \u1ea9m<br \/>\nTh\u01b0\u01a1ng hi\u1ec7u: Thi\u1ebft k\u1ebf ho\u1eb7c OEM<br \/>\nS\u1ed1 l\u01b0\u1ee3ng t\u1ed1i thi\u1ec3u: 1X20ft<br \/>\nChi ti\u1ebft giao h\u00e0ng: 30-35 ng\u00e0y sau khi nh\u1eadn \u0111\u1eb7t c\u1ecdc ho\u1eb7c LC. Giao h\u00e0ng nhanh nh\u1ea5t.<br \/>\nM\u00e3 HS:2002901100<\/p>","protected":false},"featured_media":3294,"template":"","meta":{"_acf_changed":false,"_seopress_robots_primary_cat":"none","_seopress_titles_title":"250g Sachet Tomato Paste | Industrial Grade Ingredient","_seopress_titles_desc":"Our 250g sachet tomato paste is designed for industrial use. We are dedicated to providing food manufacturers with a stable, high-quality .Wait for you .","_seopress_robots_index":"","site-sidebar-layout":"default","site-content-layout":"","ast-site-content-layout":"default","site-content-style":"default","site-sidebar-style":"default","ast-global-header-display":"","ast-banner-title-visibility":"","ast-main-header-display":"","ast-hfb-above-header-display":"","ast-hfb-below-header-display":"","ast-hfb-mobile-header-display":"","site-post-title":"","ast-breadcrumbs-content":"","ast-featured-img":"","footer-sml-layout":"","ast-disable-related-posts":"","theme-transparent-header-meta":"default","adv-header-id-meta":"","stick-header-meta":"","header-above-stick-meta":"","header-main-stick-meta":"","header-below-stick-meta":"","astra-migrate-meta-layouts":"set","ast-page-background-enabled":"default","ast-page-background-meta":{"desktop":{"background-color":"var(--ast-global-color-5)","background-image":"","background-repeat":"repeat","background-position":"center center","background-size":"auto","background-attachment":"scroll","background-type":"","background-media":"","overlay-type":"","overlay-color":"","overlay-opacity":"","overlay-gradient":""},"tablet":{"background-color":"","background-image":"","background-repeat":"repeat","background-position":"center center","background-size":"auto","background-attachment":"scroll","background-type":"","background-media":"","overlay-type":"","overlay-color":"","overlay-opacity":"","overlay-gradient":""},"mobile":{"background-color":"","background-image":"","background-repeat":"repeat","background-position":"center center","background-size":"auto","background-attachment":"scroll","background-type":"","background-media":"","overlay-type":"","overlay-color":"","overlay-opacity":"","overlay-gradient":""}},"ast-content-background-meta":{"desktop":{"background-color":"var(--ast-global-color-4)","background-image":"","background-repeat":"repeat","background-position":"center center","background-size":"auto","background-attachment":"scroll","background-type":"","background-media":"","overlay-type":"","overlay-color":"","overlay-opacity":"","overlay-gradient":""},"tablet":{"background-color":"var(--ast-global-color-4)","background-image":"","background-repeat":"repeat","background-position":"center center","background-size":"auto","background-attachment":"scroll","background-type":"","background-media":"","overlay-type":"","overlay-color":"","overlay-opacity":"","overlay-gradient":""},"mobile":{"background-color":"var(--ast-global-color-4)","background-image":"","background-repeat":"repeat","background-position":"center center","background-size":"auto","background-attachment":"scroll","background-type":"","background-media":"","overlay-type":"","overlay-color":"","overlay-opacity":"","overlay-gradient":""}}},"product_brand":[],"product_cat":[97],"product_tag":[169,166],"class_list":{"0":"post-1042","1":"product","2":"type-product","3":"status-publish","4":"has-post-thumbnail","6":"product_cat-tomato-paste-in-sachet","7":"product_tag-250g-tomato-paste-sachet","8":"product_tag-tomato-paste-sachet","9":"desktop-align-left","10":"tablet-align-left","11":"mobile-align-left","13":"first","14":"instock","15":"sale","16":"shipping-taxable","17":"purchasable","18":"product-type-simple"},"acf":[],"_links":{"self":[{"href":"https:\/\/taichytomato.com\/vi\/wp-json\/wp\/v2\/product\/1042","targetHints":{"allow":["GET"]}}],"collection":[{"href":"https:\/\/taichytomato.com\/vi\/wp-json\/wp\/v2\/product"}],"about":[{"href":"https:\/\/taichytomato.com\/vi\/wp-json\/wp\/v2\/types\/product"}],"version-history":[{"count":0,"href":"https:\/\/taichytomato.com\/vi\/wp-json\/wp\/v2\/product\/1042\/revisions"}],"wp:featuredmedia":[{"embeddable":true,"href":"https:\/\/taichytomato.com\/vi\/wp-json\/wp\/v2\/media\/3294"}],"wp:attachment":[{"href":"https:\/\/taichytomato.com\/vi\/wp-json\/wp\/v2\/media?parent=1042"}],"wp:term":[{"taxonomy":"product_brand","embeddable":true,"href":"https:\/\/taichytomato.com\/vi\/wp-json\/wp\/v2\/product_brand?post=1042"},{"taxonomy":"product_cat","embeddable":true,"href":"https:\/\/taichytomato.com\/vi\/wp-json\/wp\/v2\/product_cat?post=1042"},{"taxonomy":"product_tag","embeddable":true,"href":"https:\/\/taichytomato.com\/vi\/wp-json\/wp\/v2\/product_tag?post=1042"}],"curies":[{"name":"wp","href":"https:\/\/api.w.org\/{rel}","templated":true}]}}