{"id":1038,"date":"2025-05-25T22:55:10","date_gmt":"2025-05-26T06:55:10","guid":{"rendered":"https:\/\/taichytomato.com\/?post_type=product&#038;p=1038"},"modified":"2026-01-12T22:49:50","modified_gmt":"2026-01-13T06:49:50","slug":"18g-tomato-paste-sachet","status":"publish","type":"product","link":"https:\/\/taichytomato.com\/vi\/san-pham\/18g-tomato-paste-sachet\/","title":{"rendered":"T\u00fai s\u1ed1t c\u00e0 chua 18g"},"content":{"rendered":"<h2 data-start=\"172\" data-end=\"248\">Nh\u00e0 s\u1ea3n xu\u1ea5t T\u00fai Nh\u1ef1a M\u1eadt Ong C\u00e0 Chua 18g t\u1ea1i Trung Qu\u1ed1c | Cung c\u1ea5p tr\u1ef1c ti\u1ebfp t\u1eeb nh\u00e0 m\u00e1y nh\u1ecf g\u00f3i<\/h2>\n<p data-start=\"250\" data-end=\"590\">C\u00e1i <strong data-start=\"254\" data-end=\"275\">t\u00fai nh\u1ef1a m\u1eadt ong c\u00e0 chua 18g<\/strong> l\u00e0 \u0111\u1ecbnh d\u1ea1ng \u0111\u00f3ng g\u00f3i m\u1eadt ong c\u00e0 chua nh\u1ecf g\u1ecdn, c\u1ef1c k\u1ef3 ti\u1ebft ki\u1ec7m d\u00e0nh cho th\u1ecb tr\u01b0\u1eddng ti\u00eau th\u1ee5 s\u1ed1 l\u01b0\u1ee3ng l\u1edbn. L\u00e0 m\u1ed9t chuy\u00ean nghi\u1ec7p <strong data-start=\"401\" data-end=\"436\">nh\u00e0 s\u1ea3n xu\u1ea5t m\u1eadt ong c\u00e0 chua Trung Qu\u1ed1c<\/strong>, Taichy cung c\u1ea5p <strong data-start=\"454\" data-end=\"476\">t\u00fai nh\u1ef1a m\u1eadt ong c\u00e0 chua 18g<\/strong> tr\u1ef1c ti\u1ebfp t\u1eeb nh\u00e0 m\u00e1y, h\u1ed7 tr\u1ee3 xu\u1ea5t kh\u1ea9u s\u1ed1 l\u01b0\u1ee3ng l\u1edbn, ch\u01b0\u01a1ng tr\u00ecnh nh\u00e3n ri\u00eang, v\u00e0 h\u1ee3p t\u00e1c d\u00e0i h\u1ea1n v\u1edbi nh\u00e0 ph\u00e2n ph\u1ed1i.<\/p>\n<p data-start=\"592\" data-end=\"739\">K\u00edch th\u01b0\u1edbc n\u00e0y \u0111\u1eb7c bi\u1ec7t ph\u00f9 h\u1ee3p v\u1edbi th\u1ecb tr\u01b0\u1eddng n\u01a1i <strong data-start=\"643\" data-end=\"711\">gi\u00e1 th\u00e0nh th\u1ea5p, ti\u1ec7n l\u1ee3i d\u00f9ng m\u1ed9t l\u1ea7n, v\u00e0 v\u00f2ng quay b\u00e1n l\u1ebb nhanh<\/strong> l\u00e0 c\u00e1c y\u1ebfu t\u1ed1 mua h\u00e0ng ch\u00ednh.<\/p>\n<hr data-start=\"741\" data-end=\"744\" \/>\n<h2 data-start=\"746\" data-end=\"778\">T\u00fai nh\u1ef1a m\u1eadt ong c\u00e0 chua 18g l\u00e0 g\u00ec?<\/h2>\n<p data-start=\"780\" data-end=\"931\">An <strong data-start=\"783\" data-end=\"804\">t\u00fai nh\u1ef1a m\u1eadt ong c\u00e0 chua 18g<\/strong> l\u00e0 g\u00f3i m\u1eadt ong c\u00e0 chua d\u1ea1ng ph\u1ea7n \u0111\u01a1n d\u00e0nh cho m\u1ee5c \u0111\u00edch n\u1ea5u \u0103n m\u1ed9t l\u1ea7n. So v\u1edbi c\u00e1c t\u00fai l\u1edbn h\u01a1n, \u0111\u1ecbnh d\u1ea1ng n\u00e0y t\u1eadp trung v\u00e0o:<\/p>\n<ul data-start=\"933\" data-end=\"1103\">\n<li data-start=\"933\" data-end=\"965\">\n<p data-start=\"935\" data-end=\"965\">Gi\u00e1 th\u00e0nh t\u1ed1i thi\u1ec3u cho ng\u01b0\u1eddi ti\u00eau d\u00f9ng<\/p>\n<\/li>\n<li data-start=\"966\" data-end=\"997\">\n<p data-start=\"968\" data-end=\"997\">Ki\u1ec3m so\u00e1t kh\u1ea9u ph\u1ea7n cho m\u1ed7i b\u1eefa \u0103n<\/p>\n<\/li>\n<li data-start=\"998\" data-end=\"1054\">\n<p data-start=\"1000\" data-end=\"1054\">D\u1ec5 ph\u00e2n ph\u1ed1i trong th\u1ecb tr\u01b0\u1eddng m\u1edf v\u00e0 c\u00e1c g\u00f3i b\u00e1n l\u1ebb<\/p>\n<\/li>\n<li data-start=\"1055\" data-end=\"1103\">\n<p data-start=\"1057\" data-end=\"1103\">M\u1eadt \u0111\u1ed9 \u0111\u00f3ng g\u00f3i cao h\u01a1n trong h\u1ed9p carton gi\u00fap gi\u1ea3m chi ph\u00ed logistics<\/p>\n<\/li>\n<\/ul>\n<p data-start=\"1105\" data-end=\"1215\">\u0110\u1ed1i v\u1edbi nh\u00e0 nh\u1eadp kh\u1ea9u, <strong data-start=\"1120\" data-end=\"1151\">b\u00e1n bu\u00f4n t\u00fai nh\u1ef1a m\u1eadt ong c\u00e0 chua 18g<\/strong> th\u01b0\u1eddng \u0111\u01b0\u1ee3c \u0111\u1ecbnh v\u1ecb nh\u01b0 m\u1ed9t <strong data-start=\"1180\" data-end=\"1214\">SKU th\u1ecb tr\u01b0\u1eddng \u0111\u1ea1i ch\u00fang ho\u1eb7c khuy\u1ebfn m\u00e3i<\/strong>.<\/p>\n<hr data-start=\"1217\" data-end=\"1220\" \/>\n<h2 data-start=\"1222\" data-end=\"1267\">G\u00f3i 18g C\u00e0 chua \u2013 Th\u00f4ng s\u1ed1 k\u1ef9 thu\u1eadt s\u1ea3n ph\u1ea9m<\/h2>\n<ul data-start=\"1269\" data-end=\"1718\">\n<li data-start=\"1269\" data-end=\"1308\">\n<p data-start=\"1271\" data-end=\"1308\"><strong data-start=\"1271\" data-end=\"1288\">T\u00ean s\u1ea3n ph\u1ea9m:<\/strong> G\u00f3i 18g C\u00e0 chua<\/p>\n<\/li>\n<li data-start=\"1309\" data-end=\"1348\">\n<p data-start=\"1311\" data-end=\"1348\"><strong data-start=\"1311\" data-end=\"1331\">N\u01a1i xu\u1ea5t x\u1ee9:<\/strong> mi\u1ec1n B\u1eafc Vi\u1ec7t Nam<\/p>\n<\/li>\n<li data-start=\"1349\" data-end=\"1391\">\n<p data-start=\"1351\" data-end=\"1391\"><strong data-start=\"1351\" data-end=\"1374\">Th\u00e0nh ph\u1ea7n ch\u00ednh:<\/strong> C\u00e0 chua t\u01b0\u01a1i<\/p>\n<\/li>\n<li data-start=\"1392\" data-end=\"1442\">\n<p data-start=\"1394\" data-end=\"1442\"><strong data-start=\"1394\" data-end=\"1413\">Lo\u1ea1i \u0111\u00f3ng g\u00f3i:<\/strong> G\u00f3i ph\u1eb3ng (kh\u00f4ng \u0111\u1ee9ng l\u00ean)<\/p>\n<\/li>\n<li data-start=\"1443\" data-end=\"1476\">\n<p data-start=\"1445\" data-end=\"1476\"><strong data-start=\"1445\" data-end=\"1465\">Ph\u01b0\u01a1ng ph\u00e1p ch\u1ebf bi\u1ebfn:<\/strong> C\u00f3 Gia V\u1ecb<\/p>\n<\/li>\n<li data-start=\"1477\" data-end=\"1500\">\n<p data-start=\"1479\" data-end=\"1500\"><strong data-start=\"1479\" data-end=\"1494\">Tr\u1ecdng l\u01b0\u1ee3ng t\u1ecbnh:<\/strong> 18g<\/p>\n<\/li>\n<li data-start=\"1501\" data-end=\"1536\">\n<p data-start=\"1503\" data-end=\"1536\"><strong data-start=\"1503\" data-end=\"1521\">H\u1ed3 s\u01a1 h\u01b0\u01a1ng v\u1ecb:<\/strong> Ng\u1ecdt &amp; chua<\/p>\n<\/li>\n<li data-start=\"1537\" data-end=\"1573\">\n<p data-start=\"1539\" data-end=\"1573\"><strong data-start=\"1539\" data-end=\"1549\">M\u00e0u s\u1eafc:<\/strong> \u0110\u1ecf t\u01b0\u01a1i \/ \u0111\u1ecf \u0111\u1eadm<\/p>\n<\/li>\n<li data-start=\"1574\" data-end=\"1599\">\n<p data-start=\"1576\" data-end=\"1599\"><strong data-start=\"1576\" data-end=\"1589\">Ph\u1ea1m vi pH:<\/strong> 4.0\u20134.4<\/p>\n<\/li>\n<li data-start=\"1600\" data-end=\"1621\">\n<p data-start=\"1602\" data-end=\"1621\"><strong data-start=\"1602\" data-end=\"1616\">T\u1ef7 l\u1ec7 A\/B:<\/strong> \u22652<\/p>\n<\/li>\n<li data-start=\"1622\" data-end=\"1639\">\n<p data-start=\"1624\" data-end=\"1639\"><strong data-start=\"1624\" data-end=\"1632\">HMC:<\/strong> \u226450%<\/p>\n<\/li>\n<li data-start=\"1640\" data-end=\"1669\">\n<p data-start=\"1642\" data-end=\"1669\"><strong data-start=\"1642\" data-end=\"1657\">Th\u1eddi h\u1ea1n s\u1eed d\u1ee5ng:<\/strong> 2\u20133 n\u0103m<\/p>\n<\/li>\n<li data-start=\"1670\" data-end=\"1718\">\n<p data-start=\"1672\" data-end=\"1718\"><strong data-start=\"1672\" data-end=\"1694\">\u0110i\u1ec1u ki\u1ec7n b\u1ea3o qu\u1ea3n:<\/strong> Kho kh\u00f4, trong nh\u00e0<\/p>\n<\/li>\n<\/ul>\n<p data-start=\"1720\" data-end=\"1745\"><strong data-start=\"1720\" data-end=\"1745\">C\u00e1c m\u1ee9c Brix c\u00f3 s\u1eb5n<\/strong><\/p>\n<ul data-start=\"1746\" data-end=\"1789\">\n<li data-start=\"1746\" data-end=\"1756\">\n<p data-start=\"1748\" data-end=\"1756\">18\u201320%<\/p>\n<\/li>\n<li data-start=\"1757\" data-end=\"1767\">\n<p data-start=\"1759\" data-end=\"1767\">22\u201324%<\/p>\n<\/li>\n<li data-start=\"1768\" data-end=\"1778\">\n<p data-start=\"1770\" data-end=\"1778\">24\u201326%<\/p>\n<\/li>\n<li data-start=\"1779\" data-end=\"1789\">\n<p data-start=\"1781\" data-end=\"1789\">28\u201330%<\/p>\n<\/li>\n<\/ul>\n<p data-start=\"1791\" data-end=\"1876\"><strong data-start=\"1791\" data-end=\"1810\">Ch\u1ee9ng nh\u1eadn:<\/strong> FDA, HACCP, ISO, QS<br data-start=\"1830\" data-end=\"1833\" \/><strong data-start=\"1833\" data-end=\"1846\">Th\u01b0\u01a1ng hi\u1ec7u:<\/strong> C\u00f3 s\u1eb5n OEM &amp; nh\u00e3n ri\u00eang<\/p>\n<hr data-start=\"1878\" data-end=\"1881\" \/>\n<h2 data-start=\"1883\" data-end=\"1944\">T\u1ea1i sao G\u00f3i 18g C\u00e0 chua ph\u00f9 h\u1ee3p cho th\u1ecb tr\u01b0\u1eddng nh\u1ea1y c\u1ea3m v\u1ec1 gi\u00e1<\/h2>\n<p data-start=\"1946\" data-end=\"2053\">C\u00e1i <strong data-start=\"1950\" data-end=\"1971\">t\u00fai nh\u1ef1a m\u1eadt ong c\u00e0 chua 18g<\/strong> \u0111\u01b0\u1ee3c s\u1eed d\u1ee5ng r\u1ed9ng r\u00e3i \u1edf c\u00e1c khu v\u1ef1c n\u01a1i kh\u1ea3 n\u0103ng chi tr\u1ea3 v\u00e0 ti\u00eau th\u1ee5 h\u00e0ng ng\u00e0y th\u00fac \u0111\u1ea9y nhu c\u1ea7u.<\/p>\n<p data-start=\"2055\" data-end=\"2093\">C\u00e1c t\u00ecnh hu\u1ed1ng \u1ee9ng d\u1ee5ng \u0111i\u1ec3n h\u00ecnh bao g\u1ed3m:<\/p>\n<ul data-start=\"2094\" data-end=\"2272\">\n<li data-start=\"2094\" data-end=\"2132\">\n<p data-start=\"2096\" data-end=\"2132\">N\u1ea5u \u0103n gia \u0111\u00ecnh cho c\u00e1c b\u1eefa \u0103n \u0111\u01a1n l\u1ebb<\/p>\n<\/li>\n<li data-start=\"2133\" data-end=\"2175\">\n<p data-start=\"2135\" data-end=\"2175\">\u0110\u1ed3 \u0103n \u0111\u01b0\u1eddng ph\u1ed1 v\u00e0 c\u00e1c nh\u00e0 cung c\u1ea5p d\u1ecbch v\u1ee5 \u0103n u\u1ed1ng nh\u1ecf<\/p>\n<\/li>\n<li data-start=\"2176\" data-end=\"2227\">\n<p data-start=\"2178\" data-end=\"2227\">G\u00f3i gi\u00e1 tr\u1ecb si\u00eau th\u1ecb v\u00e0 c\u00e1c g\u00f3i khuy\u1ebfn m\u00e3i<\/p>\n<\/li>\n<li data-start=\"2228\" data-end=\"2272\">\n<p data-start=\"2230\" data-end=\"2272\">Ngu\u1ed3n cung c\u1ea5p th\u1ef1c ph\u1ea9m kh\u1ea9n c\u1ea5p v\u00e0 kh\u1ea9u ph\u1ea7n du l\u1ecbch<\/p>\n<\/li>\n<\/ul>\n<p data-start=\"2274\" data-end=\"2393\">\u0110\u1ecbnh d\u1ea1ng n\u00e0y gi\u00fap nh\u00e0 ph\u00e2n ph\u1ed1i ti\u1ebfp c\u1eadn <strong data-start=\"2316\" data-end=\"2341\">ng\u01b0\u1eddi ti\u00eau d\u00f9ng m\u1edbi b\u1eaft \u0111\u1ea7u<\/strong> Trong khi duy tr\u00ec t\u1ea7n su\u1ea5t mua h\u00e0ng l\u1eb7p l\u1ea1i cao.<\/p>\n<hr data-start=\"2395\" data-end=\"2398\" \/>\n<h2 data-start=\"2400\" data-end=\"2455\">\u01afu \u0111i\u1ec3m s\u1ea3n xu\u1ea5t t\u1ea1i nh\u00e0 m\u00e1y \u2013 T\u00fai l\u1ecdc c\u00e0 chua 18g<\/h2>\n<p data-start=\"2457\" data-end=\"2566\">L\u00e0 m\u1ed9t <strong data-start=\"2462\" data-end=\"2498\">Nh\u00e0 m\u00e1y s\u1ea3n xu\u1ea5t t\u00fai l\u1ecdc c\u00e0 chua 18g tr\u1ef1c ti\u1ebfp<\/strong>, ch\u00fang t\u00f4i ki\u1ec3m so\u00e1t qu\u00e1 tr\u00ecnh s\u1ea3n xu\u1ea5t t\u1eeb ngu\u1ed3n nguy\u00ean li\u1ec7u c\u00e0 chua \u0111\u1ebfn \u0111\u00f3ng g\u00f3i cu\u1ed1i c\u00f9ng.<\/p>\n<h3 data-start=\"2568\" data-end=\"2594\">Ki\u1ec3m so\u00e1t nguy\u00ean li\u1ec7u th\u00f4<\/h3>\n<p data-start=\"2595\" data-end=\"2646\">C\u00e0 chua \u0111\u01b0\u1ee3c l\u1ea5y t\u1eeb mi\u1ec1n B\u1eafc, \u0111\u1ea3m b\u1ea3o:<\/p>\n<ul data-start=\"2647\" data-end=\"2748\">\n<li data-start=\"2647\" data-end=\"2672\">\n<p data-start=\"2649\" data-end=\"2672\">Ch\u1ea5t r\u1eafn t\u1ef1 nhi\u00ean \u1ed5n \u0111\u1ecbnh<\/p>\n<\/li>\n<li data-start=\"2673\" data-end=\"2693\">\n<p data-start=\"2675\" data-end=\"2693\">M\u00e0u \u0111\u1ecf \u0111\u1eadm m\u1ea1nh m\u1ebd<\/p>\n<\/li>\n<li data-start=\"2694\" data-end=\"2748\">\n<p data-start=\"2696\" data-end=\"2748\">H\u01b0\u01a1ng v\u1ecb nh\u1ea5t qu\u00e1n ph\u00f9 h\u1ee3p cho c\u00e1c g\u00f3i nh\u1ecf<\/p>\n<\/li>\n<\/ul>\n<h3 data-start=\"2750\" data-end=\"2779\">\u0110\u1ed9 t\u1eadp trung ch\u00ednh x\u00e1c<\/h3>\n<p data-start=\"2780\" data-end=\"2844\">H\u1ec7 th\u1ed1ng x\u1eed l\u00fd c\u1ee7a ch\u00fang t\u00f4i cho ph\u00e9p \u0111i\u1ec1u ch\u1ec9nh Brix ch\u00ednh x\u00e1c, \u0111\u1ea3m b\u1ea3o:<\/p>\n<ul data-start=\"2845\" data-end=\"2953\">\n<li data-start=\"2845\" data-end=\"2889\">\n<p data-start=\"2847\" data-end=\"2889\">V\u1ecb \u0111\u1eadm \u0111\u1eb7c ngay c\u1ea3 trong c\u00e1c t\u00fai nh\u1ecf<\/p>\n<\/li>\n<li data-start=\"2890\" data-end=\"2913\">\n<p data-start=\"2892\" data-end=\"2913\">C\u00e2n b\u1eb1ng \u0111\u1ed9 chua th\u1ea5p<\/p>\n<\/li>\n<li data-start=\"2914\" data-end=\"2953\">\n<p data-start=\"2916\" data-end=\"2953\">C\u00e1c c\u00f4ng th\u1ee9c kh\u00f4ng ch\u1ee9a ph\u1ee5 gia t\u00f9y ch\u1ecdn<\/p>\n<\/li>\n<\/ul>\n<h3 data-start=\"2955\" data-end=\"2989\">\u0110\u00f3ng g\u00f3i t\u00fai c\u00f3 c\u00f4ng su\u1ea5t cao<\/h3>\n<p data-start=\"2990\" data-end=\"3086\">C\u00e1i <strong data-start=\"2994\" data-end=\"3020\">\u0110\u1ecbnh d\u1ea1ng t\u00fai ph\u1eb3ng 18g<\/strong> gi\u00fap s\u1ea3n xu\u1ea5t h\u00e0ng lo\u1ea1t hi\u1ec7u qu\u1ea3 v\u00e0 t\u1ed1i \u01b0u h\u00f3a vi\u1ec7c x\u1ebfp container.<\/p>\n<hr data-start=\"3088\" data-end=\"3091\" \/>\n<h2 data-start=\"3093\" data-end=\"3147\">Gi\u1ea3i ph\u00e1p OEM &amp; Nh\u00e3n ri\u00eang cho t\u00fai l\u1ecdc c\u00e0 chua 18g<\/h2>\n<p data-start=\"3149\" data-end=\"3262\">Ch\u00fang t\u00f4i cung c\u1ea5p <strong data-start=\"3160\" data-end=\"3194\">D\u1ecbch v\u1ee5 OEM t\u00fai l\u1ecdc c\u00e0 chua 18g<\/strong> d\u00e0nh cho nh\u00e0 nh\u1eadp kh\u1ea9u v\u00e0 ph\u00e2n ph\u1ed1i t\u00ecm ki\u1ebfm t\u00f9y ch\u1ec9nh c\u1ea5p nh\u00e0 m\u00e1y.<\/p>\n<p data-start=\"3264\" data-end=\"3284\">T\u00f9y ch\u1ecdn OEM bao g\u1ed3m:<\/p>\n<ul data-start=\"3285\" data-end=\"3487\">\n<li data-start=\"3285\" data-end=\"3319\">\n<p data-start=\"3287\" data-end=\"3319\">Thi\u1ebft k\u1ebf logo v\u00e0 t\u00e1c ph\u1ea9m ngh\u1ec7 thu\u1eadt t\u00f9y ch\u1ec9nh<\/p>\n<\/li>\n<li data-start=\"3320\" data-end=\"3389\">\n<p data-start=\"3322\" data-end=\"3389\">Nh\u00e3n m\u00e1c \u0111a ng\u00f4n ng\u1eef (Ti\u1ebfng Anh \/ Ph\u00e1p \/ \u1ea2 R\u1eadp \/ Nga, v.v.)<\/p>\n<\/li>\n<li data-start=\"3390\" data-end=\"3435\">\n<p data-start=\"3392\" data-end=\"3435\">Ch\u1ea5t li\u1ec7u m\u00e0ng nh\u00f4m foil ho\u1eb7c phim laminate<\/p>\n<\/li>\n<li data-start=\"3436\" data-end=\"3487\">\n<p data-start=\"3438\" data-end=\"3487\">C\u1ea5u tr\u00fac h\u1ed9p carton ph\u00f9 h\u1ee3p v\u1edbi th\u00f3i quen b\u00e1n l\u1ebb \u0111\u1ecba ph\u01b0\u01a1ng<\/p>\n<\/li>\n<\/ul>\n<p data-start=\"3489\" data-end=\"3627\">\u0110i\u1ec1u n\u00e0y l\u00e0m cho ch\u00fang t\u00f4i <strong data-start=\"3504\" data-end=\"3542\">Cung c\u1ea5p t\u00fai c\u00e0 chua OEM 18g t\u1ea1i Trung Qu\u1ed1c<\/strong> ph\u00f9 h\u1ee3p cho ch\u00e2u Phi, Trung \u0110\u00f4ng, \u0110\u00f4ng Nam \u00c1 v\u00e0 c\u00e1c th\u1ecb tr\u01b0\u1eddng c\u00f3 kh\u1ed1i l\u01b0\u1ee3ng l\u1edbn kh\u00e1c.<\/p>\n<hr data-start=\"3629\" data-end=\"3632\" \/>\n<h2 data-start=\"3634\" data-end=\"3678\">C\u1ea5u h\u00ecnh \u0111\u00f3ng g\u00f3i &amp; C\u00f4ng su\u1ea5t xu\u1ea5t kh\u1ea9u<\/h2>\n<p data-start=\"3680\" data-end=\"3700\"><strong data-start=\"3680\" data-end=\"3700\">Bao b\u00ec ti\u00eau chu\u1ea9n<\/strong><\/p>\n<ul data-start=\"3701\" data-end=\"3733\">\n<li data-start=\"3701\" data-end=\"3733\">\n<p data-start=\"3703\" data-end=\"3733\"><strong data-start=\"3703\" data-end=\"3733\">18g \u00d7 500 t\u00fai \/ h\u1ed9p carton<\/strong><\/p>\n<\/li>\n<\/ul>\n<p data-start=\"3735\" data-end=\"3771\">C\u1ea5u h\u00ecnh n\u00e0y t\u1ed1i \u01b0u h\u00f3a cho:<\/p>\n<ul data-start=\"3772\" data-end=\"3871\">\n<li data-start=\"3772\" data-end=\"3805\">\n<p data-start=\"3774\" data-end=\"3805\">T\u1ed1i \u0111a s\u1ed1 h\u1ed9p carton tr\u00ean m\u1ed7i container<\/p>\n<\/li>\n<li data-start=\"3806\" data-end=\"3837\">\n<p data-start=\"3808\" data-end=\"3837\">Chi ph\u00ed v\u1eadn chuy\u1ec3n th\u1ea5p h\u01a1n tr\u00ean m\u1ed7i \u0111\u01a1n v\u1ecb<\/p>\n<\/li>\n<li data-start=\"3838\" data-end=\"3871\">\n<p data-start=\"3840\" data-end=\"3871\">Gi\u00e1 b\u00e1n s\u1ec9 c\u1ea1nh tranh<\/p>\n<\/li>\n<\/ul>\n<p data-start=\"3873\" data-end=\"4011\"><strong data-start=\"3873\" data-end=\"3881\">MOQ:<\/strong> 1 \u00d7 20\u2019 FCL<br data-start=\"3893\" data-end=\"3896\" \/><strong data-start=\"3896\" data-end=\"3912\">\u0110i\u1ec1u kho\u1ea3n Th\u01b0\u01a1ng m\u1ea1i:<\/strong> FOB \/ CFR \/ CIF c\u1ea3ng Trung Qu\u1ed1c<br data-start=\"3939\" data-end=\"3942\" \/>C\u00e1c \u0111\u01a1n h\u00e0ng s\u1ed1 l\u01b0\u1ee3ng l\u1edbn \u0111\u01b0\u1ee3c h\u01b0\u1edfng gi\u00e1 c\u1ed1 \u0111\u1ecbnh c\u1ee7a nh\u00e0 m\u00e1y v\u00e0 c\u00f4ng su\u1ea5t cung c\u1ea5p h\u00e0ng th\u00e1ng.<\/p>\n<hr data-start=\"4013\" data-end=\"4016\" \/>\n<h2 data-start=\"4018\" data-end=\"4057\">Th\u1ecb tr\u01b0\u1eddng xu\u1ea5t kh\u1ea9u cho t\u00fai c\u00e0 chua 18g<\/h2>\n<p data-start=\"4059\" data-end=\"4115\">S\u1ea3n ph\u1ea9m c\u1ee7a ch\u00fang t\u00f4i <strong data-start=\"4063\" data-end=\"4099\">Cung c\u1ea5p t\u1eeb nh\u00e0 m\u00e1y t\u00fai c\u00e0 chua 18g<\/strong> \u0111\u01b0\u1ee3c xu\u1ea5t kh\u1ea9u \u0111\u1ebfn:<\/p>\n<ul data-start=\"4117\" data-end=\"4268\">\n<li data-start=\"4117\" data-end=\"4142\">\n<p data-start=\"4119\" data-end=\"4142\">Ch\u00e2u Phi T\u00e2y &amp; Trung<\/p>\n<\/li>\n<li data-start=\"4143\" data-end=\"4185\">\n<p data-start=\"4145\" data-end=\"4185\">Th\u1ecb tr\u01b0\u1eddng b\u00e1n l\u1ebb truy\u1ec1n th\u1ed1ng Trung \u0110\u00f4ng<\/p>\n<\/li>\n<li data-start=\"4186\" data-end=\"4226\">\n<p data-start=\"4188\" data-end=\"4226\">K\u00eanh ph\u00e2n ph\u1ed1i \u0110\u00f4ng Nam \u00c1<\/p>\n<\/li>\n<li data-start=\"4227\" data-end=\"4268\">\n<p data-start=\"4229\" data-end=\"4268\">C\u00e1c th\u1ecb tr\u01b0\u1eddng \u0111ang ph\u00e1t tri\u1ec3n \u0111\u01b0\u1ee3c ch\u1ecdn tr\u00ean to\u00e0n th\u1ebf gi\u1edbi<\/p>\n<\/li>\n<\/ul>\n<p data-start=\"4270\" data-end=\"4397\">Ng\u00f4n ng\u1eef nh\u00e3n, n\u1ed3ng \u0111\u1ed9 Brix v\u00e0 \u0111\u00e1nh d\u1ea5u h\u1ed9p c\u00f3 th\u1ec3 \u0111i\u1ec1u ch\u1ec9nh theo quy \u0111\u1ecbnh \u0111\u1ecba ph\u01b0\u01a1ng v\u00e0 s\u1edf th\u00edch ng\u01b0\u1eddi ti\u00eau d\u00f9ng.<\/p>\n<hr data-start=\"4399\" data-end=\"4402\" \/>\n<h2 data-start=\"4404\" data-end=\"4457\">K\u00edch th\u01b0\u1edbc t\u00fai c\u00e0 chua ho\u00e0n ch\u1ec9nh t\u1eeb m\u1ed9t nh\u00e0 s\u1ea3n xu\u1ea5t<\/h2>\n<p data-start=\"4459\" data-end=\"4548\">Ngo\u00e0i ra <strong data-start=\"4474\" data-end=\"4496\">t\u00fai nh\u1ef1a m\u1eadt ong c\u00e0 chua 18g<\/strong>, nh\u00e0 m\u00e1y c\u1ee7a ch\u00fang t\u00f4i cung c\u1ea5p \u0111\u1ea7y \u0111\u1ee7 c\u00e1c k\u00edch th\u01b0\u1edbc t\u00fai:<\/p>\n<ul data-start=\"4550\" data-end=\"4683\">\n<li data-start=\"4550\" data-end=\"4588\">\n<p data-start=\"4552\" data-end=\"4588\">36g, 40g, 50g, 56g, 70g, 80g, 100g<\/p>\n<\/li>\n<li data-start=\"4589\" data-end=\"4635\">\n<p data-start=\"4591\" data-end=\"4635\">Nhi\u1ec1u m\u1ee9c Brix t\u1eeb 18\u201320% \u0111\u1ebfn 28\u201330%<\/p>\n<\/li>\n<li data-start=\"4636\" data-end=\"4683\">\n<p data-start=\"4638\" data-end=\"4683\">\u0110\u1ecbnh d\u1ea1ng t\u00fai ph\u1eb3ng cho th\u1ecb tr\u01b0\u1eddng d\u1ef1a tr\u00ean chi ph\u00ed<\/p>\n<\/li>\n<\/ul>\n<p data-start=\"4685\" data-end=\"4777\">\u0110i\u1ec1u n\u00e0y cho ph\u00e9p ng\u01b0\u1eddi mua h\u1ee3p nh\u1ea5t ngu\u1ed3n cung v\u1edbi <strong data-start=\"4733\" data-end=\"4776\">m\u1ed9t nh\u00e0 m\u00e1y l\u00e0m s\u1ed1t c\u00e0 chua uy t\u00edn t\u1ea1i Trung Qu\u1ed1c<\/strong>.<\/p>\n<hr data-start=\"4779\" data-end=\"4782\" \/>\n<h2 data-start=\"4784\" data-end=\"4840\">T\u1ea1i sao ch\u1ecdn Taichy l\u00e0m nh\u00e0 cung c\u1ea5p t\u00fai c\u00e0 chua 18g c\u1ee7a b\u1ea1n?<\/h2>\n<ul data-start=\"4842\" data-end=\"5124\">\n<li data-start=\"4842\" data-end=\"4915\">\n<p data-start=\"4844\" data-end=\"4915\">H\u01a1n <strong data-start=\"4849\" data-end=\"4913\">10 n\u0103m kinh nghi\u1ec7m s\u1ea3n xu\u1ea5t v\u00e0 xu\u1ea5t kh\u1ea9u s\u1ed1t c\u00e0 chua<\/strong><\/p>\n<\/li>\n<li data-start=\"4916\" data-end=\"4988\">\n<p data-start=\"4918\" data-end=\"4988\">Ngu\u1ed3n nguy\u00ean li\u1ec7u \u1ed5n \u0111\u1ecbnh v\u00e0 n\u0103ng l\u1ef1c s\u1ea3n xu\u1ea5t theo m\u00f9a m\u1ea1nh m\u1ebd<\/p>\n<\/li>\n<li data-start=\"4989\" data-end=\"5031\">\n<p data-start=\"4991\" data-end=\"5031\">H\u1ed7 tr\u1ee3 OEM linh ho\u1ea1t v\u00e0 nh\u00e3n ri\u00eang<\/p>\n<\/li>\n<li data-start=\"5032\" data-end=\"5070\">\n<p data-start=\"5034\" data-end=\"5070\">Gi\u00e1 c\u1ea3 c\u1ea1nh tranh tr\u1ef1c ti\u1ebfp t\u1eeb nh\u00e0 m\u00e1y<\/p>\n<\/li>\n<li data-start=\"5071\" data-end=\"5124\">\n<p data-start=\"5073\" data-end=\"5124\">\u0110\u01b0\u1ee3c c\u00e1c nh\u00e0 nh\u1eadp kh\u1ea9u tin t\u01b0\u1edfng t\u1ea1i <strong data-start=\"5097\" data-end=\"5124\">H\u01a1n 30 qu\u1ed1c gia tr\u00ean to\u00e0n th\u1ebf gi\u1edbi<\/strong><\/p>\n<\/li>\n<\/ul>\n<p data-start=\"5126\" data-end=\"5277\">N\u1ebfu b\u1ea1n \u0111ang t\u00ecm ki\u1ebfm m\u1ed9t <strong data-start=\"5151\" data-end=\"5203\">nh\u00e0 s\u1ea3n xu\u1ea5t t\u00fai c\u00e0 chua 18g \u0111\u00e1ng tin c\u1eady t\u1ea1i Trung Qu\u1ed1c<\/strong>, Taichy cung c\u1ea5p s\u1ef1 nh\u1ea5t qu\u00e1n, kh\u1ea3 n\u0103ng m\u1edf r\u1ed9ng v\u00e0 h\u1ed7 tr\u1ee3 xu\u1ea5t kh\u1ea9u chuy\u00ean nghi\u1ec7p.<\/p>\n<hr data-start=\"5279\" data-end=\"5282\" \/>\n<h2 data-start=\"5284\" data-end=\"5318\"><a href=\"https:\/\/taichytomato.com\/vi\/contact\/\">Y\u00eau c\u1ea7u &amp; H\u1ee3p t\u00e1c b\u00e1n bu\u00f4n<\/a><\/h2>\n<p data-start=\"5320\" data-end=\"5431\">Cho <strong data-start=\"5324\" data-end=\"5357\">\u0110\u1eb7t h\u00e0ng s\u1ed1 l\u01b0\u1ee3ng l\u1edbn t\u00fai l\u1ecdc c\u00e0 chua 18g<\/strong>, OEM th\u01b0\u01a1ng hi\u1ec7u, gi\u00e1 c\u1ea3 ho\u1eb7c chi ti\u1ebft xu\u1ea5t kh\u1ea9u, vui l\u00f2ng li\u00ean h\u1ec7 \u0111\u1ed9i ng\u0169 b\u00e1n h\u00e0ng c\u1ee7a ch\u00fang t\u00f4i.<\/p>\n<p data-start=\"5433\" data-end=\"5557\">Ch\u00fang t\u00f4i cung c\u1ea5p m\u1eabu th\u1eed, th\u00f4ng s\u1ed1 k\u1ef9 thu\u1eadt v\u00e0 k\u1ebf ho\u1ea1ch \u0111\u00f3ng container \u0111\u1ec3 h\u1ed7 tr\u1ee3 sourcing hi\u1ec7u qu\u1ea3\u2014<strong data-start=\"5527\" data-end=\"5556\">tr\u1ef1c ti\u1ebfp t\u1eeb nh\u00e0 m\u00e1y<\/strong>.<\/p>","protected":false},"excerpt":{"rendered":"<p>Brix:18-20%,22-24%,26-28%,28-30%<br \/>\nH\u1ed9p thi\u1ebfc ch\u1ed1ng r\u1ec9 s\u00e9t\/ ch\u1ed1ng c\u0103ng th\u1eb3ng\/ ch\u1ed1ng \u1ea9m<br \/>\nTh\u01b0\u01a1ng hi\u1ec7u: Thi\u1ebft k\u1ebf ho\u1eb7c OEM<br \/>\nS\u1ed1 l\u01b0\u1ee3ng t\u1ed1i thi\u1ec3u: 1X20ft<br \/>\nChi ti\u1ebft giao h\u00e0ng: 30-35 ng\u00e0y sau khi nh\u1eadn \u0111\u1eb7t c\u1ecdc ho\u1eb7c LC. Giao h\u00e0ng nhanh nh\u1ea5t.<br \/>\nM\u00e3 HS:2002901100<\/p>","protected":false},"featured_media":3296,"template":"","meta":{"_acf_changed":false,"_seopress_robots_primary_cat":"97","_seopress_titles_title":"18g Tomato Paste Sachet-Taichy tomato","_seopress_titles_desc":"18g tomato paste Sachet  Ideal for family cooking and foodservice. OEM\/private label available. FDA, HACCP, ISO, QS certified. Wait for your inquiry.","_seopress_robots_index":"","site-sidebar-layout":"default","site-content-layout":"","ast-site-content-layout":"default","site-content-style":"default","site-sidebar-style":"default","ast-global-header-display":"","ast-banner-title-visibility":"","ast-main-header-display":"","ast-hfb-above-header-display":"","ast-hfb-below-header-display":"","ast-hfb-mobile-header-display":"","site-post-title":"","ast-breadcrumbs-content":"","ast-featured-img":"","footer-sml-layout":"","ast-disable-related-posts":"","theme-transparent-header-meta":"default","adv-header-id-meta":"","stick-header-meta":"","header-above-stick-meta":"","header-main-stick-meta":"","header-below-stick-meta":"","astra-migrate-meta-layouts":"set","ast-page-background-enabled":"default","ast-page-background-meta":{"desktop":{"background-color":"var(--ast-global-color-5)","background-image":"","background-repeat":"repeat","background-position":"center center","background-size":"auto","background-attachment":"scroll","background-type":"","background-media":"","overlay-type":"","overlay-color":"","overlay-opacity":"","overlay-gradient":""},"tablet":{"background-color":"","background-image":"","background-repeat":"repeat","background-position":"center center","background-size":"auto","background-attachment":"scroll","background-type":"","background-media":"","overlay-type":"","overlay-color":"","overlay-opacity":"","overlay-gradient":""},"mobile":{"background-color":"","background-image":"","background-repeat":"repeat","background-position":"center center","background-size":"auto","background-attachment":"scroll","background-type":"","background-media":"","overlay-type":"","overlay-color":"","overlay-opacity":"","overlay-gradient":""}},"ast-content-background-meta":{"desktop":{"background-color":"var(--ast-global-color-4)","background-image":"","background-repeat":"repeat","background-position":"center center","background-size":"auto","background-attachment":"scroll","background-type":"","background-media":"","overlay-type":"","overlay-color":"","overlay-opacity":"","overlay-gradient":""},"tablet":{"background-color":"var(--ast-global-color-4)","background-image":"","background-repeat":"repeat","background-position":"center center","background-size":"auto","background-attachment":"scroll","background-type":"","background-media":"","overlay-type":"","overlay-color":"","overlay-opacity":"","overlay-gradient":""},"mobile":{"background-color":"var(--ast-global-color-4)","background-image":"","background-repeat":"repeat","background-position":"center center","background-size":"auto","background-attachment":"scroll","background-type":"","background-media":"","overlay-type":"","overlay-color":"","overlay-opacity":"","overlay-gradient":""}}},"product_brand":[],"product_cat":[97],"product_tag":[202,168],"class_list":{"0":"post-1038","1":"product","2":"type-product","3":"status-publish","4":"has-post-thumbnail","6":"product_cat-tomato-paste-in-sachet","7":"product_tag-18g-tomato-paste-sachet","8":"product_tag-tomato-sachet","9":"desktop-align-left","10":"tablet-align-left","11":"mobile-align-left","13":"first","14":"instock","15":"sale","16":"shipping-taxable","17":"purchasable","18":"product-type-simple"},"acf":[],"_links":{"self":[{"href":"https:\/\/taichytomato.com\/vi\/wp-json\/wp\/v2\/product\/1038","targetHints":{"allow":["GET"]}}],"collection":[{"href":"https:\/\/taichytomato.com\/vi\/wp-json\/wp\/v2\/product"}],"about":[{"href":"https:\/\/taichytomato.com\/vi\/wp-json\/wp\/v2\/types\/product"}],"version-history":[{"count":0,"href":"https:\/\/taichytomato.com\/vi\/wp-json\/wp\/v2\/product\/1038\/revisions"}],"wp:featuredmedia":[{"embeddable":true,"href":"https:\/\/taichytomato.com\/vi\/wp-json\/wp\/v2\/media\/3296"}],"wp:attachment":[{"href":"https:\/\/taichytomato.com\/vi\/wp-json\/wp\/v2\/media?parent=1038"}],"wp:term":[{"taxonomy":"product_brand","embeddable":true,"href":"https:\/\/taichytomato.com\/vi\/wp-json\/wp\/v2\/product_brand?post=1038"},{"taxonomy":"product_cat","embeddable":true,"href":"https:\/\/taichytomato.com\/vi\/wp-json\/wp\/v2\/product_cat?post=1038"},{"taxonomy":"product_tag","embeddable":true,"href":"https:\/\/taichytomato.com\/vi\/wp-json\/wp\/v2\/product_tag?post=1038"}],"curies":[{"name":"wp","href":"https:\/\/api.w.org\/{rel}","templated":true}]}}