{"id":1032,"date":"2025-05-25T22:35:02","date_gmt":"2025-05-26T06:35:02","guid":{"rendered":"https:\/\/taichytomato.com\/?post_type=product&#038;p=1032"},"modified":"2026-01-12T22:41:31","modified_gmt":"2026-01-13T06:41:31","slug":"36g-tomato-paste-sachet-taichy-food","status":"publish","type":"product","link":"https:\/\/taichytomato.com\/vi\/san-pham\/36g-tomato-paste-sachet-taichy-food\/","title":{"rendered":"T\u00fai s\u1ed1t c\u00e0 chua 36g"},"content":{"rendered":"<h2 data-start=\"174\" data-end=\"245\">Nh\u00e0 m\u00e1y t\u00fai s\u1ed1t c\u00e0 chua 36g t\u1ea1i Trung Qu\u1ed1c | Nh\u00e0 cung c\u1ea5p OEM &amp; Xu\u1ea5t kh\u1ea9u s\u1ed1 l\u01b0\u1ee3ng l\u1edbn<\/h2>\n<p data-start=\"247\" data-end=\"607\">C\u00e1i <strong data-start=\"251\" data-end=\"278\">T\u00fai t\u01b0\u01a1ng c\u00e0 36g<\/strong> l\u00e0 m\u1ed9t \u0111\u1ecbnh d\u1ea1ng \u0111\u00f3ng g\u00f3i nh\u1ecf g\u1ecdn, ti\u1ebft ki\u1ec7m chi ph\u00ed ph\u1ed5 bi\u1ebfn \u0111\u01b0\u1ee3c s\u1eed d\u1ee5ng r\u1ed9ng r\u00e3i trong c\u00e1c th\u1ecb tr\u01b0\u1eddng ti\u00eau th\u1ee5 cao, n\u01a1i nh\u1ea1y c\u1ea3m v\u1ec1 gi\u00e1 c\u1ea3 v\u00e0 ki\u1ec3m so\u00e1t kh\u1ea9u ph\u1ea7n l\u00e0 r\u1ea5t quan tr\u1ecdng. L\u00e0 m\u1ed9t chuy\u00ean nghi\u1ec7p <strong data-start=\"441\" data-end=\"471\">nh\u00e0 m\u00e1y s\u1ed1t c\u00e0 chua Trung Qu\u1ed1c<\/strong>, Taichy cung c\u1ea5p <strong data-start=\"489\" data-end=\"517\">t\u00fai s\u1ed1t c\u00e0 chua 36g<\/strong> tr\u1ef1c ti\u1ebfp t\u1eeb nh\u00e0 m\u00e1y, h\u1ed7 tr\u1ee3 \u0111\u01a1n h\u00e0ng s\u1ed1 l\u01b0\u1ee3ng l\u1edbn, th\u01b0\u01a1ng hi\u1ec7u OEM v\u00e0 cung c\u1ea5p xu\u1ea5t kh\u1ea9u \u1ed5n \u0111\u1ecbnh.<\/p>\n<p data-start=\"609\" data-end=\"789\">K\u00edch th\u01b0\u1edbc n\u00e0y \u0111\u1eb7c bi\u1ec7t \u0111\u01b0\u1ee3c \u01b0a chu\u1ed9ng b\u1edfi c\u00e1c nh\u00e0 nh\u1eadp kh\u1ea9u ph\u1ee5c v\u1ee5 c\u00e1c k\u00eanh b\u00e1n l\u1ebb truy\u1ec1n th\u1ed1ng, th\u1ecb tr\u01b0\u1eddng m\u1edf v\u00e0 nh\u00e0 ph\u00e2n ph\u1ed1i d\u1ecbch v\u1ee5 th\u1ef1c ph\u1ea9m y\u00eau c\u1ea7u <strong data-start=\"747\" data-end=\"788\">m\u1eadt \u0111\u1ed9 carton cao v\u00e0 v\u00f2ng quay nhanh<\/strong>.<\/p>\n<hr data-start=\"791\" data-end=\"794\" \/>\n<h2 data-start=\"796\" data-end=\"833\">T\u00fai s\u1ed1t c\u00e0 chua 36g l\u00e0 g\u00ec?<\/h2>\n<p data-start=\"835\" data-end=\"1047\">A <strong data-start=\"837\" data-end=\"864\">T\u00fai t\u01b0\u01a1ng c\u00e0 36g<\/strong> \u0111\u01b0\u1ee3c thi\u1ebft k\u1ebf cho n\u1ea5u \u0103n d\u00f9ng m\u1ed9t l\u1ea7n ho\u1eb7c gia \u0111\u00ecnh nh\u1ecf, cung c\u1ea5p h\u01b0\u01a1ng v\u1ecb c\u00e0 chua c\u00f4 \u0111\u1eb7c trong m\u1ed9t \u0111\u1ecbnh d\u1ea1ng nh\u1eb9 v\u00e0 ph\u1ea3i ch\u0103ng. So v\u1edbi c\u00e1c t\u00fai l\u1edbn h\u01a1n, k\u00edch th\u01b0\u1edbc 36g t\u1eadp trung v\u00e0o:<\/p>\n<ul data-start=\"1049\" data-end=\"1173\">\n<li data-start=\"1049\" data-end=\"1069\">\n<p data-start=\"1051\" data-end=\"1069\">Gi\u00e1 th\u00e0nh \u0111\u01a1n v\u1ecb th\u1ea5p h\u01a1n<\/p>\n<\/li>\n<li data-start=\"1070\" data-end=\"1098\">\n<p data-start=\"1072\" data-end=\"1098\">D\u1ec5 d\u00e0ng ti\u00eau th\u1ee5 h\u00e0ng ng\u00e0y<\/p>\n<\/li>\n<li data-start=\"1099\" data-end=\"1130\">\n<p data-start=\"1101\" data-end=\"1130\">T\u1ea7n su\u1ea5t mua l\u1ea1i cao h\u01a1n<\/p>\n<\/li>\n<li data-start=\"1131\" data-end=\"1173\">\n<p data-start=\"1133\" data-end=\"1173\">Hi\u1ec7u qu\u1ea3 x\u1ebfp container t\u1ed1i \u01b0u<\/p>\n<\/li>\n<\/ul>\n<p data-start=\"1175\" data-end=\"1288\">\u0110\u1ed1i v\u1edbi nh\u00e0 ph\u00e2n ph\u1ed1i, <strong data-start=\"1193\" data-end=\"1230\">b\u00e1n bu\u00f4n t\u00fai s\u1ed1t c\u00e0 chua 36g<\/strong> th\u01b0\u1eddng \u0111\u01b0\u1ee3c \u0111\u1ecbnh v\u1ecb nh\u01b0 m\u1ed9t SKU d\u00e0nh cho th\u1ecb tr\u01b0\u1eddng \u0111\u1ea1i ch\u00fang ho\u1eb7c c\u1ea5p nh\u1eadp kh\u1ea9u.<\/p>\n<hr data-start=\"1290\" data-end=\"1293\" \/>\n<h2 data-start=\"1295\" data-end=\"1346\">T\u00fai s\u1ed1t c\u00e0 chua 36g \u2013 Th\u00f4ng s\u1ed1 k\u1ef9 thu\u1eadt s\u1ea3n ph\u1ea9m<\/h2>\n<ul data-start=\"1348\" data-end=\"1771\">\n<li data-start=\"1348\" data-end=\"1393\">\n<p data-start=\"1350\" data-end=\"1393\"><strong data-start=\"1350\" data-end=\"1367\">T\u00ean s\u1ea3n ph\u1ea9m:<\/strong> T\u00fai s\u1ed1t c\u00e0 chua 36g<\/p>\n<\/li>\n<li data-start=\"1394\" data-end=\"1424\">\n<p data-start=\"1396\" data-end=\"1424\"><strong data-start=\"1396\" data-end=\"1407\">Ngu\u1ed3n g\u1ed1c:<\/strong> mi\u1ec1n B\u1eafc Vi\u1ec7t Nam<\/p>\n<\/li>\n<li data-start=\"1425\" data-end=\"1461\">\n<p data-start=\"1427\" data-end=\"1461\"><strong data-start=\"1427\" data-end=\"1444\">Nguy\u00ean li\u1ec7u:<\/strong> C\u00e0 chua t\u01b0\u01a1i<\/p>\n<\/li>\n<li data-start=\"1462\" data-end=\"1519\">\n<p data-start=\"1464\" data-end=\"1519\"><strong data-start=\"1464\" data-end=\"1483\">Lo\u1ea1i \u0111\u00f3ng g\u00f3i:<\/strong> T\u00fai (ph\u1eb3ng \/ t\u00f9y ch\u1ecdn \u0111\u1ee9ng l\u00ean)<\/p>\n<\/li>\n<li data-start=\"1520\" data-end=\"1553\">\n<p data-start=\"1522\" data-end=\"1553\"><strong data-start=\"1522\" data-end=\"1542\">Ph\u01b0\u01a1ng ph\u00e1p ch\u1ebf bi\u1ebfn:<\/strong> C\u00f3 Gia V\u1ecb<\/p>\n<\/li>\n<li data-start=\"1554\" data-end=\"1577\">\n<p data-start=\"1556\" data-end=\"1577\"><strong data-start=\"1556\" data-end=\"1571\">Tr\u1ecdng l\u01b0\u1ee3ng t\u1ecbnh:<\/strong> 36g<\/p>\n<\/li>\n<li data-start=\"1578\" data-end=\"1605\">\n<p data-start=\"1580\" data-end=\"1605\"><strong data-start=\"1580\" data-end=\"1590\">H\u01b0\u01a1ng v\u1ecb:<\/strong> Ng\u1ecdt &amp; chua<\/p>\n<\/li>\n<li data-start=\"1606\" data-end=\"1642\">\n<p data-start=\"1608\" data-end=\"1642\"><strong data-start=\"1608\" data-end=\"1618\">M\u00e0u s\u1eafc:<\/strong> \u0110\u1ecf t\u01b0\u01a1i \/ \u0111\u1ecf \u0111\u1eadm<\/p>\n<\/li>\n<li data-start=\"1643\" data-end=\"1662\">\n<p data-start=\"1645\" data-end=\"1662\"><strong data-start=\"1645\" data-end=\"1652\">pH:<\/strong> 4.0\u20134.4<\/p>\n<\/li>\n<li data-start=\"1663\" data-end=\"1684\">\n<p data-start=\"1665\" data-end=\"1684\"><strong data-start=\"1665\" data-end=\"1679\">T\u1ef7 l\u1ec7 A\/B:<\/strong> \u22652<\/p>\n<\/li>\n<li data-start=\"1685\" data-end=\"1702\">\n<p data-start=\"1687\" data-end=\"1702\"><strong data-start=\"1687\" data-end=\"1695\">HMC:<\/strong> \u226450%<\/p>\n<\/li>\n<li data-start=\"1703\" data-end=\"1732\">\n<p data-start=\"1705\" data-end=\"1732\"><strong data-start=\"1705\" data-end=\"1720\">Th\u1eddi h\u1ea1n s\u1eed d\u1ee5ng:<\/strong> 2\u20133 n\u0103m<\/p>\n<\/li>\n<li data-start=\"1733\" data-end=\"1771\">\n<p data-start=\"1735\" data-end=\"1771\"><strong data-start=\"1735\" data-end=\"1747\">L\u01b0u tr\u1eef:<\/strong> Kho kh\u00f4, trong nh\u00e0<\/p>\n<\/li>\n<\/ul>\n<p data-start=\"1773\" data-end=\"1799\"><strong data-start=\"1773\" data-end=\"1799\">C\u00f3 s\u1eb5n c\u00e1c t\u00f9y ch\u1ecdn Brix<\/strong><\/p>\n<ul data-start=\"1800\" data-end=\"1853\">\n<li data-start=\"1800\" data-end=\"1809\">\n<p data-start=\"1802\" data-end=\"1809\">9\u201311%<\/p>\n<\/li>\n<li data-start=\"1810\" data-end=\"1820\">\n<p data-start=\"1812\" data-end=\"1820\">18\u201320%<\/p>\n<\/li>\n<li data-start=\"1821\" data-end=\"1831\">\n<p data-start=\"1823\" data-end=\"1831\">22\u201324%<\/p>\n<\/li>\n<li data-start=\"1832\" data-end=\"1842\">\n<p data-start=\"1834\" data-end=\"1842\">26\u201328%<\/p>\n<\/li>\n<li data-start=\"1843\" data-end=\"1853\">\n<p data-start=\"1845\" data-end=\"1853\">28\u201330%<\/p>\n<\/li>\n<\/ul>\n<p data-start=\"1855\" data-end=\"1940\"><strong data-start=\"1855\" data-end=\"1874\">Ch\u1ee9ng nh\u1eadn:<\/strong> FDA, HACCP, ISO, QS<br data-start=\"1894\" data-end=\"1897\" \/><strong data-start=\"1897\" data-end=\"1910\">Th\u01b0\u01a1ng hi\u1ec7u:<\/strong> H\u1ed7 tr\u1ee3 OEM &amp; nh\u00e3n ri\u00eang<\/p>\n<hr data-start=\"1942\" data-end=\"1945\" \/>\n<h2 data-start=\"1947\" data-end=\"2010\">\u01afu \u0111i\u1ec3m s\u1ea3n xu\u1ea5t t\u1ea1i nh\u00e0 m\u00e1y cho T\u00fai s\u1ed1t c\u00e0 chua 36g<\/h2>\n<p data-start=\"2012\" data-end=\"2104\">L\u00e0 m\u1ed9t <strong data-start=\"2017\" data-end=\"2064\">Nh\u00e0 s\u1ea3n xu\u1ea5t t\u00fai s\u1ed1t c\u00e0 chua 36g tr\u1ef1c ti\u1ebfp<\/strong>, ch\u00fang t\u00f4i ho\u1ea1t \u0111\u1ed9ng d\u01b0\u1edbi s\u1ef1 ki\u1ec3m so\u00e1t to\u00e0n di\u1ec7n c\u1ee7a nh\u00e0 m\u00e1y:<\/p>\n<h3 data-start=\"2106\" data-end=\"2132\">L\u1ef1a ch\u1ecdn c\u00e0 chua t\u01b0\u01a1i<\/h3>\n<p data-start=\"2133\" data-end=\"2184\">C\u00e0 chua \u0111\u01b0\u1ee3c l\u1ea5y t\u1eeb mi\u1ec1n B\u1eafc, \u0111\u1ea3m b\u1ea3o:<\/p>\n<ul data-start=\"2185\" data-end=\"2268\">\n<li data-start=\"2185\" data-end=\"2210\">\n<p data-start=\"2187\" data-end=\"2210\">H\u00e0m l\u01b0\u1ee3ng r\u1eafn h\u00f2a tan \u1ed5n \u0111\u1ecbnh<\/p>\n<\/li>\n<li data-start=\"2211\" data-end=\"2239\">\n<p data-start=\"2213\" data-end=\"2239\">M\u00e0u \u0111\u1ecf t\u1ef1 nhi\u00ean \u0111\u1eadm \u0111\u1eb7c<\/p>\n<\/li>\n<li data-start=\"2240\" data-end=\"2268\">\n<p data-start=\"2242\" data-end=\"2268\">H\u01b0\u01a1ng v\u1ecb nh\u1ea5t qu\u00e1n<\/p>\n<\/li>\n<\/ul>\n<h3 data-start=\"2270\" data-end=\"2307\">Ki\u1ec3m so\u00e1t n\u1ed3ng \u0111\u1ed9 &amp; Ch\u1ea5t l\u01b0\u1ee3ng<\/h3>\n<p data-start=\"2308\" data-end=\"2373\">Th\u00f4ng qua qu\u00e1 tr\u00ecnh bay h\u01a1i ki\u1ec3m so\u00e1t v\u00e0 x\u1eed l\u00fd v\u00f4 tr\u00f9ng, ch\u00fang t\u00f4i \u0111\u1ea3m b\u1ea3o:<\/p>\n<ul data-start=\"2374\" data-end=\"2490\">\n<li data-start=\"2374\" data-end=\"2401\">\n<p data-start=\"2376\" data-end=\"2401\">M\u1ee5c ti\u00eau Brix ch\u00ednh x\u00e1c<\/p>\n<\/li>\n<li data-start=\"2402\" data-end=\"2450\">\n<p data-start=\"2404\" data-end=\"2450\">C\u00e2n b\u1eb1ng axit th\u1ea5p ph\u00f9 h\u1ee3p cho th\u1ecb tr\u01b0\u1eddng xu\u1ea5t kh\u1ea9u<\/p>\n<\/li>\n<li data-start=\"2451\" data-end=\"2490\">\n<p data-start=\"2453\" data-end=\"2490\">C\u00e1c c\u00f4ng th\u1ee9c kh\u00f4ng ch\u1ee9a ph\u1ee5 gia t\u00f9y ch\u1ecdn<\/p>\n<\/li>\n<\/ul>\n<h3 data-start=\"2492\" data-end=\"2525\">\u0110\u00f3ng g\u00f3i t\u00fai c\u00f3 m\u1eadt \u0111\u1ed9 cao<\/h3>\n<p data-start=\"2526\" data-end=\"2651\">C\u00e1c d\u00e2y chuy\u1ec1n c\u1ee7a ch\u00fang t\u00f4i \u0111\u01b0\u1ee3c t\u1ed1i \u01b0u h\u00f3a cho <strong data-start=\"2554\" data-end=\"2597\">S\u1ea3n xu\u1ea5t s\u1ed1t c\u00e0 chua d\u1ea1ng t\u00fai 36g s\u1ed1 l\u01b0\u1ee3ng l\u1edbn<\/strong>, gi\u00fap t\u1ed1i \u01b0u h\u00f3a s\u1eed d\u1ee5ng h\u1ed9p carton v\u00e0 container.<\/p>\n<hr data-start=\"2653\" data-end=\"2656\" \/>\n<h2 data-start=\"2658\" data-end=\"2719\">Gi\u1ea3i ph\u00e1p OEM &amp; Nh\u00e3n ri\u00eang cho T\u00fai s\u1ed1t c\u00e0 chua 36g<\/h2>\n<p data-start=\"2721\" data-end=\"2864\">Ch\u00fang t\u00f4i cung c\u1ea5p <strong data-start=\"2732\" data-end=\"2772\">D\u1ecbch v\u1ee5 OEM t\u00fai s\u1ed1t c\u00e0 chua 36g<\/strong> d\u00e0nh cho nh\u00e0 nh\u1eadp kh\u1ea9u v\u00e0 ch\u1ee7 th\u01b0\u01a1ng hi\u1ec7u mu\u1ed1n t\u00f9y ch\u1ec9nh c\u1ea5p nh\u00e0 m\u00e1y m\u00e0 kh\u00f4ng c\u1ea7n MOQ qu\u00e1 cao.<\/p>\n<p data-start=\"2866\" data-end=\"2891\">Kh\u1ea3 n\u0103ng OEM bao g\u1ed3m:<\/p>\n<ul data-start=\"2892\" data-end=\"3098\">\n<li data-start=\"2892\" data-end=\"2925\">\n<p data-start=\"2894\" data-end=\"2925\">Logo th\u01b0\u01a1ng hi\u1ec7u v\u00e0 thi\u1ebft k\u1ebf t\u00f9y ch\u1ec9nh<\/p>\n<\/li>\n<li data-start=\"2926\" data-end=\"2992\">\n<p data-start=\"2928\" data-end=\"2992\">Nh\u00e3n \u0111a ng\u00f4n ng\u1eef (Ti\u1ebfng Anh, Ph\u00e1p, \u1ea2 R\u1eadp, Nga, v.v.)<\/p>\n<\/li>\n<li data-start=\"2993\" data-end=\"3036\">\n<p data-start=\"2995\" data-end=\"3036\">T\u00fai ni l\u00f4ng ho\u1eb7c m\u00e0ng laminate b\u1ea1c h\u00e0o<\/p>\n<\/li>\n<li data-start=\"3037\" data-end=\"3098\">\n<p data-start=\"3039\" data-end=\"3098\">K\u00edch th\u01b0\u1edbc v\u00e0 c\u1ea5u tr\u00fac h\u1ed9p ph\u00f9 h\u1ee3p v\u1edbi th\u00f3i quen b\u00e1n l\u1ebb \u0111\u1ecba ph\u01b0\u01a1ng<\/p>\n<\/li>\n<\/ul>\n<p data-start=\"3100\" data-end=\"3244\">\u0110i\u1ec1u n\u00e0y l\u00e0m cho ch\u00fang t\u00f4i <strong data-start=\"3115\" data-end=\"3159\">Cung c\u1ea5p OEM t\u00fai s\u1ed1t c\u00e0 chua 36g Trung Qu\u1ed1c<\/strong> ph\u00f9 h\u1ee3p cho ch\u00e2u Phi, Trung \u0110\u00f4ng, \u0110\u00f4ng Nam \u00c1 v\u00e0 th\u1ecb tr\u01b0\u1eddng b\u00e1n l\u1ebb \u0111ang ph\u00e1t tri\u1ec3n.<\/p>\n<hr data-start=\"3246\" data-end=\"3249\" \/>\n<h2 data-start=\"3251\" data-end=\"3297\">C\u1ea5u h\u00ecnh \u0111\u00f3ng g\u00f3i &amp; x\u1ebfp container<\/h2>\n<p data-start=\"3299\" data-end=\"3326\"><strong data-start=\"3299\" data-end=\"3326\">\u0110\u00f3ng g\u00f3i xu\u1ea5t kh\u1ea9u ti\u00eau chu\u1ea9n<\/strong><\/p>\n<ul data-start=\"3327\" data-end=\"3361\">\n<li data-start=\"3327\" data-end=\"3361\">\n<p data-start=\"3329\" data-end=\"3361\"><strong data-start=\"3329\" data-end=\"3359\">36g \u00d7 250 t\u00fai \/ h\u1ed9p<\/strong><\/p>\n<\/li>\n<\/ul>\n<p data-start=\"3363\" data-end=\"3389\">C\u1ea5u h\u00ecnh n\u00e0y cho ph\u00e9p:<\/p>\n<ul data-start=\"3390\" data-end=\"3505\">\n<li data-start=\"3390\" data-end=\"3425\">\n<p data-start=\"3392\" data-end=\"3425\">S\u1ed1 l\u01b0\u1ee3ng h\u1ed9p l\u1edbn trong m\u1ed7i container<\/p>\n<\/li>\n<li data-start=\"3426\" data-end=\"3457\">\n<p data-start=\"3428\" data-end=\"3457\">Chi ph\u00ed v\u1eadn chuy\u1ec3n th\u1ea5p h\u01a1n tr\u00ean m\u1ed7i \u0111\u01a1n v\u1ecb<\/p>\n<\/li>\n<li data-start=\"3458\" data-end=\"3505\">\n<p data-start=\"3460\" data-end=\"3505\">C\u1ea1nh tranh m\u1ea1nh v\u1ec1 gi\u00e1 b\u00e1n bu\u00f4n<\/p>\n<\/li>\n<\/ul>\n<p data-start=\"3507\" data-end=\"3629\"><strong data-start=\"3507\" data-end=\"3515\">MOQ:<\/strong> 1 \u00d7 20\u2019 FCL<br data-start=\"3527\" data-end=\"3530\" \/><strong data-start=\"3530\" data-end=\"3546\">\u0110i\u1ec1u kho\u1ea3n Th\u01b0\u01a1ng m\u1ea1i:<\/strong> FOB \/ CFR \/ CIF c\u1ea3ng Trung Qu\u1ed1c<br data-start=\"3573\" data-end=\"3576\" \/>\u0110\u01a1n h\u00e0ng s\u1ed1 l\u01b0\u1ee3ng l\u1edbn \u0111\u01b0\u1ee3c h\u01b0\u1edfng l\u1ee3i t\u1eeb ki\u1ec3m so\u00e1t chi ph\u00ed tr\u1ef1c ti\u1ebfp t\u1eeb nh\u00e0 m\u00e1y.<\/p>\n<hr data-start=\"3631\" data-end=\"3634\" \/>\n<h2 data-start=\"3636\" data-end=\"3681\">Th\u1ecb tr\u01b0\u1eddng xu\u1ea5t kh\u1ea9u cho t\u00fai s\u1ed1t c\u00e0 chua 36g<\/h2>\n<p data-start=\"3683\" data-end=\"3744\">S\u1ea3n ph\u1ea9m c\u1ee7a ch\u00fang t\u00f4i <strong data-start=\"3687\" data-end=\"3729\">Cung c\u1ea5p tr\u1ef1c ti\u1ebfp t\u1eeb nh\u00e0 m\u00e1y t\u00fai s\u1ed1t c\u00e0 chua 36g<\/strong> \u0111\u01b0\u1ee3c v\u1eadn chuy\u1ec3n \u0111\u1ebfn:<\/p>\n<ul data-start=\"3746\" data-end=\"3901\">\n<li data-start=\"3746\" data-end=\"3771\">\n<p data-start=\"3748\" data-end=\"3771\">Ch\u00e2u Phi T\u00e2y &amp; Trung<\/p>\n<\/li>\n<li data-start=\"3772\" data-end=\"3821\">\n<p data-start=\"3774\" data-end=\"3821\">Nh\u00e0 ph\u00e2n ph\u1ed1i b\u00e1n bu\u00f4n v\u00e0 b\u00e1n l\u1ebb trung \u0110\u00f4ng<\/p>\n<\/li>\n<li data-start=\"3822\" data-end=\"3861\">\n<p data-start=\"3824\" data-end=\"3861\">Th\u1ecb tr\u01b0\u1eddng truy\u1ec1n th\u1ed1ng \u0110\u00f4ng Nam \u00c1<\/p>\n<\/li>\n<li data-start=\"3862\" data-end=\"3901\">\n<p data-start=\"3864\" data-end=\"3901\">C\u00e1c khu v\u1ef1c CIS v\u00e0 \u0111ang ph\u00e1t tri\u1ec3n \u0111\u01b0\u1ee3c ch\u1ecdn<\/p>\n<\/li>\n<\/ul>\n<p data-start=\"3903\" data-end=\"3940\">Ch\u00fang t\u00f4i h\u1ed7 tr\u1ee3 \u0111i\u1ec1u ch\u1ec9nh \u0111\u1ecba ph\u01b0\u01a1ng cho:<\/p>\n<ul data-start=\"3941\" data-end=\"4010\">\n<li data-start=\"3941\" data-end=\"3955\">\n<p data-start=\"3943\" data-end=\"3955\">m\u1ee9c Brix<\/p>\n<\/li>\n<li data-start=\"3956\" data-end=\"3974\">\n<p data-start=\"3958\" data-end=\"3974\">Ng\u00f4n ng\u1eef nh\u00e3n m\u00e1c<\/p>\n<\/li>\n<li data-start=\"3975\" data-end=\"4010\">\n<p data-start=\"3977\" data-end=\"4010\">D\u1ea5u hi\u1ec7u v\u00e0 quy \u0111\u1ecbnh tr\u00ean bao b\u00ec carton<\/p>\n<\/li>\n<\/ul>\n<hr data-start=\"4012\" data-end=\"4015\" \/>\n<h2 data-start=\"4017\" data-end=\"4071\">D\u00f2ng s\u1ea3n ph\u1ea9m T\u00fai nh\u1ecf M\u1eadt ong C\u00e0 chua ho\u00e0n ch\u1ec9nh t\u1eeb m\u1ed9t nh\u00e0 m\u00e1y<\/h2>\n<p data-start=\"4073\" data-end=\"4138\">Ngo\u00e0i ra <strong data-start=\"4088\" data-end=\"4115\">T\u00fai t\u01b0\u01a1ng c\u00e0 36g<\/strong>, nh\u00e0 m\u00e1y c\u1ee7a ch\u00fang t\u00f4i cung c\u1ea5p:<\/p>\n<ul data-start=\"4140\" data-end=\"4299\">\n<li data-start=\"4140\" data-end=\"4186\">\n<p data-start=\"4142\" data-end=\"4186\">T\u00fai nh\u1ecf 18g, 40g, 50g, 56g, 70g, 80g, 100g<\/p>\n<\/li>\n<li data-start=\"4187\" data-end=\"4233\">\n<p data-start=\"4189\" data-end=\"4233\">Nhi\u1ec1u m\u1ee9c Brix t\u1eeb 18\u201320% \u0111\u1ebfn 28\u201330%<\/p>\n<\/li>\n<li data-start=\"4234\" data-end=\"4299\">\n<p data-start=\"4236\" data-end=\"4299\">\u0110\u1ecbnh d\u1ea1ng t\u00fai ph\u1eb3ng (kh\u00f4ng \u0111\u1ee9ng) d\u00e0nh cho th\u1ecb tr\u01b0\u1eddng nh\u1ea1y c\u1ea3m v\u1ec1 chi ph\u00ed<\/p>\n<\/li>\n<\/ul>\n<p data-start=\"4301\" data-end=\"4394\">\u0110i\u1ec1u n\u00e0y gi\u00fap nh\u00e0 nh\u1eadp kh\u1ea9u h\u1ee3p nh\u1ea5t nhi\u1ec1u SKU v\u1edbi <strong data-start=\"4358\" data-end=\"4393\">m\u1ed9t nh\u00e0 cung c\u1ea5p t\u01b0\u01a1ng t\u1ef1 v\u1ec1 s\u1ed1 l\u01b0\u1ee3ng v\u00e0 ch\u1ea5t l\u01b0\u1ee3ng c\u00e0 chua paste<\/strong>.<\/p>\n<hr data-start=\"4396\" data-end=\"4399\" \/>\n<h2 data-start=\"4401\" data-end=\"4460\">T\u1ea1i sao nh\u00e0 nh\u1eadp kh\u1ea9u ch\u1ecdn Taichy cho T\u00fai nh\u1ecf M\u1eadt ong C\u00e0 chua 36g<\/h2>\n<ul data-start=\"4462\" data-end=\"4786\">\n<li data-start=\"4462\" data-end=\"4540\">\n<p data-start=\"4464\" data-end=\"4540\">H\u01a1n <strong data-start=\"4474\" data-end=\"4538\">10 n\u0103m kinh nghi\u1ec7m s\u1ea3n xu\u1ea5t v\u00e0 xu\u1ea5t kh\u1ea9u s\u1ed1t c\u00e0 chua<\/strong><\/p>\n<\/li>\n<li data-start=\"4541\" data-end=\"4606\">\n<p data-start=\"4543\" data-end=\"4606\">Ngu\u1ed3n nguy\u00ean li\u1ec7u \u1ed5n \u0111\u1ecbnh v\u00e0 k\u1ebf ho\u1ea1ch s\u1ea3n xu\u1ea5t theo m\u00f9a<\/p>\n<\/li>\n<li data-start=\"4607\" data-end=\"4664\">\n<p data-start=\"4609\" data-end=\"4664\">Gi\u1ea3i ph\u00e1p OEM th\u1ef1c t\u1ebf ph\u00f9 h\u1ee3p v\u1edbi nhu c\u1ea7u c\u1ee7a nh\u00e0 ph\u00e2n ph\u1ed1i<\/p>\n<\/li>\n<li data-start=\"4665\" data-end=\"4729\">\n<p data-start=\"4667\" data-end=\"4729\">Gi\u00e1 th\u00e0nh nh\u00e0 m\u00e1y c\u1ea1nh tranh v\u1edbi l\u1ecbch tr\u00ecnh giao h\u00e0ng \u0111\u00e1ng tin c\u1eady<\/p>\n<\/li>\n<li data-start=\"4730\" data-end=\"4786\">\n<p data-start=\"4732\" data-end=\"4786\">H\u1ee3p t\u00e1c l\u00e2u d\u00e0i v\u1edbi c\u00e1c nh\u00e0 mua \u1edf <strong data-start=\"4769\" data-end=\"4786\">h\u01a1n 30 qu\u1ed1c gia<\/strong><\/p>\n<\/li>\n<\/ul>\n<p data-start=\"4788\" data-end=\"4937\">N\u1ebfu b\u1ea1n \u0111ang t\u00ecm ki\u1ebfm m\u1ed9t <strong data-start=\"4815\" data-end=\"4869\">nh\u00e0 cung c\u1ea5p t\u00fai nh\u1ecf M\u1eadt ong C\u00e0 chua 36g \u0111\u00e1ng tin c\u1eady t\u1ea1i Trung Qu\u1ed1c<\/strong>, Taichy cung c\u1ea5p s\u1ef1 nh\u1ea5t qu\u00e1n, linh ho\u1ea1t v\u00e0 h\u1ed7 tr\u1ee3 c\u1ea5p nh\u00e0 m\u00e1y.<\/p>\n<hr data-start=\"4939\" data-end=\"4942\" \/>\n<h2 data-start=\"4944\" data-end=\"4978\">Y\u00eau c\u1ea7u &amp; H\u1ee3p t\u00e1c b\u00e1n bu\u00f4n<\/h2>\n<p data-start=\"4980\" data-end=\"5091\">Cho <strong data-start=\"4984\" data-end=\"5023\">\u0110\u1eb7t h\u00e0ng s\u1ed1 l\u01b0\u1ee3ng l\u1edbn t\u00fai nh\u1ecf M\u1eadt ong C\u00e0 chua 36g<\/strong>, th\u01b0\u01a1ng hi\u1ec7u OEM ho\u1eb7c b\u00e1o gi\u00e1 xu\u1ea5t kh\u1ea9u, vui l\u00f2ng li\u00ean h\u1ec7 \u0111\u1ed9i ng\u0169 b\u00e1n h\u00e0ng c\u1ee7a ch\u00fang t\u00f4i.<\/p>\n<p data-start=\"5093\" data-end=\"5258\">Ch\u00fang t\u00f4i cung c\u1ea5p th\u00f4ng s\u1ed1 k\u1ef9 thu\u1eadt, k\u1ebf ho\u1ea1ch \u0111\u00f3ng container v\u00e0 h\u1ed7 tr\u1ee3 m\u1eabu \u0111\u1ec3 gi\u00fap b\u1ea1n kh\u1edfi \u0111\u1ed9ng ho\u1eb7c m\u1edf r\u1ed9ng kinh doanh m\u1eadt ong c\u00e0 chua m\u1ed9t c\u00e1ch hi\u1ec7u qu\u1ea3\u2014tr\u1ef1c ti\u1ebfp t\u1eeb nh\u00e0 m\u00e1y.<\/p>","protected":false},"excerpt":{"rendered":"<p>Brix:18-20%,22-24%,26-28%,28-30%<br \/>\nH\u1ed9p thi\u1ebfc ch\u1ed1ng r\u1ec9 s\u00e9t\/ ch\u1ed1ng c\u0103ng th\u1eb3ng\/ ch\u1ed1ng \u1ea9m<br \/>\nTh\u01b0\u01a1ng hi\u1ec7u: Thi\u1ebft k\u1ebf ho\u1eb7c OEM<br \/>\nS\u1ed1 l\u01b0\u1ee3ng t\u1ed1i thi\u1ec3u: 1X20ft<br \/>\nChi ti\u1ebft giao h\u00e0ng: 30-35 ng\u00e0y sau khi nh\u1eadn \u0111\u1eb7t c\u1ecdc ho\u1eb7c LC. Giao h\u00e0ng nhanh nh\u1ea5t.<br \/>\nM\u00e3 HS:2002901100<\/p>","protected":false},"featured_media":3298,"template":"","meta":{"_acf_changed":false,"_seopress_robots_primary_cat":"none","_seopress_titles_title":"36g Tomato Paste Sachet-Taichy food","_seopress_titles_desc":"36g tomato paste sachet with 9\u201330% Brix options. Ideal for families and food service. OEM, FDA, HACCP, ISO, QS certified. Clean, rich, natural flavor","_seopress_robots_index":"","site-sidebar-layout":"default","site-content-layout":"","ast-site-content-layout":"default","site-content-style":"default","site-sidebar-style":"default","ast-global-header-display":"","ast-banner-title-visibility":"","ast-main-header-display":"","ast-hfb-above-header-display":"","ast-hfb-below-header-display":"","ast-hfb-mobile-header-display":"","site-post-title":"","ast-breadcrumbs-content":"","ast-featured-img":"","footer-sml-layout":"","ast-disable-related-posts":"","theme-transparent-header-meta":"default","adv-header-id-meta":"","stick-header-meta":"","header-above-stick-meta":"","header-main-stick-meta":"","header-below-stick-meta":"","astra-migrate-meta-layouts":"set","ast-page-background-enabled":"default","ast-page-background-meta":{"desktop":{"background-color":"var(--ast-global-color-5)","background-image":"","background-repeat":"repeat","background-position":"center center","background-size":"auto","background-attachment":"scroll","background-type":"","background-media":"","overlay-type":"","overlay-color":"","overlay-opacity":"","overlay-gradient":""},"tablet":{"background-color":"","background-image":"","background-repeat":"repeat","background-position":"center center","background-size":"auto","background-attachment":"scroll","background-type":"","background-media":"","overlay-type":"","overlay-color":"","overlay-opacity":"","overlay-gradient":""},"mobile":{"background-color":"","background-image":"","background-repeat":"repeat","background-position":"center center","background-size":"auto","background-attachment":"scroll","background-type":"","background-media":"","overlay-type":"","overlay-color":"","overlay-opacity":"","overlay-gradient":""}},"ast-content-background-meta":{"desktop":{"background-color":"var(--ast-global-color-4)","background-image":"","background-repeat":"repeat","background-position":"center center","background-size":"auto","background-attachment":"scroll","background-type":"","background-media":"","overlay-type":"","overlay-color":"","overlay-opacity":"","overlay-gradient":""},"tablet":{"background-color":"var(--ast-global-color-4)","background-image":"","background-repeat":"repeat","background-position":"center center","background-size":"auto","background-attachment":"scroll","background-type":"","background-media":"","overlay-type":"","overlay-color":"","overlay-opacity":"","overlay-gradient":""},"mobile":{"background-color":"var(--ast-global-color-4)","background-image":"","background-repeat":"repeat","background-position":"center center","background-size":"auto","background-attachment":"scroll","background-type":"","background-media":"","overlay-type":"","overlay-color":"","overlay-opacity":"","overlay-gradient":""}}},"product_brand":[],"product_cat":[97],"product_tag":[196,166],"class_list":{"0":"post-1032","1":"product","2":"type-product","3":"status-publish","4":"has-post-thumbnail","6":"product_cat-tomato-paste-in-sachet","7":"product_tag-36g-tomato-paste-sachet","8":"product_tag-tomato-paste-sachet","9":"desktop-align-left","10":"tablet-align-left","11":"mobile-align-left","13":"first","14":"instock","15":"sale","16":"shipping-taxable","17":"purchasable","18":"product-type-simple"},"acf":[],"_links":{"self":[{"href":"https:\/\/taichytomato.com\/vi\/wp-json\/wp\/v2\/product\/1032","targetHints":{"allow":["GET"]}}],"collection":[{"href":"https:\/\/taichytomato.com\/vi\/wp-json\/wp\/v2\/product"}],"about":[{"href":"https:\/\/taichytomato.com\/vi\/wp-json\/wp\/v2\/types\/product"}],"version-history":[{"count":0,"href":"https:\/\/taichytomato.com\/vi\/wp-json\/wp\/v2\/product\/1032\/revisions"}],"wp:featuredmedia":[{"embeddable":true,"href":"https:\/\/taichytomato.com\/vi\/wp-json\/wp\/v2\/media\/3298"}],"wp:attachment":[{"href":"https:\/\/taichytomato.com\/vi\/wp-json\/wp\/v2\/media?parent=1032"}],"wp:term":[{"taxonomy":"product_brand","embeddable":true,"href":"https:\/\/taichytomato.com\/vi\/wp-json\/wp\/v2\/product_brand?post=1032"},{"taxonomy":"product_cat","embeddable":true,"href":"https:\/\/taichytomato.com\/vi\/wp-json\/wp\/v2\/product_cat?post=1032"},{"taxonomy":"product_tag","embeddable":true,"href":"https:\/\/taichytomato.com\/vi\/wp-json\/wp\/v2\/product_tag?post=1032"}],"curies":[{"name":"wp","href":"https:\/\/api.w.org\/{rel}","templated":true}]}}