{"id":1026,"date":"2025-05-25T20:23:49","date_gmt":"2025-05-26T04:23:49","guid":{"rendered":"https:\/\/taichytomato.com\/?post_type=product&#038;p=1026"},"modified":"2026-01-12T22:07:34","modified_gmt":"2026-01-13T06:07:34","slug":"40g-tomato-paste-sachet-taichy-food","status":"publish","type":"product","link":"https:\/\/taichytomato.com\/vi\/san-pham\/40g-tomato-paste-sachet-taichy-food\/","title":{"rendered":"T\u00fai s\u1ed1t c\u00e0 chua 40g"},"content":{"rendered":"<h2 data-start=\"161\" data-end=\"233\">Nh\u00e0 s\u1ea3n xu\u1ea5t G\u00f3i M\u1eadt Ong C\u00e0 Chua 40g | Nh\u00e0 m\u00e1y Trung Qu\u1ed1c OEM &amp; Cung c\u1ea5p s\u1ed1 l\u01b0\u1ee3ng l\u1edbn<\/h2>\n<p data-start=\"235\" data-end=\"609\">C\u00e1i <strong data-start=\"239\" data-end=\"266\">T\u00fai t\u01b0\u01a1ng c\u00e0 40g<\/strong> l\u00e0 d\u1ea1ng m\u1eadt ong c\u00e0 chua nh\u1ecf, c\u00f3 t\u1ed1c \u0111\u1ed9 ti\u00eau th\u1ee5 cao, thi\u1ebft k\u1ebf ph\u00f9 h\u1ee3p cho th\u1ecb tr\u01b0\u1eddng b\u00e1n l\u1ebb nh\u1ea1y c\u1ea3m v\u1ec1 chi ph\u00ed v\u00e0 ph\u00e2n ph\u1ed1i d\u1ecbch v\u1ee5 \u0103n u\u1ed1ng. L\u00e0 m\u1ed9t chuy\u00ean nghi\u1ec7p <strong data-start=\"412\" data-end=\"442\">nh\u00e0 m\u00e1y s\u1ed1t c\u00e0 chua Trung Qu\u1ed1c<\/strong>, Taichy cung c\u1ea5p <strong data-start=\"460\" data-end=\"487\">G\u00f3i m\u1eadt ong c\u00e0 chua 40g<\/strong> tr\u1ef1c ti\u1ebfp t\u1eeb nh\u00e0 s\u1ea3n xu\u1ea5t, cung c\u1ea5p ch\u1ea5t l\u01b0\u1ee3ng \u1ed5n \u0111\u1ecbnh, nhi\u1ec1u l\u1ef1a ch\u1ecdn Brix, v\u00e0 c\u00e1c gi\u1ea3i ph\u00e1p OEM\/nh\u00e3n ri\u00eang linh ho\u1ea1t.<\/p>\n<p data-start=\"611\" data-end=\"751\">K\u00edch th\u01b0\u1edbc g\u00f3i n\u00e0y \u0111\u01b0\u1ee3c nhi\u1ec1u nh\u00e0 nh\u1eadp kh\u1ea9u l\u1ef1a ch\u1ecdn v\u00ec y\u00eau c\u1ea7u <strong data-start=\"668\" data-end=\"688\">s\u1ea3n ph\u1ea9m b\u00e1n ch\u1ea1y nhanh<\/strong>, x\u1ebfp container hi\u1ec7u qu\u1ea3, v\u00e0 gi\u00e1 th\u00e0nh nh\u00e0 m\u00e1y c\u1ea1nh tranh.<\/p>\n<hr data-start=\"753\" data-end=\"756\" \/>\n<h2 data-start=\"758\" data-end=\"813\">\u0110i\u1ec1u g\u00ec l\u00e0m cho G\u00f3i M\u1eadt Ong C\u00e0 Chua 40g tr\u1edf th\u00e0nh l\u1ef1a ch\u1ecdn ph\u1ed5 bi\u1ebfn?<\/h2>\n<p data-start=\"815\" data-end=\"963\">So v\u1edbi c\u00e1c g\u00f3i l\u1edbn h\u01a1n, <strong data-start=\"849\" data-end=\"876\">T\u00fai t\u01b0\u01a1ng c\u00e0 40g<\/strong> t\u1eadp trung v\u00e0o <strong data-start=\"888\" data-end=\"927\">gi\u00e1 c\u1ea3 ph\u1ea3i ch\u0103ng v\u00e0 d\u00f9ng cho m\u1ed9t b\u1eefa \u0103n<\/strong>, ph\u00f9 h\u1ee3p \u0111\u1eb7c bi\u1ec7t cho:<\/p>\n<ul data-start=\"965\" data-end=\"1158\">\n<li data-start=\"965\" data-end=\"992\">\n<p data-start=\"967\" data-end=\"992\">N\u1ea5u \u0103n h\u00e0ng ng\u00e0y trong gia \u0111\u00ecnh<\/p>\n<\/li>\n<li data-start=\"993\" data-end=\"1030\">\n<p data-start=\"995\" data-end=\"1030\">C\u00e1c qu\u1ea7y \u0103n \u0111\u01b0\u1eddng ph\u1ed1 v\u00e0 d\u1ecbch v\u1ee5 mang \u0111i<\/p>\n<\/li>\n<li data-start=\"1031\" data-end=\"1081\">\n<p data-start=\"1033\" data-end=\"1081\">Ho\u1ea1t \u0111\u1ed9ng catering c\u1ea7n ki\u1ec3m so\u00e1t kh\u1ea9u ph\u1ea7n<\/p>\n<\/li>\n<li data-start=\"1082\" data-end=\"1120\">\n<p data-start=\"1084\" data-end=\"1120\">B\u00e1n l\u1ebb si\u00eau th\u1ecb v\u00e0 ch\u1ee3 m\u1edf<\/p>\n<\/li>\n<li data-start=\"1121\" data-end=\"1158\">\n<p data-start=\"1123\" data-end=\"1158\">Th\u1ef1c ph\u1ea9m d\u1ef1 ph\u00f2ng kh\u1ea9n c\u1ea5p v\u00e0 kh\u1ea9u ph\u1ea7n du l\u1ecbch<\/p>\n<\/li>\n<\/ul>\n<p data-start=\"1160\" data-end=\"1271\">\u0110\u1ed1i v\u1edbi nh\u00e0 ph\u00e2n ph\u1ed1i, <strong data-start=\"1178\" data-end=\"1206\">G\u00f3i m\u1eadt ong c\u00e0 chua 40g<\/strong> \u0111em l\u1ea1i t\u1ed1c \u0111\u1ed9 ti\u00eau th\u1ee5 cao v\u00e0 h\u00e0nh vi mua l\u1eb7p l\u1ea1i m\u1ea1nh m\u1ebd.<\/p>\n<hr data-start=\"1273\" data-end=\"1276\" \/>\n<h2 data-start=\"1278\" data-end=\"1331\">Th\u00f4ng s\u1ed1 k\u1ef9 thu\u1eadt c\u1ee7a T\u00fai 40g M\u1eadt Ong C\u00e0 Chua<\/h2>\n<p data-start=\"1333\" data-end=\"1362\"><strong data-start=\"1333\" data-end=\"1362\">Th\u00f4ng tin s\u1ea3n ph\u1ea9m c\u01a1 b\u1ea3n<\/strong><\/p>\n<ul data-start=\"1364\" data-end=\"1794\">\n<li data-start=\"1364\" data-end=\"1409\">\n<p data-start=\"1366\" data-end=\"1409\"><strong data-start=\"1366\" data-end=\"1383\">T\u00ean s\u1ea3n ph\u1ea9m:<\/strong> T\u00fai s\u1ed1t c\u00e0 chua 40g<\/p>\n<\/li>\n<li data-start=\"1410\" data-end=\"1440\">\n<p data-start=\"1412\" data-end=\"1440\"><strong data-start=\"1412\" data-end=\"1423\">Ngu\u1ed3n g\u1ed1c:<\/strong> mi\u1ec1n B\u1eafc Vi\u1ec7t Nam<\/p>\n<\/li>\n<li data-start=\"1441\" data-end=\"1477\">\n<p data-start=\"1443\" data-end=\"1477\"><strong data-start=\"1443\" data-end=\"1460\">Nguy\u00ean li\u1ec7u:<\/strong> C\u00e0 chua t\u01b0\u01a1i<\/p>\n<\/li>\n<li data-start=\"1478\" data-end=\"1533\">\n<p data-start=\"1480\" data-end=\"1533\"><strong data-start=\"1480\" data-end=\"1499\">Lo\u1ea1i \u0111\u00f3ng g\u00f3i:<\/strong> T\u00fai (t\u00fai ph\u1eb3ng ho\u1eb7c t\u00fai \u0111\u1ee9ng)<\/p>\n<\/li>\n<li data-start=\"1534\" data-end=\"1562\">\n<p data-start=\"1536\" data-end=\"1562\"><strong data-start=\"1536\" data-end=\"1551\">X\u1eed l\u00fd:<\/strong> C\u00f3 Gia V\u1ecb<\/p>\n<\/li>\n<li data-start=\"1563\" data-end=\"1586\">\n<p data-start=\"1565\" data-end=\"1586\"><strong data-start=\"1565\" data-end=\"1580\">Tr\u1ecdng l\u01b0\u1ee3ng t\u1ecbnh:<\/strong> 40g<\/p>\n<\/li>\n<li data-start=\"1587\" data-end=\"1622\">\n<p data-start=\"1589\" data-end=\"1622\"><strong data-start=\"1589\" data-end=\"1607\">H\u1ed3 s\u01a1 h\u01b0\u01a1ng v\u1ecb:<\/strong> Ng\u1ecdt &amp; chua<\/p>\n<\/li>\n<li data-start=\"1623\" data-end=\"1659\">\n<p data-start=\"1625\" data-end=\"1659\"><strong data-start=\"1625\" data-end=\"1635\">M\u00e0u s\u1eafc:<\/strong> \u0110\u1ecf t\u01b0\u01a1i \/ \u0111\u1ecf \u0111\u1eadm<\/p>\n<\/li>\n<li data-start=\"1660\" data-end=\"1685\">\n<p data-start=\"1662\" data-end=\"1685\"><strong data-start=\"1662\" data-end=\"1675\">Ph\u1ea1m vi pH:<\/strong> 4.0\u20134.4<\/p>\n<\/li>\n<li data-start=\"1686\" data-end=\"1707\">\n<p data-start=\"1688\" data-end=\"1707\"><strong data-start=\"1688\" data-end=\"1702\">T\u1ef7 l\u1ec7 A\/B:<\/strong> \u22652<\/p>\n<\/li>\n<li data-start=\"1708\" data-end=\"1725\">\n<p data-start=\"1710\" data-end=\"1725\"><strong data-start=\"1710\" data-end=\"1718\">HMC:<\/strong> \u226450%<\/p>\n<\/li>\n<li data-start=\"1726\" data-end=\"1755\">\n<p data-start=\"1728\" data-end=\"1755\"><strong data-start=\"1728\" data-end=\"1743\">Th\u1eddi h\u1ea1n s\u1eed d\u1ee5ng:<\/strong> 2\u20133 n\u0103m<\/p>\n<\/li>\n<li data-start=\"1756\" data-end=\"1794\">\n<p data-start=\"1758\" data-end=\"1794\"><strong data-start=\"1758\" data-end=\"1770\">L\u01b0u tr\u1eef:<\/strong> Kho kh\u00f4, trong nh\u00e0<\/p>\n<\/li>\n<\/ul>\n<p data-start=\"1796\" data-end=\"1821\"><strong data-start=\"1796\" data-end=\"1821\">C\u00e1c m\u1ee9c Brix c\u00f3 s\u1eb5n<\/strong><\/p>\n<ul data-start=\"1823\" data-end=\"1876\">\n<li data-start=\"1823\" data-end=\"1832\">\n<p data-start=\"1825\" data-end=\"1832\">9\u201311%<\/p>\n<\/li>\n<li data-start=\"1833\" data-end=\"1843\">\n<p data-start=\"1835\" data-end=\"1843\">18\u201320%<\/p>\n<\/li>\n<li data-start=\"1844\" data-end=\"1854\">\n<p data-start=\"1846\" data-end=\"1854\">22\u201324%<\/p>\n<\/li>\n<li data-start=\"1855\" data-end=\"1865\">\n<p data-start=\"1857\" data-end=\"1865\">26\u201328%<\/p>\n<\/li>\n<li data-start=\"1866\" data-end=\"1876\">\n<p data-start=\"1868\" data-end=\"1876\">28\u201330%<\/p>\n<\/li>\n<\/ul>\n<p data-start=\"1878\" data-end=\"1963\"><strong data-start=\"1878\" data-end=\"1897\">Ch\u1ee9ng nh\u1eadn:<\/strong> FDA, HACCP, ISO, QS<br data-start=\"1917\" data-end=\"1920\" \/><strong data-start=\"1920\" data-end=\"1933\">Th\u01b0\u01a1ng hi\u1ec7u:<\/strong> H\u1ed7 tr\u1ee3 OEM \/ nh\u00e3n ri\u00eang<\/p>\n<hr data-start=\"1965\" data-end=\"1968\" \/>\n<h2 data-start=\"1970\" data-end=\"2028\">\u01afu \u0111i\u1ec3m c\u1ea5p nh\u00e0 m\u00e1y c\u1ee7a M\u1eadt Ong C\u00e0 Chua T\u00fai 40g c\u1ee7a ch\u00fang t\u00f4i<\/h2>\n<p data-start=\"2030\" data-end=\"2129\">L\u00e0 m\u1ed9t <strong data-start=\"2035\" data-end=\"2082\">nh\u00e0 s\u1ea3n xu\u1ea5t tr\u1ef1c ti\u1ebfp t\u00fai 40g m\u1eadt ong c\u00e0 chua<\/strong>, ch\u00fang t\u00f4i qu\u1ea3n l\u00fd to\u00e0n b\u1ed9 chu\u1ed7i s\u1ea3n xu\u1ea5t t\u1ea1i ch\u1ed7.<\/p>\n<h3 data-start=\"2131\" data-end=\"2156\">Ngu\u1ed3n cung c\u1ea5p c\u00e0 chua t\u01b0\u01a1i<\/h3>\n<p data-start=\"2157\" data-end=\"2311\">C\u00e0 chua \u0111\u01b0\u1ee3c l\u1ea5y t\u1eeb mi\u1ec1n B\u1eafc, n\u1ed5i ti\u1ebfng v\u1edbi nhi\u1ec1u gi\u1edd n\u1eafng v\u00e0 h\u00e0m l\u01b0\u1ee3ng ch\u1ea5t r\u1eafn t\u1ef1 nhi\u00ean cao, \u0111\u1ea3m b\u1ea3o m\u00e0u s\u1eafc \u0111\u1eadm v\u00e0 hi\u1ec7u su\u1ea5t Brix \u1ed5n \u0111\u1ecbnh.<\/p>\n<h3 data-start=\"2313\" data-end=\"2353\">Ki\u1ec3m so\u00e1t n\u1ed3ng \u0111\u1ed9 &amp; \u0111\u00f3ng g\u00f3i<\/h3>\n<p data-start=\"2354\" data-end=\"2412\">H\u1ec7 th\u1ed1ng bay h\u01a1i ch\u00ednh x\u00e1c v\u00e0 \u0111\u00f3ng g\u00f3i ti\u1ec7t tr\u00f9ng \u0111\u1ea3m b\u1ea3o:<\/p>\n<ul data-start=\"2413\" data-end=\"2516\">\n<li data-start=\"2413\" data-end=\"2441\">\n<p data-start=\"2415\" data-end=\"2441\">N\u1ed3ng \u0111\u1ed9 nh\u1ea5t qu\u00e1n<\/p>\n<\/li>\n<li data-start=\"2442\" data-end=\"2457\">\n<p data-start=\"2444\" data-end=\"2457\">\u0110\u1ed9 chua th\u1ea5p<\/p>\n<\/li>\n<li data-start=\"2458\" data-end=\"2476\">\n<p data-start=\"2460\" data-end=\"2476\">K\u1ebft c\u1ea5u m\u1ecbn m\u00e0ng<\/p>\n<\/li>\n<li data-start=\"2477\" data-end=\"2516\">\n<p data-start=\"2479\" data-end=\"2516\">C\u00e1c c\u00f4ng th\u1ee9c kh\u00f4ng ch\u1ee9a ph\u1ee5 gia t\u00f9y ch\u1ecdn<\/p>\n<\/li>\n<\/ul>\n<h3 data-start=\"2518\" data-end=\"2554\">\u0110\u00f3ng g\u00f3i t\u00fai hi\u1ec7u qu\u1ea3 cao<\/h3>\n<p data-start=\"2555\" data-end=\"2684\">C\u00e1c d\u00e2y chuy\u1ec1n s\u1ea3n xu\u1ea5t c\u1ee7a ch\u00fang t\u00f4i h\u1ed7 tr\u1ee3 s\u1ed1 l\u01b0\u1ee3ng l\u1edbn <strong data-start=\"2597\" data-end=\"2634\">\u0111\u00f3ng g\u00f3i m\u1eadt ong c\u00e0 chua t\u00fai 40g<\/strong>, \u0111\u1ea3m b\u1ea3o s\u1ea3n l\u01b0\u1ee3ng \u0111\u00e1ng tin c\u1eady cho c\u00e1c \u0111\u01a1n h\u00e0ng xu\u1ea5t kh\u1ea9u s\u1ed1 l\u01b0\u1ee3ng l\u1edbn.<\/p>\n<hr data-start=\"2686\" data-end=\"2689\" \/>\n<h2 data-start=\"2691\" data-end=\"2752\">Gi\u1ea3i ph\u00e1p OEM &amp; Nh\u00e3n ri\u00eang cho T\u00fai 40g M\u1eadt Ong C\u00e0 Chua<\/h2>\n<p data-start=\"2754\" data-end=\"2878\">Ch\u00fang t\u00f4i h\u1ed7 tr\u1ee3 <strong data-start=\"2765\" data-end=\"2807\">S\u1ea3n xu\u1ea5t t\u00fai 40g m\u1eadt ong c\u00e0 chua OEM<\/strong> d\u00e0nh cho nh\u00e0 ph\u00e2n ph\u1ed1i v\u00e0 ch\u1ee7 th\u01b0\u01a1ng hi\u1ec7u mu\u1ed1n t\u00f9y ch\u1ec9nh c\u1ea5p nh\u00e0 m\u00e1y.<\/p>\n<p data-start=\"2880\" data-end=\"2910\">C\u00e1c t\u00f9y ch\u1ecdn t\u00f9y ch\u1ec9nh bao g\u1ed3m:<\/p>\n<ul data-start=\"2911\" data-end=\"3099\">\n<li data-start=\"2911\" data-end=\"2940\">\n<p data-start=\"2913\" data-end=\"2940\">In logo v\u00e0 t\u00e1c ph\u1ea9m ngh\u1ec7 thu\u1eadt<\/p>\n<\/li>\n<li data-start=\"2941\" data-end=\"3005\">\n<p data-start=\"2943\" data-end=\"3005\">Nh\u00e3n \u0111a ng\u00f4n ng\u1eef (Ti\u1ebfng Anh, Ph\u00e1p, \u1ea2 R\u1eadp, Nga, v.v.)<\/p>\n<\/li>\n<li data-start=\"3006\" data-end=\"3049\">\n<p data-start=\"3008\" data-end=\"3049\">T\u00fai ni l\u00f4ng ho\u1eb7c m\u00e0ng laminate b\u1ea1c h\u00e0o<\/p>\n<\/li>\n<li data-start=\"3050\" data-end=\"3099\">\n<p data-start=\"3052\" data-end=\"3099\">B\u1ed1 tr\u00ed h\u1ed9p carton ph\u00f9 h\u1ee3p v\u1edbi th\u00f3i quen b\u00e1n l\u1ebb \u0111\u1ecba ph\u01b0\u01a1ng<\/p>\n<\/li>\n<\/ul>\n<p data-start=\"3101\" data-end=\"3234\">\u0110i\u1ec1u n\u00e0y l\u00e0m cho ch\u00fang t\u00f4i <strong data-start=\"3116\" data-end=\"3161\">D\u1ecbch v\u1ee5 OEM t\u00fai 40g m\u1eadt ong c\u00e0 chua t\u1ea1i Vi\u1ec7t Nam<\/strong> ph\u00f9 h\u1ee3p l\u00fd cho Ch\u00e2u Phi, Trung \u0110\u00f4ng, \u0110\u00f4ng Nam \u00c1 v\u00e0 c\u00e1c th\u1ecb tr\u01b0\u1eddng m\u1edbi n\u1ed5i.<\/p>\n<hr data-start=\"3236\" data-end=\"3239\" \/>\n<h2 data-start=\"3241\" data-end=\"3286\">\u0110\u1ecbnh d\u1ea1ng \u0111\u00f3ng g\u00f3i &amp; T\u00f9y ch\u1ecdn x\u1ebfp h\u00e0ng xu\u1ea5t kh\u1ea9u<\/h2>\n<p data-start=\"3288\" data-end=\"3328\">C\u1ea5u h\u00ecnh \u0111\u00f3ng g\u00f3i ti\u00eau chu\u1ea9n bao g\u1ed3m:<\/p>\n<ul data-start=\"3329\" data-end=\"3403\">\n<li data-start=\"3329\" data-end=\"3362\">\n<p data-start=\"3331\" data-end=\"3362\"><strong data-start=\"3331\" data-end=\"3360\">40g \u00d7 70 g\u00f3i \/ h\u1ed9p carton<\/strong><\/p>\n<\/li>\n<li data-start=\"3363\" data-end=\"3403\">\n<p data-start=\"3365\" data-end=\"3403\"><strong data-start=\"3365\" data-end=\"3401\">40g \u00d7 70 g\u00f3i \u00d7 6 h\u1ed9p b\u00ean trong<\/strong><\/p>\n<\/li>\n<\/ul>\n<p data-start=\"3405\" data-end=\"3511\">\u0110\u1ecbnh d\u1ea1ng g\u00f3i ph\u1eb3ng v\u00e0 t\u00fai \u0111\u1ee9ng \u0111\u1ec1u c\u00f3 s\u1eb5n, t\u00f9y thu\u1ed9c v\u00e0o y\u00eau c\u1ea7u \u0111\u1ecbnh v\u1ecb v\u00e0 chi ph\u00ed.<\/p>\n<figure id=\"attachment_1004\" aria-describedby=\"caption-attachment-1004\" style=\"width: 225px\" class=\"wp-caption aligncenter\"><img decoding=\"async\" class=\"size-full wp-image-1004\" src=\"https:\/\/taichytomato.com\/wp-content\/uploads\/2025\/05\/images-17-e1749626934778.jpeg\" alt=\"Nh\u00e3n hi\u1ec7u OEM T\u00fai nh\u1ecf t\u01b0\u01a1ng c\u00e0\" width=\"225\" height=\"194\" \/><figcaption id=\"caption-attachment-1004\" class=\"wp-caption-text\">Nh\u00e3n hi\u1ec7u OEM T\u00fai nh\u1ecf t\u01b0\u01a1ng c\u00e0<\/figcaption><\/figure>\n<p data-start=\"3513\" data-end=\"3641\"><strong data-start=\"3513\" data-end=\"3521\">MOQ:<\/strong> 1 \u00d7 20\u2019 FCL<br data-start=\"3533\" data-end=\"3536\" \/><strong data-start=\"3536\" data-end=\"3552\">\u0110i\u1ec1u kho\u1ea3n Th\u01b0\u01a1ng m\u1ea1i:<\/strong> FOB \/ CFR \/ CIF<br data-start=\"3568\" data-end=\"3571\" \/>\u0110\u01a1n h\u00e0ng s\u1ed1 l\u01b0\u1ee3ng l\u1edbn nh\u1eadn gi\u00e1 tr\u1ef1c ti\u1ebfp t\u1eeb nh\u00e0 m\u00e1y v\u1edbi ngu\u1ed3n cung \u1ed5n \u0111\u1ecbnh h\u00e0ng th\u00e1ng.<\/p>\n<hr data-start=\"3643\" data-end=\"3646\" \/>\n<h2 data-start=\"3648\" data-end=\"3693\">Th\u1ecb tr\u01b0\u1eddng to\u00e0n c\u1ea7u cho t\u00fai s\u1ed1t c\u00e0 chua 40g<\/h2>\n<p data-start=\"3695\" data-end=\"3762\">S\u1ea3n ph\u1ea9m c\u1ee7a ch\u00fang t\u00f4i <strong data-start=\"3699\" data-end=\"3741\">Cung c\u1ea5p t\u00fai s\u1ed1t c\u00e0 chua 40g t\u1eeb nh\u00e0 m\u00e1y<\/strong> ph\u1ee5c v\u1ee5 nh\u00e0 nh\u1eadp kh\u1ea9u t\u1ea1i:<\/p>\n<ul data-start=\"3764\" data-end=\"3941\">\n<li data-start=\"3764\" data-end=\"3807\">\n<p data-start=\"3766\" data-end=\"3807\">Ch\u00e2u Phi (Mi\u1ec1n T\u00e2y, Mi\u1ec1n \u0110\u00f4ng v\u00e0 Trung Phi)<\/p>\n<\/li>\n<li data-start=\"3808\" data-end=\"3855\">\n<p data-start=\"3810\" data-end=\"3855\">K\u00eanh b\u00e1n l\u1ebb v\u00e0 d\u1ecbch v\u1ee5 \u0103n u\u1ed1ng Trung \u0110\u00f4ng<\/p>\n<\/li>\n<li data-start=\"3856\" data-end=\"3895\">\n<p data-start=\"3858\" data-end=\"3895\">Th\u1ecb tr\u01b0\u1eddng truy\u1ec1n th\u1ed1ng \u0110\u00f4ng Nam \u00c1<\/p>\n<\/li>\n<li data-start=\"3896\" data-end=\"3941\">\n<p data-start=\"3898\" data-end=\"3941\">C\u00e1c khu v\u1ef1c CEE v\u00e0 m\u1ed9t s\u1ed1 khu v\u1ef1c \u0110\u00f4ng \u00c2u \u0111\u01b0\u1ee3c ch\u1ecdn<\/p>\n<\/li>\n<\/ul>\n<p data-start=\"3943\" data-end=\"4069\">Ng\u00f4n ng\u1eef nh\u00e3n, \u0111\u00e1nh d\u1ea5u h\u1ed9p carton v\u00e0 c\u00f4ng th\u1ee9c Brix c\u00f3 th\u1ec3 \u0111i\u1ec1u ch\u1ec9nh \u0111\u1ec3 ph\u00f9 h\u1ee3p v\u1edbi quy \u0111\u1ecbnh \u0111\u1ecba ph\u01b0\u01a1ng v\u00e0 s\u1edf th\u00edch ti\u00eau d\u00f9ng.<\/p>\n<hr data-start=\"4071\" data-end=\"4074\" \/>\n<h2 data-start=\"4076\" data-end=\"4120\">C\u00e1c k\u00edch th\u01b0\u1edbc t\u00fai s\u1ed1t c\u00e0 chua \u0111\u1ea7y \u0111\u1ee7 m\u00e0 ch\u00fang t\u00f4i s\u1ea3n xu\u1ea5t<\/h2>\n<p data-start=\"4122\" data-end=\"4220\">Ngo\u00e0i ra <strong data-start=\"4137\" data-end=\"4165\">G\u00f3i m\u1eadt ong c\u00e0 chua 40g<\/strong>, nh\u00e0 m\u00e1y c\u1ee7a ch\u00fang t\u00f4i cung c\u1ea5p \u0111\u1ea7y \u0111\u1ee7 c\u00e1c lo\u1ea1i SKU t\u00fai:<\/p>\n<ul data-start=\"4222\" data-end=\"4361\">\n<li data-start=\"4222\" data-end=\"4260\">\n<p data-start=\"4224\" data-end=\"4260\">18g, 36g, 50g, 56g, 70g, 80g, 100g<\/p>\n<\/li>\n<li data-start=\"4261\" data-end=\"4307\">\n<p data-start=\"4263\" data-end=\"4307\">Nhi\u1ec1u m\u1ee9c Brix t\u1eeb 18\u201320% \u0111\u1ebfn 28\u201330%<\/p>\n<\/li>\n<li data-start=\"4308\" data-end=\"4361\">\n<p data-start=\"4310\" data-end=\"4361\">\u0110\u1ecbnh d\u1ea1ng t\u00fai ph\u1eb3ng (kh\u00f4ng \u0111\u1ee9ng) v\u00e0 \u0111\u1ecbnh d\u1ea1ng t\u00f9y ch\u1ec9nh<\/p>\n<\/li>\n<\/ul>\n<p data-start=\"4363\" data-end=\"4460\">\u0110i\u1ec1u n\u00e0y cho ph\u00e9p ng\u01b0\u1eddi mua h\u1ee3p nh\u1ea5t ngu\u1ed3n cung v\u1edbi <strong data-start=\"4411\" data-end=\"4459\">m\u1ed9t nh\u00e0 s\u1ea3n xu\u1ea5t s\u1ed1t c\u00e0 chua \u0111\u00e1ng tin c\u1eady t\u1ea1i Trung Qu\u1ed1c<\/strong>.<\/p>\n<hr data-start=\"4462\" data-end=\"4465\" \/>\n<h2 data-start=\"4467\" data-end=\"4526\">T\u1ea1i sao nh\u00e0 nh\u1eadp kh\u1ea9u ch\u1ecdn Taichy cho t\u00fai s\u1ed1t c\u00e0 chua 40g<\/h2>\n<ul data-start=\"4528\" data-end=\"4825\">\n<li data-start=\"4528\" data-end=\"4598\">\n<p data-start=\"4530\" data-end=\"4598\">H\u01a1n <strong data-start=\"4535\" data-end=\"4596\">10 n\u0103m kinh nghi\u1ec7m s\u1ea3n xu\u1ea5t v\u00e0 xu\u1ea5t kh\u1ea9u s\u1ed1t c\u00e0 chua<\/strong><\/p>\n<\/li>\n<li data-start=\"4599\" data-end=\"4656\">\n<p data-start=\"4601\" data-end=\"4656\">N\u1ec1n t\u1ea3ng nguy\u00ean li\u1ec7u th\u00f4 \u1ed5n \u0111\u1ecbnh v\u00e0 n\u0103ng l\u1ef1c theo m\u00f9a m\u1ea1nh m\u1ebd<\/p>\n<\/li>\n<li data-start=\"4657\" data-end=\"4707\">\n<p data-start=\"4659\" data-end=\"4707\">H\u1ed7 tr\u1ee3 OEM \/ ODM linh ho\u1ea1t v\u1edbi MOQ th\u1ef1c t\u1ebf<\/p>\n<\/li>\n<li data-start=\"4708\" data-end=\"4771\">\n<p data-start=\"4710\" data-end=\"4771\">Gi\u00e1 th\u00e0nh nh\u00e0 m\u00e1y c\u1ea1nh tranh v\u00e0 l\u1ecbch tr\u00ecnh giao h\u00e0ng \u0111\u00e1ng tin c\u1eady<\/p>\n<\/li>\n<li data-start=\"4772\" data-end=\"4825\">\n<p data-start=\"4774\" data-end=\"4825\">\u0110\u01b0\u1ee3c c\u00e1c nh\u00e0 nh\u1eadp kh\u1ea9u tin t\u01b0\u1edfng t\u1ea1i <strong data-start=\"4798\" data-end=\"4825\">H\u01a1n 30 qu\u1ed1c gia tr\u00ean to\u00e0n th\u1ebf gi\u1edbi<\/strong><\/p>\n<\/li>\n<\/ul>\n<p data-start=\"4827\" data-end=\"4973\">N\u1ebfu b\u1ea1n \u0111ang t\u00ecm ngu\u1ed3n cung c\u1ea5p <strong data-start=\"4849\" data-end=\"4898\">Nh\u00e0 s\u1ea3n xu\u1ea5t t\u00fai s\u1ed1t c\u00e0 chua 40g t\u1ea1i Trung Qu\u1ed1c<\/strong>, Taichy cung c\u1ea5p s\u1ef1 \u1ed5n \u0111\u1ecbnh cung \u1ee9ng l\u00e2u d\u00e0i v\u00e0 h\u1ed7 tr\u1ee3 xu\u1ea5t kh\u1ea9u chuy\u00ean nghi\u1ec7p.<\/p>\n<hr data-start=\"4975\" data-end=\"4978\" \/>\n<h2 data-start=\"4980\" data-end=\"5010\">Y\u00eau c\u1ea7u b\u00e1o gi\u00e1 &amp; B\u00e1o gi\u00e1 nh\u00e0 m\u00e1y<\/h2>\n<p data-start=\"5012\" data-end=\"5160\">Cho <strong data-start=\"5016\" data-end=\"5053\">B\u00e1n bu\u00f4n t\u00fai s\u1ed1t c\u00e0 chua 40g<\/strong>, Th\u01b0\u01a1ng hi\u1ec7u OEM, ho\u1eb7c gi\u00e1 xu\u1ea5t kh\u1ea9u s\u1ed1 l\u01b0\u1ee3ng l\u1edbn, vui l\u00f2ng li\u00ean h\u1ec7 \u0111\u1ed9i ng\u0169 b\u00e1n h\u00e0ng c\u1ee7a ch\u00fang t\u00f4i \u0111\u1ec3 bi\u1ebft th\u00f4ng s\u1ed1 k\u1ef9 thu\u1eadt v\u00e0 k\u1ebf ho\u1ea1ch \u0111\u00f3ng h\u00e0ng.<\/p>\n<p data-start=\"5162\" data-end=\"5296\">Ch\u00fang t\u00f4i h\u1ed7 tr\u1ee3 m\u1eabu th\u1eed, ph\u00e1t tri\u1ec3n nh\u00e3n ri\u00eang, v\u00e0 h\u1ee3p t\u00e1c tr\u1ef1c ti\u1ebfp t\u1eeb nh\u00e0 m\u00e1y \u0111\u1ec3 gi\u00fap b\u1ea1n ph\u00e1t tri\u1ec3n kinh doanh s\u1ed1t c\u00e0 chua m\u1ed9t c\u00e1ch hi\u1ec7u qu\u1ea3.<\/p>","protected":false},"excerpt":{"rendered":"<p>Brix:18-20%,22-24%,26-28%,28-30%<br \/>\nH\u1ed9p thi\u1ebfc ch\u1ed1ng r\u1ec9 s\u00e9t\/ ch\u1ed1ng c\u0103ng th\u1eb3ng\/ ch\u1ed1ng \u1ea9m<br \/>\nTh\u01b0\u01a1ng hi\u1ec7u: Thi\u1ebft k\u1ebf ho\u1eb7c OEM<br \/>\nS\u1ed1 l\u01b0\u1ee3ng t\u1ed1i thi\u1ec3u: 1X20ft<br \/>\nChi ti\u1ebft giao h\u00e0ng: 30-35 ng\u00e0y sau khi nh\u1eadn \u0111\u1eb7t c\u1ecdc ho\u1eb7c LC. Giao h\u00e0ng nhanh nh\u1ea5t.<br \/>\nM\u00e3 HS:2002901100<\/p>","protected":false},"featured_media":3301,"template":"","meta":{"_acf_changed":false,"_seopress_robots_primary_cat":"none","_seopress_titles_title":"40g Tomato Paste Sachet-Taichy food","_seopress_titles_desc":"40g pouch tomato paste with 9\u201330% Brix options. Ideal for families and food service. OEM, FDA, HACCP, ISO, QS certified. Clean, rich, natural flavor.","_seopress_robots_index":"","site-sidebar-layout":"default","site-content-layout":"","ast-site-content-layout":"default","site-content-style":"default","site-sidebar-style":"default","ast-global-header-display":"","ast-banner-title-visibility":"","ast-main-header-display":"","ast-hfb-above-header-display":"","ast-hfb-below-header-display":"","ast-hfb-mobile-header-display":"","site-post-title":"","ast-breadcrumbs-content":"","ast-featured-img":"","footer-sml-layout":"","ast-disable-related-posts":"","theme-transparent-header-meta":"default","adv-header-id-meta":"","stick-header-meta":"","header-above-stick-meta":"","header-main-stick-meta":"","header-below-stick-meta":"","astra-migrate-meta-layouts":"set","ast-page-background-enabled":"default","ast-page-background-meta":{"desktop":{"background-color":"var(--ast-global-color-5)","background-image":"","background-repeat":"repeat","background-position":"center center","background-size":"auto","background-attachment":"scroll","background-type":"","background-media":"","overlay-type":"","overlay-color":"","overlay-opacity":"","overlay-gradient":""},"tablet":{"background-color":"","background-image":"","background-repeat":"repeat","background-position":"center center","background-size":"auto","background-attachment":"scroll","background-type":"","background-media":"","overlay-type":"","overlay-color":"","overlay-opacity":"","overlay-gradient":""},"mobile":{"background-color":"","background-image":"","background-repeat":"repeat","background-position":"center center","background-size":"auto","background-attachment":"scroll","background-type":"","background-media":"","overlay-type":"","overlay-color":"","overlay-opacity":"","overlay-gradient":""}},"ast-content-background-meta":{"desktop":{"background-color":"var(--ast-global-color-4)","background-image":"","background-repeat":"repeat","background-position":"center center","background-size":"auto","background-attachment":"scroll","background-type":"","background-media":"","overlay-type":"","overlay-color":"","overlay-opacity":"","overlay-gradient":""},"tablet":{"background-color":"var(--ast-global-color-4)","background-image":"","background-repeat":"repeat","background-position":"center center","background-size":"auto","background-attachment":"scroll","background-type":"","background-media":"","overlay-type":"","overlay-color":"","overlay-opacity":"","overlay-gradient":""},"mobile":{"background-color":"var(--ast-global-color-4)","background-image":"","background-repeat":"repeat","background-position":"center center","background-size":"auto","background-attachment":"scroll","background-type":"","background-media":"","overlay-type":"","overlay-color":"","overlay-opacity":"","overlay-gradient":""}}},"product_brand":[],"product_cat":[97],"product_tag":[195,166],"class_list":{"0":"post-1026","1":"product","2":"type-product","3":"status-publish","4":"has-post-thumbnail","6":"product_cat-tomato-paste-in-sachet","7":"product_tag-40g-tomato-paste-sachet","8":"product_tag-tomato-paste-sachet","9":"desktop-align-left","10":"tablet-align-left","11":"mobile-align-left","13":"first","14":"instock","15":"sale","16":"shipping-taxable","17":"purchasable","18":"product-type-simple"},"acf":[],"_links":{"self":[{"href":"https:\/\/taichytomato.com\/vi\/wp-json\/wp\/v2\/product\/1026","targetHints":{"allow":["GET"]}}],"collection":[{"href":"https:\/\/taichytomato.com\/vi\/wp-json\/wp\/v2\/product"}],"about":[{"href":"https:\/\/taichytomato.com\/vi\/wp-json\/wp\/v2\/types\/product"}],"version-history":[{"count":0,"href":"https:\/\/taichytomato.com\/vi\/wp-json\/wp\/v2\/product\/1026\/revisions"}],"wp:featuredmedia":[{"embeddable":true,"href":"https:\/\/taichytomato.com\/vi\/wp-json\/wp\/v2\/media\/3301"}],"wp:attachment":[{"href":"https:\/\/taichytomato.com\/vi\/wp-json\/wp\/v2\/media?parent=1026"}],"wp:term":[{"taxonomy":"product_brand","embeddable":true,"href":"https:\/\/taichytomato.com\/vi\/wp-json\/wp\/v2\/product_brand?post=1026"},{"taxonomy":"product_cat","embeddable":true,"href":"https:\/\/taichytomato.com\/vi\/wp-json\/wp\/v2\/product_cat?post=1026"},{"taxonomy":"product_tag","embeddable":true,"href":"https:\/\/taichytomato.com\/vi\/wp-json\/wp\/v2\/product_tag?post=1026"}],"curies":[{"name":"wp","href":"https:\/\/api.w.org\/{rel}","templated":true}]}}