{"id":1011,"date":"2025-05-25T18:36:13","date_gmt":"2025-05-26T02:36:13","guid":{"rendered":"https:\/\/taichytomato.com\/?post_type=product&#038;p=1011"},"modified":"2026-01-12T21:51:15","modified_gmt":"2026-01-13T05:51:15","slug":"210g-sachet-tomato-paste","status":"publish","type":"product","link":"https:\/\/taichytomato.com\/vi\/san-pham\/210g-sachet-tomato-paste\/","title":{"rendered":"210g T\u00fai Nh\u00e2n S\u1ed1t C\u00e0 Chua"},"content":{"rendered":"<h2 data-start=\"141\" data-end=\"208\">Nh\u00e0 s\u1ea3n xu\u1ea5t T\u00fai Nh\u1ecf 210g M\u1eadt Nguy\u00ean Li\u1ec7u C\u00e0 Chua | Cung c\u1ea5p OEM Tr\u1ef1c Ti\u1ebfp t\u1eeb Nh\u00e0 M\u00e1y<\/h2>\n<p data-start=\"210\" data-end=\"615\">L\u00e0 m\u1ed9t nh\u00e0 <strong data-start=\"228\" data-end=\"278\">Nh\u00e0 s\u1ea3n xu\u1ea5t m\u1eadt c\u00e0 chua t\u00fai nh\u1ecf 210g t\u1ea1i Trung Qu\u1ed1c<\/strong>, Taichy chuy\u00ean s\u1ea3n xu\u1ea5t c\u00e1c t\u00fai nh\u1ecf m\u1eadt c\u00e0 chua ch\u1ea5t l\u01b0\u1ee3ng cao cho c\u00e1c th\u01b0\u01a1ng hi\u1ec7u th\u1ef1c ph\u1ea9m to\u00e0n c\u1ea7u, nh\u00e0 nh\u1eadp kh\u1ea9u v\u00e0 nh\u00e0 ph\u00e2n ph\u1ed1i. V\u1edbi ngu\u1ed3n cung nguy\u00ean li\u1ec7u \u1ed5n \u0111\u1ecbnh t\u1ea1i mi\u1ec1n B\u1eafc v\u00e0 d\u00e2y chuy\u1ec1n ch\u1ebf bi\u1ebfn ti\u00ean ti\u1ebfn, ch\u00fang t\u00f4i cung c\u1ea5p <strong data-start=\"496\" data-end=\"539\">m\u1eadt c\u00e0 chua t\u00fai nh\u1ecf 210g tr\u1ef1c ti\u1ebfp t\u1eeb nh\u00e0 m\u00e1y<\/strong> v\u1edbi c\u00e1c t\u00f9y ch\u1ecdn Brix linh ho\u1ea1t, gi\u00e1 c\u1ea3 c\u1ea1nh tranh v\u00e0 d\u1ecbch v\u1ee5 OEM\/ODM \u0111\u1ea7y \u0111\u1ee7.<\/p>\n<p data-start=\"617\" data-end=\"797\">D\u00f9 b\u1ea1n \u0111ang t\u00ecm ngu\u1ed3n cung cho b\u00e1n l\u1ebb, d\u1ecbch v\u1ee5 \u0103n u\u1ed1ng hay xu\u1ea5t kh\u1ea9u nh\u00e3n hi\u1ec7u ri\u00eang, s\u1ea3n ph\u1ea9m c\u1ee7a ch\u00fang t\u00f4i <strong data-start=\"696\" data-end=\"724\">t\u00fai nh\u1ecf m\u1eadt c\u00e0 chua 210g<\/strong> \u0111\u01b0\u1ee3c thi\u1ebft k\u1ebf \u0111\u1ec3 \u0111\u00e1p \u1ee9ng c\u1ea3 s\u1ef1 ti\u1ec7n l\u1ee3i cho ng\u01b0\u1eddi ti\u00eau d\u00f9ng v\u00e0 hi\u1ec7u qu\u1ea3 th\u01b0\u01a1ng m\u1ea1i.<\/p>\n<hr data-start=\"799\" data-end=\"802\" \/>\n<h2 data-start=\"804\" data-end=\"856\">Th\u00f4ng s\u1ed1 k\u1ef9 thu\u1eadt s\u1ea3n ph\u1ea9m \u2013 T\u00fai nh\u1ecf m\u1eadt c\u00e0 chua 210g<\/h2>\n<ul data-start=\"858\" data-end=\"1362\">\n<li data-start=\"858\" data-end=\"904\">\n<p data-start=\"860\" data-end=\"904\"><strong data-start=\"860\" data-end=\"877\">T\u00ean s\u1ea3n ph\u1ea9m:<\/strong> 210g T\u00fai Nh\u1ef1a T\u01b0\u01a1ng C\u00e0 Chua<\/p>\n<\/li>\n<li data-start=\"905\" data-end=\"944\">\n<p data-start=\"907\" data-end=\"944\"><strong data-start=\"907\" data-end=\"927\">N\u01a1i xu\u1ea5t x\u1ee9:<\/strong> mi\u1ec1n B\u1eafc Vi\u1ec7t Nam<\/p>\n<\/li>\n<li data-start=\"945\" data-end=\"987\">\n<p data-start=\"947\" data-end=\"987\"><strong data-start=\"947\" data-end=\"970\">Th\u00e0nh ph\u1ea7n ch\u00ednh:<\/strong> C\u00e0 chua t\u01b0\u01a1i<\/p>\n<\/li>\n<li data-start=\"988\" data-end=\"1035\">\n<p data-start=\"990\" data-end=\"1035\"><strong data-start=\"990\" data-end=\"1009\">Lo\u1ea1i \u0111\u00f3ng g\u00f3i:<\/strong> T\u00fai nh\u1ecf \/ t\u00fai \u0111\u1ee9ng<\/p>\n<\/li>\n<li data-start=\"1036\" data-end=\"1069\">\n<p data-start=\"1038\" data-end=\"1069\"><strong data-start=\"1038\" data-end=\"1058\">Ph\u01b0\u01a1ng ph\u00e1p ch\u1ebf bi\u1ebfn:<\/strong> C\u00f3 Gia V\u1ecb<\/p>\n<\/li>\n<li data-start=\"1070\" data-end=\"1094\">\n<p data-start=\"1072\" data-end=\"1094\"><strong data-start=\"1072\" data-end=\"1087\">Tr\u1ecdng l\u01b0\u1ee3ng t\u1ecbnh:<\/strong> 210g<\/p>\n<\/li>\n<li data-start=\"1095\" data-end=\"1180\">\n<p data-start=\"1097\" data-end=\"1116\"><strong data-start=\"1097\" data-end=\"1114\">T\u00f9y ch\u1ecdn Brix:<\/strong><\/p>\n<ul data-start=\"1119\" data-end=\"1180\">\n<li data-start=\"1119\" data-end=\"1128\">\n<p data-start=\"1121\" data-end=\"1128\">9\u201311%<\/p>\n<\/li>\n<li data-start=\"1131\" data-end=\"1141\">\n<p data-start=\"1133\" data-end=\"1141\">18\u201320%<\/p>\n<\/li>\n<li data-start=\"1144\" data-end=\"1154\">\n<p data-start=\"1146\" data-end=\"1154\">22\u201324%<\/p>\n<\/li>\n<li data-start=\"1157\" data-end=\"1167\">\n<p data-start=\"1159\" data-end=\"1167\">26\u201328%<\/p>\n<\/li>\n<li data-start=\"1170\" data-end=\"1180\">\n<p data-start=\"1172\" data-end=\"1180\">28\u201330%<\/p>\n<\/li>\n<\/ul>\n<\/li>\n<li data-start=\"1181\" data-end=\"1217\">\n<p data-start=\"1183\" data-end=\"1217\"><strong data-start=\"1183\" data-end=\"1193\">M\u00e0u s\u1eafc:<\/strong> \u0110\u1ecf s\u1eabm \/ \u0111\u1ecf t\u01b0\u01a1i<\/p>\n<\/li>\n<li data-start=\"1218\" data-end=\"1243\">\n<p data-start=\"1220\" data-end=\"1243\"><strong data-start=\"1220\" data-end=\"1233\">Gi\u00e1 tr\u1ecb pH:<\/strong> 4.0\u20134.4<\/p>\n<\/li>\n<li data-start=\"1244\" data-end=\"1265\">\n<p data-start=\"1246\" data-end=\"1265\"><strong data-start=\"1246\" data-end=\"1260\">T\u1ef7 l\u1ec7 A\/B:<\/strong> \u22652<\/p>\n<\/li>\n<li data-start=\"1266\" data-end=\"1283\">\n<p data-start=\"1268\" data-end=\"1283\"><strong data-start=\"1268\" data-end=\"1276\">HMC:<\/strong> \u226450%<\/p>\n<\/li>\n<li data-start=\"1284\" data-end=\"1313\">\n<p data-start=\"1286\" data-end=\"1313\"><strong data-start=\"1286\" data-end=\"1301\">Th\u1eddi h\u1ea1n s\u1eed d\u1ee5ng:<\/strong> 2\u20133 n\u0103m<\/p>\n<\/li>\n<li data-start=\"1314\" data-end=\"1362\">\n<p data-start=\"1316\" data-end=\"1362\"><strong data-start=\"1316\" data-end=\"1338\">\u0110i\u1ec1u ki\u1ec7n b\u1ea3o qu\u1ea3n:<\/strong> Kho kh\u00f4, trong nh\u00e0<\/p>\n<\/li>\n<\/ul>\n<p data-start=\"1364\" data-end=\"1449\"><strong data-start=\"1364\" data-end=\"1383\">Ch\u1ee9ng nh\u1eadn:<\/strong> FDA, HACCP, ISO, QS<br data-start=\"1403\" data-end=\"1406\" \/><strong data-start=\"1406\" data-end=\"1419\">Th\u01b0\u01a1ng hi\u1ec7u:<\/strong> C\u00f3 s\u1eb5n OEM \/ nh\u00e3n ri\u00eang<\/p>\n<p data-start=\"1451\" data-end=\"1660\">Ph\u1ea1m vi \u0111\u1eb7c \u0111i\u1ec3m k\u1ef9 thu\u1eadt n\u00e0y cho ph\u00e9p ng\u01b0\u1eddi mua l\u1ef1a ch\u1ecdn ph\u00f9 h\u1ee3p <strong data-start=\"1510\" data-end=\"1538\">t\u00fai nh\u1ecf m\u1eadt c\u00e0 chua 210g<\/strong> cho c\u00e1c th\u1ecb tr\u01b0\u1eddng v\u00e0 \u1ee9ng d\u1ee5ng kh\u00e1c nhau, t\u1eeb s\u1eed d\u1ee5ng n\u1ea5u \u0103n v\u1edbi \u0111\u1ed9 Brix th\u1ea5p \u0111\u1ebfn nhu c\u1ea7u c\u00f4ng nghi\u1ec7p v\u00e0 d\u1ecbch v\u1ee5 th\u1ef1c ph\u1ea9m c\u00f3 n\u1ed3ng \u0111\u1ed9 cao.<\/p>\n<hr data-start=\"1662\" data-end=\"1665\" \/>\n<h2 data-start=\"1667\" data-end=\"1725\">\u01afu \u0111i\u1ec3m c\u1ee7a Nh\u00e0 m\u00e1y Sau l\u01b0ng c\u00e1c G\u00f3i M\u00ec T\u01b0\u01a1ng C\u00e0 210g c\u1ee7a Ch\u00fang T\u00f4i<\/h2>\n<p data-start=\"1727\" data-end=\"1864\">Ch\u00fang t\u00f4i kh\u00f4ng ph\u1ea3i l\u00e0 nh\u00e0 bu\u00f4n. Ch\u00fang t\u00f4i l\u00e0 m\u1ed9t <strong data-start=\"1756\" data-end=\"1787\">nh\u00e0 m\u00e1y s\u1ea3n xu\u1ea5t t\u01b0\u01a1ng c\u00e0 tr\u1ef1c ti\u1ebfp<\/strong>, ki\u1ec3m so\u00e1t m\u1ecdi b\u01b0\u1edbc t\u1eeb l\u1ef1a ch\u1ecdn c\u00e0 chua t\u01b0\u01a1i \u0111\u1ebfn \u0111\u00f3ng g\u00f3i cu\u1ed1i c\u00f9ng trong t\u00fai.<\/p>\n<h3 data-start=\"1866\" data-end=\"1896\">1. Nguy\u00ean li\u1ec7u th\u00f4 cao c\u1ea5p<\/h3>\n<p data-start=\"1897\" data-end=\"2066\">C\u00e0 chua c\u1ee7a ch\u00fang t\u00f4i \u0111\u01b0\u1ee3c l\u1ea5y t\u1eeb mi\u1ec1n B\u1eafc Vi\u1ec7t Nam, n\u1ed5i ti\u1ebfng v\u1edbi nhi\u1ec1u gi\u1edd n\u1eafng d\u00e0i v\u00e0 s\u1ef1 ch\u00eanh l\u1ec7ch nhi\u1ec7t \u0111\u1ed9 ng\u00e0y \u0111\u00eam l\u1edbn. L\u1ee3i th\u1ebf t\u1ef1 nhi\u00ean n\u00e0y gi\u00fap c\u00e0 chua c\u00f3:<\/p>\n<ul data-start=\"2067\" data-end=\"2160\">\n<li data-start=\"2067\" data-end=\"2092\">\n<p data-start=\"2069\" data-end=\"2092\">H\u00e0m l\u01b0\u1ee3ng ch\u1ea5t r\u1eafn h\u00f2a tan cao h\u01a1n<\/p>\n<\/li>\n<li data-start=\"2093\" data-end=\"2118\">\n<p data-start=\"2095\" data-end=\"2118\">N\u1ed9i dung lycopene phong ph\u00fa<\/p>\n<\/li>\n<li data-start=\"2119\" data-end=\"2160\">\n<p data-start=\"2121\" data-end=\"2160\">M\u00e0u s\u1eafc v\u00e0 h\u01b0\u01a1ng v\u1ecb t\u1eadp trung t\u1ed1t h\u01a1n<\/p>\n<\/li>\n<\/ul>\n<h3 data-start=\"2162\" data-end=\"2201\">2. C\u00f4ng ngh\u1ec7 ch\u1ebf bi\u1ebfn ti\u00ean ti\u1ebfn<\/h3>\n<p data-start=\"2202\" data-end=\"2269\">S\u1eed d\u1ee5ng h\u1ec7 th\u1ed1ng bay h\u01a1i v\u00e0 x\u1eed l\u00fd ti\u1ec7t tr\u00f9ng hi\u1ec7n \u0111\u1ea1i, ch\u00fang t\u00f4i \u0111\u1ea3m b\u1ea3o:<\/p>\n<ul data-start=\"2270\" data-end=\"2370\">\n<li data-start=\"2270\" data-end=\"2294\">\n<p data-start=\"2272\" data-end=\"2294\">\u0110\u1ed9 ch\u00ednh x\u00e1c Brix \u1ed5n \u0111\u1ecbnh<\/p>\n<\/li>\n<li data-start=\"2295\" data-end=\"2331\">\n<p data-start=\"2297\" data-end=\"2331\">K\u1ebft c\u1ea5u v\u00e0 \u0111\u1ed9 nh\u1edbt nh\u1ea5t qu\u00e1n<\/p>\n<\/li>\n<li data-start=\"2332\" data-end=\"2370\">\n<p data-start=\"2334\" data-end=\"2370\">Gi\u1eef nguy\u00ean h\u01b0\u01a1ng v\u1ecb t\u1ef1 nhi\u00ean c\u1ee7a c\u00e0 chua<\/p>\n<\/li>\n<\/ul>\n<h3 data-start=\"2372\" data-end=\"2412\">3. D\u00e2y chuy\u1ec1n \u0111\u00f3ng g\u00f3i t\u00fai linh ho\u1ea1t<\/h3>\n<p data-start=\"2413\" data-end=\"2486\">C\u00e1c d\u00e2y chuy\u1ec1n s\u1ea3n xu\u1ea5t c\u1ee7a ch\u00fang t\u00f4i h\u1ed7 tr\u1ee3 <strong data-start=\"2442\" data-end=\"2480\">\u0111\u00f3ng g\u00f3i t\u01b0\u01a1ng c\u00e0 trong t\u00fai 210g<\/strong> v\u1edbi:<\/p>\n<ul data-start=\"2487\" data-end=\"2590\">\n<li data-start=\"2487\" data-end=\"2509\">\n<p data-start=\"2489\" data-end=\"2509\">Ni\u00eam phong ch\u1ed1ng r\u00f2 r\u1ec9<\/p>\n<\/li>\n<li data-start=\"2510\" data-end=\"2544\">\n<p data-start=\"2512\" data-end=\"2544\">Ch\u1ea5t li\u1ec7u laminate \u0111\u1ea1t ti\u00eau chu\u1ea9n th\u1ef1c ph\u1ea9m<\/p>\n<\/li>\n<li data-start=\"2545\" data-end=\"2590\">\n<p data-start=\"2547\" data-end=\"2590\">\u0110\u1ea7u ra t\u1ed1c \u0111\u1ed9 cao, \u1ed5n \u0111\u1ecbnh cho \u0111\u01a1n h\u00e0ng s\u1ed1 l\u01b0\u1ee3ng l\u1edbn<\/p>\n<\/li>\n<\/ul>\n<hr data-start=\"2592\" data-end=\"2595\" \/>\n<h2 data-start=\"2597\" data-end=\"2646\">\u1ee8ng d\u1ee5ng l\u00fd t\u01b0\u1edfng c\u1ee7a T\u00fai 210g M\u1eadt Ong C\u00e0 Chua<\/h2>\n<p data-start=\"2648\" data-end=\"2751\">C\u00e1i <strong data-start=\"2652\" data-end=\"2672\">K\u00edch th\u01b0\u1edbc t\u00fai 210g<\/strong> l\u00e0 m\u1ed9t trong nh\u1eefng \u0111\u1ecbnh d\u1ea1ng linh ho\u1ea1t nh\u1ea5t tr\u00ean th\u1ecb tr\u01b0\u1eddng to\u00e0n c\u1ea7u v\u00e0 \u0111\u01b0\u1ee3c s\u1eed d\u1ee5ng r\u1ed9ng r\u00e3i cho:<\/p>\n<ul data-start=\"2753\" data-end=\"2986\">\n<li data-start=\"2753\" data-end=\"2801\">\n<p data-start=\"2755\" data-end=\"2801\">N\u1ea5u \u0103n h\u00e0ng ng\u00e0y t\u1ea1i nh\u00e0 (s\u1ed1t, h\u1ea7m, x\u00e0o)<\/p>\n<\/li>\n<li data-start=\"2802\" data-end=\"2837\">\n<p data-start=\"2804\" data-end=\"2837\">Nh\u00e0 h\u00e0ng v\u00e0 cung c\u1ea5p d\u1ecbch v\u1ee5 \u0103n u\u1ed1ng<\/p>\n<\/li>\n<li data-start=\"2838\" data-end=\"2873\">\n<p data-start=\"2840\" data-end=\"2873\">B\u1ed9 \u0111\u1ed3 \u0103n s\u1eb5n v\u00e0 g\u00f3i combo<\/p>\n<\/li>\n<li data-start=\"2874\" data-end=\"2904\">\n<p data-start=\"2876\" data-end=\"2904\">K\u1ec7 b\u00e1n l\u1ebb si\u00eau th\u1ecb<\/p>\n<\/li>\n<li data-start=\"2905\" data-end=\"2938\">\n<p data-start=\"2907\" data-end=\"2938\">Ch\u01b0\u01a1ng tr\u00ecnh xu\u1ea5t kh\u1ea9u nh\u00e3n hi\u1ec7u ri\u00eang<\/p>\n<\/li>\n<li data-start=\"2939\" data-end=\"2986\">\n<p data-start=\"2941\" data-end=\"2986\">Ngu\u1ed3n cung c\u1ea5p th\u1ef1c ph\u1ea9m kh\u1ea9n c\u1ea5p v\u00e0 g\u00f3i th\u1ef1c ph\u1ea9m du l\u1ecbch<\/p>\n<\/li>\n<\/ul>\n<p data-start=\"2988\" data-end=\"3140\">\u0110\u1ed1i v\u1edbi nh\u00e0 nh\u1eadp kh\u1ea9u h\u01b0\u1edbng t\u1edbi ng\u01b0\u1eddi ti\u00eau d\u00f9ng ti\u1ec7n l\u1ee3i, <strong data-start=\"3043\" data-end=\"3071\">T\u00fai t\u01b0\u01a1ng c\u00e0 210g<\/strong> cung c\u1ea5p s\u1ef1 c\u00e2n b\u1eb1ng t\u1ed1i \u01b0u gi\u1eefa k\u00edch th\u01b0\u1edbc ph\u1ea7n v\u00e0 hi\u1ec7u qu\u1ea3 tr\u00ean k\u1ec7.<\/p>\n<hr data-start=\"3142\" data-end=\"3145\" \/>\n<h2 data-start=\"3147\" data-end=\"3202\">T\u1ea1i sao ch\u1ecdn M\u1eadt Ong C\u00e0 Chua T\u00fai 210g cho th\u1ecb tr\u01b0\u1eddng c\u1ee7a b\u1ea1n?<\/h2>\n<ul data-start=\"3204\" data-end=\"3535\">\n<li data-start=\"3204\" data-end=\"3268\">\n<p data-start=\"3206\" data-end=\"3268\"><strong data-start=\"3206\" data-end=\"3237\">G\u00f3i trung b\u00ecnh ti\u1ec7n l\u1ee3i<\/strong> cho c\u00e1c b\u1eefa \u0103n \u0111\u01a1n ho\u1eb7c nhi\u1ec1u b\u1eefa<\/p>\n<\/li>\n<li data-start=\"3269\" data-end=\"3328\">\n<p data-start=\"3271\" data-end=\"3328\"><strong data-start=\"3271\" data-end=\"3301\">H\u01b0\u01a1ng v\u1ecb c\u00e0 chua c\u00f4 \u0111\u1eb7c<\/strong> \u0111\u01b0\u1ee3c l\u00e0m t\u1eeb c\u00e0 chua t\u01b0\u01a1i<\/p>\n<\/li>\n<li data-start=\"3329\" data-end=\"3408\">\n<p data-start=\"3331\" data-end=\"3408\"><strong data-start=\"3331\" data-end=\"3356\">Thi\u1ebft k\u1ebf t\u00fai \u0111\u1ee9ng<\/strong> c\u1ea3i thi\u1ec7n kh\u1ea3 n\u0103ng hi\u1ec3n th\u1ecb tr\u00ean k\u1ec7 v\u00e0 gi\u1eef \u0111\u1ed9 t\u01b0\u01a1i m\u1edbi<\/p>\n<\/li>\n<li data-start=\"3409\" data-end=\"3473\">\n<p data-start=\"3411\" data-end=\"3473\"><strong data-start=\"3411\" data-end=\"3449\">Ch\u1ee9ng nh\u1eadn \u0111\u01b0\u1ee3c c\u00f4ng nh\u1eadn to\u00e0n c\u1ea7u<\/strong> (FDA, HACCP, ISO, QS)<\/p>\n<\/li>\n<li data-start=\"3474\" data-end=\"3535\">\n<p data-start=\"3476\" data-end=\"3535\"><strong data-start=\"3476\" data-end=\"3499\">\u0110\u1ecbnh d\u1ea1ng th\u00e2n thi\u1ec7n OEM<\/strong> d\u00e0nh cho th\u01b0\u01a1ng hi\u1ec7u b\u00e1n l\u1ebb v\u00e0 d\u1ecbch v\u1ee5 \u0103n u\u1ed1ng<\/p>\n<\/li>\n<\/ul>\n<p data-start=\"3537\" data-end=\"3686\">\u0110i\u1ec1u n\u00e0y l\u00e0m cho <strong data-start=\"3548\" data-end=\"3577\">t\u00fai nh\u1ecf t\u01b0\u01a1ng c\u00e0 210g<\/strong> \u0111\u1eb7c bi\u1ec7t ph\u00f9 h\u1ee3p v\u1edbi th\u1ecb tr\u01b0\u1eddng Ch\u00e2u Phi, Trung \u0110\u00f4ng, \u0110\u00f4ng Nam \u00c1, \u0110\u00f4ng \u00c2u v\u00e0 M\u1ef9 Latinh.<\/p>\n<hr data-start=\"3688\" data-end=\"3691\" \/>\n<h2 data-start=\"3693\" data-end=\"3750\">Gi\u1ea3i ph\u00e1p T\u00fai nh\u1ecf t\u01b0\u01a1ng c\u00e0 210g OEM &amp; Nh\u00e3n ri\u00eang<\/h2>\n<p data-start=\"3752\" data-end=\"3849\">L\u00e0 m\u1ed9t <strong data-start=\"3770\" data-end=\"3811\">Nh\u00e0 cung c\u1ea5p t\u00fai nh\u1ecf t\u01b0\u01a1ng c\u00e0 210g OEM<\/strong>, ch\u00fang t\u00f4i cung c\u1ea5p t\u00f9y ch\u1ec9nh to\u00e0n di\u1ec7n:<\/p>\n<ul data-start=\"3851\" data-end=\"4072\">\n<li data-start=\"3851\" data-end=\"3884\">\n<p data-start=\"3853\" data-end=\"3884\"><strong>In nh\u00e3n ri\u00eang &amp; logo<\/strong><\/p>\n<\/li>\n<li data-start=\"3885\" data-end=\"3955\">\n<p data-start=\"3887\" data-end=\"3955\">Bao b\u00ec \u0111a ng\u00f4n ng\u1eef (Ti\u1ebfng Anh \/ Ph\u00e1p \/ \u1ea2 R\u1eadp \/ Nga)<\/p>\n<\/li>\n<li data-start=\"3956\" data-end=\"3992\">\n<p data-start=\"3958\" data-end=\"3992\">Thi\u1ebft k\u1ebf h\u1ed9p carton &amp; in m\u00e3 v\u1ea1ch<\/p>\n<\/li>\n<li data-start=\"3993\" data-end=\"4034\">\n<p data-start=\"3995\" data-end=\"4034\">Brix t\u00f9y ch\u1ec9nh, h\u1ed3 s\u01a1 h\u01b0\u01a1ng v\u1ecb v\u00e0 m\u00e0u s\u1eafc<\/p>\n<\/li>\n<li data-start=\"4035\" data-end=\"4072\">\n<p data-start=\"4037\" data-end=\"4072\">MOQ linh ho\u1ea1t v\u1edbi th\u1eddi gian ph\u1ea3n h\u1ed3i nhanh<\/p>\n<\/li>\n<\/ul>\n<p data-start=\"4074\" data-end=\"4098\"><strong data-start=\"4074\" data-end=\"4096\">T\u00f9y ch\u1ecdn \u0111\u00f3ng g\u00f3i:<\/strong><\/p>\n<ul data-start=\"4099\" data-end=\"4184\">\n<li data-start=\"4099\" data-end=\"4127\">\n<p data-start=\"4101\" data-end=\"4127\">210g \u00d7 25 t\u00fai\/h\u1ed9p carton<\/p>\n<\/li>\n<li data-start=\"4128\" data-end=\"4184\">\n<p data-start=\"4130\" data-end=\"4184\">210g \u00d7 50 t\u00fai\/h\u1ed9p carton<br data-start=\"4154\" data-end=\"4157\" \/>(T\u00f9y ch\u1ec9nh theo y\u00eau c\u1ea7u)<\/p>\n<\/li>\n<\/ul>\n<hr data-start=\"4186\" data-end=\"4189\" \/>\n<h2 data-start=\"4191\" data-end=\"4234\">Ngu\u1ed3n cung \u1ed5n \u0111\u1ecbnh &amp; kh\u1ea3 n\u0103ng xu\u1ea5t kh\u1ea9u to\u00e0n c\u1ea7u<\/h2>\n<ul data-start=\"4236\" data-end=\"4432\">\n<li data-start=\"4236\" data-end=\"4295\">\n<p data-start=\"4238\" data-end=\"4295\">H\u01a1n <strong data-start=\"4243\" data-end=\"4293\">10 n\u0103m kinh nghi\u1ec7m s\u1ea3n xu\u1ea5t t\u01b0\u01a1ng c\u00e0<\/strong><\/p>\n<\/li>\n<li data-start=\"4296\" data-end=\"4330\">\n<p data-start=\"4298\" data-end=\"4330\">N\u0103ng l\u1ef1c s\u1ea3n xu\u1ea5t h\u00e0ng th\u00e1ng \u1ed5n \u0111\u1ecbnh<\/p>\n<\/li>\n<li data-start=\"4331\" data-end=\"4374\">\n<p data-start=\"4333\" data-end=\"4374\">Xu\u1ea5t kh\u1ea9u \u0111\u1ebfn <strong data-start=\"4345\" data-end=\"4372\">H\u01a1n 30 qu\u1ed1c gia tr\u00ean to\u00e0n th\u1ebf gi\u1edbi<\/strong><\/p>\n<\/li>\n<li data-start=\"4375\" data-end=\"4432\">\n<p data-start=\"4377\" data-end=\"4432\">H\u1ed7 tr\u1ee3 chuy\u00ean nghi\u1ec7p v\u1ec1 ch\u1ee9ng t\u1eeb xu\u1ea5t kh\u1ea9u &amp; logistics<\/p>\n<\/li>\n<\/ul>\n<p data-start=\"4434\" data-end=\"4619\">N\u1ebfu b\u1ea1n \u0111ang t\u00ecm ki\u1ebfm m\u1ed9t <strong data-start=\"4461\" data-end=\"4515\">nh\u00e0 m\u00e1y s\u1ea3n xu\u1ea5t t\u01b0\u01a1ng c\u00e0 chua g\u00f3i 210g \u0111\u00e1ng tin c\u1eady t\u1ea1i Trung Qu\u1ed1c<\/strong>, Taichy \u0111\u1ecbnh v\u1ecb \u0111\u1ec3 h\u1ed7 tr\u1ee3 h\u1ee3p t\u00e1c l\u00e2u d\u00e0i v\u1edbi ch\u1ea5t l\u01b0\u1ee3ng \u1ed5n \u0111\u1ecbnh v\u00e0 gi\u00e1 c\u1ea3 c\u1ea1nh tranh.<\/p>\n<hr data-start=\"4621\" data-end=\"4624\" \/>\n<h2 data-start=\"4626\" data-end=\"4653\">T\u00ecm hi\u1ec3u th\u00eam &amp; Nh\u1eadn b\u00e1o gi\u00e1<\/h2>\n<p data-start=\"4655\" data-end=\"4764\">B\u1ea1n mu\u1ed1n xem c\u00e1ch ch\u00fang t\u00f4i bi\u1ebfn c\u00e0 chua t\u01b0\u01a1i cao c\u1ea5p th\u00e0nh s\u1ea3n ph\u1ea9m m\u00e0 <strong data-start=\"4714\" data-end=\"4742\">T\u00fai t\u01b0\u01a1ng c\u00e0 210g<\/strong> kh\u00e1ch h\u00e0ng c\u1ee7a b\u1ea1n tin t\u01b0\u1edfng?<\/p>\n<ul data-start=\"4766\" data-end=\"4949\">\n<li data-start=\"4766\" data-end=\"4803\">\n<p data-start=\"4768\" data-end=\"4803\">Kh\u00e1m ph\u00e1 nh\u1eefng l\u1ee3i th\u1ebf s\u1ea3n xu\u1ea5t c\u1ee7a ch\u00fang t\u00f4i<\/p>\n<\/li>\n<li data-start=\"4804\" data-end=\"4855\">\n<p data-start=\"4806\" data-end=\"4855\">Xem <strong data-start=\"4815\" data-end=\"4853\">H\u01b0\u1edbng d\u1eabn mua t\u01b0\u01a1ng c\u00e0 chua g\u00f3i<\/strong><\/p>\n<\/li>\n<li data-start=\"4856\" data-end=\"4949\">\n<p data-start=\"4858\" data-end=\"4949\">Kh\u00e1m ph\u00e1 l\u00fd do t\u1ea1i sao <strong data-start=\"4871\" data-end=\"4947\">t\u01b0\u01a1ng c\u00e0 chua g\u00f3i l\u00e0 l\u00fd t\u01b0\u1edfng cho c\u00e1c nh\u00e0 h\u00e0ng b\u00e1n mang \u0111i v\u00e0 ph\u1ee5c v\u1ee5 nhanh<\/strong><\/p>\n<\/li>\n<\/ul>\n<p data-start=\"4951\" data-end=\"5145\">Cho <strong data-start=\"4955\" data-end=\"5031\">gi\u1ea3i ph\u00e1p t\u00f9y ch\u1ec9nh, mua s\u1ed1 l\u01b0\u1ee3ng l\u1edbn, gi\u00e1 c\u1ea3, m\u1eabu ho\u1eb7c y\u00eau c\u1ea7u OEM<\/strong>, vui l\u00f2ng li\u00ean h\u1ec7 v\u1edbi \u0111\u1ed9i ng\u0169 b\u00e1n h\u00e0ng c\u1ee7a ch\u00fang t\u00f4i b\u1ea5t c\u1ee9 l\u00fac n\u00e0o.<br data-start=\"5071\" data-end=\"5074\" \/>H\u00e3y c\u00f9ng nhau x\u00e2y d\u1ef1ng th\u01b0\u01a1ng hi\u1ec7u t\u01b0\u01a1ng c\u00e0 chua c\u1ee7a b\u1ea1n\u2014tr\u1ef1c ti\u1ebfp t\u1eeb nh\u00e0 m\u00e1y.<\/p>","protected":false},"excerpt":{"rendered":"<p>Brix:18-20%,22-24%,26-28%,28-30%<br \/>\nH\u1ed9p thi\u1ebfc ch\u1ed1ng r\u1ec9 s\u00e9t\/ ch\u1ed1ng c\u0103ng th\u1eb3ng\/ ch\u1ed1ng \u1ea9m<br \/>\nTh\u01b0\u01a1ng hi\u1ec7u: Thi\u1ebft k\u1ebf ho\u1eb7c OEM<br \/>\nS\u1ed1 l\u01b0\u1ee3ng t\u1ed1i thi\u1ec3u: 1X20ft<br \/>\nChi ti\u1ebft giao h\u00e0ng: 30-35 ng\u00e0y sau khi nh\u1eadn \u0111\u1eb7t c\u1ecdc ho\u1eb7c LC. Giao h\u00e0ng nhanh nh\u1ea5t.<br \/>\nM\u00e3 HS:2002901100<\/p>","protected":false},"featured_media":3304,"template":"","meta":{"_acf_changed":false,"_seopress_robots_primary_cat":"none","_seopress_titles_title":"210g Sachet Tomato Paste | Manufacturer | Wholesale Supply","_seopress_titles_desc":"As the original manufacturer of 210g sachet tomato paste, we provide competitive prices and high-quality products. Ideal for food processing company.","_seopress_robots_index":"","site-sidebar-layout":"default","site-content-layout":"","ast-site-content-layout":"default","site-content-style":"default","site-sidebar-style":"default","ast-global-header-display":"","ast-banner-title-visibility":"","ast-main-header-display":"","ast-hfb-above-header-display":"","ast-hfb-below-header-display":"","ast-hfb-mobile-header-display":"","site-post-title":"","ast-breadcrumbs-content":"","ast-featured-img":"","footer-sml-layout":"","ast-disable-related-posts":"","theme-transparent-header-meta":"default","adv-header-id-meta":"","stick-header-meta":"","header-above-stick-meta":"","header-main-stick-meta":"","header-below-stick-meta":"","astra-migrate-meta-layouts":"set","ast-page-background-enabled":"default","ast-page-background-meta":{"desktop":{"background-color":"var(--ast-global-color-5)","background-image":"","background-repeat":"repeat","background-position":"center center","background-size":"auto","background-attachment":"scroll","background-type":"","background-media":"","overlay-type":"","overlay-color":"","overlay-opacity":"","overlay-gradient":""},"tablet":{"background-color":"","background-image":"","background-repeat":"repeat","background-position":"center center","background-size":"auto","background-attachment":"scroll","background-type":"","background-media":"","overlay-type":"","overlay-color":"","overlay-opacity":"","overlay-gradient":""},"mobile":{"background-color":"","background-image":"","background-repeat":"repeat","background-position":"center center","background-size":"auto","background-attachment":"scroll","background-type":"","background-media":"","overlay-type":"","overlay-color":"","overlay-opacity":"","overlay-gradient":""}},"ast-content-background-meta":{"desktop":{"background-color":"var(--ast-global-color-4)","background-image":"","background-repeat":"repeat","background-position":"center center","background-size":"auto","background-attachment":"scroll","background-type":"","background-media":"","overlay-type":"","overlay-color":"","overlay-opacity":"","overlay-gradient":""},"tablet":{"background-color":"var(--ast-global-color-4)","background-image":"","background-repeat":"repeat","background-position":"center center","background-size":"auto","background-attachment":"scroll","background-type":"","background-media":"","overlay-type":"","overlay-color":"","overlay-opacity":"","overlay-gradient":""},"mobile":{"background-color":"var(--ast-global-color-4)","background-image":"","background-repeat":"repeat","background-position":"center center","background-size":"auto","background-attachment":"scroll","background-type":"","background-media":"","overlay-type":"","overlay-color":"","overlay-opacity":"","overlay-gradient":""}}},"product_brand":[],"product_cat":[97],"product_tag":[211,166,210],"class_list":{"0":"post-1011","1":"product","2":"type-product","3":"status-publish","4":"has-post-thumbnail","6":"product_cat-tomato-paste-in-sachet","7":"product_tag-210g-tomato-paste-sauce","8":"product_tag-tomato-paste-sachet","9":"product_tag-tomato-paste-sauce","10":"desktop-align-left","11":"tablet-align-left","12":"mobile-align-left","14":"first","15":"instock","16":"sale","17":"shipping-taxable","18":"purchasable","19":"product-type-simple"},"acf":[],"_links":{"self":[{"href":"https:\/\/taichytomato.com\/vi\/wp-json\/wp\/v2\/product\/1011","targetHints":{"allow":["GET"]}}],"collection":[{"href":"https:\/\/taichytomato.com\/vi\/wp-json\/wp\/v2\/product"}],"about":[{"href":"https:\/\/taichytomato.com\/vi\/wp-json\/wp\/v2\/types\/product"}],"version-history":[{"count":0,"href":"https:\/\/taichytomato.com\/vi\/wp-json\/wp\/v2\/product\/1011\/revisions"}],"wp:featuredmedia":[{"embeddable":true,"href":"https:\/\/taichytomato.com\/vi\/wp-json\/wp\/v2\/media\/3304"}],"wp:attachment":[{"href":"https:\/\/taichytomato.com\/vi\/wp-json\/wp\/v2\/media?parent=1011"}],"wp:term":[{"taxonomy":"product_brand","embeddable":true,"href":"https:\/\/taichytomato.com\/vi\/wp-json\/wp\/v2\/product_brand?post=1011"},{"taxonomy":"product_cat","embeddable":true,"href":"https:\/\/taichytomato.com\/vi\/wp-json\/wp\/v2\/product_cat?post=1011"},{"taxonomy":"product_tag","embeddable":true,"href":"https:\/\/taichytomato.com\/vi\/wp-json\/wp\/v2\/product_tag?post=1011"}],"curies":[{"name":"wp","href":"https:\/\/api.w.org\/{rel}","templated":true}]}}