{"id":98,"date":"2025-04-19T19:29:40","date_gmt":"2025-04-20T03:29:40","guid":{"rendered":"https:\/\/taichytomato.com\/?page_id=98"},"modified":"2025-11-19T19:45:45","modified_gmt":"2025-11-20T03:45:45","slug":"about","status":"publish","type":"page","link":"https:\/\/taichytomato.com\/vi\/about\/","title":{"rendered":"V\u1ec1 ch\u00fang t\u00f4i"},"content":{"rendered":"<div data-elementor-type=\"wp-page\" data-elementor-id=\"98\" class=\"elementor elementor-98\" data-elementor-post-type=\"page\">\n\t\t\t\t<div class=\"elementor-element elementor-element-3743f70 e-flex e-con-boxed e-con e-parent\" data-id=\"3743f70\" data-element_type=\"container\" data-e-type=\"container\">\n\t\t\t\t\t<div class=\"e-con-inner\">\n\t\t\t\t<div class=\"elementor-element elementor-element-dee1564 elementor-widget elementor-widget-woocommerce-breadcrumb\" data-id=\"dee1564\" data-element_type=\"widget\" data-e-type=\"widget\" data-widget_type=\"woocommerce-breadcrumb.default\">\n\t\t\t\t<div class=\"elementor-widget-container\">\n\t\t\t\t\t<nav class=\"woocommerce-breadcrumb\" aria-label=\"Breadcrumb\" data-no-translation=\"\" data-trp-gettext=\"\">Trang ch\u1ee7<\/nav>\t\t\t\t<\/div>\n\t\t\t\t<\/div>\n\t\t\t\t\t<\/div>\n\t\t\t\t<\/div>\n\t\t<div class=\"elementor-element elementor-element-af7118b e-flex e-con-boxed e-con e-parent\" data-id=\"af7118b\" data-element_type=\"container\" data-e-type=\"container\">\n\t\t\t\t\t<div class=\"e-con-inner\">\n\t\t\t\t<div class=\"elementor-element elementor-element-15f4d57 elementor-widget elementor-widget-heading\" data-id=\"15f4d57\" data-element_type=\"widget\" data-e-type=\"widget\" data-widget_type=\"heading.default\">\n\t\t\t\t<div class=\"elementor-widget-container\">\n\t\t\t\t\t<h1 class=\"elementor-heading-title elementor-size-default\"><span style=\"font-size: 2.5rem\">V\u1ec1 C\u00f4ng ty Th\u1ef1c ph\u1ea9m Taichy <\/span><\/h1>\t\t\t\t<\/div>\n\t\t\t\t<\/div>\n\t\t\t\t\t<\/div>\n\t\t\t\t<\/div>\n\t\t<div class=\"elementor-element elementor-element-444965e e-flex e-con-boxed e-con e-parent\" data-id=\"444965e\" data-element_type=\"container\" data-e-type=\"container\">\n\t\t\t\t\t<div class=\"e-con-inner\">\n\t\t<div class=\"elementor-element elementor-element-e93c2b0 e-con-full e-flex e-con e-child\" data-id=\"e93c2b0\" data-element_type=\"container\" data-e-type=\"container\">\n\t\t\t\t<div class=\"elementor-element elementor-element-6bd8f0d elementor-widget elementor-widget-video\" data-id=\"6bd8f0d\" data-element_type=\"widget\" data-e-type=\"widget\" data-settings=\"{&quot;youtube_url&quot;:&quot;https:\\\/\\\/www.youtube.com\\\/watch?v=ykC3-sutXPE&quot;,&quot;show_image_overlay&quot;:&quot;yes&quot;,&quot;image_overlay&quot;:{&quot;url&quot;:&quot;https:\\\/\\\/taichytomato.com\\\/wp-content\\\/uploads\\\/2025\\\/04\\\/\\u56fe\\u72471.png&quot;,&quot;id&quot;:131,&quot;size&quot;:&quot;&quot;,&quot;alt&quot;:&quot;Taichy food logo&quot;,&quot;source&quot;:&quot;library&quot;},&quot;video_type&quot;:&quot;youtube&quot;,&quot;controls&quot;:&quot;yes&quot;}\" data-widget_type=\"video.default\">\n\t\t\t\t<div class=\"elementor-widget-container\">\n\t\t\t\t\t\t\t<div class=\"elementor-wrapper elementor-open-inline\">\n\t\t\t<div class=\"elementor-video\"><\/div>\t\t\t\t<div class=\"elementor-custom-embed-image-overlay\" style=\"background-image: url(https:\/\/taichytomato.com\/wp-content\/uploads\/2025\/04\/\u56fe\u72471.png);\">\n\t\t\t\t\t\t\t\t\t\t\t\t\t\t\t\t<div class=\"elementor-custom-embed-play\" role=\"button\" aria-label=\"\u0412\u043e\u0441\u043f\u0440\u043e\u0438\u0437\u0432\u0435\u0441\u0442\u0438 \u0432\u0438\u0434\u0435\u043e \u043e Taichy food logo\" tabindex=\"0\" data-no-translation-aria-label=\"\">\n\t\t\t\t\t\t\t<svg aria-hidden=\"true\" class=\"e-font-icon-svg e-eicon-play\" viewbox=\"0 0 1000 1000\" xmlns=\"http:\/\/www.w3.org\/2000\/svg\"><path d=\"M838 162C746 71 633 25 500 25 371 25 258 71 163 162 71 254 25 367 25 500 25 633 71 746 163 837 254 929 367 979 500 979 633 979 746 933 838 837 929 746 975 633 975 500 975 367 929 254 838 162M808 192C892 279 933 379 933 500 933 621 892 725 808 808 725 892 621 938 500 938 379 938 279 896 196 808 113 725 67 621 67 500 67 379 108 279 196 192 279 108 383 62 500 62 621 62 721 108 808 192M438 392V642L642 517 438 392Z\"><\/path><\/svg>\t\t\t\t\t\t<\/div>\n\t\t\t\t\t\t\t\t\t<\/div>\n\t\t\t\t\t<\/div>\n\t\t\t\t\t\t<\/div>\n\t\t\t\t<\/div>\n\t\t\t\t<\/div>\n\t\t<div class=\"elementor-element elementor-element-50b796c e-con-full e-flex e-con e-child\" data-id=\"50b796c\" data-element_type=\"container\" data-e-type=\"container\">\n\t\t\t\t<div class=\"elementor-element elementor-element-e1015ff elementor-widget elementor-widget-heading\" data-id=\"e1015ff\" data-element_type=\"widget\" data-e-type=\"widget\" data-widget_type=\"heading.default\">\n\t\t\t\t<div class=\"elementor-widget-container\">\n\t\t\t\t\t<h2 class=\"elementor-heading-title elementor-size-default\">G\u1eb7p g\u1ee1 Th\u1ef1c ph\u1ea9m Taichy <\/h2>\t\t\t\t<\/div>\n\t\t\t\t<\/div>\n\t\t\t\t<div class=\"elementor-element elementor-element-fe42cb0 elementor-widget elementor-widget-text-editor\" data-id=\"fe42cb0\" data-element_type=\"widget\" data-e-type=\"widget\" data-widget_type=\"text-editor.default\">\n\t\t\t\t<div class=\"elementor-widget-container\">\n\t\t\t\t\t\t\t\t\t<p>M\u1eadt ong c\u00e0 chua cao c\u1ea5p v\u1edbi bao b\u00ec t\u00f9y ch\u1ec9nh, l\u00fd t\u01b0\u1edfng cho th\u1ecb tr\u01b0\u1eddng to\u00e0n c\u1ea7u. Ch\u1ecdn t\u1eeb h\u1ed9p thi\u1ebfc, th\u00f9ng ho\u1eb7c t\u00fai nh\u1ecf v\u1edbi t\u00f9y ch\u1ecdn nh\u00e3n ri\u00eang. \u0110\u01b0\u1ee3c c\u00e1c nh\u00e0 nh\u1eadp kh\u1ea9u tr\u00ean to\u00e0n th\u1ebf gi\u1edbi tin d\u00f9ng. M\u1eadt ong c\u00e0 chua cao c\u1ea5p v\u1edbi bao b\u00ec t\u00f9y ch\u1ec9nh, l\u00fd t\u01b0\u1edfng cho th\u1ecb tr\u01b0\u1eddng to\u00e0n c\u1ea7u. Ch\u1ecdn t\u1eeb h\u1ed9p thi\u1ebfc, th\u00f9ng ho\u1eb7c t\u00fai nh\u1ecf v\u1edbi t\u00f9y ch\u1ecdn nh\u00e3n ri\u00eang. \u0110\u01b0\u1ee3c c\u00e1c nh\u00e0 nh\u1eadp kh\u1ea9u tr\u00ean to\u00e0n th\u1ebf gi\u1edbi tin d\u00f9ng. M\u1eadt ong c\u00e0 chua cao c\u1ea5p v\u1edbi bao b\u00ec t\u00f9y ch\u1ec9nh, l\u00fd t\u01b0\u1edfng cho th\u1ecb tr\u01b0\u1eddng to\u00e0n c\u1ea7u. Ch\u1ecdn t\u1eeb h\u1ed9p thi\u1ebfc, th\u00f9ng ho\u1eb7c t\u00fai nh\u1ecf v\u1edbi t\u00f9y ch\u1ecdn nh\u00e3n ri\u00eang. \u0110\u01b0\u1ee3c c\u00e1c nh\u00e0 nh\u1eadp kh\u1ea9u tr\u00ean to\u00e0n th\u1ebf gi\u1edbi tin d\u00f9ng.<\/p>\t\t\t\t\t\t\t\t<\/div>\n\t\t\t\t<\/div>\n\t\t\t\t<\/div>\n\t\t\t\t\t<\/div>\n\t\t\t\t<\/div>\n\t\t<div class=\"elementor-element elementor-element-22959a0 e-flex e-con-boxed e-con e-parent\" data-id=\"22959a0\" data-element_type=\"container\" data-e-type=\"container\" data-settings=\"{&quot;background_background&quot;:&quot;classic&quot;}\">\n\t\t\t\t\t<div class=\"e-con-inner\">\n\t\t<div class=\"elementor-element elementor-element-d9d566d e-con-full e-flex e-con e-child\" data-id=\"d9d566d\" data-element_type=\"container\" data-e-type=\"container\" data-settings=\"{&quot;background_background&quot;:&quot;classic&quot;}\">\n\t\t\t\t<div class=\"elementor-element elementor-element-4248645 elementor-widget elementor-widget-heading\" data-id=\"4248645\" data-element_type=\"widget\" data-e-type=\"widget\" data-widget_type=\"heading.default\">\n\t\t\t\t<div class=\"elementor-widget-container\">\n\t\t\t\t\t<h3 class=\"elementor-heading-title elementor-size-default\">Nh\u00e0 m\u00e1y Th\u1ef1c ph\u1ea9m Taichy <\/h3>\t\t\t\t<\/div>\n\t\t\t\t<\/div>\n\t\t\t\t<div class=\"elementor-element elementor-element-1fd8296 elementor-widget elementor-widget-text-editor\" data-id=\"1fd8296\" data-element_type=\"widget\" data-e-type=\"widget\" data-widget_type=\"text-editor.default\">\n\t\t\t\t<div class=\"elementor-widget-container\">\n\t\t\t\t\t\t\t\t\t<p>Ch\u00fang t\u00f4i l\u00e0 m\u1ed9t nh\u00e0 m\u00e1y ch\u1ebf bi\u1ebfn th\u1ef1c ph\u1ea9m hi\u1ec7n \u0111\u1ea1i \u0111\u01b0\u1ee3c trang b\u1ecb c\u00e1c thi\u1ebft b\u1ecb s\u1ea3n xu\u1ea5t ti\u00ean ti\u1ebfn v\u00e0 h\u1ec7 th\u1ed1ng ki\u1ec3m so\u00e1t ch\u1ea5t l\u01b0\u1ee3ng nghi\u00eam ng\u1eb7t. C\u00e1c s\u1ea3n ph\u1ea9m ch\u00ednh c\u1ee7a ch\u00fang t\u00f4i bao g\u1ed3m m\u1eadt ong c\u00e0 chua, c\u00e1c s\u1ea3n ph\u1ea9m d\u1ef1a tr\u00ean c\u00e0 chua v\u00e0 c\u00e1c m\u1eb7t h\u00e0ng n\u00f4ng nghi\u1ec7p kh\u00e1c, \u0111\u01b0\u1ee3c xu\u1ea5t kh\u1ea9u \u0111\u1ebfn nhi\u1ec1u qu\u1ed1c gia v\u00e0 khu v\u1ef1c tr\u00ean to\u00e0n th\u1ebf gi\u1edbi. Tu\u00e2n th\u1ee7 tri\u1ebft l\u00fd \u201c<strong>Ch\u1ea5t l\u01b0\u1ee3ng h\u00e0ng \u0111\u1ea7u, Kh\u00e1ch h\u00e0ng \u0111\u1eb7t l\u00ean h\u00e0ng \u0111\u1ea7u<\/strong>,\u201d ch\u00fang t\u00f4i cam k\u1ebft cung c\u1ea5p c\u00e1c s\u1ea3n ph\u1ea9m v\u00e0 d\u1ecbch v\u1ee5 ch\u1ea5t l\u01b0\u1ee3ng cao, an to\u00e0n v\u00e0 b\u1ec1n v\u1eefng cho kh\u00e1ch h\u00e0ng to\u00e0n c\u1ea7u c\u1ee7a m\u00ecnh. <a href=\"https:\/\/taichytomato.com\/vi\/?elementor_library=prodcut-archive\"><strong>T\u00ecm hi\u1ec3u th\u00eam v\u1ec1 m\u1eadt ong c\u00e0 chua c\u1ee7a ch\u00fang t\u00f4i\u00a0<\/strong><\/a><\/p>\t\t\t\t\t\t\t\t<\/div>\n\t\t\t\t<\/div>\n\t\t\t\t<div class=\"elementor-element elementor-element-3f4e134 elementor-widget elementor-widget-video\" data-id=\"3f4e134\" data-element_type=\"widget\" data-e-type=\"widget\" data-settings=\"{&quot;youtube_url&quot;:&quot;https:\\\/\\\/youtu.be\\\/ykC3-sutXPE&quot;,&quot;show_image_overlay&quot;:&quot;yes&quot;,&quot;image_overlay&quot;:{&quot;url&quot;:&quot;https:\\\/\\\/taichytomato.com\\\/wp-content\\\/uploads\\\/2025\\\/04\\\/a12ec7c5202785755cb4b170f925cb6-e1745327015432.jpg&quot;,&quot;id&quot;:152,&quot;size&quot;:&quot;&quot;,&quot;alt&quot;:&quot;tomato&quot;,&quot;source&quot;:&quot;library&quot;},&quot;video_type&quot;:&quot;youtube&quot;,&quot;controls&quot;:&quot;yes&quot;}\" data-widget_type=\"video.default\">\n\t\t\t\t<div class=\"elementor-widget-container\">\n\t\t\t\t\t\t\t<div class=\"elementor-wrapper elementor-open-inline\">\n\t\t\t<div class=\"elementor-video\"><\/div>\t\t\t\t<div class=\"elementor-custom-embed-image-overlay\" style=\"background-image: url(https:\/\/taichytomato.com\/wp-content\/uploads\/2025\/04\/a12ec7c5202785755cb4b170f925cb6-e1745327015432.jpg);\">\n\t\t\t\t\t\t\t\t\t\t\t\t\t\t\t\t<div class=\"elementor-custom-embed-play\" role=\"button\" aria-label=\"\u0412\u043e\u0441\u043f\u0440\u043e\u0438\u0437\u0432\u0435\u0441\u0442\u0438 \u0432\u0438\u0434\u0435\u043e \u043e tomato\" tabindex=\"0\" data-no-translation-aria-label=\"\">\n\t\t\t\t\t\t\t<svg aria-hidden=\"true\" class=\"e-font-icon-svg e-eicon-play\" viewbox=\"0 0 1000 1000\" xmlns=\"http:\/\/www.w3.org\/2000\/svg\"><path d=\"M838 162C746 71 633 25 500 25 371 25 258 71 163 162 71 254 25 367 25 500 25 633 71 746 163 837 254 929 367 979 500 979 633 979 746 933 838 837 929 746 975 633 975 500 975 367 929 254 838 162M808 192C892 279 933 379 933 500 933 621 892 725 808 808 725 892 621 938 500 938 379 938 279 896 196 808 113 725 67 621 67 500 67 379 108 279 196 192 279 108 383 62 500 62 621 62 721 108 808 192M438 392V642L642 517 438 392Z\"><\/path><\/svg>\t\t\t\t\t\t<\/div>\n\t\t\t\t\t\t\t\t\t<\/div>\n\t\t\t\t\t<\/div>\n\t\t\t\t\t\t<\/div>\n\t\t\t\t<\/div>\n\t\t\t\t<\/div>\n\t\t<div class=\"elementor-element elementor-element-ffc1d21 e-con-full e-flex e-con e-child\" data-id=\"ffc1d21\" data-element_type=\"container\" data-e-type=\"container\" data-settings=\"{&quot;background_background&quot;:&quot;classic&quot;}\">\n\t\t\t\t<div class=\"elementor-element elementor-element-0f47064 elementor-widget elementor-widget-heading\" data-id=\"0f47064\" data-element_type=\"widget\" data-e-type=\"widget\" data-widget_type=\"heading.default\">\n\t\t\t\t<div class=\"elementor-widget-container\">\n\t\t\t\t\t<h3 class=\"elementor-heading-title elementor-size-default\">Ch\u00e0o m\u1eebng \u0111\u1ebfn v\u1edbi Th\u1ef1c ph\u1ea9m Taichy <\/h3>\t\t\t\t<\/div>\n\t\t\t\t<\/div>\n\t\t\t\t<div class=\"elementor-element elementor-element-72d214b elementor-widget elementor-widget-text-editor\" data-id=\"72d214b\" data-element_type=\"widget\" data-e-type=\"widget\" data-widget_type=\"text-editor.default\">\n\t\t\t\t<div class=\"elementor-widget-container\">\n\t\t\t\t\t\t\t\t\t<p>Nh\u00e0 m\u00e1y c\u1ee7a ch\u00fang t\u00f4i n\u1eb1m \u1edf khu v\u1ef1c T\u00e2y B\u1eafc xinh \u0111\u1eb9p, n\u1ed5i ti\u1ebfng v\u1edbi ngu\u1ed3n l\u1ef1c n\u00f4ng nghi\u1ec7p phong ph\u00fa, trong khi v\u0103n ph\u00f2ng c\u1ee7a ch\u00fang t\u00f4i \u0111\u1eb7t t\u1ea1i th\u00e0nh ph\u1ed1 ven bi\u1ec3n \u0111\u1eb9p c\u1ee7a Thi\u00ean T\u00e2n, thu\u1eadn ti\u1ec7n ti\u1ebfp c\u1eadn c\u00e1c c\u1ea3ng qu\u1ed1c t\u1ebf l\u1edbn.<br data-start=\"307\" data-end=\"310\" \/>V\u1edbi n\u1ec1n t\u1ea3ng v\u1eefng ch\u1eafc trong vi\u1ec7c cung c\u1ea5p nguy\u00ean li\u1ec7u v\u00e0 v\u1ecb tr\u00ed chi\u1ebfn l\u01b0\u1ee3c cho logistics to\u00e0n c\u1ea7u, ch\u00fang t\u00f4i c\u00f3 th\u1ec3 cung c\u1ea5p cho kh\u00e1ch h\u00e0ng ngu\u1ed3n cung \u1ed5n \u0111\u1ecbnh, gi\u00e1 c\u1ea3 c\u1ea1nh tranh, gi\u1ea3i ph\u00e1p \u0111\u00f3ng g\u00f3i t\u00f9y ch\u1ec9nh v\u00e0 d\u1ecbch v\u1ee5 nhanh ch\u00f3ng, hi\u1ec7u qu\u1ea3.<br data-start=\"540\" data-end=\"543\" \/>Ch\u00fang t\u00f4i cam k\u1ebft cung c\u1ea5p c\u00e1c s\u1ea3n ph\u1ea9m c\u00e0 chua ch\u1ea5t l\u01b0\u1ee3ng cao, an to\u00e0n v\u00e0 b\u1ec1n v\u1eefng \u0111\u1ec3 \u0111\u00e1p \u1ee9ng \u0111a d\u1ea1ng nhu c\u1ea7u c\u1ee7a c\u00e1c \u0111\u1ed1i t\u00e1c tr\u00ean to\u00e0n th\u1ebf gi\u1edbi.<strong><a href=\"https:\/\/taichytomato.com\/vi\/why-choose-us\/\">T\u00ecm hi\u1ec3u l\u00fd do t\u1ea1i sao ch\u1ecdn ch\u00fang t\u00f4i\u00a0<\/a><\/strong><\/p>\t\t\t\t\t\t\t\t<\/div>\n\t\t\t\t<\/div>\n\t\t\t\t<div class=\"elementor-element elementor-element-1332bb1 elementor-widget elementor-widget-google_maps\" data-id=\"1332bb1\" data-element_type=\"widget\" data-e-type=\"widget\" data-widget_type=\"google_maps.default\">\n\t\t\t\t<div class=\"elementor-widget-container\">\n\t\t\t\t\t\t\t<div class=\"elementor-custom-embed\">\n\t\t\t<iframe loading=\"lazy\"\n\t\t\t\t\tsrc=\"https:\/\/maps.google.com\/maps?q=%E5%A4%A9%E6%B4%A5%E6%BB%A8%E6%B5%B7%E6%96%B0%E5%8C%BA%E5%A1%98%E6%B2%BD&#038;t=m&#038;z=10&#038;output=embed&#038;iwloc=near\"\n\t\t\t\t\ttitle=\"T\u00e2n H\u1ea3i, Khu v\u1ef1c T\u00e2n H\u1ea3i, T\u1ec9nh Th\u00e1i B\u00ecnh\"\n\t\t\t\t\taria-label=\"T\u00e2n H\u1ea3i, Khu v\u1ef1c T\u00e2n H\u1ea3i, T\u1ec9nh Th\u00e1i B\u00ecnh\"\n\t\t\t><\/iframe>\n\t\t<\/div>\n\t\t\t\t\t\t<\/div>\n\t\t\t\t<\/div>\n\t\t\t\t<\/div>\n\t\t\t\t\t<\/div>\n\t\t\t\t<\/div>\n\t\t<div class=\"elementor-element elementor-element-d196e2c e-flex e-con-boxed e-con e-parent\" data-id=\"d196e2c\" data-element_type=\"container\" data-e-type=\"container\" data-settings=\"{&quot;background_background&quot;:&quot;classic&quot;}\">\n\t\t\t\t\t<div class=\"e-con-inner\">\n\t\t\t\t<div class=\"elementor-element elementor-element-56b0ff1 elementor-widget elementor-widget-text-editor\" data-id=\"56b0ff1\" data-element_type=\"widget\" data-e-type=\"widget\" data-widget_type=\"text-editor.default\">\n\t\t\t\t<div class=\"elementor-widget-container\">\n\t\t\t\t\t\t\t\t\t<h3 data-start=\"363\" data-end=\"386\">\u00a0B\u1ec1n v\u1eefng<\/h3><ul data-start=\"387\" data-end=\"741\"><li data-start=\"387\" data-end=\"575\"><p data-start=\"389\" data-end=\"575\">Ch\u00fang t\u00f4i \u01b0u ti\u00ean ngu\u1ed3n cung c\u1ea5p c\u00e0 chua \u0111\u01b0\u1ee3c tr\u1ed3ng b\u1eb1ng c\u00e1c ph\u01b0\u01a1ng ph\u00e1p canh t\u00e1c h\u1ed7 tr\u1ee3 s\u1ee9c kh\u1ecfe \u0111\u1ea5t v\u00e0 c\u00e2n b\u1eb1ng sinh th\u00e1i, \u0111\u1ea3m b\u1ea3o m\u1ecdi b\u01b0\u1edbc trong chu\u1ed7i cung \u1ee9ng c\u1ee7a ch\u00fang t\u00f4i th\u00fac \u0111\u1ea9y s\u1ef1 b\u1ec1n v\u1eefng l\u00e2u d\u00e0i.<\/p><\/li><li data-start=\"576\" data-end=\"741\"><p data-start=\"578\" data-end=\"741\">Trong \u0111\u00f3ng g\u00f3i, ch\u00fang t\u00f4i d\u1ea7n chuy\u1ec3n sang s\u1eed d\u1ee5ng c\u00e1c v\u1eadt li\u1ec7u c\u00f3 th\u1ec3 t\u00e1i ch\u1ebf v\u00e0 ph\u00e2n h\u1ee7y sinh h\u1ecdc \u0111\u1ec3 gi\u1ea3m thi\u1ec3u t\u00e1c \u0111\u1ed9ng l\u00e2u d\u00e0i c\u1ee7a nh\u1ef1a v\u00e0 kim lo\u1ea1i \u0111\u1ed1i v\u1edbi m\u00f4i tr\u01b0\u1eddng.<\/p><\/li><\/ul><h3 data-start=\"743\" data-end=\"774\">G\u00f3p ph\u1ea7n c\u1ed9ng \u0111\u1ed3ng<\/h3><ul data-start=\"775\" data-end=\"1207\"><li data-start=\"775\" data-end=\"979\"><p data-start=\"777\" data-end=\"979\">Ch\u00fang t\u00f4i t\u00edch c\u1ef1c tham gia c\u00e1c h\u1ee3p t\u00e1c n\u00f4ng nghi\u1ec7p \u0111\u1ecba ph\u01b0\u01a1ng, cung c\u1ea5p h\u1ed7 tr\u1ee3 k\u1ef9 thu\u1eadt v\u00e0 ngu\u1ed3n l\u1ef1c gi\u00fap n\u00f4ng d\u00e2n n\u00e2ng cao n\u0103ng su\u1ea5t v\u00e0 ch\u1ea5t l\u01b0\u1ee3ng, gi\u00fap nhi\u1ec1u gia \u0111\u00ecnh h\u01b0\u1edfng l\u1ee3i t\u1eeb m\u00f9a v\u1ee5 t\u1ed1t h\u01a1n.<\/p><\/li><li data-start=\"980\" data-end=\"1207\"><p data-start=\"982\" data-end=\"1207\">Th\u00f4ng qua vi\u1ec7c h\u1ed7 tr\u1ee3 c\u00e1c s\u00e1ng ki\u1ebfn v\u1ec1 m\u00f4i tr\u01b0\u1eddng v\u00e0 gi\u00e1o d\u1ee5c d\u1ef1a v\u00e0o c\u1ed9ng \u0111\u1ed3ng, ch\u00fang t\u00f4i khuy\u1ebfn kh\u00edch gi\u1edbi tr\u1ebb v\u00e0 c\u00e1c gia \u0111\u00ecnh t\u00ecm hi\u1ec3u v\u1ec1 n\u00f4ng nghi\u1ec7p v\u00e0 b\u1ec1n v\u1eefng, x\u00e2y d\u1ef1ng m\u1ed1i li\u00ean k\u1ebft ch\u1eb7t ch\u1ebd h\u01a1n gi\u1eefa nh\u00e0 s\u1ea3n xu\u1ea5t v\u00e0 ng\u01b0\u1eddi ti\u00eau d\u00f9ng.<\/p><\/li><\/ul><h3 data-start=\"1209\" data-end=\"1242\">\u00a0Cam k\u1ebft v\u1ec1 M\u00f4i tr\u01b0\u1eddng<\/h3><ul data-start=\"1243\" data-end=\"1608\"><li data-start=\"1243\" data-end=\"1440\"><p data-start=\"1245\" data-end=\"1440\">Trong c\u00e1c c\u01a1 s\u1edf s\u1ea3n xu\u1ea5t c\u1ee7a ch\u00fang t\u00f4i, ch\u00fang t\u00f4i cam k\u1ebft v\u1ec1 hi\u1ec7u qu\u1ea3 n\u0103ng l\u01b0\u1ee3ng v\u00e0 gi\u1ea3m ph\u00e1t th\u1ea3i, t\u1ed1i \u01b0u h\u00f3a quy tr\u00ecnh \u0111\u1ec3 ti\u1ebft ki\u1ec7m n\u01b0\u1edbc v\u00e0 \u0111i\u1ec7n n\u0103ng trong khi duy tr\u00ec ch\u1ea5t l\u01b0\u1ee3ng cao c\u1ea5p trong t\u1eebng lon.<\/p><\/li><li data-start=\"1441\" data-end=\"1608\"><p data-start=\"1443\" data-end=\"1608\">B\u1eb1ng c\u00e1ch th\u00fac \u0111\u1ea9y \u0111\u00f3ng g\u00f3i s\u1ed1 l\u01b0\u1ee3ng l\u1edbn v\u00e0 c\u00e1c gi\u1ea3i ph\u00e1p OEM (nh\u01b0 th\u00f9ng, h\u1ed9p thi\u1ebfc, t\u00fai), ch\u00fang t\u00f4i gi\u1ea3m thi\u1ec3u r\u00e1c th\u1ea3i \u0111\u00f3ng g\u00f3i v\u00e0 t\u00e1c \u0111\u1ed9ng logistics, \u0111\u1ea3m b\u1ea3o s\u1eed d\u1ee5ng t\u00e0i nguy\u00ean hi\u1ec7u qu\u1ea3 h\u01a1n.<\/p><\/li><\/ul><h3>Li\u00ean h\u1ec7 v\u1edbi t\u00f4i<\/h3><ul><li>Mu\u1ed1n t\u00ecm hi\u1ec3u th\u00eam ho\u1eb7c y\u00eau c\u1ea7u b\u00e1o gi\u00e1? <a href=\"https:\/\/taichytomato.com\/vi\/contact\/\">Li\u00ean h\u1ec7<\/a> \u0111\u1ed9i ng\u0169 b\u00e1n h\u00e0ng c\u1ee7a ch\u00fang t\u00f4i h\u00f4m nay.<\/li><\/ul>\t\t\t\t\t\t\t\t<\/div>\n\t\t\t\t<\/div>\n\t\t\t\t\t<\/div>\n\t\t\t\t<\/div>\n\t\t\t\t<\/div>","protected":false},"excerpt":{"rendered":"<p>About Taichy Food Company Meet Taichy Food Premium tomato paste with customizable packaging, ideal for global markets. Choose from tins, [&hellip;]<\/p>","protected":false},"author":4,"featured_media":131,"parent":0,"menu_order":0,"comment_status":"closed","ping_status":"closed","template":"","meta":{"_acf_changed":false,"_seopress_robots_primary_cat":"","_seopress_titles_title":"About Us - Trusted Tomato Paste Exporter & Manufacturer","_seopress_titles_desc":"Discover our mission in producing and exporting tomato paste, with a focus on sustainable sourcing and advanced processing.","_seopress_robots_index":"","site-sidebar-layout":"default","site-content-layout":"","ast-site-content-layout":"default","site-content-style":"default","site-sidebar-style":"default","ast-global-header-display":"","ast-banner-title-visibility":"","ast-main-header-display":"","ast-hfb-above-header-display":"","ast-hfb-below-header-display":"","ast-hfb-mobile-header-display":"","site-post-title":"","ast-breadcrumbs-content":"","ast-featured-img":"","footer-sml-layout":"","ast-disable-related-posts":"","theme-transparent-header-meta":"","adv-header-id-meta":"","stick-header-meta":"","header-above-stick-meta":"","header-main-stick-meta":"","header-below-stick-meta":"","astra-migrate-meta-layouts":"default","ast-page-background-enabled":"default","ast-page-background-meta":{"desktop":{"background-color":"var(--ast-global-color-5)","background-image":"","background-repeat":"repeat","background-position":"center center","background-size":"auto","background-attachment":"scroll","background-type":"","background-media":"","overlay-type":"","overlay-color":"","overlay-opacity":"","overlay-gradient":""},"tablet":{"background-color":"","background-image":"","background-repeat":"repeat","background-position":"center center","background-size":"auto","background-attachment":"scroll","background-type":"","background-media":"","overlay-type":"","overlay-color":"","overlay-opacity":"","overlay-gradient":""},"mobile":{"background-color":"","background-image":"","background-repeat":"repeat","background-position":"center center","background-size":"auto","background-attachment":"scroll","background-type":"","background-media":"","overlay-type":"","overlay-color":"","overlay-opacity":"","overlay-gradient":""}},"ast-content-background-meta":{"desktop":{"background-color":"var(--ast-global-color-4)","background-image":"","background-repeat":"repeat","background-position":"center center","background-size":"auto","background-attachment":"scroll","background-type":"","background-media":"","overlay-type":"","overlay-color":"","overlay-opacity":"","overlay-gradient":""},"tablet":{"background-color":"var(--ast-global-color-4)","background-image":"","background-repeat":"repeat","background-position":"center center","background-size":"auto","background-attachment":"scroll","background-type":"","background-media":"","overlay-type":"","overlay-color":"","overlay-opacity":"","overlay-gradient":""},"mobile":{"background-color":"var(--ast-global-color-4)","background-image":"","background-repeat":"repeat","background-position":"center center","background-size":"auto","background-attachment":"scroll","background-type":"","background-media":"","overlay-type":"","overlay-color":"","overlay-opacity":"","overlay-gradient":""}},"footnotes":""},"class_list":["post-98","page","type-page","status-publish","has-post-thumbnail"],"acf":[],"_links":{"self":[{"href":"https:\/\/taichytomato.com\/vi\/wp-json\/wp\/v2\/pages\/98","targetHints":{"allow":["GET"]}}],"collection":[{"href":"https:\/\/taichytomato.com\/vi\/wp-json\/wp\/v2\/pages"}],"about":[{"href":"https:\/\/taichytomato.com\/vi\/wp-json\/wp\/v2\/types\/page"}],"author":[{"embeddable":true,"href":"https:\/\/taichytomato.com\/vi\/wp-json\/wp\/v2\/users\/4"}],"replies":[{"embeddable":true,"href":"https:\/\/taichytomato.com\/vi\/wp-json\/wp\/v2\/comments?post=98"}],"version-history":[{"count":0,"href":"https:\/\/taichytomato.com\/vi\/wp-json\/wp\/v2\/pages\/98\/revisions"}],"wp:featuredmedia":[{"embeddable":true,"href":"https:\/\/taichytomato.com\/vi\/wp-json\/wp\/v2\/media\/131"}],"wp:attachment":[{"href":"https:\/\/taichytomato.com\/vi\/wp-json\/wp\/v2\/media?parent=98"}],"curies":[{"name":"wp","href":"https:\/\/api.w.org\/{rel}","templated":true}]}}