{"id":953,"date":"2025-05-22T23:54:00","date_gmt":"2025-05-23T07:54:00","guid":{"rendered":"https:\/\/taichytomato.com\/?post_type=product&#038;p=953"},"modified":"2026-01-08T00:14:10","modified_gmt":"2026-01-08T08:14:10","slug":"4-5kg-tomato-paste-canned","status":"publish","type":"product","link":"https:\/\/taichytomato.com\/tr\/urun\/4-5kg-tomato-paste-canned\/","title":{"rendered":"4500g Konserve Domates Sal\u00e7as\u0131 \u2013 Toplu Paketleme"},"content":{"rendered":"<h2>4.5kg Konserve Domates Sal\u00e7as\u0131<\/h2>\n<p>The <strong data-start=\"809\" data-end=\"838\">4500g konserve domates sal\u00e7as\u0131<\/strong> (olarak da bilinir <strong data-start=\"854\" data-end=\"883\">4.5kg konserve domates sal\u00e7as\u0131<\/strong>) bir <strong data-start=\"890\" data-end=\"921\">b\u00fcy\u00fck boy paketleme se\u00e7ene\u011fi<\/strong> s\u00fcrekli, y\u00fcksek kaliteli domates sal\u00e7as\u0131na ihtiya\u00e7 duyan restoranlar, catering hizmetleri ve g\u0131da fabrikalar\u0131 i\u00e7in tasarlanm\u0131\u015ft\u0131r. Bu format, kolayl\u0131k, dayan\u0131kl\u0131l\u0131k ve maliyet etkinli\u011fini bir arada sunar, uluslararas\u0131 pazarlara uygundur.<\/p>\n<h2><strong>1.\u00dcr\u00fcn A\u00e7\u0131klamas\u0131<\/strong><\/h2>\n<p data-start=\"1198\" data-end=\"1476\">Bizim <strong data-start=\"1202\" data-end=\"1224\">4500g domates sal\u00e7as\u0131<\/strong> \u015fundan yap\u0131l\u0131r: <strong data-start=\"1238\" data-end=\"1276\">100% taze, olgun, GDO'suz domatesler<\/strong>, do\u011fal k\u0131rm\u0131z\u0131 renklerini, lezzetlerini ve k\u0131vamlar\u0131n\u0131 korumak i\u00e7in en iyi olgunlukta hasat edilmi\u015ftir.<br data-start=\"1370\" data-end=\"1373\" \/>Piyasa ve \u00fcr\u00fcn gereksinimlerinize g\u00f6re 18-20%, 22-24%, 26-28%, 28-30% vb. Brix seviyelerinde mevcuttur.<\/p>\n<p data-start=\"1478\" data-end=\"1669\">Her <strong data-start=\"1483\" data-end=\"1509\">4500g domates sal\u00e7as\u0131<\/strong> dikkatlice i\u015flenmi\u015f, doldurulmu\u015f ve <strong data-start=\"1563\" data-end=\"1589\">s\u0131k\u0131 kalite kontrol\u00fc alt\u0131nda sterilize edilmi\u015ftir<\/strong>, uzun raf \u00f6mr\u00fc ve katk\u0131s\u0131z \u00fcr\u00fcn kalitesi sa\u011flar.<\/p>\n<hr \/>\n<h2><strong>2.\u00dcr\u00fcn \u00d6zellikleri\u00a0<\/strong><\/h2>\n<p><strong>\u00d6zellikler 1:<\/strong><\/p>\n<table>\n<tbody>\n<tr>\n<td width=\"189\">\u00dcr\u00fcn ad\u0131<\/td>\n<td width=\"610\">Domates Sal\u00e7as\u0131<\/td>\n<\/tr>\n<tr>\n<td width=\"189\">Konsantrasyon<\/td>\n<td width=\"610\">18-20 Brix, 22-24 Brix, 26-28 Brix, 28-30 Brix, vb.<\/td>\n<\/tr>\n<tr>\n<td width=\"189\">Teneke Boyutu<\/td>\n<td width=\"610\">4500g<\/td>\n<\/tr>\n<tr>\n<td width=\"189\">Teneke tipi<\/td>\n<td width=\"610\"><strong>Sert a\u00e7\u0131l\u0131r kapak (Tek a\u00e7ma yolu)<\/strong><\/td>\n<\/tr>\n<tr>\n<td width=\"189\">Etiket<\/td>\n<td width=\"610\">Litografik bask\u0131<\/td>\n<\/tr>\n<tr>\n<td width=\"189\">HS kodu<\/td>\n<td width=\"610\">20029011<\/td>\n<\/tr>\n<tr>\n<td width=\"189\">Son kullanma tarihi<\/td>\n<td width=\"610\">24 ay<\/td>\n<\/tr>\n<tr>\n<td width=\"189\">Marka ad\u0131<\/td>\n<td width=\"610\">OEM<\/td>\n<\/tr>\n<tr>\n<td width=\"189\">Girdi-\u00e7\u0131kt\u0131 oran\u0131<\/td>\n<td width=\"610\">25%-100%<\/td>\n<\/tr>\n<\/tbody>\n<\/table>\n<p>&nbsp;<\/p>\n<p>\u00d6zellik 2:<\/p>\n<table>\n<tbody>\n<tr>\n<td>1<\/td>\n<td width=\"367\">4500g*6 kutu\/koli (HO)<\/td>\n<td width=\"139\">755 Koli<\/td>\n<\/tr>\n<\/tbody>\n<\/table>\n<p>\u00d6zelle\u015ftirilmi\u015f \u00e7\u00f6z\u00fcmler veya toplu al\u0131mlar i\u00e7in,\u00a0<a href=\"https:\/\/taichytomato.com\/tr\/contact\/\">l\u00fctfen sat\u0131\u015f ekibimizle her zaman ileti\u015fime ge\u00e7in.<\/a><\/p>\n<hr \/>\n<h2><strong>3.<\/strong><strong data-start=\"2619\" data-end=\"2643\">Paketleme Detaylar\u0131<\/strong><\/h2>\n<p>&nbsp;<\/p>\n<ul data-start=\"2645\" data-end=\"2969\">\n<li data-start=\"2645\" data-end=\"2686\">\n<p data-start=\"2647\" data-end=\"2686\"><strong data-start=\"2647\" data-end=\"2662\">Net A\u011f\u0131rl\u0131k:<\/strong> Kavanoz ba\u015f\u0131na 4500g (4.5kg)<\/p>\n<\/li>\n<li data-start=\"2687\" data-end=\"2716\">\n<p data-start=\"2689\" data-end=\"2716\"><strong data-start=\"2689\" data-end=\"2698\">Brix:<\/strong> \u00a018-20 Brix, 22-24 Brix, 26-28 Brix, 28-30 Brix, vb.<\/p>\n<\/li>\n<li data-start=\"2717\" data-end=\"2776\">\n<p data-start=\"2719\" data-end=\"2776\"><strong data-start=\"2719\" data-end=\"2736\">Kavanoz Malzemesi:<\/strong> Boyal\u0131 i\u00e7 kaplamal\u0131 teneke kutu<\/p>\n<\/li>\n<li data-start=\"2777\" data-end=\"2828\">\n<p data-start=\"2779\" data-end=\"2828\"><strong data-start=\"2779\" data-end=\"2789\">Etiket:<\/strong> Ka\u011f\u0131t etiketi veya litografik bask\u0131<\/p>\n<\/li>\n<li data-start=\"2829\" data-end=\"2883\">\n<p data-start=\"2831\" data-end=\"2883\"><strong data-start=\"2831\" data-end=\"2843\">Ambalaj:<\/strong> Karton ba\u015f\u0131na 3 veya 6 kavanoz (\u00f6zelle\u015ftirilebilir)<\/p>\n<\/li>\n<li data-start=\"2884\" data-end=\"2916\">\n<p data-start=\"2886\" data-end=\"2916\"><strong data-start=\"2886\" data-end=\"2901\">\u0130\u015flem S\u00fcresi:<\/strong> 24\u201336 ay<\/p>\n<\/li>\n<li data-start=\"2917\" data-end=\"2969\">\n<p data-start=\"2919\" data-end=\"2969\"><strong data-start=\"2919\" data-end=\"2927\">Asgari Sipari\u015f Miktar\u0131:<\/strong> OEM\/\u00f6zel etiket sipari\u015fleri i\u00e7in pazarl\u0131k yap\u0131labilir<\/p>\n<\/li>\n<\/ul>\n<hr \/>\n<h2><strong>4. \u00dcretim At\u00f6lyesi<\/strong><\/h2>\n<p>Domates \u00fcr\u00fcnlerimiz fabrikam\u0131z\u0131 ziyaret etmek ve bizimle ileti\u015fime ge\u00e7mek i\u00e7in ho\u015fgeldiniz.<\/p>\n<figure id=\"attachment_1352\" aria-describedby=\"caption-attachment-1352\" style=\"width: 431px\" class=\"wp-caption aligncenter\"><img fetchpriority=\"high\" decoding=\"async\" class=\"wp-image-1352\" src=\"https:\/\/taichytomato.com\/wp-content\/uploads\/2025\/04\/1749522102558-300x225.jpg\" alt=\"Aseptik \u00dcretim Hatt\u0131\" width=\"431\" height=\"323\" srcset=\"https:\/\/taichytomato.com\/wp-content\/uploads\/2025\/04\/1749522102558-300x225.jpg 300w, https:\/\/taichytomato.com\/wp-content\/uploads\/2025\/04\/1749522102558-1024x768.jpg 1024w, https:\/\/taichytomato.com\/wp-content\/uploads\/2025\/04\/1749522102558-768x576.jpg 768w, https:\/\/taichytomato.com\/wp-content\/uploads\/2025\/04\/1749522102558-1536x1152.jpg 1536w, https:\/\/taichytomato.com\/wp-content\/uploads\/2025\/04\/1749522102558-2048x1536.jpg 2048w, https:\/\/taichytomato.com\/wp-content\/uploads\/2025\/04\/1749522102558-600x450.jpg 600w\" sizes=\"(max-width: 431px) 100vw, 431px\" \/><figcaption id=\"caption-attachment-1352\" class=\"wp-caption-text\">Y\u00fcksek kaliteli 28\u201330 ve 36\u201338 Brix domates sal\u00e7as\u0131 i\u00e7in geli\u015fmi\u015f aseptik \u00fcretim hatt\u0131, tutarl\u0131 kalite, zengin renk ve uzun raf \u00f6mr\u00fc sa\u011flar.<\/figcaption><\/figure>\n<p>Kalite kontrol\u00fcm\u00fcz, sertifikalar\u0131m\u0131z ve \u00fcretim s\u00fcrecimiz hakk\u0131nda daha fazla bilgi edinmek i\u00e7in t\u0131klay\u0131n\u00a0<a href=\"https:\/\/taichytomato.com\/tr\/how-is-tomato-paste-made-in-a-factory\/\">buraya.<\/a><\/p>\n<hr \/>\n<h2><strong>5.4500g Konserve Domates Sal\u00e7as\u0131 Paketleme S\u00fcreci<\/strong><\/h2>\n<p data-start=\"1735\" data-end=\"1881\">Bizim <strong data-start=\"1739\" data-end=\"1786\">4500g konserve domates sal\u00e7as\u0131 paketleme s\u00fcreci<\/strong> Modern, otomatik bir tesiste, <strong data-start=\"1845\" data-end=\"1868\">HACCP, ISO ve FDA<\/strong> standartlar\u0131na uygun olarak y\u00fcr\u00fct\u00fcl\u00fcr:<\/p>\n<ol data-start=\"1883\" data-end=\"2477\">\n<li data-start=\"1883\" data-end=\"1959\">\n<p data-start=\"1886\" data-end=\"1959\"><strong data-start=\"1886\" data-end=\"1913\">Hammadde Se\u00e7imi:<\/strong> Sadece y\u00fcksek kaliteli taze domatesler kullan\u0131l\u0131r.<\/p>\n<\/li>\n<li data-start=\"1960\" data-end=\"2044\">\n<p data-start=\"1963\" data-end=\"2044\"><strong data-start=\"1963\" data-end=\"1985\">Y\u0131kama ve S\u0131ralama:<\/strong> Domatesler temizlenir ve safs\u0131zl\u0131klar\u0131n giderilmesi i\u00e7in incelenir.<\/p>\n<\/li>\n<li data-start=\"2045\" data-end=\"2133\">\n<p data-start=\"2048\" data-end=\"2133\"><strong data-start=\"2048\" data-end=\"2077\">Ezme ve Konsantrasyon:<\/strong> Domates suyu, istenen Brix seviyesine ula\u015fana kadar buharla\u015ft\u0131r\u0131l\u0131r.<\/p>\n<\/li>\n<li data-start=\"2134\" data-end=\"2236\">\n<p data-start=\"2137\" data-end=\"2236\"><strong data-start=\"2137\" data-end=\"2149\">Doldurma:<\/strong> S\u0131cak domates sal\u00e7as\u0131, aseptik dolum hatlar\u0131 kullan\u0131larak 4500g teneke kutulara doldurulur.<\/p>\n<\/li>\n<li data-start=\"2237\" data-end=\"2301\">\n<p data-start=\"2240\" data-end=\"2301\"><strong data-start=\"2240\" data-end=\"2252\">M\u00fch\u00fcrleme:<\/strong> \u00c7ift katmanl\u0131 kenetlenmi\u015f kutular, hava ge\u00e7irmez koruma sa\u011flar.<\/p>\n<\/li>\n<li data-start=\"2302\" data-end=\"2391\">\n<p data-start=\"2305\" data-end=\"2391\"><strong data-start=\"2305\" data-end=\"2323\">Sterilizasyon:<\/strong> Y\u00fcksek s\u0131cakl\u0131kta sterilizasyon mikrobiyolojik g\u00fcvenli\u011fi sa\u011flar.<\/p>\n<\/li>\n<li data-start=\"2392\" data-end=\"2477\">\n<p data-start=\"2395\" data-end=\"2477\"><strong data-start=\"2395\" data-end=\"2418\">So\u011futma ve Etiketleme:<\/strong> So\u011futma i\u015fleminden sonra kutular etiketlenir ve sevkiyat i\u00e7in paketlenir.<\/p>\n<\/li>\n<\/ol>\n<p data-start=\"2479\" data-end=\"2608\">Bu <strong data-start=\"2484\" data-end=\"2532\">otomatik 4.5kg domates sal\u00e7as\u0131 \u00fcretim hatt\u0131<\/strong> ba\u015flang\u0131\u00e7tan sona y\u00fcksek verimlilik, tutarl\u0131l\u0131k ve hijyen sa\u011flar.<\/p>\n<hr \/>\n<h3 data-start=\"2976\" data-end=\"2999\"><strong data-start=\"2980\" data-end=\"2999\">6. Uygulamalar<\/strong><\/h3>\n<p data-start=\"3001\" data-end=\"3053\">The <strong data-start=\"3005\" data-end=\"3034\">4500g konserve domates sal\u00e7as\u0131<\/strong> i\u00e7in uygundur:<\/p>\n<ul data-start=\"3054\" data-end=\"3244\">\n<li data-start=\"3054\" data-end=\"3097\">\n<p data-start=\"3056\" data-end=\"3097\">Restoran zincirleri ve catering hizmetleri<\/p>\n<\/li>\n<li data-start=\"3098\" data-end=\"3150\">\n<p data-start=\"3100\" data-end=\"3150\">G\u0131da \u00fcreticileri (soslar, \u00e7orbalar, ket\u00e7ap bazl\u0131)<\/p>\n<\/li>\n<li data-start=\"3151\" data-end=\"3200\">\n<p data-start=\"3153\" data-end=\"3200\">Toptanc\u0131 ve ihracat pazarlar\u0131 distrib\u00fct\u00f6rleri<\/p>\n<\/li>\n<li data-start=\"3201\" data-end=\"3244\">\n<p data-start=\"3203\" data-end=\"3244\">Toplu g\u0131da tedariki gerektiren kurumlar<\/p>\n<\/li>\n<\/ul>\n<hr data-start=\"3246\" data-end=\"3249\" \/>\n<h3 data-start=\"3251\" data-end=\"3298\"><strong data-start=\"3255\" data-end=\"3298\">7. 4500g Domates Sal\u00e7as\u0131 Avantajlar\u0131m\u0131z<\/strong><\/h3>\n<p data-start=\"3300\" data-end=\"3556\">\u2705 0 do\u011fal, taze domateslerden yap\u0131lm\u0131\u015ft\u0131r<br data-start=\"3340\" data-end=\"3343\" \/>\u2705 Kal\u0131n doku, parlak renk, zengin tat<br data-start=\"3384\" data-end=\"3387\" \/>\u2705 Koruyucu veya yapay renklendirici i\u00e7ermez<br data-start=\"3428\" data-end=\"3431\" \/>\u2705 Uzun raf \u00f6mr\u00fc (2\u20133 y\u0131l)<br data-start=\"3460\" data-end=\"3463\" \/>\u2705 OEM ve \u00d6zel Etiket imkan\u0131<br data-start=\"3494\" data-end=\"3497\" \/>\u2705 Rekabet\u00e7i fabrika fiyat\u0131 <strong data-start=\"3526\" data-end=\"3554\">4500g domates sal\u00e7as\u0131 fiyat\u0131<\/strong><\/p>\n<hr data-start=\"3558\" data-end=\"3561\" \/>\n<h3 data-start=\"3563\" data-end=\"3600\"><strong data-start=\"3567\" data-end=\"3600\">8. \u0130hracat ve Tedarik Kapasitesi<\/strong><\/h3>\n<p data-start=\"3602\" data-end=\"3906\">Biz profesyonel <strong data-start=\"3624\" data-end=\"3682\">4500g konserve domates sal\u00e7as\u0131 \u00fcreticisi ve ihracat\u00e7\u0131s\u0131<\/strong>, Afrika, Orta Do\u011fu, G\u00fcney Amerika ve G\u00fcneydo\u011fu Asya'ya tedarik ediyor.<br data-start=\"3756\" data-end=\"3759\" \/>\u0130hracat hizmetlerimiz \u015funlar\u0131 i\u00e7erir <strong data-start=\"3787\" data-end=\"3858\">\u00f6zelle\u015ftirilmi\u015f ambalajlama, \u00e7ok dilli etiketleme, SGS denetim deste\u011fi<\/strong>, ve b\u00fcy\u00fck sipari\u015fler i\u00e7in h\u0131zl\u0131 konteyner y\u00fckleme.<\/p>\n<figure id=\"attachment_407\" aria-describedby=\"caption-attachment-407\" style=\"width: 424px\" class=\"wp-caption aligncenter\"><img decoding=\"async\" class=\"wp-image-407\" src=\"https:\/\/taichytomato.com\/wp-content\/uploads\/2025\/04\/19022652c422b059aff596fa5c8aba0e-300x150.jpg\" alt=\"Liman&#039;da Y\u00fckleme\" width=\"424\" height=\"212\" srcset=\"https:\/\/taichytomato.com\/wp-content\/uploads\/2025\/04\/19022652c422b059aff596fa5c8aba0e-300x150.jpg 300w, https:\/\/taichytomato.com\/wp-content\/uploads\/2025\/04\/19022652c422b059aff596fa5c8aba0e-1024x512.jpg 1024w, https:\/\/taichytomato.com\/wp-content\/uploads\/2025\/04\/19022652c422b059aff596fa5c8aba0e-768x384.jpg 768w, https:\/\/taichytomato.com\/wp-content\/uploads\/2025\/04\/19022652c422b059aff596fa5c8aba0e-600x300.jpg 600w, https:\/\/taichytomato.com\/wp-content\/uploads\/2025\/04\/19022652c422b059aff596fa5c8aba0e.jpg 1100w\" sizes=\"(max-width: 424px) 100vw, 424px\" \/><figcaption id=\"caption-attachment-407\" class=\"wp-caption-text\">Liman'da Y\u00fckleme<\/figcaption><\/figure>\n<h2><strong>9<\/strong><strong>.SSS<\/strong><\/h2>\n<p><strong>1. Teklif ne zaman al\u0131nabilir?\u00a0<\/strong><\/p>\n<p>Genellikle talebinizi ald\u0131ktan sonra 12 saat i\u00e7inde fiyat teklifi veriyoruz. Fiyat\u0131 \u00e7ok acil alman\u0131z gerekiyorsa, l\u00fctfen bize bildirin, b\u00f6ylece talebinizi \u00f6nceliklendirece\u011fiz. Ayr\u0131ca WhatsApp \u00fczerinden acil olarak bizimle ileti\u015fime ge\u00e7ebilirsiniz ve pazarlama ekibimiz 24 saat \u00e7evrimi\u00e7i kalacakt\u0131r.<\/p>\n<p>&nbsp;<\/p>\n<p><strong>2. Kalitemizi kontrol etmek i\u00e7in nas\u0131l \u00f6rnek alabilirim?\u00a0<\/strong><\/p>\n<p>Fiyat onay\u0131ndan sonra, kalite kontrol\u00fc i\u00e7in \u00f6rnek talep edebilirsiniz.<\/p>\n<p>Ayr\u0131ca sevkiyat \u00f6ncesinde \u00fc\u00e7\u00fcnc\u00fc taraf (SGS\/BV) denetimini kabul ediyoruz.<\/p>\n<p>&nbsp;<\/p>\n<p><strong>3. Bask\u0131 i\u00e7in hangi dosya formatlar\u0131n\u0131 kabul ediyorsunuz?<\/strong><\/p>\n<p>PDF, Core Draw, y\u00fcksek \u00e7\u00f6z\u00fcn\u00fcrl\u00fckl\u00fc JPG veya AI format\u0131<\/p>\n<p>&nbsp;<\/p>\n<p><strong>4. Tasar\u0131m\u0131 bizim i\u00e7in yapabilir misiniz?\u00a0<\/strong><\/p>\n<p>Evet. Tasar\u0131m ve \u00fcretim konusunda zengin deneyime sahip profesyonel bir ekibimiz var.<\/p>\n<p>Ve hizmet \u00fccretsizdir.<\/p>\n<p>&nbsp;<\/p>\n<p><strong>5. \u00d6rne\u011fin ne zaman alabilirim?\u00a0<\/strong><\/p>\n<p>\u00d6rnekler i\u00e7in 3-5 i\u015f g\u00fcn\u00fc. DHL, TNT, UPS ve Fedex ile anla\u015fmam\u0131z var.<\/p>\n<p>&nbsp;<\/p>\n<p><strong>6. Seri \u00fcretim i\u00e7in teslim s\u00fcresi nedir?\u00a0<\/strong><\/p>\n<p>Seri \u00fcretim i\u00e7in 25 i\u015f g\u00fcn\u00fc. Miktar\u0131n\u0131za ba\u011fl\u0131d\u0131r ve ihtiya\u00e7lar\u0131n\u0131z\u0131 kar\u015f\u0131lamak i\u00e7in elimizden geleni yapaca\u011f\u0131z.<\/p>\n<p>\ud83d\udce9 <a href=\"https:\/\/taichytomato.com\/tr\/contact\/\"><u>Hemen bizimle ileti\u015fime ge\u00e7in<\/u><\/a>\u00a0Fiyatland\u0131rma, teknik \u00f6zellikler ve OEM ambalaj se\u00e7enekleri i\u00e7in!<\/p>\n<p>Herhangi bir kar\u0131\u015f\u0131kl\u0131\u011f\u0131n\u0131z varsa, buraya t\u0131klay\u0131n\u201d<a href=\"https:\/\/taichytomato.com\/tr\/buyers-guide-for-canned-tomato-paste\/\"><u>Konserve Domates Sal\u00e7as\u0131 Al\u0131c\u0131 Rehberi<\/u><\/a>\u201dbu size yard\u0131mc\u0131 olacakt\u0131r<\/p>","protected":false},"excerpt":{"rendered":"<p>Brix:18-20%,22-24%,26-28%,28-30%<br \/>\nPaslanmaz\/strese kar\u015f\u0131 dayan\u0131kl\u0131\/nem ge\u00e7irmez teneke kutu Kapa\u011f\u0131<br \/>\nMarka: Tasar\u0131m veya OEM<br \/>\nMinimum Miktar: 1X20ft<br \/>\nTeslimat Detay\u0131: Depozito veya akreditif al\u0131nd\u0131ktan sonra 30-35 g\u00fcn i\u00e7inde. En h\u0131zl\u0131 g\u00f6nderim.<br \/>\nHs Kodu:2002901100<\/p>","protected":false},"featured_media":3281,"template":"","meta":{"_acf_changed":false,"_seopress_robots_primary_cat":"none","_seopress_titles_title":"Industrial 4.5kg Canned Tomato Paste & Tomato Paste Tins","_seopress_titles_desc":"Our large-format canned tomato paste is ideal for industrial use.  4500g tomato paste  provide a stable and cost-effective supply for manufacturers","_seopress_robots_index":"","site-sidebar-layout":"default","site-content-layout":"","ast-site-content-layout":"default","site-content-style":"default","site-sidebar-style":"default","ast-global-header-display":"","ast-banner-title-visibility":"","ast-main-header-display":"","ast-hfb-above-header-display":"","ast-hfb-below-header-display":"","ast-hfb-mobile-header-display":"","site-post-title":"","ast-breadcrumbs-content":"","ast-featured-img":"","footer-sml-layout":"","ast-disable-related-posts":"","theme-transparent-header-meta":"default","adv-header-id-meta":"","stick-header-meta":"","header-above-stick-meta":"","header-main-stick-meta":"","header-below-stick-meta":"","astra-migrate-meta-layouts":"set","ast-page-background-enabled":"default","ast-page-background-meta":{"desktop":{"background-color":"var(--ast-global-color-5)","background-image":"","background-repeat":"repeat","background-position":"center center","background-size":"auto","background-attachment":"scroll","background-type":"","background-media":"","overlay-type":"","overlay-color":"","overlay-opacity":"","overlay-gradient":""},"tablet":{"background-color":"","background-image":"","background-repeat":"repeat","background-position":"center center","background-size":"auto","background-attachment":"scroll","background-type":"","background-media":"","overlay-type":"","overlay-color":"","overlay-opacity":"","overlay-gradient":""},"mobile":{"background-color":"","background-image":"","background-repeat":"repeat","background-position":"center center","background-size":"auto","background-attachment":"scroll","background-type":"","background-media":"","overlay-type":"","overlay-color":"","overlay-opacity":"","overlay-gradient":""}},"ast-content-background-meta":{"desktop":{"background-color":"var(--ast-global-color-4)","background-image":"","background-repeat":"repeat","background-position":"center center","background-size":"auto","background-attachment":"scroll","background-type":"","background-media":"","overlay-type":"","overlay-color":"","overlay-opacity":"","overlay-gradient":""},"tablet":{"background-color":"var(--ast-global-color-4)","background-image":"","background-repeat":"repeat","background-position":"center center","background-size":"auto","background-attachment":"scroll","background-type":"","background-media":"","overlay-type":"","overlay-color":"","overlay-opacity":"","overlay-gradient":""},"mobile":{"background-color":"var(--ast-global-color-4)","background-image":"","background-repeat":"repeat","background-position":"center center","background-size":"auto","background-attachment":"scroll","background-type":"","background-media":"","overlay-type":"","overlay-color":"","overlay-opacity":"","overlay-gradient":""}}},"product_brand":[],"product_cat":[96],"product_tag":[157,213,45,44],"class_list":{"0":"post-953","1":"product","2":"type-product","3":"status-publish","4":"has-post-thumbnail","6":"product_cat-canned-tomato-paste","7":"product_tag-4-5kg-canned-tomato-paste","8":"product_tag-4500g-canned-tomato-paste","9":"product_tag-canned-tomato-paste","10":"product_tag-tomato-paste","11":"desktop-align-left","12":"tablet-align-left","13":"mobile-align-left","15":"first","16":"instock","17":"sale","18":"shipping-taxable","19":"purchasable","20":"product-type-simple"},"acf":[],"_links":{"self":[{"href":"https:\/\/taichytomato.com\/tr\/wp-json\/wp\/v2\/product\/953","targetHints":{"allow":["GET"]}}],"collection":[{"href":"https:\/\/taichytomato.com\/tr\/wp-json\/wp\/v2\/product"}],"about":[{"href":"https:\/\/taichytomato.com\/tr\/wp-json\/wp\/v2\/types\/product"}],"version-history":[{"count":0,"href":"https:\/\/taichytomato.com\/tr\/wp-json\/wp\/v2\/product\/953\/revisions"}],"wp:featuredmedia":[{"embeddable":true,"href":"https:\/\/taichytomato.com\/tr\/wp-json\/wp\/v2\/media\/3281"}],"wp:attachment":[{"href":"https:\/\/taichytomato.com\/tr\/wp-json\/wp\/v2\/media?parent=953"}],"wp:term":[{"taxonomy":"product_brand","embeddable":true,"href":"https:\/\/taichytomato.com\/tr\/wp-json\/wp\/v2\/product_brand?post=953"},{"taxonomy":"product_cat","embeddable":true,"href":"https:\/\/taichytomato.com\/tr\/wp-json\/wp\/v2\/product_cat?post=953"},{"taxonomy":"product_tag","embeddable":true,"href":"https:\/\/taichytomato.com\/tr\/wp-json\/wp\/v2\/product_tag?post=953"}],"curies":[{"name":"wp","href":"https:\/\/api.w.org\/{rel}","templated":true}]}}