{"id":949,"date":"2025-05-22T23:48:53","date_gmt":"2025-05-23T07:48:53","guid":{"rendered":"https:\/\/taichytomato.com\/?post_type=product&#038;p=949"},"modified":"2026-01-08T00:11:54","modified_gmt":"2026-01-08T08:11:54","slug":"3kg-canned-tomato-paste-tin","status":"publish","type":"product","link":"https:\/\/taichytomato.com\/tr\/urun\/3kg-canned-tomato-paste-tin\/","title":{"rendered":"Konserve Domates Sal\u00e7as\u0131 3kg \u2013 \u00dcst\u00fcn Kalite"},"content":{"rendered":"<h2><span style=\"color: #ff0000;\">3kg Konserve Domates Sal\u00e7as\u0131<\/span><\/h2>\n<p>The <strong data-start=\"947\" data-end=\"967\">domates sal\u00e7as\u0131 3kg<\/strong> (olarak da bilinir <strong data-start=\"983\" data-end=\"1007\">3kg domates sal\u00e7as\u0131 tenekesi<\/strong>) catering hizmetlerinde, restoranlarda ve g\u0131da \u00fcretim end\u00fcstrilerinde yayg\u0131n olarak kullan\u0131lan pop\u00fcler bir ambalaj boyutudur. Aras\u0131nda m\u00fckemmel bir denge sunar <strong data-start=\"1157\" data-end=\"1190\">toplu hacim ve kolay kullan\u0131m<\/strong>, bu da onu k\u00fcresel domates sal\u00e7as\u0131 ticaretinde en \u00e7ok talep g\u00f6ren \u00fcr\u00fcnlerden biri yapmaktad\u0131r.<\/p>\n<hr \/>\n<h2><span style=\"color: #ff0000;\"><strong>1.\u00dcr\u00fcn A\u00e7\u0131klamas\u0131<\/strong><\/span><\/h2>\n<p>Bizim <strong data-start=\"1307\" data-end=\"1327\">3kg domates sal\u00e7as\u0131<\/strong> 0 taze, olgun, GDO'suz domateslerden \u00fcretilir. Onun <strong data-start=\"1423\" data-end=\"1444\">do\u011fal k\u0131rm\u0131z\u0131 rengini<\/strong>, <strong data-start=\"1446\" data-end=\"1461\">zengin lezzetini<\/strong>, ve <strong data-start=\"1467\" data-end=\"1487\">y\u00fcksek k\u0131vam\u0131n\u0131<\/strong>. korumak i\u00e7in \u00f6zenle i\u015flenir. \u00dcr\u00fcn<strong> m\u00fc\u015fteri gereksinimlerine ba\u011fl\u0131 olarak 22-24 Brix, 28\u201330 Brix veya 36\u201338 Brix<\/strong>, olarak mevcuttur.<\/p>\n<p data-start=\"1588\" data-end=\"1770\">Her <strong data-start=\"1593\" data-end=\"1617\">domates sal\u00e7as\u0131 3kg tenekesi<\/strong> g\u0131da g\u00fcvenli\u011fini, uzun raf \u00f6mr\u00fcn\u00fc ve herhangi bir kimyasal katk\u0131 maddesi veya koruyucu madde olmadan m\u00fckemmel korunmay\u0131 garanti etmek i\u00e7in vakumla kapat\u0131l\u0131r ve sterilize edilir.<\/p>\n<hr \/>\n<h2><span style=\"color: #ff0000;\"><strong>2.\u00dcr\u00fcn \u00d6zellikleri\u00a0<\/strong><\/span><\/h2>\n<p><strong>\u00d6zellikler 1:<\/strong><\/p>\n<table>\n<tbody>\n<tr>\n<td width=\"189\">\u00dcr\u00fcn ad\u0131<\/td>\n<td width=\"610\">Domates Sal\u00e7as\u0131<\/td>\n<\/tr>\n<tr>\n<td width=\"189\">Konsantrasyon<\/td>\n<td width=\"610\">18-20 Brix, 22-24 Brix, 26-28 Brix, 28-30 Brix, vb.<\/td>\n<\/tr>\n<tr>\n<td width=\"189\">Teneke Boyutu<\/td>\n<td width=\"610\">3000g<\/td>\n<\/tr>\n<tr>\n<td width=\"189\">Teneke tipi<\/td>\n<td width=\"610\">Sert a\u00e7\u0131l\u0131r kapak<\/td>\n<\/tr>\n<tr>\n<td width=\"189\">Etiket<\/td>\n<td width=\"610\">Litografik bask\u0131<\/td>\n<\/tr>\n<tr>\n<td width=\"189\">HS kodu<\/td>\n<td width=\"610\">20029011<\/td>\n<\/tr>\n<tr>\n<td width=\"189\">Son kullanma tarihi<\/td>\n<td width=\"610\">24 ay<\/td>\n<\/tr>\n<tr>\n<td width=\"189\">Marka ad\u0131<\/td>\n<td width=\"610\">OEM<\/td>\n<\/tr>\n<tr>\n<td width=\"189\">Girdi-\u00e7\u0131kt\u0131 oran\u0131<\/td>\n<td width=\"610\">25%-100%<\/td>\n<\/tr>\n<\/tbody>\n<\/table>\n<p>&nbsp;<\/p>\n<p>\u00d6zellik 2:<\/p>\n<table>\n<tbody>\n<tr>\n<td>1<\/td>\n<td width=\"367\">3000g*6 teneke\/kat (HO)<\/td>\n<td width=\"139\">1100 Koli<\/td>\n<\/tr>\n<\/tbody>\n<\/table>\n<p>\u00d6zelle\u015ftirilmi\u015f \u00e7\u00f6z\u00fcmler veya toplu al\u0131mlar i\u00e7in,\u00a0<a href=\"https:\/\/taichytomato.com\/tr\/contact\/\">l\u00fctfen sat\u0131\u015f ekibimizle her zaman ileti\u015fime ge\u00e7in.<\/a><\/p>\n<hr \/>\n<h3 data-start=\"1777\" data-end=\"1822\"><strong data-start=\"1781\" data-end=\"1822\">3. Domates Sal\u00e7as\u0131 3kg Ambalajlama S\u00fcreci<\/strong><\/h3>\n<p data-start=\"1824\" data-end=\"2006\">Bizim <strong data-start=\"1828\" data-end=\"1866\">domates sal\u00e7as\u0131 3kg ambalajlama s\u00fcreci<\/strong> s\u0131k\u0131 s\u0131k\u0131ya uyulur <strong data-start=\"1884\" data-end=\"1893\">HACCP<\/strong>, <strong data-start=\"1895\" data-end=\"1902\">ISO<\/strong>, ve <strong data-start=\"1908\" data-end=\"1915\">FDA<\/strong> standartlar\u0131na uygun.<br data-start=\"1926\" data-end=\"1929\" \/>Her \u00fcretim a\u015famas\u0131 \u00fcr\u00fcn stabilitesi ve kalitesini sa\u011flamak i\u00e7in kontrol edilir:<\/p>\n<ol data-start=\"2008\" data-end=\"2489\">\n<li data-start=\"2008\" data-end=\"2079\">\n<p data-start=\"2011\" data-end=\"2079\"><strong data-start=\"2011\" data-end=\"2037\">Hammadde Se\u00e7imi<\/strong> \u2013 Taze domatesler y\u0131kan\u0131r ve s\u0131ralan\u0131r.<\/p>\n<\/li>\n<li data-start=\"2080\" data-end=\"2165\">\n<p data-start=\"2083\" data-end=\"2165\"><strong data-start=\"2083\" data-end=\"2113\">Ezme ve Konsantrasyon<\/strong> \u2013 Meyve suyu, gereken Brix seviyesine ula\u015fmak i\u00e7in buharla\u015ft\u0131r\u0131l\u0131r.<\/p>\n<\/li>\n<li data-start=\"2166\" data-end=\"2252\">\n<p data-start=\"2169\" data-end=\"2252\"><strong data-start=\"2169\" data-end=\"2184\">S\u0131cak Doldurma<\/strong> \u2013 Konsantre macun, s\u0131cak halde <strong data-start=\"2221\" data-end=\"2239\">3kg metal kutulara<\/strong> doldurulur.<\/p>\n<\/li>\n<li data-start=\"2253\" data-end=\"2313\">\n<p data-start=\"2256\" data-end=\"2313\"><strong data-start=\"2256\" data-end=\"2267\">M\u00fch\u00fcrleme<\/strong> \u2013 Kutular, \u00e7ift diki\u015fli vakumlu m\u00fch\u00fcrleme ile kapat\u0131l\u0131r.<\/p>\n<\/li>\n<li data-start=\"2314\" data-end=\"2398\">\n<p data-start=\"2317\" data-end=\"2398\"><strong data-start=\"2317\" data-end=\"2334\">Sterilizasyon<\/strong> \u2013 Y\u00fcksek s\u0131cakl\u0131kta sterilizasyon, uzun vadeli stabilite sa\u011flar.<\/p>\n<\/li>\n<li data-start=\"2399\" data-end=\"2489\">\n<p data-start=\"2402\" data-end=\"2489\"><strong data-start=\"2402\" data-end=\"2424\">So\u011futma ve Etiketleme<\/strong> \u2013 So\u011futman\u0131n ard\u0131ndan kutular etiketlenir, paketlenir ve paletlenir.<\/p>\n<\/li>\n<\/ol>\n<p data-start=\"2491\" data-end=\"2623\">Bu <strong data-start=\"2496\" data-end=\"2545\">otomatik 3kg domates sal\u00e7as\u0131 kutu paketleme hatt\u0131<\/strong> g\u00f6nderim s\u0131ras\u0131nda tutarl\u0131 dolum a\u011f\u0131rl\u0131\u011f\u0131, hijyen ve dayan\u0131kl\u0131l\u0131k sa\u011flar.<\/p>\n<hr \/>\n<h3 data-start=\"2630\" data-end=\"2658\"><strong data-start=\"2634\" data-end=\"2658\">4. Paketleme Detaylar\u0131<\/strong><\/h3>\n<ul data-start=\"2660\" data-end=\"2920\">\n<li data-start=\"2660\" data-end=\"2699\">\n<p data-start=\"2662\" data-end=\"2699\"><strong data-start=\"2662\" data-end=\"2677\">Net A\u011f\u0131rl\u0131k:<\/strong> Her kutu 3kg (3000g)<\/p>\n<\/li>\n<li data-start=\"2700\" data-end=\"2729\">\n<p data-start=\"2702\" data-end=\"2729\"><strong data-start=\"2702\" data-end=\"2711\">Brix:<\/strong> 18-20 Brix, 22-24 Brix, 26-28 Brix, 28-30 Brix, vb.<\/p>\n<\/li>\n<li data-start=\"2730\" data-end=\"2785\">\n<p data-start=\"2732\" data-end=\"2785\"><strong data-start=\"2732\" data-end=\"2745\">Kutu Tipi:<\/strong> Boyal\u0131 i\u00e7 kaplamal\u0131 teneke kutu<\/p>\n<\/li>\n<li data-start=\"2786\" data-end=\"2837\">\n<p data-start=\"2788\" data-end=\"2837\"><strong data-start=\"2788\" data-end=\"2798\">Etiket:<\/strong> Ka\u011f\u0131t etiketi veya litografik bask\u0131<\/p>\n<\/li>\n<li data-start=\"2838\" data-end=\"2887\">\n<p data-start=\"2840\" data-end=\"2887\"><strong data-start=\"2840\" data-end=\"2852\">Ambalaj:<\/strong> Karton ba\u015f\u0131na 6 kutu (\u00f6zelle\u015ftirilebilir)<\/p>\n<\/li>\n<li data-start=\"2888\" data-end=\"2920\">\n<p data-start=\"2890\" data-end=\"2920\"><strong data-start=\"2890\" data-end=\"2905\">\u0130\u015flem S\u00fcresi:<\/strong> 24\u201336 ay<\/p>\n<\/li>\n<\/ul>\n<p data-start=\"2922\" data-end=\"3022\">\u00d6zel etiket tasar\u0131mlar\u0131 ve m\u00fc\u015fteri taleplerine uygun \u00f6zelle\u015ftirilmi\u015f \u00f6zellikler mevcuttur.<\/p>\n<hr \/>\n<h3 data-start=\"3029\" data-end=\"3052\"><strong data-start=\"3033\" data-end=\"3052\">5. Uygulamalar<\/strong><\/h3>\n<p data-start=\"3054\" data-end=\"3101\">The <strong data-start=\"3058\" data-end=\"3078\">3kg domates sal\u00e7as\u0131<\/strong> format idealdir:<\/p>\n<ul data-start=\"3102\" data-end=\"3328\">\n<li data-start=\"3102\" data-end=\"3140\">\n<p data-start=\"3104\" data-end=\"3140\">Restoranlar ve catering \u015firketleri<\/p>\n<\/li>\n<li data-start=\"3141\" data-end=\"3207\">\n<p data-start=\"3143\" data-end=\"3207\">G\u0131da \u00fcreticileri (sos, ket\u00e7ap, \u00e7orba ve g\u00fcve\u00e7 \u00fcretimi)<\/p>\n<\/li>\n<li data-start=\"3208\" data-end=\"3257\">\n<p data-start=\"3210\" data-end=\"3257\">Perakende ve toptan pazarlar i\u00e7in distrib\u00fct\u00f6rler<\/p>\n<\/li>\n<li data-start=\"3258\" data-end=\"3328\">\n<p data-start=\"3260\" data-end=\"3328\">Afrika, Orta Do\u011fu, G\u00fcney Amerika ve Asya'ya hizmet veren ihracat\u00e7\u0131lar<\/p>\n<\/li>\n<\/ul>\n<hr \/>\n<h3 data-start=\"3335\" data-end=\"3380\"><strong data-start=\"3339\" data-end=\"3380\">6. Domates Sal\u00e7as\u0131 3kg Avantajlar\u0131m\u0131z<\/strong><\/h3>\n<p data-start=\"3382\" data-end=\"3649\">\u2705 0 do\u011fal, taze domateslerden yap\u0131lm\u0131\u015ft\u0131r<br data-start=\"3422\" data-end=\"3425\" \/>\u2705 Koruyucu veya yapay renkler i\u00e7ermez<br data-start=\"3464\" data-end=\"3467\" \/>\u2705 Y\u00fcksek Brix ve kal\u0131n doku<br data-start=\"3496\" data-end=\"3499\" \/>\u2705 Stabil kalite ile uzun raf \u00f6mr\u00fc<br data-start=\"3536\" data-end=\"3539\" \/>\u2705 OEM \/ \u00d6zel etiket hizmeti mevcuttur<br data-start=\"3578\" data-end=\"3581\" \/>\u2705 Rekabet\u00e7i <strong data-start=\"3595\" data-end=\"3621\">domates sal\u00e7as\u0131 3kg fiyat\u0131<\/strong> do\u011frudan fabrikadan<\/p>\n<hr data-start=\"3651\" data-end=\"3654\" \/>\n<h3 data-start=\"3656\" data-end=\"3694\"><strong data-start=\"3660\" data-end=\"3694\">7. \u0130hracat ve Tedarik Bilgileri<\/strong><\/h3>\n<p data-start=\"3696\" data-end=\"3905\">Tedarik ediyoruz <strong data-start=\"3706\" data-end=\"3731\">domates sal\u00e7as\u0131 3kg konserve kutular\u0131<\/strong> ve <strong data-start=\"3736\" data-end=\"3761\">domates p\u00fcresi 3kg tenekeleri<\/strong> d\u00fcnyada 50'den fazla \u00fclkeye. Fabrikam\u0131z OEM markalar\u0131n\u0131, \u00e7ok dilli etiketlemeyi ve esnek nakliye se\u00e7eneklerini desteklemektedir (deniz yolu, FCL\/LCL).<\/p>\n<hr \/>\n<h2><span style=\"color: #ff0000;\"><strong>8<\/strong><strong>.SSS<\/strong><\/span><\/h2>\n<p>&nbsp;<\/p>\n<p><strong>1. Teklif ne zaman al\u0131nabilir?\u00a0<\/strong><\/p>\n<p>Genellikle talebinizi ald\u0131ktan sonra 12 saat i\u00e7inde fiyat teklifi veriyoruz. Fiyat\u0131 \u00e7ok acil alman\u0131z gerekiyorsa, l\u00fctfen bize bildirin, b\u00f6ylece talebinizi \u00f6nceliklendirece\u011fiz. Ayr\u0131ca WhatsApp \u00fczerinden acil olarak bizimle ileti\u015fime ge\u00e7ebilirsiniz ve pazarlama ekibimiz 24 saat \u00e7evrimi\u00e7i kalacakt\u0131r.<\/p>\n<p>&nbsp;<\/p>\n<p><strong>2. Kalitemizi kontrol etmek i\u00e7in nas\u0131l \u00f6rnek alabilirim?\u00a0<\/strong><\/p>\n<p>Fiyat onay\u0131ndan sonra, kalite kontrol\u00fc i\u00e7in \u00f6rnek talep edebilirsiniz.<\/p>\n<p>Ayr\u0131ca sevkiyat \u00f6ncesinde \u00fc\u00e7\u00fcnc\u00fc taraf (SGS\/BV) denetimini kabul ediyoruz.<\/p>\n<p>&nbsp;<\/p>\n<p><strong>3. Bask\u0131 i\u00e7in hangi dosya formatlar\u0131n\u0131 kabul ediyorsunuz?<\/strong><\/p>\n<p>PDF, Core Draw, y\u00fcksek \u00e7\u00f6z\u00fcn\u00fcrl\u00fckl\u00fc JPG veya AI format\u0131<\/p>\n<p>&nbsp;<\/p>\n<p><strong>4. Tasar\u0131m\u0131 bizim i\u00e7in yapabilir misiniz?\u00a0<\/strong><\/p>\n<p>Evet. Tasar\u0131m ve \u00fcretim konusunda zengin deneyime sahip profesyonel bir ekibimiz var.<\/p>\n<p>Ve hizmet \u00fccretsizdir.<\/p>\n<p>&nbsp;<\/p>\n<p><strong>5. \u00d6rne\u011fin ne zaman alabilirim?\u00a0<\/strong><\/p>\n<p>\u00d6rnekler i\u00e7in 3-5 i\u015f g\u00fcn\u00fc. DHL, TNT, UPS ve Fedex ile anla\u015fmam\u0131z var.<\/p>\n<p>&nbsp;<\/p>\n<p><strong>6. Seri \u00fcretim i\u00e7in teslim s\u00fcresi nedir?\u00a0<\/strong><\/p>\n<p>Seri \u00fcretim i\u00e7in 25 i\u015f g\u00fcn\u00fc. Miktar\u0131n\u0131za ba\u011fl\u0131d\u0131r ve ihtiya\u00e7lar\u0131n\u0131z\u0131 kar\u015f\u0131lamak i\u00e7in elimizden geleni yapaca\u011f\u0131z.<\/p>\n<p>\ud83d\udce9 <a href=\"https:\/\/taichytomato.com\/tr\/contact\/\"><u>Hemen bizimle ileti\u015fime ge\u00e7in<\/u><\/a>\u00a0Fiyatland\u0131rma, teknik \u00f6zellikler ve OEM ambalaj se\u00e7enekleri i\u00e7in!<\/p>\n<p>Herhangi bir kar\u0131\u015f\u0131kl\u0131\u011f\u0131n\u0131z varsa, buraya t\u0131klay\u0131n\u201d<a href=\"https:\/\/taichytomato.com\/tr\/buyers-guide-for-canned-tomato-paste\/\"><u>Konserve Domates Sal\u00e7as\u0131 Al\u0131c\u0131 Rehberi<\/u><\/a>\u201dbu size yard\u0131mc\u0131 olacakt\u0131r<\/p>\n<p>Herhangi bir sorunuz varsa, bu makaleye t\u0131klayabilirsiniz. .<\/p>\n<p><a href=\"https:\/\/taichytomato.com\/tr\/your-reliable-tomato-paste-supplier-drum-canned-tomato-paste-available\/\"> G\u00fcvenilir Domates Sal\u00e7as\u0131 Tedarik\u00e7iniz | Varil ve Konserve Domates Sal\u00e7as\u0131 Mevcut<\/a><\/p>","protected":false},"excerpt":{"rendered":"<p>Brix:18-20%,22-24%,26-28%,28-30%<br \/>\nPaslanmaz\/strese kar\u015f\u0131 dayan\u0131kl\u0131\/nem ge\u00e7irmez teneke kutu Kapa\u011f\u0131<br \/>\nMarka: Tasar\u0131m veya OEM<br \/>\nMinimum Miktar: 1X20ft<br \/>\nTeslimat Detay\u0131: Depozito veya akreditif al\u0131nd\u0131ktan sonra 30-35 g\u00fcn i\u00e7inde. En h\u0131zl\u0131 g\u00f6nderim.<br \/>\nHs Kodu:2002901100<\/p>","protected":false},"featured_media":3280,"template":"","meta":{"_acf_changed":false,"_seopress_robots_primary_cat":"none","_seopress_titles_title":"Industrial 3 kg Canned Tomato Paste & Tomato Paste Tins","_seopress_titles_desc":"Our large-format canned tomato paste is ideal for industrial use. 3000g tomato paste tins provide a stable and cost-effective supply for manufacturers.","_seopress_robots_index":"","site-sidebar-layout":"default","site-content-layout":"","ast-site-content-layout":"default","site-content-style":"default","site-sidebar-style":"default","ast-global-header-display":"","ast-banner-title-visibility":"","ast-main-header-display":"","ast-hfb-above-header-display":"","ast-hfb-below-header-display":"","ast-hfb-mobile-header-display":"","site-post-title":"","ast-breadcrumbs-content":"","ast-featured-img":"","footer-sml-layout":"","ast-disable-related-posts":"","theme-transparent-header-meta":"default","adv-header-id-meta":"","stick-header-meta":"","header-above-stick-meta":"","header-main-stick-meta":"","header-below-stick-meta":"","astra-migrate-meta-layouts":"set","ast-page-background-enabled":"default","ast-page-background-meta":{"desktop":{"background-color":"var(--ast-global-color-5)","background-image":"","background-repeat":"repeat","background-position":"center center","background-size":"auto","background-attachment":"scroll","background-type":"","background-media":"","overlay-type":"","overlay-color":"","overlay-opacity":"","overlay-gradient":""},"tablet":{"background-color":"","background-image":"","background-repeat":"repeat","background-position":"center center","background-size":"auto","background-attachment":"scroll","background-type":"","background-media":"","overlay-type":"","overlay-color":"","overlay-opacity":"","overlay-gradient":""},"mobile":{"background-color":"","background-image":"","background-repeat":"repeat","background-position":"center center","background-size":"auto","background-attachment":"scroll","background-type":"","background-media":"","overlay-type":"","overlay-color":"","overlay-opacity":"","overlay-gradient":""}},"ast-content-background-meta":{"desktop":{"background-color":"var(--ast-global-color-4)","background-image":"","background-repeat":"repeat","background-position":"center center","background-size":"auto","background-attachment":"scroll","background-type":"","background-media":"","overlay-type":"","overlay-color":"","overlay-opacity":"","overlay-gradient":""},"tablet":{"background-color":"var(--ast-global-color-4)","background-image":"","background-repeat":"repeat","background-position":"center center","background-size":"auto","background-attachment":"scroll","background-type":"","background-media":"","overlay-type":"","overlay-color":"","overlay-opacity":"","overlay-gradient":""},"mobile":{"background-color":"var(--ast-global-color-4)","background-image":"","background-repeat":"repeat","background-position":"center center","background-size":"auto","background-attachment":"scroll","background-type":"","background-media":"","overlay-type":"","overlay-color":"","overlay-opacity":"","overlay-gradient":""}}},"product_brand":[],"product_cat":[96],"product_tag":[214,156,45,151],"class_list":{"0":"post-949","1":"product","2":"type-product","3":"status-publish","4":"has-post-thumbnail","6":"product_cat-canned-tomato-paste","7":"product_tag-3000g-canned-tomato-paste","8":"product_tag-3kg-canned-tomato-paste","9":"product_tag-canned-tomato-paste","10":"product_tag-canned-tomato-paste-manufacture","11":"desktop-align-left","12":"tablet-align-left","13":"mobile-align-left","15":"first","16":"instock","17":"sale","18":"shipping-taxable","19":"purchasable","20":"product-type-simple"},"acf":[],"_links":{"self":[{"href":"https:\/\/taichytomato.com\/tr\/wp-json\/wp\/v2\/product\/949","targetHints":{"allow":["GET"]}}],"collection":[{"href":"https:\/\/taichytomato.com\/tr\/wp-json\/wp\/v2\/product"}],"about":[{"href":"https:\/\/taichytomato.com\/tr\/wp-json\/wp\/v2\/types\/product"}],"version-history":[{"count":0,"href":"https:\/\/taichytomato.com\/tr\/wp-json\/wp\/v2\/product\/949\/revisions"}],"wp:featuredmedia":[{"embeddable":true,"href":"https:\/\/taichytomato.com\/tr\/wp-json\/wp\/v2\/media\/3280"}],"wp:attachment":[{"href":"https:\/\/taichytomato.com\/tr\/wp-json\/wp\/v2\/media?parent=949"}],"wp:term":[{"taxonomy":"product_brand","embeddable":true,"href":"https:\/\/taichytomato.com\/tr\/wp-json\/wp\/v2\/product_brand?post=949"},{"taxonomy":"product_cat","embeddable":true,"href":"https:\/\/taichytomato.com\/tr\/wp-json\/wp\/v2\/product_cat?post=949"},{"taxonomy":"product_tag","embeddable":true,"href":"https:\/\/taichytomato.com\/tr\/wp-json\/wp\/v2\/product_tag?post=949"}],"curies":[{"name":"wp","href":"https:\/\/api.w.org\/{rel}","templated":true}]}}