{"id":941,"date":"2025-05-22T23:45:00","date_gmt":"2025-05-23T07:45:00","guid":{"rendered":"https:\/\/taichytomato.com\/?post_type=product&#038;p=941"},"modified":"2026-03-23T23:38:04","modified_gmt":"2026-03-24T07:38:04","slug":"2-2kg-canned-tomato-paste","status":"publish","type":"product","link":"https:\/\/taichytomato.com\/tr\/urun\/2-2kg-canned-tomato-paste\/","title":{"rendered":"Domates Sal\u00e7as\u0131 2.2kg \u2013 \u00dcst\u00fcn Kalite, K\u00fcresel Tedarik i\u00e7in Profesyonel Ambalajlama"},"content":{"rendered":"<h2><span style=\"color: #ff0000;\">2.2kg Konserve Domates Sal\u00e7as\u0131<\/span><\/h2>\n<p>The <strong data-start=\"984\" data-end=\"1006\">domates sal\u00e7as\u0131 2.2kg<\/strong> (olarak da bilinir <strong data-start=\"1022\" data-end=\"1048\">domates sal\u00e7as\u0131 2200g kutu<\/strong>) hem ev hem de end\u00fcstriyel kullan\u0131m i\u00e7in en pop\u00fcler ambalaj boyutlar\u0131ndan biridir. Soslar, \u00e7orbalar ve g\u00fcve\u00e7ler haz\u0131rlamak i\u00e7in catering, restoranlar ve g\u0131da \u00fcretim sekt\u00f6rlerinde yayg\u0131n olarak kullan\u0131l\u0131r.<\/p>\n<h2><span style=\"color: #ff0000;\"><strong>1.\u00dcr\u00fcn A\u00e7\u0131klamas\u0131<\/strong><\/span><\/h2>\n<p data-start=\"1288\" data-end=\"1549\">Bizim <strong data-start=\"1292\" data-end=\"1315\">2.2 kg domates sal\u00e7as\u0131<\/strong> 100% taze ve olgun domateslerden yap\u0131lm\u0131\u015ft\u0131r, do\u011fal lezzetini, zengin rengini ve y\u00fcksek viskozitesini korumak i\u00e7in dikkatlice se\u00e7ilmi\u015f ve i\u015flenmi\u015ftir. Sal\u00e7a yo\u011funla\u015ft\u0131r\u0131lm\u0131\u015ft\u0131r <strong>20-22%<\/strong> , <strong data-start=\"1485\" data-end=\"1510\">28\u201330% veya 36\u201338% Brix<\/strong>, olarak mevcuttur.<\/p>\n<p data-start=\"1551\" data-end=\"1698\">Her <strong data-start=\"1556\" data-end=\"1582\">domates sal\u00e7as\u0131 2.2kg kutu<\/strong> Uzun raf \u00f6mr\u00fc ve tazeli\u011fi sa\u011flamak i\u00e7in hermetik olarak m\u00fch\u00fcrlenmi\u015ftir, herhangi bir koruyucu veya yapay katk\u0131 maddesi i\u00e7ermez.<\/p>\n<hr \/>\n<h2><span style=\"color: #ff0000;\"><strong>2.\u00dcr\u00fcn \u00d6zellikleri\u00a0<\/strong><\/span><\/h2>\n<p><strong>\u00d6zellikler 1:<\/strong><\/p>\n<table>\n<tbody>\n<tr>\n<td width=\"189\">\u00dcr\u00fcn ad\u0131<\/td>\n<td width=\"610\"><strong>Domates Sal\u00e7as\u0131 tenekesi<\/strong><\/td>\n<\/tr>\n<tr>\n<td width=\"189\">Konsantrasyon<\/td>\n<td width=\"610\">18-20 Brix, 22-24 Brix, 26-28 Brix, 28-30 Brix, vb.<\/td>\n<\/tr>\n<tr>\n<td width=\"189\">Teneke Boyutu<\/td>\n<td width=\"610\">2200g<\/td>\n<\/tr>\n<tr>\n<td width=\"189\">Teneke tipi<\/td>\n<td width=\"610\">Kolay a\u00e7\u0131l\u0131r kapak\/Zor a\u00e7\u0131l\u0131r kapak<\/td>\n<\/tr>\n<tr>\n<td width=\"189\">Etiket<\/td>\n<td width=\"610\">Litografik bask\u0131<\/td>\n<\/tr>\n<tr>\n<td width=\"189\">HS kodu<\/td>\n<td width=\"610\">20029011<\/td>\n<\/tr>\n<tr>\n<td width=\"189\">Son kullanma tarihi<\/td>\n<td width=\"610\">24 ay<\/td>\n<\/tr>\n<tr>\n<td width=\"189\">Marka ad\u0131<\/td>\n<td width=\"610\">OEM<\/td>\n<\/tr>\n<tr>\n<td width=\"189\">Girdi-\u00e7\u0131kt\u0131 oran\u0131<\/td>\n<td width=\"610\">25%-100%<\/td>\n<\/tr>\n<\/tbody>\n<\/table>\n<p>&nbsp;<\/p>\n<p>\u00d6zellik 2:<\/p>\n<table>\n<tbody>\n<tr>\n<td>1<\/td>\n<td width=\"367\">2200g*6 kutu\/koli (HO&amp;EO)<\/td>\n<td width=\"139\">1710 Koli<\/td>\n<\/tr>\n<\/tbody>\n<\/table>\n<p>\u00d6zelle\u015ftirilmi\u015f \u00e7\u00f6z\u00fcmler veya toplu al\u0131mlar i\u00e7in,\u00a0<a href=\"https:\/\/taichytomato.com\/tr\/contact\/\">l\u00fctfen sat\u0131\u015f ekibimizle her zaman ileti\u015fime ge\u00e7in.<\/a><\/p>\n<hr \/>\n<h2><strong>3.<\/strong><strong data-start=\"1710\" data-end=\"1768\">\u00a0Domates Sal\u00e7as\u0131 2.2kg Kutu Ambalajlama S\u00fcreci<\/strong><\/h2>\n<p data-start=\"1770\" data-end=\"1890\">The <strong data-start=\"1774\" data-end=\"1814\">domates sal\u00e7as\u0131 2.2kg ambalajlama s\u00fcreci<\/strong> sert uluslararas\u0131 g\u0131da g\u00fcvenli\u011fi standartlar\u0131na (HACCP, ISO ve FDA) uygundur.<\/p>\n<p data-start=\"1892\" data-end=\"1922\"><strong data-start=\"1892\" data-end=\"1920\">Ambalajlama ad\u0131mlar\u0131 \u015funlar\u0131 i\u00e7erir:<\/strong><\/p>\n<ol data-start=\"1923\" data-end=\"2425\">\n<li data-start=\"1923\" data-end=\"1992\">\n<p data-start=\"1926\" data-end=\"1992\"><strong data-start=\"1926\" data-end=\"1942\">Haz\u0131rl\u0131k:<\/strong> Taze domatesler y\u0131kan\u0131r, s\u0131ralan\u0131r ve ezilir.<\/p>\n<\/li>\n<li data-start=\"1993\" data-end=\"2082\">\n<p data-start=\"1996\" data-end=\"2082\"><strong data-start=\"1996\" data-end=\"2014\">Konsantrasyon:<\/strong> Domates suyu istenilen Brix seviyesine ula\u015fmak i\u00e7in buharla\u015ft\u0131r\u0131l\u0131r.<\/p>\n<\/li>\n<li data-start=\"2083\" data-end=\"2173\">\n<p data-start=\"2086\" data-end=\"2173\"><strong data-start=\"2086\" data-end=\"2098\">Doldurma:<\/strong> S\u0131cak p\u00fcre, doldurulur <strong data-start=\"2128\" data-end=\"2148\">2.2kg metal kutulara<\/strong> veya aseptik kaplara.<\/p>\n<\/li>\n<li data-start=\"2174\" data-end=\"2240\">\n<p data-start=\"2177\" data-end=\"2240\"><strong data-start=\"2177\" data-end=\"2189\">M\u00fch\u00fcrleme:<\/strong> Kutu kontaminasyonu \u00f6nlemek i\u00e7in vakumlan\u0131r.<\/p>\n<\/li>\n<li data-start=\"2241\" data-end=\"2332\">\n<p data-start=\"2244\" data-end=\"2332\"><strong data-start=\"2244\" data-end=\"2262\">Sterilizasyon:<\/strong> Kapal\u0131 kutular y\u00fcksek s\u0131cakl\u0131k ve bas\u0131n\u00e7 alt\u0131nda sterilize edilir.<\/p>\n<\/li>\n<li data-start=\"2333\" data-end=\"2425\">\n<p data-start=\"2336\" data-end=\"2425\"><strong data-start=\"2336\" data-end=\"2359\">So\u011futma ve Etiketleme:<\/strong> Kutular so\u011futulur, etiketlenir ve sevkiyat i\u00e7in kartonlara paketlenir.<\/p>\n<\/li>\n<\/ol>\n<p data-start=\"2427\" data-end=\"2548\">Bu <strong data-start=\"2432\" data-end=\"2483\">otomatik domates sal\u00e7as\u0131 2.2kg kutu paketleme hatt\u0131<\/strong> ta\u015f\u0131ma s\u0131ras\u0131nda tutarl\u0131l\u0131k, hijyen ve dayan\u0131kl\u0131l\u0131k sa\u011flar.<\/p>\n<h2 data-start=\"2555\" data-end=\"2584\"><strong data-start=\"2560\" data-end=\"2584\">4. Kutu Se\u00e7enekleri<\/strong><\/h2>\n<p data-start=\"2586\" data-end=\"2689\">Farkl\u0131 <strong data-start=\"2603\" data-end=\"2638\">kutu malzemeleri ve tasar\u0131mlar\u0131<\/strong> sunuyoruz <strong data-start=\"2643\" data-end=\"2675\">2.2kg domates sal\u00e7as\u0131 paketlemesi i\u00e7in<\/strong>, \u015funlar\u0131 i\u00e7ermektedir:<\/p>\n<ul data-start=\"2690\" data-end=\"2820\">\n<li data-start=\"2690\" data-end=\"2727\">\n<p data-start=\"2692\" data-end=\"2727\">Kolay a\u00e7\u0131l\u0131r kapakl\u0131 teneke kutular<\/p>\n<\/li>\n<li data-start=\"2760\" data-end=\"2820\">\n<p data-start=\"2762\" data-end=\"2820\">M\u00fc\u015fteri taleplerine g\u00f6re \u00f6zel etiket tasar\u0131mlar\u0131<\/p>\n<\/li>\n<\/ul>\n<h2 data-start=\"2827\" data-end=\"2851\"><strong data-start=\"2832\" data-end=\"2851\">5. Uygulamalar<\/strong><\/h2>\n<p data-start=\"2853\" data-end=\"2902\">The <strong data-start=\"2857\" data-end=\"2879\">domates sal\u00e7as\u0131 2.2kg<\/strong> format idealdir:<\/p>\n<ul data-start=\"2903\" data-end=\"3070\">\n<li data-start=\"2903\" data-end=\"2946\">\n<p data-start=\"2905\" data-end=\"2946\">Restoran zincirleri ve catering hizmetleri<\/p>\n<\/li>\n<li data-start=\"2947\" data-end=\"3002\">\n<p data-start=\"2949\" data-end=\"3002\">G\u0131da \u00fcreticileri (sos, ket\u00e7ap ve \u00e7orba bazlar\u0131)<\/p>\n<\/li>\n<li data-start=\"3003\" data-end=\"3070\">\n<p data-start=\"3005\" data-end=\"3070\">Dayan\u0131kl\u0131 ve ekonomik paketleme boyutlar\u0131 gerektiren ihracat pazarlar\u0131<\/p>\n<\/li>\n<\/ul>\n<hr data-start=\"3072\" data-end=\"3075\" \/>\n<h2 data-start=\"3077\" data-end=\"3127\"><strong data-start=\"3082\" data-end=\"3127\">6. Neden Bizim 2.2kg Domates Sal\u00e7as\u0131 Kutular\u0131m\u0131z\u0131 Tercih Etmelisiniz<\/strong><\/h2>\n<p data-start=\"3129\" data-end=\"3325\">\u2705 0 do\u011fal, GDO'suz domateslerden \u00fcretilmi\u015ftir<br data-start=\"3171\" data-end=\"3174\" \/>\u2705 Zengin k\u0131rm\u0131z\u0131 renk ve kal\u0131n doku<br data-start=\"3208\" data-end=\"3211\" \/>\u2705 Uzun raf \u00f6mr\u00fc (24\u201336 ay)<br data-start=\"3243\" data-end=\"3246\" \/>\u2705 OEM ve \u00d6zel Etiket imkan\u0131<br data-start=\"3277\" data-end=\"3280\" \/>\u2705 Toplu sipari\u015fler i\u00e7in rekabet\u00e7i fabrika fiyat\u0131<\/p>\n<hr \/>\n<h2 data-start=\"3332\" data-end=\"3361\"><strong data-start=\"3337\" data-end=\"3361\">7. \u0130hracat ve Teslimat<\/strong><\/h2>\n<p data-start=\"3363\" data-end=\"3583\">Bizim <strong data-start=\"3367\" data-end=\"3396\">2.2kg konserve domates sal\u00e7as\u0131<\/strong> \u00fcr\u00fcnler Afrika, Orta Do\u011fu, G\u00fcney Amerika ve G\u00fcneydo\u011fu Asya'ya ihra\u00e7 edilmektedir. Sa\u011fl\u0131yoruz <strong data-start=\"3493\" data-end=\"3517\">\u00f6zelle\u015ftirilmi\u015f ambalajlama<\/strong>, h\u0131zl\u0131 g\u00f6nderim ve uluslararas\u0131 ticaret i\u00e7in tam dok\u00fcmantasyon.<\/p>\n<h2><strong>8<\/strong><strong>.SSS<\/strong><\/h2>\n<p>&nbsp;<\/p>\n<p><strong>1. Teklif ne zaman al\u0131nabilir?\u00a0<\/strong><\/p>\n<p>Genellikle talebinizi ald\u0131ktan sonra 12 saat i\u00e7inde fiyat teklifi veriyoruz. Fiyat\u0131 \u00e7ok acil alman\u0131z gerekiyorsa, l\u00fctfen bize bildirin, b\u00f6ylece talebinizi \u00f6nceliklendirece\u011fiz. Ayr\u0131ca WhatsApp \u00fczerinden acil olarak bizimle ileti\u015fime ge\u00e7ebilirsiniz ve pazarlama ekibimiz 24 saat \u00e7evrimi\u00e7i kalacakt\u0131r.<\/p>\n<p>&nbsp;<\/p>\n<p><strong>2. Kalitemizi kontrol etmek i\u00e7in nas\u0131l \u00f6rnek alabilirim?\u00a0<\/strong><\/p>\n<p>Fiyat onay\u0131ndan sonra, kalite kontrol\u00fc i\u00e7in \u00f6rnek talep edebilirsiniz.<\/p>\n<p>Ayr\u0131ca sevkiyat \u00f6ncesinde \u00fc\u00e7\u00fcnc\u00fc taraf (SGS\/BV) denetimini kabul ediyoruz.<\/p>\n<p>&nbsp;<\/p>\n<p><strong>3. Bask\u0131 i\u00e7in hangi dosya formatlar\u0131n\u0131 kabul ediyorsunuz?<\/strong><\/p>\n<p>PDF, Core Draw, y\u00fcksek \u00e7\u00f6z\u00fcn\u00fcrl\u00fckl\u00fc JPG veya AI format\u0131<\/p>\n<p>&nbsp;<\/p>\n<p><strong>4. Tasar\u0131m\u0131 bizim i\u00e7in yapabilir misiniz?\u00a0<\/strong><\/p>\n<p>Evet. Tasar\u0131m ve \u00fcretim konusunda zengin deneyime sahip profesyonel bir ekibimiz var.<\/p>\n<p>Ve hizmet \u00fccretsizdir.<\/p>\n<p>&nbsp;<\/p>\n<p><strong>5. \u00d6rne\u011fin ne zaman alabilirim?\u00a0<\/strong><\/p>\n<p>\u00d6rnekler i\u00e7in 3-5 i\u015f g\u00fcn\u00fc. DHL, TNT, UPS ve Fedex ile anla\u015fmam\u0131z var.<\/p>\n<p>&nbsp;<\/p>\n<p><strong>6. Seri \u00fcretim i\u00e7in teslim s\u00fcresi nedir?\u00a0<\/strong><\/p>\n<p>Seri \u00fcretim i\u00e7in 25 i\u015f g\u00fcn\u00fc. Miktar\u0131n\u0131za ba\u011fl\u0131d\u0131r ve ihtiya\u00e7lar\u0131n\u0131z\u0131 kar\u015f\u0131lamak i\u00e7in elimizden geleni yapaca\u011f\u0131z.<\/p>\n<p>\ud83d\udce9 <a href=\"https:\/\/taichytomato.com\/tr\/contact\/\"><u>Hemen bizimle ileti\u015fime ge\u00e7in<\/u><\/a>\u00a0Fiyatland\u0131rma, teknik \u00f6zellikler ve OEM ambalaj se\u00e7enekleri i\u00e7in!<\/p>\n<p>Herhangi bir kar\u0131\u015f\u0131kl\u0131\u011f\u0131n\u0131z varsa, buraya t\u0131klay\u0131n\u201d<a href=\"https:\/\/taichytomato.com\/tr\/buyers-guide-for-canned-tomato-paste\/\"><u>Konserve Domates Sal\u00e7as\u0131 Al\u0131c\u0131 Rehberi<\/u><\/a>\u201dbu size yard\u0131mc\u0131 olacakt\u0131r<\/p>","protected":false},"excerpt":{"rendered":"<p>Brix:18-20%,22-24%,26-28%,28-30%<br \/>\nPaslanmaz\/strese kar\u015f\u0131 dayan\u0131kl\u0131\/nem ge\u00e7irmez teneke kutu Kapa\u011f\u0131<br \/>\nMarka: Tasar\u0131m veya OEM<br \/>\nMinimum Miktar: 1X20ft<br \/>\nTeslimat Detay\u0131: Depozito veya akreditif al\u0131nd\u0131ktan sonra 30-35 g\u00fcn i\u00e7inde. En h\u0131zl\u0131 g\u00f6nderim.<br \/>\nHs Kodu:2002901100<\/p>","protected":false},"featured_media":3267,"template":"","meta":{"_acf_changed":false,"_seopress_robots_primary_cat":"none","_seopress_titles_title":"Industrial 2.2kg Canned Tomato Paste & Tomato Paste Tins","_seopress_titles_desc":"Our large-format canned tomato paste is ideal for industrial use. 2200g tins tomato paste provide a stable and cost-effective supply for manufacturers.","_seopress_robots_index":"","site-sidebar-layout":"default","site-content-layout":"","ast-site-content-layout":"default","site-content-style":"default","site-sidebar-style":"default","ast-global-header-display":"","ast-banner-title-visibility":"","ast-main-header-display":"","ast-hfb-above-header-display":"","ast-hfb-below-header-display":"","ast-hfb-mobile-header-display":"","site-post-title":"","ast-breadcrumbs-content":"","ast-featured-img":"","footer-sml-layout":"","ast-disable-related-posts":"","theme-transparent-header-meta":"default","adv-header-id-meta":"","stick-header-meta":"","header-above-stick-meta":"","header-main-stick-meta":"","header-below-stick-meta":"","astra-migrate-meta-layouts":"set","ast-page-background-enabled":"default","ast-page-background-meta":{"desktop":{"background-color":"var(--ast-global-color-5)","background-image":"","background-repeat":"repeat","background-position":"center center","background-size":"auto","background-attachment":"scroll","background-type":"","background-media":"","overlay-type":"","overlay-color":"","overlay-opacity":"","overlay-gradient":""},"tablet":{"background-color":"","background-image":"","background-repeat":"repeat","background-position":"center center","background-size":"auto","background-attachment":"scroll","background-type":"","background-media":"","overlay-type":"","overlay-color":"","overlay-opacity":"","overlay-gradient":""},"mobile":{"background-color":"","background-image":"","background-repeat":"repeat","background-position":"center center","background-size":"auto","background-attachment":"scroll","background-type":"","background-media":"","overlay-type":"","overlay-color":"","overlay-opacity":"","overlay-gradient":""}},"ast-content-background-meta":{"desktop":{"background-color":"var(--ast-global-color-4)","background-image":"","background-repeat":"repeat","background-position":"center center","background-size":"auto","background-attachment":"scroll","background-type":"","background-media":"","overlay-type":"","overlay-color":"","overlay-opacity":"","overlay-gradient":""},"tablet":{"background-color":"var(--ast-global-color-4)","background-image":"","background-repeat":"repeat","background-position":"center center","background-size":"auto","background-attachment":"scroll","background-type":"","background-media":"","overlay-type":"","overlay-color":"","overlay-opacity":"","overlay-gradient":""},"mobile":{"background-color":"var(--ast-global-color-4)","background-image":"","background-repeat":"repeat","background-position":"center center","background-size":"auto","background-attachment":"scroll","background-type":"","background-media":"","overlay-type":"","overlay-color":"","overlay-opacity":"","overlay-gradient":""}}},"product_brand":[],"product_cat":[96],"product_tag":[155,215,45,151],"class_list":{"0":"post-941","1":"product","2":"type-product","3":"status-publish","4":"has-post-thumbnail","6":"product_cat-canned-tomato-paste","7":"product_tag-2-2kg-canned-tomato-paste","8":"product_tag-2200g-canned-tomato-paste","9":"product_tag-canned-tomato-paste","10":"product_tag-canned-tomato-paste-manufacture","11":"desktop-align-left","12":"tablet-align-left","13":"mobile-align-left","15":"first","16":"instock","17":"sale","18":"shipping-taxable","19":"purchasable","20":"product-type-simple"},"acf":[],"_links":{"self":[{"href":"https:\/\/taichytomato.com\/tr\/wp-json\/wp\/v2\/product\/941","targetHints":{"allow":["GET"]}}],"collection":[{"href":"https:\/\/taichytomato.com\/tr\/wp-json\/wp\/v2\/product"}],"about":[{"href":"https:\/\/taichytomato.com\/tr\/wp-json\/wp\/v2\/types\/product"}],"version-history":[{"count":0,"href":"https:\/\/taichytomato.com\/tr\/wp-json\/wp\/v2\/product\/941\/revisions"}],"wp:featuredmedia":[{"embeddable":true,"href":"https:\/\/taichytomato.com\/tr\/wp-json\/wp\/v2\/media\/3267"}],"wp:attachment":[{"href":"https:\/\/taichytomato.com\/tr\/wp-json\/wp\/v2\/media?parent=941"}],"wp:term":[{"taxonomy":"product_brand","embeddable":true,"href":"https:\/\/taichytomato.com\/tr\/wp-json\/wp\/v2\/product_brand?post=941"},{"taxonomy":"product_cat","embeddable":true,"href":"https:\/\/taichytomato.com\/tr\/wp-json\/wp\/v2\/product_cat?post=941"},{"taxonomy":"product_tag","embeddable":true,"href":"https:\/\/taichytomato.com\/tr\/wp-json\/wp\/v2\/product_tag?post=941"}],"curies":[{"name":"wp","href":"https:\/\/api.w.org\/{rel}","templated":true}]}}