{"id":935,"date":"2025-05-22T23:35:34","date_gmt":"2025-05-23T07:35:34","guid":{"rendered":"https:\/\/taichytomato.com\/?post_type=product&#038;p=935"},"modified":"2026-01-08T00:14:37","modified_gmt":"2026-01-08T08:14:37","slug":"850g-canned-tomato-paste","status":"publish","type":"product","link":"https:\/\/taichytomato.com\/tr\/urun\/850g-canned-tomato-paste\/","title":{"rendered":"850g Konserve Domates Sal\u00e7as\u0131"},"content":{"rendered":"<h2>850g Konserve Domates Sal\u00e7as\u0131<\/h2>\n<h3 data-start=\"610\" data-end=\"701\"><strong data-start=\"614\" data-end=\"701\">850g Domates Sal\u00e7as\u0131 \u2013 Ev, Yemek ve \u0130hracat i\u00e7in Premium Konserve Domates Sal\u00e7as\u0131<\/strong><\/h3>\n<p data-start=\"703\" data-end=\"944\">The <strong data-start=\"707\" data-end=\"728\">850g domates sal\u00e7as\u0131<\/strong> \u00e7ok y\u00f6nl\u00fc, orta boy bir ambalaj \u00e7\u00f6z\u00fcm\u00fcd\u00fcr ve \u015funlar i\u00e7in uygundur: <strong data-start=\"789\" data-end=\"850\">ev mutfaklar\u0131, yemek hizmetleri ve ihracat pazarlar\u0131<\/strong>. \u015eunun i\u00e7in olduk\u00e7a de\u011ferlidir: <strong data-start=\"880\" data-end=\"941\">zengin rengi, yo\u011fun k\u0131vam\u0131 ve konsantre domates aromas\u0131<\/strong>.<\/p>\n<h2><strong>1.\u00dcr\u00fcn A\u00e7\u0131klamas\u0131<\/strong><\/h2>\n<p data-start=\"980\" data-end=\"1227\">Bizim <strong data-start=\"984\" data-end=\"1012\">850g konserve domates sal\u00e7as\u0131<\/strong> \u015fundan yap\u0131l\u0131r: <strong data-start=\"1026\" data-end=\"1064\">100% taze, olgun, GDO'suz domatesler<\/strong>.<br data-start=\"1065\" data-end=\"1068\" \/>Mevcut <strong data-start=\"1087\" data-end=\"1112\">18-20 Brix, 22-24 Brix, 26-28 Brix, 28-30 Brix, vb.<\/strong>, tutarl\u0131 <strong data-start=\"1134\" data-end=\"1166\">renk, lezzet ve viskozite<\/strong> soslar, \u00e7orbalar, g\u00fcve\u00e7ler ve di\u011fer mutfak uygulamalar\u0131 i\u00e7in.<\/p>\n<p data-start=\"1229\" data-end=\"1423\">Her <strong data-start=\"1234\" data-end=\"1259\">850g domates sal\u00e7as\u0131 teneke kutusu<\/strong> s\u0131k\u0131 kalite kontrol alt\u0131nda \u00fcretilir ve \u015funlar\u0131 sa\u011flamak i\u00e7in sterilize edilir: <strong data-start=\"1326\" data-end=\"1373\">uzun raf \u00f6mr\u00fc, tazelik ve g\u0131da g\u00fcvenli\u011fi<\/strong>, koruyucu veya yapay katk\u0131 maddesi olmadan.<\/p>\n<p>&nbsp;<\/p>\n<hr \/>\n<h2><strong>2.\u00dcr\u00fcn \u00d6zellikleri\u00a0<\/strong><\/h2>\n<p><strong>\u00d6zellikler 1:<\/strong><\/p>\n<table>\n<tbody>\n<tr>\n<td width=\"189\">\u00dcr\u00fcn ad\u0131<\/td>\n<td width=\"610\">Domates Sal\u00e7as\u0131<\/td>\n<\/tr>\n<tr>\n<td width=\"189\">Konsantrasyon<\/td>\n<td width=\"610\">18-20 Brix, 22-24 Brix, 26-28 Brix, 28-30 Brix, vb.<\/td>\n<\/tr>\n<tr>\n<td width=\"189\">Teneke Boyutu<\/td>\n<td width=\"610\">850g<\/td>\n<\/tr>\n<tr>\n<td width=\"189\">Teneke tipi<\/td>\n<td width=\"610\">Kolay a\u00e7\u0131l\u0131r kapak\/Zor a\u00e7\u0131l\u0131r kapak<\/td>\n<\/tr>\n<tr>\n<td width=\"189\">Etiket<\/td>\n<td width=\"610\">Litografik bask\u0131<\/td>\n<\/tr>\n<tr>\n<td width=\"189\">HS kodu<\/td>\n<td width=\"610\">20029011<\/td>\n<\/tr>\n<tr>\n<td width=\"189\">Son kullanma tarihi<\/td>\n<td width=\"610\">24 ay<\/td>\n<\/tr>\n<tr>\n<td width=\"189\">Marka ad\u0131<\/td>\n<td width=\"610\">OEM<\/td>\n<\/tr>\n<tr>\n<td width=\"189\">Girdi-\u00e7\u0131kt\u0131 oran\u0131<\/td>\n<td width=\"610\">25%-100%<\/td>\n<\/tr>\n<\/tbody>\n<\/table>\n<p>&nbsp;<\/p>\n<p>\u00d6zellik 2:<\/p>\n<table>\n<tbody>\n<tr>\n<td>1<\/td>\n<td width=\"367\">850g*12 kutu\/koli (HO&amp;EO)<\/td>\n<td width=\"139\">1960 Koli<\/td>\n<\/tr>\n<\/tbody>\n<\/table>\n<p>\u00d6zelle\u015ftirilmi\u015f \u00e7\u00f6z\u00fcmler veya toplu al\u0131mlar i\u00e7in,\u00a0<a href=\"https:\/\/taichytomato.com\/tr\/contact\/\">l\u00fctfen sat\u0131\u015f ekibimizle her zaman ileti\u015fime ge\u00e7in.<\/a><\/p>\n<hr \/>\n<h2><strong>3.<\/strong><strong data-start=\"1434\" data-end=\"1458\">Paketleme S\u00fcreci<\/strong><\/h2>\n<p data-start=\"1460\" data-end=\"1581\">The <strong data-start=\"1464\" data-end=\"1507\">850g domates sal\u00e7as\u0131 teneke kutu paketleme s\u00fcreci<\/strong> tamamen otomatiktir ve \u015funlara uygundur: <strong data-start=\"1545\" data-end=\"1568\">HACCP, ISO ve FDA<\/strong> standartlar\u0131na uygun olarak y\u00fcr\u00fct\u00fcl\u00fcr:<\/p>\n<ol data-start=\"1583\" data-end=\"2085\">\n<li data-start=\"1583\" data-end=\"1652\">\n<p data-start=\"1586\" data-end=\"1652\"><strong data-start=\"1586\" data-end=\"1613\">Hammadde Se\u00e7imi:<\/strong> Sadece y\u00fcksek kaliteli domatesler kullan\u0131l\u0131r.<\/p>\n<\/li>\n<li data-start=\"1653\" data-end=\"1716\">\n<p data-start=\"1656\" data-end=\"1716\"><strong data-start=\"1656\" data-end=\"1678\">Y\u0131kama ve S\u0131ralama:<\/strong> Domatesler temizlenir ve denetlenir.<\/p>\n<\/li>\n<li data-start=\"1717\" data-end=\"1798\">\n<p data-start=\"1720\" data-end=\"1798\"><strong data-start=\"1720\" data-end=\"1749\">Ezme ve Konsantrasyon:<\/strong> Domates p\u00fcresi istenilen Brix seviyesine kadar buharla\u015ft\u0131r\u0131l\u0131r.<\/p>\n<\/li>\n<li data-start=\"1799\" data-end=\"1856\">\n<p data-start=\"1802\" data-end=\"1856\"><strong data-start=\"1802\" data-end=\"1818\">S\u0131cak Doldurma:<\/strong> Sal\u00e7a 850g'l\u0131k teneke kutulara doldurulur.<\/p>\n<\/li>\n<li data-start=\"1857\" data-end=\"1923\">\n<p data-start=\"1860\" data-end=\"1923\"><strong data-start=\"1860\" data-end=\"1872\">M\u00fch\u00fcrleme:<\/strong> Kutu kontaminasyonu \u00f6nlemek i\u00e7in vakumlan\u0131r.<\/p>\n<\/li>\n<li data-start=\"1924\" data-end=\"2005\">\n<p data-start=\"1927\" data-end=\"2005\"><strong data-start=\"1927\" data-end=\"1945\">Sterilizasyon:<\/strong> Y\u00fcksek s\u0131cakl\u0131kta sterilizasyon \u00fcr\u00fcn\u00fcn stabilitesini sa\u011flar.<\/p>\n<\/li>\n<li data-start=\"2006\" data-end=\"2085\">\n<p data-start=\"2009\" data-end=\"2085\"><strong data-start=\"2009\" data-end=\"2032\">So\u011futma ve Etiketleme:<\/strong> Kutu so\u011futulur, etiketlenir ve sevkiyata haz\u0131rlan\u0131r.<\/p>\n<\/li>\n<\/ol>\n<p data-start=\"2087\" data-end=\"2193\">Bu s\u00fcre\u00e7 her \u015feyi sa\u011flar <strong data-start=\"2114\" data-end=\"2142\">850g konserve domates sal\u00e7as\u0131<\/strong> istikrarl\u0131 kalite, renk ve tat korunur.<\/p>\n<p>&nbsp;<\/p>\n<figure id=\"attachment_308\" aria-describedby=\"caption-attachment-308\" style=\"width: 502px\" class=\"wp-caption aligncenter\"><img fetchpriority=\"high\" decoding=\"async\" class=\"wp-image-308\" src=\"https:\/\/taichytomato.com\/wp-content\/uploads\/2025\/04\/35d2ab71-895d-4351-8ae6-2cff5003f202-300x180.jpg\" alt=\"konserve domates p\u00fcresi\" width=\"502\" height=\"301\" srcset=\"https:\/\/taichytomato.com\/wp-content\/uploads\/2025\/04\/35d2ab71-895d-4351-8ae6-2cff5003f202-300x180.jpg 300w, https:\/\/taichytomato.com\/wp-content\/uploads\/2025\/04\/35d2ab71-895d-4351-8ae6-2cff5003f202-768x461.jpg 768w, https:\/\/taichytomato.com\/wp-content\/uploads\/2025\/04\/35d2ab71-895d-4351-8ae6-2cff5003f202-600x360.jpg 600w, https:\/\/taichytomato.com\/wp-content\/uploads\/2025\/04\/35d2ab71-895d-4351-8ae6-2cff5003f202.jpg 900w\" sizes=\"(max-width: 502px) 100vw, 502px\" \/><figcaption id=\"caption-attachment-308\" class=\"wp-caption-text\">konserve domates p\u00fcresi<\/figcaption><\/figure>\n<hr \/>\n<h2><strong>4.<\/strong><strong data-start=\"2851\" data-end=\"2870\">\u00a0Uygulamalar<\/strong><\/h2>\n<p data-start=\"2872\" data-end=\"2913\">The <strong data-start=\"2876\" data-end=\"2897\">850g domates sal\u00e7as\u0131<\/strong> \u0130\u015fte i\u00e7in idealdir:<\/p>\n<ul data-start=\"2914\" data-end=\"3094\">\n<li data-start=\"2914\" data-end=\"2964\">\n<p data-start=\"2916\" data-end=\"2964\">Evde g\u00fcnl\u00fck pi\u015firme (\u00e7orbalar, soslar, g\u00fcve\u00e7ler)<\/p>\n<\/li>\n<li data-start=\"2965\" data-end=\"3003\">\n<p data-start=\"2967\" data-end=\"3003\">Yemek hizmeti ve restoran operasyonlar\u0131<\/p>\n<\/li>\n<li data-start=\"3004\" data-end=\"3035\">\n<p data-start=\"3006\" data-end=\"3035\">Market ve perakende sat\u0131\u015f<\/p>\n<\/li>\n<li data-start=\"3036\" data-end=\"3094\">\n<p data-start=\"3038\" data-end=\"3094\">Toplu veya orta boy paketleme gerektiren ihracat pazarlar\u0131<\/p>\n<\/li>\n<\/ul>\n<p>Kalite kontrol\u00fcm\u00fcz, sertifikalar\u0131m\u0131z ve \u00fcretim s\u00fcrecimiz hakk\u0131nda daha fazla bilgi edinmek i\u00e7in t\u0131klay\u0131n\u00a0<a href=\"https:\/\/taichytomato.com\/tr\/how-is-tomato-paste-made-in-a-factory\/\">buraya.<\/a><\/p>\n<hr \/>\n<h2><strong>5. Paketleme ve Lojistik<\/strong><\/h2>\n<p><strong>D\u0131\u015f Paketimiz<\/strong><\/p>\n<ol>\n<li>\u0130hracat ta\u015f\u0131mac\u0131l\u0131\u011f\u0131na uygun, sert ve dayan\u0131kl\u0131 ka\u011f\u0131t karton.<\/li>\n<li>Kutu ile birlikte daralt\u0131lm\u0131\u015f ambalaj<\/li>\n<li>Sadece daralt\u0131lm\u0131\u015f ambalaj<\/li>\n<\/ol>\n<figure id=\"attachment_1380\" aria-describedby=\"caption-attachment-1380\" style=\"width: 509px\" class=\"wp-caption alignnone\"><img decoding=\"async\" class=\"wp-image-1380\" src=\"https:\/\/taichytomato.com\/wp-content\/uploads\/2025\/05\/\u56fe\u72471-300x76.jpg\" alt=\"Paketleme \u015fekli\" width=\"509\" height=\"129\" srcset=\"https:\/\/taichytomato.com\/wp-content\/uploads\/2025\/05\/\u56fe\u72471-300x76.jpg 300w, https:\/\/taichytomato.com\/wp-content\/uploads\/2025\/05\/\u56fe\u72471.jpg 600w\" sizes=\"(max-width: 509px) 100vw, 509px\" \/><figcaption id=\"caption-attachment-1380\" class=\"wp-caption-text\">Paketleme \u015fekli<\/figcaption><\/figure>\n<hr \/>\n<h3 data-start=\"3101\" data-end=\"3144\"><strong data-start=\"3105\" data-end=\"3144\">6. Neden 850g Domates Sal\u00e7am\u0131z\u0131 Tercih Etmelisiniz<\/strong><\/h3>\n<p data-start=\"3146\" data-end=\"3236\">\u0130hracat Uzmanl\u0131\u011f\u0131: <strong data-start=\"3164\" data-end=\"3221\">4500g konserve domates sal\u00e7as\u0131 \u00fcreticisi ve ihracat\u00e7\u0131s\u0131<\/strong>, sa\u011flar\u0131z:<\/p>\n<ul data-start=\"3237\" data-end=\"3412\">\n<li data-start=\"3237\" data-end=\"3270\">\n<p data-start=\"3239\" data-end=\"3270\">OEM ve \u00f6zel etiket se\u00e7enekleri<\/p>\n<\/li>\n<li data-start=\"3271\" data-end=\"3312\">\n<p data-start=\"3273\" data-end=\"3312\">\u00c7oklu Brix seviyeleri (18-20%, 22-24%, 26-28%, 28-30%, vb.)<\/p>\n<\/li>\n<li data-start=\"3313\" data-end=\"3360\">\n<p data-start=\"3315\" data-end=\"3360\">Rekabet\u00e7i fabrika fiyat\u0131 ve h\u0131zl\u0131 teslimat<\/p>\n<\/li>\n<li data-start=\"3361\" data-end=\"3412\">\n<p data-start=\"3363\" data-end=\"3412\">Tam ihracat belgeleri ve kalite g\u00fcvencesi<\/p>\n<\/li>\n<\/ul>\n<hr \/>\n<h2><strong>7<\/strong><strong>.SSS<\/strong><\/h2>\n<p>&nbsp;<\/p>\n<p><strong>1. Teklif ne zaman al\u0131nabilir?\u00a0<\/strong><\/p>\n<p>Genellikle talebinizi ald\u0131ktan sonra 12 saat i\u00e7inde fiyat teklifi veriyoruz. Fiyat\u0131 \u00e7ok acil alman\u0131z gerekiyorsa, l\u00fctfen bize bildirin, b\u00f6ylece talebinizi \u00f6nceliklendirece\u011fiz. Ayr\u0131ca WhatsApp \u00fczerinden acil olarak bizimle ileti\u015fime ge\u00e7ebilirsiniz ve pazarlama ekibimiz 24 saat \u00e7evrimi\u00e7i kalacakt\u0131r.<\/p>\n<p>&nbsp;<\/p>\n<p><strong>2. Kalitemizi kontrol etmek i\u00e7in nas\u0131l \u00f6rnek alabilirim?\u00a0<\/strong><\/p>\n<p>Fiyat onay\u0131ndan sonra, kalite kontrol\u00fc i\u00e7in \u00f6rnek talep edebilirsiniz.<\/p>\n<p>Ayr\u0131ca sevkiyat \u00f6ncesinde \u00fc\u00e7\u00fcnc\u00fc taraf (SGS\/BV) denetimini kabul ediyoruz.<\/p>\n<p>&nbsp;<\/p>\n<p><strong>3. Bask\u0131 i\u00e7in hangi dosya formatlar\u0131n\u0131 kabul ediyorsunuz?<\/strong><\/p>\n<p>PDF, Core Draw, y\u00fcksek \u00e7\u00f6z\u00fcn\u00fcrl\u00fckl\u00fc JPG veya AI format\u0131<\/p>\n<p>&nbsp;<\/p>\n<p><strong>4. Tasar\u0131m\u0131 bizim i\u00e7in yapabilir misiniz?\u00a0<\/strong><\/p>\n<p>Evet. Tasar\u0131m ve \u00fcretim konusunda zengin deneyime sahip profesyonel bir ekibimiz var.<\/p>\n<p>Ve hizmet \u00fccretsizdir.<\/p>\n<p>&nbsp;<\/p>\n<p><strong>5. \u00d6rne\u011fin ne zaman alabilirim?\u00a0<\/strong><\/p>\n<p>\u00d6rnekler i\u00e7in 3-5 i\u015f g\u00fcn\u00fc. DHL, TNT, UPS ve Fedex ile anla\u015fmam\u0131z var.<\/p>\n<p>&nbsp;<\/p>\n<p><strong>6. Seri \u00fcretim i\u00e7in teslim s\u00fcresi nedir?\u00a0<\/strong><\/p>\n<p>Seri \u00fcretim i\u00e7in 25 i\u015f g\u00fcn\u00fc. Miktar\u0131n\u0131za ba\u011fl\u0131d\u0131r ve ihtiya\u00e7lar\u0131n\u0131z\u0131 kar\u015f\u0131lamak i\u00e7in elimizden geleni yapaca\u011f\u0131z.<\/p>\n<p>\ud83d\udce9 <a href=\"https:\/\/taichytomato.com\/tr\/contact\/\"><u>Hemen bizimle ileti\u015fime ge\u00e7in<\/u><\/a>\u00a0Fiyatland\u0131rma, teknik \u00f6zellikler ve OEM ambalaj se\u00e7enekleri i\u00e7in!<\/p>\n<p>Herhangi bir kar\u0131\u015f\u0131kl\u0131\u011f\u0131n\u0131z varsa, buraya t\u0131klay\u0131n\u201d<a href=\"https:\/\/taichytomato.com\/tr\/buyers-guide-for-canned-tomato-paste\/\"><u>Konserve Domates Sal\u00e7as\u0131 Al\u0131c\u0131 Rehberi<\/u><\/a>\u201dbu size yard\u0131mc\u0131 olacakt\u0131r<\/p>","protected":false},"excerpt":{"rendered":"<p>Brix:18-20%,22-24%,26-28%,28-30%<br \/>\nPaslanmaz\/strese kar\u015f\u0131 dayan\u0131kl\u0131\/nem ge\u00e7irmez teneke kutu Kapa\u011f\u0131<br \/>\nMarka: Tasar\u0131m veya OEM<br \/>\nMinimum Miktar: 1X20ft<br \/>\nTeslimat Detay\u0131: Depozito veya akreditif al\u0131nd\u0131ktan sonra 30-35 g\u00fcn i\u00e7inde. En h\u0131zl\u0131 g\u00f6nderim.<br \/>\nHs Kodu:2002901100<\/p>","protected":false},"featured_media":3268,"template":"","meta":{"_acf_changed":false,"_seopress_robots_primary_cat":"none","_seopress_titles_title":"Canned 850g Tomato Paste Tins | Catering Bulk Size | Taichy","_seopress_titles_desc":"Our 850g canned tomato paste is a high-quality ingredient for professional kitchens. These large tomato paste tins are available for bulk purchase.","_seopress_robots_index":"","site-sidebar-layout":"default","site-content-layout":"","ast-site-content-layout":"default","site-content-style":"default","site-sidebar-style":"default","ast-global-header-display":"","ast-banner-title-visibility":"","ast-main-header-display":"","ast-hfb-above-header-display":"","ast-hfb-below-header-display":"","ast-hfb-mobile-header-display":"","site-post-title":"","ast-breadcrumbs-content":"","ast-featured-img":"","footer-sml-layout":"","ast-disable-related-posts":"","theme-transparent-header-meta":"default","adv-header-id-meta":"","stick-header-meta":"","header-above-stick-meta":"","header-main-stick-meta":"","header-below-stick-meta":"","astra-migrate-meta-layouts":"set","ast-page-background-enabled":"default","ast-page-background-meta":{"desktop":{"background-color":"var(--ast-global-color-5)","background-image":"","background-repeat":"repeat","background-position":"center center","background-size":"auto","background-attachment":"scroll","background-type":"","background-media":"","overlay-type":"","overlay-color":"","overlay-opacity":"","overlay-gradient":""},"tablet":{"background-color":"","background-image":"","background-repeat":"repeat","background-position":"center center","background-size":"auto","background-attachment":"scroll","background-type":"","background-media":"","overlay-type":"","overlay-color":"","overlay-opacity":"","overlay-gradient":""},"mobile":{"background-color":"","background-image":"","background-repeat":"repeat","background-position":"center center","background-size":"auto","background-attachment":"scroll","background-type":"","background-media":"","overlay-type":"","overlay-color":"","overlay-opacity":"","overlay-gradient":""}},"ast-content-background-meta":{"desktop":{"background-color":"var(--ast-global-color-4)","background-image":"","background-repeat":"repeat","background-position":"center center","background-size":"auto","background-attachment":"scroll","background-type":"","background-media":"","overlay-type":"","overlay-color":"","overlay-opacity":"","overlay-gradient":""},"tablet":{"background-color":"var(--ast-global-color-4)","background-image":"","background-repeat":"repeat","background-position":"center center","background-size":"auto","background-attachment":"scroll","background-type":"","background-media":"","overlay-type":"","overlay-color":"","overlay-opacity":"","overlay-gradient":""},"mobile":{"background-color":"var(--ast-global-color-4)","background-image":"","background-repeat":"repeat","background-position":"center center","background-size":"auto","background-attachment":"scroll","background-type":"","background-media":"","overlay-type":"","overlay-color":"","overlay-opacity":"","overlay-gradient":""}}},"product_brand":[],"product_cat":[96],"product_tag":[154,45],"class_list":{"0":"post-935","1":"product","2":"type-product","3":"status-publish","4":"has-post-thumbnail","6":"product_cat-canned-tomato-paste","7":"product_tag-850g-canned-tomato-paste","8":"product_tag-canned-tomato-paste","9":"desktop-align-left","10":"tablet-align-left","11":"mobile-align-left","13":"first","14":"instock","15":"sale","16":"shipping-taxable","17":"purchasable","18":"product-type-simple"},"acf":[],"_links":{"self":[{"href":"https:\/\/taichytomato.com\/tr\/wp-json\/wp\/v2\/product\/935","targetHints":{"allow":["GET"]}}],"collection":[{"href":"https:\/\/taichytomato.com\/tr\/wp-json\/wp\/v2\/product"}],"about":[{"href":"https:\/\/taichytomato.com\/tr\/wp-json\/wp\/v2\/types\/product"}],"version-history":[{"count":0,"href":"https:\/\/taichytomato.com\/tr\/wp-json\/wp\/v2\/product\/935\/revisions"}],"wp:featuredmedia":[{"embeddable":true,"href":"https:\/\/taichytomato.com\/tr\/wp-json\/wp\/v2\/media\/3268"}],"wp:attachment":[{"href":"https:\/\/taichytomato.com\/tr\/wp-json\/wp\/v2\/media?parent=935"}],"wp:term":[{"taxonomy":"product_brand","embeddable":true,"href":"https:\/\/taichytomato.com\/tr\/wp-json\/wp\/v2\/product_brand?post=935"},{"taxonomy":"product_cat","embeddable":true,"href":"https:\/\/taichytomato.com\/tr\/wp-json\/wp\/v2\/product_cat?post=935"},{"taxonomy":"product_tag","embeddable":true,"href":"https:\/\/taichytomato.com\/tr\/wp-json\/wp\/v2\/product_tag?post=935"}],"curies":[{"name":"wp","href":"https:\/\/api.w.org\/{rel}","templated":true}]}}