{"id":920,"date":"2025-05-22T23:08:04","date_gmt":"2025-05-23T07:08:04","guid":{"rendered":"https:\/\/taichytomato.com\/?post_type=product&#038;p=920"},"modified":"2026-01-07T23:43:02","modified_gmt":"2026-01-08T07:43:02","slug":"400g-canned-tomato-paste","status":"publish","type":"product","link":"https:\/\/taichytomato.com\/tr\/urun\/400g-canned-tomato-paste\/","title":{"rendered":"Domates Sal\u00e7as\u0131 400g \u2013 Ev ve Perakende Pazar\u0131 \u0130\u00e7in Y\u00fcksek Kaliteli Konserve Domates Sal\u00e7as\u0131"},"content":{"rendered":"<h2>400g Konserve Domates Sal\u00e7as\u0131<\/h2>\n<p>The <strong data-start=\"896\" data-end=\"917\">domates sal\u00e7as\u0131 400g<\/strong> (olarak da bilinir <strong data-start=\"933\" data-end=\"958\">400g teneke domates sal\u00e7as\u0131<\/strong>) perakende ve ev kullan\u0131m\u0131 i\u00e7in en pop\u00fcler ambalaj boyutlar\u0131ndan biridir. Kompakt, kullan\u0131\u015fl\u0131 ve depolamas\u0131 kolayd\u0131r, d\u00fcnya genelinde t\u00fcketiciler, s\u00fcpermarketler ve catering \u015firketleri taraf\u0131ndan yayg\u0131n \u015fekilde kullan\u0131lmaktad\u0131r.<\/p>\n<h2><strong>1.\u00dcr\u00fcn A\u00e7\u0131klamas\u0131<\/strong><\/h2>\n<p data-start=\"1198\" data-end=\"1438\">Bizim <strong data-start=\"1202\" data-end=\"1223\">400g domates sal\u00e7as\u0131<\/strong> olgunlukta hasat edilen taze ve olgun domateslerden yap\u0131lm\u0131\u015ft\u0131r. Sal\u00e7a kal\u0131n, p\u00fcr\u00fczs\u00fcz ve do\u011fal domates aromas\u0131yla zengindir.<br data-start=\"1356\" data-end=\"1359\" \/>Mevcut <strong>22-24 %<\/strong> \uff0c<strong data-start=\"1378\" data-end=\"1408\">28\u201330% Brix veya 36\u201338% Brix<\/strong> piyasa talebine ba\u011fl\u0131 olarak.<\/p>\n<p data-start=\"1440\" data-end=\"1603\">Her <strong data-start=\"1445\" data-end=\"1480\">400g domates sal\u00e7as\u0131 kutusu veya po\u015fet<\/strong> s\u0131k\u0131 hijyen ko\u015fullar\u0131 alt\u0131nda doldurulur ve sterilize edilir, b\u00f6ylece <strong data-start=\"1548\" data-end=\"1600\">uzun raf \u00f6mr\u00fc, istikrarl\u0131 kalite ve g\u0131da g\u00fcvenli\u011fi sa\u011flan\u0131r<\/strong>.<\/p>\n<hr \/>\n<h2><strong>2.\u00dcr\u00fcn \u00d6zellikleri\u00a0<\/strong><\/h2>\n<p><strong>\u00d6zellikler 1:<\/strong><\/p>\n<table>\n<tbody>\n<tr>\n<td width=\"189\">\u00dcr\u00fcn ad\u0131<\/td>\n<td width=\"610\">Domates Sal\u00e7as\u0131<\/td>\n<\/tr>\n<tr>\n<td width=\"189\">Konsantrasyon<\/td>\n<td width=\"610\">18-20 Brix, 22-24 Brix, 26-28 Brix, 28-30 Brix, vb.<\/td>\n<\/tr>\n<tr>\n<td width=\"189\">Teneke Boyutu<\/td>\n<td width=\"610\">400g<\/td>\n<\/tr>\n<tr>\n<td width=\"189\">Teneke tipi<\/td>\n<td width=\"610\">Kolay a\u00e7\u0131l\u0131r kapak\/Zor a\u00e7\u0131l\u0131r kapak<\/td>\n<\/tr>\n<tr>\n<td width=\"189\">Etiket<\/td>\n<td width=\"610\">Litografik bask\u0131<\/td>\n<\/tr>\n<tr>\n<td width=\"189\">HS kodu<\/td>\n<td width=\"610\">20029011<\/td>\n<\/tr>\n<tr>\n<td width=\"189\">Son kullanma tarihi<\/td>\n<td width=\"610\">24 ay<\/td>\n<\/tr>\n<tr>\n<td width=\"189\">Marka ad\u0131<\/td>\n<td width=\"610\">OEM<\/td>\n<\/tr>\n<tr>\n<td width=\"189\">Girdi-\u00e7\u0131kt\u0131 oran\u0131<\/td>\n<td width=\"610\">25%-100%<\/td>\n<\/tr>\n<\/tbody>\n<\/table>\n<p>&nbsp;<\/p>\n<p>\u00d6zellik 2:<\/p>\n<table>\n<tbody>\n<tr>\n<td>1<\/td>\n<td width=\"367\">400g*24 kutu\/koli (HO&amp;EO)<\/td>\n<td width=\"139\">2080 Koli<\/td>\n<\/tr>\n<\/tbody>\n<\/table>\n<p>\u00d6zelle\u015ftirilmi\u015f \u00e7\u00f6z\u00fcmler veya toplu al\u0131mlar i\u00e7in,\u00a0<a href=\"https:\/\/taichytomato.com\/tr\/contact\/\">l\u00fctfen sat\u0131\u015f ekibimizle her zaman ileti\u015fime ge\u00e7in.<\/a><\/p>\n<hr \/>\n<h2 data-start=\"1610\" data-end=\"1638\"><strong data-start=\"1614\" data-end=\"1638\">3. Ambalaj Se\u00e7enekleri<\/strong><\/h2>\n<p data-start=\"1640\" data-end=\"1731\">Farkl\u0131 m\u00fc\u015fteri tercihlerine uygun esnek <strong data-start=\"1658\" data-end=\"1689\">400g domates sal\u00e7as\u0131 ambalaj\u0131<\/strong> sunuyoruz:<\/p>\n<ul data-start=\"1733\" data-end=\"2092\">\n<li data-start=\"1733\" data-end=\"1843\">\n<p data-start=\"1735\" data-end=\"1843\"><strong data-start=\"1735\" data-end=\"1752\">400g Teneke Kutu:<\/strong> Lakl\u0131 i\u00e7 kaplamal\u0131 teneke kutu, ka\u011f\u0131t veya litho etiket, kolay a\u00e7\u0131l\u0131r kapak opsiyonu ile.<\/p>\n<\/li>\n<li data-start=\"1963\" data-end=\"2022\">\n<p data-start=\"1965\" data-end=\"2022\"><strong data-start=\"1965\" data-end=\"1975\">Etiket:<\/strong> \u00d6zel tasar\u0131m veya OEM \u00f6zel etiketli bask\u0131.<\/p>\n<\/li>\n<li data-start=\"2023\" data-end=\"2092\">\n<p data-start=\"2025\" data-end=\"2092\"><strong data-start=\"2025\" data-end=\"2044\">Karton Ambalaj:<\/strong> Karton ba\u015f\u0131na 24 kutu veya po\u015fet (\u00f6zelle\u015ftirilebilir).<\/p>\n<\/li>\n<\/ul>\n<figure id=\"attachment_902\" aria-describedby=\"caption-attachment-902\" style=\"width: 371px\" class=\"wp-caption aligncenter\"><img fetchpriority=\"high\" decoding=\"async\" class=\"wp-image-902\" src=\"https:\/\/taichytomato.com\/wp-content\/uploads\/2025\/05\/2023120517403839_55540-300x200.jpg\" alt=\"konserve domates p\u00fcresi\" width=\"371\" height=\"246\" srcset=\"https:\/\/taichytomato.com\/wp-content\/uploads\/2025\/05\/2023120517403839_55540-300x200.jpg 300w, https:\/\/taichytomato.com\/wp-content\/uploads\/2025\/05\/2023120517403839_55540-1024x683.jpg 1024w, https:\/\/taichytomato.com\/wp-content\/uploads\/2025\/05\/2023120517403839_55540-768x512.jpg 768w, https:\/\/taichytomato.com\/wp-content\/uploads\/2025\/05\/2023120517403839_55540-600x400.jpg 600w, https:\/\/taichytomato.com\/wp-content\/uploads\/2025\/05\/2023120517403839_55540.jpg 1474w\" sizes=\"(max-width: 371px) 100vw, 371px\" \/><figcaption id=\"caption-attachment-902\" class=\"wp-caption-text\">konserve domates p\u00fcresi<\/figcaption><\/figure>\n<hr \/>\n<h3 data-start=\"2099\" data-end=\"2145\"><strong data-start=\"2103\" data-end=\"2145\">4. Domates Sal\u00e7as\u0131 400g Ambalajlama S\u00fcreci<\/strong><\/h3>\n<p data-start=\"2147\" data-end=\"2252\">Bizim <strong data-start=\"2151\" data-end=\"2190\">400g domates sal\u00e7as\u0131 ambalajlama s\u00fcreci<\/strong> s\u0131k\u0131 s\u0131k\u0131ya uyulur <strong data-start=\"2208\" data-end=\"2217\">HACCP<\/strong>, <strong data-start=\"2219\" data-end=\"2226\">ISO<\/strong>, ve <strong data-start=\"2232\" data-end=\"2239\">FDA<\/strong> standartlar\u0131na uygun olarak y\u00fcr\u00fct\u00fcl\u00fcr:<\/p>\n<ol data-start=\"2254\" data-end=\"2735\">\n<li data-start=\"2254\" data-end=\"2323\">\n<p data-start=\"2257\" data-end=\"2323\"><strong data-start=\"2257\" data-end=\"2271\">Se\u00e7im:<\/strong> Taze domatesler y\u0131kan\u0131r, s\u0131ralan\u0131r ve denetlenir.<\/p>\n<\/li>\n<li data-start=\"2324\" data-end=\"2412\">\n<p data-start=\"2327\" data-end=\"2412\"><strong data-start=\"2327\" data-end=\"2342\">\u0130\u015flem:<\/strong> Domatesler ezilir, buharla\u015ft\u0131r\u0131l\u0131r ve istenilen Brix seviyesine yo\u011funla\u015ft\u0131r\u0131l\u0131r.<\/p>\n<\/li>\n<li data-start=\"2413\" data-end=\"2499\">\n<p data-start=\"2416\" data-end=\"2499\"><strong data-start=\"2416\" data-end=\"2428\">Doldurma:<\/strong> Otomatik dolum hatlar\u0131 kullan\u0131larak 400g kutulara veya po\u015fetlere s\u0131cak dolum yap\u0131l\u0131r.<\/p>\n<\/li>\n<li data-start=\"2500\" data-end=\"2578\">\n<p data-start=\"2503\" data-end=\"2578\"><strong data-start=\"2503\" data-end=\"2515\">M\u00fch\u00fcrleme:<\/strong> Hava s\u0131zmas\u0131n\u0131 \u00f6nlemek ve tazeli\u011fi korumak i\u00e7in vakumlu ambalaj yap\u0131l\u0131r.<\/p>\n<\/li>\n<li data-start=\"2579\" data-end=\"2660\">\n<p data-start=\"2582\" data-end=\"2660\"><strong data-start=\"2582\" data-end=\"2600\">Sterilizasyon:<\/strong> Y\u00fcksek s\u0131cakl\u0131kta sterilizasyon \u00fcr\u00fcn\u00fcn stabilitesini sa\u011flar.<\/p>\n<\/li>\n<li data-start=\"2661\" data-end=\"2735\">\n<p data-start=\"2664\" data-end=\"2735\"><strong data-start=\"2664\" data-end=\"2689\">Etiketleme ve Paketleme:<\/strong> Etiketlenmi\u015f, paketlenmi\u015f ve paletlenmi\u015f ihracat i\u00e7in.<\/p>\n<\/li>\n<\/ol>\n<p data-start=\"2737\" data-end=\"2859\">Bu otomatik \u00fcretim, her birinde tutarl\u0131 a\u011f\u0131rl\u0131k, kalite ve temizlik garantiler. <strong data-start=\"2827\" data-end=\"2856\">400g domates sal\u00e7as\u0131 paketi<\/strong>.<\/p>\n<figure id=\"attachment_1352\" aria-describedby=\"caption-attachment-1352\" style=\"width: 323px\" class=\"wp-caption aligncenter\"><img decoding=\"async\" class=\"wp-image-1352\" src=\"https:\/\/taichytomato.com\/wp-content\/uploads\/2025\/04\/1749522102558-300x225.jpg\" alt=\"\u00dcr\u00fcn hatt\u0131\" width=\"323\" height=\"242\" srcset=\"https:\/\/taichytomato.com\/wp-content\/uploads\/2025\/04\/1749522102558-300x225.jpg 300w, https:\/\/taichytomato.com\/wp-content\/uploads\/2025\/04\/1749522102558-1024x768.jpg 1024w, https:\/\/taichytomato.com\/wp-content\/uploads\/2025\/04\/1749522102558-768x576.jpg 768w, https:\/\/taichytomato.com\/wp-content\/uploads\/2025\/04\/1749522102558-1536x1152.jpg 1536w, https:\/\/taichytomato.com\/wp-content\/uploads\/2025\/04\/1749522102558-2048x1536.jpg 2048w, https:\/\/taichytomato.com\/wp-content\/uploads\/2025\/04\/1749522102558-600x450.jpg 600w\" sizes=\"(max-width: 323px) 100vw, 323px\" \/><figcaption id=\"caption-attachment-1352\" class=\"wp-caption-text\">\u00dcr\u00fcn hatt\u0131<\/figcaption><\/figure>\n<p>Kalite kontrol\u00fcm\u00fcz, sertifikalar\u0131m\u0131z ve \u00fcretim s\u00fcrecimiz hakk\u0131nda daha fazla bilgi edinmek i\u00e7in t\u0131klay\u0131n\u00a0<a href=\"https:\/\/taichytomato.com\/tr\/how-is-tomato-paste-made-in-a-factory\/\">buraya.<\/a><\/p>\n<hr \/>\n<p>\u2705<\/p>\n<hr \/>\n<h3 data-start=\"3188\" data-end=\"3211\"><strong data-start=\"3192\" data-end=\"3211\">6. Uygulamalar<\/strong><\/h3>\n<p data-start=\"3213\" data-end=\"3254\">The <strong data-start=\"3217\" data-end=\"3238\">domates sal\u00e7as\u0131 400g<\/strong> \u0130\u015fte i\u00e7in idealdir:<\/p>\n<ul data-start=\"3255\" data-end=\"3432\">\n<li data-start=\"3255\" data-end=\"3283\">\n<p data-start=\"3257\" data-end=\"3283\">Perakende market sat\u0131\u015flar\u0131<\/p>\n<\/li>\n<li data-start=\"3284\" data-end=\"3334\">\n<p data-start=\"3286\" data-end=\"3334\">Evde g\u00fcnl\u00fck pi\u015firme (soslar, g\u00fcve\u00e7ler, \u00e7orbalar)<\/p>\n<\/li>\n<li data-start=\"3335\" data-end=\"3369\">\n<p data-start=\"3337\" data-end=\"3369\">Katering ve restoran tedariki<\/p>\n<\/li>\n<li data-start=\"3370\" data-end=\"3432\">\n<p data-start=\"3372\" data-end=\"3432\">Afrika, Orta Do\u011fu, G\u00fcney Amerika ve Asya'ya ihracat<\/p>\n<\/li>\n<\/ul>\n<hr data-start=\"3434\" data-end=\"3437\" \/>\n<h3 data-start=\"3439\" data-end=\"3482\"><strong data-start=\"3443\" data-end=\"3482\">7. Neden 400g Domates Sal\u00e7am\u0131z\u0131 Tercih Etmelisiniz<\/strong><\/h3>\n<p data-start=\"3484\" data-end=\"3571\">\u0130hracat Uzmanl\u0131\u011f\u0131: <strong data-start=\"3502\" data-end=\"3556\">400g domates sal\u00e7as\u0131 po\u015fetleri ve kutu \u00fcreticisi<\/strong>, sa\u011flar\u0131z:<\/p>\n<ul data-start=\"3572\" data-end=\"3784\">\n<li data-start=\"3572\" data-end=\"3605\">\n<p data-start=\"3574\" data-end=\"3605\">OEM ve \u00f6zel etiket hizmeti<\/p>\n<\/li>\n<li data-start=\"3606\" data-end=\"3647\">\n<p data-start=\"3608\" data-end=\"3647\">\u00c7oklu Brix seviyeleri (18-20%, 22-24%, 26-28%, 28-30%, vb.)<\/p>\n<\/li>\n<li data-start=\"3648\" data-end=\"3687\">\n<p data-start=\"3650\" data-end=\"3687\">\u00d6zel tasar\u0131m ve ambalaj deste\u011fi<\/p>\n<\/li>\n<li data-start=\"3688\" data-end=\"3733\">\n<p data-start=\"3690\" data-end=\"3733\">Toplu sipari\u015fler i\u00e7in rekabet\u00e7i fabrika fiyat\u0131<\/p>\n<\/li>\n<li data-start=\"3734\" data-end=\"3784\">\n<p data-start=\"3736\" data-end=\"3784\">H\u0131zl\u0131 teslimat ve ihracat belgeleri deste\u011fi<\/p>\n<\/li>\n<\/ul>\n<hr \/>\n<h2><strong>8<\/strong><strong>.SSS<\/strong><\/h2>\n<p><strong>1. Teklif ne zaman al\u0131nabilir?\u00a0<\/strong><\/p>\n<p>Genellikle talebinizi ald\u0131ktan sonra 12 saat i\u00e7inde fiyat teklifi veriyoruz. Fiyat\u0131 \u00e7ok acil alman\u0131z gerekiyorsa, l\u00fctfen bize bildirin, b\u00f6ylece talebinizi \u00f6nceliklendirece\u011fiz. Ayr\u0131ca WhatsApp \u00fczerinden acil olarak bizimle ileti\u015fime ge\u00e7ebilirsiniz ve pazarlama ekibimiz 24 saat \u00e7evrimi\u00e7i kalacakt\u0131r.<\/p>\n<p>&nbsp;<\/p>\n<p><strong>2. Kalitemizi kontrol etmek i\u00e7in nas\u0131l \u00f6rnek alabilirim?\u00a0<\/strong><\/p>\n<p>Fiyat onay\u0131ndan sonra, kalite kontrol\u00fc i\u00e7in \u00f6rnek talep edebilirsiniz.<\/p>\n<p>Ayr\u0131ca sevkiyat \u00f6ncesinde \u00fc\u00e7\u00fcnc\u00fc taraf (SGS\/BV) denetimini kabul ediyoruz.<\/p>\n<p>&nbsp;<\/p>\n<p><strong>3. Bask\u0131 i\u00e7in hangi dosya formatlar\u0131n\u0131 kabul ediyorsunuz?<\/strong><\/p>\n<p>PDF, Core Draw, y\u00fcksek \u00e7\u00f6z\u00fcn\u00fcrl\u00fckl\u00fc JPG veya AI format\u0131<\/p>\n<p>&nbsp;<\/p>\n<p><strong>4. Tasar\u0131m\u0131 bizim i\u00e7in yapabilir misiniz?\u00a0<\/strong><\/p>\n<p>Evet. Tasar\u0131m ve \u00fcretim konusunda zengin deneyime sahip profesyonel bir ekibimiz var.<\/p>\n<p>Ve hizmet \u00fccretsizdir.<\/p>\n<p>&nbsp;<\/p>\n<p><strong>5. \u00d6rne\u011fin ne zaman alabilirim?\u00a0<\/strong><\/p>\n<p>\u00d6rnekler i\u00e7in 3-5 i\u015f g\u00fcn\u00fc. DHL, TNT, UPS ve Fedex ile anla\u015fmam\u0131z var.<\/p>\n<p>&nbsp;<\/p>\n<p><strong>6. Seri \u00fcretim i\u00e7in teslim s\u00fcresi nedir?\u00a0<\/strong><\/p>\n<p>Seri \u00fcretim i\u00e7in 25 i\u015f g\u00fcn\u00fc. Miktar\u0131n\u0131za ba\u011fl\u0131d\u0131r ve ihtiya\u00e7lar\u0131n\u0131z\u0131 kar\u015f\u0131lamak i\u00e7in elimizden geleni yapaca\u011f\u0131z.<\/p>\n<p>&nbsp;<\/p>\n<p>\ud83d\udce9 <a href=\"https:\/\/taichytomato.com\/tr\/contact\/\"><u>Hemen bizimle ileti\u015fime ge\u00e7in<\/u><\/a>\u00a0Fiyatland\u0131rma, teknik \u00f6zellikler ve OEM ambalaj se\u00e7enekleri i\u00e7in!<\/p>\n<p>Herhangi bir kar\u0131\u015f\u0131kl\u0131\u011f\u0131n\u0131z varsa, buraya t\u0131klay\u0131n\u201d<a href=\"https:\/\/taichytomato.com\/tr\/buyers-guide-for-canned-tomato-paste\/\"><u>Konserve Domates Sal\u00e7as\u0131 Al\u0131c\u0131 Rehberi<\/u><\/a>\u201dbu size yard\u0131mc\u0131 olacakt\u0131r<\/p>","protected":false},"excerpt":{"rendered":"<p>Brix:18-20%,22-24%,26-28%,28-30%<br \/>\nPaslanmaz\/strese kar\u015f\u0131 dayan\u0131kl\u0131\/nem ge\u00e7irmez teneke kutu Kapa\u011f\u0131<br \/>\nMarka: Tasar\u0131m veya OEM<br \/>\nMinimum Miktar: 1X20ft<br \/>\nTeslimat Detay\u0131: Depozito veya akreditif al\u0131nd\u0131ktan sonra 30-35 g\u00fcn i\u00e7inde. En h\u0131zl\u0131 g\u00f6nderim.<br \/>\nHs Kodu:2002901100<\/p>","protected":false},"featured_media":3269,"template":"","meta":{"_acf_changed":false,"_seopress_robots_primary_cat":"none","_seopress_titles_title":"400g Canned Tomato Paste | Family Size Tomato Paste Tin","_seopress_titles_desc":"Our 400g tomato paste is the perfect size for families and small restaurants. This versatile tomato paste tin adds a rich, robust flavor to you \u3002","_seopress_robots_index":"","site-sidebar-layout":"default","site-content-layout":"","ast-site-content-layout":"default","site-content-style":"default","site-sidebar-style":"default","ast-global-header-display":"","ast-banner-title-visibility":"","ast-main-header-display":"","ast-hfb-above-header-display":"","ast-hfb-below-header-display":"","ast-hfb-mobile-header-display":"","site-post-title":"","ast-breadcrumbs-content":"","ast-featured-img":"","footer-sml-layout":"","ast-disable-related-posts":"","theme-transparent-header-meta":"default","adv-header-id-meta":"","stick-header-meta":"","header-above-stick-meta":"","header-main-stick-meta":"","header-below-stick-meta":"","astra-migrate-meta-layouts":"set","ast-page-background-enabled":"default","ast-page-background-meta":{"desktop":{"background-color":"var(--ast-global-color-5)","background-image":"","background-repeat":"repeat","background-position":"center center","background-size":"auto","background-attachment":"scroll","background-type":"","background-media":"","overlay-type":"","overlay-color":"","overlay-opacity":"","overlay-gradient":""},"tablet":{"background-color":"","background-image":"","background-repeat":"repeat","background-position":"center center","background-size":"auto","background-attachment":"scroll","background-type":"","background-media":"","overlay-type":"","overlay-color":"","overlay-opacity":"","overlay-gradient":""},"mobile":{"background-color":"","background-image":"","background-repeat":"repeat","background-position":"center center","background-size":"auto","background-attachment":"scroll","background-type":"","background-media":"","overlay-type":"","overlay-color":"","overlay-opacity":"","overlay-gradient":""}},"ast-content-background-meta":{"desktop":{"background-color":"var(--ast-global-color-4)","background-image":"","background-repeat":"repeat","background-position":"center center","background-size":"auto","background-attachment":"scroll","background-type":"","background-media":"","overlay-type":"","overlay-color":"","overlay-opacity":"","overlay-gradient":""},"tablet":{"background-color":"var(--ast-global-color-4)","background-image":"","background-repeat":"repeat","background-position":"center center","background-size":"auto","background-attachment":"scroll","background-type":"","background-media":"","overlay-type":"","overlay-color":"","overlay-opacity":"","overlay-gradient":""},"mobile":{"background-color":"var(--ast-global-color-4)","background-image":"","background-repeat":"repeat","background-position":"center center","background-size":"auto","background-attachment":"scroll","background-type":"","background-media":"","overlay-type":"","overlay-color":"","overlay-opacity":"","overlay-gradient":""}}},"product_brand":[],"product_cat":[96],"product_tag":[152,45,151],"class_list":{"0":"post-920","1":"product","2":"type-product","3":"status-publish","4":"has-post-thumbnail","6":"product_cat-canned-tomato-paste","7":"product_tag-400g-canned-tomato-paste","8":"product_tag-canned-tomato-paste","9":"product_tag-canned-tomato-paste-manufacture","10":"desktop-align-left","11":"tablet-align-left","12":"mobile-align-left","14":"first","15":"instock","16":"sale","17":"shipping-taxable","18":"purchasable","19":"product-type-simple"},"acf":[],"_links":{"self":[{"href":"https:\/\/taichytomato.com\/tr\/wp-json\/wp\/v2\/product\/920","targetHints":{"allow":["GET"]}}],"collection":[{"href":"https:\/\/taichytomato.com\/tr\/wp-json\/wp\/v2\/product"}],"about":[{"href":"https:\/\/taichytomato.com\/tr\/wp-json\/wp\/v2\/types\/product"}],"version-history":[{"count":0,"href":"https:\/\/taichytomato.com\/tr\/wp-json\/wp\/v2\/product\/920\/revisions"}],"wp:featuredmedia":[{"embeddable":true,"href":"https:\/\/taichytomato.com\/tr\/wp-json\/wp\/v2\/media\/3269"}],"wp:attachment":[{"href":"https:\/\/taichytomato.com\/tr\/wp-json\/wp\/v2\/media?parent=920"}],"wp:term":[{"taxonomy":"product_brand","embeddable":true,"href":"https:\/\/taichytomato.com\/tr\/wp-json\/wp\/v2\/product_brand?post=920"},{"taxonomy":"product_cat","embeddable":true,"href":"https:\/\/taichytomato.com\/tr\/wp-json\/wp\/v2\/product_cat?post=920"},{"taxonomy":"product_tag","embeddable":true,"href":"https:\/\/taichytomato.com\/tr\/wp-json\/wp\/v2\/product_tag?post=920"}],"curies":[{"name":"wp","href":"https:\/\/api.w.org\/{rel}","templated":true}]}}