{"id":912,"date":"2025-05-22T23:01:46","date_gmt":"2025-05-23T07:01:46","guid":{"rendered":"https:\/\/taichytomato.com\/?post_type=product&#038;p=912"},"modified":"2026-01-08T01:28:08","modified_gmt":"2026-01-08T09:28:08","slug":"198-canned-tomato-paste","status":"publish","type":"product","link":"https:\/\/taichytomato.com\/tr\/urun\/198-canned-tomato-paste\/","title":{"rendered":"198g KONSERVE DOMATES SAL\u00c7ASI \u2013 \u00c7\u0130N FABR\u0130KASINDAN \u00dcST\u00dcN KAL\u0130TE"},"content":{"rendered":"<h2><span style=\"color: #ff0000;\">198 Konserve Domates Sal\u00e7as\u0131<\/span><\/h2>\n<h2><span style=\"color: #ff0000;\"><strong>1.\u00dcr\u00fcn A\u00e7\u0131klamas\u0131<\/strong><\/span><\/h2>\n<p data-start=\"337\" data-end=\"670\">Bizim <strong data-start=\"341\" data-end=\"369\">198g KONSERVE DOMATES SAL\u00c7ASI<\/strong> \u015fundan yap\u0131l\u0131r: <strong data-start=\"383\" data-end=\"416\">taze, olgun, GDO'suz domatesler<\/strong>, do\u011fal k\u0131rm\u0131z\u0131 renk, zengin lezzet ve y\u00fcksek likopen i\u00e7eri\u011fini korumak i\u00e7in dikkatlice i\u015flenmi\u015f.<br data-start=\"512\" data-end=\"515\" \/>En pop\u00fcler boyutlardan biridir <strong data-start=\"555\" data-end=\"623\">ev kullan\u0131m\u0131, restoranlar, s\u00fcpermarketler ve ihracat pazarlar\u0131 i\u00e7in<\/strong> Afrika, Orta Do\u011fu ve Latin Amerika'da.<\/p>\n<p data-start=\"672\" data-end=\"889\">\u00d6nde gelen <strong data-start=\"685\" data-end=\"739\">198g KONSERVE DOMATES SAL\u00c7ASI \u00dcRET\u0130C\u0130S\u0130 ve TEDAR\u0130K\u00c7\u0130S\u0130<\/strong>, y\u00fcksek kaliteli domates sal\u00e7as\u0131 sunuyoruz <strong data-start=\"781\" data-end=\"826\">HACCP, ISO, HALAL ve BRC sertifikalar\u0131yla<\/strong>, g\u0131da g\u00fcvenli\u011fini ve her kutuda tutarl\u0131 kaliteyi sa\u011fl\u0131yor.<\/p>\n<hr \/>\n<h2><span style=\"color: #ff0000;\"><strong>2.\u00dcr\u00fcn \u00d6zellikleri\u00a0<\/strong><\/span><\/h2>\n<p><strong>\u00d6zellikler 1:<\/strong><\/p>\n<table class=\"w-fit min-w-(--thread-content-width)\" data-start=\"267\" data-end=\"2029\">\n<thead data-start=\"267\" data-end=\"412\">\n<tr data-start=\"267\" data-end=\"412\">\n<th data-start=\"267\" data-end=\"295\" data-col-size=\"sm\"><strong data-start=\"269\" data-end=\"280\">\u00d6zellik<\/strong><\/th>\n<th data-start=\"295\" data-end=\"354\" data-col-size=\"sm\"><strong data-start=\"297\" data-end=\"314\">\u015eartname<\/strong><\/th>\n<th data-start=\"354\" data-end=\"412\" data-col-size=\"md\"><strong data-start=\"356\" data-end=\"369\">Avantaj<\/strong><\/th>\n<\/tr>\n<\/thead>\n<tbody data-start=\"560\" data-end=\"2029\">\n<tr data-start=\"560\" data-end=\"706\">\n<td data-start=\"560\" data-end=\"589\" data-col-size=\"sm\"><strong data-start=\"562\" data-end=\"586\">Brix (Konsantrasyon)<\/strong><\/td>\n<td data-col-size=\"sm\" data-start=\"589\" data-end=\"647\">18\u201320%, 22\u201324%, 26\u201328%, 28\u201330%, 36\u201338%<\/td>\n<td data-col-size=\"md\" data-start=\"647\" data-end=\"706\">\u00c7e\u015fitli uygulamalar i\u00e7in \u00e7oklu konsantrasyon se\u00e7enekleri<\/td>\n<\/tr>\n<tr data-start=\"707\" data-end=\"853\">\n<td data-start=\"707\" data-end=\"736\" data-col-size=\"sm\"><strong data-start=\"709\" data-end=\"725\">\u0130\u015flem T\u00fcr\u00fc<\/strong><\/td>\n<td data-col-size=\"sm\" data-start=\"736\" data-end=\"795\">S\u0131cak Kesim \/ So\u011fuk Kesim<\/td>\n<td data-col-size=\"md\" data-start=\"795\" data-end=\"853\">HB kal\u0131n doku i\u00e7in, CB p\u00fcr\u00fczs\u00fcz ak\u0131\u015f i\u00e7in<\/td>\n<\/tr>\n<tr data-start=\"854\" data-end=\"1000\">\n<td data-start=\"854\" data-end=\"883\" data-col-size=\"sm\"><strong data-start=\"856\" data-end=\"877\">Renk (A\/B De\u011feri)<\/strong><\/td>\n<td data-col-size=\"sm\" data-start=\"883\" data-end=\"942\">\u2265 1.90<\/td>\n<td data-col-size=\"md\" data-start=\"942\" data-end=\"1000\">Y\u00fcksek likopen i\u00e7eri\u011fi ile parlak do\u011fal k\u0131rm\u0131z\u0131 renk<\/td>\n<\/tr>\n<tr data-start=\"1001\" data-end=\"1147\">\n<td data-start=\"1001\" data-end=\"1030\" data-col-size=\"sm\"><strong data-start=\"1003\" data-end=\"1017\">Net A\u011f\u0131rl\u0131k<\/strong><\/td>\n<td data-col-size=\"sm\" data-start=\"1030\" data-end=\"1089\">Kavanoz ba\u015f\u0131na 198g<\/td>\n<td data-col-size=\"md\" data-start=\"1089\" data-end=\"1147\">G\u00fcnl\u00fck ev kullan\u0131m\u0131 veya perakende i\u00e7in uygun porsiyon<\/td>\n<\/tr>\n<tr data-start=\"1148\" data-end=\"1294\">\n<td data-start=\"1148\" data-end=\"1177\" data-col-size=\"sm\"><strong data-start=\"1150\" data-end=\"1163\">Ambalaj<\/strong><\/td>\n<td data-col-size=\"sm\" data-start=\"1177\" data-end=\"1236\">Kolay A\u00e7\u0131l\u0131r \/ Zor A\u00e7\u0131l\u0131r Kapakl\u0131 teneke kutu<\/td>\n<td data-col-size=\"md\" data-start=\"1236\" data-end=\"1294\">Hijyenik, dayan\u0131kl\u0131, perakende haz\u0131r ambalaj se\u00e7enekleri<\/td>\n<\/tr>\n<tr data-start=\"1295\" data-end=\"1441\">\n<td data-start=\"1295\" data-end=\"1324\" data-col-size=\"sm\"><strong data-start=\"1297\" data-end=\"1310\">Katk\u0131 Maddeleri<\/strong><\/td>\n<td data-col-size=\"sm\" data-start=\"1324\" data-end=\"1383\">Hi\u00e7biri, 100% Do\u011fal, GDO'suz<\/td>\n<td data-col-size=\"md\" data-start=\"1383\" data-end=\"1441\">Koruyucu veya yapay renkler i\u00e7ermez<\/td>\n<\/tr>\n<tr data-start=\"1442\" data-end=\"1588\">\n<td data-start=\"1442\" data-end=\"1471\" data-col-size=\"sm\"><strong data-start=\"1444\" data-end=\"1458\">Raf \u00d6mr\u00fc<\/strong><\/td>\n<td data-col-size=\"sm\" data-start=\"1471\" data-end=\"1530\">24 ay<\/td>\n<td data-col-size=\"md\" data-start=\"1530\" data-end=\"1588\">D\u00fcnya \u00e7ap\u0131nda ihracat i\u00e7in uzun vadeli stabilite<\/td>\n<\/tr>\n<tr data-start=\"1589\" data-end=\"1735\">\n<td data-start=\"1589\" data-end=\"1618\" data-col-size=\"sm\"><strong data-start=\"1591\" data-end=\"1614\">OEM \/ \u00d6zel Etiket<\/strong><\/td>\n<td data-col-size=\"sm\" data-start=\"1618\" data-end=\"1677\">Kabul edildi<\/td>\n<td data-col-size=\"md\" data-start=\"1677\" data-end=\"1735\">\u00d6zel etiket, marka ve karton tasar\u0131m\u0131 mevcuttur<\/td>\n<\/tr>\n<tr data-start=\"1736\" data-end=\"1882\">\n<td data-start=\"1736\" data-end=\"1765\" data-col-size=\"sm\"><strong data-start=\"1738\" data-end=\"1760\">Girdi-\u00c7\u0131kt\u0131 Oran\u0131<\/strong><\/td>\n<td data-col-size=\"sm\" data-start=\"1765\" data-end=\"1824\">25%\u2013100%<\/td>\n<td data-col-size=\"md\" data-start=\"1824\" data-end=\"1882\">M\u00fc\u015fteri ihtiya\u00e7lar\u0131na uygun esnek konsantrasyon \u00e7\u0131k\u0131\u015f\u0131<\/td>\n<\/tr>\n<tr data-start=\"1883\" data-end=\"2029\">\n<td data-start=\"1883\" data-end=\"1912\" data-col-size=\"sm\"><a href=\"https:\/\/taichytomato.com\/tr\/tomato-paste-drum-hs-code-export-guide-from-china-2025-update\/\"><strong data-start=\"1885\" data-end=\"1896\">G\u00fcmr\u00fck Kodu<\/strong><\/a><\/td>\n<td data-col-size=\"sm\" data-start=\"1912\" data-end=\"1971\">20029011<\/td>\n<td data-col-size=\"md\" data-start=\"1971\" data-end=\"2029\">Domates sal\u00e7as\u0131 i\u00e7in uluslararas\u0131 standart g\u00fcmr\u00fck kodu<\/td>\n<\/tr>\n<\/tbody>\n<\/table>\n<p>\u00d6zelle\u015ftirilmi\u015f \u00e7\u00f6z\u00fcmler veya toplu al\u0131mlar i\u00e7in,\u00a0<a href=\"https:\/\/taichytomato.com\/tr\/contact\/\">l\u00fctfen sat\u0131\u015f ekibimizle her zaman ileti\u015fime ge\u00e7in.<\/a><\/p>\n<p><!--more--><\/p>\n<h3 data-start=\"1540\" data-end=\"1579\"><strong data-start=\"1544\" data-end=\"1579\">3. Fabrika ve Kalite Taahh\u00fcd\u00fc<\/strong><\/h3>\n<p data-start=\"1580\" data-end=\"1770\">Bir <strong data-start=\"1585\" data-end=\"1621\">198g KONSERVE DOMATES SAL\u00c7ASI FABR\u0130KASI<\/strong> Y\u0131llar\u0131n ihracat deneyimiyle, geli\u015fmi\u015f \u00fcretim hatlar\u0131 ve s\u0131k\u0131 kalite kontrol sistemleriyle her kutunun k\u00fcresel standartlara uygun olmas\u0131n\u0131 sa\u011fl\u0131yoruz.<\/p>\n<p data-start=\"1772\" data-end=\"1953\">\u015eirketimiz \u015funlara sahiptir <strong data-start=\"1790\" data-end=\"1828\">HACCP, ISO22000, HALAL ve KOSHER<\/strong> sertifikalar\u0131, her partinin <strong data-start=\"1878\" data-end=\"1906\">198G KONSERVE DOMATES SAL\u00c7ASI<\/strong> g\u00fcvenli, izlenebilir ve tutarl\u0131 kaliteye sahip olmas\u0131n\u0131 garanti eder.<\/p>\n<p data-start=\"1955\" data-end=\"2135\">Ayr\u0131ca sa\u011fl\u0131yoruz <strong data-start=\"1971\" data-end=\"2012\">OEM 198g KONSERVE DOMATES SAL\u00c7ASI hizmetleri<\/strong>, bunlar aras\u0131nda <strong data-start=\"2024\" data-end=\"2048\">\u00f6zel etiket tasar\u0131m\u0131<\/strong>, <strong data-start=\"2050\" data-end=\"2070\">\u00f6zel ambalajlama<\/strong>, ve <strong data-start=\"2076\" data-end=\"2097\">marka geli\u015ftirme<\/strong> m\u00fc\u015fteri \u00f6zel gereksinimlerini kar\u015f\u0131lamak i\u00e7in.<\/p>\n<hr \/>\n<h3 data-start=\"2142\" data-end=\"2172\"><strong data-start=\"2146\" data-end=\"2172\">4. Ambalajlama ve Y\u00fckleme<\/strong><\/h3>\n<p data-start=\"2173\" data-end=\"2207\"><strong data-start=\"2176\" data-end=\"2207\">Standart Ambalaj Se\u00e7enekleri:<\/strong><\/p>\n<ul data-start=\"2208\" data-end=\"2316\">\n<li data-start=\"2208\" data-end=\"2237\">\n<p data-start=\"2210\" data-end=\"2237\">198g x 48 kutu ba\u015f\u0131na karton<\/p>\n<\/li>\n<li data-start=\"2238\" data-end=\"2274\">\n<p data-start=\"2240\" data-end=\"2274\">Kolay a\u00e7\u0131l\u0131r veya normal kapak opsiyonel<\/p>\n<\/li>\n<li data-start=\"2275\" data-end=\"2316\">\n<p data-start=\"2277\" data-end=\"2316\">20\u2019FCL yakla\u015f\u0131k 2.400 karton y\u00fckleyebilir<\/p>\n<\/li>\n<\/ul>\n<p data-start=\"2318\" data-end=\"2492\">Her <strong data-start=\"2323\" data-end=\"2348\">198g DOMATES SAL\u00c7ASI KASES\u0130<\/strong> ile doldurulmu\u015ftur <strong data-start=\"2364\" data-end=\"2400\">\u00e7ift yo\u011funla\u015ft\u0131r\u0131lm\u0131\u015f domates sal\u00e7as\u0131<\/strong>, y\u00fcksek s\u0131cakl\u0131kta m\u00fch\u00fcrlenmi\u015f ve tazeli\u011fi ile uzun raf \u00f6mr\u00fcn\u00fc korumak i\u00e7in sterilize edilmi\u015ftir.<\/p>\n<hr \/>\n<h2><span style=\"color: #ff0000;\"><strong>4. \u00dcretim At\u00f6lyesi<\/strong><\/span><\/h2>\n<p>Domates \u00fcr\u00fcnlerimiz fabrikam\u0131z\u0131 ziyaret etmek ve bizimle ileti\u015fime ge\u00e7mek i\u00e7in ho\u015fgeldiniz.<\/p>\n<figure id=\"attachment_1352\" aria-describedby=\"caption-attachment-1352\" style=\"width: 501px\" class=\"wp-caption alignnone\"><img fetchpriority=\"high\" decoding=\"async\" class=\"wp-image-1352\" src=\"https:\/\/taichytomato.com\/wp-content\/uploads\/2025\/04\/1749522102558-300x225.jpg\" alt=\"\u00dcr\u00fcn hatt\u0131\" width=\"501\" height=\"376\" srcset=\"https:\/\/taichytomato.com\/wp-content\/uploads\/2025\/04\/1749522102558-300x225.jpg 300w, https:\/\/taichytomato.com\/wp-content\/uploads\/2025\/04\/1749522102558-1024x768.jpg 1024w, https:\/\/taichytomato.com\/wp-content\/uploads\/2025\/04\/1749522102558-768x576.jpg 768w, https:\/\/taichytomato.com\/wp-content\/uploads\/2025\/04\/1749522102558-1536x1152.jpg 1536w, https:\/\/taichytomato.com\/wp-content\/uploads\/2025\/04\/1749522102558-2048x1536.jpg 2048w, https:\/\/taichytomato.com\/wp-content\/uploads\/2025\/04\/1749522102558-600x450.jpg 600w\" sizes=\"(max-width: 501px) 100vw, 501px\" \/><figcaption id=\"caption-attachment-1352\" class=\"wp-caption-text\">\u00dcr\u00fcn hatt\u0131<\/figcaption><\/figure>\n<p>Kalite kontrol\u00fcm\u00fcz, sertifikalar\u0131m\u0131z ve \u00fcretim s\u00fcrecimiz hakk\u0131nda daha fazla bilgi edinmek i\u00e7in t\u0131klay\u0131n\u00a0<a href=\"https:\/\/taichytomato.com\/tr\/how-is-tomato-paste-made-in-a-factory\/\">buraya.<\/a><\/p>\n<hr \/>\n<h2><span style=\"color: #ff0000;\"><strong>5. Paketleme ve Lojistik<\/strong><\/span><\/h2>\n<p><strong>D\u0131\u015f Paketimiz<\/strong><\/p>\n<ol>\n<li>\u0130hracat ta\u015f\u0131mac\u0131l\u0131\u011f\u0131na uygun, sert ve dayan\u0131kl\u0131 ka\u011f\u0131t karton.<\/li>\n<li>Kutu ile birlikte daralt\u0131lm\u0131\u015f ambalaj<\/li>\n<li>Sadece daralt\u0131lm\u0131\u015f ambalaj<\/li>\n<\/ol>\n<figure id=\"attachment_1380\" aria-describedby=\"caption-attachment-1380\" style=\"width: 505px\" class=\"wp-caption alignnone\"><img decoding=\"async\" class=\"wp-image-1380\" src=\"https:\/\/taichytomato.com\/wp-content\/uploads\/2025\/05\/\u56fe\u72471-300x76.jpg\" alt=\"Paketleme \u015fekli\" width=\"505\" height=\"128\" srcset=\"https:\/\/taichytomato.com\/wp-content\/uploads\/2025\/05\/\u56fe\u72471-300x76.jpg 300w, https:\/\/taichytomato.com\/wp-content\/uploads\/2025\/05\/\u56fe\u72471.jpg 600w\" sizes=\"(max-width: 505px) 100vw, 505px\" \/><figcaption id=\"caption-attachment-1380\" class=\"wp-caption-text\">Paketleme \u015fekli<\/figcaption><\/figure>\n<hr \/>\n<h2><span style=\"color: #ff0000;\"><strong>6. Sertifika<\/strong><\/span><\/h2>\n<figure id=\"attachment_1381\" aria-describedby=\"caption-attachment-1381\" style=\"width: 502px\" class=\"wp-caption alignnone\"><img decoding=\"async\" class=\"wp-image-1381\" src=\"https:\/\/taichytomato.com\/wp-content\/uploads\/2025\/05\/\u56fe\u72472-300x247.jpg\" alt=\"Sertifikasyon\" width=\"502\" height=\"413\" srcset=\"https:\/\/taichytomato.com\/wp-content\/uploads\/2025\/05\/\u56fe\u72472-300x247.jpg 300w, https:\/\/taichytomato.com\/wp-content\/uploads\/2025\/05\/\u56fe\u72472.jpg 600w\" sizes=\"(max-width: 502px) 100vw, 502px\" \/><figcaption id=\"caption-attachment-1381\" class=\"wp-caption-text\">Sertifikasyon<strong style=\"font-size: 16px;\">\u00a0<\/strong><\/figcaption><\/figure>\n<hr \/>\n<h2><span style=\"color: #ff0000;\"><strong>7<\/strong><strong>.SSS<\/strong><\/span><\/h2>\n<p><strong>1. Teklif ne zaman al\u0131nabilir?\u00a0<\/strong><\/p>\n<p>Genellikle talebinizi ald\u0131ktan sonra 12 saat i\u00e7inde fiyat teklifi veriyoruz. Fiyat\u0131 \u00e7ok acil alman\u0131z gerekiyorsa, l\u00fctfen bize bildirin, b\u00f6ylece talebinizi \u00f6nceliklendirece\u011fiz. Ayr\u0131ca WhatsApp \u00fczerinden acil olarak bizimle ileti\u015fime ge\u00e7ebilirsiniz ve pazarlama ekibimiz 24 saat \u00e7evrimi\u00e7i kalacakt\u0131r.<\/p>\n<p>&nbsp;<\/p>\n<p><strong>2. Kalitemizi kontrol etmek i\u00e7in nas\u0131l \u00f6rnek alabilirim?\u00a0<\/strong><\/p>\n<p>Fiyat onay\u0131ndan sonra, kalite kontrol\u00fc i\u00e7in \u00f6rnek talep edebilirsiniz.<\/p>\n<p>Ayr\u0131ca sevkiyat \u00f6ncesinde \u00fc\u00e7\u00fcnc\u00fc taraf (SGS\/BV) denetimini kabul ediyoruz.<\/p>\n<p>&nbsp;<\/p>\n<p><strong>3. Bask\u0131 i\u00e7in hangi dosya formatlar\u0131n\u0131 kabul ediyorsunuz?<\/strong><\/p>\n<p>PDF, Core Draw, y\u00fcksek \u00e7\u00f6z\u00fcn\u00fcrl\u00fckl\u00fc JPG veya AI format\u0131<\/p>\n<p>&nbsp;<\/p>\n<p><strong>4. Tasar\u0131m\u0131 bizim i\u00e7in yapabilir misiniz?\u00a0<\/strong><\/p>\n<p>Evet. Tasar\u0131m ve \u00fcretim konusunda zengin deneyime sahip profesyonel bir ekibimiz var.<\/p>\n<p>Ve hizmet \u00fccretsizdir.<\/p>\n<p>&nbsp;<\/p>\n<p><strong>5. \u00d6rne\u011fin ne zaman alabilirim?\u00a0<\/strong><\/p>\n<p>\u00d6rnekler i\u00e7in 3-5 i\u015f g\u00fcn\u00fc. DHL, TNT, UPS ve Fedex ile anla\u015fmam\u0131z var.<\/p>\n<p>&nbsp;<\/p>\n<p><strong>6. Seri \u00fcretim i\u00e7in teslim s\u00fcresi nedir?\u00a0<\/strong><\/p>\n<p>Seri \u00fcretim i\u00e7in 25 i\u015f g\u00fcn\u00fc. Miktar\u0131n\u0131za ba\u011fl\u0131d\u0131r ve ihtiya\u00e7lar\u0131n\u0131z\u0131 kar\u015f\u0131lamak i\u00e7in elimizden geleni yapaca\u011f\u0131z.<\/p>\n<p>\ud83d\udce9 <a href=\"https:\/\/taichytomato.com\/tr\/contact\/\"><u>Hemen bizimle ileti\u015fime ge\u00e7in<\/u><\/a>\u00a0Fiyatland\u0131rma, teknik \u00f6zellikler ve OEM ambalaj se\u00e7enekleri i\u00e7in!<\/p>\n<p>Herhangi bir kar\u0131\u015f\u0131kl\u0131\u011f\u0131n\u0131z varsa, buraya t\u0131klay\u0131n\u201d<a href=\"https:\/\/taichytomato.com\/tr\/buyers-guide-for-canned-tomato-paste\/\"><u>Konserve Domates Sal\u00e7as\u0131 Al\u0131c\u0131 Rehberi<\/u><\/a>\u201dbu size yard\u0131mc\u0131 olacakt\u0131r<\/p>","protected":false},"excerpt":{"rendered":"<p>Brix:18-20%,22-24%,26-28%,28-30%<br \/>\nPaslanmaz\/strese kar\u015f\u0131 dayan\u0131kl\u0131\/nem ge\u00e7irmez teneke kutu Kapa\u011f\u0131<br \/>\nMarka: Tasar\u0131m veya OEM<br \/>\nMinimum Miktar: 1X20ft<br \/>\nTeslimat Detay\u0131: Depozito veya akreditif al\u0131nd\u0131ktan sonra 30-35 g\u00fcn i\u00e7inde. En h\u0131zl\u0131 g\u00f6nderim.<br \/>\nHs Kodu:2002901100<\/p>","protected":false},"featured_media":897,"template":"","meta":{"_acf_changed":false,"_seopress_robots_primary_cat":"none","_seopress_titles_title":"198g Canned & Tin Tomato Paste | Taichy tomato","_seopress_titles_desc":"Our 198g canned tomato paste is a reliable choice. Each tomato paste tin is filled with  tomatoes, providing pure and authentic flavor for all your dishes.","_seopress_robots_index":"","site-sidebar-layout":"default","site-content-layout":"","ast-site-content-layout":"default","site-content-style":"default","site-sidebar-style":"default","ast-global-header-display":"","ast-banner-title-visibility":"","ast-main-header-display":"","ast-hfb-above-header-display":"","ast-hfb-below-header-display":"","ast-hfb-mobile-header-display":"","site-post-title":"","ast-breadcrumbs-content":"","ast-featured-img":"","footer-sml-layout":"","ast-disable-related-posts":"","theme-transparent-header-meta":"default","adv-header-id-meta":"","stick-header-meta":"","header-above-stick-meta":"","header-main-stick-meta":"","header-below-stick-meta":"","astra-migrate-meta-layouts":"set","ast-page-background-enabled":"default","ast-page-background-meta":{"desktop":{"background-color":"var(--ast-global-color-5)","background-image":"","background-repeat":"repeat","background-position":"center center","background-size":"auto","background-attachment":"scroll","background-type":"","background-media":"","overlay-type":"","overlay-color":"","overlay-opacity":"","overlay-gradient":""},"tablet":{"background-color":"","background-image":"","background-repeat":"repeat","background-position":"center center","background-size":"auto","background-attachment":"scroll","background-type":"","background-media":"","overlay-type":"","overlay-color":"","overlay-opacity":"","overlay-gradient":""},"mobile":{"background-color":"","background-image":"","background-repeat":"repeat","background-position":"center center","background-size":"auto","background-attachment":"scroll","background-type":"","background-media":"","overlay-type":"","overlay-color":"","overlay-opacity":"","overlay-gradient":""}},"ast-content-background-meta":{"desktop":{"background-color":"var(--ast-global-color-4)","background-image":"","background-repeat":"repeat","background-position":"center center","background-size":"auto","background-attachment":"scroll","background-type":"","background-media":"","overlay-type":"","overlay-color":"","overlay-opacity":"","overlay-gradient":""},"tablet":{"background-color":"var(--ast-global-color-4)","background-image":"","background-repeat":"repeat","background-position":"center center","background-size":"auto","background-attachment":"scroll","background-type":"","background-media":"","overlay-type":"","overlay-color":"","overlay-opacity":"","overlay-gradient":""},"mobile":{"background-color":"var(--ast-global-color-4)","background-image":"","background-repeat":"repeat","background-position":"center center","background-size":"auto","background-attachment":"scroll","background-type":"","background-media":"","overlay-type":"","overlay-color":"","overlay-opacity":"","overlay-gradient":""}}},"product_brand":[],"product_cat":[96],"product_tag":[150,151,44],"class_list":{"0":"post-912","1":"product","2":"type-product","3":"status-publish","4":"has-post-thumbnail","6":"product_cat-canned-tomato-paste","7":"product_tag-198-canend-tomato-paste","8":"product_tag-canned-tomato-paste-manufacture","9":"product_tag-tomato-paste","10":"desktop-align-left","11":"tablet-align-left","12":"mobile-align-left","14":"first","15":"instock","16":"sale","17":"shipping-taxable","18":"purchasable","19":"product-type-simple"},"acf":[],"_links":{"self":[{"href":"https:\/\/taichytomato.com\/tr\/wp-json\/wp\/v2\/product\/912","targetHints":{"allow":["GET"]}}],"collection":[{"href":"https:\/\/taichytomato.com\/tr\/wp-json\/wp\/v2\/product"}],"about":[{"href":"https:\/\/taichytomato.com\/tr\/wp-json\/wp\/v2\/types\/product"}],"version-history":[{"count":0,"href":"https:\/\/taichytomato.com\/tr\/wp-json\/wp\/v2\/product\/912\/revisions"}],"wp:featuredmedia":[{"embeddable":true,"href":"https:\/\/taichytomato.com\/tr\/wp-json\/wp\/v2\/media\/897"}],"wp:attachment":[{"href":"https:\/\/taichytomato.com\/tr\/wp-json\/wp\/v2\/media?parent=912"}],"wp:term":[{"taxonomy":"product_brand","embeddable":true,"href":"https:\/\/taichytomato.com\/tr\/wp-json\/wp\/v2\/product_brand?post=912"},{"taxonomy":"product_cat","embeddable":true,"href":"https:\/\/taichytomato.com\/tr\/wp-json\/wp\/v2\/product_cat?post=912"},{"taxonomy":"product_tag","embeddable":true,"href":"https:\/\/taichytomato.com\/tr\/wp-json\/wp\/v2\/product_tag?post=912"}],"curies":[{"name":"wp","href":"https:\/\/api.w.org\/{rel}","templated":true}]}}