{"id":906,"date":"2025-05-22T22:43:11","date_gmt":"2025-05-23T06:43:11","guid":{"rendered":"https:\/\/taichytomato.com\/?post_type=product&#038;p=906"},"modified":"2026-01-08T19:48:37","modified_gmt":"2026-01-09T03:48:37","slug":"210g-canned-tomato-paste","status":"publish","type":"product","link":"https:\/\/taichytomato.com\/tr\/urun\/210g-canned-tomato-paste\/","title":{"rendered":"PREMIUM 210G KONKAS\u0130 DOMATES SAL\u00c7ASI \u2013 ZENG\u0130N TAD, D\u00dcNYA PAZARLARI \u0130\u00c7\u0130N \u0130DEAL"},"content":{"rendered":"<h2>210g Konserve Domates Sal\u00e7as\u0131<\/h2>\n<h2><span style=\"color: #ff0000;\"><strong>1.\u00dcr\u00fcn Genel Bak\u0131\u015f<\/strong><\/span><\/h2>\n<p>&nbsp;<\/p>\n<p>Bizim <strong data-start=\"1883\" data-end=\"1911\">210g konserve domates sal\u00e7as\u0131<\/strong> uluslararas\u0131 perakende ve evsel pazarlar i\u00e7in pop\u00fcler ve pratik bir ambalaj boyutudur.<br data-start=\"2001\" data-end=\"2004\" \/>\u0130hracat Uzmanl\u0131\u011f\u0131: <strong data-start=\"2022\" data-end=\"2078\">\u00c7in'de 210g domates sal\u00e7as\u0131 \u00fcreticisi ve tedarik\u00e7isi<\/strong>, sa\u011fl\u0131yoruz <strong data-start=\"2091\" data-end=\"2116\">fabrika do\u011frudan fiyatlar<\/strong>, <strong data-start=\"2118\" data-end=\"2135\">istikrarl\u0131 tedarik<\/strong>, ve <strong data-start=\"2141\" data-end=\"2170\">\u00f6zelle\u015ftirilebilir OEM markalama<\/strong> d\u00fcnyadaki distrib\u00fct\u00f6rlerin ve s\u00fcpermarketlerin ihtiya\u00e7lar\u0131n\u0131 kar\u015f\u0131lamak i\u00e7in.<\/p>\n<p data-start=\"2234\" data-end=\"2404\">\u00dcretiminden <strong data-start=\"2244\" data-end=\"2282\">100% taze, olgun, GDO'suz domatesler<\/strong>, sal\u00e7am\u0131z otantik renk, tat ve k\u0131vama sahiptir \u2014 soslar, \u00e7orbalar, g\u00fcve\u00e7ler ve g\u00fcnl\u00fck yemekler i\u00e7in m\u00fckemmeldir.<\/p>\n<hr \/>\n<h2><span style=\"color: #ff0000;\"><strong>2.\u00dcr\u00fcn \u00d6zellikleri\u00a0<\/strong><\/span><\/h2>\n<p>&nbsp;<\/p>\n<table>\n<thead>\n<tr>\n<th><strong>\u00d6zellik<\/strong><\/th>\n<th><strong>\u015eartname<\/strong><\/th>\n<th><strong>Avantaj<\/strong><\/th>\n<\/tr>\n<\/thead>\n<tbody>\n<tr>\n<td><strong>Brix (Konsantrasyon)<\/strong><\/td>\n<td>18\u201320%, 22\u201324%, 26\u201328%, 28\u201330%, 36\u201338%<\/td>\n<td>Farkl\u0131 tarifler ve lezzet tercihleri i\u00e7in uygundur<\/td>\n<\/tr>\n<tr>\n<td><strong>\u0130\u015flem T\u00fcr\u00fc<\/strong><\/td>\n<td>S\u0131cak Kesim \/ So\u011fuk Kesim<\/td>\n<td>HB kal\u0131n doku i\u00e7in, CB p\u00fcr\u00fczs\u00fcz tat i\u00e7in<\/td>\n<\/tr>\n<tr>\n<td><strong>Renk (A\/B De\u011feri)<\/strong><\/td>\n<td>\u2265 1.90<\/td>\n<td>Canl\u0131 do\u011fal k\u0131rm\u0131z\u0131, y\u00fcksek likopen tutumu<\/td>\n<\/tr>\n<tr>\n<td><strong>Net A\u011f\u0131rl\u0131k<\/strong><\/td>\n<td>210g teneke kutu ba\u015f\u0131na<\/td>\n<td>Yemek pi\u015firme ve catering i\u00e7in m\u00fckemmel perakende paket boyutu<\/td>\n<\/tr>\n<tr>\n<td><strong>Ambalaj<\/strong><\/td>\n<td>Kolay A\u00e7\u0131l\u0131r \/ Zor A\u00e7\u0131l\u0131r Kapakl\u0131 teneke kutu<\/td>\n<td>Pratik ve dayan\u0131kl\u0131, perakende sergileme i\u00e7in idealdir<\/td>\n<\/tr>\n<tr>\n<td><strong>Katk\u0131 Maddeleri<\/strong><\/td>\n<td>Hi\u00e7biri, 100% Saf, GDO'suz<\/td>\n<td>Koruyucu, yapay renk verici i\u00e7ermez<\/td>\n<\/tr>\n<tr>\n<td><strong>Raf \u00d6mr\u00fc<\/strong><\/td>\n<td>24 ay<\/td>\n<td>\u0130hracat depolamas\u0131 i\u00e7in uzun raf \u00f6mr\u00fc<\/td>\n<\/tr>\n<tr>\n<td><strong>OEM \/ \u00d6zel Etiket<\/strong><\/td>\n<td>Kabul edildi<\/td>\n<td>\u00d6zel logo, karton ve tasar\u0131m hizmeti mevcuttur<\/td>\n<\/tr>\n<tr>\n<td><strong>Girdi-\u00c7\u0131kt\u0131 Oran\u0131<\/strong><\/td>\n<td>25%\u2013100%<\/td>\n<td>M\u00fc\u015fteri iste\u011fine g\u00f6re esnek \u00fcretim konsantrasyonu<\/td>\n<\/tr>\n<tr>\n<td><strong>G\u00fcmr\u00fck Kodu<\/strong><\/td>\n<td>20029011<\/td>\n<td>Domates sal\u00e7as\u0131 \u00fcr\u00fcnleri i\u00e7in standart g\u00fcmr\u00fck kodu<\/td>\n<\/tr>\n<\/tbody>\n<\/table>\n<hr \/>\n<h3 data-start=\"4258\" data-end=\"4289\"><strong data-start=\"4262\" data-end=\"4289\">3. Neden Fabrikam\u0131z\u0131 Se\u00e7melisiniz?<\/strong><\/h3>\n<p data-start=\"4291\" data-end=\"4845\">\u2705 <strong data-start=\"4293\" data-end=\"4314\">Sertifikal\u0131 Kalite<\/strong> \u2013 HACCP, ISO, HELAL sertifikal\u0131 fabrika, g\u0131da g\u00fcvenli\u011fini ve ihracat uyumlulu\u011funu sa\u011flar.<br data-start=\"4396\" data-end=\"4399\" \/>\u2705 <strong data-start=\"4401\" data-end=\"4426\">Fabrikadan Do\u011frudan Tedarik<\/strong> \u2013 Sunulan <strong data-start=\"4438\" data-end=\"4475\">d\u00fc\u015f\u00fck maliyetli 210g konserve domates sal\u00e7as\u0131<\/strong> tutarl\u0131 kalite ile.<br data-start=\"4500\" data-end=\"4503\" \/>\u2705 <strong data-start=\"4505\" data-end=\"4527\">\u00d6zel OEM Hizmeti<\/strong> \u2013 \u00d6zel marka etiketleme, logo tasar\u0131m\u0131 ve karton bask\u0131s\u0131 i\u00e7in destek.<br data-start=\"4604\" data-end=\"4607\" \/>\u2705 <strong data-start=\"4609\" data-end=\"4639\">Kararl\u0131 \u00dcretim Kapasitesi<\/strong> \u2013 Ayl\u0131k 5.000 tonun \u00fczerinde \u00e7\u0131kt\u0131, toplu sipari\u015fler i\u00e7in g\u00fcvenilir tedarik sa\u011flar.<br data-start=\"4713\" data-end=\"4716\" \/>\u2705 <strong data-start=\"4718\" data-end=\"4746\">K\u00fcresel \u0130hracat Deneyimi<\/strong> \u2013 A\u015fa\u011f\u0131daki b\u00f6lgelerdeki ortaklarla uzun vadeli i\u015fbirli\u011fi <strong data-start=\"4792\" data-end=\"4842\">Afrika, Orta Do\u011fu, Latin Amerika ve Avrupa<\/strong>.<\/p>\n<hr \/>\n<h3 data-start=\"4852\" data-end=\"4872\"><strong data-start=\"4856\" data-end=\"4872\">4. Uygulamalar<\/strong><\/h3>\n<p data-start=\"4874\" data-end=\"5223\">Bizim <strong data-start=\"4878\" data-end=\"4899\">210g domates sal\u00e7as\u0131<\/strong> yayg\u0131n olarak kullan\u0131l\u0131r:<br data-start=\"4918\" data-end=\"4921\" \/>\ud83c\udf5d <strong data-start=\"4924\" data-end=\"4947\">Sos \u00dcretimi<\/strong> \u2013 Domates ket\u00e7ap\u0131, makarna sosu, ac\u0131 sos<br data-start=\"4990\" data-end=\"4993\" \/>\ud83e\udd6b <strong data-start=\"4996\" data-end=\"5018\">Haz\u0131r Yemekler<\/strong> \u2013 \u00c7orba, g\u00fcve\u00e7 ve konserve yemekler<br data-start=\"5051\" data-end=\"5054\" \/>\ud83c\udf5b <strong data-start=\"5057\" data-end=\"5089\">Yemek Hizmeti ve Evde Pi\u015firme<\/strong> \u2013 Tek ki\u015filik veya aile porsiyonlar\u0131 i\u00e7in ideal boyut<br data-start=\"5140\" data-end=\"5143\" \/>\ud83d\uded2 <strong data-start=\"5146\" data-end=\"5171\">Perakende ve S\u00fcpermarketler<\/strong> \u2013 Raflara haz\u0131r \u00fcr\u00fcn, \u00f6zelle\u015ftirilebilir ambalaj ile<\/p>\n<hr data-start=\"5225\" data-end=\"5228\" \/>\n<h3 data-start=\"5230\" data-end=\"5267\"><strong data-start=\"5234\" data-end=\"5267\">5. Ticaret ve Lojistik Bilgileri<\/strong><\/h3>\n<ul data-start=\"5269\" data-end=\"5487\">\n<li data-start=\"5269\" data-end=\"5316\">\n<p data-start=\"5271\" data-end=\"5316\"><strong data-start=\"5271\" data-end=\"5279\">Asgari Sipari\u015f Miktar\u0131:<\/strong> 1 x 20\u2019 FCL (yakla\u015f\u0131k 2000 karton)<\/p>\n<\/li>\n<li data-start=\"5317\" data-end=\"5377\">\n<p data-start=\"5319\" data-end=\"5377\"><strong data-start=\"5319\" data-end=\"5339\">Y\u00fckleme Liman\u0131:<\/strong> Tianjin \/ Qingdao \/ \u015eanghay, \u00c7in<\/p>\n<\/li>\n<li data-start=\"5378\" data-end=\"5414\">\n<p data-start=\"5380\" data-end=\"5414\"><strong data-start=\"5380\" data-end=\"5396\">Ticaret \u015eartlar\u0131:<\/strong> FOB \/ CFR \/ CIF<\/p>\n<\/li>\n<li data-start=\"5415\" data-end=\"5444\">\n<p data-start=\"5417\" data-end=\"5444\"><strong data-start=\"5417\" data-end=\"5429\">\u00d6deme:<\/strong> T\/T, L\/C, DP<\/p>\n<\/li>\n<li data-start=\"5445\" data-end=\"5487\">\n<p data-start=\"5447\" data-end=\"5487\"><strong data-start=\"5447\" data-end=\"5460\">Teslimat:<\/strong> Depozito sonras\u0131 15\u201325 g\u00fcn i\u00e7inde<\/p>\n<\/li>\n<\/ul>\n<hr data-start=\"5489\" data-end=\"5492\" \/>\n<h3 data-start=\"5494\" data-end=\"5512\"><strong data-start=\"5498\" data-end=\"5512\">6. Bize Ula\u015f\u0131n<\/strong><\/h3>\n<p data-start=\"5514\" data-end=\"5714\">\u0130\u00e7in <strong data-start=\"5518\" data-end=\"5562\">toptan 210g konserve domates sal\u00e7as\u0131 fiyat\u0131<\/strong> or OEM i\u015fbirli\u011fi,<br data-start=\"5643\" data-end=\"5646\" \/>g\u00fcveniliriniz <strong data-start=\"5659\" data-end=\"5711\">\u00c7in'de 210g domates sal\u00e7as\u0131 tedarik\u00e7isi ve ihracat\u00e7\u0131s\u0131<\/strong>.<\/p>\n<p data-start=\"5716\" data-end=\"5774\">\ud83d\udce7<a href=\"mailto:info@taichysupply.com\"> <strong data-start=\"5719\" data-end=\"5744\">info@taichysupply.com<\/strong><\/a><\/p>\n<hr \/>\n<h2><strong>7.S.Sorular<\/strong><\/h2>\n<h2><strong style=\"font-size: 16px;\">1. Teklif ne zaman al\u0131nabilir?\u00a0<\/strong><\/h2>\n<p>Genellikle talebinizi ald\u0131ktan sonra 12 saat i\u00e7inde fiyat teklifi veriyoruz. Fiyat\u0131 \u00e7ok acil alman\u0131z gerekiyorsa, l\u00fctfen bize bildirin, b\u00f6ylece talebinizi \u00f6nceliklendirece\u011fiz. Ayr\u0131ca WhatsApp \u00fczerinden acil olarak bizimle ileti\u015fime ge\u00e7ebilirsiniz ve pazarlama ekibimiz 24 saat \u00e7evrimi\u00e7i kalacakt\u0131r.<\/p>\n<p><strong>2. Kalitemizi kontrol etmek i\u00e7in nas\u0131l \u00f6rnek alabilirim?\u00a0<\/strong><\/p>\n<p>Fiyat onay\u0131ndan sonra, kalite kontrol\u00fc i\u00e7in \u00f6rnek talep edebilirsiniz.<\/p>\n<p>Ayr\u0131ca sevkiyat \u00f6ncesinde \u00fc\u00e7\u00fcnc\u00fc taraf (SGS\/BV) denetimini kabul ediyoruz.<\/p>\n<p><strong>3. Bask\u0131 i\u00e7in hangi dosya formatlar\u0131n\u0131 kabul ediyorsunuz?<\/strong><\/p>\n<p>PDF, Core Draw, y\u00fcksek \u00e7\u00f6z\u00fcn\u00fcrl\u00fckl\u00fc JPG veya AI format\u0131<\/p>\n<p><strong>4. Tasar\u0131m\u0131 bizim i\u00e7in yapabilir misiniz?\u00a0<\/strong><\/p>\n<p>Evet. Tasar\u0131m ve \u00fcretim konusunda zengin deneyime sahip profesyonel bir ekibimiz var.<\/p>\n<p>Ve hizmet \u00fccretsizdir.<\/p>\n<p><strong>5. \u00d6rne\u011fin ne zaman alabilirim?\u00a0<\/strong><\/p>\n<p>\u00d6rnekler i\u00e7in 3-5 i\u015f g\u00fcn\u00fc. DHL, TNT, UPS ve Fedex ile anla\u015fmam\u0131z var.<\/p>\n<p><strong>6. Seri \u00fcretim i\u00e7in teslim s\u00fcresi nedir?\u00a0<\/strong><\/p>\n<p>Seri \u00fcretim i\u00e7in 25 i\u015f g\u00fcn\u00fc. Miktar\u0131n\u0131za ba\u011fl\u0131d\u0131r ve ihtiya\u00e7lar\u0131n\u0131z\u0131 kar\u015f\u0131lamak i\u00e7in elimizden geleni yapaca\u011f\u0131z.<\/p>\n<p>\ud83d\udce9 <a href=\"https:\/\/taichytomato.com\/tr\/contact\/\"><u>Hemen bizimle ileti\u015fime ge\u00e7in<\/u><\/a>\u00a0Fiyatland\u0131rma, teknik \u00f6zellikler ve OEM ambalaj se\u00e7enekleri i\u00e7in!<\/p>\n<p>Herhangi bir kar\u0131\u015f\u0131kl\u0131\u011f\u0131n\u0131z varsa, buraya t\u0131klay\u0131n\u201d<a href=\"https:\/\/taichytomato.com\/tr\/buyers-guide-for-canned-tomato-paste\/\">Konserve Domates Sal\u00e7as\u0131 Al\u0131c\u0131 Rehberi<\/a>\u201dbu size yard\u0131mc\u0131 olacakt\u0131r<\/p>","protected":false},"excerpt":{"rendered":"<p>Brix:18-20%,<a href=\"https:\/\/taichytomato.com\/tr\/urun\/canned-tomato-paste-22-24\/\">22-24%<\/a>,<a href=\"https:\/\/taichytomato.com\/tr\/urun\/canned-tomato-paste-26-28\/\">26-28%<\/a>,<a href=\"https:\/\/taichytomato.com\/tr\/urun\/canned-tomato-paste-28-30\/\">28-30%<\/a><br \/>\nPaslanmaz\/strese kar\u015f\u0131 dayan\u0131kl\u0131\/nem ge\u00e7irmez teneke kutu Kapa\u011f\u0131<br \/>\nMarka: Tasar\u0131m veya OEM<br \/>\nMinimum Miktar: 1X20ft<br \/>\nTeslimat Detay\u0131: Depozito veya akreditif al\u0131nd\u0131ktan sonra 30-35 g\u00fcn i\u00e7inde. En h\u0131zl\u0131 g\u00f6nderim.<br \/>\nHs Kodu:2002901100<\/p>","protected":false},"featured_media":3306,"template":"","meta":{"_acf_changed":false,"_seopress_robots_primary_cat":"none","_seopress_titles_title":"210g Canned & Tin Tomato Paste | Taichy tomato","_seopress_titles_desc":"Our 210g canned tomato paste is a reliable choice. Each tomato paste tin is filled with  tomatoes, providing pure and authentic flavor for all your dishes.","_seopress_robots_index":"","site-sidebar-layout":"default","site-content-layout":"","ast-site-content-layout":"default","site-content-style":"default","site-sidebar-style":"default","ast-global-header-display":"","ast-banner-title-visibility":"","ast-main-header-display":"","ast-hfb-above-header-display":"","ast-hfb-below-header-display":"","ast-hfb-mobile-header-display":"","site-post-title":"","ast-breadcrumbs-content":"","ast-featured-img":"","footer-sml-layout":"","ast-disable-related-posts":"","theme-transparent-header-meta":"default","adv-header-id-meta":"","stick-header-meta":"","header-above-stick-meta":"","header-main-stick-meta":"","header-below-stick-meta":"","astra-migrate-meta-layouts":"set","ast-page-background-enabled":"default","ast-page-background-meta":{"desktop":{"background-color":"var(--ast-global-color-5)","background-image":"","background-repeat":"repeat","background-position":"center center","background-size":"auto","background-attachment":"scroll","background-type":"","background-media":"","overlay-type":"","overlay-color":"","overlay-opacity":"","overlay-gradient":""},"tablet":{"background-color":"","background-image":"","background-repeat":"repeat","background-position":"center center","background-size":"auto","background-attachment":"scroll","background-type":"","background-media":"","overlay-type":"","overlay-color":"","overlay-opacity":"","overlay-gradient":""},"mobile":{"background-color":"","background-image":"","background-repeat":"repeat","background-position":"center center","background-size":"auto","background-attachment":"scroll","background-type":"","background-media":"","overlay-type":"","overlay-color":"","overlay-opacity":"","overlay-gradient":""}},"ast-content-background-meta":{"desktop":{"background-color":"var(--ast-global-color-4)","background-image":"","background-repeat":"repeat","background-position":"center center","background-size":"auto","background-attachment":"scroll","background-type":"","background-media":"","overlay-type":"","overlay-color":"","overlay-opacity":"","overlay-gradient":""},"tablet":{"background-color":"var(--ast-global-color-4)","background-image":"","background-repeat":"repeat","background-position":"center center","background-size":"auto","background-attachment":"scroll","background-type":"","background-media":"","overlay-type":"","overlay-color":"","overlay-opacity":"","overlay-gradient":""},"mobile":{"background-color":"var(--ast-global-color-4)","background-image":"","background-repeat":"repeat","background-position":"center center","background-size":"auto","background-attachment":"scroll","background-type":"","background-media":"","overlay-type":"","overlay-color":"","overlay-opacity":"","overlay-gradient":""}}},"product_brand":[],"product_cat":[96],"product_tag":[216,45],"class_list":{"0":"post-906","1":"product","2":"type-product","3":"status-publish","4":"has-post-thumbnail","6":"product_cat-canned-tomato-paste","7":"product_tag-210g-canned-tomato-paste","8":"product_tag-canned-tomato-paste","9":"desktop-align-left","10":"tablet-align-left","11":"mobile-align-left","13":"first","14":"instock","15":"sale","16":"shipping-taxable","17":"purchasable","18":"product-type-simple"},"acf":[],"_links":{"self":[{"href":"https:\/\/taichytomato.com\/tr\/wp-json\/wp\/v2\/product\/906","targetHints":{"allow":["GET"]}}],"collection":[{"href":"https:\/\/taichytomato.com\/tr\/wp-json\/wp\/v2\/product"}],"about":[{"href":"https:\/\/taichytomato.com\/tr\/wp-json\/wp\/v2\/types\/product"}],"version-history":[{"count":0,"href":"https:\/\/taichytomato.com\/tr\/wp-json\/wp\/v2\/product\/906\/revisions"}],"wp:featuredmedia":[{"embeddable":true,"href":"https:\/\/taichytomato.com\/tr\/wp-json\/wp\/v2\/media\/3306"}],"wp:attachment":[{"href":"https:\/\/taichytomato.com\/tr\/wp-json\/wp\/v2\/media?parent=906"}],"wp:term":[{"taxonomy":"product_brand","embeddable":true,"href":"https:\/\/taichytomato.com\/tr\/wp-json\/wp\/v2\/product_brand?post=906"},{"taxonomy":"product_cat","embeddable":true,"href":"https:\/\/taichytomato.com\/tr\/wp-json\/wp\/v2\/product_cat?post=906"},{"taxonomy":"product_tag","embeddable":true,"href":"https:\/\/taichytomato.com\/tr\/wp-json\/wp\/v2\/product_tag?post=906"}],"curies":[{"name":"wp","href":"https:\/\/api.w.org\/{rel}","templated":true}]}}