{"id":894,"date":"2026-01-03T18:06:40","date_gmt":"2026-01-04T02:06:40","guid":{"rendered":"https:\/\/taichytomato.com\/?post_type=product&#038;p=894"},"modified":"2026-01-07T23:41:42","modified_gmt":"2026-01-08T07:41:42","slug":"70g-canned-tomato-paste","status":"publish","type":"product","link":"https:\/\/taichytomato.com\/tr\/urun\/70g-canned-tomato-paste\/","title":{"rendered":"70g Konserve Domates Sal\u00e7as\u0131 \u2013 K\u00fc\u00e7\u00fck Teneke, B\u00fcy\u00fck Tat"},"content":{"rendered":"<h2>70g Konserve domates sal\u00e7as\u0131<\/h2>\n<h3 data-start=\"1416\" data-end=\"1482\"><strong data-start=\"1420\" data-end=\"1482\">1. Premium Domates Sal\u00e7as\u0131 70g | Fabrika Temini, OEM ve Toptan Sat\u0131\u015f<\/strong><\/h3>\n<p data-start=\"1484\" data-end=\"1833\">Bir <strong data-start=\"1489\" data-end=\"1542\">profesyonel 70g konserve domates sal\u00e7as\u0131 \u00fcreticisi<\/strong>, biz uzman\u0131z <strong data-start=\"1571\" data-end=\"1604\">y\u00fcksek kaliteli 70g domates sal\u00e7as\u0131 \u00fcretiminde<\/strong> k\u00fcresel ihracat pazarlar\u0131 i\u00e7in. \u0130ster <strong data-start=\"1649\" data-end=\"1739\">perakende s\u00fcpermarketler, g\u00fcnl\u00fck pi\u015firme veya OEM \u00f6zel etiket projeleri i\u00e7in 70g domates sal\u00e7as\u0131na ihtiyac\u0131n\u0131z olsun<\/strong>, tutarl\u0131 tat, renk ve kalite sunuyoruz rekabet\u00e7i <strong data-start=\"1806\" data-end=\"1832\">domates sal\u00e7as\u0131 70g fiyat\u0131<\/strong>.<\/p>\n<hr \/>\n<h2><\/h2>\n<h2><strong>2.<\/strong>\u00dcr\u00fcn \u00d6zellikleri ve Teknik \u015eartlar<\/h2>\n<p>&nbsp;<\/p>\n<div class=\"_tableContainer_1rjym_1\">\n<div class=\"group _tableWrapper_1rjym_13 flex w-fit flex-col-reverse\" tabindex=\"-1\">\n<table class=\"w-fit min-w-(--thread-content-width)\" data-start=\"1885\" data-end=\"3506\">\n<thead data-start=\"1885\" data-end=\"2019\">\n<tr data-start=\"1885\" data-end=\"2019\">\n<th data-start=\"1885\" data-end=\"1913\" data-col-size=\"sm\"><strong data-start=\"1887\" data-end=\"1898\">\u00d6zellik<\/strong><\/th>\n<th data-start=\"1913\" data-end=\"1965\" data-col-size=\"sm\"><strong data-start=\"1915\" data-end=\"1932\">\u015eartname<\/strong><\/th>\n<th data-start=\"1965\" data-end=\"2019\" data-col-size=\"md\"><strong data-start=\"1967\" data-end=\"1980\">Avantaj<\/strong><\/th>\n<\/tr>\n<\/thead>\n<tbody data-start=\"2156\" data-end=\"3506\">\n<tr data-start=\"2156\" data-end=\"2290\">\n<td data-start=\"2156\" data-end=\"2185\" data-col-size=\"sm\"><strong data-start=\"2158\" data-end=\"2182\">Brix (Konsantrasyon)<\/strong><\/td>\n<td data-col-size=\"sm\" data-start=\"2185\" data-end=\"2236\">\u00a018\u201320%, 22\u201324%, 26\u201328%, 28\u201330%, 36\u201338%<\/td>\n<td data-col-size=\"md\" data-start=\"2236\" data-end=\"2290\">Zengin lezzet ve do\u011fal tatl\u0131l\u0131k<\/td>\n<\/tr>\n<tr data-start=\"2291\" data-end=\"2425\">\n<td data-start=\"2291\" data-end=\"2320\" data-col-size=\"sm\"><strong data-start=\"2293\" data-end=\"2309\">\u0130\u015flem T\u00fcr\u00fc<\/strong><\/td>\n<td data-col-size=\"sm\" data-start=\"2320\" data-end=\"2371\">S\u0131cak Kesim \/ So\u011fuk Kesim<\/td>\n<td data-col-size=\"md\" data-start=\"2371\" data-end=\"2425\">HB kal\u0131n k\u0131vam i\u00e7in, CB p\u00fcr\u00fczs\u00fcz doku i\u00e7in<\/td>\n<\/tr>\n<tr data-start=\"2426\" data-end=\"2561\">\n<td data-start=\"2426\" data-end=\"2455\" data-col-size=\"sm\"><strong data-start=\"2428\" data-end=\"2449\">Renk (A\/B De\u011feri)<\/strong><\/td>\n<td data-col-size=\"sm\" data-start=\"2455\" data-end=\"2507\">\u2265 1.90<\/td>\n<td data-col-size=\"md\" data-start=\"2507\" data-end=\"2561\">Y\u00fcksek likopen i\u00e7eri\u011fine sahip parlak do\u011fal k\u0131rm\u0131z\u0131<\/td>\n<\/tr>\n<tr data-start=\"2562\" data-end=\"2696\">\n<td data-start=\"2562\" data-end=\"2591\" data-col-size=\"sm\"><strong data-start=\"2564\" data-end=\"2578\">Net A\u011f\u0131rl\u0131k<\/strong><\/td>\n<td data-col-size=\"sm\" data-start=\"2591\" data-end=\"2642\">Her teneke kutu i\u00e7in 70g<\/td>\n<td data-col-size=\"md\" data-start=\"2642\" data-end=\"2696\">G\u00fcnl\u00fck yemekler i\u00e7in ideal tek kullan\u0131ml\u0131k porsiyon<\/td>\n<\/tr>\n<tr data-start=\"2697\" data-end=\"2831\">\n<td data-start=\"2697\" data-end=\"2726\" data-col-size=\"sm\"><strong data-start=\"2699\" data-end=\"2712\">Ambalaj<\/strong><\/td>\n<td data-col-size=\"sm\" data-start=\"2726\" data-end=\"2777\">Kolay A\u00e7\u0131l\u0131r \/ Zor A\u00e7\u0131l\u0131r Kapakl\u0131 teneke kutu<\/td>\n<td data-col-size=\"md\" data-start=\"2777\" data-end=\"2831\">Pratik, hijyenik ve ihracata uygun<\/td>\n<\/tr>\n<tr data-start=\"2832\" data-end=\"2966\">\n<td data-start=\"2832\" data-end=\"2861\" data-col-size=\"sm\"><strong data-start=\"2834\" data-end=\"2847\">Katk\u0131 Maddeleri<\/strong><\/td>\n<td data-col-size=\"sm\" data-start=\"2861\" data-end=\"2912\">Hi\u00e7biri, 100% Do\u011fal, GDO'suz<\/td>\n<td data-col-size=\"md\" data-start=\"2912\" data-end=\"2966\">Koruyucu, yapay renkler yok<\/td>\n<\/tr>\n<tr data-start=\"2967\" data-end=\"3101\">\n<td data-start=\"2967\" data-end=\"2996\" data-col-size=\"sm\"><strong data-start=\"2969\" data-end=\"2983\">Raf \u00d6mr\u00fc<\/strong><\/td>\n<td data-col-size=\"sm\" data-start=\"2996\" data-end=\"3047\">24 ay<\/td>\n<td data-col-size=\"md\" data-start=\"3047\" data-end=\"3101\">K\u00fcresel nakliye i\u00e7in uzun vadeli stabilite<\/td>\n<\/tr>\n<tr data-start=\"3102\" data-end=\"3236\">\n<td data-start=\"3102\" data-end=\"3131\" data-col-size=\"sm\"><strong data-start=\"3104\" data-end=\"3127\">OEM \/ \u00d6zel Etiket<\/strong><\/td>\n<td data-col-size=\"sm\" data-start=\"3131\" data-end=\"3182\">Kabul edildi<\/td>\n<td data-col-size=\"md\" data-start=\"3182\" data-end=\"3236\">\u00d6zel tasar\u0131m, marka bask\u0131s\u0131 ve karton paketleme<\/td>\n<\/tr>\n<tr data-start=\"3237\" data-end=\"3371\">\n<td data-start=\"3237\" data-end=\"3266\" data-col-size=\"sm\"><strong data-start=\"3239\" data-end=\"3261\">Girdi-\u00c7\u0131kt\u0131 Oran\u0131<\/strong><\/td>\n<td data-col-size=\"sm\" data-start=\"3266\" data-end=\"3317\">25%\u2013100%<\/td>\n<td data-col-size=\"md\" data-start=\"3317\" data-end=\"3371\">Talep \u00fczerine esnek konsantrasyon seviyeleri<\/td>\n<\/tr>\n<tr data-start=\"3372\" data-end=\"3506\">\n<td data-start=\"3372\" data-end=\"3401\" data-col-size=\"sm\"><strong data-start=\"3374\" data-end=\"3385\">G\u00fcmr\u00fck Kodu<\/strong><\/td>\n<td data-col-size=\"sm\" data-start=\"3401\" data-end=\"3452\">20029011<\/td>\n<td data-col-size=\"md\" data-start=\"3452\" data-end=\"3506\">Konserve domates sal\u00e7as\u0131 i\u00e7in standart g\u00fcmr\u00fck kodu<\/td>\n<\/tr>\n<\/tbody>\n<\/table>\n<\/div>\n<\/div>\n<hr \/>\n<h2 data-start=\"3513\" data-end=\"3560\"><strong data-start=\"3519\" data-end=\"3560\">3. Fabrika G\u00fcc\u00fc ve Kalite Taahh\u00fcd\u00fc<\/strong><\/h2>\n<p data-start=\"3562\" data-end=\"3809\">\u015eirketimiz bir <strong data-start=\"3579\" data-end=\"3646\">HACCP, ISO ve HALAL sertifikal\u0131 70g konserve domates sal\u00e7as\u0131 fabrikas\u0131<\/strong> \u00c7in'de.<br data-start=\"3656\" data-end=\"3659\" \/>Se\u00e7iyoruz <strong data-start=\"3669\" data-end=\"3707\">100% taze, olgun, GDO'suz domatesler<\/strong> g\u00fcvenilir \u00e7iftliklerden ve hasattan saatler i\u00e7inde i\u015fleyerek maksimum lezzet ve renk korumas\u0131 sa\u011fl\u0131yoruz.<\/p>\n<p data-start=\"3811\" data-end=\"4019\">Geli\u015fmi\u015f <strong data-start=\"3828\" data-end=\"3867\">s\u0131cak k\u0131rma ve so\u011fuk k\u0131rma teknolojisi<\/strong>, sayesinde, <strong data-start=\"3873\" data-end=\"3893\">70g domates sal\u00e7as\u0131<\/strong> m\u00fckemmel bir dengeyi koruyor <strong data-start=\"3925\" data-end=\"3963\">zengin renk, aroma ve k\u0131vama sahip<\/strong>, ve hem ev hem de end\u00fcstriyel kullan\u0131m i\u00e7in idealdir.<\/p>\n<p data-start=\"4021\" data-end=\"4191\">Sa\u011fl\u0131yoruz <strong data-start=\"4032\" data-end=\"4056\">fabrika do\u011frudan sat\u0131\u015flar<\/strong>, ile en <strong data-start=\"4076\" data-end=\"4114\">rekabet\u00e7i 70g domates sal\u00e7as\u0131 fiyat\u0131n\u0131<\/strong> sa\u011flarken, \u00fcretim boyunca s\u0131k\u0131 kalite kontrol\u00fc ve izlenebilirli\u011fi s\u00fcrd\u00fcr\u00fcyoruz.<\/p>\n<hr \/>\n<h2 data-start=\"4198\" data-end=\"4234\"><strong data-start=\"4204\" data-end=\"4234\">4. Ambalajlama ve \u0130hracat Se\u00e7enekleri<\/strong><\/h2>\n<ul data-start=\"4236\" data-end=\"4512\">\n<li data-start=\"4236\" data-end=\"4299\">\n<p data-start=\"4238\" data-end=\"4299\"><strong data-start=\"4238\" data-end=\"4256\">Standart Boyut:<\/strong> 70g teneke kutu (kolay a\u00e7\u0131l\u0131r veya sert a\u00e7\u0131l\u0131r kapak)<\/p>\n<p><figure id=\"attachment_900\" aria-describedby=\"caption-attachment-900\" style=\"width: 188px\" class=\"wp-caption aligncenter\"><img decoding=\"async\" class=\"wp-image-900\" src=\"https:\/\/taichytomato.com\/wp-content\/uploads\/2025\/05\/20230921140250-300x300.jpg\" alt=\"210g konserve domates sal\u00e7as\u0131\" width=\"188\" height=\"188\" srcset=\"https:\/\/taichytomato.com\/wp-content\/uploads\/2025\/05\/20230921140250-300x300.jpg 300w, https:\/\/taichytomato.com\/wp-content\/uploads\/2025\/05\/20230921140250-150x150.jpg 150w, https:\/\/taichytomato.com\/wp-content\/uploads\/2025\/05\/20230921140250-100x100.jpg 100w, https:\/\/taichytomato.com\/wp-content\/uploads\/2025\/05\/20230921140250.jpg 400w\" sizes=\"(max-width: 188px) 100vw, 188px\" \/><figcaption id=\"caption-attachment-900\" class=\"wp-caption-text\">70g konserve domates sal\u00e7as\u0131<\/figcaption><\/figure><\/li>\n<li data-start=\"4300\" data-end=\"4346\">\n<p data-start=\"4302\" data-end=\"4346\"><strong data-start=\"4302\" data-end=\"4321\">Karton Ambalaj:<\/strong> 50 kutu \u00d7 70g \/ karton   veya   100 kutu \u00d7 70g \/ karton<\/p>\n<\/li>\n<li data-start=\"4347\" data-end=\"4402\">\n<p data-start=\"4349\" data-end=\"4402\"><strong data-start=\"4349\" data-end=\"4367\">Y\u00fckleme Kapasitesi:<\/strong> Yakla\u015f\u0131k 4980 veya 2.550 kutu \/ 20\u2019FCL<\/p>\n<\/li>\n<li data-start=\"4403\" data-end=\"4464\">\n<p data-start=\"4405\" data-end=\"4464\"><strong data-start=\"4405\" data-end=\"4426\">G\u00f6nderim Liman\u0131:<\/strong> Qingdao \/ Tianjin \/ Shanghai, \u00c7in<\/p>\n<\/li>\n<li data-start=\"4465\" data-end=\"4512\">\n<p data-start=\"4467\" data-end=\"4512\"><strong data-start=\"4467\" data-end=\"4486\">Teslimat \u015eartlar\u0131:<\/strong> FOB, CFR, CIF mevcut<\/p>\n<\/li>\n<\/ul>\n<hr data-start=\"4514\" data-end=\"4517\" \/>\n<h2 data-start=\"4519\" data-end=\"4541\"><strong data-start=\"4525\" data-end=\"4541\">5. Uygulamalar<\/strong><\/h2>\n<p data-start=\"4543\" data-end=\"4597\">Bizim <strong data-start=\"4547\" data-end=\"4567\">70g domates sal\u00e7as\u0131<\/strong> \u015fekilde m\u00fckemmel porsiyonlanm\u0131\u015ft\u0131r:<\/p>\n<ul data-start=\"4598\" data-end=\"4782\">\n<li data-start=\"4598\" data-end=\"4643\">\n<p data-start=\"4600\" data-end=\"4643\">Ev yap\u0131m\u0131 yemekler (\u00e7orbalar, g\u00fcve\u00e7ler, makarna soslar\u0131)<\/p>\n<\/li>\n<li data-start=\"4644\" data-end=\"4687\">\n<p data-start=\"4646\" data-end=\"4687\">Market perakende ve pratik ma\u011fazalar<\/p>\n<\/li>\n<li data-start=\"4688\" data-end=\"4717\">\n<p data-start=\"4690\" data-end=\"4717\">Katering ve restoran kullan\u0131m\u0131<\/p>\n<\/li>\n<li data-start=\"4718\" data-end=\"4782\">\n<p data-start=\"4720\" data-end=\"4782\">Afrika, Orta Do\u011fu ve Latin Amerika pazarlar\u0131na ihracat<\/p>\n<\/li>\n<\/ul>\n<hr data-start=\"4784\" data-end=\"4787\" \/>\n<h2 data-start=\"4789\" data-end=\"4839\">6. <strong data-start=\"4795\" data-end=\"4839\">Neden 70g Domates Sal\u00e7as\u0131 Fabrikam\u0131z\u0131 Se\u00e7melisiniz?<\/strong><\/h2>\n<ul data-start=\"4841\" data-end=\"5207\">\n<li data-start=\"4841\" data-end=\"4908\">\n<p data-start=\"4843\" data-end=\"4908\">\u2705 <strong data-start=\"4845\" data-end=\"4871\">\u0130stikrarl\u0131 Tedarik Kapasitesi<\/strong> \u2013 Ayl\u0131k 3.000 ton \u00fcretimden fazla<\/p>\n<\/li>\n<li data-start=\"4909\" data-end=\"4976\">\n<p data-start=\"4911\" data-end=\"4976\">\u2705 <strong data-start=\"4913\" data-end=\"4935\">Tutarl\u0131 Kalite<\/strong> \u2013 S\u0131k\u0131 kalite kontrol ve metal tespit sistemi<\/p>\n<\/li>\n<li data-start=\"4977\" data-end=\"5054\">\n<p data-start=\"4979\" data-end=\"5054\">\u2705 <strong data-start=\"4981\" data-end=\"5005\">Esnek OEM Hizmeti<\/strong> \u2013 \u00d6zel etiket bask\u0131s\u0131, karton \u00f6zelle\u015ftirme<\/p>\n<\/li>\n<li data-start=\"5055\" data-end=\"5130\">\n<p data-start=\"5057\" data-end=\"5130\">\u2705 <strong data-start=\"5059\" data-end=\"5091\">Rekabet\u00e7i Toptan Fiyatlar<\/strong> \u2013 Fabrika do\u011frudan toplu indirimlerle<\/p>\n<\/li>\n<li data-start=\"5131\" data-end=\"5207\">\n<p data-start=\"5133\" data-end=\"5207\">\u2705 <strong data-start=\"5135\" data-end=\"5163\">K\u00fcresel \u0130hracat Deneyimi<\/strong> \u2013 50'den fazla \u00fclkede uzun vadeli ortakl\u0131klar<\/p>\n<\/li>\n<\/ul>\n<hr data-start=\"5209\" data-end=\"5212\" \/>\n<h2><strong>7.S.Sorular<\/strong><\/h2>\n<p><strong>1. Teklif ne zaman al\u0131nabilir?\u00a0<\/strong><\/p>\n<p>Genellikle talebinizi ald\u0131ktan sonra 12 saat i\u00e7inde fiyat teklifi veriyoruz. Fiyat\u0131 \u00e7ok acil alman\u0131z gerekiyorsa, l\u00fctfen bize bildirin, b\u00f6ylece talebinizi \u00f6nceliklendirece\u011fiz. Ayr\u0131ca WhatsApp \u00fczerinden acil olarak bizimle ileti\u015fime ge\u00e7ebilirsiniz ve pazarlama ekibimiz 24 saat \u00e7evrimi\u00e7i kalacakt\u0131r.<\/p>\n<p><strong>2. Kalitemizi kontrol etmek i\u00e7in nas\u0131l \u00f6rnek alabilirim?\u00a0<\/strong><\/p>\n<p>Fiyat onay\u0131ndan sonra, kalite kontrol\u00fc i\u00e7in \u00f6rnek talep edebilirsiniz.<\/p>\n<p>Ayr\u0131ca sevkiyat \u00f6ncesinde \u00fc\u00e7\u00fcnc\u00fc taraf (SGS\/BV) denetimini kabul ediyoruz.<\/p>\n<p><strong>3. Bask\u0131 i\u00e7in hangi dosya formatlar\u0131n\u0131 kabul ediyorsunuz?<\/strong><\/p>\n<p>PDF, Core Draw, y\u00fcksek \u00e7\u00f6z\u00fcn\u00fcrl\u00fckl\u00fc JPG veya AI format\u0131<\/p>\n<p><strong>4. Tasar\u0131m\u0131 bizim i\u00e7in yapabilir misiniz?\u00a0<\/strong><\/p>\n<p>Evet. Tasar\u0131m ve \u00fcretim konusunda zengin deneyime sahip profesyonel bir ekibimiz var.<\/p>\n<p>Ve hizmet \u00fccretsizdir.<\/p>\n<p><strong>5. \u00d6rne\u011fin ne zaman alabilirim?\u00a0<\/strong><\/p>\n<p>\u00d6rnekler i\u00e7in 3-5 i\u015f g\u00fcn\u00fc. DHL, TNT, UPS ve Fedex ile anla\u015fmam\u0131z var.<\/p>\n<p><strong>6. Seri \u00fcretim i\u00e7in teslim s\u00fcresi nedir?\u00a0<\/strong><\/p>\n<p>Seri \u00fcretim i\u00e7in 25 i\u015f g\u00fcn\u00fc. Miktar\u0131n\u0131za ba\u011fl\u0131d\u0131r ve ihtiya\u00e7lar\u0131n\u0131z\u0131 kar\u015f\u0131lamak i\u00e7in elimizden geleni yapaca\u011f\u0131z.<\/p>\n<p>\ud83d\udce9 <a href=\"https:\/\/taichytomato.com\/tr\/contact\/\"><u>Hemen bizimle ileti\u015fime ge\u00e7in<\/u><\/a>\u00a0Fiyatland\u0131rma, teknik \u00f6zellikler ve OEM ambalaj se\u00e7enekleri i\u00e7in!<\/p>\n<p>&nbsp;<\/p>","protected":false},"excerpt":{"rendered":"<h3 data-start=\"1416\" data-end=\"1482\"><strong data-start=\"1420\" data-end=\"1482\">Premium Domates Sal\u00e7as\u0131 70g | Fabrika Temini, OEM ve Toptan Sat\u0131\u015f<\/strong><\/h3>\n<p data-start=\"1484\" data-end=\"1833\">Bir <strong data-start=\"1489\" data-end=\"1542\">profesyonel 70g konserve domates sal\u00e7as\u0131 \u00fcreticisi<\/strong>, biz uzman\u0131z <strong data-start=\"1571\" data-end=\"1604\">y\u00fcksek kaliteli 70g domates sal\u00e7as\u0131 \u00fcretiminde<\/strong> k\u00fcresel ihracat pazarlar\u0131 i\u00e7in. \u0130ster <strong data-start=\"1649\" data-end=\"1739\">perakende s\u00fcpermarketler, g\u00fcnl\u00fck pi\u015firme veya OEM \u00f6zel etiket projeleri i\u00e7in 70g domates sal\u00e7as\u0131na ihtiyac\u0131n\u0131z olsun<\/strong>, tutarl\u0131 tat, renk ve kalite sunuyoruz rekabet\u00e7i <strong data-start=\"1806\" data-end=\"1832\">domates sal\u00e7as\u0131 70g fiyat\u0131<\/strong>.<\/p>","protected":false},"featured_media":3267,"template":"","meta":{"_acf_changed":false,"_seopress_robots_primary_cat":"none","_seopress_titles_title":"70g Canned Tomato Paste & Tomato Paste Tin | Taichy tomato","_seopress_titles_desc":"The perfect 70g canned tomato paste for individual meals. Our small tomato paste tin offers concentrated flavor and is ideal for quick cooking .","_seopress_robots_index":"","site-sidebar-layout":"default","site-content-layout":"","ast-site-content-layout":"default","site-content-style":"default","site-sidebar-style":"default","ast-global-header-display":"","ast-banner-title-visibility":"","ast-main-header-display":"","ast-hfb-above-header-display":"","ast-hfb-below-header-display":"","ast-hfb-mobile-header-display":"","site-post-title":"","ast-breadcrumbs-content":"","ast-featured-img":"","footer-sml-layout":"","ast-disable-related-posts":"","theme-transparent-header-meta":"default","adv-header-id-meta":"","stick-header-meta":"","header-above-stick-meta":"","header-main-stick-meta":"","header-below-stick-meta":"","astra-migrate-meta-layouts":"set","ast-page-background-enabled":"default","ast-page-background-meta":{"desktop":{"background-color":"var(--ast-global-color-5)","background-image":"","background-repeat":"repeat","background-position":"center center","background-size":"auto","background-attachment":"scroll","background-type":"","background-media":"","overlay-type":"","overlay-color":"","overlay-opacity":"","overlay-gradient":""},"tablet":{"background-color":"","background-image":"","background-repeat":"repeat","background-position":"center center","background-size":"auto","background-attachment":"scroll","background-type":"","background-media":"","overlay-type":"","overlay-color":"","overlay-opacity":"","overlay-gradient":""},"mobile":{"background-color":"","background-image":"","background-repeat":"repeat","background-position":"center center","background-size":"auto","background-attachment":"scroll","background-type":"","background-media":"","overlay-type":"","overlay-color":"","overlay-opacity":"","overlay-gradient":""}},"ast-content-background-meta":{"desktop":{"background-color":"var(--ast-global-color-4)","background-image":"","background-repeat":"repeat","background-position":"center center","background-size":"auto","background-attachment":"scroll","background-type":"","background-media":"","overlay-type":"","overlay-color":"","overlay-opacity":"","overlay-gradient":""},"tablet":{"background-color":"var(--ast-global-color-4)","background-image":"","background-repeat":"repeat","background-position":"center center","background-size":"auto","background-attachment":"scroll","background-type":"","background-media":"","overlay-type":"","overlay-color":"","overlay-opacity":"","overlay-gradient":""},"mobile":{"background-color":"var(--ast-global-color-4)","background-image":"","background-repeat":"repeat","background-position":"center center","background-size":"auto","background-attachment":"scroll","background-type":"","background-media":"","overlay-type":"","overlay-color":"","overlay-opacity":"","overlay-gradient":""}}},"product_brand":[],"product_cat":[96],"product_tag":[149],"class_list":{"0":"post-894","1":"product","2":"type-product","3":"status-publish","4":"has-post-thumbnail","6":"product_cat-canned-tomato-paste","7":"product_tag-70g-tomato-paste","8":"desktop-align-left","9":"tablet-align-left","10":"mobile-align-left","12":"first","13":"instock","14":"sale","15":"shipping-taxable","16":"purchasable","17":"product-type-simple"},"acf":[],"_links":{"self":[{"href":"https:\/\/taichytomato.com\/tr\/wp-json\/wp\/v2\/product\/894","targetHints":{"allow":["GET"]}}],"collection":[{"href":"https:\/\/taichytomato.com\/tr\/wp-json\/wp\/v2\/product"}],"about":[{"href":"https:\/\/taichytomato.com\/tr\/wp-json\/wp\/v2\/types\/product"}],"version-history":[{"count":0,"href":"https:\/\/taichytomato.com\/tr\/wp-json\/wp\/v2\/product\/894\/revisions"}],"wp:featuredmedia":[{"embeddable":true,"href":"https:\/\/taichytomato.com\/tr\/wp-json\/wp\/v2\/media\/3267"}],"wp:attachment":[{"href":"https:\/\/taichytomato.com\/tr\/wp-json\/wp\/v2\/media?parent=894"}],"wp:term":[{"taxonomy":"product_brand","embeddable":true,"href":"https:\/\/taichytomato.com\/tr\/wp-json\/wp\/v2\/product_brand?post=894"},{"taxonomy":"product_cat","embeddable":true,"href":"https:\/\/taichytomato.com\/tr\/wp-json\/wp\/v2\/product_cat?post=894"},{"taxonomy":"product_tag","embeddable":true,"href":"https:\/\/taichytomato.com\/tr\/wp-json\/wp\/v2\/product_tag?post=894"}],"curies":[{"name":"wp","href":"https:\/\/api.w.org\/{rel}","templated":true}]}}