{"id":757,"date":"2025-05-12T18:45:40","date_gmt":"2025-05-13T02:45:40","guid":{"rendered":"https:\/\/taichytomato.com\/?post_type=product&#038;p=757"},"modified":"2026-03-24T23:29:40","modified_gmt":"2026-03-25T07:29:40","slug":"30-32-drum-tomato-paste","status":"publish","type":"product","link":"https:\/\/taichytomato.com\/tr\/urun\/30-32-drum-tomato-paste\/","title":{"rendered":"Premium Domates Konsantresi \u2013 30-32% Brix Davul Domates Sal\u00e7as\u0131"},"content":{"rendered":"<h2><strong><b>30<\/b><\/strong><strong><b>%-3<\/b><\/strong><strong><b>2<\/b><\/strong><strong><b>% Brix S\u0131cak K\u0131rma Domates Sal\u00e7as\u0131\uff08H<\/b><\/strong><strong><b>B<\/b><\/strong><strong><b>) 220L<\/b><\/strong><\/h2>\n<h2><strong>1.\u00dcretici G\u00fcc\u00fc ve Kalite Taahh\u00fcd\u00fc<\/strong><\/h2>\n<p data-start=\"229\" data-end=\"498\">Bir olarak <strong data-start=\"235\" data-end=\"308\">HACCP, ISO22000 ve HALAL sertifikal\u0131 30-32% varil domates sal\u00e7as\u0131 fabrikas\u0131<\/strong>, k\u00fcresel g\u0131da i\u015fleme \u015firketlerine y\u00fcksek kaliteli domates konsantresi sa\u011flamaya kendini adam\u0131\u015ft\u0131r.<br data-start=\"409\" data-end=\"412\" \/><strong data-start=\"412\" data-end=\"498\">Kalite i\u015fbirli\u011finin temelidir ve istikrar g\u00fcvenin garantisidir.<\/strong><\/p>\n<h3 data-start=\"500\" data-end=\"529\"><strong data-start=\"506\" data-end=\"529\">Ham Madde Safl\u0131\u011f\u0131<\/strong><\/h3>\n<p data-start=\"531\" data-end=\"812\">Bizim <strong data-start=\"535\" data-end=\"583\">\u00e7elik varilde 30-32% Brix domates konsantresi<\/strong> kendi ve ortak \u00e7iftliklerimizden toplanan olgun, taze domateslerden yap\u0131lm\u0131\u015ft\u0131r.<br data-start=\"664\" data-end=\"667\" \/>T\u00fcm hammaddeler <strong data-start=\"689\" data-end=\"700\">GDO'suz<\/strong>, ve domatesler do\u011fal renklerini, aromas\u0131n\u0131 ve tad\u0131n\u0131 korumak i\u00e7in hasattan 4 saat i\u00e7inde i\u015flenir.<\/p>\n<h3 data-start=\"814\" data-end=\"845\"><strong data-start=\"820\" data-end=\"845\">K\u00fcresel Sertifikalar<\/strong><\/h3>\n<p data-start=\"847\" data-end=\"1111\">G\u00fcvenilir bir <strong data-start=\"860\" data-end=\"909\">\u00fcretici olarak 30-32% Brix varil domates sal\u00e7as\u0131<\/strong>, uluslararas\u0131 sertifikalara sahiptir, bunlar aras\u0131nda <strong data-start=\"958\" data-end=\"983\">HACCP, ISO ve HALAL<\/strong>, \u00fcr\u00fcnlerimizin Avrupa, Orta Do\u011fu, Afrika ve Latin Amerika'ya ihracat i\u00e7in kat\u0131 g\u0131da g\u00fcvenli\u011fi standartlar\u0131n\u0131 kar\u015f\u0131lad\u0131\u011f\u0131n\u0131 garanti eder.<\/p>\n<h3 data-start=\"1113\" data-end=\"1146\"><strong data-start=\"1119\" data-end=\"1146\">Do\u011frudan Tedarik Avantaj\u0131<\/strong><\/h3>\n<p data-start=\"1148\" data-end=\"1348\">Arac\u0131l\u0131\u011f\u0131yla <strong data-start=\"1160\" data-end=\"1183\">fabrika do\u011frudan sat\u0131\u015f<\/strong> modelimiz sayesinde arac\u0131lar\u0131 ortadan kald\u0131r\u0131yor ve son derece rekabet\u00e7i <strong data-start=\"1243\" data-end=\"1288\">toptan 30-32% drum domates sal\u00e7as\u0131 fiyatlar\u0131<\/strong>, sunarak hem \u00fcr\u00fcn kalitesini hem de tedarik zinciri verimlili\u011fini sa\u011fl\u0131yoruz.<\/p>\n<h2>2.\u00a0<strong>\u00dcr\u00fcn spesifikasyonu<\/strong><\/h2>\n<table style=\"height: 832px;\" width=\"1547\">\n<tbody>\n<tr>\n<td width=\"147\">Brix(kat\u0131 madde)%<\/td>\n<td width=\"460\">30-32%<\/td>\n<\/tr>\n<tr>\n<td width=\"147\">T\u00fcr<\/td>\n<td width=\"460\">S\u0131cak Kesim<\/td>\n<\/tr>\n<tr>\n<td width=\"147\">Lycopene(mg\/100g)<\/td>\n<td width=\"460\">&gt;50(30-32%)<\/td>\n<\/tr>\n<tr>\n<td width=\"147\">Bostwick<br \/>\n(brix12.5%cm\/30sn'de)<\/td>\n<td width=\"460\">7.0-9.0<\/td>\n<\/tr>\n<tr>\n<td width=\"147\">Toplam Asitlik %<\/td>\n<td width=\"460\">&lt;8<\/td>\n<\/tr>\n<tr>\n<td width=\"147\">H.M.C.%<\/td>\n<td width=\"460\">&lt;45<\/td>\n<\/tr>\n<tr>\n<td width=\"147\">PH<\/td>\n<td width=\"460\">4.2\u00b10.2<\/td>\n<\/tr>\n<tr>\n<td width=\"147\">AB<\/td>\n<td width=\"460\">&gt;2.1<\/td>\n<\/tr>\n<tr>\n<td width=\"147\">Kur\u015fun(mg)<\/td>\n<td width=\"460\">&lt;200<\/td>\n<\/tr>\n<tr>\n<td width=\"147\">Bak\u0131r(mg)<\/td>\n<td width=\"460\">&lt;10<\/td>\n<\/tr>\n<tr>\n<td width=\"147\">Kur\u015fun(mg)<\/td>\n<td width=\"460\">&lt;1<\/td>\n<\/tr>\n<tr>\n<td width=\"147\">Arsenik(mg)<\/td>\n<td width=\"460\">&lt;0.5<\/td>\n<\/tr>\n<tr>\n<td width=\"147\">Ekran<\/td>\n<td width=\"460\">0.6mm<\/td>\n<\/tr>\n<tr>\n<td width=\"147\"><\/td>\n<td width=\"460\"><\/td>\n<\/tr>\n<tr>\n<td width=\"147\"><\/td>\n<td width=\"460\"><\/td>\n<\/tr>\n<tr>\n<td width=\"147\"><\/td>\n<td width=\"460\"><\/td>\n<\/tr>\n<\/tbody>\n<\/table>\n<p>\u00d6zelle\u015ftirilmi\u015f \u00e7\u00f6z\u00fcmler veya toplu al\u0131mlar i\u00e7in,\u00a0<a href=\"https:\/\/taichytomato.com\/tr\/contact\/\">l\u00fctfen sat\u0131\u015f ekibimizle her zaman ileti\u015fime ge\u00e7in.<\/a><\/p>\n<h2 data-start=\"2699\" data-end=\"2743\"><strong data-start=\"2702\" data-end=\"2743\">3. Paketleme, Lojistik &amp; Uygulama<\/strong><\/h2>\n<h3 data-start=\"2745\" data-end=\"2775\"><strong data-start=\"2752\" data-end=\"2775\">Paketleme &amp; Y\u00fckleme<\/strong><\/h3>\n<ul data-start=\"2776\" data-end=\"3066\">\n<li data-start=\"2776\" data-end=\"2864\">\n<p data-start=\"2778\" data-end=\"2864\"><strong data-start=\"2778\" data-end=\"2801\">Standart Paketleme:<\/strong> 220L Varil Domates Sal\u00e7as\u0131 30-32% Brix (Net A\u011f\u0131rl\u0131k: ~230kg\/varil)<\/p>\n<\/li>\n<li data-start=\"2865\" data-end=\"2935\">\n<p data-start=\"2867\" data-end=\"2935\"><strong data-start=\"2867\" data-end=\"2890\">\u0130ste\u011fe Ba\u011fl\u0131 Paketleme:<\/strong> 1000L IBC tanklar\u0131 veya Torbal\u0131 Variller<\/p>\n<\/li>\n<li data-start=\"2865\" data-end=\"2935\"><strong data-start=\"2938\" data-end=\"2960\">Konteyner Y\u00fckleme:<\/strong> Palet ba\u015f\u0131na 4 drum; yakla\u015f\u0131k 20\u2019 FCL ba\u015f\u0131na 80 drum\u2014 <strong data-start=\"3020\" data-end=\"3037\">toplu sevkiyat<\/strong> ve uzun mesafe ta\u015f\u0131mac\u0131l\u0131\u011f\u0131 i\u00e7in idealdir.<\/li>\n<\/ul>\n<figure id=\"attachment_3013\" aria-describedby=\"caption-attachment-3013\" style=\"width: 225px\" class=\"wp-caption alignleft\"><img fetchpriority=\"high\" decoding=\"async\" class=\"size-medium wp-image-3013\" src=\"https:\/\/taichytomato.com\/wp-content\/uploads\/2025\/07\/b3ba7277fb5ead084d98032eacc1580-225x300.jpg\" alt=\"Varil Domates Sal\u00e7as\u0131\" width=\"225\" height=\"300\" srcset=\"https:\/\/taichytomato.com\/wp-content\/uploads\/2025\/07\/b3ba7277fb5ead084d98032eacc1580-225x300.jpg 225w, https:\/\/taichytomato.com\/wp-content\/uploads\/2025\/07\/b3ba7277fb5ead084d98032eacc1580-768x1024.jpg 768w, https:\/\/taichytomato.com\/wp-content\/uploads\/2025\/07\/b3ba7277fb5ead084d98032eacc1580-1152x1536.jpg 1152w, https:\/\/taichytomato.com\/wp-content\/uploads\/2025\/07\/b3ba7277fb5ead084d98032eacc1580-9x12.jpg 9w, https:\/\/taichytomato.com\/wp-content\/uploads\/2025\/07\/b3ba7277fb5ead084d98032eacc1580-600x800.jpg 600w, https:\/\/taichytomato.com\/wp-content\/uploads\/2025\/07\/b3ba7277fb5ead084d98032eacc1580.jpg 1279w\" sizes=\"(max-width: 225px) 100vw, 225px\" \/><figcaption id=\"caption-attachment-3013\" class=\"wp-caption-text\">Varil Domates Sal\u00e7as\u0131<\/figcaption><\/figure>\n<figure id=\"attachment_2552\" aria-describedby=\"caption-attachment-2552\" style=\"width: 391px\" class=\"wp-caption alignleft\"><img decoding=\"async\" class=\"wp-image-2552\" src=\"https:\/\/taichytomato.com\/wp-content\/uploads\/2025\/09\/1000L_Drum_Tomato_Paste_TREn2R9j8-300x225.webp\" alt=\"1000L_Drum_Tomato\" width=\"391\" height=\"293\" srcset=\"https:\/\/taichytomato.com\/wp-content\/uploads\/2025\/09\/1000L_Drum_Tomato_Paste_TREn2R9j8-300x225.webp 300w, https:\/\/taichytomato.com\/wp-content\/uploads\/2025\/09\/1000L_Drum_Tomato_Paste_TREn2R9j8-1024x767.webp 1024w, https:\/\/taichytomato.com\/wp-content\/uploads\/2025\/09\/1000L_Drum_Tomato_Paste_TREn2R9j8-768x575.webp 768w, https:\/\/taichytomato.com\/wp-content\/uploads\/2025\/09\/1000L_Drum_Tomato_Paste_TREn2R9j8-600x450.webp 600w, https:\/\/taichytomato.com\/wp-content\/uploads\/2025\/09\/1000L_Drum_Tomato_Paste_TREn2R9j8.webp 1300w\" sizes=\"(max-width: 391px) 100vw, 391px\" \/><figcaption id=\"caption-attachment-2552\" class=\"wp-caption-text\">1000L_Drum_Tomato<\/figcaption><\/figure>\n<p>&nbsp;<\/p>\n<div class=\"mceTemp\"><\/div>\n<h3 data-start=\"3068\" data-end=\"3088\"><strong data-start=\"3075\" data-end=\"3088\">Lojistik<\/strong><\/h3>\n<p data-start=\"3090\" data-end=\"3283\">Ba\u015fl\u0131ca \u00c7in limanlar\u0131ndan \u00e7oklu liman ihracat se\u00e7enekleri sunuyoruz, \u00f6rne\u011fin <strong data-start=\"3160\" data-end=\"3194\">Tianjin, Qingdao ve \u015eanghay<\/strong>, ve ticaret ko\u015fullar\u0131n\u0131za g\u00f6re esnek nakliye d\u00fczenlemeleri sunuyoruz (<strong data-start=\"3264\" data-end=\"3281\">FOB, CFR, CIF<\/strong>).<\/p>\n<h3 data-start=\"3285\" data-end=\"3314\"><strong data-start=\"3292\" data-end=\"3314\">\u0130deal Uygulamalar<\/strong><\/h3>\n<p data-start=\"3316\" data-end=\"3408\">Bizim <strong data-start=\"3320\" data-end=\"3347\">30-32 varil domates sal\u00e7as\u0131<\/strong> bir\u00e7ok g\u0131da uygulamas\u0131 i\u00e7in tercih edilen temel bile\u015fendir:<\/p>\n<ul data-start=\"3409\" data-end=\"3627\">\n<li data-start=\"3409\" data-end=\"3475\">\n<p data-start=\"3411\" data-end=\"3475\"><strong data-start=\"3411\" data-end=\"3432\">Sos \u00dcretimi:<\/strong> Domates ket\u00e7ap\u0131, biftek sosu, ac\u0131 sos<\/p>\n<\/li>\n<li data-start=\"3476\" data-end=\"3538\">\n<p data-start=\"3478\" data-end=\"3538\"><strong data-start=\"3478\" data-end=\"3495\">Yiyecek Hizmeti:<\/strong> Makarna sosu, pizza sosu ve \u00e7e\u015fniler<\/p>\n<\/li>\n<li data-start=\"3539\" data-end=\"3627\">\n<p data-start=\"3541\" data-end=\"3627\"><strong data-start=\"3541\" data-end=\"3560\">End\u00fcstriyel Kullan\u0131m:<\/strong> Konserve \u00e7orbalar, haz\u0131r yemekler, bile\u015fik baharatlar ve et marinatlar\u0131<\/p>\n<\/li>\n<\/ul>\n<hr data-start=\"3629\" data-end=\"3632\" \/>\n<h2 data-start=\"3634\" data-end=\"3672\"><strong data-start=\"3637\" data-end=\"3672\">4. Neden Fabrikam\u0131zla Ortakl\u0131k Kurmal\u0131s\u0131n\u0131z<\/strong><\/h2>\n<h3 data-start=\"3674\" data-end=\"3704\"><strong data-start=\"3678\" data-end=\"3704\">\u0130stikrarl\u0131 Tedarik Kapasitesi<\/strong><\/h3>\n<p data-start=\"3705\" data-end=\"3846\">Modern otomatik \u00fcretim hatlar\u0131 ve geli\u015fmi\u015f aseptik dolum sistemleri ile donat\u0131lm\u0131\u015f olup, ayl\u0131k \u00fcretim kapasitemiz <strong data-start=\"3831\" data-end=\"3845\">5.000 tonu a\u015f\u0131yor<\/strong>.<\/p>\n<h3 data-start=\"3848\" data-end=\"3874\"><strong data-start=\"3852\" data-end=\"3874\">Tutarl\u0131 Kalite<\/strong><\/h3>\n<p data-start=\"3875\" data-end=\"4026\">Hammadde se\u00e7iminden aseptik doluma kadar her ad\u0131m, her partinin tutarl\u0131 renk, konsantrasyon ve lezzete sahip olmas\u0131n\u0131 sa\u011flamak i\u00e7in dijital olarak izlenir.<\/p>\n<h3 data-start=\"4028\" data-end=\"4060\"><strong data-start=\"4032\" data-end=\"4060\">K\u00fcresel \u0130hracat Deneyimi<\/strong><\/h3>\n<p data-start=\"4061\" data-end=\"4251\">M\u00fc\u015fterilerimizle uzun vadeli ortakl\u0131klar\u0131m\u0131z var <strong data-start=\"4110\" data-end=\"4162\">Asya, Afrika, G\u00fcney Amerika ve Orta Do\u011fu<\/strong>, ve yerel ithalat standartlar\u0131, etiketleme ve g\u00fcmr\u00fck gereksinimleri konusunda tamamen bilgi sahibiyiz.<\/p>\n<h3 data-start=\"4253\" data-end=\"4281\"><strong data-start=\"4257\" data-end=\"4281\">Profesyonel Destek<\/strong><\/h3>\n<p data-start=\"4282\" data-end=\"4412\">Sunuyoruz <strong data-start=\"4291\" data-end=\"4348\">numune testi, \u00f6zel etiketleme ve OEM i\u015fbirli\u011fi<\/strong>, m\u00fc\u015fterilerimize d\u00fcnya genelinde tek durak ihracat \u00e7\u00f6z\u00fcmleri sunuyoruz.<\/p>\n<hr data-start=\"4414\" data-end=\"4417\" \/>\n<h3 data-start=\"4419\" data-end=\"4538\"><strong data-start=\"4426\" data-end=\"4536\">K\u00fcresel g\u0131da \u00fcreticileri, markalar ve ticaret ortaklar\u0131m\u0131z\u0131 uzun vadeli i\u015fbirli\u011fi kurmaya davet ediyoruz.<\/strong><\/h3>\n<p data-start=\"4539\" data-end=\"4752\">\u0130ster ar\u0131yorsunuz <strong data-start=\"4567\" data-end=\"4619\"><a href=\"https:\/\/taichytomato.com\/tr\/what-is-hot-break-tomato-paste-key-features-industrial-applications\/\">S\u0131cak Kesim<\/a>\u00a0 30-32% varil domates sal\u00e7as\u0131<\/strong>,<br data-start=\"4620\" data-end=\"4623\" \/>haz\u0131r\u0131z <strong data-start=\"4647\" data-end=\"4721\">g\u00fcvenilir kalite, rekabet\u00e7i fiyatlar ve profesyonel ihracat hizmetleri sunmak<\/strong> \u00fcretim ihtiya\u00e7lar\u0131n\u0131z\u0131 kar\u015f\u0131lamak i\u00e7in.<\/p>\n<p><span style=\"color: #000000;\"><strong style=\"font-size: 27.2px;\">5.SSS<\/strong><\/span><\/p>\n<p><strong>Soru: Numune sa\u011fl\u0131yor musunuz? \u00dccretsiz mi?\u00a0<\/strong><\/p>\n<p>Cevap: \u00dccretsiz numune sa\u011flayabiliriz, ancak nakliye \u00fccretini \u00f6demeniz gerekir. \u0130sterseniz t\u0131klay\u0131n\u00a0<a href=\"https:\/\/taichytomato.com\/tr\/contact\/\">buraya\u00a0<\/a><\/p>\n<p><strong>Soru: Hangi sertifikalara sahipsiniz?\u00a0<\/strong><\/p>\n<p>Cevap: HACCP, ISO, BRC, HALAL sertifikalar\u0131na sahibiz.<\/p>\n<p><strong>Soru: Kargo hizmetiniz nedir?\u00a0<\/strong><\/p>\n<p>Cevap: Gemi rezervasyonu, mal konsolidasyonu, g\u00fcmr\u00fck beyannamesi, nakliye belgeleri haz\u0131rlama ve limanda toplu teslimat hizmetleri sunabiliriz.<\/p>\n<p><strong>Soru: Asgari sipari\u015f miktar\u0131n\u0131z nedir?\u00a0<\/strong><\/p>\n<p>Cevap: Genellikle bir konteyner MOQ'mizdir, ancak ihtiyac\u0131n\u0131z varsa LCL de yard\u0131mc\u0131 olabiliriz.<\/p>\n<p><strong>Soru: Sat\u0131n alma hakk\u0131nda daha fazla bilgi edinmek istiyor musunuz?<\/strong><\/p>\n<p>Cevap: L\u00fctfen buna bak\u0131n<a href=\"https:\/\/taichytomato.com\/tr\/buyers-guide-for-drum-tomato-paste\/\">\u00a0varil domates sat\u0131n alma rehberi\u00a0<\/a><\/p>","protected":false},"excerpt":{"rendered":"<p>30\u201332% Brix S\u0131cak K\u0131rma Domates Sal\u00e7as\u0131 ($650 ile $850 USD metrik ton ba\u015f\u0131na) olgun, taze domateslerden kontroll\u00fc ko\u015fullarda i\u015flenerek parlak k\u0131rm\u0131z\u0131 renk ve do\u011fal domates aromas\u0131n\u0131 koruyacak \u015fekilde \u00fcretilmi\u015ftir. S\u0131cak k\u0131rma i\u015flemi, daha fazla do\u011fal pektin tutmaya ve daha kal\u0131n bir k\u0131vama sahip olmaya yard\u0131mc\u0131 olur, bu da ket\u00e7ap, soslar ve zengin doku ve lezzet gerektiren di\u011fer uygulamalar i\u00e7in idealdir.<\/p>","protected":false},"featured_media":3346,"template":"","meta":{"_acf_changed":false,"_seopress_robots_primary_cat":"none","_seopress_titles_title":"30-32% Hot Break Tomato Paste in 220L Drum | Quotes","_seopress_titles_desc":"Reliable  30\u201332% drum tomato paste in 220L drums. $650 to $850 USD per metric ton, fast quotes, ,stable quality, and export-ready packaging \u3002","_seopress_robots_index":"","site-sidebar-layout":"default","site-content-layout":"","ast-site-content-layout":"default","site-content-style":"default","site-sidebar-style":"default","ast-global-header-display":"","ast-banner-title-visibility":"","ast-main-header-display":"","ast-hfb-above-header-display":"","ast-hfb-below-header-display":"","ast-hfb-mobile-header-display":"","site-post-title":"","ast-breadcrumbs-content":"","ast-featured-img":"","footer-sml-layout":"","ast-disable-related-posts":"","theme-transparent-header-meta":"default","adv-header-id-meta":"","stick-header-meta":"","header-above-stick-meta":"","header-main-stick-meta":"","header-below-stick-meta":"","astra-migrate-meta-layouts":"set","ast-page-background-enabled":"default","ast-page-background-meta":{"desktop":{"background-color":"var(--ast-global-color-5)","background-image":"","background-repeat":"repeat","background-position":"center center","background-size":"auto","background-attachment":"scroll","background-type":"","background-media":"","overlay-type":"","overlay-color":"","overlay-opacity":"","overlay-gradient":""},"tablet":{"background-color":"","background-image":"","background-repeat":"repeat","background-position":"center center","background-size":"auto","background-attachment":"scroll","background-type":"","background-media":"","overlay-type":"","overlay-color":"","overlay-opacity":"","overlay-gradient":""},"mobile":{"background-color":"","background-image":"","background-repeat":"repeat","background-position":"center center","background-size":"auto","background-attachment":"scroll","background-type":"","background-media":"","overlay-type":"","overlay-color":"","overlay-opacity":"","overlay-gradient":""}},"ast-content-background-meta":{"desktop":{"background-color":"var(--ast-global-color-4)","background-image":"","background-repeat":"repeat","background-position":"center center","background-size":"auto","background-attachment":"scroll","background-type":"","background-media":"","overlay-type":"","overlay-color":"","overlay-opacity":"","overlay-gradient":""},"tablet":{"background-color":"var(--ast-global-color-4)","background-image":"","background-repeat":"repeat","background-position":"center center","background-size":"auto","background-attachment":"scroll","background-type":"","background-media":"","overlay-type":"","overlay-color":"","overlay-opacity":"","overlay-gradient":""},"mobile":{"background-color":"var(--ast-global-color-4)","background-image":"","background-repeat":"repeat","background-position":"center center","background-size":"auto","background-attachment":"scroll","background-type":"","background-media":"","overlay-type":"","overlay-color":"","overlay-opacity":"","overlay-gradient":""}}},"product_brand":[],"product_cat":[28],"product_tag":[186,46,44],"class_list":{"0":"post-757","1":"product","2":"type-product","3":"status-publish","4":"has-post-thumbnail","6":"product_cat-drum-tomato-paste","7":"product_tag-30-32-tomato-paste-cb","8":"product_tag-drum-tomato-paste","9":"product_tag-tomato-paste","10":"desktop-align-left","11":"tablet-align-left","12":"mobile-align-left","14":"first","15":"instock","16":"sale","17":"shipping-taxable","18":"purchasable","19":"product-type-simple"},"acf":[],"_links":{"self":[{"href":"https:\/\/taichytomato.com\/tr\/wp-json\/wp\/v2\/product\/757","targetHints":{"allow":["GET"]}}],"collection":[{"href":"https:\/\/taichytomato.com\/tr\/wp-json\/wp\/v2\/product"}],"about":[{"href":"https:\/\/taichytomato.com\/tr\/wp-json\/wp\/v2\/types\/product"}],"version-history":[{"count":1,"href":"https:\/\/taichytomato.com\/tr\/wp-json\/wp\/v2\/product\/757\/revisions"}],"predecessor-version":[{"id":3407,"href":"https:\/\/taichytomato.com\/tr\/wp-json\/wp\/v2\/product\/757\/revisions\/3407"}],"wp:featuredmedia":[{"embeddable":true,"href":"https:\/\/taichytomato.com\/tr\/wp-json\/wp\/v2\/media\/3346"}],"wp:attachment":[{"href":"https:\/\/taichytomato.com\/tr\/wp-json\/wp\/v2\/media?parent=757"}],"wp:term":[{"taxonomy":"product_brand","embeddable":true,"href":"https:\/\/taichytomato.com\/tr\/wp-json\/wp\/v2\/product_brand?post=757"},{"taxonomy":"product_cat","embeddable":true,"href":"https:\/\/taichytomato.com\/tr\/wp-json\/wp\/v2\/product_cat?post=757"},{"taxonomy":"product_tag","embeddable":true,"href":"https:\/\/taichytomato.com\/tr\/wp-json\/wp\/v2\/product_tag?post=757"}],"curies":[{"name":"wp","href":"https:\/\/api.w.org\/{rel}","templated":true}]}}