{"id":562,"date":"2025-04-29T22:37:36","date_gmt":"2025-04-30T06:37:36","guid":{"rendered":"https:\/\/taichytomato.com\/?post_type=product&#038;p=562"},"modified":"2025-12-28T00:39:19","modified_gmt":"2025-12-28T08:39:19","slug":"28-30-brix-tomato-paste","status":"publish","type":"product","link":"https:\/\/taichytomato.com\/tr\/urun\/28-30-brix-tomato-paste\/","title":{"rendered":"Tava Domates Sal\u00e7as\u0131 28%-30% Brix"},"content":{"rendered":"<h2>Premium \u00c7ift Konsantre: Domates Sal\u00e7as\u0131 28-30 Brix \u00dcr\u00fcn Genel Bak\u0131\u015f\u0131 &amp; Tedarik Rehberi<\/h2>\n<p>&nbsp;<\/p>\n<h2>1. Konsantreyi Tan\u0131mlama: Domates Sal\u00e7as\u0131 28-30 Brix'i Anlamak<\/h2>\n<p>&nbsp;<\/p>\n<p>K\u00fcresel g\u0131da \u00fcreticileri i\u00e7in, \u00e7ekirde\u011fi anlamak\u00a0 <b>28-30 Brix domates sal\u00e7as\u0131 ne anlama geliyor?<\/b> verimli kaynak bulmaya y\u00f6nelik ilk ad\u0131md\u0131r.<\/p>\n<p><b>Domates Sal\u00e7as\u0131 28-30 Brix<\/b> refers to the concentration of soluble solids (primarily sugars and acids) within the paste, measured between<strong> 28% and 30%<\/strong>. This product is universally recognized as <b>\u00c7ift Konsantre Domates Sal\u00e7as\u0131 28-30 Brix<\/b>, olarak kabul edilir ve bu da onu en \u00e7ok y\u00f6nl\u00fc ve y\u00fcksek talep g\u00f6ren end\u00fcstriyel konsantrelerden biri yapar.<\/p>\n<h3>Temel Teknik \u00d6zellikler:<\/h3>\n<ul>\n<li><b>Viskozite &amp; \u0130\u015fleme:<\/b> Belirli dokusal ihtiya\u00e7lar\u0131 kar\u015f\u0131lamak i\u00e7in iki temel i\u015fleme t\u00fcr\u00fc sunuyoruz.\n<ul>\n<li><b>Tomato Paste 28-30 Brix Cold Break:<\/b> Viskoziteyi korumak i\u00e7in daha d\u00fc\u015f\u00fck s\u0131cakl\u0131klarda i\u015flenir, daha kal\u0131n soslar i\u00e7in idealdir.<\/li>\n<li><b>Tomato Paste 28-30 Brix Hot Break Viscosity:<\/b> Y\u00fcksek s\u0131cakl\u0131klarda i\u015flenmi\u015f, daha d\u00fc\u015f\u00fck viskozite ile, kolay pompalama ve kar\u0131\u015ft\u0131rma i\u00e7in optimize edilmi\u015ftir. Kesin <b>Domates Sal\u00e7as\u0131 28-30 Brix Viskozite<\/b> taraf\u0131ndan do\u011frulan\u0131r <b>Bostwick Puan\u0131<\/b> Her Analiz Sertifikas\u0131nda.<\/li>\n<\/ul>\n<\/li>\n<li><b>Kalite G\u00fcvencesi:<\/b> Uzmanla\u015fm\u0131\u015f <b>28-30 Brix Domates Sal\u00e7as\u0131 \u00dcreticileri<\/b>, t\u00fcm \u00fcr\u00fcnlerimiz kat\u0131 <b>HACCP Sertifikal\u0131 Domates Sal\u00e7as\u0131 28-30 Brix<\/b>, k\u00fcresel uyum ve g\u00fcvenilirli\u011fi sa\u011flar.<\/li>\n<\/ul>\n<hr \/>\n<h2><strong>2.\u00dcr\u00fcn \u00f6zellikleri<\/strong><\/h2>\n<table>\n<tbody>\n<tr>\n<td width=\"140\">Brix(kat\u0131 madde)%<\/td>\n<td width=\"400\">28-30%<\/td>\n<\/tr>\n<tr>\n<td width=\"140\">T\u00fcr<\/td>\n<td width=\"400\">Kod K\u0131r\u0131lmas\u0131<\/td>\n<\/tr>\n<tr>\n<td width=\"140\">Lycopene(mg\/100g)<\/td>\n<td width=\"400\">&gt;50(28-30 Brix %)<\/td>\n<\/tr>\n<tr>\n<td width=\"140\">Bostwick<br \/>\n(brix12.5%cm\/30sn'de)<\/td>\n<td width=\"400\">7.0-9.0<\/td>\n<\/tr>\n<tr>\n<td width=\"140\">Toplam Asitlik %<\/td>\n<td width=\"400\">&lt;8<\/td>\n<\/tr>\n<tr>\n<td width=\"140\">H.M.C.%<\/td>\n<td width=\"400\">&lt;45<\/td>\n<\/tr>\n<tr>\n<td width=\"140\">PH<\/td>\n<td width=\"400\">4.2\u00b10.2<\/td>\n<\/tr>\n<tr>\n<td width=\"140\">A\/B<\/td>\n<td width=\"400\">&gt;2.1<\/td>\n<\/tr>\n<tr>\n<td width=\"140\">Kur\u015fun(mg)<\/td>\n<td width=\"400\">&lt;200<\/td>\n<\/tr>\n<tr>\n<td width=\"140\">Bak\u0131r(mg)<\/td>\n<td width=\"400\">&lt;10<\/td>\n<\/tr>\n<tr>\n<td width=\"140\">Kur\u015fun(mg)<\/td>\n<td width=\"400\">&lt;1<\/td>\n<\/tr>\n<tr>\n<td width=\"140\">Arsenik(mg)<\/td>\n<td width=\"400\">&lt;0.5<\/td>\n<\/tr>\n<tr>\n<td width=\"140\">Ekran<\/td>\n<td width=\"400\">0.6mm<\/td>\n<\/tr>\n<tr>\n<td width=\"140\">Ambalaj format\u0131<\/td>\n<td width=\"400\">Demir varil ambalaj\u0131nda 200 litrelik aseptik po\u015fet i\u00e7inde, 80 varil\/20FCL<br \/>\nNet a\u011f\u0131rl\u0131k: 235-240kg\/varil. Bir palet \u00fczerinde 4 varil.<\/td>\n<\/tr>\n<tr>\n<td width=\"140\">Depolama ko\u015fullar\u0131<\/td>\n<td width=\"400\">Temiz, kuru, iyi havaland\u0131r\u0131lan bir ortamda saklay\u0131n\u0131z; \u00fcr\u00fcnlere do\u011frudan g\u00fcne\u015f \u0131\u015f\u0131\u011f\u0131 gelmesini \u00f6nleyiniz.<\/td>\n<\/tr>\n<tr>\n<td width=\"140\">Son kullanma tarihi<\/td>\n<td width=\"400\">Uygun depolama ko\u015fullar\u0131nda \u00fcretim tarihinden itibaren 2 y\u0131l.<\/td>\n<\/tr>\n<\/tbody>\n<\/table>\n<p>\u00d6zelle\u015ftirilmi\u015f \u00e7\u00f6z\u00fcmler veya toplu al\u0131mlar i\u00e7in,\u00a0<a href=\"https:\/\/taichytomato.com\/tr\/contact\/\">l\u00fctfen sat\u0131\u015f ekibimizle her zaman ileti\u015fime ge\u00e7in.<\/a><\/p>\n<hr \/>\n<p>\u015eeffaf, verimli hizmetler sunuyoruz <b>Domates Sal\u00e7as\u0131 28-30 Brix Sat\u0131n Alma<\/b> gereksinimleriniz i\u00e7in, h\u0131z ve do\u011frulu\u011fa odaklanarak.<\/p>\n<p>&nbsp;<\/p>\n<h3>Fiyatland\u0131rma, Teklif ve Sat\u0131n Alma Talepleri:<\/h3>\n<p>&nbsp;<\/p>\n<ul>\n<li><b>Fiyatland\u0131rma:<\/b> <b><a href=\"https:\/\/taichytomato.com\/tr\/contact\/\">Teklif Talebi<\/a> (RFQ)<\/b> memnuniyetle kar\u015f\u0131lan\u0131r. En g\u00fcncel <b>Domates Sal\u00e7as\u0131 28-30 Brix Ton ba\u015f\u0131na Fiyat<\/b> toplu sipari\u015fler i\u00e7in bizimle do\u011frudan ileti\u015fime ge\u00e7in.<\/li>\n<li><b>Minimum Sipari\u015f:<\/b> Standartlar\u0131m\u0131z <b>Domates Sal\u00e7as\u0131 28-30 Brix MOQ 20ft Konteyner<\/b> uluslararas\u0131 m\u00fc\u015fteriler i\u00e7in nakliye verimlili\u011fini maksimize edecek \u015fekilde belirlenmi\u015ftir.<\/li>\n<li><b>Tedarik\u00e7i Bilgileri:<\/b> G\u00f6nder <b>Bilgi Talebi (RFI)<\/b> sipari\u015f vermeden \u00f6nce \u00fcretim kapasitemiz, \u00fcr\u00fcn y\u0131l\u0131 ve teknik \u00f6zelliklerimiz hakk\u0131nda daha fazla bilgi edinmek i\u00e7in.<\/li>\n<\/ul>\n<p>&nbsp;<\/p>\n<h3>Lojistik &amp; \u0130hracat Uzmanl\u0131\u011f\u0131:<\/h3>\n<p>&nbsp;<\/p>\n<ul>\n<li>Deneyimli bir <b>Domates Sal\u00e7as\u0131 28-30 Brix \u0130hracat\u00e7\u0131s\u0131 \u00c7in<\/b>, t\u00fcm karma\u015f\u0131k uluslararas\u0131 lojistik, belge ve g\u00fcmr\u00fck i\u015flemlerini y\u00f6netiyoruz.<\/li>\n<li>G\u00fcvenli <strong>220L aseptik variller<\/strong>, konsantre \u00fcr\u00fcn\u00fcn b\u00fct\u00fcnl\u00fc\u011f\u00fcn\u00fc ve uzun raf \u00f6mr\u00fcn\u00fc k\u00fcresel transit s\u0131ras\u0131nda sa\u011flar.<\/li>\n<\/ul>\n<p>&nbsp;<\/p>\n<h2>3. Uygulama Odakl\u0131l\u0131k: Neden 28-30 Brix Tercih Edilmeli?<\/h2>\n<p>&nbsp;<\/p>\n<p>Dengeli profiliyle <b>Domates Sal\u00e7as\u0131 28-30 Brix<\/b> bir\u00e7ok son \u00fcr\u00fcn\u00fcn temelini olu\u015fturur.<\/p>\n<ul>\n<li><b>Sos \u00dcretimi:<\/b> Ketchup \u00fcretiminde kullan\u0131lan <b>End\u00fcstriyel Domates Sal\u00e7as\u0131 28-30 Brix<\/b> i\u00e7in kullan\u0131l\u0131r, renk ve tat yo\u011funlu\u011funun m\u00fckemmel dengesini sa\u011flar.<\/li>\n<li><b>Mutfak Temeli:<\/b> Y\u00fcksek kaliteli makarna soslar\u0131, chili, \u00e7orba yap\u0131m\u0131nda m\u00fckemmeldir ve ana <b>Pizza Sosu i\u00e7in 28-30 Brix Domates Sal\u00e7as\u0131<\/b> uygulamalar.<\/li>\n<\/ul>\n<p>&nbsp;<\/p>\n<h2>4. Selection Guide: 28-30 Brix vs. 36-38 Brix<\/h2>\n<p>&nbsp;<\/p>\n<p>Konsantrasyonlar aras\u0131nda karar vermede yard\u0131ma m\u0131 ihtiyac\u0131n\u0131z var? Bir kar\u015f\u0131la\u015ft\u0131rma <b>Domates Sal\u00e7as\u0131 28-30 Brix ile 36-38 Brix<\/b> se\u00e7eneklerinizi netle\u015ftirir:<\/p>\n<div class=\"horizontal-scroll-wrapper\">\n<div class=\"table-block-component\">\n<div class=\"table-block has-export-button\">\n<div class=\"table-content not-end-of-paragraph\" data-hveid=\"0\" data-ved=\"0CAAQ3ecQahgKEwjp9u2ruZ6QAxUAAAAAHQAAAAAQpAU\">\n<table>\n<thead>\n<tr>\n<td>\u00d6zellik<\/td>\n<td><b>28-30 Brix<\/b><\/td>\n<td><b>36-38 Brix<\/b><\/td>\n<\/tr>\n<\/thead>\n<tbody>\n<tr>\n<td><b>Konsantrasyon<\/b><\/td>\n<td><b>\u00c7ift Konsantre Domates Sal\u00e7as\u0131 28-30 Brix<\/b><\/td>\n<td><strong>\u00dc\u00e7l\u00fc Konsantre<\/strong> (Daha Y\u00fcksek Kat\u0131 Madde)<\/td>\n<\/tr>\n<tr>\n<td><b>Tipik Viskozite<\/b><\/td>\n<td>Orta (Kar\u0131\u015ft\u0131rmas\u0131 ve pompalamas\u0131 daha kolay)<\/td>\n<td>Y\u00fcksek (\u00d6zel ekipman gerektirir)<\/td>\n<\/tr>\n<tr>\n<td><b>Birincil Kullan\u0131m<\/b><\/td>\n<td>Haz\u0131r Soslar (Ket\u00e7ap, Pizza, Makarna)<\/td>\n<td>Y\u00fcksek Yo\u011funluklu \u00dcr\u00fcnler; Seyreltme Baz\u0131; Nakliye Optimizasyonu<\/td>\n<\/tr>\n<tr>\n<td><b>Maliyet<\/b><\/td>\n<td>Birim ba\u015f\u0131na daha d\u00fc\u015f\u00fck ba\u015flang\u0131\u00e7 maliyeti<\/td>\n<td>Birim ba\u015f\u0131na daha y\u00fcksek ba\u015flang\u0131\u00e7 maliyeti; kat\u0131 kg ba\u015f\u0131na daha d\u00fc\u015f\u00fck nakliye maliyeti<\/td>\n<\/tr>\n<\/tbody>\n<\/table>\n<\/div>\n<\/div>\n<\/div>\n<\/div>\n<h2><strong>5.SSS<\/strong><\/h2>\n<p><strong>Soru: Numune sa\u011fl\u0131yor musunuz? \u00dccretsiz mi?\u00a0<\/strong><\/p>\n<p>Cevap: \u00dccretsiz numune sa\u011flayabiliriz, ancak nakliye \u00fccretini \u00f6demeniz gerekir. \u0130sterseniz t\u0131klay\u0131n\u00a0<a href=\"https:\/\/taichytomato.com\/tr\/contact\/\">buraya\u00a0<\/a><\/p>\n<p><strong>Soru: Hangi sertifikalara sahipsiniz?\u00a0<\/strong><\/p>\n<p>Cevap: HACCP, ISO, BRC, HALAL sertifikalar\u0131na sahibiz.<\/p>\n<p><strong>Soru: Kargo hizmetiniz nedir?\u00a0<\/strong><\/p>\n<p>Cevap: Gemi rezervasyonu, mal konsolidasyonu, g\u00fcmr\u00fck beyannamesi, nakliye belgeleri haz\u0131rlama ve limanda toplu teslimat hizmetleri sunabiliriz.<\/p>\n<p><strong>Soru: Asgari sipari\u015f miktar\u0131n\u0131z nedir?\u00a0<\/strong><\/p>\n<p>Cevap: Genellikle bir konteyner MOQ'mizdir, ancak ihtiyac\u0131n\u0131z varsa LCL de yard\u0131mc\u0131 olabiliriz.<\/p>\n<p><strong>Soru: Sat\u0131n alma hakk\u0131nda daha fazla bilgi edinmek istiyor musunuz?<\/strong><\/p>\n<p>Cevap: L\u00fctfen buna bak\u0131n<a href=\"https:\/\/taichytomato.com\/tr\/buyers-guide-for-drum-tomato-paste\/\">\u00a0varil domates sat\u0131n alma rehberi\u00a0<\/a><\/p>","protected":false},"excerpt":{"rendered":"<p>Taichy Food'un 28-30% So\u011fuk K\u0131rma Domates Sal\u00e7as\u0131, \u00c7in'in Tacheng \u015fehrinde yeti\u015fen, g\u00fcne\u015fte olgunla\u015fm\u0131\u015f birinci s\u0131n\u0131f domateslerden \u00fcretilir ve y\u00fcksek likopen (&gt;50mg\/100g) ve zengin lezzet sa\u011flar. Optimum renk ve viskozite (Bostwick 7.0-9.0) i\u00e7in so\u011fuk k\u0131rma teknolojisiyle \u00fcretilmi\u015ftir, d\u00fc\u015f\u00fck asitli\u011fe (pH 4.2\u00b10.2) sahiptir ve s\u0131k\u0131 g\u00fcvenlik standartlar\u0131n\u0131 (Pb&lt;1mg, As&lt;0.5mg) kar\u015f\u0131lar. Soslar, \u00e7e\u015fniler ve g\u0131da \u00fcretimi i\u00e7in idealdir. 200L aseptik varillerde (NW 235-240kg\/varil) paketlenmi\u015ftir, raf \u00f6mr\u00fc 2 y\u0131ld\u0131r. Serin ve kuru ko\u015fullarda saklay\u0131n.<\/p>","protected":false},"featured_media":260,"template":"","meta":{"_acf_changed":false,"_seopress_robots_primary_cat":"28","_seopress_titles_title":"28\u201330% Brix Tomato Paste Cold Break | Factory Supply","_seopress_titles_desc":"High-quality 28\u201330% Brix Cold Break tomato paste from a certified manufacturer. HACCP\/ISO approved, stable color & viscosity,","_seopress_robots_index":"","site-sidebar-layout":"default","site-content-layout":"","ast-site-content-layout":"default","site-content-style":"default","site-sidebar-style":"default","ast-global-header-display":"","ast-banner-title-visibility":"","ast-main-header-display":"","ast-hfb-above-header-display":"","ast-hfb-below-header-display":"","ast-hfb-mobile-header-display":"","site-post-title":"","ast-breadcrumbs-content":"","ast-featured-img":"","footer-sml-layout":"","ast-disable-related-posts":"","theme-transparent-header-meta":"default","adv-header-id-meta":"","stick-header-meta":"","header-above-stick-meta":"","header-main-stick-meta":"","header-below-stick-meta":"","astra-migrate-meta-layouts":"set","ast-page-background-enabled":"default","ast-page-background-meta":{"desktop":{"background-color":"var(--ast-global-color-5)","background-image":"","background-repeat":"repeat","background-position":"center center","background-size":"auto","background-attachment":"scroll","background-type":"","background-media":"","overlay-type":"","overlay-color":"","overlay-opacity":"","overlay-gradient":""},"tablet":{"background-color":"","background-image":"","background-repeat":"repeat","background-position":"center center","background-size":"auto","background-attachment":"scroll","background-type":"","background-media":"","overlay-type":"","overlay-color":"","overlay-opacity":"","overlay-gradient":""},"mobile":{"background-color":"","background-image":"","background-repeat":"repeat","background-position":"center center","background-size":"auto","background-attachment":"scroll","background-type":"","background-media":"","overlay-type":"","overlay-color":"","overlay-opacity":"","overlay-gradient":""}},"ast-content-background-meta":{"desktop":{"background-color":"var(--ast-global-color-4)","background-image":"","background-repeat":"repeat","background-position":"center center","background-size":"auto","background-attachment":"scroll","background-type":"","background-media":"","overlay-type":"","overlay-color":"","overlay-opacity":"","overlay-gradient":""},"tablet":{"background-color":"var(--ast-global-color-4)","background-image":"","background-repeat":"repeat","background-position":"center center","background-size":"auto","background-attachment":"scroll","background-type":"","background-media":"","overlay-type":"","overlay-color":"","overlay-opacity":"","overlay-gradient":""},"mobile":{"background-color":"var(--ast-global-color-4)","background-image":"","background-repeat":"repeat","background-position":"center center","background-size":"auto","background-attachment":"scroll","background-type":"","background-media":"","overlay-type":"","overlay-color":"","overlay-opacity":"","overlay-gradient":""}}},"product_brand":[],"product_cat":[28],"product_tag":[87,86,46,88],"class_list":{"0":"post-562","1":"product","2":"type-product","3":"status-publish","4":"has-post-thumbnail","6":"product_cat-drum-tomato-paste","7":"product_tag-28-30-brix-tomato-paste","8":"product_tag-28-30-brix-tomato-paste-cb","9":"product_tag-drum-tomato-paste","10":"product_tag-tomato-paste-cb","11":"desktop-align-left","12":"tablet-align-left","13":"mobile-align-left","15":"first","16":"instock","17":"sale","18":"shipping-taxable","19":"purchasable","20":"product-type-simple"},"acf":[],"_links":{"self":[{"href":"https:\/\/taichytomato.com\/tr\/wp-json\/wp\/v2\/product\/562","targetHints":{"allow":["GET"]}}],"collection":[{"href":"https:\/\/taichytomato.com\/tr\/wp-json\/wp\/v2\/product"}],"about":[{"href":"https:\/\/taichytomato.com\/tr\/wp-json\/wp\/v2\/types\/product"}],"version-history":[{"count":0,"href":"https:\/\/taichytomato.com\/tr\/wp-json\/wp\/v2\/product\/562\/revisions"}],"wp:featuredmedia":[{"embeddable":true,"href":"https:\/\/taichytomato.com\/tr\/wp-json\/wp\/v2\/media\/260"}],"wp:attachment":[{"href":"https:\/\/taichytomato.com\/tr\/wp-json\/wp\/v2\/media?parent=562"}],"wp:term":[{"taxonomy":"product_brand","embeddable":true,"href":"https:\/\/taichytomato.com\/tr\/wp-json\/wp\/v2\/product_brand?post=562"},{"taxonomy":"product_cat","embeddable":true,"href":"https:\/\/taichytomato.com\/tr\/wp-json\/wp\/v2\/product_cat?post=562"},{"taxonomy":"product_tag","embeddable":true,"href":"https:\/\/taichytomato.com\/tr\/wp-json\/wp\/v2\/product_tag?post=562"}],"curies":[{"name":"wp","href":"https:\/\/api.w.org\/{rel}","templated":true}]}}