{"id":3259,"date":"2026-01-07T22:30:45","date_gmt":"2026-01-08T06:30:45","guid":{"rendered":"https:\/\/taichytomato.com\/?post_type=product&#038;p=3259"},"modified":"2026-01-07T22:33:42","modified_gmt":"2026-01-08T06:33:42","slug":"106g-stand-sachet","status":"publish","type":"product","link":"https:\/\/taichytomato.com\/tr\/urun\/106g-stand-sachet\/","title":{"rendered":"106g Ayakta Duran Po\u015fet"},"content":{"rendered":"<h2 data-start=\"173\" data-end=\"228\">\u00dcr\u00fcne Genel Bak\u0131\u015f \u2014 106g Ayakta Duran Po\u015fet (Fabrika Tedariki)<\/h2>\n<p data-start=\"230\" data-end=\"536\">Bizim <strong data-start=\"234\" data-end=\"255\">106g ayakta duran po\u015fet<\/strong> i\u00e7in tasarlanm\u0131\u015ft\u0131r: <strong data-start=\"272\" data-end=\"315\">perakende, yemek servisi ve ihracat pazarlar\u0131<\/strong>, soslar, \u00e7e\u015fniler veya kullan\u0131ma haz\u0131r malzemeler i\u00e7in m\u00fckemmel porsiyon boyutunu sa\u011flar. Bu format, <strong data-start=\"426\" data-end=\"478\">kullan\u0131\u015fl\u0131l\u0131k, raf g\u00f6r\u00fcn\u00fcrl\u00fc\u011f\u00fc ve maliyet verimlili\u011fini<\/strong>, dengeler ve hem son t\u00fcketiciler hem de distrib\u00fct\u00f6rler i\u00e7in idealdir.<\/p>\n<p data-start=\"538\" data-end=\"794\">Do\u011frudan fabrikam\u0131zdan \u00fcretilen <strong data-start=\"565\" data-end=\"588\">\u00c7in merkezli fabrika<\/strong>, 106g stand sachetlerimiz tutarl\u0131 kalite, g\u0131da g\u00fcvenli\u011fi ve \u00f6zelle\u015ftirilebilir se\u00e7enekler sa\u011flar <strong data-start=\"620\" data-end=\"681\">s\u00fcrekli kalite, g\u0131da g\u00fcvenli\u011fi ve \u00f6zelle\u015ftirilebilir se\u00e7enekler sa\u011flar<\/strong>, al\u0131c\u0131lar\u0131n arad\u0131\u011f\u0131 <strong data-start=\"716\" data-end=\"747\">106g stand sachet tedarik\u00e7ileri<\/strong>, <strong data-start=\"749\" data-end=\"766\">\u00fcreticiler<\/strong>, veya <strong data-start=\"771\" data-end=\"793\">toplu al\u0131m<\/strong>.<\/p>\n<hr data-start=\"796\" data-end=\"799\" \/>\n<h3 data-start=\"801\" data-end=\"842\">\u00dcr\u00fcn \u00d6zellikleri ve Temel \u00d6zellikler<\/h3>\n<div class=\"TyagGW_tableContainer\">\n<div class=\"group TyagGW_tableWrapper flex w-fit flex-col-reverse\" tabindex=\"-1\">\n<table class=\"w-fit min-w-(--thread-content-width)\" data-start=\"844\" data-end=\"1373\">\n<thead data-start=\"844\" data-end=\"868\">\n<tr data-start=\"844\" data-end=\"868\">\n<th data-start=\"844\" data-end=\"851\" data-col-size=\"sm\">\u00dcr\u00fcn<\/th>\n<th data-start=\"851\" data-end=\"868\" data-col-size=\"md\">\u015eartname<\/th>\n<\/tr>\n<\/thead>\n<tbody data-start=\"879\" data-end=\"1373\">\n<tr data-start=\"879\" data-end=\"919\">\n<td data-start=\"879\" data-end=\"898\" data-col-size=\"sm\"><strong data-start=\"881\" data-end=\"897\">\u00dcr\u00fcn Ad\u0131<\/strong><\/td>\n<td data-col-size=\"md\" data-start=\"898\" data-end=\"919\">106g Ayakta Duran Po\u015fet<\/td>\n<\/tr>\n<tr data-start=\"920\" data-end=\"945\">\n<td data-start=\"920\" data-end=\"937\" data-col-size=\"sm\"><strong data-start=\"922\" data-end=\"936\">Net A\u011f\u0131rl\u0131k<\/strong><\/td>\n<td data-col-size=\"md\" data-start=\"937\" data-end=\"945\">106g<\/td>\n<\/tr>\n<tr data-start=\"946\" data-end=\"994\">\n<td data-start=\"946\" data-end=\"967\" data-col-size=\"sm\"><strong data-start=\"948\" data-end=\"966\">Ambalaj T\u00fcr\u00fc<\/strong><\/td>\n<td data-col-size=\"md\" data-start=\"967\" data-end=\"994\">Dik durabilen po\u015fet \/ sachet<\/td>\n<\/tr>\n<tr data-start=\"995\" data-end=\"1058\">\n<td data-start=\"995\" data-end=\"1024\" data-col-size=\"sm\"><strong data-start=\"997\" data-end=\"1023\">Brix \/ \u0130\u00e7erik Se\u00e7enekleri<\/strong><\/td>\n<td data-col-size=\"md\" data-start=\"1024\" data-end=\"1058\">18\u201320%, 22\u201324%, 26\u201328%, 28\u201330%<\/td>\n<\/tr>\n<tr data-start=\"1059\" data-end=\"1110\">\n<td data-start=\"1059\" data-end=\"1080\" data-col-size=\"sm\"><strong data-start=\"1061\" data-end=\"1079\">Tat \/ Aroma<\/strong><\/td>\n<td data-col-size=\"md\" data-start=\"1080\" data-end=\"1110\">Tatl\u0131, Ek\u015fi veya \u00f6zelle\u015ftirilmi\u015f<\/td>\n<\/tr>\n<tr data-start=\"1111\" data-end=\"1149\">\n<td data-start=\"1111\" data-end=\"1123\" data-col-size=\"sm\"><strong data-start=\"1113\" data-end=\"1122\">Renk<\/strong><\/td>\n<td data-col-size=\"md\" data-start=\"1123\" data-end=\"1149\">Parlak k\u0131rm\u0131z\u0131dan koyu k\u0131rm\u0131z\u0131ya<\/td>\n<\/tr>\n<tr data-start=\"1150\" data-end=\"1201\">\n<td data-start=\"1150\" data-end=\"1167\" data-col-size=\"sm\"><strong data-start=\"1152\" data-end=\"1166\">Raf \u00d6mr\u00fc<\/strong><\/td>\n<td data-col-size=\"md\" data-start=\"1167\" data-end=\"1201\">Uygun depolama ko\u015fullar\u0131nda 24 ay<\/td>\n<\/tr>\n<tr data-start=\"1202\" data-end=\"1261\">\n<td data-start=\"1202\" data-end=\"1216\" data-col-size=\"sm\"><strong data-start=\"1204\" data-end=\"1215\">Depolama<\/strong><\/td>\n<td data-col-size=\"md\" data-start=\"1216\" data-end=\"1261\">Kuru, kapal\u0131 depo, g\u00fcne\u015f \u0131\u015f\u0131\u011f\u0131ndan uzak<\/td>\n<\/tr>\n<tr data-start=\"1262\" data-end=\"1314\">\n<td data-start=\"1262\" data-end=\"1279\" data-col-size=\"sm\"><strong data-start=\"1264\" data-end=\"1278\">Marka Ad\u0131<\/strong><\/td>\n<td data-col-size=\"md\" data-start=\"1279\" data-end=\"1314\">OEM \/ \u00d6zel markalama mevcut<\/td>\n<\/tr>\n<tr data-start=\"1315\" data-end=\"1373\">\n<td data-start=\"1315\" data-end=\"1336\" data-col-size=\"sm\"><strong data-start=\"1317\" data-end=\"1335\">Sertifikalar<\/strong><\/td>\n<td data-col-size=\"md\" data-start=\"1336\" data-end=\"1373\">ISO, HACCP, FDA, Helal (iste\u011fe ba\u011fl\u0131)<\/td>\n<\/tr>\n<\/tbody>\n<\/table>\n<\/div>\n<\/div>\n<p data-start=\"1375\" data-end=\"1401\"><strong data-start=\"1375\" data-end=\"1400\">Al\u0131c\u0131lar i\u00e7in Avantajlar<\/strong>:<\/p>\n<ul data-start=\"1403\" data-end=\"1816\">\n<li data-start=\"1403\" data-end=\"1500\">\n<p data-start=\"1405\" data-end=\"1500\"><strong data-start=\"1405\" data-end=\"1432\">Uygun Porsiyon Boyutu<\/strong> \u2013 106g her po\u015fet, ev kullan\u0131m\u0131 veya k\u00fc\u00e7\u00fck catering ihtiyac\u0131 i\u00e7in idealdir.<\/p>\n<\/li>\n<li data-start=\"1501\" data-end=\"1581\">\n<p data-start=\"1503\" data-end=\"1581\"><strong data-start=\"1503\" data-end=\"1528\">Dik Durabilen Torba Tasar\u0131m\u0131<\/strong> \u2013 Perakende ortamlar\u0131nda kolay sergileme ve depolama.<\/p>\n<\/li>\n<li data-start=\"1582\" data-end=\"1659\">\n<p data-start=\"1584\" data-end=\"1659\"><strong data-start=\"1584\" data-end=\"1612\">Ekonomik Ta\u015f\u0131ma<\/strong> \u2013 D\u00fcz ayakl\u0131 torbalar nakliye hacmini azalt\u0131r.<\/p>\n<\/li>\n<li data-start=\"1660\" data-end=\"1739\">\n<p data-start=\"1662\" data-end=\"1739\"><strong data-start=\"1662\" data-end=\"1687\">\u00d6zelle\u015ftirilebilir Marka<\/strong> \u2013 Logo, dil ve ambalaj tasar\u0131m\u0131 desteklenir.<\/p>\n<\/li>\n<li data-start=\"1740\" data-end=\"1816\">\n<p data-start=\"1742\" data-end=\"1816\"><strong data-start=\"1742\" data-end=\"1767\">G\u0131da G\u00fcvenli\u011fi ve Kalite<\/strong> \u2013 S\u0131k\u0131 fabrika kalite kontrol\u00fc alt\u0131nda \u00fcretilmi\u015ftir.<\/p>\n<\/li>\n<\/ul>\n<hr data-start=\"1818\" data-end=\"1821\" \/>\n<h3 data-start=\"1823\" data-end=\"1852\">Toptan ve Fabrika Temini<\/h3>\n<p data-start=\"1854\" data-end=\"1996\">Sa\u011fl\u0131yoruz <strong data-start=\"1865\" data-end=\"1891\">do\u011frudan fabrika fiyatland\u0131rmas\u0131<\/strong> toplu sipari\u015fler i\u00e7in, 106g dik stand po\u015fetlerimizi uluslararas\u0131 pazarlarda rekabet\u00e7i k\u0131lar. Al\u0131c\u0131lar \u015funlar\u0131 talep edebilir:<\/p>\n<ul data-start=\"1998\" data-end=\"2156\">\n<li data-start=\"1998\" data-end=\"2030\">\n<p data-start=\"2000\" data-end=\"2030\"><strong data-start=\"2000\" data-end=\"2028\">106g stand po\u015fet fiyat teklifleri<\/strong><\/p>\n<\/li>\n<li data-start=\"2031\" data-end=\"2072\">\n<p data-start=\"2033\" data-end=\"2072\"><strong data-start=\"2033\" data-end=\"2070\">OEM \/ \u00f6zel etiket \u00f6zelle\u015ftirmesi<\/strong><\/p>\n<\/li>\n<li data-start=\"2073\" data-end=\"2107\">\n<p data-start=\"2075\" data-end=\"2107\"><strong data-start=\"2075\" data-end=\"2105\">Esnek MOQ ve ambalaj se\u00e7enekleri<\/strong><\/p>\n<\/li>\n<li data-start=\"2108\" data-end=\"2156\">\n<p data-start=\"2110\" data-end=\"2156\"><strong data-start=\"2110\" data-end=\"2156\">Kararl\u0131 k\u00fcresel tedarik ve lojistik deste\u011fi<\/strong><\/p>\n<\/li>\n<\/ul>\n<p data-start=\"2158\" data-end=\"2282\">\u0130ster bir <strong data-start=\"2176\" data-end=\"2215\">da\u011f\u0131t\u0131c\u0131, perakendeci veya B2B al\u0131c\u0131 olun<\/strong>, fabrikam\u0131z sa\u011flar <strong data-start=\"2237\" data-end=\"2281\">tutarl\u0131 kalite ve g\u00fcvenilir teslimat<\/strong>.<\/p>\n<hr data-start=\"2284\" data-end=\"2287\" \/>\n<h3 data-start=\"2289\" data-end=\"2324\">Uygulamalar &amp; Hedef Sekt\u00f6rler<\/h3>\n<ul data-start=\"2326\" data-end=\"2667\">\n<li data-start=\"2326\" data-end=\"2383\">\n<p data-start=\"2328\" data-end=\"2383\"><strong data-start=\"2328\" data-end=\"2349\">Evde yemek pi\u015firme<\/strong> \u2013 soslar, ezmeler veya \u00e7e\u015fniler<\/p>\n<\/li>\n<li data-start=\"2384\" data-end=\"2451\">\n<p data-start=\"2386\" data-end=\"2451\"><strong data-start=\"2386\" data-end=\"2412\">Yiyecek hizmeti &amp; catering<\/strong> \u2013 k\u00fc\u00e7\u00fck mutfaklar i\u00e7in porsiyon kontrol\u00fc<\/p>\n<\/li>\n<li data-start=\"2452\" data-end=\"2519\">\n<p data-start=\"2454\" data-end=\"2519\"><strong data-start=\"2454\" data-end=\"2487\">Perakende &amp; s\u00fcpermarket kanallar\u0131<\/strong> \u2013 kompakt, \u00e7ekici sergileme<\/p>\n<\/li>\n<li data-start=\"2520\" data-end=\"2590\">\n<p data-start=\"2522\" data-end=\"2590\"><strong data-start=\"2522\" data-end=\"2564\">Haz\u0131r yemekler veya kolayl\u0131k kitleri<\/strong> \u2013 tek porsiyonluk porsiyonlar<\/p>\n<\/li>\n<li data-start=\"2591\" data-end=\"2667\">\n<p data-start=\"2593\" data-end=\"2667\"><strong data-start=\"2593\" data-end=\"2617\">B2B &amp; ihracat pazarlar\u0131<\/strong> \u2013 Afrika, Orta Do\u011fu, G\u00fcneydo\u011fu Asya ve Avrupa<\/p>\n<\/li>\n<\/ul>\n<hr data-start=\"2669\" data-end=\"2672\" \/>\n<h3 data-start=\"2674\" data-end=\"2699\">SSS \u2014 S\u0131k\u00e7a Sorulan Sorular<\/h3>\n<p data-start=\"2701\" data-end=\"2860\"><strong data-start=\"2701\" data-end=\"2754\">S1: 106g'l\u0131k ayakta duran po\u015fet tasar\u0131m\u0131n\u0131 \u00f6zelle\u015ftirebilir miyim?<\/strong><br data-start=\"2754\" data-end=\"2757\" \/>C1: Evet, tam <strong data-start=\"2780\" data-end=\"2812\">OEM \/ \u00f6zel etiket hizmetleri<\/strong> logo, dil ve resim \u00f6zelle\u015ftirmesi ile sunuyoruz.<\/p>\n<p data-start=\"2862\" data-end=\"2997\"><strong data-start=\"2862\" data-end=\"2909\">S2: 106g'l\u0131k ayakta duran po\u015fetler i\u00e7in minimum sipari\u015f adedi nedir?<\/strong><br data-start=\"2909\" data-end=\"2912\" \/>C2: Esnek minimum sipari\u015f adedi mevcuttur; toplu sipari\u015fler do\u011frudan <strong data-start=\"2985\" data-end=\"2996\">fabrikam\u0131zdan sevk edilebilir<\/strong>.<\/p>\n<p data-start=\"2999\" data-end=\"3138\"><strong data-start=\"2999\" data-end=\"3039\">S3: Hangi sertifikalara sahipsiniz?<\/strong><br data-start=\"3039\" data-end=\"3042\" \/>A3: Piyasa gereksinimlerini kar\u015f\u0131lamak i\u00e7in ISO, HACCP, FDA ve iste\u011fe ba\u011fl\u0131 Helal sertifikas\u0131 mevcuttur.<\/p>\n<p data-start=\"3140\" data-end=\"3270\"><strong data-start=\"3140\" data-end=\"3177\">S4: Toplu fiyatland\u0131rma sa\u011flayabilir misiniz?<\/strong><br data-start=\"3177\" data-end=\"3180\" \/>A4: Evet, sa\u011fl\u0131yoruz <strong data-start=\"3200\" data-end=\"3248\">adil fiyat, d\u00fc\u015f\u00fck maliyet ve rekabet\u00e7i teklifler<\/strong> toptan al\u0131c\u0131lar i\u00e7in.<\/p>\n<p data-start=\"3272\" data-end=\"3429\"><strong data-start=\"3272\" data-end=\"3322\">S5: Bu uluslararas\u0131 ihracat i\u00e7in uygun mu?<\/strong><br data-start=\"3322\" data-end=\"3325\" \/>A5: Kesinlikle. Bizim <strong data-start=\"3345\" data-end=\"3374\">106g stand po\u015fet tedarikimiz<\/strong> ihracata haz\u0131r ve k\u00fcresel d\u00fczenlemelere uygundur.<\/p>\n<hr data-start=\"3431\" data-end=\"3434\" \/>\n<h3 data-start=\"3436\" data-end=\"3453\">Harekete Ge\u00e7irici Mesaj<\/h3>\n<p data-start=\"3455\" data-end=\"3666\">E\u011fer ar\u0131yorsan\u0131z <strong data-start=\"3477\" data-end=\"3502\">106g stand po\u015fet sat\u0131n al\u0131n<\/strong> do\u011frudan bir <strong data-start=\"3519\" data-end=\"3539\">fabrika tedarik\u00e7isi<\/strong> sunuyoruz <strong data-start=\"3545\" data-end=\"3602\">OEM se\u00e7enekleri, rekabet\u00e7i fiyatland\u0131rma ve k\u00fcresel teslimat<\/strong>, bug\u00fcn bizimle ileti\u015fime ge\u00e7in <strong data-start=\"3625\" data-end=\"3665\">numuneler, \u00fcr\u00fcn katalo\u011fu ve fiyat teklifleri i\u00e7in<\/strong>.<\/p>","protected":false},"excerpt":{"rendered":"<p>Bizim <strong data-start=\"131\" data-end=\"152\">106g ayakta duran po\u015fet<\/strong> kullan\u0131\u015fl\u0131 bir, <strong data-start=\"170\" data-end=\"203\">perakende ve yemek servisine haz\u0131r<\/strong> ambalaj \u00e7\u00f6z\u00fcm\u00fcd\u00fcr. \u00c7in fabrikam\u0131zda \u00fcretilen <strong data-start=\"240\" data-end=\"257\">\u00c7in fabrikas\u0131<\/strong>, \u015fu avantajlar\u0131 sunar: <strong data-start=\"269\" data-end=\"339\">tutarl\u0131 kalite, \u00f6zelle\u015ftirilebilir marka bilinci ve rekabet\u00e7i fiyatland\u0131rma<\/strong>. Soslar, \u00e7e\u015fniler ve kullan\u0131ma haz\u0131r malzemeler i\u00e7in idealdir, \u015fu hizmetleri sunuyoruz: <strong data-start=\"412\" data-end=\"454\">OEM, toptan tedarik ve toplu fiyat teklifleri<\/strong> aray\u0131\u015f\u0131nda olan k\u00fcresel al\u0131c\u0131lar i\u00e7in <strong data-start=\"481\" data-end=\"536\">uygun veya d\u00fc\u015f\u00fck maliyetli y\u00fcksek kaliteli 106g ayakta duran po\u015fetler<\/strong>.<\/p>","protected":false},"featured_media":3263,"template":"","meta":{"_acf_changed":false,"_seopress_robots_primary_cat":"none","_seopress_titles_title":"106g Stand Sachet Factory | Supplier & Wholesale OEM","_seopress_titles_desc":"Factory direct 106g stand sachets. OEM, wholesale supply, competitive quotes, and customizable packaging for international B2B buyers.","_seopress_robots_index":"","site-sidebar-layout":"default","site-content-layout":"","ast-site-content-layout":"default","site-content-style":"default","site-sidebar-style":"default","ast-global-header-display":"","ast-banner-title-visibility":"","ast-main-header-display":"","ast-hfb-above-header-display":"","ast-hfb-below-header-display":"","ast-hfb-mobile-header-display":"","site-post-title":"","ast-breadcrumbs-content":"","ast-featured-img":"","footer-sml-layout":"","ast-disable-related-posts":"","theme-transparent-header-meta":"default","adv-header-id-meta":"","stick-header-meta":"","header-above-stick-meta":"","header-main-stick-meta":"","header-below-stick-meta":"","astra-migrate-meta-layouts":"set","ast-page-background-enabled":"default","ast-page-background-meta":{"desktop":{"background-color":"var(--ast-global-color-5)","background-image":"","background-repeat":"repeat","background-position":"center center","background-size":"auto","background-attachment":"scroll","background-type":"","background-media":"","overlay-type":"","overlay-color":"","overlay-opacity":"","overlay-gradient":""},"tablet":{"background-color":"","background-image":"","background-repeat":"repeat","background-position":"center center","background-size":"auto","background-attachment":"scroll","background-type":"","background-media":"","overlay-type":"","overlay-color":"","overlay-opacity":"","overlay-gradient":""},"mobile":{"background-color":"","background-image":"","background-repeat":"repeat","background-position":"center center","background-size":"auto","background-attachment":"scroll","background-type":"","background-media":"","overlay-type":"","overlay-color":"","overlay-opacity":"","overlay-gradient":""}},"ast-content-background-meta":{"desktop":{"background-color":"var(--ast-global-color-4)","background-image":"","background-repeat":"repeat","background-position":"center center","background-size":"auto","background-attachment":"scroll","background-type":"","background-media":"","overlay-type":"","overlay-color":"","overlay-opacity":"","overlay-gradient":""},"tablet":{"background-color":"var(--ast-global-color-4)","background-image":"","background-repeat":"repeat","background-position":"center center","background-size":"auto","background-attachment":"scroll","background-type":"","background-media":"","overlay-type":"","overlay-color":"","overlay-opacity":"","overlay-gradient":""},"mobile":{"background-color":"var(--ast-global-color-4)","background-image":"","background-repeat":"repeat","background-position":"center center","background-size":"auto","background-attachment":"scroll","background-type":"","background-media":"","overlay-type":"","overlay-color":"","overlay-opacity":"","overlay-gradient":""}}},"product_brand":[],"product_cat":[97],"product_tag":[],"class_list":{"0":"post-3259","1":"product","2":"type-product","3":"status-publish","4":"has-post-thumbnail","6":"product_cat-tomato-paste-in-sachet","7":"desktop-align-left","8":"tablet-align-left","9":"mobile-align-left","11":"first","12":"instock","13":"shipping-taxable","14":"product-type-simple"},"acf":[],"_links":{"self":[{"href":"https:\/\/taichytomato.com\/tr\/wp-json\/wp\/v2\/product\/3259","targetHints":{"allow":["GET"]}}],"collection":[{"href":"https:\/\/taichytomato.com\/tr\/wp-json\/wp\/v2\/product"}],"about":[{"href":"https:\/\/taichytomato.com\/tr\/wp-json\/wp\/v2\/types\/product"}],"version-history":[{"count":0,"href":"https:\/\/taichytomato.com\/tr\/wp-json\/wp\/v2\/product\/3259\/revisions"}],"wp:featuredmedia":[{"embeddable":true,"href":"https:\/\/taichytomato.com\/tr\/wp-json\/wp\/v2\/media\/3263"}],"wp:attachment":[{"href":"https:\/\/taichytomato.com\/tr\/wp-json\/wp\/v2\/media?parent=3259"}],"wp:term":[{"taxonomy":"product_brand","embeddable":true,"href":"https:\/\/taichytomato.com\/tr\/wp-json\/wp\/v2\/product_brand?post=3259"},{"taxonomy":"product_cat","embeddable":true,"href":"https:\/\/taichytomato.com\/tr\/wp-json\/wp\/v2\/product_cat?post=3259"},{"taxonomy":"product_tag","embeddable":true,"href":"https:\/\/taichytomato.com\/tr\/wp-json\/wp\/v2\/product_tag?post=3259"}],"curies":[{"name":"wp","href":"https:\/\/api.w.org\/{rel}","templated":true}]}}