{"id":296,"date":"2025-04-25T00:33:46","date_gmt":"2025-04-25T08:33:46","guid":{"rendered":"https:\/\/taichytomato.com\/?post_type=product&#038;p=296"},"modified":"2025-11-26T19:08:21","modified_gmt":"2025-11-27T03:08:21","slug":"drum-tomato-paste-36-38","status":"publish","type":"product","link":"https:\/\/taichytomato.com\/tr\/urun\/drum-tomato-paste-36-38\/","title":{"rendered":"Domates Sal\u00e7as\u0131 Brix 36-38% Varil"},"content":{"rendered":"<h2><strong><b>Domates Sal\u00e7as\u0131 <\/b><\/strong><strong><b>Brix <\/b><\/strong><b><\/b><strong><b>36<\/b><\/strong><strong><b>%-3<\/b><\/strong><strong><b>8<\/b><\/strong><strong><b>%\uff08<\/b><\/strong><strong><b>CB<\/b><\/strong><strong><b>\uff09<\/b><\/strong><\/h2>\n<h3 data-start=\"328\" data-end=\"391\"><strong data-start=\"332\" data-end=\"391\">1. \u00dcr\u00fcn M\u00fckemmelli\u011fi: Domates Sal\u00e7as\u0131 36\u201338 Brix Tan\u0131m\u0131<\/strong><\/h3>\n<p data-start=\"393\" data-end=\"683\">Bizim <strong data-start=\"397\" data-end=\"424\">Domates Sal\u00e7as\u0131 36\u201338 Brix<\/strong> k\u00fcresel konsantre domates \u00fcr\u00fcnleri i\u00e7in standart belirler. Bu <strong data-start=\"490\" data-end=\"519\">\u00fc\u00e7 kat konsantre sal\u00e7a<\/strong> safl\u0131k, zengin renk ve y\u00fcksek kat\u0131 i\u00e7erik sa\u011flar \u2014 end\u00fcstriyel \u00f6l\u00e7ekli sos, ket\u00e7ap ve meyve suyu \u00fcretimi i\u00e7in tercih edilen ham maddedir.<\/p>\n<p data-start=\"685\" data-end=\"986\">Biz bir <strong data-start=\"694\" data-end=\"747\">lider 36\u201338 Brix Domates Sal\u00e7as\u0131 \u0130hracat\u00e7\u0131s\u0131y\u0131z<\/strong>, , <strong data-start=\"759\" data-end=\"786\">end\u00fcstriyel domates sal\u00e7as\u0131 tedarik ediyoruz<\/strong> en kat\u0131 uluslararas\u0131 standartlara uygun olan<strong>HACCP, ISO, Kosher, Halal<\/strong>). Bu <strong data-start=\"869\" data-end=\"894\">azalt\u0131lm\u0131\u015f su i\u00e7eri\u011fi<\/strong> maliyet etkin lojistik, daha h\u0131zl\u0131 i\u015flem ve her partide tutarl\u0131 kalite sa\u011flar.<\/p>\n<h3 data-start=\"993\" data-end=\"1052\"><strong data-start=\"997\" data-end=\"1052\">2. \u0130\u015fleme Tipleri:\u00a0 <a href=\"https:\/\/taichytomato.com\/tr\/what-is-cold-break-tomato-paste-a-guide-to-the-cb-production-process\/\">So\u011fuk Kesim<\/a>\u00a0<\/strong><\/h3>\n<h4 data-start=\"1054\" data-end=\"1097\"><strong data-start=\"1059\" data-end=\"1097\">So\u011fuk \u00c7\u00f6k\u00fc\u015f Domates Sal\u00e7as\u0131 36\u201338 Brix<\/strong><\/h4>\n<ul data-start=\"1098\" data-end=\"1453\">\n<li data-start=\"1098\" data-end=\"1202\">\n<p data-start=\"1100\" data-end=\"1202\"><strong data-start=\"1100\" data-end=\"1116\">Birincil Kullan\u0131m:<\/strong> domates suyu, soslar ve do\u011fal, taze lezzet gerektiren uygulamalar i\u00e7in idealdir.<\/p>\n<\/li>\n<li data-start=\"1203\" data-end=\"1275\">\n<p data-start=\"1205\" data-end=\"1275\"><strong data-start=\"1205\" data-end=\"1217\">Profil:<\/strong> Daha d\u00fc\u015f\u00fck Bostwick de\u011feri ve daha d\u00fczg\u00fcn ak\u0131\u015f \u00f6zellikleri.<\/p>\n<\/li>\n<li data-start=\"1276\" data-end=\"1453\">\n<p data-start=\"1278\" data-end=\"1453\"><strong data-start=\"1278\" data-end=\"1303\">Sanayi Avantaj\u0131:<\/strong> Bizim <strong data-start=\"1308\" data-end=\"1356\">Toplu So\u011fuk K\u0131r\u0131k Domates Sal\u00e7as\u0131 36\u201338 i\u00e7in Meyve Suyu<\/strong> canl\u0131 renk ve dengeli viskozite sa\u011flar, i\u00e7ecek ve hafif sos \u00fcretimi i\u00e7in m\u00fckemmeldir.<\/p>\n<\/li>\n<\/ul>\n<p data-start=\"1915\" data-end=\"2067\">Viskozite seviyelerini ve i\u015fleme y\u00f6ntemlerini m\u00fc\u015fteri spesifikasyonlar\u0131na g\u00f6re \u00f6zelle\u015ftiriyoruz, her parti tutarl\u0131 sanayi performans\u0131 sa\u011flar.<\/p>\n<h2>3. <strong>\u00dcr\u00fcn spesifikasyonu<\/strong><\/h2>\n<table>\n<tbody>\n<tr>\n<td width=\"147\"><a href=\"https:\/\/taichytomato.com\/tr\/brix-and-tomato-concentrate\/\">brix(kat\u0131 madde)%<\/a><\/td>\n<td width=\"460\">36-38%<\/td>\n<\/tr>\n<tr>\n<td width=\"147\">tip<\/td>\n<td width=\"460\">So\u011fuk Kesim<\/td>\n<\/tr>\n<tr>\n<td width=\"147\"><a href=\"https:\/\/taichytomato.com\/tr\/lycopene-mg-100g-summary-tomato-paste-information\/\">likopen<\/a>(mg\/100g)<\/td>\n<td width=\"460\">&gt;55<\/td>\n<\/tr>\n<tr>\n<td width=\"147\"><a href=\"https:\/\/taichytomato.com\/tr\/viscosity-metric-summary-tomato-paste\/\">bostwick<\/a>(brix'te<br \/>\n12,5%cm\/30sn)<\/td>\n<td width=\"460\">7.0-9.0<\/td>\n<\/tr>\n<tr>\n<td width=\"147\">toplam asitlik%<\/td>\n<td width=\"460\">&lt;8<\/td>\n<\/tr>\n<tr>\n<td width=\"147\">HM.C%<\/td>\n<td width=\"460\">&lt;45<\/td>\n<\/tr>\n<tr>\n<td width=\"147\">PH<\/td>\n<td width=\"460\">4.2\u00b10.2<\/td>\n<\/tr>\n<tr>\n<td width=\"147\"><a href=\"https:\/\/taichytomato.com\/tr\/l-and-a-b-values-tomato-paste\/\">A\/B<\/a><\/td>\n<td width=\"460\">&gt;2.1<\/td>\n<\/tr>\n<tr>\n<td width=\"147\">Kur\u015fun(mg)<\/td>\n<td width=\"460\">&lt;200<\/td>\n<\/tr>\n<tr>\n<td width=\"147\">Bak\u0131r(mg)<\/td>\n<td width=\"460\">&lt;10<\/td>\n<\/tr>\n<tr>\n<td width=\"147\">Kur\u015fun(mg)<\/td>\n<td width=\"460\">&lt;1<\/td>\n<\/tr>\n<tr>\n<td width=\"147\">Arsenik(mg)<\/td>\n<td width=\"460\">&lt;0.5<\/td>\n<\/tr>\n<tr>\n<td width=\"147\">Ekran<\/td>\n<td width=\"460\">0,6mm<\/td>\n<\/tr>\n<tr>\n<td width=\"147\">Renk<\/td>\n<td width=\"460\">Kahverengi tonlar\u0131 olmadan parlak k\u0131rm\u0131z\u0131dan koyu k\u0131rm\u0131z\u0131ya<\/td>\n<\/tr>\n<tr>\n<td width=\"147\">Ambalaj format\u0131<\/td>\n<td width=\"460\">220 litrelik aseptik torba varil i\u00e7inde<\/p>\n<p>paketleme 80 varil\/20FCL,<\/p>\n<p>224 varil\/vagon.<\/p>\n<p>Net A\u011f\u0131rl\u0131k: 235-260kg\/4 varil, bir palet \u00fczerinde<\/td>\n<\/tr>\n<tr>\n<td width=\"147\"><a href=\"https:\/\/taichytomato.com\/tr\/where-to-store-tomato-paste\/\">Depolama ko\u015fullar\u0131<\/a><\/td>\n<td width=\"460\">Temiz, kuru, iyi havaland\u0131r\u0131lan bir alanda saklay\u0131n, do\u011frudan<br \/>\ng\u00fcne\u015f \u0131\u015f\u0131\u011f\u0131ndan koruyun<\/td>\n<\/tr>\n<\/tbody>\n<\/table>\n<p>\u00d6zelle\u015ftirilmi\u015f \u00e7\u00f6z\u00fcmler veya toplu al\u0131mlar i\u00e7in,\u00a0<a href=\"https:\/\/taichytomato.com\/tr\/contact\/\">l\u00fctfen sat\u0131\u015f ekibimizle her zaman ileti\u015fime ge\u00e7in.<\/a><\/p>\n<div class=\"mceTemp\"><\/div>\n<p><!--more--><\/p>\n<h3 data-start=\"2074\" data-end=\"2115\"><strong data-start=\"2078\" data-end=\"2115\">4. Paketleme, Lojistik ve Fiyatland\u0131rma<\/strong><\/h3>\n<h4 data-start=\"2117\" data-end=\"2150\"><strong data-start=\"2122\" data-end=\"2150\">Toplu Paketleme \u00c7\u00f6z\u00fcmleri<\/strong><\/h4>\n<p data-start=\"2151\" data-end=\"2385\">Bizim <strong data-start=\"2155\" data-end=\"2187\">Varil Domates Sal\u00e7as\u0131 36\u201338 Brix<\/strong> aseptik olarak paketlenmi\u015ftir <strong>220 litrelik torbalarda \u00e7elik variller i\u00e7inde<\/strong>, steriliteyi ve <strong>uzun raf \u00f6mr\u00fcn\u00fc (24 ay) garanti eder.<\/strong>. Sa\u011flam paketleme, lezzet, renk ve viskoziteyi uluslararas\u0131 ta\u015f\u0131ma boyunca korur.<\/p>\n<h4 data-start=\"2387\" data-end=\"2416\"><strong data-start=\"2392\" data-end=\"2416\">Tedarik ve \u0130hracat<\/strong><\/h4>\n<ul data-start=\"2417\" data-end=\"2913\">\n<li data-start=\"2417\" data-end=\"2563\">\n<p data-start=\"2419\" data-end=\"2563\"><strong data-start=\"2419\" data-end=\"2427\">Asgari Sipari\u015f Miktar\u0131:<\/strong> L\u00fctfen bizimle ileti\u015fime ge\u00e7in <strong data-start=\"2453\" data-end=\"2503\">Domates Sal\u00e7as\u0131 36\u201338 Brix Minimum Sipari\u015f Miktar\u0131<\/strong>. Standart MOQ, bir tam konteyner y\u00fck\u00fcd\u00fcr (\u224880\u2013100 varil).<\/p>\n<\/li>\n<li data-start=\"2564\" data-end=\"2713\">\n<p data-start=\"2566\" data-end=\"2713\"><strong data-start=\"2566\" data-end=\"2578\">Fiyatland\u0131rma:<\/strong> Bize ula\u015f\u0131n: <strong data-start=\"2596\" data-end=\"2654\">Rekabet\u00e7i Aseptik Varil Domates Sal\u00e7as\u0131 36\u201338 Brix Fiyat\u0131<\/strong>. Hacim bazl\u0131 ve y\u0131ll\u0131k s\u00f6zle\u015fme fiyatland\u0131rmas\u0131 mevcuttur.<\/p>\n<\/li>\n<li data-start=\"2714\" data-end=\"2913\">\n<p data-start=\"2716\" data-end=\"2913\"><strong data-start=\"2716\" data-end=\"2735\">\u0130hracat Pazarlar\u0131:<\/strong> G\u00fcvenilir bir <strong data-start=\"2749\" data-end=\"2796\">\u00c7in'den Domates Sal\u00e7as\u0131 36\u201338 Brix \u0130hracat\u00e7\u0131s\u0131<\/strong>, Asya, Afrika, Orta Do\u011fu ve G\u00fcney Amerika'daki ortaklar\u0131m\u0131za tam ihracat dok\u00fcmantasyon deste\u011fi ile hizmet veriyoruz.<\/p>\n<\/li>\n<\/ul>\n<hr \/>\n<h3 data-start=\"2920\" data-end=\"2960\"><strong data-start=\"2924\" data-end=\"2960\">5. \u0130deal End\u00fcstriyel Uygulamalar<\/strong><\/h3>\n<p data-start=\"2962\" data-end=\"3125\">Se\u00e7im <strong data-start=\"2971\" data-end=\"3018\">\u00dc\u00e7 Kat Konsantre Domates Sal\u00e7as\u0131 36\u201338 Brix<\/strong> g\u0131da \u00fcreticilerinin istenen konsantrasyonlara daha h\u0131zl\u0131 ula\u015fmas\u0131n\u0131 sa\u011flayarak verimlili\u011fi ve maliyet tasarrufunu art\u0131r\u0131r.<\/p>\n<ul data-start=\"3127\" data-end=\"3396\">\n<li data-start=\"3127\" data-end=\"3218\">\n<p data-start=\"3129\" data-end=\"3218\"><strong data-start=\"3129\" data-end=\"3155\">Ket\u00e7ap ve Makarna Sosu:<\/strong> \u00dcst d\u00fczey soslar i\u00e7in derin k\u0131rm\u0131z\u0131 renk ve stabil viskozite.<\/p>\n<\/li>\n<li data-start=\"3219\" data-end=\"3308\">\n<p data-start=\"3221\" data-end=\"3308\"><strong data-start=\"3221\" data-end=\"3247\">Domates Suyu ve \u0130\u00e7ecekler:<\/strong> Do\u011fal domates i\u00e7ecekleri i\u00e7in taze tat ve parlak renk.<\/p>\n<\/li>\n<li data-start=\"3309\" data-end=\"3396\">\n<p data-start=\"3311\" data-end=\"3396\"><strong data-start=\"3311\" data-end=\"3341\">End\u00fcstriyel Yemek Soslar\u0131:<\/strong> Is\u0131l i\u015flem g\u00f6rm\u00fc\u015f g\u0131dalarda m\u00fckemmel doku tutma.<\/p>\n<\/li>\n<\/ul>\n<p data-start=\"3398\" data-end=\"3583\">\u0130htiyac\u0131n\u0131z olsun <strong data-start=\"3415\" data-end=\"3453\">So\u011fuk \u00c7\u00f6k\u00fc\u015f Domates Sal\u00e7as\u0131 36\u201338 Brix<\/strong> i\u00e7ecekler i\u00e7in soslar i\u00e7in, \u00fcretim hedeflerinizi kar\u015f\u0131lamak i\u00e7in \u00f6zel \u00e7\u00f6z\u00fcmler sunuyoruz.<\/p>\n<h2><span style=\"color: #ff0000;\"><strong>6.SSS<\/strong><\/span><\/h2>\n<p><strong>Soru: Numune sa\u011fl\u0131yor musunuz? \u00dccretsiz mi?\u00a0<\/strong><\/p>\n<p>Cevap: \u00dccretsiz numune sa\u011flayabiliriz, ancak nakliye \u00fccretini \u00f6demeniz gerekir. \u0130sterseniz t\u0131klay\u0131n\u00a0<a href=\"https:\/\/taichytomato.com\/tr\/contact\/\">buraya\u00a0<\/a><\/p>\n<p><strong>Soru: Hangi sertifikalara sahipsiniz?\u00a0<\/strong><\/p>\n<p>Cevap: HACCP, ISO, BRC, HALAL sertifikalar\u0131na sahibiz.<\/p>\n<p><strong>Soru: Kargo hizmetiniz nedir?\u00a0<\/strong><\/p>\n<p>Cevap: Gemi rezervasyonu, mal konsolidasyonu, g\u00fcmr\u00fck beyannamesi, nakliye belgeleri haz\u0131rlama ve limanda toplu teslimat hizmetleri sunabiliriz.<\/p>\n<p><strong>Soru: Asgari sipari\u015f miktar\u0131n\u0131z nedir?\u00a0<\/strong><\/p>\n<p>Cevap: Genellikle bir konteyner MOQ'mizdir, ancak ihtiyac\u0131n\u0131z varsa LCL de yard\u0131mc\u0131 olabiliriz.<\/p>\n<p><strong>Soru: Sat\u0131n alma hakk\u0131nda daha fazla bilgi edinmek istiyor musunuz?<\/strong><\/p>\n<p>Cevap: L\u00fctfen buna bak\u0131n<a href=\"https:\/\/taichytomato.com\/tr\/buyers-guide-for-drum-tomato-paste\/\">\u00a0varil domates sat\u0131n alma rehberi\u00a0<\/a><\/p>\n<p>[<a href=\"https:\/\/taichytomato.com\/tr\/contact\/\"><strong data-start=\"4165\" data-end=\"4183\">\u0130LET\u0130\u015e\u0130ME GE\u00c7\u0130N \u015e\u0130MD\u0130<\/strong><\/a>] \u2014 Profesyonel ekibimizle konu\u015fun <strong data-start=\"4222\" data-end=\"4259\">Domates Sal\u00e7as\u0131 36\u201338 Brix Tedarik\u00e7ileri<\/strong> bir sonraki sevkiyat\u0131n\u0131z\u0131 g\u00fcvence alt\u0131na almak i\u00e7in.<\/p>\n<p>&nbsp;<\/p>","protected":false},"excerpt":{"rendered":"<p>Bu \u00fcr\u00fcn, end\u00fcstriyel kullan\u0131m i\u00e7in ideal olan 36-38% Brix So\u011fuk \u00c7\u00f6k\u00fc\u015f Domates Sal\u00e7as\u0131d\u0131r. Do\u011fal domates lezzetini ve besin de\u011ferlerini korur, parlak k\u0131rm\u0131z\u0131 renge, dengeli asitli\u011fe ve y\u00fcksek likopen i\u00e7eri\u011fine sahiptir. \u00c7in\u2019in kuzeybat\u0131s\u0131ndan temin edilen y\u00fcksek kaliteli domateslerden \u00fcretilmi\u015ftir, premium Heinz ve Delmont tohumlar\u0131 kullan\u0131lm\u0131\u015ft\u0131r. \u00dcr\u00fcn ISO, HACCP, HALAL ve KOSHER sertifikalar\u0131na sahiptir. 220L aseptik varillerde paketlenmi\u015f olup, 24 ayl\u0131k raf \u00f6mr\u00fcne sahiptir ve serin ortamda saklan\u0131r. TAICHY FOOD ayr\u0131ca \u00e7ok modlu ta\u015f\u0131mac\u0131l\u0131k ve domates sal\u00e7as\u0131 ihracat\u0131 konusunda g\u00fc\u00e7l\u00fc lojistik hizmetler sunmaktad\u0131r.<\/p>","protected":false},"featured_media":264,"template":"","meta":{"_acf_changed":false,"_seopress_robots_primary_cat":"none","_seopress_titles_title":"36-38% CB Drum Tomato Paste |Trible Concentration | Taichy","_seopress_titles_desc":"We're 36-38% Brix  Drum Tomato Past Cold Break manufacturers and suppliers in China, specialized in providing high quality customized service.","_seopress_robots_index":"","site-sidebar-layout":"default","site-content-layout":"","ast-site-content-layout":"default","site-content-style":"default","site-sidebar-style":"default","ast-global-header-display":"","ast-banner-title-visibility":"","ast-main-header-display":"","ast-hfb-above-header-display":"","ast-hfb-below-header-display":"","ast-hfb-mobile-header-display":"","site-post-title":"","ast-breadcrumbs-content":"","ast-featured-img":"","footer-sml-layout":"","ast-disable-related-posts":"","theme-transparent-header-meta":"default","adv-header-id-meta":"","stick-header-meta":"","header-above-stick-meta":"","header-main-stick-meta":"","header-below-stick-meta":"","astra-migrate-meta-layouts":"set","ast-page-background-enabled":"default","ast-page-background-meta":{"desktop":{"background-color":"var(--ast-global-color-5)","background-image":"","background-repeat":"repeat","background-position":"center center","background-size":"auto","background-attachment":"scroll","background-type":"","background-media":"","overlay-type":"","overlay-color":"","overlay-opacity":"","overlay-gradient":""},"tablet":{"background-color":"","background-image":"","background-repeat":"repeat","background-position":"center center","background-size":"auto","background-attachment":"scroll","background-type":"","background-media":"","overlay-type":"","overlay-color":"","overlay-opacity":"","overlay-gradient":""},"mobile":{"background-color":"","background-image":"","background-repeat":"repeat","background-position":"center center","background-size":"auto","background-attachment":"scroll","background-type":"","background-media":"","overlay-type":"","overlay-color":"","overlay-opacity":"","overlay-gradient":""}},"ast-content-background-meta":{"desktop":{"background-color":"var(--ast-global-color-4)","background-image":"","background-repeat":"repeat","background-position":"center center","background-size":"auto","background-attachment":"scroll","background-type":"","background-media":"","overlay-type":"","overlay-color":"","overlay-opacity":"","overlay-gradient":""},"tablet":{"background-color":"var(--ast-global-color-4)","background-image":"","background-repeat":"repeat","background-position":"center center","background-size":"auto","background-attachment":"scroll","background-type":"","background-media":"","overlay-type":"","overlay-color":"","overlay-opacity":"","overlay-gradient":""},"mobile":{"background-color":"var(--ast-global-color-4)","background-image":"","background-repeat":"repeat","background-position":"center center","background-size":"auto","background-attachment":"scroll","background-type":"","background-media":"","overlay-type":"","overlay-color":"","overlay-opacity":"","overlay-gradient":""}}},"product_brand":[],"product_cat":[28],"product_tag":[187,189,46,188],"class_list":{"0":"post-296","1":"product","2":"type-product","3":"status-publish","4":"has-post-thumbnail","6":"product_cat-drum-tomato-paste","7":"product_tag-36-38-cb","8":"product_tag-cold-break","9":"product_tag-drum-tomato-paste","10":"product_tag-tomato-paste-36-38","11":"desktop-align-left","12":"tablet-align-left","13":"mobile-align-left","15":"first","16":"instock","17":"sale","18":"shipping-taxable","19":"purchasable","20":"product-type-simple"},"acf":[],"_links":{"self":[{"href":"https:\/\/taichytomato.com\/tr\/wp-json\/wp\/v2\/product\/296","targetHints":{"allow":["GET"]}}],"collection":[{"href":"https:\/\/taichytomato.com\/tr\/wp-json\/wp\/v2\/product"}],"about":[{"href":"https:\/\/taichytomato.com\/tr\/wp-json\/wp\/v2\/types\/product"}],"version-history":[{"count":0,"href":"https:\/\/taichytomato.com\/tr\/wp-json\/wp\/v2\/product\/296\/revisions"}],"wp:featuredmedia":[{"embeddable":true,"href":"https:\/\/taichytomato.com\/tr\/wp-json\/wp\/v2\/media\/264"}],"wp:attachment":[{"href":"https:\/\/taichytomato.com\/tr\/wp-json\/wp\/v2\/media?parent=296"}],"wp:term":[{"taxonomy":"product_brand","embeddable":true,"href":"https:\/\/taichytomato.com\/tr\/wp-json\/wp\/v2\/product_brand?post=296"},{"taxonomy":"product_cat","embeddable":true,"href":"https:\/\/taichytomato.com\/tr\/wp-json\/wp\/v2\/product_cat?post=296"},{"taxonomy":"product_tag","embeddable":true,"href":"https:\/\/taichytomato.com\/tr\/wp-json\/wp\/v2\/product_tag?post=296"}],"curies":[{"name":"wp","href":"https:\/\/api.w.org\/{rel}","templated":true}]}}