{"id":2369,"date":"2025-09-03T19:23:56","date_gmt":"2025-09-04T03:23:56","guid":{"rendered":"https:\/\/taichytomato.com\/?post_type=product&#038;p=2369"},"modified":"2026-01-03T22:47:35","modified_gmt":"2026-01-04T06:47:35","slug":"220l-drum-tomato-paste","status":"publish","type":"product","link":"https:\/\/taichytomato.com\/tr\/urun\/220l-drum-tomato-paste\/","title":{"rendered":"220L Varil Domates Sal\u00e7as\u0131"},"content":{"rendered":"<h2>1. Premium Toplu 220L Varil Domates Sal\u00e7as\u0131 Fabrikas\u0131 | \u00c7in'den Toptan Fiyat Teklifleri<\/h2>\n<p>Taichy Food profesyonel bir <strong data-start=\"244\" data-end=\"282\">\u00c7in'de 220L domates sal\u00e7as\u0131 fabrikas\u0131d\u0131r<\/strong>, toplu domates sal\u00e7as\u0131 \u00fcretimi ve k\u00fcresel toptan tedarik konusunda uzmanla\u015fm\u0131\u015ft\u0131r. Sahip oldu\u011fu <strong data-start=\"363\" data-end=\"403\">iki geli\u015fmi\u015f domates i\u015fleme hatt\u0131 ile<\/strong>, fabrikam\u0131z g\u00fcnde <strong data-start=\"445\" data-end=\"490\">1.500 tondan fazla taze domates i\u015fleme kapasitesine sahiptir<\/strong>, ve b\u00fcy\u00fck hacimli sipari\u015fler i\u00e7in istikrarl\u0131 \u00e7\u0131kt\u0131 sa\u011flar.<\/p>\n<h3 data-start=\"541\" data-end=\"599\">Y\u00fcksek Kaliteli 220L Domates Sal\u00e7as\u0131 i\u00e7in Do\u011fal Avantaj<\/h3>\n<p data-start=\"600\" data-end=\"1019\">Uzun <strong data-start=\"643\" data-end=\"719\">g\u00fcne\u015flenme s\u00fcresi ve \u00f6nemli gece-g\u00fcnd\u00fcz s\u0131cakl\u0131k farkl\u0131l\u0131klar\u0131 ile bilinen bir b\u00f6lge olan Tacheng'de bulunan<\/strong>, Taichy Food, ideal domates yeti\u015ftirme ko\u015fullar\u0131ndan yararlan\u0131r. Bu do\u011fal fakt\u00f6rler, domateslerin daha b\u00fcy\u00fck b\u00fcy\u00fcmesini, <strong data-start=\"844\" data-end=\"868\">daha y\u00fcksek kat\u0131 madde i\u00e7eri\u011fi biriktirmesini<\/strong>, ve <strong data-start=\"882\" data-end=\"906\">zengin likopen seviyeleri geli\u015ftirmesini<\/strong>, sa\u011flayarak onlar\u0131 \u00f6zellikle <strong data-start=\"944\" data-end=\"970\">220L varil domates sal\u00e7as\u0131<\/strong> end\u00fcstriyel ve yemek hizmeti uygulamalar\u0131nda kullan\u0131m i\u00e7in uygun hale getirir.<\/p>\n<p><!--more--><\/p>\n<h2><strong>2. Varil Domates Sal\u00e7am\u0131z Hakk\u0131nda <span class=\"math-inline\"><span class=\"katex\"><span class=\"katex-html\" aria-hidden=\"true\"><span class=\"base\"><span class=\"mord\">220<\/span><span class=\"mord text\"><span class=\"mord\">L<\/span><\/span><\/span><\/span><\/span><\/span><\/strong><\/h2>\n<p>Bizim <b><span class=\"math-inline\"><span class=\"katex\"><span class=\"katex-html\" aria-hidden=\"true\"><span class=\"base\"><span class=\"mord\">220<\/span><span class=\"mord text\"><span class=\"mord\">L<\/span><\/span><\/span><\/span><\/span><\/span> <span class=\"math-inline\"><span class=\"katex\"><span class=\"katex-html\" aria-hidden=\"true\"><span class=\"base\"><span class=\"mord text\"><span class=\"mord\">varil domates sal\u00e7as\u0131<\/span><\/span><\/span><\/span><\/span><\/span><\/b> \u015fundan yap\u0131l\u0131r: <strong><span class=\"math-inline\"><span class=\"katex\"><span class=\"katex-html\" aria-hidden=\"true\"><span class=\"base\"><span class=\"mord\">100%<\/span><\/span><\/span><\/span><\/span> taze<\/strong>, <strong>olgun domatesler<\/strong> ve k\u00fcresel g\u0131da \u00fcreticileri i\u00e7in tercih edilen hammaddedir. Biz <b><span class=\"math-inline\"><span class=\"katex\"><span class=\"katex-html\" aria-hidden=\"true\"><span class=\"base\"><span class=\"mord\">220<\/span><span class=\"mord text\"><span class=\"mord\">L<\/span><\/span><\/span><\/span><\/span><\/span> <span class=\"math-inline\"><span class=\"katex\"><span class=\"katex-html\" aria-hidden=\"true\"><span class=\"base\"><span class=\"mord text\"><span class=\"mord\">varil domates Toptan Sat\u0131\u015f<\/span><\/span><\/span><\/span><\/span><\/span><\/b>\u00a0en y\u00fcksek kaliteyi ve maliyet etkinli\u011fini sa\u011flamak i\u00e7in ambalaj sunuyoruz.<\/p>\n<p><b>Temel Sat\u0131\u015f Noktalar\u0131:<\/b><\/p>\n<ul>\n<li><b>Kalite G\u00fcvencesi:<\/b> \u00c7e\u015fitli konsantrasyonlarda mevcuttur (<strong><span class=\"math-inline\"><span class=\"katex\"><span class=\"katex-html\" aria-hidden=\"true\"><span class=\"base\"><span class=\"mord text\"><span class=\"mord\">Brix<\/span><\/span><\/span><\/span><\/span><\/span><\/strong>) se\u00e7enekleri, pazar standard\u0131 dahil <strong><span class=\"math-inline\"><span class=\"katex\"><span class=\"katex-html\" aria-hidden=\"true\"><span class=\"base\"><span class=\"mord\">36<\/span><span class=\"mbin\">\u2212<\/span><\/span><span class=\"base\"><span class=\"mord\">38%<\/span><\/span><\/span><\/span><\/span> <span class=\"math-inline\"><span class=\"katex\"><span class=\"katex-html\" aria-hidden=\"true\"><span class=\"base\"><span class=\"mord text\"><span class=\"mord\">So\u011fuk K\u0131rma<\/span><\/span><\/span><\/span><\/span><\/span> domates sal\u00e7as\u0131.<\/strong><\/li>\n<li><b>G\u00fcvenli Paketleme:<\/b> Sa\u011flam bir \u015fekilde paketlenmi\u015ftir <strong><span class=\"math-inline\"><span class=\"katex\"><span class=\"katex-html\" aria-hidden=\"true\"><span class=\"base\"><span class=\"mord\">220<\/span><span class=\"mord text\"><span class=\"mord\">L<\/span><\/span><\/span><\/span><\/span><\/span> <span class=\"math-inline\"><span class=\"katex\"><span class=\"katex-html\" aria-hidden=\"true\"><span class=\"base\"><span class=\"mord text\"><span class=\"mord\">\u00c7elik Varil<\/span><\/span><\/span><\/span><\/span><\/span><\/strong> bir <strong>i\u00e7 aseptik torba ile<\/strong>, \u00fcr\u00fcn\u00fcn tazeli\u011fini ve g\u00fcvenli\u011fini ta\u015f\u0131ma ve depolama s\u0131ras\u0131nda sa\u011flar.<\/li>\n<li><b>K\u00fcresel Tedarik:<\/b> Profesyonel bir lojistik a\u011f\u0131, d\u00fcnya genelinde h\u0131zl\u0131 teslimat\u0131 sa\u011flar <b><span class=\"math-inline\"><span class=\"katex\"><span class=\"katex-html\" aria-hidden=\"true\"><span class=\"base\"><span class=\"mord\">220<\/span><span class=\"mord text\"><span class=\"mord\">L<\/span><\/span><\/span><\/span><\/span><\/span> Varil Domates Sal\u00e7as\u0131<\/b>, \u00f6zellikle Asya'n\u0131n b\u00fcy\u00fck limanlar\u0131n\u0131 i\u00e7erir <b><span class=\"math-inline\"><span class=\"katex\"><span class=\"katex-html\" aria-hidden=\"true\"><span class=\"base\"><span class=\"mord text\"><span class=\"mord\">Hong Kong yak\u0131n\u0131nda<\/span><\/span><\/span><\/span><\/span><\/span><\/b>.<\/li>\n<\/ul>\n<figure id=\"attachment_171\" aria-describedby=\"caption-attachment-171\" style=\"width: 300px\" class=\"wp-caption alignleft\"><img fetchpriority=\"high\" decoding=\"async\" class=\"size-medium wp-image-171\" src=\"https:\/\/taichytomato.com\/wp-content\/uploads\/2025\/04\/top4-300x225.jpg\" alt=\"varil domates sal\u00e7as\u0131\" width=\"300\" height=\"225\" srcset=\"https:\/\/taichytomato.com\/wp-content\/uploads\/2025\/04\/top4-300x225.jpg 300w, https:\/\/taichytomato.com\/wp-content\/uploads\/2025\/04\/top4.jpg 500w\" sizes=\"(max-width: 300px) 100vw, 300px\" \/><figcaption id=\"caption-attachment-171\" class=\"wp-caption-text\">varil domates sal\u00e7as\u0131<\/figcaption><\/figure>\n<figure id=\"attachment_169\" aria-describedby=\"caption-attachment-169\" style=\"width: 300px\" class=\"wp-caption alignleft\"><img decoding=\"async\" class=\"size-medium wp-image-169\" src=\"https:\/\/taichytomato.com\/wp-content\/uploads\/2025\/04\/top1-300x224.jpg\" alt=\"varil domates sal\u00e7as\u0131\" width=\"300\" height=\"224\" srcset=\"https:\/\/taichytomato.com\/wp-content\/uploads\/2025\/04\/top1-300x224.jpg 300w, https:\/\/taichytomato.com\/wp-content\/uploads\/2025\/04\/top1-600x448.jpg 600w, https:\/\/taichytomato.com\/wp-content\/uploads\/2025\/04\/top1.jpg 610w\" sizes=\"(max-width: 300px) 100vw, 300px\" \/><figcaption id=\"caption-attachment-169\" class=\"wp-caption-text\">varil domates sal\u00e7as\u0131<\/figcaption><\/figure>\n<figure id=\"attachment_2374\" aria-describedby=\"caption-attachment-2374\" style=\"width: 260px\" class=\"wp-caption alignleft\"><img decoding=\"async\" class=\"wp-image-2374\" src=\"https:\/\/taichytomato.com\/wp-content\/uploads\/2025\/09\/220L-Standard-Barrier-Aseptic-Packaging-Plastic-Packing-Pouch-Food-Package-for-Tomato-Paste-Aseptic-Bags-300x300.webp\" alt=\"Aseptik Ambalajlama\" width=\"260\" height=\"260\" srcset=\"https:\/\/taichytomato.com\/wp-content\/uploads\/2025\/09\/220L-Standard-Barrier-Aseptic-Packaging-Plastic-Packing-Pouch-Food-Package-for-Tomato-Paste-Aseptic-Bags-300x300.webp 300w, https:\/\/taichytomato.com\/wp-content\/uploads\/2025\/09\/220L-Standard-Barrier-Aseptic-Packaging-Plastic-Packing-Pouch-Food-Package-for-Tomato-Paste-Aseptic-Bags-1024x1024.webp 1024w, https:\/\/taichytomato.com\/wp-content\/uploads\/2025\/09\/220L-Standard-Barrier-Aseptic-Packaging-Plastic-Packing-Pouch-Food-Package-for-Tomato-Paste-Aseptic-Bags-150x150.webp 150w, https:\/\/taichytomato.com\/wp-content\/uploads\/2025\/09\/220L-Standard-Barrier-Aseptic-Packaging-Plastic-Packing-Pouch-Food-Package-for-Tomato-Paste-Aseptic-Bags-768x768.webp 768w, https:\/\/taichytomato.com\/wp-content\/uploads\/2025\/09\/220L-Standard-Barrier-Aseptic-Packaging-Plastic-Packing-Pouch-Food-Package-for-Tomato-Paste-Aseptic-Bags-600x600.webp 600w, https:\/\/taichytomato.com\/wp-content\/uploads\/2025\/09\/220L-Standard-Barrier-Aseptic-Packaging-Plastic-Packing-Pouch-Food-Package-for-Tomato-Paste-Aseptic-Bags-100x100.webp 100w, https:\/\/taichytomato.com\/wp-content\/uploads\/2025\/09\/220L-Standard-Barrier-Aseptic-Packaging-Plastic-Packing-Pouch-Food-Package-for-Tomato-Paste-Aseptic-Bags.webp 1500w\" sizes=\"(max-width: 260px) 100vw, 260px\" \/><figcaption id=\"caption-attachment-2374\" class=\"wp-caption-text\">Aseptik Ambalajlama<\/figcaption><\/figure>\n<p><!--more--><\/p>\n<h2>3.\u00dcr\u00fcn \u00d6zellikleri Tablosu<\/h2>\n<table dir=\"ltr\" style=\"height: 312px;\" border=\"1\" width=\"1337\" cellspacing=\"0\" cellpadding=\"0\" data-sheets-root=\"1\" data-sheets-baot=\"1\">\n<colgroup>\n<col width=\"100\" \/>\n<col width=\"399\" \/><\/colgroup>\n<tbody>\n<tr>\n<td>\u00d6zellik Maddesi<\/td>\n<td>Detay<\/td>\n<\/tr>\n<tr>\n<td>Ambalaj T\u00fcr\u00fc<\/td>\n<td><strong>\u00c7elik Varil \u0130\u00e7inde Steril Po\u015fet<\/strong><\/td>\n<\/tr>\n<tr>\n<td>Net A\u011f\u0131rl\u0131k<\/td>\n<td>Yakla\u015f\u0131k 235KG \/ <span class=\"math-inline\"><span class=\"katex\"><span class=\"katex-html\" aria-hidden=\"true\"><span class=\"base\"><span class=\"mord\">220<\/span><span class=\"mord text\"><span class=\"mord\">\u00a0litre varil<\/span><\/span><\/span><\/span><\/span><\/span><\/td>\n<\/tr>\n<tr>\n<td>Kapasite<\/td>\n<td>220 Litre Varil<\/td>\n<\/tr>\n<tr>\n<td>Domates Konsantrasyonu (<a href=\"https:\/\/taichytomato.com\/tr\/brix-and-tomato-concentrate\/\">Brix<\/a>)<\/td>\n<td><a href=\"https:\/\/taichytomato.com\/tr\/urun\/drum-tomato-paste-36-38\/\">36\u221238% CB<\/a> (<a href=\"https:\/\/taichytomato.com\/tr\/what-is-cold-break-tomato-paste-a-guide-to-the-cb-production-process\/\">So\u011fuk Kesim<\/a>) \/<a href=\"https:\/\/taichytomato.com\/tr\/urun\/28-30-brix-tomato-paste\/\">28-30%CB<\/a> (So\u011fuk K\u0131rma)\/ 28\u221230% HB (<a href=\"https:\/\/taichytomato.com\/tr\/what-is-hot-break-tomato-paste-key-features-industrial-applications\/\">S\u0131cak Kesim<\/a>)<\/td>\n<\/tr>\n<tr>\n<td><a href=\"https:\/\/taichytomato.com\/tr\/l-and-a-b-values-tomato-paste\/\">Renk (A\/B)<\/a><\/td>\n<td>A\/B\uff1e2.1<\/td>\n<\/tr>\n<\/tbody>\n<\/table>\n<h2><!--more-->4. Sat\u0131n Alma Bilgileri ve Hizmet<\/h2>\n<h2>220L Domates Sal\u00e7as\u0131 Promosyonlar\u0131 ve Toptan Fiyat Teklifleri<\/h2>\n<p data-start=\"1648\" data-end=\"1808\">Taichy Food rekabet\u00e7i <strong data-start=\"1679\" data-end=\"1711\">220L domates sal\u00e7as\u0131 promosyonlar\u0131<\/strong> i\u015fleme sezonu boyunca ve uzun vadeli i\u015fbirli\u011fi i\u00e7in. Do\u011frudan \u00fcretici olarak \u015funlar\u0131 sa\u011fl\u0131yoruz:<\/p>\n<ul data-start=\"1810\" data-end=\"2004\">\n<li data-start=\"1810\" data-end=\"1868\">\n<p data-start=\"1812\" data-end=\"1868\"><strong data-start=\"1812\" data-end=\"1840\">220L domates sal\u00e7as\u0131 fiyat teklifleri<\/strong> a\u00e7\u0131k maliyet d\u00f6k\u00fcm\u00fc ile<\/p>\n<\/li>\n<li data-start=\"1869\" data-end=\"1911\">\n<p data-start=\"1871\" data-end=\"1911\">Toplu sipari\u015fler i\u00e7in istikrarl\u0131 tedarik kapasitesi<\/p>\n<\/li>\n<li data-start=\"1912\" data-end=\"1945\">\n<p data-start=\"1914\" data-end=\"1945\">Deneme sipari\u015fleri i\u00e7in esnek minimum sipari\u015f adedi (MOQ)<\/p>\n<\/li>\n<li data-start=\"1946\" data-end=\"2004\">\n<p data-start=\"1948\" data-end=\"2004\">Fiyatland\u0131rma ve teknik \u00f6zellikler i\u00e7in h\u0131zl\u0131 yan\u0131t<\/p>\n<\/li>\n<\/ul>\n<p data-start=\"2006\" data-end=\"2171\">E\u011fer T\u00fcrkiye'den tedarik yap\u0131yorsan\u0131z, bizim <strong data-start=\"2042\" data-end=\"2074\">220L varil domates sal\u00e7as\u0131 fiyat\u0131<\/strong> bir <strong data-start=\"2102\" data-end=\"2141\">adil ve s\u00fcrd\u00fcr\u00fclebilir maliyet avantaj\u0131<\/strong> sa\u011flamak \u00fczere konumland\u0131r\u0131lm\u0131\u015ft\u0131r, kaliteden \u00f6d\u00fcn vermeden.<\/p>\n<hr \/>\n<h2 data-start=\"2173\" data-end=\"2235\">5. Toplu 220L Varil Domates Sal\u00e7as\u0131 \u2013 Uygun Fiyat, Fabrikadan Do\u011frudan<\/h2>\n<p data-start=\"2236\" data-end=\"2414\">Arayan al\u0131c\u0131lar i\u00e7in <strong data-start=\"2255\" data-end=\"2297\">220L varil domates sal\u00e7as\u0131 toplu uygun fiyat<\/strong>, Taichy Food, gereksiz arac\u0131lar\u0131 azaltarak fabrikadan do\u011frudan tedarik sa\u011flar. \u00dcr\u00fcnlerimiz yayg\u0131n olarak \u015fu alanlarda kullan\u0131lmaktad\u0131r:<\/p>\n<ul data-start=\"2416\" data-end=\"2526\">\n<li data-start=\"2416\" data-end=\"2458\">\n<p data-start=\"2418\" data-end=\"2458\">Domates sosu ve ket\u00e7ap \u00fcretimi<\/p>\n<\/li>\n<li data-start=\"2459\" data-end=\"2485\">\n<p data-start=\"2461\" data-end=\"2485\">G\u0131da i\u015fleme tesisleri<\/p>\n<\/li>\n<li data-start=\"2486\" data-end=\"2526\">\n<p data-start=\"2488\" data-end=\"2526\">Yeniden paketleme ve \u00f6zel etiket projeleri<\/p>\n<\/li>\n<\/ul>\n<figure id=\"attachment_1353\" class=\"wp-caption alignnone\" aria-describedby=\"caption-attachment-1353\"><\/figure>\n<h2><strong>6.SSS<\/strong><\/h2>\n<p><strong>Soru: Numune sa\u011fl\u0131yor musunuz? \u00dccretsiz mi?\u00a0<\/strong><\/p>\n<p>Cevap: \u00dccretsiz numune sa\u011flayabiliriz, ancak nakliye \u00fccretini \u00f6demeniz gerekir. \u0130sterseniz t\u0131klay\u0131n\u00a0<a href=\"https:\/\/taichytomato.com\/tr\/contact\/\">buraya\u00a0<\/a><\/p>\n<p><strong>Soru: Hangi sertifikalara sahipsiniz?\u00a0<\/strong><\/p>\n<p>Cevap: HACCP, ISO, BRC, HALAL sertifikalar\u0131na sahibiz.<\/p>\n<p><strong>S: Nakliye hizmetiniz nedir?\u00a0<\/strong><\/p>\n<p>Cevap: Gemi rezervasyonu, mal konsolidasyonu, g\u00fcmr\u00fck beyannamesi, nakliye belgeleri haz\u0131rlama ve limanda toplu teslimat hizmetleri sunabiliriz.<\/p>\n<p><strong>S: Minimum sipari\u015f miktar\u0131n\u0131z nedir?\u00a0<\/strong><\/p>\n<p>Cevap: Genellikle bir konteyner MOQ'mizdir, ancak ihtiyac\u0131n\u0131z varsa LCL de yard\u0131mc\u0131 olabiliriz.<\/p>\n<p><b>Q:<\/b> Bu <b><span class=\"math-inline\"><span class=\"katex\"><span class=\"katex-html\" aria-hidden=\"true\"><span class=\"base\"><span class=\"mord\">220<\/span><span class=\"mord text\"><span class=\"mord\">L<\/span><\/span><\/span><\/span><\/span><\/span> <span class=\"math-inline\"><span class=\"katex\"><span class=\"katex-html\" aria-hidden=\"true\"><span class=\"base\"><span class=\"mord text\"><span class=\"mord\">varil domates sal\u00e7as\u0131 fiyat\u0131<\/span><\/span><\/span><\/span><\/span><\/span><\/b> sabit mi?<\/p>\n<p>A<b>:<\/b> Hammadde ve nakliye maliyetlerindeki dalgalanmalar nedeniyle, <b><span class=\"math-inline\"><span class=\"katex\"><span class=\"katex-html\" aria-hidden=\"true\"><span class=\"base\"><span class=\"mord\">220<\/span><span class=\"mord text\"><span class=\"mord\">l<\/span><\/span><\/span><\/span><\/span><\/span> <span class=\"math-inline\"><span class=\"katex\"><span class=\"katex-html\" aria-hidden=\"true\"><span class=\"base\"><span class=\"mord text\"><span class=\"mord\">varil domates fiyat\u0131<\/span><\/span><\/span><\/span><\/span><\/span><\/b> de\u011fi\u015febilir. L\u00fctfen g\u00fcncel piyasa ve sipari\u015f hacminize g\u00f6re <b>en son fiyat teklifleri<\/b> i\u00e7in bizimle ileti\u015fime ge\u00e7in.<\/p>\n<p><strong>Q<\/strong><b>:<\/b> Nedir <b><span class=\"math-inline\"><span class=\"katex\"><span class=\"katex-html\" aria-hidden=\"true\"><span class=\"base\"><span class=\"mord text\"><span class=\"mord\">Varil Domates Sal\u00e7as\u0131 D\u00f6kme So\u011fuk K\u0131rma 220L \u00c7elik Varil<\/span><\/span><\/span><\/span><\/span><\/span><\/b>?<\/p>\n<p>A<b>:<\/b> Bu, <span class=\"math-inline\"><span class=\"katex\"><span class=\"katex-html\" aria-hidden=\"true\"><span class=\"base\"><span class=\"mord\">220<\/span><span class=\"mord text\"><span class=\"mord\">L<\/span><\/span><\/span><\/span><\/span><\/span> y\u00fcksek kapasiteli <b>d\u00f6kme<\/b> ambalajl\u0131, kullan\u0131larak \u00fcretilen domates sal\u00e7as\u0131n\u0131 ifade eder. <b>So\u011fuk Kesim<\/b> i\u015flemiyle \u00fcretilen, y\u00fcksek viskoziteye sahip ve tipik olarak kal\u0131n domates \u00fcr\u00fcnleri yapmak i\u00e7in kullan\u0131lan bir \u00fcr\u00fcnd\u00fcr. Ambalaj\u0131 bir <b>\u00c7elik Davul<\/b> g\u00fcvenli\u011fi sa\u011flamak i\u00e7in.<\/p>","protected":false},"excerpt":{"rendered":"<p>Bizim <b><span class=\"math-inline\"><span class=\"katex\"><span class=\"katex-html\" aria-hidden=\"true\"><span class=\"base\"><span class=\"mord\">220<\/span><span class=\"mord text\"><span class=\"mord\">L<\/span><\/span><\/span><\/span><\/span><\/span> Varil Domates Sal\u00e7as\u0131<\/b> y\u00fcksek kaliteli <strong>Toptan<\/strong>\u00a0malzeme, end\u00fcstriyel ve toptan ihtiya\u00e7lar i\u00e7in \u00f6zel olarak tasarlanm\u0131\u015ft\u0131r. Taze, olgun domateslerden yo\u011funla\u015ft\u0131r\u0131lm\u0131\u015ft\u0131r ve \u00e7e\u015fitli <span class=\"math-inline\"><span class=\"katex\"><span class=\"katex-html\" aria-hidden=\"true\"><span class=\"base\"><span class=\"mord text\"><span class=\"mord\">Brix<\/span><\/span><\/span><\/span><\/span><\/span> seviyelerde (\u00f6rne\u011fin.<a href=\"https:\/\/taichytomato.com\/tr\/urun\/tomato-paste-28-30\/\">28-30%<\/a> ,<a href=\"https:\/\/taichytomato.com\/tr\/urun\/30-32-drum-tomato-paste\/\"> 30-32%<\/a> ,<a href=\"https:\/\/taichytomato.com\/tr\/urun\/tomato-paste-36-38\/\"> <span class=\"math-inline\"><span class=\"katex\"><span class=\"katex-html\" aria-hidden=\"true\"><span class=\"base\"><span class=\"mord\">36<\/span><span class=\"mbin\">\u2212<\/span><\/span><span class=\"base\"><span class=\"mord\">38%<\/span><\/span><\/span><\/span><\/span><\/a> ). \u00dcr\u00fcn<strong> aseptik olarak paketlenmi\u015ftir<\/strong> bir <strong>sa\u011flam <span class=\"math-inline\"><span class=\"katex\"><span class=\"katex-html\" aria-hidden=\"true\"><span class=\"base\"><span class=\"mord text\"><span class=\"mord\">\u00c7elik Varil<\/span><\/span><\/span><\/span><\/span><\/span><\/strong> i\u00e7inde <strong>istikrarl\u0131 kaliteyi sa\u011flamak i\u00e7in<\/strong> ve <strong>tazelik<\/strong> \u00fcretimden teslimata kadar, bu da onu <strong>g\u0131da i\u015fleme<\/strong> ve <strong>yemek hizmetleri sekt\u00f6r\u00fc<\/strong>. i\u00e7in ideal bir se\u00e7im haline getirir. L\u00fctfen en g\u00fcncel <b>Fiyat<\/b> ve <b>Toptan Teklifler<\/b>.<\/p>","protected":false},"featured_media":170,"template":"","meta":{"_acf_changed":false,"_seopress_robots_primary_cat":"none","_seopress_titles_title":"220L Drum Tomato Paste Factory & Wholesale Supply","_seopress_titles_desc":"China 220L tomato paste direct from factory. Low-cost pricing, fast wholesale supply, promotions, and customized drums. Request quotes today.","_seopress_robots_index":"","site-sidebar-layout":"default","site-content-layout":"","ast-site-content-layout":"default","site-content-style":"default","site-sidebar-style":"default","ast-global-header-display":"","ast-banner-title-visibility":"","ast-main-header-display":"","ast-hfb-above-header-display":"","ast-hfb-below-header-display":"","ast-hfb-mobile-header-display":"","site-post-title":"","ast-breadcrumbs-content":"","ast-featured-img":"","footer-sml-layout":"","ast-disable-related-posts":"","theme-transparent-header-meta":"default","adv-header-id-meta":"","stick-header-meta":"","header-above-stick-meta":"","header-main-stick-meta":"","header-below-stick-meta":"","astra-migrate-meta-layouts":"set","ast-page-background-enabled":"default","ast-page-background-meta":{"desktop":{"background-color":"var(--ast-global-color-5)","background-image":"","background-repeat":"repeat","background-position":"center center","background-size":"auto","background-attachment":"scroll","background-type":"","background-media":"","overlay-type":"","overlay-color":"","overlay-opacity":"","overlay-gradient":""},"tablet":{"background-color":"","background-image":"","background-repeat":"repeat","background-position":"center center","background-size":"auto","background-attachment":"scroll","background-type":"","background-media":"","overlay-type":"","overlay-color":"","overlay-opacity":"","overlay-gradient":""},"mobile":{"background-color":"","background-image":"","background-repeat":"repeat","background-position":"center center","background-size":"auto","background-attachment":"scroll","background-type":"","background-media":"","overlay-type":"","overlay-color":"","overlay-opacity":"","overlay-gradient":""}},"ast-content-background-meta":{"desktop":{"background-color":"var(--ast-global-color-4)","background-image":"","background-repeat":"repeat","background-position":"center center","background-size":"auto","background-attachment":"scroll","background-type":"","background-media":"","overlay-type":"","overlay-color":"","overlay-opacity":"","overlay-gradient":""},"tablet":{"background-color":"var(--ast-global-color-4)","background-image":"","background-repeat":"repeat","background-position":"center center","background-size":"auto","background-attachment":"scroll","background-type":"","background-media":"","overlay-type":"","overlay-color":"","overlay-opacity":"","overlay-gradient":""},"mobile":{"background-color":"var(--ast-global-color-4)","background-image":"","background-repeat":"repeat","background-position":"center center","background-size":"auto","background-attachment":"scroll","background-type":"","background-media":"","overlay-type":"","overlay-color":"","overlay-opacity":"","overlay-gradient":""}}},"product_brand":[],"product_cat":[28],"product_tag":[207],"class_list":{"0":"post-2369","1":"product","2":"type-product","3":"status-publish","4":"has-post-thumbnail","6":"product_cat-drum-tomato-paste","7":"product_tag-big-drum-tomato-paste","8":"desktop-align-left","9":"tablet-align-left","10":"mobile-align-left","12":"first","13":"instock","14":"sale","15":"shipping-taxable","16":"purchasable","17":"product-type-simple"},"acf":[],"_links":{"self":[{"href":"https:\/\/taichytomato.com\/tr\/wp-json\/wp\/v2\/product\/2369","targetHints":{"allow":["GET"]}}],"collection":[{"href":"https:\/\/taichytomato.com\/tr\/wp-json\/wp\/v2\/product"}],"about":[{"href":"https:\/\/taichytomato.com\/tr\/wp-json\/wp\/v2\/types\/product"}],"version-history":[{"count":0,"href":"https:\/\/taichytomato.com\/tr\/wp-json\/wp\/v2\/product\/2369\/revisions"}],"wp:featuredmedia":[{"embeddable":true,"href":"https:\/\/taichytomato.com\/tr\/wp-json\/wp\/v2\/media\/170"}],"wp:attachment":[{"href":"https:\/\/taichytomato.com\/tr\/wp-json\/wp\/v2\/media?parent=2369"}],"wp:term":[{"taxonomy":"product_brand","embeddable":true,"href":"https:\/\/taichytomato.com\/tr\/wp-json\/wp\/v2\/product_brand?post=2369"},{"taxonomy":"product_cat","embeddable":true,"href":"https:\/\/taichytomato.com\/tr\/wp-json\/wp\/v2\/product_cat?post=2369"},{"taxonomy":"product_tag","embeddable":true,"href":"https:\/\/taichytomato.com\/tr\/wp-json\/wp\/v2\/product_tag?post=2369"}],"curies":[{"name":"wp","href":"https:\/\/api.w.org\/{rel}","templated":true}]}}