{"id":1953,"date":"2025-07-15T22:41:22","date_gmt":"2025-07-16T06:41:22","guid":{"rendered":"https:\/\/taichytomato.com\/?post_type=product&#038;p=1953"},"modified":"2026-01-08T19:14:15","modified_gmt":"2026-01-09T03:14:15","slug":"china-wholesale-flat-sachet-tomato-paste","status":"publish","type":"product","link":"https:\/\/taichytomato.com\/tr\/urun\/china-wholesale-flat-sachet-tomato-paste\/","title":{"rendered":"Domates Sal\u00e7as\u0131 D\u00fcz \u00c7anta \u2013 \u00c7in\u2019den Profesyonel \u00dcretici ve \u0130hracat\u00e7\u0131"},"content":{"rendered":"<h2 data-start=\"851\" data-end=\"887\"><strong data-start=\"851\" data-end=\"887\">Domates Sal\u00e7as\u0131 D\u00fcz \u00c7anta Nedir<\/strong><\/h2>\n<p data-start=\"889\" data-end=\"1390\">Bir domates sal\u00e7as\u0131 d\u00fcz \u00e7anta, genellikle 18g, 50g veya 70g boyutlar\u0131nda yo\u011funla\u015ft\u0131r\u0131lm\u0131\u015f domates sal\u00e7as\u0131 ile doldurulmu\u015f kompakt, m\u00fch\u00fcrlenmi\u015f bir pakettir.<br data-start=\"1018\" data-end=\"1021\" \/>Bu t\u00fcr ambalaj, pratikli\u011fi ve uygun fiyat\u0131 nedeniyle Afrika ve Asya perakende pazarlar\u0131nda yayg\u0131n olarak kullan\u0131lmaktad\u0131r.<br data-start=\"1136\" data-end=\"1139\" \/>T\u00fcketiciler tercih eder <strong data-start=\"1156\" data-end=\"1201\">mini domates sal\u00e7as\u0131 d\u00fcz \u00e7anta (\u00f6r. 18g)<\/strong> or <strong data-start=\"1205\" data-end=\"1228\">50g ve 70g \u00e7antalar<\/strong> g\u00fcnl\u00fck pi\u015firme i\u00e7in.<br data-start=\"1247\" data-end=\"1250\" \/>Her \u00e7anta i\u00e7erir <strong data-start=\"1271\" data-end=\"1310\">100% saf, katk\u0131s\u0131z domates sal\u00e7as\u0131<\/strong>, zengin, do\u011fal domates aromas\u0131 sa\u011flar ve \u00e7orba, sos ve g\u00fcve\u00e7ler i\u00e7in uygundur.<\/p>\n<h2>Po\u015fet Domates Sal\u00e7as\u0131<\/h2>\n<p>&nbsp;<\/p>\n<table dir=\"ltr\" border=\"0\" cellspacing=\"0\" cellpadding=\"0\" align=\"left\">\n<tbody>\n<tr>\n<td>Men\u015fei Yeri<\/td>\n<td>\u00c7in'in Kuzeyi<\/td>\n<td>Ana Bile\u015fen<\/td>\n<td>Taze Domatesler<\/td>\n<\/tr>\n<tr>\n<td>Ambalaj<\/td>\n<td>d\u00fcz Po\u015fet<\/td>\n<td>\u0130\u015fleme T\u00fcr\u00fc<\/td>\n<td>Baharatl\u0131<\/td>\n<\/tr>\n<tr>\n<td>Sertifikasyon<\/td>\n<td>FDA, HACCP, ISO, QS<\/td>\n<td>\u0130\u00e7erik<\/td>\n<td>30%-100% Saf Domates Sal\u00e7as\u0131<\/td>\n<\/tr>\n<tr>\n<td>Tad<\/td>\n<td>Tatl\u0131 ve Ek\u015fi<\/td>\n<td>Marka Ad\u0131<\/td>\n<td>Tasar\u0131m yapabilir veya OEM yapabiliriz<\/td>\n<\/tr>\n<tr>\n<td>A\u011f\u0131rl\u0131k (L)<\/td>\n<td>50g-70g<\/td>\n<td>A\/B<\/td>\n<td>\u22652<\/td>\n<\/tr>\n<tr>\n<td>Renk<\/td>\n<td>Koyu k\u0131rm\u0131z\u0131 ve Parlak k\u0131rm\u0131z\u0131<\/td>\n<td>PH<\/td>\n<td>4.0-4.4<\/td>\n<\/tr>\n<tr>\n<td>Brix<\/td>\n<td>9-11%,18-20%,22-24%,26-28%,28-30%<\/td>\n<td>Raf \u00d6mr\u00fc<\/td>\n<td>2-3 y\u0131l<\/td>\n<\/tr>\n<tr>\n<td>HMC<\/td>\n<td>50%max<\/td>\n<td>Depolama Ko\u015fullar\u0131<\/td>\n<td>Kuru ve kapal\u0131 depo i\u00e7inde<\/td>\n<\/tr>\n<\/tbody>\n<\/table>\n<p>Her iki se\u00e7ene\u011fi de sa\u011fl\u0131yoruz <strong data-start=\"1785\" data-end=\"1838\">s\u0131cak k\u0131rma ve so\u011fuk k\u0131rma d\u00fcz po\u015fet domates sal\u00e7as\u0131<\/strong>, ithalat\u00e7\u0131lar\u0131n yerel mutfak tarzlar\u0131na uygun viskozite ve renk tercihleri yapmas\u0131na olanak tan\u0131r.<\/p>\n<h2 data-start=\"1942\" data-end=\"1987\"><strong data-start=\"1942\" data-end=\"1987\">\u00dcretim S\u00fcreci ve Kalite Kontrol\u00fc<\/strong><\/h2>\n<p data-start=\"1989\" data-end=\"2374\">\u00dcretim hatt\u0131m\u0131z, domates sal\u00e7as\u0131n\u0131n do\u011fal k\u0131rm\u0131z\u0131 rengini ve zengin dokusunu korumak i\u00e7in geli\u015fmi\u015f s\u0131cak k\u0131rma teknolojisi kullan\u0131r.<br data-start=\"2111\" data-end=\"2114\" \/>Her <strong data-start=\"2120\" data-end=\"2148\">d\u00fcz \u00e7anta domates sal\u00e7as\u0131<\/strong> 100% taze domateslerden \u00fcretilir, katk\u0131 maddesi veya koruyucu i\u00e7ermez.<br data-start=\"2222\" data-end=\"2225\" \/>Kat\u0131 ISO ve HACCP g\u0131da g\u00fcvenli\u011fi sistemlerine uyar\u0131z ve \u00fcr\u00fcnlerimiz tamamen <strong data-start=\"2304\" data-end=\"2323\">Helal sertifikal\u0131d\u0131r<\/strong>, k\u00fcresel ihracat standartlar\u0131na uyumu sa\u011flar.<\/p>\n<p data-start=\"2376\" data-end=\"2507\">Ham madde se\u00e7iminden aseptik dolum ve po\u015fet m\u00fch\u00fcrlemeye kadar her a\u015fama tutarl\u0131l\u0131k, safl\u0131k ve hijyen a\u00e7\u0131s\u0131ndan kontrol edilir.<\/p>\n<hr data-start=\"2509\" data-end=\"2512\" \/>\n<h2 data-start=\"2514\" data-end=\"2548\"><strong data-start=\"2514\" data-end=\"2548\">OEM ve \u00d6zel Etiket Hizmetleri<\/strong><\/h2>\n<p data-start=\"2550\" data-end=\"2783\">Deneyimli bir <strong data-start=\"2568\" data-end=\"2618\">\u00c7in'de d\u00fcz po\u015fet domates sal\u00e7as\u0131 \u00fcreticisi<\/strong>, Taichy Tomato ithalat\u00e7\u0131lar ve distrib\u00fct\u00f6rler i\u00e7in tam OEM ve \u00f6zel etiket hizmetleri sunar.<br data-start=\"2712\" data-end=\"2715\" \/>\u0130\u015fte sizin i\u00e7in \u00f6zelle\u015ftirebiliriz <strong data-start=\"2737\" data-end=\"2775\">d\u00fcz po\u015fet domates sal\u00e7as\u0131 OEM markan\u0131z<\/strong> ile:<\/p>\n<ul data-start=\"2784\" data-end=\"3038\">\n<li data-start=\"2784\" data-end=\"2839\">\n<p data-start=\"2786\" data-end=\"2839\">Kendi dilinizde \u00f6zel bask\u0131l\u0131 po\u015fetler ve kartonlar<\/p>\n<\/li>\n<li data-start=\"2840\" data-end=\"2892\">\n<p data-start=\"2842\" data-end=\"2892\">Piyasa \u00f6zel sanat ve promosyon etiketleme<\/p>\n<\/li>\n<li data-start=\"2893\" data-end=\"2958\">\n<p data-start=\"2895\" data-end=\"2958\">Afrika, Orta Do\u011fu veya Asya pazarlar\u0131 i\u00e7in marka ambalaj\u0131<\/p>\n<\/li>\n<li data-start=\"2959\" data-end=\"2998\">\n<p data-start=\"2961\" data-end=\"2998\">Ayarlanabilir Brix ve aroma profilleri<\/p>\n<\/li>\n<li data-start=\"2999\" data-end=\"3038\">\n<p data-start=\"3001\" data-end=\"3038\">Toplu veya perakende haz\u0131r karton se\u00e7enekleri<\/p>\n<\/li>\n<\/ul>\n<p data-start=\"3040\" data-end=\"3152\">\u00d6zel etiket hizmetimizle, markan\u0131z h\u0131zl\u0131ca piyasaya \u00e7\u0131kabilir <strong data-start=\"3107\" data-end=\"3151\">fabrika fiyat\u0131 ve ihracata haz\u0131r ambalajlama<\/strong>.<\/p>\n<hr data-start=\"3154\" data-end=\"3157\" \/>\n<h2 data-start=\"3159\" data-end=\"3197\"><strong data-start=\"3159\" data-end=\"3197\">Fabrika Fiyat\u0131 ve Toptan Tedarik<\/strong><\/h2>\n<p data-start=\"3199\" data-end=\"3610\">Sa\u011fl\u0131yoruz <strong data-start=\"3210\" data-end=\"3252\">d\u00fcz sachet domates sal\u00e7as\u0131 fabrika fiyat\u0131<\/strong> \u00c7in fabrikam\u0131zdan do\u011frudan.<br data-start=\"3283\" data-end=\"3286\" \/>Bir <strong data-start=\"3291\" data-end=\"3334\">\u00c7in domates sal\u00e7as\u0131 d\u00fcz sachet ihracat\u00e7\u0131s\u0131<\/strong>, rekabet\u00e7i maliyet ve tutarl\u0131 tedarik sa\u011fl\u0131yoruz toplu al\u0131c\u0131lar i\u00e7in.<br data-start=\"3401\" data-end=\"3404\" \/>Minimum sipari\u015f miktar\u0131 ba\u015flar from <strong data-start=\"3420\" data-end=\"3433\">1\u00d720\u2019 FCL<\/strong>, esnek sevkiyat kombinasyonlar\u0131yla 18g, 50g veya 70g sachetler.<br data-start=\"3499\" data-end=\"3502\" \/>Ayr\u0131ca sunuyoruz <strong data-start=\"3516\" data-end=\"3560\">d\u00fcz sachet domates sal\u00e7as\u0131 toptan fiyat\u0131<\/strong> da\u011f\u0131t\u0131c\u0131lar ve uzun vadeli m\u00fc\u015fteriler i\u00e7in indirimler.<\/p>\n<p data-start=\"3612\" data-end=\"3769\">T\u00fcm ambalaj malzemeleri, Afrika, Orta Do\u011fu ve di\u011fer b\u00f6lgelere ta\u015f\u0131mada maksimum \u00fcr\u00fcn stabilitesi i\u00e7in nem ge\u00e7irmez ve \u0131s\u0131 m\u00fch\u00fcrl\u00fcd\u00fcr.<\/p>\n<hr data-start=\"3771\" data-end=\"3774\" \/>\n<h2 data-start=\"3776\" data-end=\"3811\"><strong data-start=\"3776\" data-end=\"3811\">\u0130hracat Piyasalar\u0131 ve Uygulamalar<\/strong><\/h2>\n<p data-start=\"3813\" data-end=\"3870\">Bizim <strong data-start=\"3817\" data-end=\"3845\">d\u00fcz \u00e7anta domates sal\u00e7as\u0131<\/strong> geni\u015f \u00e7apta ihra\u00e7 edilmektedir:<\/p>\n<ul data-start=\"3871\" data-end=\"4162\">\n<li data-start=\"3871\" data-end=\"3939\">\n<p data-start=\"3873\" data-end=\"3939\"><strong data-start=\"3873\" data-end=\"3884\">Afrika:<\/strong> Nijerya, Gana, Kamerun, Fildi\u015fi Sahili, Uganda, Sudan<\/p>\n<\/li>\n<li data-start=\"3940\" data-end=\"3993\">\n<p data-start=\"3942\" data-end=\"3993\"><strong data-start=\"3942\" data-end=\"3958\">Orta Do\u011fu:<\/strong> Suudi Arabistan, Yemen, BAE, \u00dcrd\u00fcn<\/p>\n<\/li>\n<li data-start=\"3994\" data-end=\"4060\">\n<p data-start=\"3996\" data-end=\"4060\"><strong data-start=\"3996\" data-end=\"4015\">G\u00fcneydo\u011fu Asya:<\/strong> Filipinler, Endonezya, Malezya, Tayland<\/p>\n<\/li>\n<li data-start=\"4061\" data-end=\"4126\">\n<p data-start=\"4063\" data-end=\"4126\"><strong data-start=\"4063\" data-end=\"4089\">Rusya ve Orta Asya:<\/strong> \u00d6zbekistan, Kazakistan, K\u0131rg\u0131zistan<\/p>\n<\/li>\n<li data-start=\"4127\" data-end=\"4162\">\n<p data-start=\"4129\" data-end=\"4162\"><strong data-start=\"4129\" data-end=\"4141\">Amerika:<\/strong> T\u00fcrkiye, Panama, Haiti<\/p>\n<\/li>\n<\/ul>\n<p data-start=\"4164\" data-end=\"4282\">\u0130thalat\u00e7\u0131lar bu po\u015fetleri perakende market sat\u0131\u015flar\u0131, acil g\u0131da programlar\u0131, catering ve promosyon etkinlikleri i\u00e7in kullan\u0131r.<\/p>\n<hr data-start=\"4284\" data-end=\"4287\" \/>\n<h2 data-start=\"4289\" data-end=\"4340\"><strong data-start=\"4289\" data-end=\"4340\">D\u00fcz Po\u015fet Domates Sal\u00e7as\u0131 Se\u00e7menin Avantajlar\u0131<\/strong><\/h2>\n<ul data-start=\"4342\" data-end=\"4565\">\n<li data-start=\"4342\" data-end=\"4375\">\n<p data-start=\"4344\" data-end=\"4375\">Pratik tek kullan\u0131ml\u0131k porsiyon<\/p>\n<\/li>\n<li data-start=\"4376\" data-end=\"4415\">\n<p data-start=\"4378\" data-end=\"4415\">Hafif, alan tasarrufu sa\u011flayan ambalaj<\/p>\n<\/li>\n<li data-start=\"4416\" data-end=\"4464\">\n<p data-start=\"4418\" data-end=\"4464\">S\u0131cak iklimler ve perakende pazarlar\u0131 i\u00e7in uygundur<\/p>\n<\/li>\n<li data-start=\"4465\" data-end=\"4505\">\n<p data-start=\"4467\" data-end=\"4505\">Toplu da\u011f\u0131t\u0131m i\u00e7in maliyet avantajl\u0131<\/p>\n<\/li>\n<li data-start=\"4506\" data-end=\"4565\">\n<p data-start=\"4508\" data-end=\"4565\">H\u0131zl\u0131 t\u00fcketici d\u00f6n\u00fc\u015f\u00fcmleriyle y\u00fcksek sat\u0131\u015f hacmi potansiyeli<\/p>\n<\/li>\n<\/ul>\n<p data-start=\"4567\" data-end=\"4655\">Bu format, ithalat\u00e7\u0131lar\u0131n yeniden paketleme maliyetlerini azaltmas\u0131na ve lojistik verimlili\u011fini art\u0131rmas\u0131na yard\u0131mc\u0131 olur.<\/p>\n<hr data-start=\"4657\" data-end=\"4660\" \/>\n<h2 data-start=\"4662\" data-end=\"4690\"><strong data-start=\"4662\" data-end=\"4690\">Neden Taichy Domatesi Tercih Etmelisiniz<\/strong><\/h2>\n<ul data-start=\"4692\" data-end=\"4984\">\n<li data-start=\"4692\" data-end=\"4757\">\n<p data-start=\"4694\" data-end=\"4757\">Profesyonel <strong data-start=\"4707\" data-end=\"4755\">\u00c7in'den d\u00fcz po\u015fet domates sal\u00e7as\u0131 tedarik\u00e7isi<\/strong><\/p>\n<\/li>\n<li data-start=\"4758\" data-end=\"4812\">\n<p data-start=\"4760\" data-end=\"4812\">ISO, HACCP ve Helal \u00fcretim sistemleri sertifikal\u0131<\/p>\n<\/li>\n<li data-start=\"4813\" data-end=\"4847\">\n<p data-start=\"4815\" data-end=\"4847\">15+ y\u0131ll\u0131k ihracat deneyimi<\/p>\n<\/li>\n<li data-start=\"4848\" data-end=\"4885\">\n<p data-start=\"4850\" data-end=\"4885\">OEM ve \u00f6zel etiket esnekli\u011fi<\/p>\n<\/li>\n<li data-start=\"4886\" data-end=\"4934\">\n<p data-start=\"4888\" data-end=\"4934\">G\u00fcvenilir kalite kontrol ve istikrarl\u0131 teslimat<\/p>\n<\/li>\n<li data-start=\"4935\" data-end=\"4984\">\n<p data-start=\"4937\" data-end=\"4984\">Rekabet\u00e7i fiyatland\u0131rma ve \u00f6zel tasar\u0131m deste\u011fi<\/p>\n<\/li>\n<\/ul>\n<p data-start=\"4986\" data-end=\"5113\">Her m\u00fc\u015fteriye g\u00fcvenli, tutarl\u0131 ve y\u00fcksek kaliteli domates sal\u00e7as\u0131 sunmaya kararl\u0131y\u0131z; bu \u00fcr\u00fcnler piyasa gereksinimlerini kar\u015f\u0131lar.<\/p>\n<hr data-start=\"5115\" data-end=\"5118\" \/>\n<h2 data-start=\"5120\" data-end=\"5144\"><strong data-start=\"5120\" data-end=\"5144\">Asgari Sipari\u015f Miktar\u0131 ve \u0130hracat Ko\u015fullar\u0131<\/strong><\/h2>\n<p data-start=\"5146\" data-end=\"5444\">Bizim <strong data-start=\"5150\" data-end=\"5182\">d\u00fcz po\u015fet domates sal\u00e7as\u0131 MOQ<\/strong> is <strong data-start=\"5186\" data-end=\"5199\">1\u00d720\u2019 FCL<\/strong>, ve FOB, CFR ve CIF gibi \u00e7e\u015fitli teslim \u015fekillerini destekliyoruz.<br data-start=\"5261\" data-end=\"5264\" \/>Kargo maliyetinizi optimize etmek i\u00e7in bir konteynere kar\u0131\u015f\u0131k karton boyutlar\u0131 (\u00f6rne\u011fin, 50g + 70g) y\u00fckleyebiliriz.<br data-start=\"5361\" data-end=\"5364\" \/>Fabrika teslim s\u00fcresi, etiket ve tasar\u0131m onay\u0131ndan sonra genellikle 15-20 g\u00fcnd\u00fcr.<\/p>\n<hr data-start=\"5446\" data-end=\"5449\" \/>\n<h2 data-start=\"5451\" data-end=\"5476\"><strong data-start=\"5451\" data-end=\"5476\">\u0130leti\u015fim Taichy Domatesi<\/strong><\/h2>\n<p data-start=\"5478\" data-end=\"5801\">G\u00fcvenilir bir <strong data-start=\"5512\" data-end=\"5558\">\u00c7in'de d\u00fcz sachet domates sal\u00e7as\u0131 tedarik\u00e7isi<\/strong>, Taichy Domates ile ileti\u015fime ge\u00e7in <strong data-start=\"5585\" data-end=\"5610\"><a class=\"decorated-link cursor-pointer\" rel=\"noopener\" data-start=\"5587\" data-end=\"5608\">info@taichysupply.com<\/a><\/strong> Ayr\u0131nt\u0131l\u0131 teknik \u00f6zellikler, en g\u00fcncel fiyatland\u0131rma ve numune talepleri i\u00e7in.<br data-start=\"5683\" data-end=\"5686\" \/>Biz sizin g\u00fcvenilir orta\u011f\u0131n\u0131zd\u0131r <strong data-start=\"5706\" data-end=\"5743\">d\u00fcz sachet domates sal\u00e7as\u0131 ihracat\u00e7\u0131s\u0131<\/strong>, haz\u0131rd\u0131r k\u00fcresel pazarlarda markan\u0131z\u0131n geni\u015flemesine destek olmaya.<\/p>\n<hr data-start=\"5803\" data-end=\"5806\" \/>\n<p data-start=\"5808\" data-end=\"5849\"><strong data-start=\"5808\" data-end=\"5849\">Soru-Cevap \u2013 Domates Sal\u00e7as\u0131 D\u00fcz Po\u015fet Temini<\/strong><\/p>\n<p data-start=\"5851\" data-end=\"5995\"><strong data-start=\"5851\" data-end=\"5890\">Q1: Hangi Brix se\u00e7eneklerini sunuyorsunuz?<\/strong><br data-start=\"5890\" data-end=\"5893\" \/>A: Her ikisini de sa\u011fl\u0131yoruz <strong data-start=\"5912\" data-end=\"5922\">22\u201324%<\/strong> ve <strong data-start=\"5927\" data-end=\"5942\">28\u201330% Brix<\/strong> domates sal\u00e7as\u0131, farkl\u0131 piyasa taleplerine uygun.<\/p>\n<p data-start=\"5997\" data-end=\"6143\"><strong data-start=\"5997\" data-end=\"6046\">Q2: OEM veya \u00f6zel etiketli ambalaj alabilir miyim?<\/strong><br data-start=\"6046\" data-end=\"6049\" \/>Evet, tam donan\u0131m sa\u011fl\u0131yoruz <strong data-start=\"6077\" data-end=\"6115\">d\u00fcz po\u015fet domates sal\u00e7as\u0131 OEM markan\u0131z<\/strong> ve \u00f6zel etiket hizmetleri.<\/p>\n<p data-start=\"6145\" data-end=\"6297\"><strong data-start=\"6145\" data-end=\"6210\">Q3: Mini domates sal\u00e7as\u0131 d\u00fcz po\u015fetler (\u00f6rne\u011fin, 18g) tedarik ediyor musunuz?<\/strong><br data-start=\"6210\" data-end=\"6213\" \/>Evet, \u00f6zelle\u015ftirilmi\u015f tasar\u0131mla 18g, 50g, 56g ve 70g d\u00fcz sachet boyutlar\u0131nda \u00fcretim yap\u0131yoruz.<\/p>\n<p data-start=\"6299\" data-end=\"6441\"><strong data-start=\"6299\" data-end=\"6339\">Q4: Hangi sertifikalara sahipsiniz?<\/strong><br data-start=\"6339\" data-end=\"6342\" \/>A: Fabrikam\u0131z <strong data-start=\"6375\" data-end=\"6400\">ISO, HACCP ve Helal sertifikal\u0131d\u0131r<\/strong>, k\u00fcresel g\u0131da g\u00fcvenli\u011fi uyumlulu\u011funu sa\u011flar.<\/p>\n<p data-start=\"6443\" data-end=\"6572\"><strong data-start=\"6443\" data-end=\"6482\">Soru 5: Minimum sipari\u015f miktar\u0131n\u0131z ve teslim s\u00fcresi nedir?<\/strong><br data-start=\"6482\" data-end=\"6485\" \/>Cevap: Minimum sipari\u015f miktar\u0131 <strong data-start=\"6495\" data-end=\"6508\">1\u00d720\u2019 FCL<\/strong>, olup, teslim s\u00fcresi \u00f6zelle\u015ftirmeye ba\u011fl\u0131 olarak yakla\u015f\u0131k 15\u201320 g\u00fcnd\u00fcr.<\/p>\n<p data-start=\"6574\" data-end=\"6753\"><strong data-start=\"6574\" data-end=\"6623\">Soru 6: Toplu al\u0131m veya fabrika fiyatlar\u0131 sunuyor musunuz?<\/strong><br data-start=\"6623\" data-end=\"6626\" \/>Evet, tedarik ediyoruz <strong data-start=\"6644\" data-end=\"6688\">d\u00fcz sachet domates sal\u00e7as\u0131 toptan fiyat\u0131<\/strong> do\u011frudan fabrikam\u0131zdan ve distrib\u00fct\u00f6rlere uzun vadeli destek sa\u011fl\u0131yoruz.<\/p>","protected":false},"excerpt":{"rendered":"<p data-start=\"237\" data-end=\"660\">Taichy Domates \u00f6nde gelen <strong data-start=\"264\" data-end=\"329\">domates sal\u00e7as\u0131 d\u00fcz \u00e7anta \u00fcreticisi ve ihracat\u00e7\u0131s\u0131d\u0131r \u00c7in\u2019den<\/strong>, Afrika, G\u00fcneydo\u011fu Asya, Orta Do\u011fu, Rusya, Orta Asya ve T\u00fcrkiye\u2019ye y\u00fcksek kaliteli domates sal\u00e7as\u0131n\u0131 k\u00fc\u00e7\u00fck \u00e7anta ambalaj\u0131nda sunmaktad\u0131r.<br data-start=\"480\" data-end=\"483\" \/>Bizim <strong data-start=\"487\" data-end=\"515\">d\u00fcz \u00e7anta domates sal\u00e7as\u0131<\/strong> \u00fcr\u00fcnler kolay kullan\u0131m, pratik saklama ve uygun da\u011f\u0131t\u0131m i\u00e7in tasarlanm\u0131\u015ft\u0131r \u2014 s\u00fcpermarketler, toptanc\u0131lar ve g\u0131da ithalat\u00e7\u0131lar\u0131 i\u00e7in idealdir.<\/p>\n<p data-start=\"662\" data-end=\"844\">Biz uzman\u0131z <strong data-start=\"679\" data-end=\"719\">domates sal\u00e7as\u0131 d\u00fcz \u00e7anta 28\u201330% Brix<\/strong> ve <strong data-start=\"724\" data-end=\"771\">d\u00fcz \u00e7anta domates sal\u00e7as\u0131 22\u201324% konsantre<\/strong>, farkl\u0131 m\u00fc\u015fteri ihtiya\u00e7lar\u0131na g\u00f6re tat g\u00fcc\u00fc ve tutarl\u0131l\u0131k sa\u011flar.<\/p>","protected":false},"featured_media":3283,"template":"","meta":{"_acf_changed":false,"_seopress_robots_primary_cat":"none","_seopress_titles_title":"China Wholesale Flat Sachet Tomato Paste | Factory Direct","_seopress_titles_desc":"We provide wholesale high-quality flat sachet tomato paste directly from our factory in China. Wait for you inquiry .","_seopress_robots_index":"","site-sidebar-layout":"default","site-content-layout":"","ast-site-content-layout":"default","site-content-style":"default","site-sidebar-style":"default","ast-global-header-display":"","ast-banner-title-visibility":"","ast-main-header-display":"","ast-hfb-above-header-display":"","ast-hfb-below-header-display":"","ast-hfb-mobile-header-display":"","site-post-title":"","ast-breadcrumbs-content":"","ast-featured-img":"","footer-sml-layout":"","ast-disable-related-posts":"","theme-transparent-header-meta":"default","adv-header-id-meta":"","stick-header-meta":"","header-above-stick-meta":"","header-main-stick-meta":"","header-below-stick-meta":"","astra-migrate-meta-layouts":"set","ast-page-background-enabled":"default","ast-page-background-meta":{"desktop":{"background-color":"var(--ast-global-color-5)","background-image":"","background-repeat":"repeat","background-position":"center center","background-size":"auto","background-attachment":"scroll","background-type":"","background-media":"","overlay-type":"","overlay-color":"","overlay-opacity":"","overlay-gradient":""},"tablet":{"background-color":"","background-image":"","background-repeat":"repeat","background-position":"center center","background-size":"auto","background-attachment":"scroll","background-type":"","background-media":"","overlay-type":"","overlay-color":"","overlay-opacity":"","overlay-gradient":""},"mobile":{"background-color":"","background-image":"","background-repeat":"repeat","background-position":"center center","background-size":"auto","background-attachment":"scroll","background-type":"","background-media":"","overlay-type":"","overlay-color":"","overlay-opacity":"","overlay-gradient":""}},"ast-content-background-meta":{"desktop":{"background-color":"var(--ast-global-color-4)","background-image":"","background-repeat":"repeat","background-position":"center center","background-size":"auto","background-attachment":"scroll","background-type":"","background-media":"","overlay-type":"","overlay-color":"","overlay-opacity":"","overlay-gradient":""},"tablet":{"background-color":"var(--ast-global-color-4)","background-image":"","background-repeat":"repeat","background-position":"center center","background-size":"auto","background-attachment":"scroll","background-type":"","background-media":"","overlay-type":"","overlay-color":"","overlay-opacity":"","overlay-gradient":""},"mobile":{"background-color":"var(--ast-global-color-4)","background-image":"","background-repeat":"repeat","background-position":"center center","background-size":"auto","background-attachment":"scroll","background-type":"","background-media":"","overlay-type":"","overlay-color":"","overlay-opacity":"","overlay-gradient":""}}},"product_brand":[],"product_cat":[97],"product_tag":[158,212,44],"class_list":{"0":"post-1953","1":"product","2":"type-product","3":"status-publish","4":"has-post-thumbnail","6":"product_cat-tomato-paste-in-sachet","7":"product_tag-70g-sachet-tomato-paste","8":"product_tag-70g-tomato-paste-sauce","9":"product_tag-tomato-paste","10":"desktop-align-left","11":"tablet-align-left","12":"mobile-align-left","14":"first","15":"instock","16":"sale","17":"shipping-taxable","18":"purchasable","19":"product-type-simple"},"acf":[],"_links":{"self":[{"href":"https:\/\/taichytomato.com\/tr\/wp-json\/wp\/v2\/product\/1953","targetHints":{"allow":["GET"]}}],"collection":[{"href":"https:\/\/taichytomato.com\/tr\/wp-json\/wp\/v2\/product"}],"about":[{"href":"https:\/\/taichytomato.com\/tr\/wp-json\/wp\/v2\/types\/product"}],"version-history":[{"count":0,"href":"https:\/\/taichytomato.com\/tr\/wp-json\/wp\/v2\/product\/1953\/revisions"}],"wp:featuredmedia":[{"embeddable":true,"href":"https:\/\/taichytomato.com\/tr\/wp-json\/wp\/v2\/media\/3283"}],"wp:attachment":[{"href":"https:\/\/taichytomato.com\/tr\/wp-json\/wp\/v2\/media?parent=1953"}],"wp:term":[{"taxonomy":"product_brand","embeddable":true,"href":"https:\/\/taichytomato.com\/tr\/wp-json\/wp\/v2\/product_brand?post=1953"},{"taxonomy":"product_cat","embeddable":true,"href":"https:\/\/taichytomato.com\/tr\/wp-json\/wp\/v2\/product_cat?post=1953"},{"taxonomy":"product_tag","embeddable":true,"href":"https:\/\/taichytomato.com\/tr\/wp-json\/wp\/v2\/product_tag?post=1953"}],"curies":[{"name":"wp","href":"https:\/\/api.w.org\/{rel}","templated":true}]}}