{"id":1951,"date":"2025-07-15T22:33:15","date_gmt":"2025-07-16T06:33:15","guid":{"rendered":"https:\/\/taichytomato.com\/?post_type=product&#038;p=1951"},"modified":"2026-01-29T00:19:41","modified_gmt":"2026-01-29T08:19:41","slug":"standup-sachet-tomato-paste","status":"publish","type":"product","link":"https:\/\/taichytomato.com\/tr\/urun\/standup-sachet-tomato-paste\/","title":{"rendered":"Ayakta Durabilen \u00c7anta Domates Sal\u00e7as\u0131 \u2013 Toptan Ayakta Durabilen \u00c7anta Domates Sal\u00e7as\u0131 Tedarik\u00e7isi"},"content":{"rendered":"<h2 data-start=\"547\" data-end=\"981\"><strong data-start=\"547\" data-end=\"603\">Giri\u015f \u2014 Durum Po\u015fet Domates Sal\u00e7as\u0131 Genel Bak\u0131\u015f<\/strong><\/h2>\n<p data-start=\"547\" data-end=\"981\">The <strong data-start=\"610\" data-end=\"642\">durum po\u015fet domates sal\u00e7as\u0131<\/strong> konfor, tazelik ve maliyet etkinli\u011fi i\u00e7in tasarlanm\u0131\u015f yenilik\u00e7i bir ambalaj \u00e7\u00f6z\u00fcm\u00fcd\u00fcr. Bu <strong data-start=\"741\" data-end=\"766\">ayakta durabilen torba tasar\u0131m\u0131<\/strong> kolay depolama, sergileme ve porsiyon kontrol\u00fc sa\u011flar. Afrika, G\u00fcneydo\u011fu Asya, Orta Do\u011fu, Rusya, Orta Asya ve T\u00fcrkiye'de pop\u00fcler olan bu format, hane halklar\u0131, restoranlar ve toptan distrib\u00fct\u00f6rlere hitap etmektedir.<\/p>\n<p data-start=\"983\" data-end=\"1186\">Taichy Domates y\u00fcksek kaliteli <strong data-start=\"1019\" data-end=\"1052\">stand \u00e7anta sachet domates sal\u00e7as\u0131<\/strong> sunuyoruz <strong data-start=\"1058\" data-end=\"1092\">OEM ve \u00f6zel etiket hizmetleri<\/strong>, sa\u011flar, g\u00fcvenilir tedarik\u00e7iler ve <strong data-start=\"1160\" data-end=\"1183\">rekabet\u00e7i fiyatland\u0131rma arayan B2B al\u0131c\u0131lar ve ithalat\u00e7\u0131lar i\u00e7in idealdir.<\/strong>.<\/p>\n<hr data-start=\"1188\" data-end=\"1191\" \/>\n<h2 data-start=\"1193\" data-end=\"1434\"><strong data-start=\"1193\" data-end=\"1219\">\u00dcr\u00fcn \u00d6zellikleri<\/strong><\/h2>\n<p data-start=\"1193\" data-end=\"1434\"><br data-start=\"1219\" data-end=\"1222\" \/>Bizim <strong data-start=\"1226\" data-end=\"1258\">durum po\u015fet domates sal\u00e7as\u0131<\/strong> \u015fundan yap\u0131l\u0131r: <strong data-start=\"1272\" data-end=\"1295\">100% taze domateslerden<\/strong> ve uluslararas\u0131 pazarlarda tutarl\u0131 tat, do\u011fal renk ve g\u00fcvenlik sa\u011flamak i\u00e7in <strong data-start=\"1316\" data-end=\"1351\">ISO, HACCP ve Helal standartlar\u0131na uygun<\/strong> i\u015flenmi\u015ftir.<\/p>\n<div class=\"_tableContainer_1rjym_1\">\n<div class=\"group _tableWrapper_1rjym_13 flex w-fit flex-col-reverse\" tabindex=\"-1\">\n<table class=\"w-fit min-w-(--thread-content-width)\" data-start=\"1436\" data-end=\"1717\">\n<thead data-start=\"1436\" data-end=\"1458\">\n<tr data-start=\"1436\" data-end=\"1458\">\n<th data-start=\"1436\" data-end=\"1443\" data-col-size=\"sm\">\u00dcr\u00fcn<\/th>\n<th data-start=\"1443\" data-end=\"1458\" data-col-size=\"md\">A\u00e7\u0131klama<\/th>\n<\/tr>\n<\/thead>\n<tbody data-start=\"1481\" data-end=\"1717\">\n<tr data-start=\"1481\" data-end=\"1523\">\n<td data-start=\"1481\" data-end=\"1491\" data-col-size=\"sm\">\u00dcr\u00fcn<\/td>\n<td data-col-size=\"md\" data-start=\"1491\" data-end=\"1523\">Durum po\u015fet domates sal\u00e7as\u0131<\/td>\n<\/tr>\n<tr data-start=\"1524\" data-end=\"1541\">\n<td data-start=\"1524\" data-end=\"1531\" data-col-size=\"sm\">Brix<\/td>\n<td data-col-size=\"md\" data-start=\"1531\" data-end=\"1541\">22-24%, 24-26 %, 28\u201330%<\/td>\n<\/tr>\n<tr data-start=\"1542\" data-end=\"1600\">\n<td data-start=\"1542\" data-end=\"1554\" data-col-size=\"sm\">Ambalaj<\/td>\n<td data-col-size=\"md\" data-start=\"1554\" data-end=\"1600\">Ayakta durabilen po\u015fet (50g, 70g, 100g mevcut)<\/td>\n<\/tr>\n<tr data-start=\"1601\" data-end=\"1638\">\n<td data-start=\"1601\" data-end=\"1617\" data-col-size=\"sm\">Sertifikasyon<\/td>\n<td data-col-size=\"md\" data-start=\"1617\" data-end=\"1638\">ISO, HACCP, Helal<\/td>\n<\/tr>\n<tr data-start=\"1639\" data-end=\"1670\">\n<td data-start=\"1639\" data-end=\"1647\" data-col-size=\"sm\">Marka<\/td>\n<td data-start=\"1647\" data-end=\"1670\" data-col-size=\"md\">OEM \/ \u00d6zel Etiket<\/td>\n<\/tr>\n<tr data-start=\"1671\" data-end=\"1690\">\n<td data-start=\"1671\" data-end=\"1677\" data-col-size=\"sm\">Minimum Sipari\u015f Miktar\u0131<\/td>\n<td data-col-size=\"md\" data-start=\"1677\" data-end=\"1690\">1\u00d720\u2019 FCL<\/td>\n<\/tr>\n<tr data-start=\"1691\" data-end=\"1717\">\n<td data-start=\"1691\" data-end=\"1704\" data-col-size=\"sm\">Raf \u00d6mr\u00fc<\/td>\n<td data-col-size=\"md\" data-start=\"1704\" data-end=\"1717\">24 ay<\/td>\n<\/tr>\n<\/tbody>\n<\/table>\n<\/div>\n<\/div>\n<p data-start=\"1719\" data-end=\"1838\">Farkl\u0131 m\u00fc\u015fteri tercihlerine uygun esnek <strong data-start=\"1737\" data-end=\"1770\">stand \u00e7anta sachet domates sal\u00e7as\u0131<\/strong> perakende, toptan veya promosyon gereksinimlerini kar\u015f\u0131lamak \u00fczere ambalaj.<\/p>\n<hr data-start=\"1840\" data-end=\"1843\" \/>\n<h2 data-start=\"1845\" data-end=\"1890\"><strong data-start=\"1845\" data-end=\"1888\">Ayakta Po\u015fet Ambalaj\u0131n Avantajlar\u0131<\/strong><\/h2>\n<ol data-start=\"1891\" data-end=\"2357\">\n<li data-start=\"1891\" data-end=\"1973\">\n<p data-start=\"1894\" data-end=\"1973\"><strong data-start=\"1894\" data-end=\"1937\">Perakende ve G\u0131da Hizmeti \u0130\u00e7in Uygun:<\/strong> Kolay saklama, sergileme ve d\u00f6kme.<\/p>\n<\/li>\n<li data-start=\"1974\" data-end=\"2057\">\n<p data-start=\"1977\" data-end=\"2057\"><strong data-start=\"1977\" data-end=\"1996\">Maliyet Etkin:<\/strong> G\u00f6nderim ve depolama i\u00e7in hafif ve alan tasarruflu.<\/p>\n<\/li>\n<li data-start=\"2058\" data-end=\"2161\">\n<p data-start=\"2061\" data-end=\"2161\"><strong data-start=\"2061\" data-end=\"2093\">OEM ve \u00d6zel Etiket Deste\u011fi:<\/strong> Logonuz ve tasar\u0131m\u0131n\u0131zla tamamen \u00f6zelle\u015ftirilebilir po\u015fetler ve kartonlar.<\/p>\n<\/li>\n<li data-start=\"2162\" data-end=\"2252\">\n<p data-start=\"2165\" data-end=\"2252\"><strong data-start=\"2165\" data-end=\"2185\">Piyasa Dostu:<\/strong> Afrika, Orta Do\u011fu ve G\u00fcneydo\u011fu Asya pazarlar\u0131nda pop\u00fcler.<\/p>\n<\/li>\n<li data-start=\"2253\" data-end=\"2357\">\n<p data-start=\"2256\" data-end=\"2357\"><strong data-start=\"2256\" data-end=\"2275\">G\u00fcvenli ve Do\u011fal:<\/strong> <strong data-start=\"2276\" data-end=\"2302\">100% saf domates sal\u00e7as\u0131<\/strong> katk\u0131 maddesi olmadan, d\u00fc\u015f\u00fck asitli ve tutarl\u0131 kalite ile.<\/p>\n<\/li>\n<\/ol>\n<hr data-start=\"2359\" data-end=\"2362\" \/>\n<h2 data-start=\"2364\" data-end=\"2462\"><strong data-start=\"2364\" data-end=\"2394\">Toptan ve \u0130hracat Hizmeti<\/strong><\/h2>\n<p data-start=\"2364\" data-end=\"2462\">Tedarik ediyoruz <strong data-start=\"2407\" data-end=\"2439\">durum po\u015fet domates sal\u00e7as\u0131<\/strong> k\u00fcresel olarak, sa\u011fl\u0131yor:<\/p>\n<ul data-start=\"2463\" data-end=\"2717\">\n<li data-start=\"2463\" data-end=\"2535\">\n<p data-start=\"2465\" data-end=\"2535\"><strong data-start=\"2465\" data-end=\"2504\">Stand torba po\u015fet domates sal\u00e7as\u0131 fiyat\u0131<\/strong> rekabet\u00e7i fabrika fiyatlar\u0131nda<\/p>\n<\/li>\n<li data-start=\"2536\" data-end=\"2600\">\n<p data-start=\"2538\" data-end=\"2600\"><strong data-start=\"2538\" data-end=\"2589\">Toptan stand-up po\u015fet domates sal\u00e7as\u0131 tedarik\u00e7ileri<\/strong> hizmetler<\/p>\n<\/li>\n<li data-start=\"2601\" data-end=\"2654\">\n<p data-start=\"2603\" data-end=\"2654\">FOB, CFR, CIF dahil olmak \u00fczere esnek nakliye se\u00e7enekleri<\/p>\n<\/li>\n<li data-start=\"2655\" data-end=\"2717\">\n<p data-start=\"2657\" data-end=\"2717\">Asgari Sipari\u015f Miktar\u0131: toplu sipari\u015fler i\u00e7in 1\u00d720\u2019 FCL, kar\u0131\u015f\u0131k boyutlar mevcuttur<\/p>\n<\/li>\n<\/ul>\n<p data-start=\"2719\" data-end=\"2837\">\u00dcr\u00fcnlerimiz, ithalat\u00e7\u0131lar\u0131n gereksinimlerini kar\u015f\u0131lamak \u00fczere tasarlanm\u0131\u015ft\u0131r <strong data-start=\"2786\" data-end=\"2803\">toplu al\u0131m<\/strong> ve <strong data-start=\"2808\" data-end=\"2834\">perakende haz\u0131r ambalajlama<\/strong>.<\/p>\n<hr data-start=\"2839\" data-end=\"2842\" \/>\n<h2 data-start=\"2844\" data-end=\"2937\"><strong data-start=\"2844\" data-end=\"2876\">OEM ve \u00d6zel Marka Hizmetleri<\/strong><\/h2>\n<p data-start=\"2844\" data-end=\"2937\">Tam destek sa\u011fl\u0131yoruz <strong data-start=\"2895\" data-end=\"2934\">OEM ve \u00f6zel etiket \u00f6zelle\u015ftirmesi<\/strong>:<\/p>\n<ul data-start=\"2938\" data-end=\"3149\">\n<li data-start=\"2938\" data-end=\"2985\">\n<p data-start=\"2940\" data-end=\"2985\">\u00d6zel bask\u0131l\u0131 ayakta durabilen po\u015fetler ve kartonlar<\/p>\n<\/li>\n<li data-start=\"2986\" data-end=\"3037\">\n<p data-start=\"2988\" data-end=\"3037\">Pazar ba\u015f\u0131na ayarlanabilir Brix ve viskozite seviyeleri<\/p>\n<\/li>\n<li data-start=\"3038\" data-end=\"3087\">\n<p data-start=\"3040\" data-end=\"3087\">Hedef b\u00f6lgeler i\u00e7in dil \u00f6zel etiketleme<\/p>\n<\/li>\n<li data-start=\"3088\" data-end=\"3149\">\n<p data-start=\"3090\" data-end=\"3149\">S\u00fcpermarketler ve perakende i\u00e7in promosyon ambalaj se\u00e7enekleri<\/p>\n<\/li>\n<\/ul>\n<p data-start=\"3151\" data-end=\"3285\">Bizim <strong data-start=\"3155\" data-end=\"3187\">durum po\u015fet domates sal\u00e7as\u0131<\/strong> OEM \u00e7\u00f6z\u00fcmleri, markalar\u0131n y\u00fcksek kaliteli, fabrika do\u011frudan \u00fcr\u00fcnlerle yeni pazarlara h\u0131zl\u0131 giri\u015f yapmas\u0131na yard\u0131mc\u0131 olur.<\/p>\n<hr data-start=\"3287\" data-end=\"3290\" \/>\n<h2 data-start=\"3292\" data-end=\"3331\"><strong data-start=\"3292\" data-end=\"3329\">Kalite G\u00fcvencesi ve Sertifikasyon<\/strong><\/h2>\n<ul data-start=\"3332\" data-end=\"3556\">\n<li data-start=\"3332\" data-end=\"3378\">\n<p data-start=\"3334\" data-end=\"3378\"><strong data-start=\"3334\" data-end=\"3376\">ISO ve HACCP sertifikal\u0131 \u00fcretim hatlar\u0131<\/strong><\/p>\n<\/li>\n<li data-start=\"3379\" data-end=\"3437\">\n<p data-start=\"3381\" data-end=\"3437\"><strong data-start=\"3381\" data-end=\"3400\">Helal sertifikal\u0131d\u0131r<\/strong> Orta Do\u011fu ve G\u00fcneydo\u011fu Asya i\u00e7in<\/p>\n<\/li>\n<li data-start=\"3438\" data-end=\"3495\">\n<p data-start=\"3440\" data-end=\"3495\">100% saf domates sal\u00e7as\u0131, koruyucu veya katk\u0131 maddesi i\u00e7ermez<\/p>\n<\/li>\n<li data-start=\"3496\" data-end=\"3556\">\n<p data-start=\"3498\" data-end=\"3556\">Parti testi, tutarl\u0131 Brix, renk ve tat sa\u011flar<\/p>\n<\/li>\n<\/ul>\n<p data-start=\"3558\" data-end=\"3652\">Bu, g\u00f6nderilen her po\u015fetin uluslararas\u0131 standartlara ve ithalat d\u00fczenlemelerine uygun olmas\u0131n\u0131 sa\u011flar.<\/p>\n<hr data-start=\"3654\" data-end=\"3657\" \/>\n<h2 data-start=\"3659\" data-end=\"3739\"><strong data-start=\"3659\" data-end=\"3682\">K\u00fcresel Pazar Eri\u015fimi<\/strong><\/h2>\n<p data-start=\"3659\" data-end=\"3739\">Bizim <strong data-start=\"3689\" data-end=\"3721\">durum po\u015fet domates sal\u00e7as\u0131<\/strong> \u015funlara ihra\u00e7 edilir:<\/p>\n<ul data-start=\"3740\" data-end=\"3979\">\n<li data-start=\"3740\" data-end=\"3793\">\n<p data-start=\"3742\" data-end=\"3793\"><strong data-start=\"3742\" data-end=\"3753\">Afrika:<\/strong> T\u00fcrkiye, Gana, Kamerun, Fildi\u015fi Sahili<\/p>\n<\/li>\n<li data-start=\"3794\" data-end=\"3839\">\n<p data-start=\"3796\" data-end=\"3839\"><strong data-start=\"3796\" data-end=\"3812\">Orta Do\u011fu:<\/strong> Suudi Arabistan, Birle\u015fik Arap Emirlikleri, Yemen<\/p>\n<\/li>\n<li data-start=\"3840\" data-end=\"3896\">\n<p data-start=\"3842\" data-end=\"3896\"><strong data-start=\"3842\" data-end=\"3861\">G\u00fcneydo\u011fu Asya:<\/strong> Filipinler, Endonezya, Malezya<\/p>\n<\/li>\n<li data-start=\"3897\" data-end=\"3950\">\n<p data-start=\"3899\" data-end=\"3950\"><strong data-start=\"3899\" data-end=\"3925\">Rusya ve Orta Asya:<\/strong> \u00d6zbekistan, Kazakistan<\/p>\n<\/li>\n<li data-start=\"3951\" data-end=\"3979\">\n<p data-start=\"3953\" data-end=\"3979\"><strong data-start=\"3953\" data-end=\"3965\">Amerika:<\/strong> T\u00fcrkiye, Panama<\/p>\n<\/li>\n<\/ul>\n<p data-start=\"3981\" data-end=\"4097\">\u00dcr\u00fcn\u00fcn uygun boyutu ve dayan\u0131kl\u0131 ambalaj\u0131, \u00e7e\u015fitli iklimler ve perakende ortamlar\u0131 i\u00e7in uygundur.<\/p>\n<hr data-start=\"4099\" data-end=\"4102\" \/>\n<h2 data-start=\"4104\" data-end=\"4134\"><strong data-start=\"4104\" data-end=\"4132\">Neden Taichy Domatesi Tercih Etmelisiniz<\/strong><\/h2>\n<ul data-start=\"4135\" data-end=\"4389\">\n<li data-start=\"4135\" data-end=\"4201\">\n<p data-start=\"4137\" data-end=\"4201\">Deneyimli <strong data-start=\"4149\" data-end=\"4199\">\u00c7in'de ayakta paket domates sal\u00e7as\u0131 tedarik\u00e7isi<\/strong><\/p>\n<\/li>\n<li data-start=\"4202\" data-end=\"4257\">\n<p data-start=\"4204\" data-end=\"4257\">Rekabet\u00e7i <strong data-start=\"4216\" data-end=\"4255\">stand bag sachet domates sal\u00e7as\u0131 fiyat\u0131: US$13.00-17.00.<\/strong><\/p>\n<\/li>\n<li data-start=\"4258\" data-end=\"4293\">\n<p data-start=\"4260\" data-end=\"4293\">OEM ve \u00f6zel etiket esnekli\u011fi<\/p>\n<\/li>\n<li data-start=\"4294\" data-end=\"4342\">\n<p data-start=\"4296\" data-end=\"4342\">D\u00fcnya genelinde h\u0131zl\u0131 ve g\u00fcvenilir teslimat<\/p>\n<\/li>\n<li data-start=\"4343\" data-end=\"4389\">\n<p data-start=\"4345\" data-end=\"4389\">ISO, HACCP ve Helal sertifikal\u0131 tesisler<\/p>\n<\/li>\n<\/ul>\n<p data-start=\"4391\" data-end=\"4492\">B2B m\u00fc\u015fterileri ve ithalat\u00e7\u0131lar i\u00e7in istikrarl\u0131 kalite, g\u00fcvenilir lojistik ve pazarlama deste\u011fi sa\u011fl\u0131yoruz.<\/p>\n<hr data-start=\"4494\" data-end=\"4497\" \/>\n<p data-start=\"4499\" data-end=\"4539\"><strong data-start=\"4499\" data-end=\"4537\">S\u0131k\u00e7a Sorulan Sorular \u2013 Ayakta Paket Domates Sal\u00e7as\u0131<\/strong><\/p>\n<p data-start=\"4541\" data-end=\"4704\"><strong data-start=\"4541\" data-end=\"4580\">S1: Hangi Brix seviyeleri mevcut?<\/strong><br data-start=\"4580\" data-end=\"4583\" \/>C1: Genellikle \u00fcretim yap\u0131yoruz <strong data-start=\"4605\" data-end=\"4620\">28\u201330% Brix<\/strong>, uluslararas\u0131 t\u00fcketici damak zevkine uygun, ancak \u00f6zel Brix seviyeleri de mevcuttur.<\/p>\n<p data-start=\"4706\" data-end=\"4838\"><strong data-start=\"4706\" data-end=\"4745\">S2: Marka etiketimi \u00f6zelle\u015ftirebilir miyim?<\/strong><br data-start=\"4745\" data-end=\"4748\" \/>C2: Evet, sachet ve karton bask\u0131 dahil olmak \u00fczere tam OEM\/\u00f6zel etiket hizmeti sunuyoruz.<\/p>\n<p data-start=\"4840\" data-end=\"4970\"><strong data-start=\"4840\" data-end=\"4889\">S3: Minimum sipari\u015f miktar\u0131 (MOQ) nedir?<\/strong><br data-start=\"4889\" data-end=\"4892\" \/>C3: MOQ <strong data-start=\"4903\" data-end=\"4916\">1\u00d720\u2019 FCL<\/strong>, kar\u0131\u015f\u0131k boyutlar ve ambalaj t\u00fcrleri i\u00e7erebilir. 70*50 ayakta Sachet i\u00e7in 20ft FCL\u2019de 4300 kutu. .<\/p>\n<p data-start=\"4972\" data-end=\"5112\"><strong data-start=\"4972\" data-end=\"5012\">S4: Bu \u00fcr\u00fcn Helal sertifikal\u0131 m\u0131?<\/strong><br data-start=\"5012\" data-end=\"5015\" \/>C4: Evet, ayakta paket domates sal\u00e7am\u0131z <strong data-start=\"5060\" data-end=\"5079\">Helal sertifikal\u0131d\u0131r<\/strong> ve ISO\/HACCP standartlar\u0131na uygun.<\/p>\n<p data-start=\"5114\" data-end=\"5280\"><strong data-start=\"5114\" data-end=\"5153\">Soru 5: Toplu al\u0131m fiyatlar\u0131 sunuyor musunuz?<\/strong><br data-start=\"5153\" data-end=\"5156\" \/>Cevap 5: Evet, sunuyoruz <strong data-start=\"5174\" data-end=\"5213\">stand paket domates sal\u00e7as\u0131 fiyat\u0131<\/strong> toplu al\u0131c\u0131lar i\u00e7in fabrika do\u011frudan fiyatland\u0131rma ve g\u00fcvenilir tedarik ile.<\/p>\n<hr data-start=\"5282\" data-end=\"5285\" \/>\n<h2 data-start=\"5287\" data-end=\"5583\"><strong data-start=\"5287\" data-end=\"5301\">Sonu\u00e7<\/strong><\/h2>\n<p data-start=\"5287\" data-end=\"5583\">\u0130thalat\u00e7\u0131lar ve distrib\u00fct\u00f6rler y\u00fcksek kaliteli aray\u0131\u015f\u0131nda olanlar i\u00e7in <strong data-start=\"5356\" data-end=\"5388\">durum po\u015fet domates sal\u00e7as\u0131<\/strong>, Taichy Domates sunar <strong data-start=\"5411\" data-end=\"5488\">rekabet\u00e7i fiyatland\u0131rma, OEM\/\u00f6zel etiket hizmetleri ve h\u0131zl\u0131 k\u00fcresel teslimat<\/strong>. Hedef pazar\u0131n\u0131z i\u00e7in numune, fiyatland\u0131rma ve ambalaj se\u00e7enekleri talep etmek i\u00e7in bug\u00fcn bizimle ileti\u015fime ge\u00e7in.<\/p>","protected":false},"excerpt":{"rendered":"<p>Ayakta Sachet Domates Sal\u00e7as\u0131 25g\u2013210\u202fg paketlerde gelir (US$10.00-17.00), 100% taze domateslerden yap\u0131lm\u0131\u015f ve 18\u201330% Brix i\u00e7erir. Ayakta durabilen po\u015fet, renk ve aromay\u0131 2\u20133\u202fy\u0131l korur, \u00e7ok dilli OEM etiketleri destekler ve perakende, catering veya ihracat pazarlar\u0131 i\u00e7in haz\u0131rd\u0131r, MOQ 1 Konteyner ve h\u0131zl\u0131 teslimat ile.<\/p>","protected":false},"featured_media":3284,"template":"","meta":{"_acf_changed":false,"_seopress_robots_primary_cat":"none","_seopress_titles_title":"Standing Sachet Tomato Paste \u2013 Wholesale Tomato Paste","_seopress_titles_desc":"Buy high-quality standing sachet tomato paste from China. We offer stand bag sachet tomato paste with competitive pricing, OEM\/private label service .","_seopress_robots_index":"","site-sidebar-layout":"default","site-content-layout":"","ast-site-content-layout":"default","site-content-style":"default","site-sidebar-style":"default","ast-global-header-display":"","ast-banner-title-visibility":"","ast-main-header-display":"","ast-hfb-above-header-display":"","ast-hfb-below-header-display":"","ast-hfb-mobile-header-display":"","site-post-title":"","ast-breadcrumbs-content":"","ast-featured-img":"","footer-sml-layout":"","ast-disable-related-posts":"","theme-transparent-header-meta":"default","adv-header-id-meta":"","stick-header-meta":"","header-above-stick-meta":"","header-main-stick-meta":"","header-below-stick-meta":"","astra-migrate-meta-layouts":"set","ast-page-background-enabled":"default","ast-page-background-meta":{"desktop":{"background-color":"var(--ast-global-color-5)","background-image":"","background-repeat":"repeat","background-position":"center center","background-size":"auto","background-attachment":"scroll","background-type":"","background-media":"","overlay-type":"","overlay-color":"","overlay-opacity":"","overlay-gradient":""},"tablet":{"background-color":"","background-image":"","background-repeat":"repeat","background-position":"center center","background-size":"auto","background-attachment":"scroll","background-type":"","background-media":"","overlay-type":"","overlay-color":"","overlay-opacity":"","overlay-gradient":""},"mobile":{"background-color":"","background-image":"","background-repeat":"repeat","background-position":"center center","background-size":"auto","background-attachment":"scroll","background-type":"","background-media":"","overlay-type":"","overlay-color":"","overlay-opacity":"","overlay-gradient":""}},"ast-content-background-meta":{"desktop":{"background-color":"var(--ast-global-color-4)","background-image":"","background-repeat":"repeat","background-position":"center center","background-size":"auto","background-attachment":"scroll","background-type":"","background-media":"","overlay-type":"","overlay-color":"","overlay-opacity":"","overlay-gradient":""},"tablet":{"background-color":"var(--ast-global-color-4)","background-image":"","background-repeat":"repeat","background-position":"center center","background-size":"auto","background-attachment":"scroll","background-type":"","background-media":"","overlay-type":"","overlay-color":"","overlay-opacity":"","overlay-gradient":""},"mobile":{"background-color":"var(--ast-global-color-4)","background-image":"","background-repeat":"repeat","background-position":"center center","background-size":"auto","background-attachment":"scroll","background-type":"","background-media":"","overlay-type":"","overlay-color":"","overlay-opacity":"","overlay-gradient":""}}},"product_brand":[],"product_cat":[97],"product_tag":[158,212,44],"class_list":{"0":"post-1951","1":"product","2":"type-product","3":"status-publish","4":"has-post-thumbnail","6":"product_cat-tomato-paste-in-sachet","7":"product_tag-70g-sachet-tomato-paste","8":"product_tag-70g-tomato-paste-sauce","9":"product_tag-tomato-paste","10":"desktop-align-left","11":"tablet-align-left","12":"mobile-align-left","14":"first","15":"instock","16":"sale","17":"shipping-taxable","18":"purchasable","19":"product-type-simple"},"acf":[],"_links":{"self":[{"href":"https:\/\/taichytomato.com\/tr\/wp-json\/wp\/v2\/product\/1951","targetHints":{"allow":["GET"]}}],"collection":[{"href":"https:\/\/taichytomato.com\/tr\/wp-json\/wp\/v2\/product"}],"about":[{"href":"https:\/\/taichytomato.com\/tr\/wp-json\/wp\/v2\/types\/product"}],"version-history":[{"count":0,"href":"https:\/\/taichytomato.com\/tr\/wp-json\/wp\/v2\/product\/1951\/revisions"}],"wp:featuredmedia":[{"embeddable":true,"href":"https:\/\/taichytomato.com\/tr\/wp-json\/wp\/v2\/media\/3284"}],"wp:attachment":[{"href":"https:\/\/taichytomato.com\/tr\/wp-json\/wp\/v2\/media?parent=1951"}],"wp:term":[{"taxonomy":"product_brand","embeddable":true,"href":"https:\/\/taichytomato.com\/tr\/wp-json\/wp\/v2\/product_brand?post=1951"},{"taxonomy":"product_cat","embeddable":true,"href":"https:\/\/taichytomato.com\/tr\/wp-json\/wp\/v2\/product_cat?post=1951"},{"taxonomy":"product_tag","embeddable":true,"href":"https:\/\/taichytomato.com\/tr\/wp-json\/wp\/v2\/product_tag?post=1951"}],"curies":[{"name":"wp","href":"https:\/\/api.w.org\/{rel}","templated":true}]}}