{"id":1949,"date":"2025-07-15T22:19:19","date_gmt":"2025-07-16T06:19:19","guid":{"rendered":"https:\/\/taichytomato.com\/?post_type=product&#038;p=1949"},"modified":"2026-01-12T22:01:05","modified_gmt":"2026-01-13T06:01:05","slug":"china-56g-sachet-tomato-paste","status":"publish","type":"product","link":"https:\/\/taichytomato.com\/tr\/urun\/china-56g-sachet-tomato-paste\/","title":{"rendered":"\u00c7in 56g Torba Domates Sal\u00e7as\u0131 \u2013 Kaliteli Domates Sal\u00e7as\u0131 \u00dcreticisi ve \u0130hracat\u00e7\u0131s\u0131"},"content":{"rendered":"<h2 data-start=\"320\" data-end=\"400\">\u00c7in'de 56g Paket Domates Sal\u00e7as\u0131 \u00dcreticisi | Fabrika OEM ve Toptan Tedarik<\/h2>\n<p data-start=\"402\" data-end=\"788\">The <strong data-start=\"406\" data-end=\"433\">56g po\u015fet domates sal\u00e7as\u0131<\/strong> Afrika, Orta Do\u011fu ve Asya perakende pazarlar\u0131nda en \u00e7ok t\u00fcketilen k\u00fc\u00e7\u00fck porsiyon domates sal\u00e7as\u0131 formatlar\u0131ndan biridir. Profesyonel olarak <strong data-start=\"576\" data-end=\"622\">\u00c7in 56g paket domates sal\u00e7as\u0131 \u00fcreticisi<\/strong>, Taichy Domates, k\u00fcresel ithalat\u00e7\u0131lar ve distrib\u00fct\u00f6rler i\u00e7in stabil kalite, esnek Brix se\u00e7enekleri ve tam OEM\/\u00f6zel etiket deste\u011fi ile fabrika do\u011frudan \u00fcr\u00fcnler sa\u011flar.<\/p>\n<p data-start=\"790\" data-end=\"1005\">Kuzey \u00c7in'de yeti\u015ftirilen taze domateslerden \u00fcretilen <strong data-start=\"848\" data-end=\"876\">56g domates sal\u00e7as\u0131 paketleri<\/strong> yo\u011fun lezzet, uzun raf \u00f6mr\u00fc ve kitle pazar\u0131 perakende ve g\u0131da hizmeti da\u011f\u0131t\u0131m\u0131 i\u00e7in m\u00fckemmel maliyet verimlili\u011fi sunar.<\/p>\n<hr data-start=\"1007\" data-end=\"1010\" \/>\n<h2 data-start=\"1012\" data-end=\"1047\">56g Paket Domates Sal\u00e7as\u0131 Nedir?<\/h2>\n<p data-start=\"1049\" data-end=\"1300\">A <strong data-start=\"1051\" data-end=\"1078\">56g po\u015fet domates sal\u00e7as\u0131<\/strong> kullan-at veya k\u00fc\u00e7\u00fck aile kullan\u0131m\u0131 i\u00e7in tasarlanm\u0131\u015f, pratiklik, uygun fiyat ve y\u00fcksek devir h\u0131z\u0131 sa\u011flayan domates sal\u00e7as\u0131 paketidir. Her paket y\u00fcksek yo\u011funluklu domates sal\u00e7as\u0131 i\u00e7erir\u2014\u00e7o\u011funlukla <strong data-start=\"1264\" data-end=\"1279\">28\u201330% Brix<\/strong>\u2014bu da onu:<\/p>\n<ul data-start=\"1302\" data-end=\"1427\">\n<li data-start=\"1302\" data-end=\"1321\">\n<p data-start=\"1304\" data-end=\"1321\">\u00c7orba ve g\u00fcve\u00e7ler<\/p>\n<\/li>\n<li data-start=\"1322\" data-end=\"1350\">\n<p data-start=\"1324\" data-end=\"1350\">Geleneksel ev yemekleri<\/p>\n<\/li>\n<li data-start=\"1351\" data-end=\"1387\">\n<p data-start=\"1353\" data-end=\"1387\">Restoran ve catering mutfaklar\u0131<\/p>\n<\/li>\n<li data-start=\"1388\" data-end=\"1427\">\n<p data-start=\"1390\" data-end=\"1427\">Sokak yemekleri ve paket servis i\u015fletmeleri<\/p>\n<\/li>\n<\/ul>\n<p data-start=\"1429\" data-end=\"1591\">Kompakt boyutu sayesinde, <strong data-start=\"1458\" data-end=\"1491\">\u00c7in 56g paket domates sal\u00e7as\u0131<\/strong> depolama, ta\u015f\u0131ma ve da\u011f\u0131t\u0131m kolayl\u0131\u011f\u0131 sa\u011flar, \u00f6zellikle fiyat duyarl\u0131 ve y\u00fcksek hacimli pazarlarda.<\/p>\n<p data-start=\"1429\" data-end=\"1591\"><img fetchpriority=\"high\" decoding=\"async\" class=\"wp-image-3300 aligncenter\" src=\"https:\/\/taichytomato.com\/wp-content\/uploads\/2025\/05\/gemini_generated_image_kd3x6pkd3x6pkd3x-300x233.png\" alt=\"56g domates sal\u00e7as\u0131 po\u015feti\" width=\"361\" height=\"280\" srcset=\"https:\/\/taichytomato.com\/wp-content\/uploads\/2025\/05\/gemini_generated_image_kd3x6pkd3x6pkd3x-300x233.png 300w, https:\/\/taichytomato.com\/wp-content\/uploads\/2025\/05\/gemini_generated_image_kd3x6pkd3x6pkd3x-1024x796.png 1024w, https:\/\/taichytomato.com\/wp-content\/uploads\/2025\/05\/gemini_generated_image_kd3x6pkd3x6pkd3x-768x597.png 768w, https:\/\/taichytomato.com\/wp-content\/uploads\/2025\/05\/gemini_generated_image_kd3x6pkd3x6pkd3x-15x12.png 15w, https:\/\/taichytomato.com\/wp-content\/uploads\/2025\/05\/gemini_generated_image_kd3x6pkd3x6pkd3x-600x467.png 600w, https:\/\/taichytomato.com\/wp-content\/uploads\/2025\/05\/gemini_generated_image_kd3x6pkd3x6pkd3x.png 1152w\" sizes=\"(max-width: 361px) 100vw, 361px\" \/><\/p>\n<hr data-start=\"1593\" data-end=\"1596\" \/>\n<h2 data-start=\"1598\" data-end=\"1639\">56g Paket Domates Sal\u00e7as\u0131 \u00d6zellikleri<\/h2>\n<p data-start=\"1641\" data-end=\"1661\"><strong data-start=\"1641\" data-end=\"1661\">\u00dcr\u00fcn Genel Bak\u0131\u015f<\/strong><\/p>\n<ul data-start=\"1663\" data-end=\"2092\">\n<li data-start=\"1663\" data-end=\"1708\">\n<p data-start=\"1665\" data-end=\"1708\"><strong data-start=\"1665\" data-end=\"1682\">\u00dcr\u00fcn Ad\u0131:<\/strong> 56g Paket Domates Sal\u00e7as\u0131<\/p>\n<\/li>\n<li data-start=\"1709\" data-end=\"1739\">\n<p data-start=\"1711\" data-end=\"1739\"><strong data-start=\"1711\" data-end=\"1722\">Men\u015fei:<\/strong> Kuzey \u00c7in<\/p>\n<\/li>\n<li data-start=\"1740\" data-end=\"1782\">\n<p data-start=\"1742\" data-end=\"1782\"><strong data-start=\"1742\" data-end=\"1765\">Birincil Madde:<\/strong> Taze domatesler<\/p>\n<\/li>\n<li data-start=\"1783\" data-end=\"1833\">\n<p data-start=\"1785\" data-end=\"1833\"><strong data-start=\"1785\" data-end=\"1799\">Ambalaj:<\/strong> Po\u015fet (d\u00fcz veya ayakta durabilen torba)<\/p>\n<\/li>\n<li data-start=\"1834\" data-end=\"1867\">\n<p data-start=\"1836\" data-end=\"1867\"><strong data-start=\"1836\" data-end=\"1856\">\u0130\u015fleme T\u00fcr\u00fc:<\/strong> Baharatl\u0131<\/p>\n<\/li>\n<li data-start=\"1868\" data-end=\"1891\">\n<p data-start=\"1870\" data-end=\"1891\"><strong data-start=\"1870\" data-end=\"1885\">Net A\u011f\u0131rl\u0131k:<\/strong> 56g<\/p>\n<\/li>\n<li data-start=\"1892\" data-end=\"1919\">\n<p data-start=\"1894\" data-end=\"1919\"><strong data-start=\"1894\" data-end=\"1904\">Tad:<\/strong> Tatl\u0131 &amp; ek\u015fi<\/p>\n<\/li>\n<li data-start=\"1920\" data-end=\"1956\">\n<p data-start=\"1922\" data-end=\"1956\"><strong data-start=\"1922\" data-end=\"1932\">Renk:<\/strong> Koyu k\u0131rm\u0131z\u0131 \/ parlak k\u0131rm\u0131z\u0131<\/p>\n<\/li>\n<li data-start=\"1957\" data-end=\"1982\">\n<p data-start=\"1959\" data-end=\"1982\"><strong data-start=\"1959\" data-end=\"1972\">pH De\u011feri:<\/strong> 4.0\u20134.4<\/p>\n<\/li>\n<li data-start=\"1983\" data-end=\"2004\">\n<p data-start=\"1985\" data-end=\"2004\"><strong data-start=\"1985\" data-end=\"1999\">A\/B Oran\u0131:<\/strong> \u22652<\/p>\n<\/li>\n<li data-start=\"2005\" data-end=\"2022\">\n<p data-start=\"2007\" data-end=\"2022\"><strong data-start=\"2007\" data-end=\"2015\">HMC:<\/strong> \u226450%<\/p>\n<\/li>\n<li data-start=\"2023\" data-end=\"2052\">\n<p data-start=\"2025\" data-end=\"2052\"><strong data-start=\"2025\" data-end=\"2040\">\u0130\u015flem S\u00fcresi:<\/strong> 2\u20133 y\u0131l<\/p>\n<\/li>\n<li data-start=\"2053\" data-end=\"2092\">\n<p data-start=\"2055\" data-end=\"2092\"><strong data-start=\"2055\" data-end=\"2067\">Depolama:<\/strong> Kuru &amp; kapal\u0131 depo<\/p>\n<\/li>\n<\/ul>\n<p data-start=\"2094\" data-end=\"2120\"><strong data-start=\"2094\" data-end=\"2120\">Brix Se\u00e7enekleri Mevcut<\/strong><\/p>\n<ul data-start=\"2122\" data-end=\"2213\">\n<li data-start=\"2122\" data-end=\"2131\">\n<p data-start=\"2124\" data-end=\"2131\">9\u201311%<\/p>\n<\/li>\n<li data-start=\"2132\" data-end=\"2142\">\n<p data-start=\"2134\" data-end=\"2142\">18\u201320%<\/p>\n<\/li>\n<li data-start=\"2143\" data-end=\"2153\">\n<p data-start=\"2145\" data-end=\"2153\">22\u201324%<\/p>\n<\/li>\n<li data-start=\"2154\" data-end=\"2164\">\n<p data-start=\"2156\" data-end=\"2164\">26\u201328%<\/p>\n<\/li>\n<li data-start=\"2165\" data-end=\"2213\">\n<p data-start=\"2167\" data-end=\"2213\"><strong data-start=\"2167\" data-end=\"2211\">28\u201330% (perakende pazarlar\u0131 i\u00e7in en pop\u00fcler)<\/strong><\/p>\n<\/li>\n<\/ul>\n<p data-start=\"2215\" data-end=\"2307\"><strong data-start=\"2215\" data-end=\"2234\">Sertifikalar:<\/strong> FDA, HACCP, ISO, QS, Helal<br data-start=\"2261\" data-end=\"2264\" \/><strong data-start=\"2264\" data-end=\"2277\">Markala\u015fma:<\/strong> OEM \/ \u00f6zel etiket mevcut<\/p>\n<hr data-start=\"2309\" data-end=\"2312\" \/>\n<h2 data-start=\"2314\" data-end=\"2374\">\u00c7in 56g Paket Domates Sal\u00e7as\u0131 \u2013 Fabrika Tedarik Avantajlar\u0131<\/h2>\n<p data-start=\"2376\" data-end=\"2453\">Bir <strong data-start=\"2381\" data-end=\"2412\">do\u011frudan domates sal\u00e7as\u0131 fabrikas\u0131y\u0131z<\/strong>, t\u00fcm \u00fcretim zincirini kontrol ediyoruz:<\/p>\n<h3 data-start=\"2455\" data-end=\"2488\">1. \u0130stikrarl\u0131 Hammadde Kayna\u011f\u0131<\/h3>\n<p data-start=\"2489\" data-end=\"2611\">Domateslerimiz, g\u00fc\u00e7l\u00fc g\u00fcne\u015f \u0131\u015f\u0131\u011f\u0131 ve b\u00fcy\u00fck g\u00fcnd\u00fcz-gece s\u0131cakl\u0131k farklar\u0131n\u0131n oldu\u011fu Kuzey \u00c7in\u2019den temin edilmektedir:<\/p>\n<ul data-start=\"2612\" data-end=\"2689\">\n<li data-start=\"2612\" data-end=\"2637\">\n<p data-start=\"2614\" data-end=\"2637\">Daha y\u00fcksek do\u011fal kat\u0131 madde<\/p>\n<\/li>\n<li data-start=\"2638\" data-end=\"2659\">\n<p data-start=\"2640\" data-end=\"2659\">Zengin domates rengi<\/p>\n<\/li>\n<li data-start=\"2660\" data-end=\"2689\">\n<p data-start=\"2662\" data-end=\"2689\">G\u00fc\u00e7l\u00fc, tutarl\u0131 tat<\/p>\n<\/li>\n<\/ul>\n<h3 data-start=\"2691\" data-end=\"2739\">2. Kontroll\u00fc \u0130\u015fleme ve Steril Dolum<\/h3>\n<p data-start=\"2740\" data-end=\"2848\">Domates y\u0131kamadan yo\u011funla\u015ft\u0131rmaya ve aseptik paketleme a\u015famas\u0131na kadar, her ad\u0131m titizlikle izlenerek sa\u011flan\u0131r:<\/p>\n<ul data-start=\"2849\" data-end=\"2954\">\n<li data-start=\"2849\" data-end=\"2874\">\n<p data-start=\"2851\" data-end=\"2874\">Do\u011fru Brix kontrol\u00fc<\/p>\n<\/li>\n<li data-start=\"2875\" data-end=\"2909\">\n<p data-start=\"2877\" data-end=\"2909\">D\u00fc\u015f\u00fck asitlik ve p\u00fcr\u00fczs\u00fcz doku<\/p>\n<\/li>\n<li data-start=\"2910\" data-end=\"2954\">\n<p data-start=\"2912\" data-end=\"2954\">Katk\u0131 maddesiz veya \u00f6zelle\u015ftirilmi\u015f form\u00fclasyonlar<\/p>\n<\/li>\n<\/ul>\n<h3 data-start=\"2956\" data-end=\"2990\">3. Esnek Paketleme<\/h3>\n<p data-start=\"2991\" data-end=\"3056\">Al\u0131c\u0131lar, hedef pazarlar\u0131na g\u00f6re paketleme formatlar\u0131n\u0131 se\u00e7ebilir:<\/p>\n<ul data-start=\"3057\" data-end=\"3178\">\n<li data-start=\"3057\" data-end=\"3115\">\n<p data-start=\"3059\" data-end=\"3115\"><strong data-start=\"3059\" data-end=\"3074\">D\u00fcz paket<\/strong> \u2013 kitle da\u011f\u0131t\u0131m\u0131 i\u00e7in maliyet etkin<\/p>\n<\/li>\n<li data-start=\"3116\" data-end=\"3178\">\n<p data-start=\"3118\" data-end=\"3178\"><strong data-start=\"3118\" data-end=\"3136\">Dik durabilen po\u015fet<\/strong> \u2013 perakende raflar\u0131 i\u00e7in \u00fcst d\u00fczey g\u00f6r\u00fcn\u00fcm<\/p>\n<\/li>\n<\/ul>\n<hr data-start=\"3180\" data-end=\"3183\" \/>\n<h2 data-start=\"3185\" data-end=\"3231\">OEM ve \u00d6zel Marka 56g Paket Domates Sal\u00e7as\u0131<\/h2>\n<p data-start=\"3233\" data-end=\"3369\">Biz uzman\u0131z <strong data-start=\"3250\" data-end=\"3297\">\u00c7in 56g paket domates sal\u00e7as\u0131 OEM \u00e7\u00f6z\u00fcmleri<\/strong>, distrib\u00fct\u00f6rlerin ve marka sahiplerinin kendi pazar kimliklerini olu\u015fturmalar\u0131na yard\u0131mc\u0131 olur.<\/p>\n<p data-start=\"3371\" data-end=\"3396\">OEM hizmetlerimiz \u015funlar\u0131 i\u00e7erir:<\/p>\n<ul data-start=\"3397\" data-end=\"3597\">\n<li data-start=\"3397\" data-end=\"3429\">\n<p data-start=\"3399\" data-end=\"3429\">\u00d6zel logo ve etiket tasar\u0131m\u0131<\/p>\n<\/li>\n<li data-start=\"3430\" data-end=\"3497\">\n<p data-start=\"3432\" data-end=\"3497\">\u00c7ok dilli ambalajlama (\u0130ngilizce \/ Frans\u0131zca \/ Arap\u00e7a \/ Rus\u00e7a)<\/p>\n<\/li>\n<li data-start=\"3498\" data-end=\"3541\">\n<p data-start=\"3500\" data-end=\"3541\">Al\u00fcminyum folyo veya lamine film po\u015fetler<\/p>\n<\/li>\n<li data-start=\"3542\" data-end=\"3597\">\n<p data-start=\"3544\" data-end=\"3597\">Yerel perakende al\u0131\u015fkanl\u0131klar\u0131na uygun ayarlanabilir karton yap\u0131s\u0131<\/p>\n<\/li>\n<\/ul>\n<p data-start=\"3599\" data-end=\"3685\">T\u00fcm OEM \u00fcr\u00fcnleri \u015fu \u015fekilde temin edilebilir <strong data-start=\"3635\" data-end=\"3684\">Fabrikada fiyat\u0131na Halal sertifikal\u0131 domates sal\u00e7as\u0131<\/strong>.<\/p>\n<hr data-start=\"3687\" data-end=\"3690\" \/>\n<h2 data-start=\"3692\" data-end=\"3732\">\u00dcretim Standartlar\u0131 ve Sertifikalar<\/h2>\n<p data-start=\"3734\" data-end=\"3788\">Domates sal\u00e7as\u0131 \u00fcretim hatlar\u0131m\u0131z \u015fu sertifikalara sahiptir:<\/p>\n<ul data-start=\"3789\" data-end=\"3828\">\n<li data-start=\"3789\" data-end=\"3800\">\n<p data-start=\"3791\" data-end=\"3800\"><strong data-start=\"3791\" data-end=\"3798\">ISO<\/strong><\/p>\n<\/li>\n<li data-start=\"3801\" data-end=\"3814\">\n<p data-start=\"3803\" data-end=\"3814\"><strong data-start=\"3803\" data-end=\"3812\">HACCP<\/strong><\/p>\n<\/li>\n<li data-start=\"3815\" data-end=\"3828\">\n<p data-start=\"3817\" data-end=\"3828\"><strong data-start=\"3817\" data-end=\"3826\">Helal<\/strong><\/p>\n<\/li>\n<\/ul>\n<p data-start=\"3830\" data-end=\"4003\">Kaynak, i\u015fleme, yo\u011funla\u015ft\u0131rma ve paketlemeyi kendi b\u00fcnyemizde kontrol ederek, her birinin <strong data-start=\"3922\" data-end=\"3949\">56g po\u015fet domates sal\u00e7as\u0131<\/strong> uluslararas\u0131 g\u0131da g\u00fcvenli\u011fi ve ihracat standartlar\u0131n\u0131 kar\u015f\u0131lad\u0131\u011f\u0131ndan emin oluyoruz.<\/p>\n<hr data-start=\"4005\" data-end=\"4008\" \/>\n<h2 data-start=\"4010\" data-end=\"4062\">56g Paket Domates Sal\u00e7as\u0131 i\u00e7in K\u00fcresel \u0130hracat Piyasalar\u0131<\/h2>\n<p data-start=\"4064\" data-end=\"4135\">Bizim <strong data-start=\"4068\" data-end=\"4101\">\u00c7in 56g paket domates sal\u00e7as\u0131<\/strong> d\u00fcnyaya ihra\u00e7 edilmektedir, \u015funlar dahil:<\/p>\n<ul data-start=\"4137\" data-end=\"4419\">\n<li data-start=\"4137\" data-end=\"4198\">\n<p data-start=\"4139\" data-end=\"4198\"><strong data-start=\"4139\" data-end=\"4150\">Afrika:<\/strong> Nijerya, Gana, Fildi\u015fi Sahili, Uganda, Kamerun<\/p>\n<\/li>\n<li data-start=\"4199\" data-end=\"4244\">\n<p data-start=\"4201\" data-end=\"4244\"><strong data-start=\"4201\" data-end=\"4217\">Orta Do\u011fu:<\/strong> Suudi Arabistan, Yemen, Birle\u015fik Arap Emirlikleri<\/p>\n<\/li>\n<li data-start=\"4245\" data-end=\"4301\">\n<p data-start=\"4247\" data-end=\"4301\"><strong data-start=\"4247\" data-end=\"4266\">G\u00fcneydo\u011fu Asya:<\/strong> Filipinler, Endonezya, Malezya<\/p>\n<\/li>\n<li data-start=\"4302\" data-end=\"4355\">\n<p data-start=\"4304\" data-end=\"4355\"><strong data-start=\"4304\" data-end=\"4330\">Rusya ve Orta Asya:<\/strong> \u00d6zbekistan, Kazakistan<\/p>\n<\/li>\n<li data-start=\"4356\" data-end=\"4419\">\n<p data-start=\"4358\" data-end=\"4419\"><strong data-start=\"4358\" data-end=\"4370\">Amerika:<\/strong> Hispanik perakende ve ithalat distrib\u00fct\u00f6r piyasalar\u0131<\/p>\n<\/li>\n<\/ul>\n<p data-start=\"4421\" data-end=\"4542\">Brix seviyesi, etiket dili ve karton bask\u0131s\u0131, yerel d\u00fczenlemelere ve t\u00fcketici damak tad\u0131na uygun \u015fekilde ayarlanabilir.<\/p>\n<hr data-start=\"4544\" data-end=\"4547\" \/>\n<h2 data-start=\"4549\" data-end=\"4592\">Ambalaj Se\u00e7enekleri ve Asgari Sipari\u015f Miktar\u0131 (Fabrika Direkt)<\/h2>\n<p data-start=\"4594\" data-end=\"4648\">Toplu al\u0131c\u0131lar i\u00e7in esnek y\u00fckleme \u00e7\u00f6z\u00fcmleri sunuyoruz:<\/p>\n<ul data-start=\"4650\" data-end=\"4754\">\n<li data-start=\"4650\" data-end=\"4683\">\n<p data-start=\"4652\" data-end=\"4683\">D\u00fcz paket veya ayakta durabilen po\u015fet<\/p>\n<\/li>\n<li data-start=\"4684\" data-end=\"4713\">\n<p data-start=\"4686\" data-end=\"4713\">Karton boyutu \u00f6zelle\u015ftirmesi<\/p>\n<\/li>\n<li data-start=\"4714\" data-end=\"4754\">\n<p data-start=\"4716\" data-end=\"4754\">Mevcut boyutlar: <strong data-start=\"4733\" data-end=\"4752\">50g \/ 56g \/ 70g<\/strong><\/p>\n<\/li>\n<\/ul>\n<p data-start=\"4756\" data-end=\"4887\"><strong data-start=\"4756\" data-end=\"4764\">Asgari Sipari\u015f Miktar\u0131:<\/strong> 1 \u00d7 20\u2019 FCL<br data-start=\"4776\" data-end=\"4779\" \/><strong data-start=\"4779\" data-end=\"4795\">Ticaret \u015eartlar\u0131:<\/strong> FOB \/ CFR \/ CIF \u00c7in liman\u0131<br data-start=\"4822\" data-end=\"4825\" \/>Toplu sipari\u015fler avantajlar\u0131ndan yararlan\u0131r <strong data-start=\"4850\" data-end=\"4886\">fabrika do\u011frudan toptan fiyatland\u0131rma<\/strong>.<\/p>\n<hr data-start=\"4889\" data-end=\"4892\" \/>\n<h2 data-start=\"4894\" data-end=\"4942\">Tam Sachet Domates Sal\u00e7as\u0131 Kategorileri Sa\u011fl\u0131yoruz<\/h2>\n<p data-start=\"4944\" data-end=\"5043\">Sachet boyutlar\u0131 ve paketleme konfig\u00fcrasyonlar\u0131n\u0131n tam bir yelpazesini sunuyoruz, bunlarla s\u0131n\u0131rl\u0131 olmamak kayd\u0131yla:<\/p>\n<ul data-start=\"5045\" data-end=\"5223\">\n<li data-start=\"5045\" data-end=\"5092\">\n<p data-start=\"5047\" data-end=\"5092\">18g, 36g, 40g, 50g, <strong data-start=\"5067\" data-end=\"5074\">56g<\/strong>, 70g, 80g, 100g<\/p>\n<\/li>\n<li data-start=\"5093\" data-end=\"5134\">\n<p data-start=\"5095\" data-end=\"5134\">18\u201320%'den 28\u201330%'ye Brix se\u00e7enekleri<\/p>\n<\/li>\n<li data-start=\"5135\" data-end=\"5173\">\n<p data-start=\"5137\" data-end=\"5173\">D\u00fcz sachet (ayakta durmayan) formatlar<\/p>\n<\/li>\n<li data-start=\"5174\" data-end=\"5223\">\n<p data-start=\"5176\" data-end=\"5223\">20FT ve 40HQ i\u00e7in y\u00fcksek hacimli konteyner y\u00fckleme<\/p>\n<\/li>\n<\/ul>\n<p data-start=\"5225\" data-end=\"5327\">Bu, al\u0131c\u0131lar\u0131n birden fazla SKU'yu konsolide etmesine olanak tan\u0131r <strong data-start=\"5278\" data-end=\"5326\">g\u00fcvenilir bir \u00c7in domates sal\u00e7as\u0131 \u00fcreticisi<\/strong>.<\/p>\n<hr data-start=\"5329\" data-end=\"5332\" \/>\n<h2 data-start=\"5334\" data-end=\"5402\">Neden \u00c7in'den 56g Sachet Domates Sal\u00e7as\u0131 Tedarik\u00e7isi olarak Taichy'yi Se\u00e7melisiniz?<\/h2>\n<ul data-start=\"5404\" data-end=\"5692\">\n<li data-start=\"5404\" data-end=\"5466\">\n<p data-start=\"5406\" data-end=\"5466\">\u00dczerinde <strong data-start=\"5411\" data-end=\"5464\">15 y\u0131ll\u0131k domates sal\u00e7as\u0131 \u00fcretim deneyimi<\/strong><\/p>\n<\/li>\n<li data-start=\"5467\" data-end=\"5523\">\n<p data-start=\"5469\" data-end=\"5523\">\u0130stikrarl\u0131 \u00fcretim kapasitesi ve hammadde g\u00fcvenli\u011fi<\/p>\n<\/li>\n<li data-start=\"5524\" data-end=\"5567\">\n<p data-start=\"5526\" data-end=\"5567\">G\u00fc\u00e7l\u00fc OEM ve \u00f6zel etiket kapasitesi<\/p>\n<\/li>\n<li data-start=\"5568\" data-end=\"5617\">\n<p data-start=\"5570\" data-end=\"5617\">Rekabet\u00e7i fabrika fiyatlar\u0131 ve h\u0131zl\u0131 teslimat<\/p>\n<\/li>\n<li data-start=\"5618\" data-end=\"5692\">\n<p data-start=\"5620\" data-end=\"5692\">Afrika, Orta Do\u011fu, Asya ve Amerika'da kan\u0131tlanm\u0131\u015f ihracat deneyimi<\/p>\n<\/li>\n<\/ul>\n<p data-start=\"5694\" data-end=\"5836\">Ar\u0131yorsan\u0131z <strong data-start=\"5721\" data-end=\"5772\">g\u00fcvenilir \u00c7in 56g sachet domates sal\u00e7as\u0131 tedarik\u00e7isi<\/strong>, Taichy Domates uzun vadeli, istikrarl\u0131 i\u015fbirli\u011fi i\u00e7in konumland\u0131r\u0131lm\u0131\u015ft\u0131r.<\/p>\n<hr data-start=\"5838\" data-end=\"5841\" \/>\n<h2 data-start=\"5843\" data-end=\"5873\">Fabrika Fiyat\u0131 ve Numune Al\u0131n<\/h2>\n<p data-start=\"5875\" data-end=\"5979\">\u0130\u00e7in <strong data-start=\"5879\" data-end=\"5916\">56g sachet domates sal\u00e7as\u0131 toptan<\/strong>, OEM talepleri, fiyatland\u0131rma veya paketleme \u00f6rnekleri i\u00e7in l\u00fctfen ileti\u015fime ge\u00e7in:<\/p>\n<p data-start=\"5981\" data-end=\"6015\"><strong data-start=\"5981\" data-end=\"5991\">E-posta:<\/strong> <a class=\"decorated-link cursor-pointer\" rel=\"noopener\" data-start=\"5992\" data-end=\"6013\">info@taichysupply.com<\/a><\/p>\n<p data-start=\"6017\" data-end=\"6136\" data-is-last-node=\"\" data-is-only-node=\"\">Sat\u0131\u015f ekibimiz, fabrika do\u011frudan olmak \u00fczere, \u00f6zellikler, y\u00fckleme planlar\u0131 ve \u00f6zelle\u015ftirilmi\u015f \u00e7\u00f6z\u00fcmler konusunda size destek sa\u011flayacakt\u0131r.<\/p>","protected":false},"excerpt":{"rendered":"<p>Taichy Domates, Afrika, G\u00fcneydo\u011fu Asya, Orta Do\u011fu, Rusya ve ABD i\u00e7in premium kalite domates sal\u00e7as\u0131 sunan profesyonel \u00c7in 56g paket domates sal\u00e7as\u0131 \u00fcreticisi ve ihracat\u00e7\u0131s\u0131d\u0131r.<br data-start=\"383\" data-end=\"386\" \/>56g paket domates sal\u00e7am\u0131z, ISO, HACCP ve Helal standartlar\u0131na uygun olarak i\u015flenen 0 saf ve taze domateslerden yap\u0131lm\u0131\u015ft\u0131r, m\u00fckemmel tat, tutarl\u0131l\u0131k ve uluslararas\u0131 pazarlarda g\u00fcvenlik sa\u011flar.<br \/>\nHs Kodu:2002901100<\/p>","protected":false},"featured_media":3287,"template":"","meta":{"_acf_changed":false,"_seopress_robots_primary_cat":"none","_seopress_titles_title":"China 56g Sachet Tomato Paste | Bulk Export | Taichy","_seopress_titles_desc":"Taichy Tomato \u2013 China manufacturer of 56g sachet tomato paste (28\u201330% Brix), Halal & ISO certified. OEM brands, factory price, export to all the world","_seopress_robots_index":"","site-sidebar-layout":"default","site-content-layout":"","ast-site-content-layout":"default","site-content-style":"default","site-sidebar-style":"default","ast-global-header-display":"","ast-banner-title-visibility":"","ast-main-header-display":"","ast-hfb-above-header-display":"","ast-hfb-below-header-display":"","ast-hfb-mobile-header-display":"","site-post-title":"","ast-breadcrumbs-content":"","ast-featured-img":"","footer-sml-layout":"","ast-disable-related-posts":"","theme-transparent-header-meta":"default","adv-header-id-meta":"","stick-header-meta":"","header-above-stick-meta":"","header-main-stick-meta":"","header-below-stick-meta":"","astra-migrate-meta-layouts":"set","ast-page-background-enabled":"default","ast-page-background-meta":{"desktop":{"background-color":"var(--ast-global-color-5)","background-image":"","background-repeat":"repeat","background-position":"center center","background-size":"auto","background-attachment":"scroll","background-type":"","background-media":"","overlay-type":"","overlay-color":"","overlay-opacity":"","overlay-gradient":""},"tablet":{"background-color":"","background-image":"","background-repeat":"repeat","background-position":"center center","background-size":"auto","background-attachment":"scroll","background-type":"","background-media":"","overlay-type":"","overlay-color":"","overlay-opacity":"","overlay-gradient":""},"mobile":{"background-color":"","background-image":"","background-repeat":"repeat","background-position":"center center","background-size":"auto","background-attachment":"scroll","background-type":"","background-media":"","overlay-type":"","overlay-color":"","overlay-opacity":"","overlay-gradient":""}},"ast-content-background-meta":{"desktop":{"background-color":"var(--ast-global-color-4)","background-image":"","background-repeat":"repeat","background-position":"center center","background-size":"auto","background-attachment":"scroll","background-type":"","background-media":"","overlay-type":"","overlay-color":"","overlay-opacity":"","overlay-gradient":""},"tablet":{"background-color":"var(--ast-global-color-4)","background-image":"","background-repeat":"repeat","background-position":"center center","background-size":"auto","background-attachment":"scroll","background-type":"","background-media":"","overlay-type":"","overlay-color":"","overlay-opacity":"","overlay-gradient":""},"mobile":{"background-color":"var(--ast-global-color-4)","background-image":"","background-repeat":"repeat","background-position":"center center","background-size":"auto","background-attachment":"scroll","background-type":"","background-media":"","overlay-type":"","overlay-color":"","overlay-opacity":"","overlay-gradient":""}}},"product_brand":[],"product_cat":[97],"product_tag":[193,162,161,163],"class_list":{"0":"post-1949","1":"product","2":"type-product","3":"status-publish","4":"has-post-thumbnail","6":"product_cat-tomato-paste-in-sachet","7":"product_tag-56g-tomato-paste-sachet","8":"product_tag-bulk-sachet-paste-supplier","9":"product_tag-sachet-tomato-paste-manufacture","10":"product_tag-tomato-paste-factory","11":"desktop-align-left","12":"tablet-align-left","13":"mobile-align-left","15":"first","16":"instock","17":"sale","18":"shipping-taxable","19":"purchasable","20":"product-type-simple"},"acf":[],"_links":{"self":[{"href":"https:\/\/taichytomato.com\/tr\/wp-json\/wp\/v2\/product\/1949","targetHints":{"allow":["GET"]}}],"collection":[{"href":"https:\/\/taichytomato.com\/tr\/wp-json\/wp\/v2\/product"}],"about":[{"href":"https:\/\/taichytomato.com\/tr\/wp-json\/wp\/v2\/types\/product"}],"version-history":[{"count":0,"href":"https:\/\/taichytomato.com\/tr\/wp-json\/wp\/v2\/product\/1949\/revisions"}],"wp:featuredmedia":[{"embeddable":true,"href":"https:\/\/taichytomato.com\/tr\/wp-json\/wp\/v2\/media\/3287"}],"wp:attachment":[{"href":"https:\/\/taichytomato.com\/tr\/wp-json\/wp\/v2\/media?parent=1949"}],"wp:term":[{"taxonomy":"product_brand","embeddable":true,"href":"https:\/\/taichytomato.com\/tr\/wp-json\/wp\/v2\/product_brand?post=1949"},{"taxonomy":"product_cat","embeddable":true,"href":"https:\/\/taichytomato.com\/tr\/wp-json\/wp\/v2\/product_cat?post=1949"},{"taxonomy":"product_tag","embeddable":true,"href":"https:\/\/taichytomato.com\/tr\/wp-json\/wp\/v2\/product_tag?post=1949"}],"curies":[{"name":"wp","href":"https:\/\/api.w.org\/{rel}","templated":true}]}}