{"id":1947,"date":"2025-07-15T22:12:09","date_gmt":"2025-07-16T06:12:09","guid":{"rendered":"https:\/\/taichytomato.com\/?post_type=product&#038;p=1947"},"modified":"2026-01-08T19:24:38","modified_gmt":"2026-01-09T03:24:38","slug":"50g-tomato-paste-sachet","status":"publish","type":"product","link":"https:\/\/taichytomato.com\/tr\/urun\/50g-tomato-paste-sachet\/","title":{"rendered":"50g Paket Domates Sal\u00e7as\u0131"},"content":{"rendered":"<h2 data-start=\"278\" data-end=\"313\">50g'l\u0131k Po\u015fet Domates Sal\u00e7as\u0131 Nedir<\/h2>\n<p data-start=\"315\" data-end=\"646\"><strong data-start=\"315\" data-end=\"342\">50g paket domates sal\u00e7as\u0131<\/strong> \u00f6zellikle Afrika, Orta Do\u011fu ve G\u00fcneydo\u011fu Asya'da geli\u015fmekte olan ve y\u00fckselen pazarlarda en pop\u00fcler perakende ambalaj formatlar\u0131ndan biridir.<br data-start=\"493\" data-end=\"496\" \/>Her po\u015fet, taze domateslerden yap\u0131lm\u0131\u015f, zengin lezzet, g\u00fc\u00e7l\u00fc renk ve m\u00fckemmel pi\u015firme performans\u0131 sunan yo\u011fun, konsantre domates sal\u00e7as\u0131 i\u00e7erir.<\/p>\n<p data-start=\"648\" data-end=\"984\">\u0130hracat Uzmanl\u0131\u011f\u0131: <strong data-start=\"666\" data-end=\"720\">\u00c7in 50g po\u015fet domates sal\u00e7as\u0131 tedarik\u00e7isi ve fabrikas\u0131<\/strong>, y\u00fcksek kaliteli 50g domates sal\u00e7as\u0131n\u0131 a\u015fa\u011f\u0131dakilerle tedarik ediyoruz: <strong data-start=\"767\" data-end=\"782\">28\u201330% Brix<\/strong>, \u00e7orbalar, soslar, g\u00fcve\u00e7ler ve g\u00fcnl\u00fck ev yemekleri i\u00e7in uygundur.<br data-start=\"847\" data-end=\"850\" \/>Bu k\u00fc\u00e7\u00fck po\u015fet boyutu, a\u015fa\u011f\u0131dakiler i\u00e7in yayg\u0131n olarak tercih edilmektedir: <strong data-start=\"901\" data-end=\"983\">uygun fiyat\u0131, porsiyon kontrol\u00fc, kolay da\u011f\u0131t\u0131m\u0131 ve h\u0131zl\u0131 pazar cirosu<\/strong>.<\/p>\n<hr data-start=\"986\" data-end=\"989\" \/>\n<h2 data-start=\"991\" data-end=\"1037\">Ayakta Duran ve D\u00fcz Po\u015fette 50g Domates Sal\u00e7as\u0131<\/h2>\n<h3 data-start=\"1039\" data-end=\"1065\"><strong data-start=\"1039\" data-end=\"1065\">\u00dcr\u00fcn \u00d6zellikleri<\/strong><\/h3>\n<ul data-start=\"1067\" data-end=\"1673\">\n<li data-start=\"1067\" data-end=\"1106\">\n<p data-start=\"1069\" data-end=\"1106\"><strong data-start=\"1069\" data-end=\"1089\">Men\u015fei Yeri:<\/strong> \u00c7in'in Kuzeyi<\/p>\n<\/li>\n<li data-start=\"1107\" data-end=\"1154\">\n<p data-start=\"1109\" data-end=\"1154\"><strong data-start=\"1109\" data-end=\"1132\">Birincil Madde:<\/strong> 100% Taze Domatesler<\/p>\n<\/li>\n<li data-start=\"1155\" data-end=\"1208\">\n<p data-start=\"1157\" data-end=\"1208\"><strong data-start=\"1157\" data-end=\"1176\">Ambalaj Tipi:<\/strong> <strong>D\u00fcz Po\u015fet \/ Ayakta Duran Po\u015fet<\/strong><\/p>\n<\/li>\n<li data-start=\"1209\" data-end=\"1243\">\n<p data-start=\"1211\" data-end=\"1243\"><strong data-start=\"1211\" data-end=\"1231\">\u0130\u015fleme T\u00fcr\u00fc:<\/strong> S\u0131cak K\u0131rma\/So\u011fuk K\u0131rma<\/p>\n<\/li>\n<li data-start=\"1244\" data-end=\"1287\">\n<p data-start=\"1246\" data-end=\"1287\"><strong data-start=\"1246\" data-end=\"1265\">Sertifikalar:<\/strong> FDA, HACCP, ISO, QS<\/p>\n<\/li>\n<li data-start=\"1288\" data-end=\"1336\">\n<p data-start=\"1290\" data-end=\"1336\"><strong data-start=\"1290\" data-end=\"1312\">\u0130\u00e7erik Safl\u0131\u011f\u0131:<\/strong> 30%\u2013100% Domates Sal\u00e7as\u0131<\/p>\n<\/li>\n<li data-start=\"1337\" data-end=\"1364\">\n<p data-start=\"1339\" data-end=\"1364\"><strong data-start=\"1339\" data-end=\"1349\">Tad:<\/strong> Tatl\u0131 ve Ek\u015fi<\/p>\n<\/li>\n<li data-start=\"1365\" data-end=\"1410\">\n<p data-start=\"1367\" data-end=\"1410\"><strong data-start=\"1367\" data-end=\"1377\">Marka:<\/strong> OEM \/ \u00d6zel Etiketli \u00d6zel Marka<\/p>\n<\/li>\n<li data-start=\"1411\" data-end=\"1434\">\n<p data-start=\"1413\" data-end=\"1434\"><strong data-start=\"1413\" data-end=\"1428\">Net A\u011f\u0131rl\u0131k:<\/strong> 50g<\/p>\n<\/li>\n<li data-start=\"1435\" data-end=\"1457\">\n<p data-start=\"1437\" data-end=\"1457\"><strong data-start=\"1437\" data-end=\"1451\">A\/B Oran\u0131:<\/strong> \u2265 2<\/p>\n<\/li>\n<li data-start=\"1458\" data-end=\"1494\">\n<p data-start=\"1460\" data-end=\"1494\"><strong data-start=\"1460\" data-end=\"1470\">Renk:<\/strong> Koyu K\u0131rm\u0131z\u0131 \/ Parlak K\u0131rm\u0131z\u0131<\/p>\n<\/li>\n<li data-start=\"1495\" data-end=\"1514\">\n<p data-start=\"1497\" data-end=\"1514\"><strong data-start=\"1497\" data-end=\"1504\">pH:<\/strong> 4.0\u20134.4<\/p>\n<\/li>\n<li data-start=\"1515\" data-end=\"1578\">\n<p data-start=\"1517\" data-end=\"1578\"><strong data-start=\"1517\" data-end=\"1534\">Brix Se\u00e7enekleri:<\/strong> 9\u201311%, 18\u201320%, 22\u201324%, 26\u201328%, <strong data-start=\"1566\" data-end=\"1576\">28\u201330\u00b0Brix<\/strong><\/p>\n<\/li>\n<li data-start=\"1579\" data-end=\"1608\">\n<p data-start=\"1581\" data-end=\"1608\"><strong data-start=\"1581\" data-end=\"1596\">\u0130\u015flem S\u00fcresi:<\/strong> 2\u20133 Y\u0131l<\/p>\n<\/li>\n<li data-start=\"1609\" data-end=\"1629\">\n<p data-start=\"1611\" data-end=\"1629\"><strong data-start=\"1611\" data-end=\"1619\">HMC:<\/strong> Maksimum 50%<\/p>\n<\/li>\n<li data-start=\"1630\" data-end=\"1673\">\n<p data-start=\"1632\" data-end=\"1673\"><strong data-start=\"1632\" data-end=\"1644\">Depolama:<\/strong> Kuru, serin i\u00e7 depo<\/p>\n<\/li>\n<\/ul>\n<p data-start=\"1675\" data-end=\"1804\">Tedarik ediyoruz <strong data-start=\"1685\" data-end=\"1712\">50g paket domates sal\u00e7as\u0131<\/strong> istikrarl\u0131 viskozite, do\u011fal domates aromas\u0131 ve koruyucu veya yapay katk\u0131 maddesi olmadan.<\/p>\n<hr data-start=\"1806\" data-end=\"1809\" \/>\n<h2 data-start=\"1811\" data-end=\"1865\">OEM &amp; \u00d6zel Tasar\u0131m 50g Paketli Domates Sal\u00e7as\u0131 \u00c7\u00f6z\u00fcmleri<\/h2>\n<p data-start=\"1867\" data-end=\"2026\">Deneyimli bir <strong data-start=\"1885\" data-end=\"1929\">\u00c7in'de 50g paketli domates sal\u00e7as\u0131 fabrikas\u0131<\/strong>, tam olarak sa\u011fl\u0131yoruz <strong data-start=\"1947\" data-end=\"1979\">OEM ve \u00f6zel \u00e7\u00f6z\u00fcmler<\/strong> ithalat\u00e7\u0131lar, distrib\u00fct\u00f6rler ve marka sahipleri i\u00e7in.<\/p>\n<p data-start=\"2028\" data-end=\"2058\">\u00d6zelle\u015ftirme se\u00e7enekleri \u015funlar\u0131 i\u00e7erir:<\/p>\n<ul data-start=\"2060\" data-end=\"2329\">\n<li data-start=\"2060\" data-end=\"2097\">\n<p data-start=\"2062\" data-end=\"2097\">\u00d6zel etiket ve marka logosu tasar\u0131m\u0131<\/p>\n<\/li>\n<li data-start=\"2098\" data-end=\"2168\">\n<p data-start=\"2100\" data-end=\"2168\">Yerel dil etiketleme (Afrika, Orta Do\u011fu, Rusya, BDT pazarlar\u0131)<\/p>\n<\/li>\n<li data-start=\"2169\" data-end=\"2233\">\n<p data-start=\"2171\" data-end=\"2233\">Ambalaj malzemesi se\u00e7imi (al\u00fcminyum folyo, laminat film)<\/p>\n<\/li>\n<li data-start=\"2234\" data-end=\"2281\">\n<p data-start=\"2236\" data-end=\"2281\">Promosyonel ve mevsimlik ambalaj bask\u0131lar\u0131<\/p>\n<\/li>\n<li data-start=\"2282\" data-end=\"2329\">\n<p data-start=\"2284\" data-end=\"2329\">\u00d6zelle\u015ftirilmi\u015f karton boyutu ve paketleme miktar\u0131<\/p>\n<\/li>\n<\/ul>\n<p data-start=\"2331\" data-end=\"2489\">Ortaklar\u0131n geli\u015fimine yard\u0131mc\u0131 oluyoruz <strong data-start=\"2356\" data-end=\"2394\">50g po\u015fet domates sal\u00e7as\u0131 \u00f6zelle\u015ftirilmi\u015f<\/strong> hedef pazarlar\u0131 i\u00e7in, yerel d\u00fczenlemelere ve t\u00fcketici tercihlerine uyumu sa\u011flayarak.<\/p>\n<hr data-start=\"2491\" data-end=\"2494\" \/>\n<h2 data-start=\"2496\" data-end=\"2538\">\u00dcretim Standartlar\u0131 ve Kalite Kontrol\u00fc<\/h2>\n<p data-start=\"2540\" data-end=\"2650\">Domates sal\u00e7as\u0131 \u00fcretimimiz, domates tedarikinden son ambalajlamaya kadar s\u0131k\u0131 kalite y\u00f6netim sistemlerine uygundur.<\/p>\n<ul data-start=\"2652\" data-end=\"2891\">\n<li data-start=\"2652\" data-end=\"2703\">\n<p data-start=\"2654\" data-end=\"2703\">\u00dcretiminden <strong data-start=\"2664\" data-end=\"2687\">100% taze domateslerden<\/strong>, katk\u0131 maddesi yok<\/p>\n<\/li>\n<li data-start=\"2704\" data-end=\"2760\">\n<p data-start=\"2706\" data-end=\"2760\">Renk ve viskoziteyi korumak i\u00e7in S\u0131cak K\u0131rma i\u015flemi<\/p>\n<\/li>\n<li data-start=\"2761\" data-end=\"2821\">\n<p data-start=\"2763\" data-end=\"2821\">Tam uyumlu <strong data-start=\"2784\" data-end=\"2819\">ISO, HACCP ve Helal standartlar\u0131na uygun<\/strong><\/p>\n<\/li>\n<li data-start=\"2822\" data-end=\"2891\">\n<p data-start=\"2824\" data-end=\"2891\">Her parti Brix, pH, renk ve mikrobiyolojik g\u00fcvenlik a\u00e7\u0131s\u0131ndan test edilir<\/p>\n<\/li>\n<\/ul>\n<p data-start=\"2893\" data-end=\"2967\">Bu, uzun vadeli tedarik ve tekrar sipari\u015fler i\u00e7in tutarl\u0131 kalite garantiler.<\/p>\n<hr data-start=\"2969\" data-end=\"2972\" \/>\n<h2 data-start=\"2974\" data-end=\"3032\">Neden 50g Po\u015fet Domates Sal\u00e7as\u0131 Tedarik\u00e7iniz Olarak Bizi Se\u00e7melisiniz<\/h2>\n<ul data-start=\"3034\" data-end=\"3346\">\n<li data-start=\"3034\" data-end=\"3085\">\n<p data-start=\"3036\" data-end=\"3085\">15+ y\u0131l domates sal\u00e7as\u0131 \u00fcretim deneyimi<\/p>\n<\/li>\n<li data-start=\"3086\" data-end=\"3135\">\n<p data-start=\"3088\" data-end=\"3135\">ISO, HACCP, Helal \u00fcretim sertifikal\u0131 sistem<\/p>\n<\/li>\n<li data-start=\"3136\" data-end=\"3189\">\n<p data-start=\"3138\" data-end=\"3189\">Rekabet\u00e7i <strong data-start=\"3150\" data-end=\"3187\">fabrika fiyat\u0131 ve adil fiyat tedariki<\/strong><\/p>\n<\/li>\n<li data-start=\"3190\" data-end=\"3231\">\n<p data-start=\"3192\" data-end=\"3231\">G\u00fc\u00e7l\u00fc OEM ve \u00f6zel etiket kapasitesi<\/p>\n<\/li>\n<li data-start=\"3232\" data-end=\"3283\">\n<p data-start=\"3234\" data-end=\"3283\">Stabil hammadde tedariki ve ihracat lojisti\u011fi<\/p>\n<\/li>\n<li data-start=\"3284\" data-end=\"3346\">\n<p data-start=\"3286\" data-end=\"3346\">Afrika, Orta Do\u011fu ve Orta Asya'da kan\u0131tlanm\u0131\u015f ihracat kayd\u0131<\/p>\n<\/li>\n<\/ul>\n<p data-start=\"3348\" data-end=\"3465\">Biz sadece bir tedarik\u00e7i de\u011filiz \u2014 m\u00fc\u015fterilerin in\u015fa etmesine yard\u0131mc\u0131 oluyoruz <strong data-start=\"3399\" data-end=\"3464\">s\u00fcrd\u00fcr\u00fclebilir perakende ve toptan domates sal\u00e7as\u0131 i\u015f modelleri<\/strong>.<\/p>\n<hr data-start=\"3467\" data-end=\"3470\" \/>\n<h2 data-start=\"3472\" data-end=\"3497\">K\u00fcresel \u0130hracat Piyasalar\u0131<\/h2>\n<p data-start=\"3499\" data-end=\"3564\">Bizim <strong data-start=\"3503\" data-end=\"3530\">50g paket domates sal\u00e7as\u0131<\/strong> 30'dan fazla \u00fclkeye ihra\u00e7 edilmektedir:<\/p>\n<ul data-start=\"3566\" data-end=\"3855\">\n<li data-start=\"3566\" data-end=\"3632\">\n<p data-start=\"3568\" data-end=\"3632\"><strong data-start=\"3568\" data-end=\"3579\">Afrika:<\/strong> Nijerya, Gana, Kamerun, Fildi\u015fi Sahili, Togo, Sudan<\/p>\n<\/li>\n<li data-start=\"3633\" data-end=\"3686\">\n<p data-start=\"3635\" data-end=\"3686\"><strong data-start=\"3635\" data-end=\"3651\">Orta Do\u011fu:<\/strong> Suudi Arabistan, Yemen, BAE, \u00dcrd\u00fcn<\/p>\n<\/li>\n<li data-start=\"3687\" data-end=\"3753\">\n<p data-start=\"3689\" data-end=\"3753\"><strong data-start=\"3689\" data-end=\"3708\">G\u00fcneydo\u011fu Asya:<\/strong> Filipinler, Endonezya, Malezya, Tayland<\/p>\n<\/li>\n<li data-start=\"3754\" data-end=\"3819\">\n<p data-start=\"3756\" data-end=\"3819\"><strong data-start=\"3756\" data-end=\"3782\">Rusya ve Orta Asya:<\/strong> \u00d6zbekistan, Kazakistan, K\u0131rg\u0131zistan<\/p>\n<\/li>\n<li data-start=\"3820\" data-end=\"3855\">\n<p data-start=\"3822\" data-end=\"3855\"><strong data-start=\"3822\" data-end=\"3834\">Amerika:<\/strong> T\u00fcrkiye, Panama, Haiti<\/p>\n<\/li>\n<\/ul>\n<p data-start=\"3857\" data-end=\"3973\">A\u015fa\u011f\u0131dakiler dahil yerel tercihleri anl\u0131yoruz: <strong data-start=\"3900\" data-end=\"3972\">Brix seviyesi, po\u015fet stili, karton ambalaj ve promosyon gereksinimleri<\/strong>.<\/p>\n<hr data-start=\"3975\" data-end=\"3978\" \/>\n<h2 data-start=\"3980\" data-end=\"4032\">50g Po\u015fet Domates Sal\u00e7as\u0131 Fiyat\u0131 ve Toptan Sat\u0131\u015f Teklifleri<\/h2>\n<p data-start=\"4034\" data-end=\"4122\">Sunuyoruz <strong data-start=\"4043\" data-end=\"4089\">rekabet\u00e7i 50g po\u015fet domates sal\u00e7as\u0131 teklifleri<\/strong> do\u011frudan \u00c7in'deki fabrikam\u0131zdan.<\/p>\n<ul data-start=\"4124\" data-end=\"4272\">\n<li data-start=\"4124\" data-end=\"4148\">\n<p data-start=\"4126\" data-end=\"4148\"><strong data-start=\"4126\" data-end=\"4134\">Asgari Sipari\u015f Miktar\u0131:<\/strong> 1 \u00d7 20\u2019 FCL<\/p>\n<\/li>\n<li data-start=\"4149\" data-end=\"4185\">\n<p data-start=\"4151\" data-end=\"4185\"><strong data-start=\"4151\" data-end=\"4167\">Ticaret \u015eartlar\u0131:<\/strong> FOB \/ CFR \/ CIF<\/p>\n<\/li>\n<li data-start=\"4186\" data-end=\"4214\">\n<p data-start=\"4188\" data-end=\"4214\">Esnek \u00f6deme se\u00e7enekleri<\/p>\n<\/li>\n<li data-start=\"4215\" data-end=\"4272\">\n<p data-start=\"4217\" data-end=\"4272\">Distrib\u00fct\u00f6rler ve uzun vadeli ortaklar i\u00e7in \u00f6zel fiyatland\u0131rma<\/p>\n<\/li>\n<\/ul>\n<p data-start=\"4274\" data-end=\"4427\">E\u011fer ar\u0131yorsan\u0131z <strong data-start=\"4296\" data-end=\"4346\">uygun bir fiyata 50g po\u015fet domates sal\u00e7as\u0131 tedarik etmek<\/strong>, ekibimiz numuneler, ambalaj maketleri ve ihracat belgeleri konusunda yard\u0131mc\u0131 olabilir.<\/p>\n<hr data-start=\"4429\" data-end=\"4432\" \/>\n<h2 data-start=\"4434\" data-end=\"4469\">Po\u015fet Se\u00e7enekleri ve \u0130hracat Ambalaj\u0131<\/h2>\n<p data-start=\"4471\" data-end=\"4505\">Mevcut ambalaj se\u00e7enekleri \u015funlard\u0131r:<\/p>\n<ul data-start=\"4507\" data-end=\"4604\">\n<li data-start=\"4507\" data-end=\"4537\">\n<p data-start=\"4509\" data-end=\"4537\">50g \u00d7 100 po\u015fet \/ karton<\/p>\n<\/li>\n<li data-start=\"4538\" data-end=\"4568\">\n<p data-start=\"4540\" data-end=\"4568\">50g \u00d7 120 po\u015fet \/ karton<\/p>\n<\/li>\n<li data-start=\"4569\" data-end=\"4604\">\n<p data-start=\"4571\" data-end=\"4604\">\u0130ste\u011fe ba\u011fl\u0131 \u00f6zelle\u015ftirilmi\u015f ambalaj<\/p>\n<\/li>\n<\/ul>\n<p data-start=\"4606\" data-end=\"4700\">Uzun mesafeli deniz ta\u015f\u0131mac\u0131l\u0131\u011f\u0131na uygun, neme dayan\u0131kl\u0131, \u0131s\u0131yla yap\u0131\u015ft\u0131r\u0131lm\u0131\u015f ambalaj sa\u011fl\u0131yoruz.<\/p>\n<hr data-start=\"4702\" data-end=\"4705\" \/>\n<h2 data-start=\"4707\" data-end=\"4739\">Tan\u0131t\u0131m Deste\u011fi &amp; Marka Olu\u015fumu<\/h2>\n<p data-start=\"4741\" data-end=\"4793\">Market ve perakende da\u011f\u0131t\u0131m\u0131 i\u00e7in destek sa\u011fl\u0131yoruz:<\/p>\n<ul data-start=\"4795\" data-end=\"4992\">\n<li data-start=\"4795\" data-end=\"4837\">\n<p data-start=\"4797\" data-end=\"4837\">Marka logosu ile \u00f6zel po\u015fet bask\u0131s\u0131<\/p>\n<\/li>\n<li data-start=\"4838\" data-end=\"4882\">\n<p data-start=\"4840\" data-end=\"4882\">\u00c7ok dilli talimatlar &amp; Helal logosu<\/p>\n<\/li>\n<li data-start=\"4883\" data-end=\"4933\">\n<p data-start=\"4885\" data-end=\"4933\">Promosyon kartonlar\u0131 (\u00f6r. \u201c10 Alana 1 Bedava\u201d)<\/p>\n<\/li>\n<li data-start=\"4934\" data-end=\"4992\">\n<p data-start=\"4936\" data-end=\"4992\">Market \u00f6zel <strong data-start=\"4952\" data-end=\"4990\">50g po\u015fet domates sal\u00e7as\u0131 promosyonlar\u0131<\/strong><\/p>\n<\/li>\n<\/ul>\n<p data-start=\"4994\" data-end=\"5062\">Bu, ithalat\u00e7\u0131lar\u0131n raf g\u00f6r\u00fcn\u00fcrl\u00fc\u011f\u00fcn\u00fc ve sat\u0131\u015f d\u00f6n\u00fc\u015f\u00fcm\u00fcn\u00fc art\u0131rmas\u0131na yard\u0131mc\u0131 olur.<\/p>\n<hr data-start=\"5064\" data-end=\"5067\" \/>\n<h2 data-start=\"5069\" data-end=\"5133\">\u0130leti\u015fime Ge\u00e7in \u2013 G\u00fcvenilir \u00c7in 50g Po\u015fet Domates Sal\u00e7as\u0131 Tedarik\u00e7isi<\/h2>\n<p data-start=\"5135\" data-end=\"5288\">Ar\u0131yorsan\u0131z <strong data-start=\"5162\" data-end=\"5218\">\u00c7in\u2019den g\u00fcvenilir 50g po\u015fet domates sal\u00e7as\u0131 tedarik\u00e7isi<\/strong>, Taichy Domates, tam OEM, ihracat ve marka \u00e7\u00f6z\u00fcmleri sunar.<\/p>\n<p data-start=\"5290\" data-end=\"5341\">Bizimle ileti\u015fime ge\u00e7in <strong data-start=\"5304\" data-end=\"5329\"><a class=\"decorated-link cursor-pointer\" rel=\"noopener\" data-start=\"5306\" data-end=\"5327\">info@taichysupply.com<\/a><\/strong> almak i\u00e7in:<\/p>\n<ul data-start=\"5342\" data-end=\"5433\">\n<li data-start=\"5342\" data-end=\"5382\">\n<p data-start=\"5344\" data-end=\"5382\">En g\u00fcncel 50g po\u015fet domates sal\u00e7as\u0131 fiyat\u0131<\/p>\n<\/li>\n<li data-start=\"5383\" data-end=\"5399\">\n<p data-start=\"5385\" data-end=\"5399\">\u00dccretsiz \u00f6rnekler<\/p>\n<\/li>\n<li data-start=\"5400\" data-end=\"5433\">\n<p data-start=\"5402\" data-end=\"5433\">Ambalaj ve tasar\u0131m \u00f6nerileri<\/p>\n<\/li>\n<\/ul>\n<hr data-start=\"5435\" data-end=\"5438\" \/>\n<h2>SSS \u2013 50g Po\u015fet Domates Sal\u00e7as\u0131 Tedariki<\/h2>\n<p data-start=\"5481\" data-end=\"5603\"><strong data-start=\"5481\" data-end=\"5519\">S1: Hangi Brix seviyesini sa\u011fl\u0131yorsunuz?<\/strong><br data-start=\"5519\" data-end=\"5522\" \/>C: Genellikle <strong data-start=\"5532\" data-end=\"5547\">28\u201330% Brix<\/strong>, Afrika ve Asya pazarlar\u0131 i\u00e7in en pop\u00fcler se\u00e7im.<\/p>\n<p data-start=\"5605\" data-end=\"5715\"><strong data-start=\"5605\" data-end=\"5654\">S2: Ambalaj ve markala\u015fmay\u0131 \u00f6zelle\u015ftirebilir misiniz?<\/strong><br data-start=\"5654\" data-end=\"5657\" \/>C: Evet, tam OEM ve \u00f6zel etiket \u00f6zelle\u015ftirmesi sunuyoruz.<\/p>\n<p data-start=\"5717\" data-end=\"5780\"><strong data-start=\"5717\" data-end=\"5741\">S3: Minimum Sipari\u015f Miktar\u0131 nedir?<\/strong><br data-start=\"5741\" data-end=\"5744\" \/>C: 1 \u00d7 20\u2019 FCL, kar\u0131\u015f\u0131k boyutlar kabul edilir.<\/p>\n<p data-start=\"5782\" data-end=\"5909\"><strong data-start=\"5782\" data-end=\"5837\">S4: Promosyonlar veya toptan indirimler sunuyor musunuz?<\/strong><br data-start=\"5837\" data-end=\"5840\" \/>C: Evet, d\u00fczenli olarak <strong data-start=\"5856\" data-end=\"5894\">50g po\u015fet domates sal\u00e7as\u0131 promosyonlar\u0131<\/strong> mevcut.<\/p>\n<p data-start=\"5911\" data-end=\"6027\"><strong data-start=\"5911\" data-end=\"5950\">S5: Hangi pazarlara ihracat yap\u0131yorsunuz?<\/strong><br data-start=\"5950\" data-end=\"5953\" \/>C: Afrika, Orta Do\u011fu, G\u00fcneydo\u011fu Asya, Rusya, Orta Asya ve Amerika.<\/p>","protected":false},"excerpt":{"rendered":"<p data-start=\"233\" data-end=\"674\">Taichy Domates, profesyonel bir <strong>50g domates sal\u00e7as\u0131 \u00fcreticisi<\/strong> ve ihracat\u00e7\u0131s\u0131d\u0131r, Afrika, G\u00fcneydo\u011fu Asya, Orta Do\u011fu, Rusya, Orta Asya ve T\u00fcrkiye'ye y\u00fcksek kaliteli paket domates sal\u00e7as\u0131 tedarik etmektedir.<br data-start=\"454\" data-end=\"457\" \/>Bizim<strong> 50g paket domates sal\u00e7as\u0131<\/strong> taze, olgun domateslerden yap\u0131lm\u0131\u015f olup <strong>ISO, HACCP<\/strong>, ve Helal standartlar\u0131na uygun olarak i\u015flenmi\u015ftir, b\u00f6ylece hem perakende hem de end\u00fcstriyel kullan\u0131m i\u00e7in tutarl\u0131 tat, do\u011fal renk ve g\u00fc\u00e7l\u00fc domates aromas\u0131 sa\u011flar.<\/p>\n<p>Hs Kodu:2002901100<\/p>","protected":false},"featured_media":3289,"template":"","meta":{"_acf_changed":false,"_seopress_robots_primary_cat":"none","_seopress_titles_title":"50g Sachet Tomato Paste Supplier & Factory in China | OEM","_seopress_titles_desc":"China 50g sachet tomato paste supplier and factory. OEM customized packaging, fair price supply, promotions and wholesale export worldwide.","_seopress_robots_index":"","site-sidebar-layout":"default","site-content-layout":"","ast-site-content-layout":"default","site-content-style":"default","site-sidebar-style":"default","ast-global-header-display":"","ast-banner-title-visibility":"","ast-main-header-display":"","ast-hfb-above-header-display":"","ast-hfb-below-header-display":"","ast-hfb-mobile-header-display":"","site-post-title":"","ast-breadcrumbs-content":"","ast-featured-img":"","footer-sml-layout":"","ast-disable-related-posts":"","theme-transparent-header-meta":"default","adv-header-id-meta":"","stick-header-meta":"","header-above-stick-meta":"","header-main-stick-meta":"","header-below-stick-meta":"","astra-migrate-meta-layouts":"set","ast-page-background-enabled":"default","ast-page-background-meta":{"desktop":{"background-color":"var(--ast-global-color-5)","background-image":"","background-repeat":"repeat","background-position":"center center","background-size":"auto","background-attachment":"scroll","background-type":"","background-media":"","overlay-type":"","overlay-color":"","overlay-opacity":"","overlay-gradient":""},"tablet":{"background-color":"","background-image":"","background-repeat":"repeat","background-position":"center center","background-size":"auto","background-attachment":"scroll","background-type":"","background-media":"","overlay-type":"","overlay-color":"","overlay-opacity":"","overlay-gradient":""},"mobile":{"background-color":"","background-image":"","background-repeat":"repeat","background-position":"center center","background-size":"auto","background-attachment":"scroll","background-type":"","background-media":"","overlay-type":"","overlay-color":"","overlay-opacity":"","overlay-gradient":""}},"ast-content-background-meta":{"desktop":{"background-color":"var(--ast-global-color-4)","background-image":"","background-repeat":"repeat","background-position":"center center","background-size":"auto","background-attachment":"scroll","background-type":"","background-media":"","overlay-type":"","overlay-color":"","overlay-opacity":"","overlay-gradient":""},"tablet":{"background-color":"var(--ast-global-color-4)","background-image":"","background-repeat":"repeat","background-position":"center center","background-size":"auto","background-attachment":"scroll","background-type":"","background-media":"","overlay-type":"","overlay-color":"","overlay-opacity":"","overlay-gradient":""},"mobile":{"background-color":"var(--ast-global-color-4)","background-image":"","background-repeat":"repeat","background-position":"center center","background-size":"auto","background-attachment":"scroll","background-type":"","background-media":"","overlay-type":"","overlay-color":"","overlay-opacity":"","overlay-gradient":""}}},"product_brand":[],"product_cat":[97],"product_tag":[194,166],"class_list":{"0":"post-1947","1":"product","2":"type-product","3":"status-publish","4":"has-post-thumbnail","6":"product_cat-tomato-paste-in-sachet","7":"product_tag-50g-tomato-paste-sachet","8":"product_tag-tomato-paste-sachet","9":"desktop-align-left","10":"tablet-align-left","11":"mobile-align-left","13":"first","14":"instock","15":"sale","16":"shipping-taxable","17":"purchasable","18":"product-type-simple"},"acf":[],"_links":{"self":[{"href":"https:\/\/taichytomato.com\/tr\/wp-json\/wp\/v2\/product\/1947","targetHints":{"allow":["GET"]}}],"collection":[{"href":"https:\/\/taichytomato.com\/tr\/wp-json\/wp\/v2\/product"}],"about":[{"href":"https:\/\/taichytomato.com\/tr\/wp-json\/wp\/v2\/types\/product"}],"version-history":[{"count":0,"href":"https:\/\/taichytomato.com\/tr\/wp-json\/wp\/v2\/product\/1947\/revisions"}],"wp:featuredmedia":[{"embeddable":true,"href":"https:\/\/taichytomato.com\/tr\/wp-json\/wp\/v2\/media\/3289"}],"wp:attachment":[{"href":"https:\/\/taichytomato.com\/tr\/wp-json\/wp\/v2\/media?parent=1947"}],"wp:term":[{"taxonomy":"product_brand","embeddable":true,"href":"https:\/\/taichytomato.com\/tr\/wp-json\/wp\/v2\/product_brand?post=1947"},{"taxonomy":"product_cat","embeddable":true,"href":"https:\/\/taichytomato.com\/tr\/wp-json\/wp\/v2\/product_cat?post=1947"},{"taxonomy":"product_tag","embeddable":true,"href":"https:\/\/taichytomato.com\/tr\/wp-json\/wp\/v2\/product_tag?post=1947"}],"curies":[{"name":"wp","href":"https:\/\/api.w.org\/{rel}","templated":true}]}}