{"id":1944,"date":"2025-07-15T20:18:44","date_gmt":"2025-07-16T04:18:44","guid":{"rendered":"https:\/\/taichytomato.com\/?post_type=product&#038;p=1944"},"modified":"2026-01-19T22:39:09","modified_gmt":"2026-01-20T06:39:09","slug":"240kg-tomato-paste-manufacture","status":"publish","type":"product","link":"https:\/\/taichytomato.com\/tr\/urun\/240kg-tomato-paste-manufacture\/","title":{"rendered":"240kg Varil Domates Sal\u00e7as\u0131"},"content":{"rendered":"<h1 data-start=\"185\" data-end=\"212\">Domates Sal\u00e7as\u0131 240kg Varil<\/h1>\n<p data-start=\"213\" data-end=\"262\"><strong data-start=\"213\" data-end=\"262\">G\u00fcvenilir Toplu Tedarik Do\u011frudan \u00dcreticiden<\/strong><\/p>\n<p data-start=\"264\" data-end=\"660\">\u00c7in'de profesyonel bir domates sal\u00e7as\u0131 fabrikas\u0131 olarak, uzmanl\u0131k alan\u0131m\u0131z <strong data-start=\"366\" data-end=\"397\">240kg varillerde domates sal\u00e7as\u0131 \u00fcretimi ve k\u00fcresel ihracatt\u0131r<\/strong>, g\u0131da \u00fcreticilerine, ithalat\u00e7\u0131lara ve toptanc\u0131lar\u0131na d\u00fcnya genelinde tedarik sa\u011fl\u0131yoruz. Bizim <strong data-start=\"472\" data-end=\"507\">aseptik 240kg varil domates sal\u00e7as\u0131<\/strong> end\u00fcstriyel i\u015fleme, uluslararas\u0131 nakliye ve uzun vadeli depolama i\u00e7in tasarlanm\u0131\u015ft\u0131r, k\u00f6kenden \u00fcretim hatt\u0131n\u0131za kadar tutarl\u0131 kalite sa\u011flar.<\/p>\n<p data-start=\"662\" data-end=\"908\">\u0130ster kar\u015f\u0131la\u015ft\u0131r\u0131yor olun <strong data-start=\"688\" data-end=\"722\">240kg varil domates sal\u00e7as\u0131 fiyatlar\u0131<\/strong>, ister <strong data-start=\"735\" data-end=\"761\">domates sal\u00e7as\u0131 tedarik\u00e7ilerini de\u011ferlendirin<\/strong>, veya <strong data-start=\"780\" data-end=\"821\">240kg domates sal\u00e7as\u0131 varilini nereden alaca\u011f\u0131n\u0131z\u0131 ar\u0131yorsan\u0131z<\/strong>, bu sayfa fabrika do\u011frudan perspektiften tam bir sat\u0131n alma referans\u0131 sunar.<\/p>\n<hr data-start=\"910\" data-end=\"913\" \/>\n<h2 data-start=\"915\" data-end=\"959\">1. \u00dcr\u00fcn Genel Bak\u0131\u015f ve Temel Avantajlar<\/h2>\n<h3 data-start=\"960\" data-end=\"1014\">End\u00fcstriyel kullan\u0131m i\u00e7in Premium 240kg Varil Domates Sal\u00e7as\u0131<\/h3>\n<p data-start=\"1016\" data-end=\"1300\">Bizim <strong data-start=\"1020\" data-end=\"1050\">240kg domates sal\u00e7as\u0131 varili<\/strong> mevsimlik taze, asma olgunla\u015fm\u0131\u015f domateslerden \u00fcretilmi\u015ftir. Geli\u015fmi\u015f s\u0131cak k\u0131rma ve so\u011fuk k\u0131rma i\u015flemleriyle, do\u011fal domates rengi, aromas\u0131 ve viskozitesini koruyarak, \u00fcr\u00fcn\u00fcn a\u015fa\u011f\u0131 ak\u0131\u015f g\u0131da \u00fcretimi i\u00e7in ideal hale gelmesini sa\u011flar.<\/p>\n<h3 data-start=\"1302\" data-end=\"1331\">Al\u0131c\u0131lar \u0130\u00e7in Temel Avantajlar<\/h3>\n<ul data-start=\"1333\" data-end=\"2177\">\n<li data-start=\"1333\" data-end=\"1464\">\n<p data-start=\"1335\" data-end=\"1464\"><strong data-start=\"1335\" data-end=\"1367\">100% Saf Domates \u0130\u00e7eri\u011fi<\/strong><br data-start=\"1367\" data-end=\"1370\" \/>Katk\u0131 maddeleri, koruyucu veya yapay renkler i\u00e7ermez. Temiz etiketli g\u0131da \u00fcretimi i\u00e7in uygundur.<\/p>\n<\/li>\n<li data-start=\"1466\" data-end=\"1658\">\n<p data-start=\"1468\" data-end=\"1495\"><strong data-start=\"1468\" data-end=\"1493\">Esnek Brix Se\u00e7enekleri<\/strong><\/p>\n<ul data-start=\"1498\" data-end=\"1658\">\n<li data-start=\"1498\" data-end=\"1564\">\n<p data-start=\"1500\" data-end=\"1564\">36\u201338% Brix: Maliyet etkin form\u00fclasyon i\u00e7in y\u00fcksek yo\u011funluk<\/p>\n<\/li>\n<li data-start=\"1567\" data-end=\"1612\">\n<p data-start=\"1569\" data-end=\"1612\">30\u201332% Brix: Dengeli viskozite ve renk<\/p>\n<\/li>\n<li data-start=\"1615\" data-end=\"1658\">\n<p data-start=\"1617\" data-end=\"1658\">28\u201330% Brix: Ket\u00e7ap ve soslar i\u00e7in idealdir<\/p>\n<\/li>\n<\/ul>\n<\/li>\n<li data-start=\"1660\" data-end=\"1847\">\n<p data-start=\"1662\" data-end=\"1847\"><strong data-start=\"1662\" data-end=\"1694\">Aseptik 240kg Varil Ambalaj\u0131<\/strong><br data-start=\"1694\" data-end=\"1697\" \/>Her varil bir <strong data-start=\"1716\" data-end=\"1752\">220 litrelik \u00e7ok katmanl\u0131 aseptik torba<\/strong> galvanizli \u00e7elik varil i\u00e7inde, uzun mesafe nakliyede mikrobiyolojik g\u00fcvenli\u011fi sa\u011flar.<\/p>\n<\/li>\n<li data-start=\"1849\" data-end=\"2025\">\n<p data-start=\"1851\" data-end=\"2025\"><strong data-start=\"1851\" data-end=\"1886\">Fabrikadan Stabil Toplu Tedarik<\/strong><br data-start=\"1886\" data-end=\"1889\" \/>Deneyimli bir <strong data-start=\"1909\" data-end=\"1949\">240kg varil domates sal\u00e7as\u0131 tedarik\u00e7isi<\/strong>, g\u00fc\u00e7l\u00fc hammadde kontrol\u00fc ve yeterli mevsimlik stok tutuyoruz.<\/p>\n<\/li>\n<li data-start=\"2027\" data-end=\"2177\">\n<p data-start=\"2029\" data-end=\"2177\"><strong data-start=\"2029\" data-end=\"2057\">Rekabet\u00e7i Toplu Fiyatlar<\/strong><br data-start=\"2057\" data-end=\"2060\" \/>Fabrikadan do\u011frudan tedarik sayesinde \u015feffaf ve rekabet\u00e7i <strong data-start=\"2133\" data-end=\"2176\">toplu domates sal\u00e7as\u0131 fiyatlar\u0131 240kg varillerde sunuyoruz<\/strong>.<\/p>\n<\/li>\n<\/ul>\n<hr data-start=\"2179\" data-end=\"2182\" \/>\n<h2 data-start=\"2184\" data-end=\"2236\">2. Teknik \u00d6zellikler (End\u00fcstri Standard\u0131)<\/h2>\n<div class=\"TyagGW_tableContainer\">\n<div class=\"group TyagGW_tableWrapper flex flex-col-reverse w-fit\" tabindex=\"-1\">\n<table class=\"w-fit min-w-(--thread-content-width)\" data-start=\"2238\" data-end=\"2991\">\n<thead data-start=\"2238\" data-end=\"2262\">\n<tr data-start=\"2238\" data-end=\"2262\">\n<th data-start=\"2238\" data-end=\"2245\" data-col-size=\"sm\">\u00dcr\u00fcn<\/th>\n<th data-start=\"2245\" data-end=\"2262\" data-col-size=\"md\">\u015eartname<\/th>\n<\/tr>\n<\/thead>\n<tbody data-start=\"2273\" data-end=\"2991\">\n<tr data-start=\"2273\" data-end=\"2317\">\n<td data-start=\"2273\" data-end=\"2291\" data-col-size=\"sm\">Brix (Kat\u0131 Madde %)<\/td>\n<td data-col-size=\"md\" data-start=\"2291\" data-end=\"2317\">36\u201338%, 30\u201332%, 28\u201330%<\/td>\n<\/tr>\n<tr data-start=\"2318\" data-end=\"2362\">\n<td data-start=\"2318\" data-end=\"2336\" data-col-size=\"sm\">\u0130\u015fleme T\u00fcr\u00fc<\/td>\n<td data-col-size=\"md\" data-start=\"2336\" data-end=\"2362\">S\u0131cak Kesim \/ So\u011fuk Kesim<\/td>\n<\/tr>\n<tr data-start=\"2363\" data-end=\"2391\">\n<td data-start=\"2363\" data-end=\"2384\" data-col-size=\"sm\">Lycopene (mg\/100g)<\/td>\n<td data-col-size=\"md\" data-start=\"2384\" data-end=\"2391\">&gt;50<\/td>\n<\/tr>\n<tr data-start=\"2392\" data-end=\"2436\">\n<td data-start=\"2392\" data-end=\"2419\" data-col-size=\"sm\">Bostwick (12.5%, cm\/30s)<\/td>\n<td data-col-size=\"md\" data-start=\"2419\" data-end=\"2436\">7.0\u20139.0 \/ 3\u20134<\/td>\n<\/tr>\n<tr data-start=\"2437\" data-end=\"2463\">\n<td data-start=\"2437\" data-end=\"2457\" data-col-size=\"sm\">Toplam Asitlik (%)<\/td>\n<td data-col-size=\"md\" data-start=\"2457\" data-end=\"2463\">&lt;8<\/td>\n<\/tr>\n<tr data-start=\"2464\" data-end=\"2483\">\n<td data-start=\"2464\" data-end=\"2476\" data-col-size=\"sm\">H.M.C (%)<\/td>\n<td data-col-size=\"md\" data-start=\"2476\" data-end=\"2483\">&lt;40<\/td>\n<\/tr>\n<tr data-start=\"2484\" data-end=\"2502\">\n<td data-start=\"2484\" data-end=\"2489\" data-col-size=\"sm\">pH<\/td>\n<td data-col-size=\"md\" data-start=\"2489\" data-end=\"2502\">4.2 \u00b1 0.2<\/td>\n<\/tr>\n<tr data-start=\"2503\" data-end=\"2523\">\n<td data-start=\"2503\" data-end=\"2515\" data-col-size=\"sm\">A\/B Oran\u0131<\/td>\n<td data-col-size=\"md\" data-start=\"2515\" data-end=\"2523\">&gt;2.1<\/td>\n<\/tr>\n<tr data-start=\"2524\" data-end=\"2546\">\n<td data-start=\"2524\" data-end=\"2538\" data-col-size=\"sm\">Teneke (mg\/kg)<\/td>\n<td data-col-size=\"md\" data-start=\"2538\" data-end=\"2546\">&lt;200<\/td>\n<\/tr>\n<tr data-start=\"2547\" data-end=\"2571\">\n<td data-start=\"2547\" data-end=\"2564\" data-col-size=\"sm\">Bak\u0131r (mg\/kg)<\/td>\n<td data-col-size=\"md\" data-start=\"2564\" data-end=\"2571\">&lt;10<\/td>\n<\/tr>\n<tr data-start=\"2572\" data-end=\"2593\">\n<td data-start=\"2572\" data-end=\"2587\" data-col-size=\"sm\">Kur\u015fun (mg\/kg)<\/td>\n<td data-col-size=\"md\" data-start=\"2587\" data-end=\"2593\">&lt;1<\/td>\n<\/tr>\n<tr data-start=\"2594\" data-end=\"2620\">\n<td data-start=\"2594\" data-end=\"2612\" data-col-size=\"sm\">Arsenik (mg\/kg)<\/td>\n<td data-col-size=\"md\" data-start=\"2612\" data-end=\"2620\">&lt;0.5<\/td>\n<\/tr>\n<tr data-start=\"2621\" data-end=\"2640\">\n<td data-start=\"2621\" data-end=\"2630\" data-col-size=\"sm\">Ekran<\/td>\n<td data-col-size=\"md\" data-start=\"2630\" data-end=\"2640\">0.6 mm<\/td>\n<\/tr>\n<tr data-start=\"2641\" data-end=\"2692\">\n<td data-start=\"2641\" data-end=\"2649\" data-col-size=\"sm\">Renk<\/td>\n<td data-col-size=\"md\" data-start=\"2649\" data-end=\"2692\">K\u0131rm\u0131z\u0131 parlak k\u0131rm\u0131z\u0131dan koyu k\u0131rm\u0131z\u0131ya, kahverengi tonlar yok<\/td>\n<\/tr>\n<tr data-start=\"2693\" data-end=\"2744\">\n<td data-start=\"2693\" data-end=\"2710\" data-col-size=\"sm\">Ambalaj Format\u0131<\/td>\n<td data-col-size=\"md\" data-start=\"2710\" data-end=\"2744\">\u00c7elik varil i\u00e7inde 220L aseptik po\u015fet<\/td>\n<\/tr>\n<tr data-start=\"2745\" data-end=\"2776\">\n<td data-start=\"2745\" data-end=\"2755\" data-col-size=\"sm\">Y\u00fckleme<\/td>\n<td data-col-size=\"md\" data-start=\"2755\" data-end=\"2776\">80 varil \/ 20\u2019FCL<\/td>\n<\/tr>\n<tr data-start=\"2777\" data-end=\"2813\">\n<td data-start=\"2777\" data-end=\"2790\" data-col-size=\"sm\">Net A\u011f\u0131rl\u0131k<\/td>\n<td data-col-size=\"md\" data-start=\"2790\" data-end=\"2813\">Her varil ba\u015f\u0131na 235\u2013260 kg<\/td>\n<\/tr>\n<tr data-start=\"2814\" data-end=\"2850\">\n<td data-start=\"2814\" data-end=\"2828\" data-col-size=\"sm\">Paletleme<\/td>\n<td data-col-size=\"md\" data-start=\"2828\" data-end=\"2850\">Her palete 4 varil<\/td>\n<\/tr>\n<tr data-start=\"2851\" data-end=\"2924\">\n<td data-start=\"2851\" data-end=\"2871\" data-col-size=\"sm\">Depolama Ko\u015fullar\u0131<\/td>\n<td data-start=\"2871\" data-end=\"2924\" data-col-size=\"md\">Serin, kuru, havaland\u0131r\u0131lan alan, do\u011frudan g\u00fcne\u015f \u0131\u015f\u0131\u011f\u0131ndan ka\u00e7\u0131n\u0131n<\/td>\n<\/tr>\n<tr data-start=\"2925\" data-end=\"2972\">\n<td data-start=\"2925\" data-end=\"2938\" data-col-size=\"sm\">Raf \u00d6mr\u00fc<\/td>\n<td data-col-size=\"md\" data-start=\"2938\" data-end=\"2972\">\u00dcretim tarihinden itibaren 24 ay<\/td>\n<\/tr>\n<tr data-start=\"2973\" data-end=\"2991\">\n<td data-start=\"2973\" data-end=\"2982\" data-col-size=\"sm\">Men\u015fei<\/td>\n<td data-col-size=\"md\" data-start=\"2982\" data-end=\"2991\">\u00c7in<\/td>\n<\/tr>\n<\/tbody>\n<\/table>\n<\/div>\n<\/div>\n<hr data-start=\"2993\" data-end=\"2996\" \/>\n<h2 data-start=\"2998\" data-end=\"3044\">240kg Varil Domates Sal\u00e7as\u0131n\u0131n Raf \u00d6mr\u00fc<\/h2>\n<p data-start=\"3046\" data-end=\"3313\">Uygun depolama ko\u015fullar\u0131 alt\u0131nda, <strong data-start=\"3083\" data-end=\"3148\">240kg varil domates sal\u00e7as\u0131n\u0131n raf \u00f6mr\u00fc \u00fcretim tarihinden itibaren 24 aya kadar<\/strong> Aseptik dolum sistemi kontaminasyonu \u00f6nler, uzun vadeli stok planlamas\u0131 ve uluslararas\u0131 da\u011f\u0131t\u0131m i\u00e7in uygundur.<\/p>\n<p data-start=\"3315\" data-end=\"3455\">A\u00e7\u0131ld\u0131ktan sonra, sal\u00e7ay\u0131 g\u0131da s\u0131n\u0131f\u0131 kaplara aktarman\u0131z\u0131 ve standart g\u0131da g\u00fcvenli\u011fi uygulamalar\u0131na uygun olarak hemen kullanman\u0131z\u0131 \u00f6neririz.<\/p>\n<hr data-start=\"3457\" data-end=\"3460\" \/>\n<h2 data-start=\"3462\" data-end=\"3504\">4. Uygulama Kapsam\u0131 ve M\u00fc\u015fteri De\u011feri<\/h2>\n<p data-start=\"3506\" data-end=\"3619\">Bizim <strong data-start=\"3510\" data-end=\"3546\">240kg varillerde toplu domates sal\u00e7as\u0131<\/strong> y\u00fcksek hacimli \u00fcretimi desteklemek ve birim maliyetleri azaltmak amac\u0131yla tasarlanm\u0131\u015ft\u0131r.<\/p>\n<h3 data-start=\"3621\" data-end=\"3645\">Tipik Uygulamalar<\/h3>\n<ul data-start=\"3647\" data-end=\"4097\">\n<li data-start=\"3647\" data-end=\"3758\">\n<p data-start=\"3649\" data-end=\"3758\"><strong data-start=\"3649\" data-end=\"3674\">Ket\u00e7ap \u00dcretimi<\/strong><br data-start=\"3674\" data-end=\"3677\" \/>28\u201330% Brix so\u011fuk k\u0131rma sal\u00e7as\u0131 stabil viskozite ve taze domates aromas\u0131 sa\u011flar.<\/p>\n<\/li>\n<li data-start=\"3760\" data-end=\"3862\">\n<p data-start=\"3762\" data-end=\"3862\"><strong data-start=\"3762\" data-end=\"3788\">Konserve G\u0131dalar ve \u00c7orbalar<\/strong><br data-start=\"3788\" data-end=\"3791\" \/>36\u201338% Brix sal\u00e7as\u0131 g\u00fc\u00e7l\u00fc renk ve yo\u011funluk verimlili\u011fi sa\u011flar.<\/p>\n<\/li>\n<li data-start=\"3864\" data-end=\"3968\">\n<p data-start=\"3866\" data-end=\"3968\"><strong data-start=\"3866\" data-end=\"3891\">Soslar ve Baharatlar<\/strong><br data-start=\"3891\" data-end=\"3894\" \/>Domates bazl\u0131 soslar, chili soslar ve kar\u0131\u015f\u0131k baharatlar i\u00e7in uygundur.<\/p>\n<\/li>\n<li data-start=\"3970\" data-end=\"4097\">\n<p data-start=\"3972\" data-end=\"4097\"><strong data-start=\"3972\" data-end=\"4007\">Uluslararas\u0131 Ticaret ve Yeniden Paketleme<\/strong><br data-start=\"4007\" data-end=\"4010\" \/>Standartla\u015ft\u0131r\u0131lm\u0131\u015f varil format\u0131, verimli konteyner y\u00fcklemesi ve kolay yeniden da\u011f\u0131t\u0131m sa\u011flar.<\/p>\n<\/li>\n<\/ul>\n<hr data-start=\"4099\" data-end=\"4102\" \/>\n<h2 data-start=\"4104\" data-end=\"4141\">5. Sat\u0131n Alma Rehberi ve Hizmetler<\/h2>\n<h3 data-start=\"4142\" data-end=\"4183\">240kg Domates Sal\u00e7as\u0131 Varillerini Nereden Al\u0131n\u0131r<\/h3>\n<p data-start=\"4185\" data-end=\"4345\">G\u00fcvenilir bir <strong data-start=\"4219\" data-end=\"4255\">240kg varil domates sal\u00e7as\u0131 tedarik\u00e7isi<\/strong>, fabrikadan do\u011frudan tedarik sa\u011fl\u0131yoruz ve b\u00fcy\u00fck k\u00fcresel limanlara esnek nakliye \u00e7\u00f6z\u00fcmleri sunuyoruz.<\/p>\n<h4 data-start=\"4347\" data-end=\"4384\">Sat\u0131n Alma Anahtar Kelimeleri ve Hizmetler<\/h4>\n<ul data-start=\"4386\" data-end=\"4860\">\n<li data-start=\"4386\" data-end=\"4510\">\n<p data-start=\"4388\" data-end=\"4510\"><strong data-start=\"4388\" data-end=\"4424\">240kg Domates Sal\u00e7as\u0131 Varil Fiyat\u0131<\/strong><br data-start=\"4424\" data-end=\"4427\" \/>Brix, miktar ve var\u0131\u015f noktas\u0131na g\u00f6re ger\u00e7ek zamanl\u0131 FOB veya CIF fiyat teklifleri talep edin.<\/p>\n<\/li>\n<li data-start=\"4512\" data-end=\"4668\">\n<p data-start=\"4514\" data-end=\"4668\"><strong data-start=\"4514\" data-end=\"4575\">Asya ve K\u00fcresel Limanlar Yak\u0131n\u0131nda Toplu 240kg Domates Sal\u00e7as\u0131 Varilleri<\/strong><br data-start=\"4575\" data-end=\"4578\" \/>G\u00fcneydo\u011fu Asya, Orta Do\u011fu, Afrika, G\u00fcney Amerika ve Avrupa'ya d\u00fczenli sevkiyatlar.<\/p>\n<\/li>\n<li data-start=\"4670\" data-end=\"4766\">\n<p data-start=\"4672\" data-end=\"4766\"><strong data-start=\"4672\" data-end=\"4702\">Toplu Al\u0131c\u0131lar \u0130\u00e7in Promosyonlar<\/strong><br data-start=\"4702\" data-end=\"4705\" \/>\u0130\u015fleme kampanyas\u0131 s\u0131ras\u0131nda mevsimlik fiyat avantajlar\u0131.<\/p>\n<\/li>\n<li data-start=\"4768\" data-end=\"4860\">\n<p data-start=\"4770\" data-end=\"4860\"><strong data-start=\"4770\" data-end=\"4788\">Sertifikalar<\/strong><br data-start=\"4788\" data-end=\"4791\" \/>HACCP, ISO, BRC, HALAL ve tam ihracat belgeleri sa\u011flanmaktad\u0131r.<\/p>\n<\/li>\n<\/ul>\n<hr data-start=\"4862\" data-end=\"4865\" \/>\n<h2 data-start=\"4867\" data-end=\"4904\">6. Lojistik ve \u0130hracat Kapasitesi<\/h2>\n<ul data-start=\"4906\" data-end=\"5134\">\n<li data-start=\"4906\" data-end=\"4970\">\n<p data-start=\"4908\" data-end=\"4970\">Yakla\u015f\u0131k. <strong data-start=\"4916\" data-end=\"4939\">80 varil\/20\u2019FCL<\/strong>, deniz ta\u015f\u0131mac\u0131l\u0131\u011f\u0131na uygun<\/p>\n<\/li>\n<li data-start=\"4971\" data-end=\"5057\">\n<p data-start=\"4973\" data-end=\"5057\">Gemi rezervasyonu, g\u00fcmr\u00fck beyannamesi ve sevkiyat belgeleri haz\u0131rlama deste\u011fi<\/p>\n<\/li>\n<li data-start=\"5058\" data-end=\"5134\">\n<p data-start=\"5060\" data-end=\"5134\">G\u0131da fabrikalar\u0131, distrib\u00fct\u00f6rler ve ticaret \u015firketlerine hizmette deneyimli<\/p>\n<\/li>\n<\/ul>\n<hr data-start=\"5136\" data-end=\"5139\" \/>\n<h2 data-start=\"5141\" data-end=\"5176\">7. SSS \u2013 240kg Varil Domates Sal\u00e7as\u0131<\/h2>\n<p data-start=\"5178\" data-end=\"5298\"><strong data-start=\"5178\" data-end=\"5224\">S1: Numune sa\u011fl\u0131yor musunuz? \u00dccretsiz mi?<\/strong><br data-start=\"5224\" data-end=\"5227\" \/>C: Evet, \u00fccretsiz numuneler mevcuttur. Nakliye maliyeti al\u0131c\u0131ya aittir.<\/p>\n<p data-start=\"5300\" data-end=\"5389\"><strong data-start=\"5300\" data-end=\"5341\">S2: Hangi sertifikalara sahipsiniz?<\/strong><br data-start=\"5341\" data-end=\"5344\" \/>C: HACCP, ISO, BRC ve HALAL sertifikalar\u0131na sahibiz.<\/p>\n<p data-start=\"5391\" data-end=\"5537\"><strong data-start=\"5391\" data-end=\"5435\">S3: Hangi nakliye hizmetlerini sunuyorsunuz?<\/strong><br data-start=\"5435\" data-end=\"5438\" \/>C: Gemi rezervasyonu, kargo konsolidasyonu, g\u00fcmr\u00fck i\u015flemleri, ihracat evraklar\u0131 ve liman teslimat\u0131.<\/p>\n<p data-start=\"5539\" data-end=\"5636\"><strong data-start=\"5539\" data-end=\"5564\">S4: Minimum sipari\u015f miktar\u0131n\u0131z nedir?<\/strong><br data-start=\"5564\" data-end=\"5567\" \/>C: Standart olarak bir tam konteyner. LCL talep \u00fczerine desteklenebilir.<\/p>\n<p data-start=\"5638\" data-end=\"5792\"><strong data-start=\"5638\" data-end=\"5683\">S5: Sat\u0131n almadan \u00f6nce daha fazla bilgi edinmek ister misiniz?<\/strong><br data-start=\"5683\" data-end=\"5686\" \/>C: L\u00fctfen detayl\u0131 <strong data-start=\"5718\" data-end=\"5756\">varil domates sal\u00e7as\u0131 sat\u0131n alma k\u0131lavuzumuza<\/strong> bak\u0131n\u0131z veya sat\u0131\u015f ekibimizle do\u011frudan ileti\u015fime ge\u00e7iniz.<\/p>\n<hr data-start=\"5794\" data-end=\"5797\" \/>\n<h3 data-start=\"5799\" data-end=\"5838\">\u00d6zel \u00c7\u00f6z\u00fcmler \u0130\u00e7in Bizimle \u0130leti\u015fime Ge\u00e7in<\/h3>\n<p data-start=\"5840\" data-end=\"6092\">\u00d6zel \u00f6zellikler, \u00f6zel markalama deste\u011fi veya toplu al\u0131m talepleri i\u00e7in l\u00fctfen sat\u0131\u015f ekibimizle ileti\u015fime ge\u00e7in. Fabrika odakl\u0131 olarak<a href=\"https:\/\/taichytomato.com\/tr\/contact\/\"> <strong data-start=\"5979\" data-end=\"6019\">240kg varil domates sal\u00e7as\u0131 tedarik\u00e7isi<\/strong>,<\/a> k\u00fcresel ortaklar\u0131m\u0131zla uzun vadeli, istikrarl\u0131 i\u015fbirli\u011fine ba\u011fl\u0131y\u0131z.<\/p>","protected":false},"excerpt":{"rendered":"<p><b>Premium 240kg Sterilize Varil Domates Sal\u00e7as\u0131.<\/b> En y\u00fcksek sezon domateslerinden yo\u011funla\u015ft\u0131r\u0131lm\u0131\u015f, mevcut <b><a href=\"https:\/\/taichytomato.com\/tr\/urun\/tomato-paste-36-38\/\">Brix 36-38%<\/a> \/ <a href=\"https:\/\/taichytomato.com\/tr\/urun\/28-30-brix-tomato-paste-%ef%bc%88cb%ef%bc%89\/\">28-30% (CB<\/a>\/<a href=\"https:\/\/taichytomato.com\/tr\/urun\/tomato-paste-28-30\/\">HB<\/a>)<\/b>. Katk\u0131s\u0131z ve HACCP\/BRC sertifikal\u0131d\u0131r. \u0130deal <b>ham madde<\/b> k\u00fcresel g\u0131da \u00fcreticileri, tedarik zincirleri ve t\u00fcccarlar i\u00e7in aranan <b>toplu tedarik<\/b>.<\/p>","protected":false},"featured_media":2579,"template":"","meta":{"_acf_changed":false,"_seopress_robots_primary_cat":"none","_seopress_titles_title":"240kg Drum Tomato Paste | Manufacturer Direct Taichy tomato","_seopress_titles_desc":"Purchase  tomato paste 240kg drum directly from our factory. We guarantee quality and competitive prices suit for sauces, canned goods .","_seopress_robots_index":"","site-sidebar-layout":"default","site-content-layout":"","ast-site-content-layout":"default","site-content-style":"default","site-sidebar-style":"default","ast-global-header-display":"","ast-banner-title-visibility":"","ast-main-header-display":"","ast-hfb-above-header-display":"","ast-hfb-below-header-display":"","ast-hfb-mobile-header-display":"","site-post-title":"","ast-breadcrumbs-content":"","ast-featured-img":"","footer-sml-layout":"","ast-disable-related-posts":"","theme-transparent-header-meta":"default","adv-header-id-meta":"","stick-header-meta":"","header-above-stick-meta":"","header-main-stick-meta":"","header-below-stick-meta":"","astra-migrate-meta-layouts":"set","ast-page-background-enabled":"default","ast-page-background-meta":{"desktop":{"background-color":"var(--ast-global-color-5)","background-image":"","background-repeat":"repeat","background-position":"center center","background-size":"auto","background-attachment":"scroll","background-type":"","background-media":"","overlay-type":"","overlay-color":"","overlay-opacity":"","overlay-gradient":""},"tablet":{"background-color":"","background-image":"","background-repeat":"repeat","background-position":"center center","background-size":"auto","background-attachment":"scroll","background-type":"","background-media":"","overlay-type":"","overlay-color":"","overlay-opacity":"","overlay-gradient":""},"mobile":{"background-color":"","background-image":"","background-repeat":"repeat","background-position":"center center","background-size":"auto","background-attachment":"scroll","background-type":"","background-media":"","overlay-type":"","overlay-color":"","overlay-opacity":"","overlay-gradient":""}},"ast-content-background-meta":{"desktop":{"background-color":"var(--ast-global-color-4)","background-image":"","background-repeat":"repeat","background-position":"center center","background-size":"auto","background-attachment":"scroll","background-type":"","background-media":"","overlay-type":"","overlay-color":"","overlay-opacity":"","overlay-gradient":""},"tablet":{"background-color":"var(--ast-global-color-4)","background-image":"","background-repeat":"repeat","background-position":"center center","background-size":"auto","background-attachment":"scroll","background-type":"","background-media":"","overlay-type":"","overlay-color":"","overlay-opacity":"","overlay-gradient":""},"mobile":{"background-color":"var(--ast-global-color-4)","background-image":"","background-repeat":"repeat","background-position":"center center","background-size":"auto","background-attachment":"scroll","background-type":"","background-media":"","overlay-type":"","overlay-color":"","overlay-opacity":"","overlay-gradient":""}}},"product_brand":[],"product_cat":[28],"product_tag":[207,189,46,191],"class_list":{"0":"post-1944","1":"product","2":"type-product","3":"status-publish","4":"has-post-thumbnail","6":"product_cat-drum-tomato-paste","7":"product_tag-big-drum-tomato-paste","8":"product_tag-cold-break","9":"product_tag-drum-tomato-paste","10":"product_tag-hot-break","11":"desktop-align-left","12":"tablet-align-left","13":"mobile-align-left","15":"first","16":"instock","17":"sale","18":"shipping-taxable","19":"purchasable","20":"product-type-simple"},"acf":[],"_links":{"self":[{"href":"https:\/\/taichytomato.com\/tr\/wp-json\/wp\/v2\/product\/1944","targetHints":{"allow":["GET"]}}],"collection":[{"href":"https:\/\/taichytomato.com\/tr\/wp-json\/wp\/v2\/product"}],"about":[{"href":"https:\/\/taichytomato.com\/tr\/wp-json\/wp\/v2\/types\/product"}],"version-history":[{"count":0,"href":"https:\/\/taichytomato.com\/tr\/wp-json\/wp\/v2\/product\/1944\/revisions"}],"wp:featuredmedia":[{"embeddable":true,"href":"https:\/\/taichytomato.com\/tr\/wp-json\/wp\/v2\/media\/2579"}],"wp:attachment":[{"href":"https:\/\/taichytomato.com\/tr\/wp-json\/wp\/v2\/media?parent=1944"}],"wp:term":[{"taxonomy":"product_brand","embeddable":true,"href":"https:\/\/taichytomato.com\/tr\/wp-json\/wp\/v2\/product_brand?post=1944"},{"taxonomy":"product_cat","embeddable":true,"href":"https:\/\/taichytomato.com\/tr\/wp-json\/wp\/v2\/product_cat?post=1944"},{"taxonomy":"product_tag","embeddable":true,"href":"https:\/\/taichytomato.com\/tr\/wp-json\/wp\/v2\/product_tag?post=1944"}],"curies":[{"name":"wp","href":"https:\/\/api.w.org\/{rel}","templated":true}]}}