{"id":1892,"date":"2025-07-07T21:47:30","date_gmt":"2025-07-08T05:47:30","guid":{"rendered":"https:\/\/taichytomato.com\/?post_type=product&#038;p=1892"},"modified":"2026-01-04T01:02:07","modified_gmt":"2026-01-04T09:02:07","slug":"big-drum-tomato-paste","status":"publish","type":"product","link":"https:\/\/taichytomato.com\/tr\/urun\/big-drum-tomato-paste\/","title":{"rendered":"B\u00fcy\u00fck Varil Domates Sal\u00e7as\u0131 \u2013 Aseptik End\u00fcstriyel Hammadde"},"content":{"rendered":"<h2>1. \u00dcr\u00fcn \u00d6zellikleri ve Temel De\u011fer<\/h2>\n<p>Biz \u00f6nde gelen bir <b>B\u00fcy\u00fck Varil Domates Sal\u00e7as\u0131 \u00dcreticisiyiz<\/b> ve <b>Fabrika<\/b>, y\u00fcksek hacimli, birinci s\u0131n\u0131f konsantre domates sal\u00e7as\u0131nda uzmanla\u015fm\u0131\u015f. \u00dcr\u00fcn\u00fcm\u00fcz, temel <b>End\u00fcstriyel Hammadde B\u00fcy\u00fck Varil Domates Sal\u00e7as\u0131<\/b> olarak k\u00fcresel g\u0131da i\u015fleyicilerine \u00fcst\u00fcn renk, lezzet ve k\u0131vam\u0131 garanti eder.<\/p>\n<p>Genel olarak, \u201cb\u00fcy\u00fck teneke domates sal\u00e7as\u0131\u201d terimi yayg\u0131n olarak \u015funu ifade eder:<strong> 220 litrelik \u00e7elik tenekelerde<\/strong>.<\/p>\n<h3>\u00dcr\u00fcn \u00d6zellikleri ve Kalite Detaylar\u0131<\/h3>\n<p>&nbsp;<\/p>\n<ul>\n<li><b>Safl\u0131k:<\/b> Garantili <b>0 saf domates<\/b>, tuz, ni\u015fasta, yapay renk veya koruyucu madde i\u00e7ermez. \u015eunlar i\u00e7in idealdir: <b>temiz etiketli<\/b> \u00fcr\u00fcn hatlar\u0131.<\/li>\n<li><b>Konsantrasyon:<\/b> Birincil konsantrasyonlarda mevcuttur: <b>B\u00fcy\u00fck Teneke Domates Sal\u00e7as\u0131 36-38 Brix Toptan<\/b> (Y\u00fcksek Konsantre, nakliye i\u00e7in maliyet etkin) ve 28-30 Brix.<\/li>\n<li><b>\u0130\u015flem \u00c7ok Y\u00f6nl\u00fcl\u00fc\u011f\u00fc:<\/b> Hem So\u011fuk K\u0131rma (CB) hem de S\u0131cak K\u0131rma (HB) y\u00f6ntemleri sunuyoruz. Fark\u0131 anlaman\u0131z m\u0131 gerekiyor? K\u0131lavuzumuza g\u00f6z at\u0131n <b>B\u00fcy\u00fck Silindirik Domates Sal\u00e7as\u0131 So\u011fuk ve S\u0131cak \u0130\u015flem Kar\u015f\u0131la\u015ft\u0131rmas\u0131<\/b> uygulaman\u0131z i\u00e7in optimal viskoziteyi belirlemek ad\u0131na.<\/li>\n<li><b>Renk &amp; Likopen:<\/b> Sal\u00e7am\u0131z d\u00fczenli olarak y\u00fcksek bir A\/B renk de\u011feri (genellikle <span class=\"math-inline\"><span class=\"katex\"><span class=\"katex-html\" aria-hidden=\"true\"><span class=\"base\"><span class=\"mrel\">\u2265<\/span><\/span><span class=\"base\"><span class=\"mord\">2.1<\/span><\/span><\/span><\/span><\/span>), y\u00fcksek do\u011fal Likopen i\u00e7eri\u011fi ve yo\u011fun k\u0131rm\u0131z\u0131 renk g\u00f6sterir\u2014premium soslar ve ket\u00e7ap i\u00e7in \u00f6nemli bir fakt\u00f6r.<\/li>\n<\/ul>\n<hr \/>\n<h2>2.\u00a0<strong>\u00dcr\u00fcn spesifikasyonu<\/strong><\/h2>\n<table>\n<tbody>\n<tr>\n<td width=\"191\">brix(kat\u0131 madde)%<\/td>\n<td width=\"396\"><a href=\"https:\/\/taichytomato.com\/tr\/urun\/drum-tomato-paste-36-38\/\">36-38%<\/a>\uff0c<a href=\"https:\/\/taichytomato.com\/tr\/urun\/28-30-brix-tomato-paste\/\">28%-30%<\/a>\uff0c<a href=\"https:\/\/taichytomato.com\/tr\/urun\/30-32-drum-tomato-paste\/\">30-32%<\/a><\/td>\n<\/tr>\n<tr>\n<td width=\"191\">tip<\/td>\n<td width=\"396\">S\u0131cak \u0130\u015flem \/ So\u011fuk \u0130\u015flem<\/td>\n<\/tr>\n<tr>\n<td width=\"191\">likopen(mg\/100g)<\/td>\n<td width=\"396\">&gt;50<\/td>\n<\/tr>\n<tr>\n<td width=\"191\">bostwick(brix cinsinden<br \/>\n12,5%cm\/30sn)<\/td>\n<td width=\"396\">7.0-9.0,3-4<\/td>\n<\/tr>\n<tr>\n<td width=\"191\">toplam asitlik%<\/td>\n<td width=\"396\">&lt;8<\/td>\n<\/tr>\n<tr>\n<td width=\"191\">HM.C%<\/td>\n<td width=\"396\">&lt;40<\/td>\n<\/tr>\n<tr>\n<td width=\"191\">PH<\/td>\n<td width=\"396\">4.2\u00b10.2<\/td>\n<\/tr>\n<tr>\n<td width=\"191\">A\/B<\/td>\n<td width=\"396\">&gt;2.1<\/td>\n<\/tr>\n<tr>\n<td width=\"191\">Kur\u015fun(mg)<\/td>\n<td width=\"396\">&lt;200<\/td>\n<\/tr>\n<tr>\n<td width=\"191\">Bak\u0131r(mg)<\/td>\n<td width=\"396\">&lt;10<\/td>\n<\/tr>\n<tr>\n<td width=\"191\">Kur\u015fun(mg)<\/td>\n<td width=\"396\">&lt;1<\/td>\n<\/tr>\n<tr>\n<td width=\"191\">Arsenik(mg)<\/td>\n<td width=\"396\">&lt;0.5<\/td>\n<\/tr>\n<tr>\n<td width=\"191\">Ekran<\/td>\n<td width=\"396\">0,6mm<\/td>\n<\/tr>\n<tr>\n<td width=\"191\">Renk<\/td>\n<td width=\"396\">Kahverengi tonlar\u0131 olmadan parlak k\u0131rm\u0131z\u0131dan koyu k\u0131rm\u0131z\u0131ya<\/td>\n<\/tr>\n<tr>\n<td width=\"191\">Ambalaj format\u0131<\/td>\n<td width=\"396\">\u00a0220 litrelik aseptik torba, varil ambalaj\u0131nda 80<br \/>\nvaril\/20FCL, 224 varil\/vagon. N.W.235-260kg\/4 varil<br \/>\nbir palet \u00fczerinde<\/td>\n<\/tr>\n<tr>\n<td width=\"191\">Depolama ko\u015fullar\u0131<\/td>\n<td width=\"396\">Temiz, kuru, iyi havaland\u0131r\u0131lan bir alanda saklay\u0131n, do\u011frudan<br \/>\ng\u00fcne\u015f \u0131\u015f\u0131\u011f\u0131ndan koruyun<\/td>\n<\/tr>\n<tr>\n<td width=\"191\">Son kullanma tarihi<\/td>\n<td width=\"396\">Uygun saklama ko\u015fullar\u0131nda \u00fcretimden itibaren iki y\u0131l<br \/>\nko\u015fullar\u0131<\/td>\n<\/tr>\n<tr>\n<td width=\"191\">Men\u015fei Yeri<\/td>\n<td width=\"396\">\u00c7\u0130N<\/td>\n<\/tr>\n<\/tbody>\n<\/table>\n<p>\u00d6zelle\u015ftirilmi\u015f \u00e7\u00f6z\u00fcmler veya toplu al\u0131mlar i\u00e7in,\u00a0<a href=\"https:\/\/taichytomato.com\/tr\/contact\/\">l\u00fctfen sat\u0131\u015f ekibimizle her zaman ileti\u015fime ge\u00e7in.<\/a><\/p>\n<hr \/>\n<figure id=\"attachment_3013\" aria-describedby=\"caption-attachment-3013\" style=\"width: 291px\" class=\"wp-caption aligncenter\"><img fetchpriority=\"high\" decoding=\"async\" class=\"wp-image-3013\" src=\"https:\/\/taichytomato.com\/wp-content\/uploads\/2025\/07\/b3ba7277fb5ead084d98032eacc1580-225x300.jpg\" alt=\"Varil Domates Sal\u00e7as\u0131\" width=\"291\" height=\"388\" srcset=\"https:\/\/taichytomato.com\/wp-content\/uploads\/2025\/07\/b3ba7277fb5ead084d98032eacc1580-225x300.jpg 225w, https:\/\/taichytomato.com\/wp-content\/uploads\/2025\/07\/b3ba7277fb5ead084d98032eacc1580-768x1024.jpg 768w, https:\/\/taichytomato.com\/wp-content\/uploads\/2025\/07\/b3ba7277fb5ead084d98032eacc1580-1152x1536.jpg 1152w, https:\/\/taichytomato.com\/wp-content\/uploads\/2025\/07\/b3ba7277fb5ead084d98032eacc1580-9x12.jpg 9w, https:\/\/taichytomato.com\/wp-content\/uploads\/2025\/07\/b3ba7277fb5ead084d98032eacc1580-600x800.jpg 600w, https:\/\/taichytomato.com\/wp-content\/uploads\/2025\/07\/b3ba7277fb5ead084d98032eacc1580.jpg 1279w\" sizes=\"(max-width: 291px) 100vw, 291px\" \/><figcaption id=\"caption-attachment-3013\" class=\"wp-caption-text\">Varil Domates Sal\u00e7as\u0131<\/figcaption><\/figure>\n<h2>3. K\u00fcresel Tedarik Zinciri &amp; Sat\u0131n Alma<\/h2>\n<p>&nbsp;<\/p>\n<p>Toplu al\u0131c\u0131lar i\u00e7in tedarik s\u00fcrecini basitle\u015ftiriyoruz, fiyatland\u0131rma, lojistik ve kalite g\u00fcvencesinde \u015feffafl\u0131k sa\u011fl\u0131yoruz.<\/p>\n<h3>Sat\u0131n Alma &amp; Fiyatland\u0131rma<\/h3>\n<ul>\n<li><b>Fiyatland\u0131rma:<\/b> Rekabet\u00e7i teklif almak i\u00e7in hemen bizimle ileti\u015fime ge\u00e7in <a href=\"https:\/\/taichytomato.com\/tr\/contact\/\"><b>B\u00fcy\u00fck Silindirik Domates Sal\u00e7as\u0131 Teklifleri<\/b><\/a> ve kesin <b>B\u00fcy\u00fck Silindirik Domates Sal\u00e7as\u0131 Fiyat\u0131 kg ba\u015f\u0131na<\/b>. D\u00fczenli olarak \u00e7al\u0131\u015f\u0131yoruz <b>B\u00fcy\u00fck Varil Domates Sal\u00e7as\u0131 Promosyonlar\u0131<\/b> y\u00fcksek hacimli sipari\u015fler i\u00e7in.<\/li>\n<li><b>\u00d6zelle\u015ftirme:<\/b> Belirli viskozite veya ambalaj detaylar\u0131na m\u0131 ihtiyac\u0131n\u0131z var? Destek sa\u011fl\u0131yoruz <b>B\u00fcy\u00fck Varil Domates Sal\u00e7as\u0131 \u00d6zelle\u015ftirilmi\u015f<\/b> \u00fcretim hatt\u0131n\u0131za uygun \u00e7\u00f6z\u00fcmler.<\/li>\n<li><b>Minimum Sipari\u015f:<\/b> Standart <b>Minimum Sipari\u015f Miktar\u0131 (MOQ) i\u00e7in<\/b> B\u00fcy\u00fck Varil Domates Sal\u00e7as\u0131. <strong>bir 20ft konteyner (yakla\u015f\u0131k<\/strong>80 varil <b>) ile verimli hale getirir<\/b>.<\/li>\n<\/ul>\n<h3>B\u00fcy\u00fck Varil Domates Sal\u00e7as\u0131 Toplu Sat\u0131n Alma<\/h3>\n<ul>\n<li><b>Lojistik ve Da\u011f\u0131t\u0131m<\/b> \u0130hracat Uzmanl\u0131\u011f\u0131: <b>Profesyonel bir<\/b>, B\u00fcy\u00fck Varil Steril Domates Sal\u00e7as\u0131 \u0130hracat\u00e7\u0131s\u0131 olarak.<\/li>\n<li><b>t\u00fcm uluslararas\u0131 belge ve uyum gereksinimlerini y\u00f6netiyoruz.<\/b> Nakliye: <b>20ft Konteyner ile Nakliye B\u00fcy\u00fck Varil Domates Sal\u00e7as\u0131<\/b> d\u00fcnya genelinde, zaman\u0131nda ve g\u00fcvenli teslimat sa\u011flanarak.<\/li>\n<li><b>Konum:<\/b> K\u00fcresel hizmet verirken, e\u011fer ar\u0131yorsan\u0131z <b>Yak\u0131n\u0131mda B\u00fcy\u00fck Varil Domates Sal\u00e7as\u0131 Tedarik\u00e7ileri<\/b>, \u00f6zel lojistik ekibimiz en h\u0131zl\u0131 rota ve teslimat tahmini sa\u011flayacakt\u0131r.<\/li>\n<\/ul>\n<h2>4. Uygulamalar ve Hedef End\u00fcstriler<\/h2>\n<p>&nbsp;<\/p>\n<p>B\u00fcy\u00fck varil sal\u00e7am\u0131z \u00e7e\u015fitli sekt\u00f6rlerde temel bile\u015fen olarak kullan\u0131lmaktad\u0131r:<\/p>\n<ul>\n<li><b>Ket\u00e7ap ve Soslar:<\/b> Y\u00fcksek-Brix sal\u00e7a \u00f6ncelikle kullan\u0131l\u0131r <b>Ket\u00e7ap \u00dcretimi i\u00e7in B\u00fcy\u00fck Varil Domates Sal\u00e7as\u0131<\/b> ve \u00e7e\u015fitli bat\u0131rma soslar\u0131.<\/li>\n<li><b>Konserve ve Otoklavlama:<\/b> \u00c7orba, g\u00fcve\u00e7 ve konserve sebze \u00fcr\u00fcnleri i\u00e7in temel, stabil renk ve tat profili gerektiren \u00fcr\u00fcnler.<\/li>\n<li><b>Yiyecek Hizmetleri:<\/b> B\u00fcy\u00fck \u00f6l\u00e7ekli end\u00fcstriyel mutfaklara ve merkezi catering tesislerine, uzun raf \u00f6mr\u00fcne sahip b\u00fcy\u00fck formatl\u0131 malzemeler tedarik eder.<\/li>\n<\/ul>\n<hr \/>\n<p>&nbsp;<\/p>\n<h2>5. S\u0131k\u00e7a Sorulan Sorular (SSS)<\/h2>\n<p>&nbsp;<\/p>\n<p><b>S1: End\u00fcstriyel ham maddeleriniz olan b\u00fcy\u00fck varil domates sal\u00e7as\u0131n\u0131n ana kullan\u0131mlar\u0131 nelerdir?<\/b><\/p>\n<p>C: \u00d6ncelikle ket\u00e7ap, makarna soslar\u0131, domates suyu kar\u0131\u015f\u0131mlar\u0131, konserve domates ve haz\u0131r yemekler gibi bitmi\u015f \u00fcr\u00fcnlerin \u00fcretiminde y\u00fcksek konsantrasyonlu temel bile\u015fen olarak kullan\u0131l\u0131r.<\/p>\n<p><b>S2: B\u00fcy\u00fck varil aseptik ambalajlaman\u0131n avantaj\u0131 nedir?<\/b><\/p>\n<p>A: The <b>Teneke Domates Sal\u00e7as\u0131 Aseptik Torba<\/b> a\u00e7\u0131ld\u0131ktan sonra so\u011futma gerektirmeden ticari steriliteyi korur. Bu, <b>B\u00fcy\u00fck Teneke Aseptik Domates Sal\u00e7as\u0131 Raf \u00d6mr\u00fcn\u00fc<\/b> genellikle 18-24 aya kadar uzat\u0131r ve \u00fcr\u00fcn\u00fcn mikrobiyal kontaminasyondan ar\u0131nm\u0131\u015f olmas\u0131n\u0131 sa\u011flar.<\/p>\n<p><b>Q3: Sal\u00e7a kesinlikle 240kg m\u0131?<\/b><\/p>\n<p>A: Tenekeler standart 220L kaplar olup, net a\u011f\u0131rl\u0131k genellikle Brix seviyesine ba\u011fl\u0131 olarak 235kg ile 245kg aras\u0131nda de\u011fi\u015fir (yakla\u015f\u0131k). <b>240kg<\/b>Her sevkiyat i\u00e7in Analiz Sertifikas\u0131'nda (COA) onayl\u0131 <b>220L B\u00fcy\u00fck Teneke Domates Sal\u00e7as\u0131 Net A\u011f\u0131rl\u0131\u011f\u0131n\u0131<\/b> sa\u011fl\u0131yoruz.<\/p>\n<p><b>Q4: Kalite kontrol\u00fcn\u00fcz B\u00fcy\u00fck Teneke Domates Sal\u00e7as\u0131'n\u0131n HACCP Sertifikas\u0131 almas\u0131n\u0131 nas\u0131l sa\u011flar?<\/b><\/p>\n<p>A: Sertifikal\u0131 olarak <b>B\u00fcy\u00fck Varil Domates Sal\u00e7as\u0131 \u00dcreticisiyiz<\/b>, t\u00fcm \u00fcretim s\u00fcrecimiz\u2014ham domatesin al\u0131nmas\u0131ndan aseptik doluma\u2014s\u0131k\u0131 HACCP protokolleri alt\u0131nda izlenir. Bu, yabanc\u0131 madde tespiti, patojen kontrol\u00fc ve Brix ile A\/B renk de\u011ferlerinin s\u00fcrekli test edilmesini i\u00e7erir.<\/p>\n<p><b>Bug\u00fcn B\u00fcy\u00fck Teneke Domates Sal\u00e7as\u0131 Toplu Al\u0131m ihtiya\u00e7lar\u0131n\u0131z i\u00e7in \u00f6zel dan\u0131\u015fmanl\u0131k al\u0131n!<\/b><\/p>","protected":false},"excerpt":{"rendered":"<p>Y\u00fcksek kaliteli <b>B\u00fcy\u00fck Varil Domates Sal\u00e7as\u0131<\/b> g\u0131da \u00fcretimi i\u00e7in. 0 saf, katk\u0131s\u0131z ve y\u00fcksek Likopen i\u00e7eri\u011fi garantili. Verimli konteyner sevkiyat\u0131 i\u00e7in standart 240kg net a\u011f\u0131rl\u0131k.<b>G\u00fcvenilir bir B\u00fcy\u00fck Varil Domates Sal\u00e7as\u0131 \u015eirketi mi ar\u0131yorsunuz? En rekabet\u00e7i B\u00fcy\u00fck Varil Domates Sal\u00e7as\u0131 Fiyat Tekliflerini ve kg ba\u015f\u0131na fiyat\u0131 bug\u00fcn al\u0131n!<\/b><\/p>","protected":false},"featured_media":170,"template":"","meta":{"_acf_changed":false,"_seopress_robots_primary_cat":"none","_seopress_titles_title":"Big Drum Tomato Paste Manufacturer | Wholesale Quotes","_seopress_titles_desc":"220L big drum tomato paste direct from factory. Fast wholesale pricing and promotions. Contact us now.","_seopress_robots_index":"","site-sidebar-layout":"default","site-content-layout":"","ast-site-content-layout":"default","site-content-style":"default","site-sidebar-style":"default","ast-global-header-display":"","ast-banner-title-visibility":"","ast-main-header-display":"","ast-hfb-above-header-display":"","ast-hfb-below-header-display":"","ast-hfb-mobile-header-display":"","site-post-title":"","ast-breadcrumbs-content":"","ast-featured-img":"","footer-sml-layout":"","ast-disable-related-posts":"","theme-transparent-header-meta":"default","adv-header-id-meta":"","stick-header-meta":"","header-above-stick-meta":"","header-main-stick-meta":"","header-below-stick-meta":"","astra-migrate-meta-layouts":"set","ast-page-background-enabled":"default","ast-page-background-meta":{"desktop":{"background-color":"var(--ast-global-color-5)","background-image":"","background-repeat":"repeat","background-position":"center center","background-size":"auto","background-attachment":"scroll","background-type":"","background-media":"","overlay-type":"","overlay-color":"","overlay-opacity":"","overlay-gradient":""},"tablet":{"background-color":"","background-image":"","background-repeat":"repeat","background-position":"center center","background-size":"auto","background-attachment":"scroll","background-type":"","background-media":"","overlay-type":"","overlay-color":"","overlay-opacity":"","overlay-gradient":""},"mobile":{"background-color":"","background-image":"","background-repeat":"repeat","background-position":"center center","background-size":"auto","background-attachment":"scroll","background-type":"","background-media":"","overlay-type":"","overlay-color":"","overlay-opacity":"","overlay-gradient":""}},"ast-content-background-meta":{"desktop":{"background-color":"var(--ast-global-color-4)","background-image":"","background-repeat":"repeat","background-position":"center center","background-size":"auto","background-attachment":"scroll","background-type":"","background-media":"","overlay-type":"","overlay-color":"","overlay-opacity":"","overlay-gradient":""},"tablet":{"background-color":"var(--ast-global-color-4)","background-image":"","background-repeat":"repeat","background-position":"center center","background-size":"auto","background-attachment":"scroll","background-type":"","background-media":"","overlay-type":"","overlay-color":"","overlay-opacity":"","overlay-gradient":""},"mobile":{"background-color":"var(--ast-global-color-4)","background-image":"","background-repeat":"repeat","background-position":"center center","background-size":"auto","background-attachment":"scroll","background-type":"","background-media":"","overlay-type":"","overlay-color":"","overlay-opacity":"","overlay-gradient":""}}},"product_brand":[],"product_cat":[28],"product_tag":[207,189,46,191],"class_list":{"0":"post-1892","1":"product","2":"type-product","3":"status-publish","4":"has-post-thumbnail","6":"product_cat-drum-tomato-paste","7":"product_tag-big-drum-tomato-paste","8":"product_tag-cold-break","9":"product_tag-drum-tomato-paste","10":"product_tag-hot-break","11":"desktop-align-left","12":"tablet-align-left","13":"mobile-align-left","15":"first","16":"instock","17":"sale","18":"shipping-taxable","19":"purchasable","20":"product-type-simple"},"acf":[],"_links":{"self":[{"href":"https:\/\/taichytomato.com\/tr\/wp-json\/wp\/v2\/product\/1892","targetHints":{"allow":["GET"]}}],"collection":[{"href":"https:\/\/taichytomato.com\/tr\/wp-json\/wp\/v2\/product"}],"about":[{"href":"https:\/\/taichytomato.com\/tr\/wp-json\/wp\/v2\/types\/product"}],"version-history":[{"count":0,"href":"https:\/\/taichytomato.com\/tr\/wp-json\/wp\/v2\/product\/1892\/revisions"}],"wp:featuredmedia":[{"embeddable":true,"href":"https:\/\/taichytomato.com\/tr\/wp-json\/wp\/v2\/media\/170"}],"wp:attachment":[{"href":"https:\/\/taichytomato.com\/tr\/wp-json\/wp\/v2\/media?parent=1892"}],"wp:term":[{"taxonomy":"product_brand","embeddable":true,"href":"https:\/\/taichytomato.com\/tr\/wp-json\/wp\/v2\/product_brand?post=1892"},{"taxonomy":"product_cat","embeddable":true,"href":"https:\/\/taichytomato.com\/tr\/wp-json\/wp\/v2\/product_cat?post=1892"},{"taxonomy":"product_tag","embeddable":true,"href":"https:\/\/taichytomato.com\/tr\/wp-json\/wp\/v2\/product_tag?post=1892"}],"curies":[{"name":"wp","href":"https:\/\/api.w.org\/{rel}","templated":true}]}}