{"id":1816,"date":"2025-12-04T15:03:37","date_gmt":"2025-12-04T23:03:37","guid":{"rendered":"https:\/\/taichytomato.com\/?post_type=product&#038;p=1816"},"modified":"2026-01-07T22:57:04","modified_gmt":"2026-01-08T06:57:04","slug":"1000l-drum-tomato-paste","status":"publish","type":"product","link":"https:\/\/taichytomato.com\/tr\/urun\/1000l-drum-tomato-paste\/","title":{"rendered":"1000L Davul Domates Sal\u00e7as\u0131 \u2013 Fabrika Temini, Toptan Fiyat ve K\u00fcresel \u0130hracat"},"content":{"rendered":"<p data-start=\"385\" data-end=\"670\">\u00d6nde gelen <strong data-start=\"398\" data-end=\"446\">1000L varil domates sal\u00e7as\u0131 tedarik\u00e7isi ve fabrikas\u0131 olarak<\/strong>, end\u00fcstriyel kullan\u0131m i\u00e7in y\u00fcksek kaliteli domates sal\u00e7as\u0131 \u00fcretiminde uzman\u0131z. Bizim <strong data-start=\"525\" data-end=\"548\">1000L aseptik tenekeler<\/strong> b\u00fcy\u00fck \u00f6l\u00e7ekli g\u0131da \u00fcreticileri i\u00e7in tasarlanm\u0131\u015ft\u0131r ve <strong data-start=\"606\" data-end=\"667\">stabil kalite, toplu hacim ve maliyet etkin \u00e7\u00f6z\u00fcmler sunar<\/strong>.<\/p>\n<p data-start=\"672\" data-end=\"922\">\u0130ster <strong data-start=\"698\" data-end=\"729\">1000L varil domates sal\u00e7as\u0131 sat\u0131n almak istiyorsan\u0131z<\/strong>, kontrol edin <strong data-start=\"737\" data-end=\"780\">toptan 1000L varil domates sal\u00e7as\u0131 fiyat\u0131<\/strong>, veya g\u00fcvenilir <strong data-start=\"798\" data-end=\"819\">tedarik ve teklif al\u0131n<\/strong>, \u015firketimiz rekabet\u00e7i se\u00e7enekler ve uluslararas\u0131 sertifikalar ile esnek nakliye ko\u015fullar\u0131 sunar.<\/p>\n<h2 data-start=\"929\" data-end=\"956\"><strong data-start=\"932\" data-end=\"956\">1. Fabrikam\u0131z Hakk\u0131nda<\/strong><\/h2>\n<p data-start=\"957\" data-end=\"1264\">Biz profesyonel <strong data-start=\"979\" data-end=\"1014\">1000L varil domates sal\u00e7as\u0131 fabrikas\u0131<\/strong> ve <strong data-start=\"1019\" data-end=\"1035\">\u00fcreticisiyiz<\/strong> domates i\u015fleme ve aseptik paketleme alan\u0131nda y\u0131llar\u0131n deneyimiyle.<br data-start=\"1104\" data-end=\"1107\" \/>\u00dcretim tesisimiz <strong data-start=\"1134\" data-end=\"1169\">HACCP, ISO ve HALAL sertifikal\u0131d\u0131r<\/strong>, ihracat i\u00e7in tutarl\u0131 kalite sa\u011flamak amac\u0131yla<strong> Avrupa<\/strong>, <strong>Afrika<\/strong>, <strong>G\u00fcney Amerika<\/strong>, ve <strong>Orta Do\u011fu<\/strong>.<\/p>\n<h3 data-start=\"1266\" data-end=\"1294\"><strong data-start=\"1272\" data-end=\"1294\">\u015eirket Avantajlar\u0131<\/strong><\/h3>\n<ul data-start=\"1295\" data-end=\"1544\">\n<li data-start=\"1295\" data-end=\"1368\">\n<p data-start=\"1297\" data-end=\"1368\">Do\u011frudan <strong data-start=\"1304\" data-end=\"1348\">1000L teneke kutu domates sal\u00e7as\u0131 fabrikas\u0131 sat\u0131\u015f\u0131<\/strong> arac\u0131 olmadan<\/p>\n<\/li>\n<li data-start=\"1369\" data-end=\"1441\">\n<p data-start=\"1371\" data-end=\"1441\">H\u0131zl\u0131 \u00fcretim ve zaman\u0131nda teslimat i\u00e7in <strong data-start=\"1412\" data-end=\"1439\">b\u00fcy\u00fck sat\u0131n alma sipari\u015fleri<\/strong><\/p>\n<\/li>\n<li data-start=\"1442\" data-end=\"1482\">\n<p data-start=\"1444\" data-end=\"1482\">Her parti \u00fczerinde s\u0131k\u0131 kalite kontrol<\/p>\n<\/li>\n<li data-start=\"1483\" data-end=\"1544\">\n<p data-start=\"1485\" data-end=\"1544\">OEM destek, etiket \u00f6zelle\u015ftirme ve marka ortakl\u0131\u011f\u0131<\/p>\n<\/li>\n<\/ul>\n<p data-start=\"1546\" data-end=\"1683\">Ar\u0131yorsan\u0131z <strong data-start=\"1573\" data-end=\"1616\">g\u00fcvenilir 1000L teneke kutu domates sal\u00e7as\u0131 \u015firketi<\/strong>, k\u00fcresel tedarik ve ortak paketleme konusunda uzun vadeli orta\u011f\u0131n\u0131z olabiliriz.<\/p>\n<hr \/>\n<h2>2.\u00a0<strong>\u00dcr\u00fcn spesifikasyonu<\/strong><\/h2>\n<p>\u00d6zelle\u015ftirilmi\u015f \u00e7\u00f6z\u00fcmler veya toplu al\u0131mlar i\u00e7in,\u00a0<a href=\"https:\/\/taichytomato.com\/tr\/contact\/\">l\u00fctfen sat\u0131\u015f ekibimizle her zaman ileti\u015fime ge\u00e7in.<\/a><\/p>\n<div class=\"_tableContainer_1rjym_1\">\n<div class=\"group _tableWrapper_1rjym_13 flex w-fit flex-col-reverse\" tabindex=\"-1\">\n<table class=\"w-fit min-w-(--thread-content-width)\" style=\"height: 415px;\" width=\"1001\" data-start=\"1724\" data-end=\"2195\">\n<thead data-start=\"1724\" data-end=\"1759\">\n<tr data-start=\"1724\" data-end=\"1759\">\n<th data-start=\"1724\" data-end=\"1738\" data-col-size=\"sm\"><strong data-start=\"1726\" data-end=\"1737\">\u00d6zellik<\/strong><\/th>\n<th data-start=\"1738\" data-end=\"1759\" data-col-size=\"md\"><strong data-start=\"1740\" data-end=\"1757\">\u015eartname<\/strong><\/th>\n<\/tr>\n<\/thead>\n<tbody data-start=\"1797\" data-end=\"2195\">\n<tr data-start=\"1797\" data-end=\"1860\">\n<td data-start=\"1797\" data-end=\"1808\" data-col-size=\"sm\"><strong data-start=\"1799\" data-end=\"1807\">T\u00fcr<\/strong><\/td>\n<td data-col-size=\"md\" data-start=\"1808\" data-end=\"1860\">End\u00fcstriyel Domates Sal\u00e7as\u0131 (S\u0131cak K\u0131r\u0131k \/ So\u011fuk K\u0131r\u0131k)<\/td>\n<\/tr>\n<tr data-start=\"1861\" data-end=\"1906\">\n<td data-start=\"1861\" data-end=\"1881\" data-col-size=\"sm\"><strong data-start=\"1863\" data-end=\"1880\">Konsantrasyon (Brix)<\/strong><\/td>\n<td data-col-size=\"md\" data-start=\"1881\" data-end=\"1906\"><a href=\"https:\/\/taichytomato.com\/tr\/urun\/28-30-brix-tomato-paste\/\">28\u201330\u00b0Brix<\/a> or <a href=\"https:\/\/taichytomato.com\/tr\/urun\/30-32-drum-tomato-paste\/\">30\u201332\u00b0Brix<\/a> Brix veya <a href=\"https:\/\/taichytomato.com\/tr\/urun\/drum-tomato-paste-36-38\/\">36-38%<\/a> Brix<\/td>\n<\/tr>\n<tr data-start=\"1907\" data-end=\"1967\">\n<td data-start=\"1907\" data-end=\"1923\" data-col-size=\"sm\"><strong data-start=\"1909\" data-end=\"1922\">Ambalaj<\/strong><\/td>\n<td data-col-size=\"md\" data-start=\"1923\" data-end=\"1967\">\u0130\u00e7 PE Torbal\u0131 1000L Aseptik IBC Varili<\/td>\n<\/tr>\n<tr data-start=\"1968\" data-end=\"2010\">\n<td data-start=\"1968\" data-end=\"1985\" data-col-size=\"sm\"><strong data-start=\"1970\" data-end=\"1984\">Net A\u011f\u0131rl\u0131k<\/strong><\/td>\n<td data-col-size=\"md\" data-start=\"1985\" data-end=\"2010\">IBC tank ba\u015f\u0131na 1.350 kg<\/td>\n<\/tr>\n<tr data-start=\"2011\" data-end=\"2068\">\n<td data-start=\"2011\" data-end=\"2028\" data-col-size=\"sm\"><strong data-start=\"2013\" data-end=\"2027\">Raf \u00d6mr\u00fc<\/strong><\/td>\n<td data-col-size=\"md\" data-start=\"2028\" data-end=\"2068\">Serin ve kuru ko\u015fullarda 24 ay<\/td>\n<\/tr>\n<tr data-start=\"2069\" data-end=\"2145\">\n<td data-start=\"2069\" data-end=\"2085\" data-col-size=\"sm\"><strong data-start=\"2071\" data-end=\"2084\">Katk\u0131 Maddeleri<\/strong><\/td>\n<td data-col-size=\"md\" data-start=\"2085\" data-end=\"2145\">Hi\u00e7biri (GDO'suz, koruyucu i\u00e7ermeyen, yapay renklendirici i\u00e7ermeyen)<\/td>\n<\/tr>\n<tr data-start=\"2146\" data-end=\"2195\">\n<td data-start=\"2146\" data-end=\"2167\" data-col-size=\"sm\"><strong data-start=\"2148\" data-end=\"2166\">Sertifikalar<\/strong><\/td>\n<td data-col-size=\"md\" data-start=\"2167\" data-end=\"2195\">HACCP \/ ISO22000 \/ HALAL<\/td>\n<\/tr>\n<\/tbody>\n<\/table>\n<\/div>\n<\/div>\n<p data-start=\"2197\" data-end=\"2373\">Bizim <strong data-start=\"2201\" data-end=\"2228\">1000L varil domates sal\u00e7as\u0131<\/strong> end\u00fcstriyel g\u0131da i\u015fleyicileri i\u00e7in idealdir <strong data-start=\"2277\" data-end=\"2309\">d\u00fc\u015f\u00fck maliyet ve y\u00fcksek verimlilik arayanlar i\u00e7in<\/strong> soslar, \u00e7orba, ket\u00e7ap ve haz\u0131r yemekler i\u00e7in domates konsantresi.<\/p>\n<figure id=\"attachment_2552\" aria-describedby=\"caption-attachment-2552\" style=\"width: 335px\" class=\"wp-caption aligncenter\"><img fetchpriority=\"high\" decoding=\"async\" class=\"wp-image-2552\" src=\"https:\/\/taichytomato.com\/wp-content\/uploads\/2025\/09\/1000L_Drum_Tomato_Paste_TREn2R9j8-300x225.webp\" alt=\"1000L_Drum_Tomato\" width=\"335\" height=\"251\" srcset=\"https:\/\/taichytomato.com\/wp-content\/uploads\/2025\/09\/1000L_Drum_Tomato_Paste_TREn2R9j8-300x225.webp 300w, https:\/\/taichytomato.com\/wp-content\/uploads\/2025\/09\/1000L_Drum_Tomato_Paste_TREn2R9j8-1024x767.webp 1024w, https:\/\/taichytomato.com\/wp-content\/uploads\/2025\/09\/1000L_Drum_Tomato_Paste_TREn2R9j8-768x575.webp 768w, https:\/\/taichytomato.com\/wp-content\/uploads\/2025\/09\/1000L_Drum_Tomato_Paste_TREn2R9j8-600x450.webp 600w, https:\/\/taichytomato.com\/wp-content\/uploads\/2025\/09\/1000L_Drum_Tomato_Paste_TREn2R9j8.webp 1300w\" sizes=\"(max-width: 335px) 100vw, 335px\" \/><figcaption id=\"caption-attachment-2552\" class=\"wp-caption-text\">1000L_Drum_Tomato<\/figcaption><\/figure>\n<hr \/>\n<h2 data-start=\"2380\" data-end=\"2429\"><strong data-start=\"2383\" data-end=\"2429\">3. Neden 1000L Varil Domates Sal\u00e7am\u0131z\u0131 Se\u00e7melisiniz?<\/strong><\/h2>\n<h3 data-start=\"2431\" data-end=\"2466\">\ud83d\udd39 <strong data-start=\"2438\" data-end=\"2466\">Y\u00fcksek Kaliteli Konsantre<\/strong><\/h3>\n<p data-start=\"2467\" data-end=\"2608\">Hasattan saatler i\u00e7inde i\u015flenen taze, olgun, GDO'suz domateslerden yap\u0131lm\u0131\u015ft\u0131r, sal\u00e7am\u0131z zengin k\u0131rm\u0131z\u0131 renk ve do\u011fal domates aromas\u0131 korur.<\/p>\n<h3 data-start=\"2610\" data-end=\"2642\">\ud83d\udd39 <strong data-start=\"2617\" data-end=\"2642\">Toplu ve Maliyet Avantaj\u0131<\/strong><\/h3>\n<p data-start=\"2643\" data-end=\"2812\">Sunuyoruz <strong data-start=\"2652\" data-end=\"2685\">ucuz 1000L varil domates sal\u00e7as\u0131<\/strong> at <strong data-start=\"2689\" data-end=\"2714\">fabrika do\u011frudan fiyatlar<\/strong>, ithalat\u00e7\u0131lar ve g\u0131da \u00fcreticileri i\u00e7in m\u00fckemmeldir <strong data-start=\"2773\" data-end=\"2792\">d\u00fc\u015f\u00fck maliyetli tedarik<\/strong> ve istikrarl\u0131 kalite.<\/p>\n<h3 data-start=\"2814\" data-end=\"2848\">\ud83d\udd39 <strong data-start=\"2821\" data-end=\"2848\">Esnek Tedarik Se\u00e7enekleri<\/strong><\/h3>\n<p data-start=\"2849\" data-end=\"2987\">Her ikisini de y\u00f6netiyoruz <strong data-start=\"2864\" data-end=\"2886\">k\u00fc\u00e7\u00fck deneme sipari\u015fleri<\/strong> ve <strong data-start=\"2891\" data-end=\"2910\">toplu al\u0131mlar<\/strong>, tutarl\u0131 <strong data-start=\"2932\" data-end=\"2966\">1000L varil domates sal\u00e7as\u0131 tedariki<\/strong> y\u0131l boyunca.<\/p>\n<h3 data-start=\"2989\" data-end=\"3022\">\ud83d\udd39 <strong data-start=\"2996\" data-end=\"3022\">G\u00fcvenilir K\u00fcresel \u0130hracat<\/strong><\/h3>\n<p data-start=\"3023\" data-end=\"3160\">Zengin ihracat deneyimi ile y\u00f6netiyoruz <strong data-start=\"3062\" data-end=\"3083\">FOB, CIF ve CFR<\/strong> \u00c7in'in b\u00fcy\u00fck limanlar\u0131ndan sevkiyatlar, g\u00fcvenli ve verimli lojistik sa\u011fl\u0131yor.<\/p>\n<hr data-start=\"3162\" data-end=\"3165\" \/>\n<h2 data-start=\"3167\" data-end=\"3189\"><strong data-start=\"3170\" data-end=\"3189\">4. Uygulamalar<\/strong><\/h2>\n<p data-start=\"3190\" data-end=\"3248\">Bizim <strong data-start=\"3194\" data-end=\"3229\">1000L aseptik varil domates sal\u00e7as\u0131<\/strong> yayg\u0131n olarak kullan\u0131l\u0131r:<\/p>\n<ul data-start=\"3249\" data-end=\"3410\">\n<li data-start=\"3249\" data-end=\"3278\">\n<p data-start=\"3251\" data-end=\"3278\">Domates ket\u00e7ap ve soslar<\/p>\n<\/li>\n<li data-start=\"3279\" data-end=\"3305\">\n<p data-start=\"3281\" data-end=\"3305\">Makarnalar ve pizza soslar\u0131<\/p>\n<\/li>\n<li data-start=\"3306\" data-end=\"3338\">\n<p data-start=\"3308\" data-end=\"3338\">\u00c7orba ve haz\u0131r yemekler<\/p>\n<\/li>\n<li data-start=\"3339\" data-end=\"3370\">\n<p data-start=\"3341\" data-end=\"3370\">Konserve g\u0131dalar ve baharatlar<\/p>\n<\/li>\n<li data-start=\"3371\" data-end=\"3410\">\n<p data-start=\"3373\" data-end=\"3410\">Yiyecek hizmetleri ve end\u00fcstriyel i\u015fleme<\/p>\n<\/li>\n<\/ul>\n<hr \/>\n<figure id=\"attachment_1353\" class=\"wp-caption alignnone\" aria-describedby=\"caption-attachment-1353\">\n<h2 data-start=\"3417\" data-end=\"3452\"><strong data-start=\"3420\" data-end=\"3452\">5. Fiyat, Sat\u0131\u015f ve Promosyonlar<\/strong><\/h2>\n<p data-start=\"3454\" data-end=\"3742\">D\u00fczenli promosyonlar sunuyoruz <strong data-start=\"3471\" data-end=\"3519\">1000L varil domates sal\u00e7as\u0131 sat\u0131\u015flar\u0131 i\u00e7in<\/strong>, bunlar aras\u0131nda <strong data-start=\"3531\" data-end=\"3554\">toptan indirimler<\/strong> ve <strong data-start=\"3559\" data-end=\"3584\">fabrika do\u011frudan fiyat teklifleri<\/strong>.<br data-start=\"3585\" data-end=\"3588\" \/>Bizim <strong data-start=\"3592\" data-end=\"3625\">1000L varil domates sal\u00e7as\u0131 fiyat\u0131<\/strong> Brix seviyesine, ambalaja ve sipari\u015f miktar\u0131na ba\u011fl\u0131 olarak de\u011fi\u015fir \u2014 l\u00fctfen bizimle ileti\u015fime ge\u00e7in <strong data-start=\"3712\" data-end=\"3741\">do\u011fru toptan sat\u0131\u015f fiyatlar\u0131 i\u00e7in<\/strong>.<\/p>\n<p data-start=\"3744\" data-end=\"3945\">\u0130ster ar\u0131yorsunuz <strong data-start=\"3772\" data-end=\"3805\">ucuz 1000L varil domates sal\u00e7as\u0131<\/strong> ithalat i\u00e7in veya sertifikal\u0131 bir ortak olmak istiyorsan\u0131z <strong data-start=\"3853\" data-end=\"3886\">1000L varil domates sal\u00e7as\u0131 markas\u0131<\/strong>, sa\u011fl\u0131yoruz <strong data-start=\"3899\" data-end=\"3944\">rekabet\u00e7i fiyatlar ve garantili kalite<\/strong>.<\/p>\n<\/figure>\n<h2 data-start=\"3952\" data-end=\"3979\"><strong data-start=\"3955\" data-end=\"3979\">6. Bug\u00fcn Fiyat Al\u0131n<\/strong><\/h2>\n<p data-start=\"3981\" data-end=\"4175\">Aran\u0131yor <strong data-start=\"3993\" data-end=\"4030\">toptan 1000L varil domates sal\u00e7as\u0131<\/strong> veya planl\u0131yorsan\u0131z <strong data-start=\"4046\" data-end=\"4061\">toplu olarak sat\u0131n almak<\/strong>?<br data-start=\"4062\" data-end=\"4065\" \/>\u0130leti\u015fime ge\u00e7in <strong data-start=\"4077\" data-end=\"4091\">sat\u0131\u015f ekibimiz<\/strong> en son <strong data-start=\"4107\" data-end=\"4141\">1000L varil domates sal\u00e7as\u0131 fiyatlar\u0131 i\u00e7in<\/strong> ve <strong data-start=\"4146\" data-end=\"4172\">fabrika tedarik detaylar\u0131<\/strong>.<\/p>\n<p data-start=\"4177\" data-end=\"4327\">\ud83d\udce7 <strong data-start=\"4180\" data-end=\"4190\">E-posta:<\/strong> <a class=\"decorated-link cursor-pointer\" rel=\"noopener\" data-start=\"4191\" data-end=\"4212\">info@taichysupply.com<\/a><br data-start=\"4212\" data-end=\"4215\" \/>\ud83c\udf10 <strong data-start=\"4218\" data-end=\"4230\">Web sitesi:<\/strong> <a class=\"decorated-link cursor-pointer\" target=\"_new\" rel=\"noopener\" data-start=\"4231\" data-end=\"4283\">www.taichytomato.com<\/a><br data-start=\"4283\" data-end=\"4286\" \/>\ud83c\udfed <strong data-start=\"4289\" data-end=\"4310\">Fabrika Konumu:<\/strong> Tianjin, \u00c7in<\/p>\n<hr \/>\n<h2><strong>7.S.Sorular<\/strong><\/h2>\n<p><strong>Soru: Numune sa\u011fl\u0131yor musunuz? \u00dccretsiz mi?\u00a0<\/strong><\/p>\n<p>Cevap: \u00dccretsiz numune sa\u011flayabiliriz, ancak nakliye \u00fccretini \u00f6demeniz gerekir. \u0130sterseniz t\u0131klay\u0131n\u00a0<a href=\"https:\/\/taichytomato.com\/tr\/contact\/\">buraya\u00a0<\/a><\/p>\n<p><strong>Soru: Hangi sertifikalara sahipsiniz?\u00a0<\/strong><\/p>\n<p>A: Biz <strong>HACCP,ISO,BRC,HALAL<\/strong> sertifikal\u0131.<\/p>\n<p><strong>S: Nakliye hizmetiniz nedir?\u00a0<\/strong><\/p>\n<p>Cevap: Gemi rezervasyonu, mal konsolidasyonu, g\u00fcmr\u00fck beyannamesi, nakliye belgeleri haz\u0131rlama ve limanda toplu teslimat hizmetleri sunabiliriz.<\/p>\n<p><strong>S: Minimum sipari\u015f miktar\u0131n\u0131z nedir?\u00a0<\/strong><\/p>\n<p>Cevap: Genellikle bir konteyner MOQ'mizdir, ancak ihtiyac\u0131n\u0131z varsa LCL de yard\u0131mc\u0131 olabiliriz.<\/p>\n<p><strong>Soru: Sat\u0131n alma hakk\u0131nda daha fazla bilgi edinmek istiyor musunuz?<\/strong><\/p>","protected":false},"excerpt":{"rendered":"<p>Bu \u00fcr\u00fcn, end\u00fcstriyel kullan\u0131m i\u00e7in ideal olan 36-38% Brix So\u011fuk \u00c7\u00f6k\u00fc\u015f Domates Sal\u00e7as\u0131d\u0131r. Do\u011fal domates lezzetini ve besin de\u011ferlerini korur, parlak k\u0131rm\u0131z\u0131 renge, dengeli asitli\u011fe ve y\u00fcksek likopen i\u00e7eri\u011fine sahiptir. \u00c7in\u2019in kuzeybat\u0131s\u0131ndan temin edilen y\u00fcksek kaliteli domateslerden \u00fcretilmi\u015ftir, premium Heinz ve Delmont tohumlar\u0131 kullan\u0131lm\u0131\u015ft\u0131r. \u00dcr\u00fcn ISO, HACCP, HALAL ve KOSHER sertifikalar\u0131na sahiptir. 220L aseptik varillerde paketlenmi\u015f olup, 24 ayl\u0131k raf \u00f6mr\u00fcne sahiptir ve serin ortamda saklan\u0131r. TAICHY FOOD ayr\u0131ca \u00e7ok modlu ta\u015f\u0131mac\u0131l\u0131k ve domates sal\u00e7as\u0131 ihracat\u0131 konusunda g\u00fc\u00e7l\u00fc lojistik hizmetler sunmaktad\u0131r.<\/p>","protected":false},"featured_media":2552,"template":"","meta":{"_acf_changed":false,"_seopress_robots_primary_cat":"none","_seopress_titles_title":"1000L Drum Tomato Paste Manufacturer in China | Wholesale","_seopress_titles_desc":"Factory 1000L drum tomato paste for global purchasing. Low cost pricing, brand variety, and promotions available. Request wholesale quotes today.","_seopress_robots_index":"","site-sidebar-layout":"default","site-content-layout":"","ast-site-content-layout":"default","site-content-style":"default","site-sidebar-style":"default","ast-global-header-display":"","ast-banner-title-visibility":"","ast-main-header-display":"","ast-hfb-above-header-display":"","ast-hfb-below-header-display":"","ast-hfb-mobile-header-display":"","site-post-title":"","ast-breadcrumbs-content":"","ast-featured-img":"","footer-sml-layout":"","ast-disable-related-posts":"","theme-transparent-header-meta":"default","adv-header-id-meta":"","stick-header-meta":"","header-above-stick-meta":"","header-main-stick-meta":"","header-below-stick-meta":"","astra-migrate-meta-layouts":"set","ast-page-background-enabled":"default","ast-page-background-meta":{"desktop":{"background-color":"var(--ast-global-color-5)","background-image":"","background-repeat":"repeat","background-position":"center center","background-size":"auto","background-attachment":"scroll","background-type":"","background-media":"","overlay-type":"","overlay-color":"","overlay-opacity":"","overlay-gradient":""},"tablet":{"background-color":"","background-image":"","background-repeat":"repeat","background-position":"center center","background-size":"auto","background-attachment":"scroll","background-type":"","background-media":"","overlay-type":"","overlay-color":"","overlay-opacity":"","overlay-gradient":""},"mobile":{"background-color":"","background-image":"","background-repeat":"repeat","background-position":"center center","background-size":"auto","background-attachment":"scroll","background-type":"","background-media":"","overlay-type":"","overlay-color":"","overlay-opacity":"","overlay-gradient":""}},"ast-content-background-meta":{"desktop":{"background-color":"var(--ast-global-color-4)","background-image":"","background-repeat":"repeat","background-position":"center center","background-size":"auto","background-attachment":"scroll","background-type":"","background-media":"","overlay-type":"","overlay-color":"","overlay-opacity":"","overlay-gradient":""},"tablet":{"background-color":"var(--ast-global-color-4)","background-image":"","background-repeat":"repeat","background-position":"center center","background-size":"auto","background-attachment":"scroll","background-type":"","background-media":"","overlay-type":"","overlay-color":"","overlay-opacity":"","overlay-gradient":""},"mobile":{"background-color":"var(--ast-global-color-4)","background-image":"","background-repeat":"repeat","background-position":"center center","background-size":"auto","background-attachment":"scroll","background-type":"","background-media":"","overlay-type":"","overlay-color":"","overlay-opacity":"","overlay-gradient":""}}},"product_brand":[],"product_cat":[28],"product_tag":[203,186,189,191,44],"class_list":{"0":"post-1816","1":"product","2":"type-product","3":"status-publish","4":"has-post-thumbnail","6":"product_cat-drum-tomato-paste","7":"product_tag-1000l-drum-tomato-paste","8":"product_tag-30-32-tomato-paste-cb","9":"product_tag-cold-break","10":"product_tag-hot-break","11":"product_tag-tomato-paste","12":"desktop-align-left","13":"tablet-align-left","14":"mobile-align-left","16":"first","17":"instock","18":"sale","19":"shipping-taxable","20":"purchasable","21":"product-type-simple"},"acf":[],"_links":{"self":[{"href":"https:\/\/taichytomato.com\/tr\/wp-json\/wp\/v2\/product\/1816","targetHints":{"allow":["GET"]}}],"collection":[{"href":"https:\/\/taichytomato.com\/tr\/wp-json\/wp\/v2\/product"}],"about":[{"href":"https:\/\/taichytomato.com\/tr\/wp-json\/wp\/v2\/types\/product"}],"version-history":[{"count":0,"href":"https:\/\/taichytomato.com\/tr\/wp-json\/wp\/v2\/product\/1816\/revisions"}],"wp:featuredmedia":[{"embeddable":true,"href":"https:\/\/taichytomato.com\/tr\/wp-json\/wp\/v2\/media\/2552"}],"wp:attachment":[{"href":"https:\/\/taichytomato.com\/tr\/wp-json\/wp\/v2\/media?parent=1816"}],"wp:term":[{"taxonomy":"product_brand","embeddable":true,"href":"https:\/\/taichytomato.com\/tr\/wp-json\/wp\/v2\/product_brand?post=1816"},{"taxonomy":"product_cat","embeddable":true,"href":"https:\/\/taichytomato.com\/tr\/wp-json\/wp\/v2\/product_cat?post=1816"},{"taxonomy":"product_tag","embeddable":true,"href":"https:\/\/taichytomato.com\/tr\/wp-json\/wp\/v2\/product_tag?post=1816"}],"curies":[{"name":"wp","href":"https:\/\/api.w.org\/{rel}","templated":true}]}}