{"id":1415,"date":"2025-06-10T00:45:18","date_gmt":"2025-06-10T08:45:18","guid":{"rendered":"https:\/\/taichytomato.com\/?post_type=product&#038;p=1415"},"modified":"2026-01-12T23:29:28","modified_gmt":"2026-01-13T07:29:28","slug":"830g-tomato-paste-canned","status":"publish","type":"product","link":"https:\/\/taichytomato.com\/tr\/urun\/830g-tomato-paste-canned\/","title":{"rendered":"830g Domates Sal\u00e7as\u0131"},"content":{"rendered":"<h2 data-start=\"125\" data-end=\"192\">Domates Sal\u00e7as\u0131 830g \u00dcretici ve Tedarik\u00e7i | Fabrika Do\u011frudan Tedarik<\/h2>\n<p data-start=\"194\" data-end=\"535\">Bir <strong data-start=\"199\" data-end=\"246\">profesyonel domates sal\u00e7as\u0131 830g \u00fcreticisi<\/strong>, Taichy fabrika do\u011frudan tedarik sa\u011flar <strong data-start=\"279\" data-end=\"307\">830g konserve domates sal\u00e7as\u0131<\/strong> perakende, catering ve toptan ihracat pazarlar\u0131 i\u00e7in.<br data-start=\"359\" data-end=\"362\" \/>Bu orta boy kutu, <strong data-start=\"397\" data-end=\"465\">Afrika, Orta Do\u011fu ve G\u00fcney Amerika'da en \u00e7ok talep g\u00f6ren SKU'lardan biridir<\/strong>, aile boyu kullan\u0131m kolayl\u0131\u011f\u0131 ile end\u00fcstriyel kalite tutarl\u0131l\u0131\u011f\u0131 dengeler.<\/p>\n<p data-start=\"537\" data-end=\"760\">Bizim <strong data-start=\"541\" data-end=\"562\">domates sal\u00e7as\u0131 830g<\/strong> 100% taze, olgun domateslerden \u00fcretilmi\u015f ve \u00e7e\u015fitli Brix seviyelerine yo\u011funla\u015ft\u0131r\u0131lm\u0131\u015ft\u0131r, g\u00fc\u00e7l\u00fc renk, kal\u0131n doku ve uzun mesafe ihracat\u0131 ve \u00f6zel etiket da\u011f\u0131t\u0131m\u0131 i\u00e7in stabil lezzet sunar.<\/p>\n<hr data-start=\"762\" data-end=\"765\" \/>\n<h2 data-start=\"767\" data-end=\"806\">830g Domates Sal\u00e7as\u0131 \u2013 \u00dcr\u00fcn Genel Bak\u0131\u015f<\/h2>\n<ul data-start=\"808\" data-end=\"1180\">\n<li data-start=\"808\" data-end=\"842\">\n<p data-start=\"810\" data-end=\"842\"><strong data-start=\"810\" data-end=\"827\">\u00dcr\u00fcn Ad\u0131:<\/strong> Domates Sal\u00e7as\u0131<\/p>\n<\/li>\n<li data-start=\"843\" data-end=\"867\">\n<p data-start=\"845\" data-end=\"867\"><strong data-start=\"845\" data-end=\"860\">Net A\u011f\u0131rl\u0131k:<\/strong> 830g<\/p>\n<\/li>\n<li data-start=\"868\" data-end=\"919\">\n<p data-start=\"870\" data-end=\"919\"><strong data-start=\"870\" data-end=\"887\">Hammadde:<\/strong> 100% Taze Domates (GDO'suz)<\/p>\n<\/li>\n<li data-start=\"920\" data-end=\"983\">\n<p data-start=\"922\" data-end=\"983\"><strong data-start=\"922\" data-end=\"947\">Yo\u011funluk (Brix):<\/strong> 18\u201320% \/ 22\u201324% \/ 26\u201328% \/ 28\u201330%<\/p>\n<\/li>\n<li data-start=\"984\" data-end=\"1015\">\n<p data-start=\"986\" data-end=\"1015\"><strong data-start=\"986\" data-end=\"996\">Renk:<\/strong> Do\u011fal koyu k\u0131rm\u0131z\u0131<\/p>\n<\/li>\n<li data-start=\"1016\" data-end=\"1049\">\n<p data-start=\"1018\" data-end=\"1049\"><strong data-start=\"1018\" data-end=\"1030\">Doku:<\/strong> Kal\u0131n ve p\u00fcr\u00fczs\u00fcz<\/p>\n<\/li>\n<li data-start=\"1050\" data-end=\"1079\">\n<p data-start=\"1052\" data-end=\"1079\"><strong data-start=\"1052\" data-end=\"1067\">\u0130\u015flem S\u00fcresi:<\/strong> 24 ay<\/p>\n<\/li>\n<li data-start=\"1080\" data-end=\"1105\">\n<p data-start=\"1082\" data-end=\"1105\"><strong data-start=\"1082\" data-end=\"1094\">GT\u0130P Kodu:<\/strong> 20029011<\/p>\n<\/li>\n<li data-start=\"1106\" data-end=\"1140\">\n<p data-start=\"1108\" data-end=\"1140\"><strong data-start=\"1108\" data-end=\"1118\">Marka:<\/strong> OEM \/ \u00d6zel Etiket<\/p>\n<\/li>\n<li data-start=\"1141\" data-end=\"1180\">\n<p data-start=\"1143\" data-end=\"1180\"><strong data-start=\"1143\" data-end=\"1162\">Sertifikalar:<\/strong> FDA, HACCP, ISO<\/p>\n<\/li>\n<\/ul>\n<p data-start=\"1182\" data-end=\"1274\">Bu \u00f6zellikler \u015funu kar\u015f\u0131lar <strong data-start=\"1211\" data-end=\"1243\">standart ithalat gereksinimleri<\/strong> \u00f6nemli domates sal\u00e7as\u0131 pazarlar\u0131yla ilgili.<\/p>\n<hr data-start=\"1276\" data-end=\"1279\" \/>\n<h2 data-start=\"1281\" data-end=\"1321\">Ambalaj Detaylar\u0131 &amp; Konteyner Y\u00fckleme<\/h2>\n<p data-start=\"1323\" data-end=\"1343\"><strong data-start=\"1323\" data-end=\"1343\">Standart Paketleme<\/strong><\/p>\n<ul data-start=\"1344\" data-end=\"1482\">\n<li data-start=\"1344\" data-end=\"1373\">\n<p data-start=\"1346\" data-end=\"1373\"><strong data-start=\"1346\" data-end=\"1373\">830g \u00d7 12 teneke \/ karton<\/strong><\/p>\n<\/li>\n<li data-start=\"1374\" data-end=\"1421\">\n<p data-start=\"1376\" data-end=\"1421\">Teneke tipi: <strong data-start=\"1386\" data-end=\"1421\">Kolay A\u00e7\u0131l\u0131r (EO) \/ Zor A\u00e7\u0131l\u0131r (HO)<\/strong><\/p>\n<\/li>\n<li data-start=\"1422\" data-end=\"1482\">\n<p data-start=\"1424\" data-end=\"1482\">Etiket: <strong data-start=\"1431\" data-end=\"1482\">Lito\u011frafik bask\u0131 (\u00f6zel tasar\u0131m mevcut)<\/strong><\/p>\n<\/li>\n<\/ul>\n<p data-start=\"1484\" data-end=\"1515\"><strong data-start=\"1484\" data-end=\"1515\">Konteyner Y\u00fckleme Referans\u0131<\/strong><\/p>\n<ul data-start=\"1516\" data-end=\"1626\">\n<li data-start=\"1516\" data-end=\"1563\">\n<p data-start=\"1518\" data-end=\"1563\"><strong data-start=\"1518\" data-end=\"1537\">20FT Konteyner:<\/strong> yakla\u015f\u0131k. <strong data-start=\"1546\" data-end=\"1563\">2.000 karton<\/strong><\/p>\n<\/li>\n<li data-start=\"1564\" data-end=\"1626\">\n<p data-start=\"1566\" data-end=\"1626\"><strong data-start=\"1566\" data-end=\"1585\">40HQ Konteyner:<\/strong> iste\u011fe ba\u011fl\u0131 olarak optimize edilmi\u015f y\u00fckleme mevcut<\/p>\n<\/li>\n<\/ul>\n<p data-start=\"1628\" data-end=\"1635\"><strong data-start=\"1628\" data-end=\"1635\">Minimum Sipari\u015f Miktar\u0131<\/strong><\/p>\n<ul data-start=\"1636\" data-end=\"1721\">\n<li data-start=\"1636\" data-end=\"1680\">\n<p data-start=\"1638\" data-end=\"1680\">OEM \/ \u00d6zel Etiket sipari\u015fleri: <strong data-start=\"1666\" data-end=\"1680\">M\u00fczakereye a\u00e7\u0131kt\u0131r<\/strong><\/p>\n<\/li>\n<li data-start=\"1681\" data-end=\"1721\">\n<p data-start=\"1683\" data-end=\"1721\">Yeni pazarlar i\u00e7in deneme sipari\u015fleri desteklenir<\/p>\n<\/li>\n<\/ul>\n<hr data-start=\"1723\" data-end=\"1726\" \/>\n<h2 data-start=\"1728\" data-end=\"1784\">Fabrika \u00dcretim S\u00fcreci (830g Konserve Domates Sal\u00e7as\u0131)<\/h2>\n<p data-start=\"1786\" data-end=\"1870\">830g domates sal\u00e7am\u0131z, <strong data-start=\"1828\" data-end=\"1869\">tam kontrol ve otomatik sistem alt\u0131nda \u00fcretilmektedir<\/strong>:<\/p>\n<ol data-start=\"1872\" data-end=\"2356\">\n<li data-start=\"1872\" data-end=\"1954\">\n<p data-start=\"1875\" data-end=\"1954\"><strong data-start=\"1875\" data-end=\"1899\">\u00c7i\u011f Domates Se\u00e7imi<\/strong> \u2013 Taze, olgun domatesler s\u00f6zle\u015fmeli \u00e7iftliklerden temin edilir<\/p>\n<\/li>\n<li data-start=\"1955\" data-end=\"2017\">\n<p data-start=\"1958\" data-end=\"2017\"><strong data-start=\"1958\" data-end=\"1979\">Y\u0131kama ve S\u0131ralama<\/strong> \u2013 Kusur ve kirlerin giderilmesi<\/p>\n<\/li>\n<li data-start=\"2018\" data-end=\"2087\">\n<p data-start=\"2021\" data-end=\"2087\"><strong data-start=\"2021\" data-end=\"2049\">Ezme ve Konsantrasyon<\/strong> \u2013 Hedef Brix'e tam olarak ayarlanm\u0131\u015f<\/p>\n<\/li>\n<li data-start=\"2088\" data-end=\"2150\">\n<p data-start=\"2091\" data-end=\"2150\"><strong data-start=\"2091\" data-end=\"2106\">S\u0131cak Doldurma<\/strong> \u2013 Steril dolum 830g teneke kutulara yap\u0131l\u0131r<\/p>\n<\/li>\n<li data-start=\"2151\" data-end=\"2213\">\n<p data-start=\"2154\" data-end=\"2213\"><strong data-start=\"2154\" data-end=\"2172\">Vakum Ambalajlama<\/strong> \u2013 Kontaminasyon ve oksidasyonu \u00f6nler<\/p>\n<\/li>\n<li data-start=\"2214\" data-end=\"2285\">\n<p data-start=\"2217\" data-end=\"2285\"><strong data-start=\"2217\" data-end=\"2234\">Sterilizasyon<\/strong> \u2013 Y\u00fcksek s\u0131cakl\u0131k i\u015flemi g\u0131da g\u00fcvenli\u011fini sa\u011flar<\/p>\n<\/li>\n<li data-start=\"2286\" data-end=\"2356\">\n<p data-start=\"2289\" data-end=\"2356\"><strong data-start=\"2289\" data-end=\"2310\">So\u011futma ve Paketleme<\/strong> \u2013 \u0130hracat i\u00e7in karton ambalaj ve paletleme<\/p>\n<\/li>\n<\/ol>\n<p data-start=\"2358\" data-end=\"2430\">Bu, \u015funu sa\u011flar <strong data-start=\"2371\" data-end=\"2429\">istikrarl\u0131 kalite, renk tutarl\u0131l\u0131\u011f\u0131 ve uzun raf \u00f6mr\u00fc<\/strong>.<\/p>\n<hr data-start=\"2432\" data-end=\"2435\" \/>\n<h2 data-start=\"2437\" data-end=\"2477\">830g Domates Sal\u00e7as\u0131 Ana \u00d6zelliklerimiz<\/h2>\n<ul data-start=\"2479\" data-end=\"2724\">\n<li data-start=\"2479\" data-end=\"2510\">\n<p data-start=\"2481\" data-end=\"2510\">100% do\u011fal domates i\u00e7eri\u011fi<\/p>\n<\/li>\n<li data-start=\"2511\" data-end=\"2554\">\n<p data-start=\"2513\" data-end=\"2554\">Koruyucu veya yapay renk verici i\u00e7ermez<\/p>\n<\/li>\n<li data-start=\"2555\" data-end=\"2596\">\n<p data-start=\"2557\" data-end=\"2596\">Kal\u0131n doku ve g\u00fc\u00e7l\u00fc domates aromas\u0131<\/p>\n<\/li>\n<li data-start=\"2597\" data-end=\"2642\">\n<p data-start=\"2599\" data-end=\"2642\">Uzun mesafe nakliyede istikrarl\u0131 kalite<\/p>\n<\/li>\n<li data-start=\"2643\" data-end=\"2694\">\n<p data-start=\"2645\" data-end=\"2694\">Rekabet\u00e7i <strong data-start=\"2657\" data-end=\"2692\">domates sal\u00e7as\u0131 830g fabrika fiyat\u0131<\/strong><\/p>\n<\/li>\n<li data-start=\"2695\" data-end=\"2724\">\n<p data-start=\"2697\" data-end=\"2724\">OEM ve \u00f6zel etiket haz\u0131r<\/p>\n<\/li>\n<\/ul>\n<hr data-start=\"2726\" data-end=\"2729\" \/>\n<h2 data-start=\"2731\" data-end=\"2755\">Ba\u015fvuru Senaryolar\u0131<\/h2>\n<p data-start=\"2757\" data-end=\"2809\">The <strong data-start=\"2761\" data-end=\"2789\">830g konserve domates sal\u00e7as\u0131<\/strong> kullan\u0131ld\u0131\u011f\u0131 alanlar:<\/p>\n<ul data-start=\"2811\" data-end=\"2994\">\n<li data-start=\"2811\" data-end=\"2845\">\n<p data-start=\"2813\" data-end=\"2845\">Market ve bakkal perakendecili\u011fi<\/p>\n<\/li>\n<li data-start=\"2846\" data-end=\"2896\">\n<p data-start=\"2848\" data-end=\"2896\">Evde g\u00fcnl\u00fck pi\u015firme (\u00e7orbalar, g\u00fcve\u00e7ler, soslar)<\/p>\n<\/li>\n<li data-start=\"2897\" data-end=\"2942\">\n<p data-start=\"2899\" data-end=\"2942\">Yemek hizmetleri ve restoran mutfaklar\u0131<\/p>\n<\/li>\n<li data-start=\"2943\" data-end=\"2994\">\n<p data-start=\"2945\" data-end=\"2994\">Toptan da\u011f\u0131t\u0131m ve toplu ihracat programlar\u0131<\/p>\n<\/li>\n<\/ul>\n<p data-start=\"2996\" data-end=\"3067\">Bu boyut \u00f6zellikle pop\u00fclerdir <strong data-start=\"3031\" data-end=\"3066\">y\u00fcksek t\u00fcketimli aile pazarlar\u0131nda<\/strong>.<\/p>\n<hr data-start=\"3069\" data-end=\"3072\" \/>\n<h2 data-start=\"3074\" data-end=\"3105\">OEM ve \u00d6zel Marka Hizmetleri<\/h2>\n<p data-start=\"3107\" data-end=\"3168\">Deneyimli bir <strong data-start=\"3125\" data-end=\"3155\">domates sal\u00e7as\u0131 830g tedarik\u00e7isi<\/strong>, sa\u011flar\u0131z:<\/p>\n<ul data-start=\"3170\" data-end=\"3348\">\n<li data-start=\"3170\" data-end=\"3214\">\n<p data-start=\"3172\" data-end=\"3214\">\u00d6zel etiket tasar\u0131m\u0131 (dil ve sanat \u00e7al\u0131\u015fmas\u0131)<\/p>\n<\/li>\n<li data-start=\"3215\" data-end=\"3244\">\n<p data-start=\"3217\" data-end=\"3244\">Teneke kapak se\u00e7enekleri (EO \/ HO)<\/p>\n<\/li>\n<li data-start=\"3245\" data-end=\"3294\">\n<p data-start=\"3247\" data-end=\"3294\">\u0130hracat pazarlar\u0131 i\u00e7in marka tescil deste\u011fi<\/p>\n<\/li>\n<li data-start=\"3295\" data-end=\"3348\">\n<p data-start=\"3297\" data-end=\"3348\">Konteyner verimlili\u011fi i\u00e7in maliyet optimize edilmi\u015f ambalaj<\/p>\n<\/li>\n<\/ul>\n<p data-start=\"3350\" data-end=\"3391\">OEM tasar\u0131m hizmeti <strong data-start=\"3372\" data-end=\"3390\">\u00fccretsiz<\/strong>.<\/p>\n<hr data-start=\"3393\" data-end=\"3396\" \/>\n<h2 data-start=\"3398\" data-end=\"3415\">\u0130hracat Pazarlar\u0131<\/h2>\n<p data-start=\"3417\" data-end=\"3464\">830g domates sal\u00e7am\u0131z d\u00fczenli olarak \u015fu \u00fclkelere ihra\u00e7 edilmektedir:<\/p>\n<ul data-start=\"3466\" data-end=\"3529\">\n<li data-start=\"3466\" data-end=\"3476\">\n<p data-start=\"3468\" data-end=\"3476\">Afrika<\/p>\n<\/li>\n<li data-start=\"3477\" data-end=\"3492\">\n<p data-start=\"3479\" data-end=\"3492\">Orta Do\u011fu<\/p>\n<\/li>\n<li data-start=\"3493\" data-end=\"3510\">\n<p data-start=\"3495\" data-end=\"3510\">G\u00fcney Amerika<\/p>\n<\/li>\n<li data-start=\"3511\" data-end=\"3529\">\n<p data-start=\"3513\" data-end=\"3529\">G\u00fcneydo\u011fu Asya<\/p>\n<\/li>\n<\/ul>\n<p data-start=\"3531\" data-end=\"3627\">Anl\u0131yoruz <strong data-start=\"3545\" data-end=\"3611\">yerel Brix tercihleri, ambalaj al\u0131\u015fkanl\u0131klar\u0131 ve fiyat yap\u0131lar\u0131<\/strong> her b\u00f6lgedeki.<\/p>\n<hr data-start=\"3629\" data-end=\"3632\" \/>\n<h2 data-start=\"3634\" data-end=\"3659\">SSS \u2013 Fabrika &amp; \u0130hracat<\/h2>\n<p data-start=\"3661\" data-end=\"3748\"><strong data-start=\"3661\" data-end=\"3696\">Soru 1: Ne zaman teklif alabilirim?<\/strong><br data-start=\"3696\" data-end=\"3699\" \/>Al\u0131nmadan <strong data-start=\"3706\" data-end=\"3718\">12 saat<\/strong> sonra talebinizi ald\u0131\u011f\u0131n\u0131zda.<\/p>\n<p data-start=\"3750\" data-end=\"3882\"><strong data-start=\"3750\" data-end=\"3776\">Soru 2: \u00d6rnekler alabilir miyim?<\/strong><br data-start=\"3776\" data-end=\"3779\" \/>Evet. Fiyat onayland\u0131ktan sonra \u00f6rnekler mevcuttur.<br data-start=\"3831\" data-end=\"3834\" \/>\u00dc\u00e7\u00fcnc\u00fc taraf denetimleri (SGS \/ BV) kabul edilir.<\/p>\n<p data-start=\"3884\" data-end=\"3977\"><strong data-start=\"3884\" data-end=\"3937\">Soru 3: Bask\u0131 i\u00e7in hangi dosya formatlar\u0131n\u0131 kabul ediyorsunuz?<\/strong><br data-start=\"3937\" data-end=\"3940\" \/>PDF, AI, CDR veya y\u00fcksek \u00e7\u00f6z\u00fcn\u00fcrl\u00fckl\u00fc JPG.<\/p>\n<p data-start=\"3979\" data-end=\"4069\"><strong data-start=\"3979\" data-end=\"4017\">Soru 4: Tasar\u0131m hizmeti sa\u011fl\u0131yor musunuz?<\/strong><br data-start=\"4017\" data-end=\"4020\" \/>Evet. Profesyonel OEM tasar\u0131m hizmeti <strong data-start=\"4060\" data-end=\"4068\">\u00fccretsiz<\/strong>.<\/p>\n<p data-start=\"4071\" data-end=\"4160\"><strong data-start=\"4071\" data-end=\"4100\">Soru 5: \u00dcretim s\u00fcresi nedir?<\/strong><br data-start=\"4100\" data-end=\"4103\" \/>Yakla\u015f\u0131k <strong data-start=\"4117\" data-end=\"4136\">25 i\u015f g\u00fcn\u00fc<\/strong>, miktara ba\u011fl\u0131 olarak.<\/p>\n<hr data-start=\"4162\" data-end=\"4165\" \/>\n<p data-start=\"4167\" data-end=\"4256\">\ud83d\udce9 <a href=\"https:\/\/taichytomato.com\/tr\/contact\/\"><strong data-start=\"4170\" data-end=\"4188\">Hemen bizimle ileti\u015fime ge\u00e7in<\/strong><\/a> Fiyatland\u0131rma, tam \u00f6zellikler, \u00f6rnekler veya OEM teklifleri almak i\u00e7in.<\/p>","protected":false},"excerpt":{"rendered":"<p>Bizim <strong data-start=\"108\" data-end=\"136\">830g konserve domates sal\u00e7as\u0131<\/strong> \u015fundan yap\u0131l\u0131r: <strong data-start=\"150\" data-end=\"182\" data-is-only-node=\"\">100% taze ve olgun domatesler<\/strong>, hasattan saatler i\u00e7inde i\u015flenerek do\u011fal lezzet ve rengi korunur. \u00d6zelli\u011fi <strong data-start=\"270\" data-end=\"288\">zengin k\u0131rm\u0131z\u0131 renk<\/strong>, <strong data-start=\"290\" data-end=\"307\">kal\u0131n doku<\/strong>, ve <strong data-start=\"313\" data-end=\"336\">g\u00fc\u00e7l\u00fc domates aromas\u0131<\/strong>, yemek soslar\u0131, \u00e7orbalar ve g\u00fcve\u00e7ler i\u00e7in m\u00fckemmeldir. Kolay a\u00e7\u0131l\u0131r kapakl\u0131 <strong data-start=\"394\" data-end=\"426\">teneke kutularda paketlenmi\u015f<\/strong>, uzun raf \u00f6mr\u00fc ve pratik kullan\u0131m sa\u011flar.<\/p>","protected":false},"featured_media":3290,"template":"","meta":{"_acf_changed":false,"_seopress_robots_primary_cat":"none","_seopress_titles_title":"Canned 830g Tomato Paste Tins | Catering Bulk Size |Taichy","_seopress_titles_desc":"Designed for the catering industry, our 830g canned tomato paste is a high-quality ingredient for professional kitchens. Wait for you inquiry .","_seopress_robots_index":"","site-sidebar-layout":"default","site-content-layout":"","ast-site-content-layout":"default","site-content-style":"default","site-sidebar-style":"default","ast-global-header-display":"","ast-banner-title-visibility":"","ast-main-header-display":"","ast-hfb-above-header-display":"","ast-hfb-below-header-display":"","ast-hfb-mobile-header-display":"","site-post-title":"","ast-breadcrumbs-content":"","ast-featured-img":"","footer-sml-layout":"","ast-disable-related-posts":"","theme-transparent-header-meta":"default","adv-header-id-meta":"","stick-header-meta":"","header-above-stick-meta":"","header-main-stick-meta":"","header-below-stick-meta":"","astra-migrate-meta-layouts":"set","ast-page-background-enabled":"default","ast-page-background-meta":{"desktop":{"background-color":"var(--ast-global-color-5)","background-image":"","background-repeat":"repeat","background-position":"center center","background-size":"auto","background-attachment":"scroll","background-type":"","background-media":"","overlay-type":"","overlay-color":"","overlay-opacity":"","overlay-gradient":""},"tablet":{"background-color":"","background-image":"","background-repeat":"repeat","background-position":"center center","background-size":"auto","background-attachment":"scroll","background-type":"","background-media":"","overlay-type":"","overlay-color":"","overlay-opacity":"","overlay-gradient":""},"mobile":{"background-color":"","background-image":"","background-repeat":"repeat","background-position":"center center","background-size":"auto","background-attachment":"scroll","background-type":"","background-media":"","overlay-type":"","overlay-color":"","overlay-opacity":"","overlay-gradient":""}},"ast-content-background-meta":{"desktop":{"background-color":"var(--ast-global-color-4)","background-image":"","background-repeat":"repeat","background-position":"center center","background-size":"auto","background-attachment":"scroll","background-type":"","background-media":"","overlay-type":"","overlay-color":"","overlay-opacity":"","overlay-gradient":""},"tablet":{"background-color":"var(--ast-global-color-4)","background-image":"","background-repeat":"repeat","background-position":"center center","background-size":"auto","background-attachment":"scroll","background-type":"","background-media":"","overlay-type":"","overlay-color":"","overlay-opacity":"","overlay-gradient":""},"mobile":{"background-color":"var(--ast-global-color-4)","background-image":"","background-repeat":"repeat","background-position":"center center","background-size":"auto","background-attachment":"scroll","background-type":"","background-media":"","overlay-type":"","overlay-color":"","overlay-opacity":"","overlay-gradient":""}}},"product_brand":[],"product_cat":[96],"product_tag":[192,45,44],"class_list":{"0":"post-1415","1":"product","2":"type-product","3":"status-publish","4":"has-post-thumbnail","6":"product_cat-canned-tomato-paste","7":"product_tag-830g-canned-tomato-paste","8":"product_tag-canned-tomato-paste","9":"product_tag-tomato-paste","10":"desktop-align-left","11":"tablet-align-left","12":"mobile-align-left","14":"first","15":"instock","16":"sale","17":"shipping-taxable","18":"purchasable","19":"product-type-simple"},"acf":[],"_links":{"self":[{"href":"https:\/\/taichytomato.com\/tr\/wp-json\/wp\/v2\/product\/1415","targetHints":{"allow":["GET"]}}],"collection":[{"href":"https:\/\/taichytomato.com\/tr\/wp-json\/wp\/v2\/product"}],"about":[{"href":"https:\/\/taichytomato.com\/tr\/wp-json\/wp\/v2\/types\/product"}],"version-history":[{"count":0,"href":"https:\/\/taichytomato.com\/tr\/wp-json\/wp\/v2\/product\/1415\/revisions"}],"wp:featuredmedia":[{"embeddable":true,"href":"https:\/\/taichytomato.com\/tr\/wp-json\/wp\/v2\/media\/3290"}],"wp:attachment":[{"href":"https:\/\/taichytomato.com\/tr\/wp-json\/wp\/v2\/media?parent=1415"}],"wp:term":[{"taxonomy":"product_brand","embeddable":true,"href":"https:\/\/taichytomato.com\/tr\/wp-json\/wp\/v2\/product_brand?post=1415"},{"taxonomy":"product_cat","embeddable":true,"href":"https:\/\/taichytomato.com\/tr\/wp-json\/wp\/v2\/product_cat?post=1415"},{"taxonomy":"product_tag","embeddable":true,"href":"https:\/\/taichytomato.com\/tr\/wp-json\/wp\/v2\/product_tag?post=1415"}],"curies":[{"name":"wp","href":"https:\/\/api.w.org\/{rel}","templated":true}]}}