{"id":1054,"date":"2025-05-25T23:31:22","date_gmt":"2025-05-26T07:31:22","guid":{"rendered":"https:\/\/taichytomato.com\/?post_type=product&#038;p=1054"},"modified":"2026-01-12T23:09:05","modified_gmt":"2026-01-13T07:09:05","slug":"100g-tomato-paste-sache","status":"publish","type":"product","link":"https:\/\/taichytomato.com\/tr\/urun\/100g-tomato-paste-sache\/","title":{"rendered":"100g domates sal\u00e7as\u0131 paket"},"content":{"rendered":"<h2 data-start=\"280\" data-end=\"337\">100g Domates Sal\u00e7as\u0131 Po\u015feti | Fabrika Temini ve OEM \u0130hracat<\/h2>\n<p data-start=\"339\" data-end=\"708\"><strong data-start=\"339\" data-end=\"367\">100g domates sal\u00e7as\u0131 po\u015feti<\/strong> perakende, g\u0131da hizmetleri ve ihracat pazarlar\u0131 i\u00e7in porsiyon kontrol\u00fc, istikrarl\u0131 kalite ve rekabet\u00e7i maliyet gerektiren pratik k\u00fc\u00e7\u00fck paket \u00e7\u00f6z\u00fcm\u00fcd\u00fcr.<br data-start=\"524\" data-end=\"527\" \/>Taichy tedarikleri <strong data-start=\"543\" data-end=\"612\">100g po\u015fet domates sal\u00e7as\u0131 do\u011frudan Kuzey \u00c7in'deki fabrikam\u0131zdan<\/strong>, taze domateslerden \u00fcretilmi\u015f, esnek Brix se\u00e7enekleri ve tam uluslararas\u0131 sertifikasyonlara sahip.<\/p>\n<p data-start=\"710\" data-end=\"904\">Bu \u00fcr\u00fcn yayg\u0131n olarak kullan\u0131l\u0131r <strong data-start=\"741\" data-end=\"824\">marketler, \u00f6zel markalar, haz\u0131r yemek \u00fcreticileri ve g\u0131da yard\u0131m programlar\u0131 taraf\u0131ndan<\/strong> g\u00fcvenilir, raf \u00f6mr\u00fc uzun, pratik po\u015fet ambalaj\u0131nda domates sal\u00e7as\u0131na ihtiya\u00e7 duyanlar taraf\u0131ndan.<\/p>\n<hr data-start=\"906\" data-end=\"909\" \/>\n<h2 data-start=\"911\" data-end=\"963\">\u00dcr\u00fcn \u00d6zellikleri \u2013 100g Domates Sal\u00e7as\u0131 Po\u015feti<\/h2>\n<ul data-start=\"965\" data-end=\"1488\">\n<li data-start=\"965\" data-end=\"1006\">\n<p data-start=\"967\" data-end=\"1006\"><strong data-start=\"967\" data-end=\"984\">\u00dcr\u00fcn Tipi:<\/strong> Domates Sal\u00e7as\u0131 Po\u015feti<\/p>\n<\/li>\n<li data-start=\"1007\" data-end=\"1031\">\n<p data-start=\"1009\" data-end=\"1031\"><strong data-start=\"1009\" data-end=\"1024\">Net A\u011f\u0131rl\u0131k:<\/strong> 100g<\/p>\n<\/li>\n<li data-start=\"1032\" data-end=\"1079\">\n<p data-start=\"1034\" data-end=\"1079\"><strong data-start=\"1034\" data-end=\"1057\">Birincil Madde:<\/strong> 100% Taze Domatesler<\/p>\n<\/li>\n<li data-start=\"1080\" data-end=\"1141\">\n<p data-start=\"1082\" data-end=\"1141\"><strong data-start=\"1082\" data-end=\"1093\">Safl\u0131k:<\/strong> 30%\u2013100% (ni\u015fasta veya yapay koyula\u015ft\u0131r\u0131c\u0131 i\u00e7ermez)<\/p>\n<\/li>\n<li data-start=\"1142\" data-end=\"1205\">\n<p data-start=\"1144\" data-end=\"1205\"><strong data-start=\"1144\" data-end=\"1161\">Brix Se\u00e7enekleri:<\/strong> 9\u201311% \/ 18\u201320% \/ 22\u201324% \/ 26\u201328% \/ 28\u201330%<\/p>\n<\/li>\n<li data-start=\"1206\" data-end=\"1242\">\n<p data-start=\"1208\" data-end=\"1242\"><strong data-start=\"1208\" data-end=\"1218\">Renk:<\/strong> Parlak K\u0131rm\u0131z\u0131 \/ Koyu K\u0131rm\u0131z\u0131<\/p>\n<\/li>\n<li data-start=\"1243\" data-end=\"1287\">\n<p data-start=\"1245\" data-end=\"1287\"><strong data-start=\"1245\" data-end=\"1263\">Lezzet Profili:<\/strong> Dengeli tatl\u0131 ve ek\u015fi<\/p>\n<\/li>\n<li data-start=\"1288\" data-end=\"1307\">\n<p data-start=\"1290\" data-end=\"1307\"><strong data-start=\"1290\" data-end=\"1297\">pH:<\/strong> 4.0\u20134.4<\/p>\n<\/li>\n<li data-start=\"1308\" data-end=\"1337\">\n<p data-start=\"1310\" data-end=\"1337\"><strong data-start=\"1310\" data-end=\"1325\">\u0130\u015flem S\u00fcresi:<\/strong> 2\u20133 y\u0131l<\/p>\n<\/li>\n<li data-start=\"1338\" data-end=\"1376\">\n<p data-start=\"1340\" data-end=\"1376\"><strong data-start=\"1340\" data-end=\"1352\">Depolama:<\/strong> Kuru, kapal\u0131 depo<\/p>\n<\/li>\n<li data-start=\"1377\" data-end=\"1397\">\n<p data-start=\"1379\" data-end=\"1397\"><strong data-start=\"1379\" data-end=\"1387\">HMC:<\/strong> Maksimum 50%<\/p>\n<\/li>\n<li data-start=\"1398\" data-end=\"1440\">\n<p data-start=\"1400\" data-end=\"1440\"><strong data-start=\"1400\" data-end=\"1418\">Sertifikasyon:<\/strong> FDA, HACCP, ISO, QS<\/p>\n<\/li>\n<li data-start=\"1441\" data-end=\"1488\">\n<p data-start=\"1443\" data-end=\"1488\"><strong data-start=\"1443\" data-end=\"1456\">Markala\u015fma:<\/strong> OEM \/ \u00d6zel Marka mevcut<\/p>\n<\/li>\n<\/ul>\n<hr data-start=\"1490\" data-end=\"1493\" \/>\n<h2 data-start=\"1495\" data-end=\"1545\">100g Domates Sal\u00e7as\u0131 Po\u015feti i\u00e7in Uygun Uygulamalar<\/h2>\n<p data-start=\"1547\" data-end=\"1720\">The <strong data-start=\"1551\" data-end=\"1579\">100g domates sal\u00e7as\u0131 po\u015feti<\/strong> konumland\u0131r\u0131lm\u0131\u015ft\u0131r <strong data-start=\"1598\" data-end=\"1652\">y\u00fcksek frekansl\u0131 t\u00fcketim ve ihracat da\u011f\u0131t\u0131m\u0131 i\u00e7in<\/strong>, \u00f6zellikle porsiyon do\u011frulu\u011fu ve ambalaj verimlili\u011finin \u00f6nemli oldu\u011fu yerlerde:<\/p>\n<ul data-start=\"1722\" data-end=\"2000\">\n<li data-start=\"1722\" data-end=\"1774\">\n<p data-start=\"1724\" data-end=\"1774\">G\u00fcnl\u00fck ev kullan\u0131m\u0131 pi\u015firme (tek kullan\u0131ml\u0131k, at\u0131k yok)<\/p>\n<\/li>\n<li data-start=\"1775\" data-end=\"1831\">\n<p data-start=\"1777\" data-end=\"1831\">Haz\u0131r eri\u015fte, \u00f6\u011fle yeme\u011fi kutular\u0131 ve haz\u0131r yemekler<\/p>\n<\/li>\n<li data-start=\"1832\" data-end=\"1873\">\n<p data-start=\"1834\" data-end=\"1873\">Market perakendecili\u011fi ve g\u0131da zincirleri<\/p>\n<\/li>\n<li data-start=\"1874\" data-end=\"1931\">\n<p data-start=\"1876\" data-end=\"1931\">G\u0131da yard\u0131m kitleri, acil durum erzaklar\u0131 ve ihracat programlar\u0131<\/p>\n<\/li>\n<li data-start=\"1932\" data-end=\"2000\">\n<p data-start=\"1934\" data-end=\"2000\">Afrika, Orta Do\u011fu, KAF ve Asya'da \u00f6zel markal\u0131 da\u011f\u0131t\u0131m<\/p>\n<\/li>\n<\/ul>\n<p data-start=\"2002\" data-end=\"2113\">Bu boyut \u00f6zellikle pop\u00fclerdir <strong data-start=\"2037\" data-end=\"2064\">fiyat duyarl\u0131 pazarlar<\/strong> ve y\u00fcksek po\u015fet t\u00fcketim al\u0131\u015fkanl\u0131\u011f\u0131 olan b\u00f6lgeler.<\/p>\n<hr data-start=\"2115\" data-end=\"2118\" \/>\n<h2 data-start=\"2120\" data-end=\"2162\">Neden 100g Domates Sal\u00e7as\u0131 Po\u015fetimizi Tercih Etmelisiniz<\/h2>\n<ul data-start=\"2164\" data-end=\"2549\">\n<li data-start=\"2164\" data-end=\"2239\">\n<p data-start=\"2166\" data-end=\"2239\"><strong data-start=\"2166\" data-end=\"2191\">Tam porsiyon kontrol\u00fc<\/strong> \u2013 israf\u0131 azalt\u0131r ve kullan\u0131c\u0131 kolayl\u0131\u011f\u0131 sa\u011flar<\/p>\n<\/li>\n<li data-start=\"2240\" data-end=\"2312\">\n<p data-start=\"2242\" data-end=\"2312\"><strong data-start=\"2242\" data-end=\"2270\">Y\u00fcksek bariyerli folyo po\u015fet<\/strong> \u2013 renk, tat ve besin de\u011ferlerini korur<\/p>\n<\/li>\n<li data-start=\"2313\" data-end=\"2379\">\n<p data-start=\"2315\" data-end=\"2379\"><strong data-start=\"2315\" data-end=\"2350\">Aya\u011fa kalkabilen veya d\u00fcz po\u015fet se\u00e7enekleri<\/strong> piyasa tercihlerine g\u00f6re<\/p>\n<\/li>\n<li data-start=\"2380\" data-end=\"2462\">\n<p data-start=\"2382\" data-end=\"2462\"><strong data-start=\"2382\" data-end=\"2408\">Esnek OEM \u00e7\u00f6z\u00fcmleri<\/strong> \u2013 logo, sanat eseri, karton tasar\u0131m\u0131, \u00e7ok dilli etiketler<\/p>\n<\/li>\n<li data-start=\"2463\" data-end=\"2549\">\n<p data-start=\"2465\" data-end=\"2549\"><strong data-start=\"2465\" data-end=\"2490\">\u0130stikrarl\u0131 fabrika tedariki<\/strong> \u2013 uzun vadeli s\u00f6zle\u015fmeler ve ayl\u0131k sevkiyatlar i\u00e7in uygundur<\/p>\n<\/li>\n<\/ul>\n<hr data-start=\"2551\" data-end=\"2554\" \/>\n<h2 data-start=\"2556\" data-end=\"2591\">Paketleme, MOQ ve Konteyner Y\u00fckleme<\/h2>\n<p data-start=\"2593\" data-end=\"2621\"><strong data-start=\"2593\" data-end=\"2621\">Standart Paketleme Se\u00e7enekleri<\/strong><\/p>\n<ul data-start=\"2622\" data-end=\"2731\">\n<li data-start=\"2622\" data-end=\"2652\">\n<p data-start=\"2624\" data-end=\"2652\">100g \u00d7 50 po\u015fet \/ kutu<\/p>\n<\/li>\n<li data-start=\"2653\" data-end=\"2684\">\n<p data-start=\"2655\" data-end=\"2684\">100g \u00d7 100 po\u015fet \/ kutu<\/p>\n<\/li>\n<li data-start=\"2685\" data-end=\"2731\">\n<p data-start=\"2687\" data-end=\"2731\">100g \u00d7 25 po\u015fet \u00d7 4 i\u00e7 kutu \/ kutu<\/p>\n<\/li>\n<\/ul>\n<p data-start=\"2733\" data-end=\"2764\"><strong data-start=\"2733\" data-end=\"2764\">Konteyner Y\u00fckleme Referans\u0131<\/strong><\/p>\n<ul data-start=\"2765\" data-end=\"2906\">\n<li data-start=\"2765\" data-end=\"2839\">\n<p data-start=\"2767\" data-end=\"2839\"><strong data-start=\"2767\" data-end=\"2776\">20FT:<\/strong> yakla\u015f\u0131k 1.530\u20133.200 kutu (paketleme yap\u0131s\u0131na ba\u011fl\u0131 olarak)<\/p>\n<\/li>\n<li data-start=\"2840\" data-end=\"2906\">\n<p data-start=\"2842\" data-end=\"2906\"><strong data-start=\"2842\" data-end=\"2851\">40HQ:<\/strong> optimize edilmi\u015f paletleme ile daha y\u00fcksek hacim<\/p>\n<\/li>\n<\/ul>\n<p data-start=\"2908\" data-end=\"2915\"><strong data-start=\"2908\" data-end=\"2915\">Minimum Sipari\u015f Miktar\u0131<\/strong><\/p>\n<ul data-start=\"2916\" data-end=\"3058\">\n<li data-start=\"2916\" data-end=\"2992\">\n<p data-start=\"2918\" data-end=\"2992\">OEM \/ \u00d6zel Etiket: <strong data-start=\"2939\" data-end=\"2990\">M\u00fczakere edilebilir (d\u00fc\u015f\u00fck MOQ ile deneme sipari\u015fleri desteklenir)<\/strong><\/p>\n<\/li>\n<li data-start=\"2993\" data-end=\"3058\">\n<p data-start=\"2995\" data-end=\"3058\">Toplu sipari\u015flerde bask\u0131 ve ambalaj maliyet avantajlar\u0131 sa\u011flan\u0131r<\/p>\n<\/li>\n<\/ul>\n<hr data-start=\"3060\" data-end=\"3063\" \/>\n<h2 data-start=\"3065\" data-end=\"3107\">OEM ve \u00d6zel Etiket \u0130hracat Kapasiteleri<\/h2>\n<p data-start=\"3109\" data-end=\"3182\">Destekliyoruz <strong data-start=\"3120\" data-end=\"3145\">tam OEM\/ODM hizmetleri<\/strong> 100g domates sal\u00e7as\u0131 po\u015fet ihracat\u0131 i\u00e7in:<\/p>\n<ul data-start=\"3184\" data-end=\"3420\">\n<li data-start=\"3184\" data-end=\"3224\">\n<p data-start=\"3186\" data-end=\"3224\">\u00d6zel po\u015fet malzemesi ve kal\u0131nl\u0131\u011f\u0131<\/p>\n<\/li>\n<li data-start=\"3225\" data-end=\"3299\">\n<p data-start=\"3227\" data-end=\"3299\">\u00c7ok dilli ambalaj (\u0130ngilizce \/ Frans\u0131zca \/ Arap\u00e7a \/ Rus\u00e7a \/ \u0130spanyolca)<\/p>\n<\/li>\n<li data-start=\"3300\" data-end=\"3363\">\n<p data-start=\"3302\" data-end=\"3363\">Barkod, beslenme paneli ve d\u00fczenleyici uyum deste\u011fi<\/p>\n<\/li>\n<li data-start=\"3364\" data-end=\"3420\">\n<p data-start=\"3366\" data-end=\"3420\">\u0130hracat kutusu optimizasyonu ile nakliye maliyet kontrol\u00fc<\/p>\n<\/li>\n<\/ul>\n<p data-start=\"3422\" data-end=\"3496\">Ekibimiz al\u0131c\u0131lara yard\u0131mc\u0131 olur <strong data-start=\"3451\" data-end=\"3495\">kavram \u2192 tasar\u0131m \u2192 \u00fcretim \u2192 sevkiyat<\/strong>.<\/p>\n<hr data-start=\"3498\" data-end=\"3501\" \/>\n<h2 data-start=\"3503\" data-end=\"3533\">\u0130hracat Piyasalar\u0131 ve Deneyim<\/h2>\n<p data-start=\"3535\" data-end=\"3650\">Taichy'nin \u00fczerinde <strong data-start=\"3551\" data-end=\"3615\">10 y\u0131ll\u0131k domates sal\u00e7as\u0131 \u00fcretim ve ihracat tecr\u00fcbesi<\/strong>, paketli domates sal\u00e7as\u0131 tedarik etti\u011fi:<\/p>\n<ul data-start=\"3652\" data-end=\"3733\">\n<li data-start=\"3652\" data-end=\"3662\">\n<p data-start=\"3654\" data-end=\"3662\">Afrika<\/p>\n<\/li>\n<li data-start=\"3663\" data-end=\"3678\">\n<p data-start=\"3665\" data-end=\"3678\">Orta Do\u011fu<\/p>\n<\/li>\n<li data-start=\"3679\" data-end=\"3696\">\n<p data-start=\"3681\" data-end=\"3696\">T\u00fcrkiye \u00fclkeleri<\/p>\n<\/li>\n<li data-start=\"3697\" data-end=\"3715\">\n<p data-start=\"3699\" data-end=\"3715\">G\u00fcneydo\u011fu Asya<\/p>\n<\/li>\n<li data-start=\"3716\" data-end=\"3733\">\n<p data-start=\"3718\" data-end=\"3733\">Latin Amerika<\/p>\n<\/li>\n<\/ul>\n<p data-start=\"3735\" data-end=\"3825\">Anl\u0131yoruz <strong data-start=\"3749\" data-end=\"3824\">piyasa \u00f6zel Brix tercihleri, etiketleme kurallar\u0131 ve fiyat konumland\u0131rmas\u0131<\/strong>.<\/p>\n<hr data-start=\"4288\" data-end=\"4291\" \/>\n<h2 data-start=\"4293\" data-end=\"4321\">Al\u0131c\u0131lar \u0130\u00e7in \u0130lgili K\u0131lavuzlar<\/h2>\n<ul data-start=\"4323\" data-end=\"4446\">\n<li data-start=\"4323\" data-end=\"4378\">\n<p data-start=\"4325\" data-end=\"4378\"><strong data-start=\"4325\" data-end=\"4376\">K\u00fc\u00e7\u00fck Paket Domates Sal\u00e7as\u0131 Po\u015feti Al\u0131m Rehberi<\/strong><\/p>\n<\/li>\n<li data-start=\"4379\" data-end=\"4446\">\n<p data-start=\"4381\" data-end=\"4446\"><strong data-start=\"4381\" data-end=\"4444\">Domates Sal\u00e7as\u0131 Paket \u0130hracat K\u0131lavuzu (Markalar ve Fiyat Referans\u0131)<\/strong><\/p>\n<\/li>\n<\/ul>\n<p data-start=\"4448\" data-end=\"4571\">\ud83d\udce9 <a href=\"https:\/\/taichytomato.com\/tr\/contact\/\"><strong data-start=\"4451\" data-end=\"4469\">Hemen bizimle ileti\u015fime ge\u00e7in<\/strong><\/a> \u00fcr\u00fcn kataloglar\u0131, fiyat teklifleri, \u00fccretsiz \u00f6rnekler veya OEM teklifleri almak i\u00e7in hedef pazar\u0131n\u0131z.<\/p>","protected":false},"excerpt":{"rendered":"<p>Brix:18-20%,22-24%,26-28%,28-30%<br \/>\nPaslanmaz\/strese kar\u015f\u0131 dayan\u0131kl\u0131\/nem ge\u00e7irmez teneke kutu Kapa\u011f\u0131<br \/>\nMarka: Tasar\u0131m veya OEM<br \/>\nMinimum Miktar: 1X20ft<br \/>\nTeslimat Detay\u0131: Depozito veya akreditif al\u0131nd\u0131ktan sonra 30-35 g\u00fcn i\u00e7inde. En h\u0131zl\u0131 g\u00f6nderim.<br \/>\nHs Kodu:2002901100<\/p>","protected":false},"featured_media":3292,"template":"","meta":{"_acf_changed":false,"_seopress_robots_primary_cat":"none","_seopress_titles_title":"100g Sachet Tomato Paste | Wholesale Purchase | Best Price","_seopress_titles_desc":"Searching for a reliable source for 100g sachet tomato paste? We provide high-quality bulk supplies with traceable product quality.Contact Us Now","_seopress_robots_index":"","site-sidebar-layout":"default","site-content-layout":"","ast-site-content-layout":"default","site-content-style":"default","site-sidebar-style":"default","ast-global-header-display":"","ast-banner-title-visibility":"","ast-main-header-display":"","ast-hfb-above-header-display":"","ast-hfb-below-header-display":"","ast-hfb-mobile-header-display":"","site-post-title":"","ast-breadcrumbs-content":"","ast-featured-img":"","footer-sml-layout":"","ast-disable-related-posts":"","theme-transparent-header-meta":"default","adv-header-id-meta":"","stick-header-meta":"","header-above-stick-meta":"","header-main-stick-meta":"","header-below-stick-meta":"","astra-migrate-meta-layouts":"set","ast-page-background-enabled":"default","ast-page-background-meta":{"desktop":{"background-color":"var(--ast-global-color-5)","background-image":"","background-repeat":"repeat","background-position":"center center","background-size":"auto","background-attachment":"scroll","background-type":"","background-media":"","overlay-type":"","overlay-color":"","overlay-opacity":"","overlay-gradient":""},"tablet":{"background-color":"","background-image":"","background-repeat":"repeat","background-position":"center center","background-size":"auto","background-attachment":"scroll","background-type":"","background-media":"","overlay-type":"","overlay-color":"","overlay-opacity":"","overlay-gradient":""},"mobile":{"background-color":"","background-image":"","background-repeat":"repeat","background-position":"center center","background-size":"auto","background-attachment":"scroll","background-type":"","background-media":"","overlay-type":"","overlay-color":"","overlay-opacity":"","overlay-gradient":""}},"ast-content-background-meta":{"desktop":{"background-color":"var(--ast-global-color-4)","background-image":"","background-repeat":"repeat","background-position":"center center","background-size":"auto","background-attachment":"scroll","background-type":"","background-media":"","overlay-type":"","overlay-color":"","overlay-opacity":"","overlay-gradient":""},"tablet":{"background-color":"var(--ast-global-color-4)","background-image":"","background-repeat":"repeat","background-position":"center center","background-size":"auto","background-attachment":"scroll","background-type":"","background-media":"","overlay-type":"","overlay-color":"","overlay-opacity":"","overlay-gradient":""},"mobile":{"background-color":"var(--ast-global-color-4)","background-image":"","background-repeat":"repeat","background-position":"center center","background-size":"auto","background-attachment":"scroll","background-type":"","background-media":"","overlay-type":"","overlay-color":"","overlay-opacity":"","overlay-gradient":""}}},"product_brand":[],"product_cat":[97],"product_tag":[171],"class_list":{"0":"post-1054","1":"product","2":"type-product","3":"status-publish","4":"has-post-thumbnail","6":"product_cat-tomato-paste-in-sachet","7":"product_tag-100g-tomato-paste-sachet","8":"desktop-align-left","9":"tablet-align-left","10":"mobile-align-left","12":"first","13":"instock","14":"sale","15":"shipping-taxable","16":"purchasable","17":"product-type-simple"},"acf":[],"_links":{"self":[{"href":"https:\/\/taichytomato.com\/tr\/wp-json\/wp\/v2\/product\/1054","targetHints":{"allow":["GET"]}}],"collection":[{"href":"https:\/\/taichytomato.com\/tr\/wp-json\/wp\/v2\/product"}],"about":[{"href":"https:\/\/taichytomato.com\/tr\/wp-json\/wp\/v2\/types\/product"}],"version-history":[{"count":0,"href":"https:\/\/taichytomato.com\/tr\/wp-json\/wp\/v2\/product\/1054\/revisions"}],"wp:featuredmedia":[{"embeddable":true,"href":"https:\/\/taichytomato.com\/tr\/wp-json\/wp\/v2\/media\/3292"}],"wp:attachment":[{"href":"https:\/\/taichytomato.com\/tr\/wp-json\/wp\/v2\/media?parent=1054"}],"wp:term":[{"taxonomy":"product_brand","embeddable":true,"href":"https:\/\/taichytomato.com\/tr\/wp-json\/wp\/v2\/product_brand?post=1054"},{"taxonomy":"product_cat","embeddable":true,"href":"https:\/\/taichytomato.com\/tr\/wp-json\/wp\/v2\/product_cat?post=1054"},{"taxonomy":"product_tag","embeddable":true,"href":"https:\/\/taichytomato.com\/tr\/wp-json\/wp\/v2\/product_tag?post=1054"}],"curies":[{"name":"wp","href":"https:\/\/api.w.org\/{rel}","templated":true}]}}