{"id":1048,"date":"2025-05-25T23:24:28","date_gmt":"2025-05-26T07:24:28","guid":{"rendered":"https:\/\/taichytomato.com\/?post_type=product&#038;p=1048"},"modified":"2026-01-07T19:22:11","modified_gmt":"2026-01-08T03:22:11","slug":"200g-tomato-paste-sachet-taichy-food","status":"publish","type":"product","link":"https:\/\/taichytomato.com\/tr\/urun\/200g-tomato-paste-sachet-taichy-food\/","title":{"rendered":"200g paket domates sosu"},"content":{"rendered":"<h2 data-start=\"151\" data-end=\"213\">\u00dcr\u00fcn Genel Bak\u0131\u015f \u2014 200g Paket Domates Sosu (Fabrika Temini)<\/h2>\n<p data-start=\"215\" data-end=\"598\">The <strong data-start=\"219\" data-end=\"247\">200g paket domates sosu<\/strong> pazarlar\u0131n ihtiya\u00e7 duydu\u011fu <strong data-start=\"285\" data-end=\"333\">daha b\u00fcy\u00fck tek kullan\u0131ml\u0131k veya k\u0131sa d\u00f6ng\u00fcl\u00fc t\u00fcketim i\u00e7in tasarlanm\u0131\u015ft\u0131r<\/strong>, \u00f6zellikle <strong data-start=\"350\" data-end=\"430\">aile pi\u015firme, yiyecek hizmeti haz\u0131rl\u0131\u011f\u0131 ve haz\u0131r yemek uygulamalar\u0131 i\u00e7in<\/strong>. K\u00fc\u00e7\u00fck boy paketlerle kar\u015f\u0131la\u015ft\u0131r\u0131ld\u0131\u011f\u0131nda, 200g format\u0131 <strong data-start=\"489\" data-end=\"524\">gram ba\u015f\u0131na daha iyi maliyet verimlili\u011fi sa\u011flar<\/strong>, ambalaj at\u0131\u011f\u0131n\u0131 azalt\u0131r ve perakende kanallar\u0131nda daha g\u00fc\u00e7l\u00fc raf varl\u0131\u011f\u0131 sunar.<\/p>\n<p data-start=\"600\" data-end=\"833\">\u00dcretildi\u011fi yer <strong data-start=\"612\" data-end=\"630\">Kuzey \u00c7in<\/strong> kullan\u0131larak <strong data-start=\"637\" data-end=\"655\">taze domatesler<\/strong>, 200g paket domates sosu, s\u0131k\u0131 kalite kontrol sistemleri alt\u0131nda \u00fcretilmi\u015f olup <strong data-start=\"778\" data-end=\"832\">toplu sipari\u015fler, OEM markalama ve ihracat da\u011f\u0131t\u0131m\u0131 i\u00e7in do\u011frudan fabrikadan tedarik edilmektedir<\/strong>.<\/p>\n<p data-start=\"835\" data-end=\"1057\">Arayan al\u0131c\u0131lar i\u00e7in <strong data-start=\"856\" data-end=\"891\">200g paket domates sosu tedariki<\/strong>, <strong data-start=\"893\" data-end=\"929\">200g paket domates sosu fabrikas\u0131<\/strong>, veya <strong data-start=\"934\" data-end=\"975\">\u00c7in 200g paket domates sosu fiyatlar\u0131<\/strong>, bu \u00fcr\u00fcn <strong data-start=\"1009\" data-end=\"1056\">istikrarl\u0131, \u00f6l\u00e7eklenebilir ve \u00f6zelle\u015ftirilebilir bir \u00e7\u00f6z\u00fcm olarak konumland\u0131r\u0131lm\u0131\u015ft\u0131r<\/strong>.<\/p>\n<hr data-start=\"1059\" data-end=\"1062\" \/>\n<h2 data-start=\"1064\" data-end=\"1118\">Ana Sat\u0131n Alma Bilgileri \u2014 200g Paket Domates Sosu<\/h2>\n<p data-start=\"1120\" data-end=\"1247\"><strong data-start=\"1120\" data-end=\"1142\">Referans Kullan\u0131m Durumu<\/strong><br data-start=\"1142\" data-end=\"1145\" \/><strong>Bu boyut, 70g veya 50g'l\u0131k po\u015fetlerin pi\u015firme g\u00f6revleri i\u00e7in \u00e7ok k\u00fc\u00e7\u00fck oldu\u011fu ve kutular\u0131n tercih edilmedi\u011fi durumlar i\u00e7in idealdir.<\/strong><\/p>\n<h3 data-start=\"1249\" data-end=\"1272\">Ana \u00d6zellikler<\/h3>\n<div class=\"TyagGW_tableContainer\">\n<div class=\"group TyagGW_tableWrapper flex w-fit flex-col-reverse\" tabindex=\"-1\">\n<table class=\"w-fit min-w-(--thread-content-width)\" data-start=\"1274\" data-end=\"1935\">\n<thead data-start=\"1274\" data-end=\"1298\">\n<tr data-start=\"1274\" data-end=\"1298\">\n<th data-start=\"1274\" data-end=\"1281\" data-col-size=\"sm\">\u00dcr\u00fcn<\/th>\n<th data-start=\"1281\" data-end=\"1298\" data-col-size=\"md\">\u015eartname<\/th>\n<\/tr>\n<\/thead>\n<tbody data-start=\"1309\" data-end=\"1935\">\n<tr data-start=\"1309\" data-end=\"1356\">\n<td data-start=\"1309\" data-end=\"1328\" data-col-size=\"sm\"><strong data-start=\"1311\" data-end=\"1327\">\u00dcr\u00fcn Ad\u0131<\/strong><\/td>\n<td data-start=\"1328\" data-end=\"1356\" data-col-size=\"md\">200g Po\u015fet Domates Sosu<\/td>\n<\/tr>\n<tr data-start=\"1357\" data-end=\"1397\">\n<td data-start=\"1357\" data-end=\"1379\" data-col-size=\"sm\"><strong data-start=\"1359\" data-end=\"1378\">Men\u015fei Yeri<\/strong><\/td>\n<td data-start=\"1379\" data-end=\"1397\" data-col-size=\"md\">\u00c7in'in Kuzeyi<\/td>\n<\/tr>\n<tr data-start=\"1398\" data-end=\"1441\">\n<td data-start=\"1398\" data-end=\"1423\" data-col-size=\"sm\"><strong data-start=\"1400\" data-end=\"1422\">Ana Bile\u015fen<\/strong><\/td>\n<td data-start=\"1423\" data-end=\"1441\" data-col-size=\"md\">Taze Domatesler<\/td>\n<\/tr>\n<tr data-start=\"1442\" data-end=\"1481\">\n<td data-start=\"1442\" data-end=\"1463\" data-col-size=\"sm\"><strong data-start=\"1444\" data-end=\"1462\">Ambalaj T\u00fcr\u00fc<\/strong><\/td>\n<td data-start=\"1463\" data-end=\"1481\" data-col-size=\"md\">Po\u015fet \/ Torba<\/td>\n<\/tr>\n<tr data-start=\"1482\" data-end=\"1507\">\n<td data-start=\"1482\" data-end=\"1499\" data-col-size=\"sm\"><strong data-start=\"1484\" data-end=\"1498\">Net A\u011f\u0131rl\u0131k<\/strong><\/td>\n<td data-start=\"1499\" data-end=\"1507\" data-col-size=\"md\">200g<\/td>\n<\/tr>\n<tr data-start=\"1508\" data-end=\"1542\">\n<td data-start=\"1508\" data-end=\"1530\" data-col-size=\"sm\"><strong data-start=\"1510\" data-end=\"1529\">\u0130\u015fleme T\u00fcr\u00fc<\/strong><\/td>\n<td data-start=\"1530\" data-end=\"1542\" data-col-size=\"md\">Baharatl\u0131<\/td>\n<\/tr>\n<tr data-start=\"1543\" data-end=\"1611\">\n<td data-start=\"1543\" data-end=\"1562\" data-col-size=\"sm\"><strong data-start=\"1545\" data-end=\"1561\">Brix Se\u00e7enekleri<\/strong><\/td>\n<td data-start=\"1562\" data-end=\"1611\" data-col-size=\"md\">9\u201311% \/ 18\u201320% \/ 22\u201324% \/ 26\u201328% \/ <strong data-start=\"1599\" data-end=\"1609\">28\u201330\u00b0Brix<\/strong><\/td>\n<\/tr>\n<tr data-start=\"1612\" data-end=\"1649\">\n<td data-start=\"1612\" data-end=\"1624\" data-col-size=\"sm\"><strong data-start=\"1614\" data-end=\"1623\">Renk<\/strong><\/td>\n<td data-start=\"1624\" data-end=\"1649\" data-col-size=\"md\">Koyu K\u0131rm\u0131z\u0131 \/ Parlak K\u0131rm\u0131z\u0131<\/td>\n<\/tr>\n<tr data-start=\"1650\" data-end=\"1686\">\n<td data-start=\"1650\" data-end=\"1670\" data-col-size=\"sm\"><strong data-start=\"1652\" data-end=\"1669\">Tad Profili<\/strong><\/td>\n<td data-start=\"1670\" data-end=\"1686\" data-col-size=\"md\">Tatl\u0131 ve Ek\u015fi<\/td>\n<\/tr>\n<tr data-start=\"1687\" data-end=\"1713\">\n<td data-start=\"1687\" data-end=\"1702\" data-col-size=\"sm\"><strong data-start=\"1689\" data-end=\"1701\">pH De\u011feri<\/strong><\/td>\n<td data-start=\"1702\" data-end=\"1713\" data-col-size=\"md\">4.0\u20134.4<\/td>\n<\/tr>\n<tr data-start=\"1714\" data-end=\"1752\">\n<td data-start=\"1714\" data-end=\"1727\" data-col-size=\"sm\"><strong data-start=\"1716\" data-end=\"1726\">Safl\u0131k<\/strong><\/td>\n<td data-start=\"1727\" data-end=\"1752\" data-col-size=\"md\">30%\u2013100% Domates Sal\u00e7as\u0131<\/td>\n<\/tr>\n<tr data-start=\"1753\" data-end=\"1771\">\n<td data-start=\"1753\" data-end=\"1763\" data-col-size=\"sm\"><strong data-start=\"1755\" data-end=\"1762\">HMC<\/strong><\/td>\n<td data-start=\"1763\" data-end=\"1771\" data-col-size=\"md\">\u226450%<\/td>\n<\/tr>\n<tr data-start=\"1772\" data-end=\"1802\">\n<td data-start=\"1772\" data-end=\"1789\" data-col-size=\"sm\"><strong data-start=\"1774\" data-end=\"1788\">Raf \u00d6mr\u00fc<\/strong><\/td>\n<td data-start=\"1789\" data-end=\"1802\" data-col-size=\"md\">2\u20133 Y\u0131l<\/td>\n<\/tr>\n<tr data-start=\"1803\" data-end=\"1853\">\n<td data-start=\"1803\" data-end=\"1827\" data-col-size=\"sm\"><strong data-start=\"1805\" data-end=\"1826\">Depolama Ko\u015fullar\u0131<\/strong><\/td>\n<td data-start=\"1827\" data-end=\"1853\" data-col-size=\"md\">Kuru ve \u0130\u00e7 Depo<\/td>\n<\/tr>\n<tr data-start=\"1854\" data-end=\"1891\">\n<td data-start=\"1854\" data-end=\"1871\" data-col-size=\"sm\"><strong data-start=\"1856\" data-end=\"1870\">Marka Ad\u0131<\/strong><\/td>\n<td data-start=\"1871\" data-end=\"1891\" data-col-size=\"md\">OEM \/ \u00d6zel Tasar\u0131m<\/td>\n<\/tr>\n<tr data-start=\"1892\" data-end=\"1935\">\n<td data-start=\"1892\" data-end=\"1912\" data-col-size=\"sm\"><strong data-start=\"1894\" data-end=\"1911\">Sertifikasyon<\/strong><\/td>\n<td data-start=\"1912\" data-end=\"1935\" data-col-size=\"md\">FDA, HACCP, ISO, QS<\/td>\n<\/tr>\n<\/tbody>\n<\/table>\n<\/div>\n<\/div>\n<p data-start=\"1937\" data-end=\"2054\">Bu \u00f6zellik, al\u0131c\u0131lar\u0131n ihtiya\u00e7 duydu\u011fu <strong data-start=\"1981\" data-end=\"2006\">esnek form\u00fclasyonlar\u0131<\/strong> farkl\u0131 perakende ve g\u0131da hizmeti segmentleri i\u00e7in destekler.<\/p>\n<hr data-start=\"2056\" data-end=\"2059\" \/>\n<h2 data-start=\"2061\" data-end=\"2109\">Neden 200g Po\u015fet Domates Sosu (70g de\u011fil) Tercih Edilmeli<\/h2>\n<p data-start=\"2111\" data-end=\"2220\">Tedarik a\u00e7\u0131s\u0131ndan bak\u0131ld\u0131\u011f\u0131nda, <strong data-start=\"2147\" data-end=\"2162\">200g po\u015fet<\/strong> k\u00fc\u00e7\u00fck po\u015fetlerden farkl\u0131 ticari ama\u00e7lara hizmet eder:<\/p>\n<ul data-start=\"2222\" data-end=\"2504\">\n<li data-start=\"2222\" data-end=\"2301\">\n<p data-start=\"2224\" data-end=\"2301\"><strong data-start=\"2224\" data-end=\"2254\">Kullan\u0131m ba\u015f\u0131na daha y\u00fcksek t\u00fcketim<\/strong> \u2013 aile yemekleri veya toplu pi\u015firme i\u00e7in uygundur<\/p>\n<\/li>\n<li data-start=\"2302\" data-end=\"2377\">\n<p data-start=\"2304\" data-end=\"2377\"><strong data-start=\"2304\" data-end=\"2340\">Kg ba\u015f\u0131na daha d\u00fc\u015f\u00fck birim paketleme maliyeti<\/strong> Da\u011f\u0131t\u0131c\u0131lar i\u00e7in geli\u015ftirilmi\u015f marj<\/p>\n<\/li>\n<li data-start=\"2378\" data-end=\"2444\">\n<p data-start=\"2380\" data-end=\"2444\"><strong data-start=\"2380\" data-end=\"2409\">Daha g\u00fc\u00e7l\u00fc raf g\u00f6r\u00fcn\u00fcrl\u00fc\u011f\u00fc<\/strong> Marketlerde daha iyi sergileme<\/p>\n<\/li>\n<li data-start=\"2445\" data-end=\"2504\">\n<p data-start=\"2447\" data-end=\"2504\"><strong data-start=\"2447\" data-end=\"2478\">Tekrar a\u00e7ma riskini azaltma<\/strong> Her tarif i\u00e7in bir po\u015fet<\/p>\n<\/li>\n<\/ul>\n<p data-start=\"2506\" data-end=\"2680\">Bu, 200g format\u0131n\u0131 \u00f6zellikle \u00e7ekici k\u0131lmaktad\u0131r <strong data-start=\"2559\" data-end=\"2624\">Afrika, Orta Do\u011fu, Orta Asya ve Latin Amerika pazarlar\u0131 i\u00e7in<\/strong>, evde pi\u015firme ve birim de\u011feri ana itici g\u00fc\u00e7lerdir.<\/p>\n<hr data-start=\"2682\" data-end=\"2685\" \/>\n<h2 data-start=\"2687\" data-end=\"2728\">Uygulama Senaryolar\u0131 (Al\u0131c\u0131 Odakl\u0131)<\/h2>\n<p data-start=\"2730\" data-end=\"2782\">The <strong data-start=\"2734\" data-end=\"2762\">200g paket domates sosu<\/strong> kullan\u0131ld\u0131\u011f\u0131 alanlar:<\/p>\n<ul data-start=\"2784\" data-end=\"3007\">\n<li data-start=\"2784\" data-end=\"2840\">\n<p data-start=\"2786\" data-end=\"2840\">Hane halk\u0131 pi\u015firme: soslar, pilav yemekleri, \u00e7orbalar, makarna<\/p>\n<\/li>\n<li data-start=\"2841\" data-end=\"2872\">\n<p data-start=\"2843\" data-end=\"2872\">Market perakende kanallar\u0131<\/p>\n<\/li>\n<li data-start=\"2873\" data-end=\"2926\">\n<p data-start=\"2875\" data-end=\"2926\">Haz\u0131r yemek kitleri ve pratik yemek paketleri<\/p>\n<\/li>\n<li data-start=\"2927\" data-end=\"2973\">\n<p data-start=\"2929\" data-end=\"2973\">K\u00fc\u00e7\u00fck g\u0131da hizmeti operasyonlar\u0131 ve catering<\/p>\n<\/li>\n<li data-start=\"2974\" data-end=\"3007\">\n<p data-start=\"2976\" data-end=\"3007\">B2B ve B2C ihracat da\u011f\u0131t\u0131m\u0131<\/p>\n<\/li>\n<\/ul>\n<p data-start=\"3009\" data-end=\"3139\">Hacmi, k\u00fc\u00e7\u00fck po\u015fetler ile kutular aras\u0131nda konumland\u0131r\u0131r ve depolama veya ta\u015f\u0131ma verimlili\u011finden \u00f6d\u00fcn vermeden esneklik sa\u011flar.<\/p>\n<hr data-start=\"3141\" data-end=\"3144\" \/>\n<h2 data-start=\"3146\" data-end=\"3191\">Ambalaj, Karton Konfig\u00fcrasyonu ve Teslimat<\/h2>\n<ul data-start=\"3193\" data-end=\"3507\">\n<li data-start=\"3193\" data-end=\"3265\">\n<p data-start=\"3195\" data-end=\"3216\"><strong data-start=\"3195\" data-end=\"3213\">Karton Paketleme<\/strong>:<\/p>\n<ul data-start=\"3219\" data-end=\"3265\">\n<li data-start=\"3219\" data-end=\"3240\">\n<p data-start=\"3221\" data-end=\"3240\">200g \u00d7 50 po\u015fet<\/p>\n<\/li>\n<li data-start=\"3243\" data-end=\"3265\">\n<p data-start=\"3245\" data-end=\"3265\">200g \u00d7 100 po\u015fet<\/p>\n<\/li>\n<\/ul>\n<\/li>\n<li data-start=\"3266\" data-end=\"3323\">\n<p data-start=\"3268\" data-end=\"3323\"><strong data-start=\"3268\" data-end=\"3284\">D\u0131\u015f Karton<\/strong>: Barkod ve logo ile \u00f6zel bask\u0131<\/p>\n<\/li>\n<li data-start=\"3324\" data-end=\"3400\">\n<p data-start=\"3326\" data-end=\"3400\"><strong data-start=\"3326\" data-end=\"3343\">Etiket Deste\u011fi<\/strong>: \u0130ngilizce, Frans\u0131zca, Rus\u00e7a, Arap\u00e7a ve di\u011fer diller<\/p>\n<\/li>\n<li data-start=\"3401\" data-end=\"3441\">\n<p data-start=\"3403\" data-end=\"3441\"><strong data-start=\"3403\" data-end=\"3410\">Minimum Sipari\u015f Miktar\u0131<\/strong>: \u0130hracat m\u00fc\u015fterileri i\u00e7in esnek<\/p>\n<\/li>\n<li data-start=\"3442\" data-end=\"3507\">\n<p data-start=\"3444\" data-end=\"3507\"><strong data-start=\"3444\" data-end=\"3461\">Teslimat S\u00fcresi<\/strong>: Toplu sipari\u015fler i\u00e7in istikrarl\u0131 \u00fcretim takvimi<\/p>\n<\/li>\n<\/ul>\n<p data-start=\"3509\" data-end=\"3618\">D\u00fcz sachet yap\u0131s\u0131, sert ambalajlara k\u0131yasla konteyner kullan\u0131m\u0131n\u0131 art\u0131r\u0131r ve lojistik maliyetlerini azalt\u0131r.<\/p>\n<hr data-start=\"3620\" data-end=\"3623\" \/>\n<h2 data-start=\"3625\" data-end=\"3658\">OEM ve \u00d6zelle\u015ftirme Yetene\u011fi<\/h2>\n<p data-start=\"3660\" data-end=\"3742\">Al\u0131c\u0131lar i\u00e7in aranan <strong data-start=\"3683\" data-end=\"3729\">200g sachet domates sosu \u00f6zelle\u015ftirilmi\u015f tedarik<\/strong>, sa\u011flar\u0131z:<\/p>\n<ul data-start=\"3744\" data-end=\"3892\">\n<li data-start=\"3744\" data-end=\"3774\">\n<p data-start=\"3746\" data-end=\"3774\">OEM \/ \u00f6zel etiket tasar\u0131m\u0131<\/p>\n<\/li>\n<li data-start=\"3775\" data-end=\"3821\">\n<p data-start=\"3777\" data-end=\"3821\">\u00d6zelle\u015ftirilmi\u015f Brix seviyeleri ve tat profilleri<\/p>\n<\/li>\n<li data-start=\"3822\" data-end=\"3859\">\n<p data-start=\"3824\" data-end=\"3859\">Piyasa \u00f6zel ambalaj formatlar\u0131<\/p>\n<\/li>\n<li data-start=\"3860\" data-end=\"3892\">\n<p data-start=\"3862\" data-end=\"3892\">\u00c7ok dilli sanat \u00e7al\u0131\u015fmas\u0131 deste\u011fi<\/p>\n<\/li>\n<\/ul>\n<p data-start=\"3894\" data-end=\"4009\">Fabrikam\u0131z, da\u011f\u0131t\u0131c\u0131lar ve marka sahipleriyle yak\u0131n i\u015fbirli\u011fi i\u00e7inde \u00e7al\u0131\u015farak <strong data-start=\"3965\" data-end=\"4008\">tekrarlanan sipari\u015flerde tutarl\u0131 kaliteyi sa\u011flar<\/strong>.<\/p>\n<hr data-start=\"4011\" data-end=\"4014\" \/>\n<h2 data-start=\"4016\" data-end=\"4050\">Kalite Kontrol ve Sertifikasyon<\/h2>\n<p data-start=\"4052\" data-end=\"4147\">G\u0131da g\u00fcvenli\u011fi ve uyumluluk, b\u00fcy\u00fck boyutlu sachet \u00fcr\u00fcnler i\u00e7in kritik \u00f6nemdedir. T\u00fcm \u00fcretim \u015fu standartlara uygundur:<\/p>\n<ul data-start=\"4149\" data-end=\"4287\">\n<li data-start=\"4149\" data-end=\"4182\">\n<p data-start=\"4151\" data-end=\"4182\">FDA, HACCP, ISO, QS standartlar\u0131<\/p>\n<\/li>\n<li data-start=\"4183\" data-end=\"4222\">\n<p data-start=\"4185\" data-end=\"4222\">Kontroll\u00fc asitlik ve Brix testi<\/p>\n<\/li>\n<li data-start=\"4223\" data-end=\"4252\">\n<p data-start=\"4225\" data-end=\"4252\">Hammadde takibi<\/p>\n<\/li>\n<li data-start=\"4253\" data-end=\"4287\">\n<p data-start=\"4255\" data-end=\"4287\">Parti seviyesinde kalite denetimi<\/p>\n<\/li>\n<\/ul>\n<p data-start=\"4289\" data-end=\"4359\">Bu, sorunsuz g\u00fcmr\u00fck i\u015flemleri ve uzun vadeli piyasa uyumlulu\u011fu sa\u011flar.<\/p>\n<hr data-start=\"4361\" data-end=\"4364\" \/>\n<h2 data-start=\"4366\" data-end=\"4428\">Neden Taichy'yi 200g Paket Domates Sosu Tedarik\u00e7iniz Olarak Se\u00e7melisiniz<\/h2>\n<ul data-start=\"4430\" data-end=\"4678\">\n<li data-start=\"4430\" data-end=\"4495\">\n<p data-start=\"4432\" data-end=\"4495\">Do\u011frudan <strong data-start=\"4439\" data-end=\"4475\">200g paket domates sosu fabrikas\u0131<\/strong> \u00c7in'den tedarik<\/p>\n<\/li>\n<li data-start=\"4496\" data-end=\"4533\">\n<p data-start=\"4498\" data-end=\"4533\">D\u00fcnyada 30'dan fazla \u00fclkeye hizmet veriyor<\/p>\n<\/li>\n<li data-start=\"4534\" data-end=\"4578\">\n<p data-start=\"4536\" data-end=\"4578\">Form\u00fclasyon ve markala\u015fma i\u00e7in Ar-Ge deste\u011fi<\/p>\n<\/li>\n<li data-start=\"4579\" data-end=\"4630\">\n<p data-start=\"4581\" data-end=\"4630\">Kese bazl\u0131 domates sosu \u00e7\u00f6z\u00fcmlerinde uzmanl\u0131k<\/p>\n<\/li>\n<li data-start=\"4631\" data-end=\"4678\">\n<p data-start=\"4633\" data-end=\"4678\">\u00c7ok dilli ihracat ekibi ve h\u0131zl\u0131 yan\u0131t<\/p>\n<\/li>\n<\/ul>\n<p data-start=\"4680\" data-end=\"4767\">Taichy sadece bir tedarik\u00e7i olarak de\u011fil, ayn\u0131 zamanda <strong data-start=\"4734\" data-end=\"4766\">uzun vadeli \u00fcretim orta\u011f\u0131 olarak konumlanm\u0131\u015ft\u0131r<\/strong>.<\/p>\n<hr data-start=\"4769\" data-end=\"4772\" \/>\n<h2 data-start=\"4774\" data-end=\"4794\">Sat\u0131n alma rehberi<\/h2>\n<p data-start=\"4796\" data-end=\"5008\">E\u011fer de\u011ferlendiriyorsan\u0131z <strong data-start=\"4818\" data-end=\"4853\">200g paket domates sosu fiyat teklifleri<\/strong>, tedarik istikrar\u0131 veya OEM kapasitesi, incelememizi \u00f6neririz <strong data-start=\"4919\" data-end=\"4951\">Paket Domates Sosu Sat\u0131n Alma Rehberi<\/strong> boyutlar\u0131, Brix seviyelerini ve ambalaj verimlili\u011fini kar\u015f\u0131la\u015ft\u0131rmak i\u00e7in.<\/p>\n<p data-start=\"5010\" data-end=\"5086\">\ud83d\udce9 <a href=\"https:\/\/taichytomato.com\/tr\/contact\/\"><strong data-start=\"5013\" data-end=\"5031\">Hemen bizimle ileti\u015fime ge\u00e7in<\/strong><\/a> \u00f6rnekler, kataloglar ve en g\u00fcncel fabrika fiyatlar\u0131 i\u00e7in.<\/p>","protected":false},"excerpt":{"rendered":"<p>Brix:18-20%,22-24%,26-28%,28-30%<br \/>\nPaslanmaz\/strese kar\u015f\u0131 dayan\u0131kl\u0131\/nem ge\u00e7irmez teneke kutu Kapa\u011f\u0131<br \/>\nMarka: Tasar\u0131m veya OEM<br \/>\nMinimum Miktar: 1X20ft<br \/>\nTeslimat Detay\u0131: Depozito veya akreditif al\u0131nd\u0131ktan sonra 30-35 g\u00fcn i\u00e7inde. En h\u0131zl\u0131 g\u00f6nderim.<br \/>\nHs Kodu:2002901100<\/p>","protected":false},"featured_media":3250,"template":"","meta":{"_acf_changed":false,"_seopress_robots_primary_cat":"none","_seopress_titles_title":"200g Sachet Tomato Sauce Factory | Supply, OEM & Quotes","_seopress_titles_desc":"Factory supply 200g sachet tomato sauce from China. OEM customization, multiple Brix options, export packaging, and competitive quotes available.","_seopress_robots_index":"","site-sidebar-layout":"default","site-content-layout":"","ast-site-content-layout":"default","site-content-style":"default","site-sidebar-style":"default","ast-global-header-display":"","ast-banner-title-visibility":"","ast-main-header-display":"","ast-hfb-above-header-display":"","ast-hfb-below-header-display":"","ast-hfb-mobile-header-display":"","site-post-title":"","ast-breadcrumbs-content":"","ast-featured-img":"","footer-sml-layout":"","ast-disable-related-posts":"","theme-transparent-header-meta":"default","adv-header-id-meta":"","stick-header-meta":"","header-above-stick-meta":"","header-main-stick-meta":"","header-below-stick-meta":"","astra-migrate-meta-layouts":"set","ast-page-background-enabled":"default","ast-page-background-meta":{"desktop":{"background-color":"var(--ast-global-color-5)","background-image":"","background-repeat":"repeat","background-position":"center center","background-size":"auto","background-attachment":"scroll","background-type":"","background-media":"","overlay-type":"","overlay-color":"","overlay-opacity":"","overlay-gradient":""},"tablet":{"background-color":"","background-image":"","background-repeat":"repeat","background-position":"center center","background-size":"auto","background-attachment":"scroll","background-type":"","background-media":"","overlay-type":"","overlay-color":"","overlay-opacity":"","overlay-gradient":""},"mobile":{"background-color":"","background-image":"","background-repeat":"repeat","background-position":"center center","background-size":"auto","background-attachment":"scroll","background-type":"","background-media":"","overlay-type":"","overlay-color":"","overlay-opacity":"","overlay-gradient":""}},"ast-content-background-meta":{"desktop":{"background-color":"var(--ast-global-color-4)","background-image":"","background-repeat":"repeat","background-position":"center center","background-size":"auto","background-attachment":"scroll","background-type":"","background-media":"","overlay-type":"","overlay-color":"","overlay-opacity":"","overlay-gradient":""},"tablet":{"background-color":"var(--ast-global-color-4)","background-image":"","background-repeat":"repeat","background-position":"center center","background-size":"auto","background-attachment":"scroll","background-type":"","background-media":"","overlay-type":"","overlay-color":"","overlay-opacity":"","overlay-gradient":""},"mobile":{"background-color":"var(--ast-global-color-4)","background-image":"","background-repeat":"repeat","background-position":"center center","background-size":"auto","background-attachment":"scroll","background-type":"","background-media":"","overlay-type":"","overlay-color":"","overlay-opacity":"","overlay-gradient":""}}},"product_brand":[],"product_cat":[97],"product_tag":[170,166],"class_list":{"0":"post-1048","1":"product","2":"type-product","3":"status-publish","4":"has-post-thumbnail","6":"product_cat-tomato-paste-in-sachet","7":"product_tag-200g-tomato-paste-sachet","8":"product_tag-tomato-paste-sachet","9":"desktop-align-left","10":"tablet-align-left","11":"mobile-align-left","13":"first","14":"instock","15":"sale","16":"shipping-taxable","17":"purchasable","18":"product-type-simple"},"acf":[],"_links":{"self":[{"href":"https:\/\/taichytomato.com\/tr\/wp-json\/wp\/v2\/product\/1048","targetHints":{"allow":["GET"]}}],"collection":[{"href":"https:\/\/taichytomato.com\/tr\/wp-json\/wp\/v2\/product"}],"about":[{"href":"https:\/\/taichytomato.com\/tr\/wp-json\/wp\/v2\/types\/product"}],"version-history":[{"count":0,"href":"https:\/\/taichytomato.com\/tr\/wp-json\/wp\/v2\/product\/1048\/revisions"}],"wp:featuredmedia":[{"embeddable":true,"href":"https:\/\/taichytomato.com\/tr\/wp-json\/wp\/v2\/media\/3250"}],"wp:attachment":[{"href":"https:\/\/taichytomato.com\/tr\/wp-json\/wp\/v2\/media?parent=1048"}],"wp:term":[{"taxonomy":"product_brand","embeddable":true,"href":"https:\/\/taichytomato.com\/tr\/wp-json\/wp\/v2\/product_brand?post=1048"},{"taxonomy":"product_cat","embeddable":true,"href":"https:\/\/taichytomato.com\/tr\/wp-json\/wp\/v2\/product_cat?post=1048"},{"taxonomy":"product_tag","embeddable":true,"href":"https:\/\/taichytomato.com\/tr\/wp-json\/wp\/v2\/product_tag?post=1048"}],"curies":[{"name":"wp","href":"https:\/\/api.w.org\/{rel}","templated":true}]}}