{"id":1042,"date":"2025-05-25T23:05:14","date_gmt":"2025-05-26T07:05:14","guid":{"rendered":"https:\/\/taichytomato.com\/?post_type=product&#038;p=1042"},"modified":"2026-01-12T22:56:31","modified_gmt":"2026-01-13T06:56:31","slug":"250g-tomato-paste-sachet-taichy-tomato","status":"publish","type":"product","link":"https:\/\/taichytomato.com\/tr\/urun\/250g-tomato-paste-sachet-taichy-tomato\/","title":{"rendered":"250g Domates Sal\u00e7as\u0131 \u00c7antas\u0131"},"content":{"rendered":"<h2 data-start=\"193\" data-end=\"271\">250g Domates Sal\u00e7as\u0131 Po\u015fet \u00dcreticisi | \u00c7in Fabrikas\u0131 OEM ve Toptan Tedarik<\/h2>\n<p data-start=\"273\" data-end=\"659\">The <strong data-start=\"277\" data-end=\"305\">250g domates sal\u00e7as\u0131 po\u015feti<\/strong> ev tipi yemek pi\u015firme, perakende raflar\u0131 ve yemek servisi tedariki i\u00e7in tasarlanm\u0131\u015f pratik bir orta boy ambalaj \u00e7\u00f6z\u00fcm\u00fcd\u00fcr. Profesyonel bir <strong data-start=\"439\" data-end=\"474\">\u00c7in domates sal\u00e7as\u0131 \u00fcreticisi<\/strong>, olarak Taichy, do\u011frudan fabrikadan <strong data-start=\"492\" data-end=\"521\">250g domates sal\u00e7as\u0131 po\u015fetleri<\/strong> tedarik ederek, k\u00fcresel al\u0131c\u0131lar i\u00e7in tutarl\u0131 kalite, esnek Brix se\u00e7enekleri ve g\u00fcvenilir OEM\/\u00f6zel etiket hizmetleri sunmaktad\u0131r.<\/p>\n<p data-start=\"661\" data-end=\"792\">Bu paket boyutu \u00f6zellikle gerektiren pazarlar i\u00e7in uygundur: <strong data-start=\"724\" data-end=\"791\">maliyet etkinli\u011fi ve kolay saklama ile daha b\u00fcy\u00fck ev tipi porsiyonlar<\/strong>.<\/p>\n<hr data-start=\"794\" data-end=\"797\" \/>\n<h2 data-start=\"799\" data-end=\"837\">250g Domates Sal\u00e7as\u0131 Po\u015feti Nedir?<\/h2>\n<p data-start=\"839\" data-end=\"1004\">A <strong data-start=\"841\" data-end=\"869\">250g domates sal\u00e7as\u0131 po\u015feti<\/strong> k\u00fc\u00e7\u00fck po\u015fetler ve konserve domates sal\u00e7as\u0131 aras\u0131ndaki bo\u015flu\u011fu dolduran orta-b\u00fcy\u00fck esnek bir ambalaj format\u0131d\u0131r. A\u015fa\u011f\u0131dakiler i\u00e7in tasarlanm\u0131\u015ft\u0131r:<\/p>\n<ul data-start=\"1006\" data-end=\"1186\">\n<li data-start=\"1006\" data-end=\"1038\">\n<p data-start=\"1008\" data-end=\"1038\">Aile boyu yemek pi\u015firme porsiyonlar\u0131<\/p>\n<\/li>\n<li data-start=\"1039\" data-end=\"1081\">\n<p data-start=\"1041\" data-end=\"1081\">Kontroll\u00fc at\u0131kla \u00e7ok \u00f6\u011f\u00fcnl\u00fck kullan\u0131m<\/p>\n<\/li>\n<li data-start=\"1082\" data-end=\"1133\">\n<p data-start=\"1084\" data-end=\"1133\">Daha iyi raf g\u00f6r\u00fcn\u00fcrl\u00fc\u011f\u00fc gerektiren perakende \u00fcr\u00fcnleri<\/p>\n<\/li>\n<li data-start=\"1134\" data-end=\"1186\">\n<p data-start=\"1136\" data-end=\"1186\">Esnek ambalaj arayan yemek servisi operat\u00f6rleri<\/p>\n<\/li>\n<\/ul>\n<p data-start=\"1188\" data-end=\"1313\">\u0130thalat\u00e7\u0131lar i\u00e7in, <strong data-start=\"1203\" data-end=\"1241\">250g domates sal\u00e7as\u0131 po\u015feti toptan sat\u0131\u015f\u0131<\/strong> genellikle bir <strong data-start=\"1267\" data-end=\"1286\">temel perakende SKU'su<\/strong> olarak konumland\u0131r\u0131l\u0131r ve g\u00fc\u00e7l\u00fc tekrar talebi vard\u0131r.<\/p>\n<hr data-start=\"1315\" data-end=\"1318\" \/>\n<h2 data-start=\"1320\" data-end=\"1372\">250g Domates Sal\u00e7as\u0131 Po\u015feti \u2013 \u00dcr\u00fcn \u00d6zellikleri<\/h2>\n<ul data-start=\"1374\" data-end=\"1829\">\n<li data-start=\"1374\" data-end=\"1420\">\n<p data-start=\"1376\" data-end=\"1420\"><strong data-start=\"1376\" data-end=\"1393\">\u00dcr\u00fcn Ad\u0131:<\/strong> 250g Domates Sal\u00e7as\u0131 Po\u015feti<\/p>\n<\/li>\n<li data-start=\"1421\" data-end=\"1460\">\n<p data-start=\"1423\" data-end=\"1460\"><strong data-start=\"1423\" data-end=\"1443\">Men\u015fei Yeri:<\/strong> Kuzey \u00c7in<\/p>\n<\/li>\n<li data-start=\"1461\" data-end=\"1503\">\n<p data-start=\"1463\" data-end=\"1503\"><strong data-start=\"1463\" data-end=\"1486\">Birincil Madde:<\/strong> Taze domatesler<\/p>\n<\/li>\n<li data-start=\"1504\" data-end=\"1551\">\n<p data-start=\"1506\" data-end=\"1551\"><strong data-start=\"1506\" data-end=\"1525\">Ambalaj Tipi:<\/strong> Po\u015fet \/ ayakta durabilen torba<\/p>\n<\/li>\n<li data-start=\"1552\" data-end=\"1585\">\n<p data-start=\"1554\" data-end=\"1585\"><strong data-start=\"1554\" data-end=\"1574\">\u0130\u015fleme T\u00fcr\u00fc:<\/strong> Baharatl\u0131<\/p>\n<\/li>\n<li data-start=\"1586\" data-end=\"1610\">\n<p data-start=\"1588\" data-end=\"1610\"><strong data-start=\"1588\" data-end=\"1603\">Net A\u011f\u0131rl\u0131k:<\/strong> 250g<\/p>\n<\/li>\n<li data-start=\"1611\" data-end=\"1646\">\n<p data-start=\"1613\" data-end=\"1646\"><strong data-start=\"1613\" data-end=\"1631\">Lezzet Profili:<\/strong> Tatl\u0131 &amp; ek\u015fi<\/p>\n<\/li>\n<li data-start=\"1647\" data-end=\"1683\">\n<p data-start=\"1649\" data-end=\"1683\"><strong data-start=\"1649\" data-end=\"1659\">Renk:<\/strong> Parlak k\u0131rm\u0131z\u0131 \/ koyu k\u0131rm\u0131z\u0131<\/p>\n<\/li>\n<li data-start=\"1684\" data-end=\"1709\">\n<p data-start=\"1686\" data-end=\"1709\"><strong data-start=\"1686\" data-end=\"1699\">pH De\u011feri:<\/strong> 4.0\u20134.4<\/p>\n<\/li>\n<li data-start=\"1710\" data-end=\"1731\">\n<p data-start=\"1712\" data-end=\"1731\"><strong data-start=\"1712\" data-end=\"1726\">A\/B Oran\u0131:<\/strong> \u22652<\/p>\n<\/li>\n<li data-start=\"1732\" data-end=\"1749\">\n<p data-start=\"1734\" data-end=\"1749\"><strong data-start=\"1734\" data-end=\"1742\">HMC:<\/strong> \u226450%<\/p>\n<\/li>\n<li data-start=\"1750\" data-end=\"1779\">\n<p data-start=\"1752\" data-end=\"1779\"><strong data-start=\"1752\" data-end=\"1767\">\u0130\u015flem S\u00fcresi:<\/strong> 2\u20133 y\u0131l<\/p>\n<\/li>\n<li data-start=\"1780\" data-end=\"1829\">\n<p data-start=\"1782\" data-end=\"1829\"><strong data-start=\"1782\" data-end=\"1804\">Depolama Ko\u015fullar\u0131:<\/strong> Kuru &amp; kapal\u0131 depo<\/p>\n<\/li>\n<\/ul>\n<p data-start=\"1831\" data-end=\"1857\"><strong data-start=\"1831\" data-end=\"1857\">Mevcut Brix Se\u00e7enekleri<\/strong><\/p>\n<ul data-start=\"1858\" data-end=\"1911\">\n<li data-start=\"1858\" data-end=\"1867\">\n<p data-start=\"1860\" data-end=\"1867\">9\u201311%<\/p>\n<\/li>\n<li data-start=\"1868\" data-end=\"1878\">\n<p data-start=\"1870\" data-end=\"1878\">18\u201320%<\/p>\n<\/li>\n<li data-start=\"1879\" data-end=\"1889\">\n<p data-start=\"1881\" data-end=\"1889\">22\u201324%<\/p>\n<\/li>\n<li data-start=\"1890\" data-end=\"1900\">\n<p data-start=\"1892\" data-end=\"1900\">26\u201328%<\/p>\n<\/li>\n<li data-start=\"1901\" data-end=\"1911\">\n<p data-start=\"1903\" data-end=\"1911\">28\u201330\u00b0Brix<\/p>\n<\/li>\n<\/ul>\n<p data-start=\"1913\" data-end=\"1998\"><strong data-start=\"1913\" data-end=\"1932\">Sertifikalar:<\/strong> FDA, HACCP, ISO, QS<br data-start=\"1952\" data-end=\"1955\" \/><strong data-start=\"1955\" data-end=\"1968\">Markala\u015fma:<\/strong> OEM \/ \u00f6zel etiket desteklenir<\/p>\n<hr data-start=\"2000\" data-end=\"2003\" \/>\n<h2 data-start=\"2005\" data-end=\"2056\">250g Domates Sal\u00e7as\u0131 Po\u015feti i\u00e7in Temel Kullan\u0131m Senaryolar\u0131<\/h2>\n<p data-start=\"2058\" data-end=\"2134\">The <strong data-start=\"2062\" data-end=\"2090\">250g domates sal\u00e7as\u0131 po\u015feti<\/strong> bir\u00e7ok kanalda yayg\u0131n olarak uygulan\u0131r:<\/p>\n<ul data-start=\"2136\" data-end=\"2383\">\n<li data-start=\"2136\" data-end=\"2193\">\n<p data-start=\"2138\" data-end=\"2193\">G\u00fcnl\u00fck ev yemekleri: g\u00fcve\u00e7ler, soslar, makarna, pilav yemekleri<\/p>\n<\/li>\n<li data-start=\"2194\" data-end=\"2234\">\n<p data-start=\"2196\" data-end=\"2234\">S\u00fcpermarket ve perakende \u00fcr\u00fcn hatlar\u0131<\/p>\n<\/li>\n<li data-start=\"2235\" data-end=\"2279\">\n<p data-start=\"2237\" data-end=\"2279\">Haz\u0131r yemek kitleri ve yemek paketleri<\/p>\n<\/li>\n<li data-start=\"2280\" data-end=\"2324\">\n<p data-start=\"2282\" data-end=\"2324\">Restoran zincirleri ve catering tedarik\u00e7ileri<\/p>\n<\/li>\n<li data-start=\"2325\" data-end=\"2383\">\n<p data-start=\"2327\" data-end=\"2383\">\u0130stikrarl\u0131 kalite ve raf \u00f6mr\u00fc gerektiren ihracat pazarlar\u0131<\/p>\n<\/li>\n<\/ul>\n<p data-start=\"2385\" data-end=\"2472\">Bu boyut, a\u015fa\u011f\u0131dakiler aras\u0131nda optimal bir denge sunar: <strong data-start=\"2429\" data-end=\"2471\">porsiyon kolayl\u0131\u011f\u0131 ve ekonomik de\u011fer<\/strong>.<\/p>\n<hr data-start=\"2474\" data-end=\"2477\" \/>\n<h2 data-start=\"2479\" data-end=\"2537\">210g Domates Sal\u00e7as\u0131 Po\u015fetlerimizin Fabrika Avantajlar\u0131 Arkas\u0131nda<\/h2>\n<p data-start=\"2539\" data-end=\"2630\">Bir <strong data-start=\"2544\" data-end=\"2587\">do\u011frudan 250g domates sal\u00e7as\u0131 po\u015feti fabrikas\u0131<\/strong>, t\u00fcm \u00fcretim s\u00fcrecini kontrol ediyoruz.<\/p>\n<h3 data-start=\"2632\" data-end=\"2663\">Premium Ham Domates Tedariki<\/h3>\n<p data-start=\"2664\" data-end=\"2715\">Domatesler Kuzey \u00c7in'den tedarik edilmektedir, \u015funlar\u0131 sa\u011flar:<\/p>\n<ul data-start=\"2716\" data-end=\"2796\">\n<li data-start=\"2716\" data-end=\"2747\">\n<p data-start=\"2718\" data-end=\"2747\">Y\u00fcksek do\u011fal \u00e7\u00f6z\u00fcn\u00fcr kat\u0131 maddeler<\/p>\n<\/li>\n<li data-start=\"2748\" data-end=\"2766\">\n<p data-start=\"2750\" data-end=\"2766\">Zengin k\u0131rm\u0131z\u0131 renk<\/p>\n<\/li>\n<li data-start=\"2767\" data-end=\"2796\">\n<p data-start=\"2769\" data-end=\"2796\">Kararl\u0131 tat tutarl\u0131l\u0131\u011f\u0131<\/p>\n<\/li>\n<\/ul>\n<h3 data-start=\"2798\" data-end=\"2838\">Kontroll\u00fc Konsantrasyon ve Doldurma<\/h3>\n<p data-start=\"2839\" data-end=\"2868\">\u0130\u015fleme sistemlerimiz \u015funlara olanak tan\u0131r:<\/p>\n<ul data-start=\"2869\" data-end=\"2976\">\n<li data-start=\"2869\" data-end=\"2894\">\n<p data-start=\"2871\" data-end=\"2894\">Do\u011fru Brix kontrol\u00fc<\/p>\n<\/li>\n<li data-start=\"2895\" data-end=\"2936\">\n<p data-start=\"2897\" data-end=\"2936\">D\u00fc\u015f\u00fck asitli, ihracata uygun form\u00fclasyon<\/p>\n<\/li>\n<li data-start=\"2937\" data-end=\"2976\">\n<p data-start=\"2939\" data-end=\"2976\">\u0130ste\u011fe ba\u011fl\u0131 katk\u0131s\u0131z domates sal\u00e7as\u0131<\/p>\n<\/li>\n<\/ul>\n<h3 data-start=\"2978\" data-end=\"3008\">Esnek Torba Ambalaj<\/h3>\n<p data-start=\"3009\" data-end=\"3040\">Ayakta durabilen torba tasar\u0131m\u0131 \u015funlar\u0131 sa\u011flar:<\/p>\n<ul data-start=\"3041\" data-end=\"3145\">\n<li data-start=\"3041\" data-end=\"3070\">\n<p data-start=\"3043\" data-end=\"3070\">Geli\u015fmi\u015f raf g\u00f6r\u00fcn\u00fcrl\u00fc\u011f\u00fc<\/p>\n<\/li>\n<li data-start=\"3071\" data-end=\"3095\">\n<p data-start=\"3073\" data-end=\"3095\">Alan tasarruflu depolama<\/p>\n<\/li>\n<li data-start=\"3096\" data-end=\"3145\">\n<p data-start=\"3098\" data-end=\"3145\">Uzun raf \u00f6mr\u00fc i\u00e7in g\u00fc\u00e7l\u00fc bariyer korumas\u0131<\/p>\n<\/li>\n<\/ul>\n<hr data-start=\"3147\" data-end=\"3150\" \/>\n<h2 data-start=\"3152\" data-end=\"3213\">250g Domates Sal\u00e7as\u0131 Po\u015feti i\u00e7in OEM ve \u00d6zel Marka \u00c7\u00f6z\u00fcmleri<\/h2>\n<p data-start=\"3215\" data-end=\"3311\">Sunuyoruz <strong data-start=\"3224\" data-end=\"3267\">OEM 250g domates sal\u00e7as\u0131 po\u015feti \u00fcretimi<\/strong> Marka sahipleri ve distrib\u00fct\u00f6rler i\u00e7in uyarlanm\u0131\u015ft\u0131r.<\/p>\n<p data-start=\"3313\" data-end=\"3334\">OEM hizmetleri \u015funlar\u0131 i\u00e7erir:<\/p>\n<ul data-start=\"3335\" data-end=\"3525\">\n<li data-start=\"3335\" data-end=\"3372\">\n<p data-start=\"3337\" data-end=\"3372\">\u00d6zel logo ve ambalaj tasar\u0131m\u0131<\/p>\n<\/li>\n<li data-start=\"3373\" data-end=\"3437\">\n<p data-start=\"3375\" data-end=\"3437\">\u00c7ok dilli etiketler (\u0130ngilizce, Frans\u0131zca, Arap\u00e7a, Rus\u00e7a, vb.)<\/p>\n<\/li>\n<li data-start=\"3438\" data-end=\"3476\">\n<p data-start=\"3440\" data-end=\"3476\">Karton tasar\u0131m\u0131 ve barkod bask\u0131s\u0131<\/p>\n<\/li>\n<li data-start=\"3477\" data-end=\"3525\">\n<p data-start=\"3479\" data-end=\"3525\">Esnek MOQ ve h\u0131zl\u0131 geli\u015ftirme s\u00fcreleri<\/p>\n<\/li>\n<\/ul>\n<p data-start=\"3527\" data-end=\"3670\">Bu, bizim <strong data-start=\"3542\" data-end=\"3587\">\u00c7in 250g domates sal\u00e7as\u0131 po\u015fet OEM tedariki<\/strong> Afrika, Orta Do\u011fu, G\u00fcneydo\u011fu Asya ve geli\u015fmekte olan perakende pazarlar\u0131 i\u00e7in uygundur.<\/p>\n<hr data-start=\"3672\" data-end=\"3675\" \/>\n<h2 data-start=\"3677\" data-end=\"3707\">Ambalaj ve Lojistik Se\u00e7enekleri<\/h2>\n<p data-start=\"3709\" data-end=\"3737\"><strong data-start=\"3709\" data-end=\"3737\">Standart Paketleme Formatlar\u0131<\/strong><\/p>\n<ul data-start=\"3738\" data-end=\"3808\">\n<li data-start=\"3738\" data-end=\"3772\">\n<p data-start=\"3740\" data-end=\"3772\"><strong data-start=\"3740\" data-end=\"3770\">250g \u00d7 50 po\u015fet \/ karton<\/strong><\/p>\n<\/li>\n<li data-start=\"3773\" data-end=\"3808\">\n<p data-start=\"3775\" data-end=\"3808\"><strong data-start=\"3775\" data-end=\"3806\">250g \u00d7 100 po\u015fet \/ karton<\/strong><\/p>\n<\/li>\n<\/ul>\n<p data-start=\"3810\" data-end=\"3848\">\u0130hracat kartonlar\u0131 \u015fu \u015fekilde \u00f6zelle\u015ftirilebilir:<\/p>\n<ul data-start=\"3849\" data-end=\"3941\">\n<li data-start=\"3849\" data-end=\"3867\">\n<p data-start=\"3851\" data-end=\"3867\">\u00d6zel etiketler<\/p>\n<\/li>\n<li data-start=\"3868\" data-end=\"3899\">\n<p data-start=\"3870\" data-end=\"3899\">Barkod ve karton i\u015faretleri<\/p>\n<\/li>\n<li data-start=\"3900\" data-end=\"3941\">\n<p data-start=\"3902\" data-end=\"3941\">Piyasa \u00f6zel dil gereksinimleri<\/p>\n<\/li>\n<\/ul>\n<p data-start=\"3943\" data-end=\"4072\"><strong data-start=\"3943\" data-end=\"3951\">Asgari Sipari\u015f Miktar\u0131:<\/strong> 1 \u00d7 20\u2019 FCL<br data-start=\"3963\" data-end=\"3966\" \/><strong data-start=\"3966\" data-end=\"3982\">Ticaret \u015eartlar\u0131:<\/strong> FOB \/ CFR \/ CIF \u00c7in liman\u0131<br data-start=\"4009\" data-end=\"4012\" \/>\u0130stikrarl\u0131 ayl\u0131k tedarik kapasitesi uzun vadeli s\u00f6zle\u015fmeleri destekler.<\/p>\n<hr data-start=\"4074\" data-end=\"4077\" \/>\n<h2 data-start=\"4079\" data-end=\"4125\">250g Domates Sal\u00e7as\u0131 Po\u015feti \u0130hracat Pazarlar\u0131<\/h2>\n<p data-start=\"4127\" data-end=\"4190\">Bizim <strong data-start=\"4131\" data-end=\"4174\">250g domates sal\u00e7as\u0131 po\u015fet fabrikas\u0131 tedariki<\/strong> \u015funlara ihra\u00e7 edilir:<\/p>\n<ul data-start=\"4192\" data-end=\"4369\">\n<li data-start=\"4192\" data-end=\"4233\">\n<p data-start=\"4194\" data-end=\"4233\">Afrika (perakende ve hane halk\u0131 pazarlar\u0131)<\/p>\n<\/li>\n<li data-start=\"4234\" data-end=\"4279\">\n<p data-start=\"4236\" data-end=\"4279\">Orta Do\u011fu s\u00fcpermarketleri ve distrib\u00fct\u00f6rleri<\/p>\n<\/li>\n<li data-start=\"4280\" data-end=\"4326\">\n<p data-start=\"4282\" data-end=\"4326\">G\u00fcneydo\u011fu Asya aile t\u00fcketim kanallar\u0131<\/p>\n<\/li>\n<li data-start=\"4327\" data-end=\"4369\">\n<p data-start=\"4329\" data-end=\"4369\">Se\u00e7ili CIS ve uluslararas\u0131 pazarlar<\/p>\n<\/li>\n<\/ul>\n<p data-start=\"4371\" data-end=\"4486\">Brix seviyesi, ambalaj format\u0131 ve etiketleme yerel d\u00fczenlemelere ve t\u00fcketici tercihlerine g\u00f6re ayarlanabilir.<\/p>\n<hr data-start=\"4488\" data-end=\"4491\" \/>\n<h2 data-start=\"4493\" data-end=\"4547\">Tek Fabrikadan Komple Domates Sal\u00e7as\u0131 Po\u015fet Boyutlar\u0131<\/h2>\n<p data-start=\"4549\" data-end=\"4639\">Ek olarak <strong data-start=\"4564\" data-end=\"4593\">250g domates sal\u00e7as\u0131 po\u015fetleri<\/strong>, \u00e7ok \u00e7e\u015fitli po\u015fet boyutlar\u0131 \u00fcretiyoruz:<\/p>\n<ul data-start=\"4641\" data-end=\"4777\">\n<li data-start=\"4641\" data-end=\"4684\">\n<p data-start=\"4643\" data-end=\"4684\">18g, 36g, 40g, 50g, 56g, 70g, 80g, 100g<\/p>\n<\/li>\n<li data-start=\"4685\" data-end=\"4734\">\n<p data-start=\"4687\" data-end=\"4734\">18\u201320\u00b0Brix'ten 28\u201330\u00b0Brix'e kadar \u00e7oklu Brix seviyeleri<\/p>\n<\/li>\n<li data-start=\"4735\" data-end=\"4777\">\n<p data-start=\"4737\" data-end=\"4777\">D\u00fcz po\u015fet ve ayakta duran po\u015fet formatlar\u0131<\/p>\n<\/li>\n<\/ul>\n<p data-start=\"4779\" data-end=\"4876\">Bu, al\u0131c\u0131lar\u0131n tedariki \u015fununla birle\u015ftirmesini sa\u011flar: <strong data-start=\"4827\" data-end=\"4875\">g\u00fcvenilir bir \u00c7in domates sal\u00e7as\u0131 \u00fcreticisi<\/strong>.<\/p>\n<hr data-start=\"4878\" data-end=\"4881\" \/>\n<h2 data-start=\"4883\" data-end=\"4946\">Neden 250g Domates Sal\u00e7as\u0131 Po\u015fet Tedarik\u00e7iniz Olarak Taichy'yi Se\u00e7melisiniz?<\/h2>\n<ul data-start=\"4948\" data-end=\"5228\">\n<li data-start=\"4948\" data-end=\"5021\">\n<p data-start=\"4950\" data-end=\"5021\">\u00dczerinde <strong data-start=\"4955\" data-end=\"5019\">10 y\u0131ll\u0131k domates sal\u00e7as\u0131 \u00fcretim ve ihracat tecr\u00fcbesi<\/strong><\/p>\n<\/li>\n<li data-start=\"5022\" data-end=\"5075\">\n<p data-start=\"5024\" data-end=\"5075\">Tam izlenebilirlikle 0 taze domates tedariki<\/p>\n<\/li>\n<li data-start=\"5076\" data-end=\"5131\">\n<p data-start=\"5078\" data-end=\"5131\">G\u00fc\u00e7l\u00fc OEM ve \u00f6zel etiket geli\u015ftirme yetene\u011fi<\/p>\n<\/li>\n<li data-start=\"5132\" data-end=\"5185\">\n<p data-start=\"5134\" data-end=\"5185\">Rekabet\u00e7i fabrika fiyatland\u0131rmas\u0131 ve g\u00fcvenilir teslimat<\/p>\n<\/li>\n<li data-start=\"5186\" data-end=\"5228\">\n<p data-start=\"5188\" data-end=\"5228\">\u0130hracat yap\u0131lan yerler: <strong data-start=\"5201\" data-end=\"5228\">D\u00fcnyada 30+ \u00fclke<\/strong><\/p>\n<\/li>\n<\/ul>\n<p data-start=\"5230\" data-end=\"5377\">E\u011fer bir tedarik ar\u0131yorsan\u0131z <strong data-start=\"5252\" data-end=\"5302\">\u00c7in'de 250g domates sal\u00e7as\u0131 po\u015fet \u00fcreticisi<\/strong>, Taichy istikrar, \u015feffafl\u0131k ve uzun vadeli i\u015fbirli\u011fi de\u011feri sa\u011flar.<\/p>\n<hr data-start=\"5379\" data-end=\"5382\" \/>\n<h2 data-start=\"5384\" data-end=\"5414\">Soru\u015fturma ve Fabrika Fiyat Teklifi<\/h2>\n<p data-start=\"5416\" data-end=\"5535\">\u0130\u00e7in <strong data-start=\"5420\" data-end=\"5458\">250g domates sal\u00e7as\u0131 po\u015feti toptan sat\u0131\u015f\u0131<\/strong>, OEM markalama, fiyatland\u0131rma, numuneler veya kataloglar i\u00e7in l\u00fctfen sat\u0131\u015f ekibimizle ileti\u015fime ge\u00e7in.<\/p>\n<p data-start=\"5537\" data-end=\"5656\">\u00d6zel etiket projelerini, ihracat belgelerini ve verimli konteyner y\u00fcklemesini destekliyoruz\u2014<strong data-start=\"5626\" data-end=\"5655\">do\u011frudan fabrikadan<\/strong>.<\/p>","protected":false},"excerpt":{"rendered":"<p>Brix:18-20%,22-24%,26-28%,28-30%<br \/>\nPaslanmaz\/strese kar\u015f\u0131 dayan\u0131kl\u0131\/nem ge\u00e7irmez teneke kutu Kapa\u011f\u0131<br \/>\nMarka: Tasar\u0131m veya OEM<br \/>\nMinimum Miktar: 1X20ft<br \/>\nTeslimat Detay\u0131: Depozito veya akreditif al\u0131nd\u0131ktan sonra 30-35 g\u00fcn i\u00e7inde. En h\u0131zl\u0131 g\u00f6nderim.<br \/>\nHs Kodu:2002901100<\/p>","protected":false},"featured_media":3294,"template":"","meta":{"_acf_changed":false,"_seopress_robots_primary_cat":"none","_seopress_titles_title":"250g Sachet Tomato Paste | Industrial Grade Ingredient","_seopress_titles_desc":"Our 250g sachet tomato paste is designed for industrial use. We are dedicated to providing food manufacturers with a stable, high-quality .Wait for you .","_seopress_robots_index":"","site-sidebar-layout":"default","site-content-layout":"","ast-site-content-layout":"default","site-content-style":"default","site-sidebar-style":"default","ast-global-header-display":"","ast-banner-title-visibility":"","ast-main-header-display":"","ast-hfb-above-header-display":"","ast-hfb-below-header-display":"","ast-hfb-mobile-header-display":"","site-post-title":"","ast-breadcrumbs-content":"","ast-featured-img":"","footer-sml-layout":"","ast-disable-related-posts":"","theme-transparent-header-meta":"default","adv-header-id-meta":"","stick-header-meta":"","header-above-stick-meta":"","header-main-stick-meta":"","header-below-stick-meta":"","astra-migrate-meta-layouts":"set","ast-page-background-enabled":"default","ast-page-background-meta":{"desktop":{"background-color":"var(--ast-global-color-5)","background-image":"","background-repeat":"repeat","background-position":"center center","background-size":"auto","background-attachment":"scroll","background-type":"","background-media":"","overlay-type":"","overlay-color":"","overlay-opacity":"","overlay-gradient":""},"tablet":{"background-color":"","background-image":"","background-repeat":"repeat","background-position":"center center","background-size":"auto","background-attachment":"scroll","background-type":"","background-media":"","overlay-type":"","overlay-color":"","overlay-opacity":"","overlay-gradient":""},"mobile":{"background-color":"","background-image":"","background-repeat":"repeat","background-position":"center center","background-size":"auto","background-attachment":"scroll","background-type":"","background-media":"","overlay-type":"","overlay-color":"","overlay-opacity":"","overlay-gradient":""}},"ast-content-background-meta":{"desktop":{"background-color":"var(--ast-global-color-4)","background-image":"","background-repeat":"repeat","background-position":"center center","background-size":"auto","background-attachment":"scroll","background-type":"","background-media":"","overlay-type":"","overlay-color":"","overlay-opacity":"","overlay-gradient":""},"tablet":{"background-color":"var(--ast-global-color-4)","background-image":"","background-repeat":"repeat","background-position":"center center","background-size":"auto","background-attachment":"scroll","background-type":"","background-media":"","overlay-type":"","overlay-color":"","overlay-opacity":"","overlay-gradient":""},"mobile":{"background-color":"var(--ast-global-color-4)","background-image":"","background-repeat":"repeat","background-position":"center center","background-size":"auto","background-attachment":"scroll","background-type":"","background-media":"","overlay-type":"","overlay-color":"","overlay-opacity":"","overlay-gradient":""}}},"product_brand":[],"product_cat":[97],"product_tag":[169,166],"class_list":{"0":"post-1042","1":"product","2":"type-product","3":"status-publish","4":"has-post-thumbnail","6":"product_cat-tomato-paste-in-sachet","7":"product_tag-250g-tomato-paste-sachet","8":"product_tag-tomato-paste-sachet","9":"desktop-align-left","10":"tablet-align-left","11":"mobile-align-left","13":"first","14":"instock","15":"sale","16":"shipping-taxable","17":"purchasable","18":"product-type-simple"},"acf":[],"_links":{"self":[{"href":"https:\/\/taichytomato.com\/tr\/wp-json\/wp\/v2\/product\/1042","targetHints":{"allow":["GET"]}}],"collection":[{"href":"https:\/\/taichytomato.com\/tr\/wp-json\/wp\/v2\/product"}],"about":[{"href":"https:\/\/taichytomato.com\/tr\/wp-json\/wp\/v2\/types\/product"}],"version-history":[{"count":0,"href":"https:\/\/taichytomato.com\/tr\/wp-json\/wp\/v2\/product\/1042\/revisions"}],"wp:featuredmedia":[{"embeddable":true,"href":"https:\/\/taichytomato.com\/tr\/wp-json\/wp\/v2\/media\/3294"}],"wp:attachment":[{"href":"https:\/\/taichytomato.com\/tr\/wp-json\/wp\/v2\/media?parent=1042"}],"wp:term":[{"taxonomy":"product_brand","embeddable":true,"href":"https:\/\/taichytomato.com\/tr\/wp-json\/wp\/v2\/product_brand?post=1042"},{"taxonomy":"product_cat","embeddable":true,"href":"https:\/\/taichytomato.com\/tr\/wp-json\/wp\/v2\/product_cat?post=1042"},{"taxonomy":"product_tag","embeddable":true,"href":"https:\/\/taichytomato.com\/tr\/wp-json\/wp\/v2\/product_tag?post=1042"}],"curies":[{"name":"wp","href":"https:\/\/api.w.org\/{rel}","templated":true}]}}