{"id":1038,"date":"2025-05-25T22:55:10","date_gmt":"2025-05-26T06:55:10","guid":{"rendered":"https:\/\/taichytomato.com\/?post_type=product&#038;p=1038"},"modified":"2026-01-12T22:49:50","modified_gmt":"2026-01-13T06:49:50","slug":"18g-tomato-paste-sachet","status":"publish","type":"product","link":"https:\/\/taichytomato.com\/tr\/urun\/18g-tomato-paste-sachet\/","title":{"rendered":"18g Domates Sal\u00e7as\u0131 Po\u015feti"},"content":{"rendered":"<h2 data-start=\"172\" data-end=\"248\">\u00c7in'de \u00dcretici 18g Domates Po\u015feti | Fabrika Do\u011frudan K\u00fc\u00e7\u00fck Paket Tedariki<\/h2>\n<p data-start=\"250\" data-end=\"590\">The <strong data-start=\"254\" data-end=\"275\">18g domates po\u015feti<\/strong> y\u00fcksek hacimli t\u00fcketim pazarlar\u0131 i\u00e7in tasarlanm\u0131\u015f kompakt, ultra ekonomik domates sal\u00e7as\u0131 ambalaj format\u0131d\u0131r. Profesyonel olarak <strong data-start=\"401\" data-end=\"436\">\u00c7in domates sal\u00e7as\u0131 \u00fcreticisi<\/strong>, olarak Taichy, do\u011frudan fabrikadan <strong data-start=\"454\" data-end=\"476\">18g domates po\u015fetleri<\/strong> fabrikadan do\u011frudan, toplu ihracat\u0131 destekleyerek, \u00f6zel etiket programlar\u0131 ve uzun vadeli distrib\u00fct\u00f6r i\u015fbirli\u011fi sa\u011flar.<\/p>\n<p data-start=\"592\" data-end=\"739\">Bu boyut \u00f6zellikle uygun olan pazarlarda <strong data-start=\"643\" data-end=\"711\">d\u00fc\u015f\u00fck birim fiyat\u0131, tek kullan\u0131ml\u0131k kolayl\u0131k ve h\u0131zl\u0131 perakende d\u00f6n\u00fc\u015f\u00fc<\/strong> \u00f6nemlidir.<\/p>\n<hr data-start=\"741\" data-end=\"744\" \/>\n<h2 data-start=\"746\" data-end=\"778\">18g Domates Po\u015feti Nedir?<\/h2>\n<p data-start=\"780\" data-end=\"931\">An <strong data-start=\"783\" data-end=\"804\">18g domates po\u015feti<\/strong> bir kez pi\u015firme kullan\u0131m\u0131 i\u00e7in tasarlanm\u0131\u015f tek porsiyon domates sal\u00e7as\u0131 paketidir. Daha b\u00fcy\u00fck po\u015fetlere k\u0131yasla, bu format odaklan\u0131r:<\/p>\n<ul data-start=\"933\" data-end=\"1103\">\n<li data-start=\"933\" data-end=\"965\">\n<p data-start=\"935\" data-end=\"965\">Minimum t\u00fcketici giri\u015f fiyat\u0131<\/p>\n<\/li>\n<li data-start=\"966\" data-end=\"997\">\n<p data-start=\"968\" data-end=\"997\">Tek yemeklik porsiyon kontrol\u00fc<\/p>\n<\/li>\n<li data-start=\"998\" data-end=\"1054\">\n<p data-start=\"1000\" data-end=\"1054\">A\u00e7\u0131k pazarlarda ve perakende paketlerde kolay da\u011f\u0131t\u0131m<\/p>\n<\/li>\n<li data-start=\"1055\" data-end=\"1103\">\n<p data-start=\"1057\" data-end=\"1103\">Daha d\u00fc\u015f\u00fck lojistik maliyetleri i\u00e7in y\u00fcksek karton yo\u011funlu\u011fu<\/p>\n<\/li>\n<\/ul>\n<p data-start=\"1105\" data-end=\"1215\">\u0130thalat\u00e7\u0131lar i\u00e7in, <strong data-start=\"1120\" data-end=\"1151\">18g domates po\u015feti toptan<\/strong> genellikle bir olarak konumland\u0131r\u0131l\u0131r <strong data-start=\"1180\" data-end=\"1214\">kitle pazar\u0131 veya promosyon SKU'su<\/strong>.<\/p>\n<hr data-start=\"1217\" data-end=\"1220\" \/>\n<h2 data-start=\"1222\" data-end=\"1267\">18g Domates Po\u015feti \u2013 \u00dcr\u00fcn \u00d6zellikleri<\/h2>\n<ul data-start=\"1269\" data-end=\"1718\">\n<li data-start=\"1269\" data-end=\"1308\">\n<p data-start=\"1271\" data-end=\"1308\"><strong data-start=\"1271\" data-end=\"1288\">\u00dcr\u00fcn Ad\u0131:<\/strong> 18g Domates Po\u015feti<\/p>\n<\/li>\n<li data-start=\"1309\" data-end=\"1348\">\n<p data-start=\"1311\" data-end=\"1348\"><strong data-start=\"1311\" data-end=\"1331\">Men\u015fei Yeri:<\/strong> Kuzey \u00c7in<\/p>\n<\/li>\n<li data-start=\"1349\" data-end=\"1391\">\n<p data-start=\"1351\" data-end=\"1391\"><strong data-start=\"1351\" data-end=\"1374\">Birincil Madde:<\/strong> Taze domatesler<\/p>\n<\/li>\n<li data-start=\"1392\" data-end=\"1442\">\n<p data-start=\"1394\" data-end=\"1442\"><strong data-start=\"1394\" data-end=\"1413\">Ambalaj Tipi:<\/strong> D\u00fcz sachet (ayakta durmayan)<\/p>\n<\/li>\n<li data-start=\"1443\" data-end=\"1476\">\n<p data-start=\"1445\" data-end=\"1476\"><strong data-start=\"1445\" data-end=\"1465\">\u0130\u015fleme T\u00fcr\u00fc:<\/strong> Baharatl\u0131<\/p>\n<\/li>\n<li data-start=\"1477\" data-end=\"1500\">\n<p data-start=\"1479\" data-end=\"1500\"><strong data-start=\"1479\" data-end=\"1494\">Net A\u011f\u0131rl\u0131k:<\/strong> 18g<\/p>\n<\/li>\n<li data-start=\"1501\" data-end=\"1536\">\n<p data-start=\"1503\" data-end=\"1536\"><strong data-start=\"1503\" data-end=\"1521\">Lezzet Profili:<\/strong> Tatl\u0131 &amp; ek\u015fi<\/p>\n<\/li>\n<li data-start=\"1537\" data-end=\"1573\">\n<p data-start=\"1539\" data-end=\"1573\"><strong data-start=\"1539\" data-end=\"1549\">Renk:<\/strong> Parlak k\u0131rm\u0131z\u0131 \/ koyu k\u0131rm\u0131z\u0131<\/p>\n<\/li>\n<li data-start=\"1574\" data-end=\"1599\">\n<p data-start=\"1576\" data-end=\"1599\"><strong data-start=\"1576\" data-end=\"1589\">pH Aral\u0131\u011f\u0131:<\/strong> 4.0\u20134.4<\/p>\n<\/li>\n<li data-start=\"1600\" data-end=\"1621\">\n<p data-start=\"1602\" data-end=\"1621\"><strong data-start=\"1602\" data-end=\"1616\">A\/B Oran\u0131:<\/strong> \u22652<\/p>\n<\/li>\n<li data-start=\"1622\" data-end=\"1639\">\n<p data-start=\"1624\" data-end=\"1639\"><strong data-start=\"1624\" data-end=\"1632\">HMC:<\/strong> \u226450%<\/p>\n<\/li>\n<li data-start=\"1640\" data-end=\"1669\">\n<p data-start=\"1642\" data-end=\"1669\"><strong data-start=\"1642\" data-end=\"1657\">\u0130\u015flem S\u00fcresi:<\/strong> 2\u20133 y\u0131l<\/p>\n<\/li>\n<li data-start=\"1670\" data-end=\"1718\">\n<p data-start=\"1672\" data-end=\"1718\"><strong data-start=\"1672\" data-end=\"1694\">Depolama Ko\u015fullar\u0131:<\/strong> Kuru, kapal\u0131 depo<\/p>\n<\/li>\n<\/ul>\n<p data-start=\"1720\" data-end=\"1745\"><strong data-start=\"1720\" data-end=\"1745\">Mevcut Brix Seviyeleri<\/strong><\/p>\n<ul data-start=\"1746\" data-end=\"1789\">\n<li data-start=\"1746\" data-end=\"1756\">\n<p data-start=\"1748\" data-end=\"1756\">18\u201320%<\/p>\n<\/li>\n<li data-start=\"1757\" data-end=\"1767\">\n<p data-start=\"1759\" data-end=\"1767\">22\u201324%<\/p>\n<\/li>\n<li data-start=\"1768\" data-end=\"1778\">\n<p data-start=\"1770\" data-end=\"1778\">24\u201326%<\/p>\n<\/li>\n<li data-start=\"1779\" data-end=\"1789\">\n<p data-start=\"1781\" data-end=\"1789\">28\u201330\u00b0Brix<\/p>\n<\/li>\n<\/ul>\n<p data-start=\"1791\" data-end=\"1876\"><strong data-start=\"1791\" data-end=\"1810\">Sertifikalar:<\/strong> FDA, HACCP, ISO, QS<br data-start=\"1830\" data-end=\"1833\" \/><strong data-start=\"1833\" data-end=\"1846\">Markala\u015fma:<\/strong> OEM ve \u00f6zel etiket mevcut<\/p>\n<hr data-start=\"1878\" data-end=\"1881\" \/>\n<h2 data-start=\"1883\" data-end=\"1944\">Neden 18g Domates Sachet Fiyat Duyarl\u0131 Pazarlar \u0130\u00e7in \u0130deal<\/h2>\n<p data-start=\"1946\" data-end=\"2053\">The <strong data-start=\"1950\" data-end=\"1971\">18g domates po\u015feti<\/strong> fiyat uygunlu\u011fu ve g\u00fcnl\u00fck t\u00fcketimin talebi y\u00f6nlendirdi\u011fi b\u00f6lgelerde yayg\u0131n olarak kullan\u0131l\u0131r.<\/p>\n<p data-start=\"2055\" data-end=\"2093\">Tipik uygulama senaryolar\u0131 \u015funlar\u0131 i\u00e7erir:<\/p>\n<ul data-start=\"2094\" data-end=\"2272\">\n<li data-start=\"2094\" data-end=\"2132\">\n<p data-start=\"2096\" data-end=\"2132\">Tek yemeklik evde pi\u015firme<\/p>\n<\/li>\n<li data-start=\"2133\" data-end=\"2175\">\n<p data-start=\"2135\" data-end=\"2175\">Sokak yemekleri ve k\u00fc\u00e7\u00fck catering sat\u0131c\u0131lar\u0131<\/p>\n<\/li>\n<li data-start=\"2176\" data-end=\"2227\">\n<p data-start=\"2178\" data-end=\"2227\">Market de\u011fer paketleri ve promosyon paketleri<\/p>\n<\/li>\n<li data-start=\"2228\" data-end=\"2272\">\n<p data-start=\"2230\" data-end=\"2272\">Acil g\u0131da tedariki ve seyahat erzaklar\u0131<\/p>\n<\/li>\n<\/ul>\n<p data-start=\"2274\" data-end=\"2393\">Bu format, da\u011f\u0131t\u0131c\u0131lar\u0131n ula\u015fmas\u0131n\u0131 sa\u011flar <strong data-start=\"2316\" data-end=\"2341\">giri\u015f seviyesi t\u00fcketicilere<\/strong> ayn\u0131 zamanda g\u00fc\u00e7l\u00fc tekrar sat\u0131n alma s\u0131kl\u0131\u011f\u0131n\u0131 koruyarak.<\/p>\n<hr data-start=\"2395\" data-end=\"2398\" \/>\n<h2 data-start=\"2400\" data-end=\"2455\">Fabrika \u00dcretim Avantajlar\u0131 \u2013 18g Domates Sachet<\/h2>\n<p data-start=\"2457\" data-end=\"2566\">Bir <strong data-start=\"2462\" data-end=\"2498\">do\u011frudan 18g domates sachet fabrikas\u0131<\/strong>, ham domates tedarikinden son ambalajlamaya kadar \u00fcretimi kontrol ediyoruz.<\/p>\n<h3 data-start=\"2568\" data-end=\"2594\">Hammadde Kontrol\u00fc<\/h3>\n<p data-start=\"2595\" data-end=\"2646\">Domatesler Kuzey \u00c7in'den tedarik edilmektedir, \u015funlar\u0131 sa\u011flar:<\/p>\n<ul data-start=\"2647\" data-end=\"2748\">\n<li data-start=\"2647\" data-end=\"2672\">\n<p data-start=\"2649\" data-end=\"2672\">\u0130stikrarl\u0131 do\u011fal kat\u0131lar<\/p>\n<\/li>\n<li data-start=\"2673\" data-end=\"2693\">\n<p data-start=\"2675\" data-end=\"2693\">G\u00fc\u00e7l\u00fc k\u0131rm\u0131z\u0131 renk<\/p>\n<\/li>\n<li data-start=\"2694\" data-end=\"2748\">\n<p data-start=\"2696\" data-end=\"2748\">K\u00fc\u00e7\u00fck porsiyon paketleri i\u00e7in uygun tutarl\u0131 tat<\/p>\n<\/li>\n<\/ul>\n<h3 data-start=\"2750\" data-end=\"2779\">Hassas Konsantrasyon<\/h3>\n<p data-start=\"2780\" data-end=\"2844\">\u0130\u015fleme sistemimiz do\u011fru Brix ayar\u0131 yapman\u0131za olanak tan\u0131r, b\u00f6ylece:<\/p>\n<ul data-start=\"2845\" data-end=\"2953\">\n<li data-start=\"2845\" data-end=\"2889\">\n<p data-start=\"2847\" data-end=\"2889\">K\u00fc\u00e7\u00fck po\u015fetlerde bile yo\u011fun tat<\/p>\n<\/li>\n<li data-start=\"2890\" data-end=\"2913\">\n<p data-start=\"2892\" data-end=\"2913\">D\u00fc\u015f\u00fck asitlik dengesi<\/p>\n<\/li>\n<li data-start=\"2914\" data-end=\"2953\">\n<p data-start=\"2916\" data-end=\"2953\">\u0130ste\u011fe ba\u011fl\u0131 katk\u0131s\u0131z form\u00fclasyonlar<\/p>\n<\/li>\n<\/ul>\n<h3 data-start=\"2955\" data-end=\"2989\">Y\u00fcksek Kapasiteli Po\u015fet Ambalajlama<\/h3>\n<p data-start=\"2990\" data-end=\"3086\">The <strong data-start=\"2994\" data-end=\"3020\">18g d\u00fcz po\u015fet format\u0131<\/strong> Verimli seri \u00fcretim ve optimize konteyner y\u00fcklemesine olanak tan\u0131r.<\/p>\n<hr data-start=\"3088\" data-end=\"3091\" \/>\n<h2 data-start=\"3093\" data-end=\"3147\">18g Domates Po\u015feti i\u00e7in OEM ve \u00d6zel Marka \u00c7\u00f6z\u00fcmleri<\/h2>\n<p data-start=\"3149\" data-end=\"3262\">Sa\u011fl\u0131yoruz <strong data-start=\"3160\" data-end=\"3194\">OEM 18g domates po\u015feti hizmetleri<\/strong> Fabrika seviyesinde \u00f6zelle\u015ftirme arayan ithalat\u00e7\u0131lar ve distrib\u00fct\u00f6rler i\u00e7in.<\/p>\n<p data-start=\"3264\" data-end=\"3284\">OEM se\u00e7enekleri \u015funlar\u0131 i\u00e7erir:<\/p>\n<ul data-start=\"3285\" data-end=\"3487\">\n<li data-start=\"3285\" data-end=\"3319\">\n<p data-start=\"3287\" data-end=\"3319\">\u00d6zel logo ve sanat tasar\u0131m\u0131<\/p>\n<\/li>\n<li data-start=\"3320\" data-end=\"3389\">\n<p data-start=\"3322\" data-end=\"3389\">\u00c7ok dilli etiketleme (\u0130ngilizce \/ Frans\u0131zca \/ Arap\u00e7a \/ Rus\u00e7a vb.)<\/p>\n<\/li>\n<li data-start=\"3390\" data-end=\"3435\">\n<p data-start=\"3392\" data-end=\"3435\">Al\u00fcminyum folyo veya laminat film malzemeleri<\/p>\n<\/li>\n<li data-start=\"3436\" data-end=\"3487\">\n<p data-start=\"3438\" data-end=\"3487\">Yerel perakende al\u0131\u015fkanl\u0131klar\u0131na uygun karton yap\u0131s\u0131<\/p>\n<\/li>\n<\/ul>\n<p data-start=\"3489\" data-end=\"3627\">Bu, bizim <strong data-start=\"3504\" data-end=\"3542\">\u00c7in 18g domates po\u015feti OEM tedariki<\/strong> Afrika, Orta Do\u011fu, G\u00fcneydo\u011fu Asya ve di\u011fer y\u00fcksek hacimli pazarlara uygun.<\/p>\n<hr data-start=\"3629\" data-end=\"3632\" \/>\n<h2 data-start=\"3634\" data-end=\"3678\">Ambalaj Konfig\u00fcrasyonu ve \u0130hracat Kapasitesi<\/h2>\n<p data-start=\"3680\" data-end=\"3700\"><strong data-start=\"3680\" data-end=\"3700\">Standart Paketleme<\/strong><\/p>\n<ul data-start=\"3701\" data-end=\"3733\">\n<li data-start=\"3701\" data-end=\"3733\">\n<p data-start=\"3703\" data-end=\"3733\"><strong data-start=\"3703\" data-end=\"3733\">18g \u00d7 500 po\u015fet \/ karton<\/strong><\/p>\n<\/li>\n<\/ul>\n<p data-start=\"3735\" data-end=\"3771\">Bu konfig\u00fcrasyon \u015fu ama\u00e7lar i\u00e7in optimize edilmi\u015ftir:<\/p>\n<ul data-start=\"3772\" data-end=\"3871\">\n<li data-start=\"3772\" data-end=\"3805\">\n<p data-start=\"3774\" data-end=\"3805\">Konteyner ba\u015f\u0131na maksimum karton say\u0131s\u0131<\/p>\n<\/li>\n<li data-start=\"3806\" data-end=\"3837\">\n<p data-start=\"3808\" data-end=\"3837\">Birim ba\u015f\u0131na daha d\u00fc\u015f\u00fck navlun maliyeti<\/p>\n<\/li>\n<li data-start=\"3838\" data-end=\"3871\">\n<p data-start=\"3840\" data-end=\"3871\">Rekabet\u00e7i toptan fiyatland\u0131rma<\/p>\n<\/li>\n<\/ul>\n<p data-start=\"3873\" data-end=\"4011\"><strong data-start=\"3873\" data-end=\"3881\">Asgari Sipari\u015f Miktar\u0131:<\/strong> 1 \u00d7 20\u2019 FCL<br data-start=\"3893\" data-end=\"3896\" \/><strong data-start=\"3896\" data-end=\"3912\">Ticaret \u015eartlar\u0131:<\/strong> FOB \/ CFR \/ CIF \u00c7in liman\u0131<br data-start=\"3939\" data-end=\"3942\" \/>Toplu sipari\u015fler stabil fabrika fiyatlar\u0131 ve ayl\u0131k tedarik kapasitesinden faydalan\u0131r.<\/p>\n<hr data-start=\"4013\" data-end=\"4016\" \/>\n<h2 data-start=\"4018\" data-end=\"4057\">18g Domates Po\u015feti \u0130hracat Piyasalar\u0131<\/h2>\n<p data-start=\"4059\" data-end=\"4115\">Bizim <strong data-start=\"4063\" data-end=\"4099\">18g domates po\u015feti fabrikas\u0131 tedariki<\/strong> \u015funlara ihra\u00e7 edilir:<\/p>\n<ul data-start=\"4117\" data-end=\"4268\">\n<li data-start=\"4117\" data-end=\"4142\">\n<p data-start=\"4119\" data-end=\"4142\">Bat\u0131 ve Orta Afrika<\/p>\n<\/li>\n<li data-start=\"4143\" data-end=\"4185\">\n<p data-start=\"4145\" data-end=\"4185\">Orta Do\u011fu geleneksel perakende piyasalar\u0131<\/p>\n<\/li>\n<li data-start=\"4186\" data-end=\"4226\">\n<p data-start=\"4188\" data-end=\"4226\">G\u00fcneydo\u011fu Asya da\u011f\u0131t\u0131m kanallar\u0131<\/p>\n<\/li>\n<li data-start=\"4227\" data-end=\"4268\">\n<p data-start=\"4229\" data-end=\"4268\">D\u00fcnya genelinde se\u00e7ilmi\u015f geli\u015fmekte olan piyasalar<\/p>\n<\/li>\n<\/ul>\n<p data-start=\"4270\" data-end=\"4397\">Etiket dili, Brix konsantrasyonu ve karton i\u015faretleri yerel d\u00fczenlemelere ve t\u00fcketici tercihlerine g\u00f6re ayarlanabilir.<\/p>\n<hr data-start=\"4399\" data-end=\"4402\" \/>\n<h2 data-start=\"4404\" data-end=\"4457\">Tek Bir \u00dcreticiden Tam Domates Po\u015feti Boyutlar\u0131<\/h2>\n<p data-start=\"4459\" data-end=\"4548\">Ek olarak <strong data-start=\"4474\" data-end=\"4496\">18g domates po\u015fetleri<\/strong>, fabrikam\u0131z \u00e7e\u015fitli po\u015fet boyutlar\u0131 sa\u011flar:<\/p>\n<ul data-start=\"4550\" data-end=\"4683\">\n<li data-start=\"4550\" data-end=\"4588\">\n<p data-start=\"4552\" data-end=\"4588\">36g, 40g, 50g, 56g, 70g, 80g, 100g<\/p>\n<\/li>\n<li data-start=\"4589\" data-end=\"4635\">\n<p data-start=\"4591\" data-end=\"4635\">18\u201320%\u2019den 28\u201330%\u2019ye kadar \u00e7e\u015fitli Brix seviyeleri<\/p>\n<\/li>\n<li data-start=\"4636\" data-end=\"4683\">\n<p data-start=\"4638\" data-end=\"4683\">Maliyet odakl\u0131 piyasalara uygun d\u00fcz po\u015fet formatlar\u0131<\/p>\n<\/li>\n<\/ul>\n<p data-start=\"4685\" data-end=\"4777\">Bu, al\u0131c\u0131lar\u0131n tedariki \u015fununla birle\u015ftirmesini sa\u011flar: <strong data-start=\"4733\" data-end=\"4776\">g\u00fcvenilir bir \u00c7in domates sal\u00e7as\u0131 fabrikas\u0131<\/strong>.<\/p>\n<hr data-start=\"4779\" data-end=\"4782\" \/>\n<h2 data-start=\"4784\" data-end=\"4840\">Neden Taichy'yi 18g Domates Po\u015feti Tedarik\u00e7iniz olarak Se\u00e7melisiniz?<\/h2>\n<ul data-start=\"4842\" data-end=\"5124\">\n<li data-start=\"4842\" data-end=\"4915\">\n<p data-start=\"4844\" data-end=\"4915\">\u00dczerinde <strong data-start=\"4849\" data-end=\"4913\">10 y\u0131ll\u0131k domates sal\u00e7as\u0131 \u00fcretim ve ihracat tecr\u00fcbesi<\/strong><\/p>\n<\/li>\n<li data-start=\"4916\" data-end=\"4988\">\n<p data-start=\"4918\" data-end=\"4988\">\u0130stikrarl\u0131 hammadde temini ve g\u00fc\u00e7l\u00fc mevsimlik \u00fcretim kapasitesi<\/p>\n<\/li>\n<li data-start=\"4989\" data-end=\"5031\">\n<p data-start=\"4991\" data-end=\"5031\">Esnek OEM ve \u00f6zel etiket deste\u011fi<\/p>\n<\/li>\n<li data-start=\"5032\" data-end=\"5070\">\n<p data-start=\"5034\" data-end=\"5070\">Rekabet\u00e7i fabrika do\u011frudan fiyatland\u0131rmas\u0131<\/p>\n<\/li>\n<li data-start=\"5071\" data-end=\"5124\">\n<p data-start=\"5073\" data-end=\"5124\">\u0130thalat\u00e7\u0131lar taraf\u0131ndan g\u00fcvenilir <strong data-start=\"5097\" data-end=\"5124\">D\u00fcnyada 30+ \u00fclke<\/strong><\/p>\n<\/li>\n<\/ul>\n<p data-start=\"5126\" data-end=\"5277\">E\u011fer ar\u0131yorsan\u0131z <strong data-start=\"5151\" data-end=\"5203\">g\u00fcvenilir bir \u00c7in 18g domates po\u015feti \u00fcreticisi<\/strong>, Taichy tutarl\u0131l\u0131k, \u00f6l\u00e7eklenebilirlik ve profesyonel ihracat deste\u011fi sunar.<\/p>\n<hr data-start=\"5279\" data-end=\"5282\" \/>\n<h2 data-start=\"5284\" data-end=\"5318\"><a href=\"https:\/\/taichytomato.com\/tr\/contact\/\">Sorgulama ve Toplu Sat\u0131\u015f \u0130\u015fbirli\u011fi<\/a><\/h2>\n<p data-start=\"5320\" data-end=\"5431\">\u0130\u00e7in <strong data-start=\"5324\" data-end=\"5357\">18g domates po\u015feti toptan sipari\u015fler<\/strong>, OEM markalama, fiyatland\u0131rma veya ihracat detaylar\u0131 i\u00e7in sat\u0131\u015f ekibimizle ileti\u015fime ge\u00e7in.<\/p>\n<p data-start=\"5433\" data-end=\"5557\">Verimli tedarik deste\u011fi i\u00e7in numuneler, teknik \u00f6zellikler ve konteyner y\u00fckleme planlar\u0131 sa\u011fl\u0131yoruz\u2014<strong data-start=\"5527\" data-end=\"5556\">do\u011frudan fabrikadan<\/strong>.<\/p>","protected":false},"excerpt":{"rendered":"<p>Brix:18-20%,22-24%,26-28%,28-30%<br \/>\nPaslanmaz\/strese kar\u015f\u0131 dayan\u0131kl\u0131\/nem ge\u00e7irmez teneke kutu Kapa\u011f\u0131<br \/>\nMarka: Tasar\u0131m veya OEM<br \/>\nMinimum Miktar: 1X20ft<br \/>\nTeslimat Detay\u0131: Depozito veya akreditif al\u0131nd\u0131ktan sonra 30-35 g\u00fcn i\u00e7inde. En h\u0131zl\u0131 g\u00f6nderim.<br \/>\nHs Kodu:2002901100<\/p>","protected":false},"featured_media":3296,"template":"","meta":{"_acf_changed":false,"_seopress_robots_primary_cat":"97","_seopress_titles_title":"18g Tomato Paste Sachet-Taichy tomato","_seopress_titles_desc":"18g tomato paste Sachet  Ideal for family cooking and foodservice. OEM\/private label available. FDA, HACCP, ISO, QS certified. Wait for your inquiry.","_seopress_robots_index":"","site-sidebar-layout":"default","site-content-layout":"","ast-site-content-layout":"default","site-content-style":"default","site-sidebar-style":"default","ast-global-header-display":"","ast-banner-title-visibility":"","ast-main-header-display":"","ast-hfb-above-header-display":"","ast-hfb-below-header-display":"","ast-hfb-mobile-header-display":"","site-post-title":"","ast-breadcrumbs-content":"","ast-featured-img":"","footer-sml-layout":"","ast-disable-related-posts":"","theme-transparent-header-meta":"default","adv-header-id-meta":"","stick-header-meta":"","header-above-stick-meta":"","header-main-stick-meta":"","header-below-stick-meta":"","astra-migrate-meta-layouts":"set","ast-page-background-enabled":"default","ast-page-background-meta":{"desktop":{"background-color":"var(--ast-global-color-5)","background-image":"","background-repeat":"repeat","background-position":"center center","background-size":"auto","background-attachment":"scroll","background-type":"","background-media":"","overlay-type":"","overlay-color":"","overlay-opacity":"","overlay-gradient":""},"tablet":{"background-color":"","background-image":"","background-repeat":"repeat","background-position":"center center","background-size":"auto","background-attachment":"scroll","background-type":"","background-media":"","overlay-type":"","overlay-color":"","overlay-opacity":"","overlay-gradient":""},"mobile":{"background-color":"","background-image":"","background-repeat":"repeat","background-position":"center center","background-size":"auto","background-attachment":"scroll","background-type":"","background-media":"","overlay-type":"","overlay-color":"","overlay-opacity":"","overlay-gradient":""}},"ast-content-background-meta":{"desktop":{"background-color":"var(--ast-global-color-4)","background-image":"","background-repeat":"repeat","background-position":"center center","background-size":"auto","background-attachment":"scroll","background-type":"","background-media":"","overlay-type":"","overlay-color":"","overlay-opacity":"","overlay-gradient":""},"tablet":{"background-color":"var(--ast-global-color-4)","background-image":"","background-repeat":"repeat","background-position":"center center","background-size":"auto","background-attachment":"scroll","background-type":"","background-media":"","overlay-type":"","overlay-color":"","overlay-opacity":"","overlay-gradient":""},"mobile":{"background-color":"var(--ast-global-color-4)","background-image":"","background-repeat":"repeat","background-position":"center center","background-size":"auto","background-attachment":"scroll","background-type":"","background-media":"","overlay-type":"","overlay-color":"","overlay-opacity":"","overlay-gradient":""}}},"product_brand":[],"product_cat":[97],"product_tag":[202,168],"class_list":{"0":"post-1038","1":"product","2":"type-product","3":"status-publish","4":"has-post-thumbnail","6":"product_cat-tomato-paste-in-sachet","7":"product_tag-18g-tomato-paste-sachet","8":"product_tag-tomato-sachet","9":"desktop-align-left","10":"tablet-align-left","11":"mobile-align-left","13":"first","14":"instock","15":"sale","16":"shipping-taxable","17":"purchasable","18":"product-type-simple"},"acf":[],"_links":{"self":[{"href":"https:\/\/taichytomato.com\/tr\/wp-json\/wp\/v2\/product\/1038","targetHints":{"allow":["GET"]}}],"collection":[{"href":"https:\/\/taichytomato.com\/tr\/wp-json\/wp\/v2\/product"}],"about":[{"href":"https:\/\/taichytomato.com\/tr\/wp-json\/wp\/v2\/types\/product"}],"version-history":[{"count":0,"href":"https:\/\/taichytomato.com\/tr\/wp-json\/wp\/v2\/product\/1038\/revisions"}],"wp:featuredmedia":[{"embeddable":true,"href":"https:\/\/taichytomato.com\/tr\/wp-json\/wp\/v2\/media\/3296"}],"wp:attachment":[{"href":"https:\/\/taichytomato.com\/tr\/wp-json\/wp\/v2\/media?parent=1038"}],"wp:term":[{"taxonomy":"product_brand","embeddable":true,"href":"https:\/\/taichytomato.com\/tr\/wp-json\/wp\/v2\/product_brand?post=1038"},{"taxonomy":"product_cat","embeddable":true,"href":"https:\/\/taichytomato.com\/tr\/wp-json\/wp\/v2\/product_cat?post=1038"},{"taxonomy":"product_tag","embeddable":true,"href":"https:\/\/taichytomato.com\/tr\/wp-json\/wp\/v2\/product_tag?post=1038"}],"curies":[{"name":"wp","href":"https:\/\/api.w.org\/{rel}","templated":true}]}}